{"id":108185,"date":"2026-03-11T13:43:06","date_gmt":"2026-03-11T12:43:06","guid":{"rendered":"https:\/\/truusk.store\/product\/hogbadd-i-metall-med-klatterstallning-for-klattervaxter-fristaende-eller-for-vaggmontering\/"},"modified":"2026-03-12T08:49:00","modified_gmt":"2026-03-12T07:49:00","slug":"truusk-hogbadd-i-metall-for-klattervaxter-fristaende-eller-for-vaggmontering-modern-design-hog-kvalitet-perfekt-for","status":"publish","type":"product","link":"https:\/\/truusk.store\/sv\/produkt\/truusk-hogbadd-i-metall-for-klattervaxter-fristaende-eller-for-vaggmontering-modern-design-hog-kvalitet-perfekt-for\/","title":{"rendered":"TRUUSK H\u00f6gb\u00e4dd i metall f\u00f6r kl\u00e4tterv\u00e4xter &#8211; Frist\u00e5ende eller f\u00f6r v\u00e4ggmontering &#8211; Modern design &#8211; H\u00f6g kvalitet &#8211; Perfekt f\u00f6r"},"content":{"rendered":"<p>F\u00f6rvandla ditt utomhusomr\u00e5de med [BRAND NAME] planteringsk\u00e4rl i metall, designad med ett insynsskyddspanel och l\u00f6vutsk\u00e4rningsmotiv. Denna metallplanteringsl\u00e5da erbjuder ett rymligt inre m\u00e5tt p\u00e5 59L x 29B x 22H cm och \u00e4r idealisk f\u00f6r att odla v\u00e4xter i upp till 38 liter jord. Dess m\u00e5ngsidiga design m\u00f6jligg\u00f6r b\u00e5de v\u00e4ggmontering och frist\u00e5ende installation, vilket g\u00f6r den till ett charmigt tillskott till varje tr\u00e4dg\u00e5rd.<\/p>\n<p>Beskrivning:<\/p>\n<ul>\n<li> Insynsskyddsv\u00e4gg med l\u00f6vutsk\u00e4rningar fungerar som kl\u00e4tterst\u00f6d<\/li>\n<li> Det inre utrymmet i h\u00f6gkvarteret rymmer 38L jord, vilket garanterar en gener\u00f6s planteringsyta<\/li>\n<li> Dr\u00e4neringssk\u00e5ror i bloml\u00e5dan f\u00f6rhindrar vattenansamlingar och fr\u00e4mjar v\u00e4xternas h\u00e4lsa<\/li>\n<li> Kan monteras p\u00e5 v\u00e4ggen eller anv\u00e4ndas frist\u00e5ende f\u00f6r att garantera m\u00e5ngsidighet<\/li>\n<li> Metallkonstruktion med pulverlackering \u00e4r korrosionsbest\u00e4ndig<\/li>\n<\/ul>\n<p> Tekniska data:<\/p>\n<ul>\n<li> F\u00e4rg: Svart<\/li>\n<li> Material: Metall<\/li>\n<li> Totala dimensioner: 60L x 30B x 113H cm<\/li>\n<li> Inre m\u00e5tt p\u00e5 h\u00f6gkvarteret: 59L x 29B x 22H cm<\/li>\n<li> Storlek p\u00e5 kl\u00e4tterst\u00f6d: 60B x 90H cm<\/li>\n<li> B\u00e4rkapacitet: 10 kg<\/li>\n<li> Artikelnummer: 84H-439V00BK<\/li>\n<\/ul>\n<p>Leveransinneh\u00e5ll:<\/p>\n<ul>\n<li> 1 x h\u00f6gkvarter med kl\u00e4tterst\u00f6d<\/li>\n<li> Expansionskruvar<\/li>\n<li> 1 x bruksanvisning<\/li>\n<\/ul>\n","protected":false},"excerpt":{"rendered":"<p>F\u00f6rvandla ditt utomhusomr\u00e5de med [BRAND NAME] planteringsk\u00e4rl i metall, designad med ett insynsskyddspanel och l\u00f6vutsk\u00e4rningsmotiv. Denna metallplanteringsl\u00e5da erbjuder ett rymligt&#8230;<\/p>\n","protected":false},"featured_media":108173,"template":"","meta":[],"product_brand":[],"product_cat":[924,858,443],"product_tag":[],"class_list":{"0":"post-108185","1":"product","2":"type-product","3":"status-publish","4":"has-post-thumbnail","6":"product_cat-plantkarl","7":"product_cat-tradgard-terrass","8":"product_cat-vaxthus-tradgardsskotsel","10":"first","11":"instock","12":"sale","13":"taxable","14":"shipping-taxable","15":"purchasable","16":"product-type-simple"},"yoast_head":"<!-- This site is optimized with the Yoast SEO plugin v25.4 - https:\/\/yoast.com\/wordpress\/plugins\/seo\/ -->\n<title>TRUUSK H\u00f6gb\u00e4dd i metall f\u00f6r kl\u00e4tterv\u00e4xter - Frist\u00e5ende eller f\u00f6r v\u00e4ggmontering - Modern design - H\u00f6g kvalitet - Perfekt f\u00f6r - TRUUSK - Hem, Tr\u00e4dg\u00e5rd &amp; Fritid<\/title>\n<meta name=\"robots\" content=\"index, follow, max-snippet:-1, max-image-preview:large, max-video-preview:-1\" \/>\n<link rel=\"canonical\" href=\"https:\/\/truusk.store\/sv\/produkt\/truusk-hogbadd-i-metall-for-klattervaxter-fristaende-eller-for-vaggmontering-modern-design-hog-kvalitet-perfekt-for\/\" \/>\n<meta property=\"og:locale\" content=\"sv_SE\" \/>\n<meta property=\"og:type\" content=\"article\" \/>\n<meta property=\"og:title\" content=\"TRUUSK H\u00f6gb\u00e4dd i metall f\u00f6r kl\u00e4tterv\u00e4xter - Frist\u00e5ende eller f\u00f6r v\u00e4ggmontering - Modern design - H\u00f6g kvalitet - Perfekt f\u00f6r - TRUUSK - Hem, Tr\u00e4dg\u00e5rd &amp; Fritid\" \/>\n<meta property=\"og:description\" content=\"F\u00f6rvandla ditt utomhusomr\u00e5de med [BRAND NAME] planteringsk\u00e4rl i metall, designad med ett insynsskyddspanel och l\u00f6vutsk\u00e4rningsmotiv. Denna metallplanteringsl\u00e5da erbjuder ett rymligt...\" \/>\n<meta property=\"og:url\" content=\"https:\/\/truusk.store\/sv\/produkt\/truusk-hogbadd-i-metall-for-klattervaxter-fristaende-eller-for-vaggmontering-modern-design-hog-kvalitet-perfekt-for\/\" \/>\n<meta property=\"og:site_name\" content=\"TRUUSK - Hem, Tr\u00e4dg\u00e5rd &amp; Fritid\" \/>\n<meta property=\"article:modified_time\" content=\"2026-03-12T07:49:00+00:00\" \/>\n<meta property=\"og:image\" content=\"https:\/\/i0.wp.com\/truusk.se\/wp-content\/uploads\/2026\/03\/hogbadd-i-metall-med-klatterstallning-for-klattervaxter-fristaende-eller-for-vaggmontering-1.webp?fit=2000%2C2000&ssl=1\" \/>\n\t<meta property=\"og:image:width\" content=\"2000\" \/>\n\t<meta property=\"og:image:height\" content=\"2000\" \/>\n\t<meta property=\"og:image:type\" content=\"image\/webp\" \/>\n<meta name=\"twitter:card\" content=\"summary_large_image\" \/>\n<meta name=\"twitter:label1\" content=\"Ber\u00e4knad l\u00e4stid\" \/>\n\t<meta name=\"twitter:data1\" content=\"1 minut\" \/>\n<!-- \/ Yoast SEO plugin. -->","yoast_head_json":{"title":"TRUUSK H\u00f6gb\u00e4dd i metall f\u00f6r kl\u00e4tterv\u00e4xter - Frist\u00e5ende eller f\u00f6r v\u00e4ggmontering - Modern design - H\u00f6g kvalitet - Perfekt f\u00f6r - TRUUSK - Hem, Tr\u00e4dg\u00e5rd &amp; Fritid","robots":{"index":"index","follow":"follow","max-snippet":"max-snippet:-1","max-image-preview":"max-image-preview:large","max-video-preview":"max-video-preview:-1"},"canonical":"https:\/\/truusk.store\/sv\/produkt\/truusk-hogbadd-i-metall-for-klattervaxter-fristaende-eller-for-vaggmontering-modern-design-hog-kvalitet-perfekt-for\/","og_locale":"sv_SE","og_type":"article","og_title":"TRUUSK H\u00f6gb\u00e4dd i metall f\u00f6r kl\u00e4tterv\u00e4xter - Frist\u00e5ende eller f\u00f6r v\u00e4ggmontering - Modern design - H\u00f6g kvalitet - Perfekt f\u00f6r - TRUUSK - Hem, Tr\u00e4dg\u00e5rd &amp; Fritid","og_description":"F\u00f6rvandla ditt utomhusomr\u00e5de med [BRAND NAME] planteringsk\u00e4rl i metall, designad med ett insynsskyddspanel och l\u00f6vutsk\u00e4rningsmotiv. Denna metallplanteringsl\u00e5da erbjuder ett rymligt...","og_url":"https:\/\/truusk.store\/sv\/produkt\/truusk-hogbadd-i-metall-for-klattervaxter-fristaende-eller-for-vaggmontering-modern-design-hog-kvalitet-perfekt-for\/","og_site_name":"TRUUSK - Hem, Tr\u00e4dg\u00e5rd &amp; Fritid","article_modified_time":"2026-03-12T07:49:00+00:00","og_image":[{"width":2000,"height":2000,"url":"https:\/\/i0.wp.com\/truusk.se\/wp-content\/uploads\/2026\/03\/hogbadd-i-metall-med-klatterstallning-for-klattervaxter-fristaende-eller-for-vaggmontering-1.webp?fit=2000%2C2000&ssl=1","type":"image\/webp"}],"twitter_card":"summary_large_image","twitter_misc":{"Ber\u00e4knad l\u00e4stid":"1 minut"},"schema":{"@context":"https:\/\/schema.org","@graph":[{"@type":"WebPage","@id":"https:\/\/truusk.store\/sv\/produkt\/truusk-hogbadd-i-metall-for-klattervaxter-fristaende-eller-for-vaggmontering-modern-design-hog-kvalitet-perfekt-for\/","url":"https:\/\/truusk.store\/sv\/produkt\/truusk-hogbadd-i-metall-for-klattervaxter-fristaende-eller-for-vaggmontering-modern-design-hog-kvalitet-perfekt-for\/","name":"TRUUSK H\u00f6gb\u00e4dd i metall f\u00f6r kl\u00e4tterv\u00e4xter - Frist\u00e5ende eller f\u00f6r v\u00e4ggmontering - Modern design - H\u00f6g kvalitet - Perfekt f\u00f6r - TRUUSK - Hem, Tr\u00e4dg\u00e5rd &amp; Fritid","isPartOf":{"@id":"https:\/\/truusk.store\/sv\/#website"},"primaryImageOfPage":{"@id":"https:\/\/truusk.store\/sv\/produkt\/truusk-hogbadd-i-metall-for-klattervaxter-fristaende-eller-for-vaggmontering-modern-design-hog-kvalitet-perfekt-for\/#primaryimage"},"image":{"@id":"https:\/\/truusk.store\/sv\/produkt\/truusk-hogbadd-i-metall-for-klattervaxter-fristaende-eller-for-vaggmontering-modern-design-hog-kvalitet-perfekt-for\/#primaryimage"},"thumbnailUrl":"https:\/\/i0.wp.com\/truusk.store\/wp-content\/uploads\/2026\/03\/hogbadd-i-metall-med-klatterstallning-for-klattervaxter-fristaende-eller-for-vaggmontering-1.webp?fit=2000%2C2000&ssl=1","datePublished":"2026-03-11T12:43:06+00:00","dateModified":"2026-03-12T07:49:00+00:00","breadcrumb":{"@id":"https:\/\/truusk.store\/sv\/produkt\/truusk-hogbadd-i-metall-for-klattervaxter-fristaende-eller-for-vaggmontering-modern-design-hog-kvalitet-perfekt-for\/#breadcrumb"},"inLanguage":"sv-SE","potentialAction":[{"@type":"ReadAction","target":["https:\/\/truusk.store\/sv\/produkt\/truusk-hogbadd-i-metall-for-klattervaxter-fristaende-eller-for-vaggmontering-modern-design-hog-kvalitet-perfekt-for\/"]}]},{"@type":"ImageObject","inLanguage":"sv-SE","@id":"https:\/\/truusk.store\/sv\/produkt\/truusk-hogbadd-i-metall-for-klattervaxter-fristaende-eller-for-vaggmontering-modern-design-hog-kvalitet-perfekt-for\/#primaryimage","url":"https:\/\/i0.wp.com\/truusk.store\/wp-content\/uploads\/2026\/03\/hogbadd-i-metall-med-klatterstallning-for-klattervaxter-fristaende-eller-for-vaggmontering-1.webp?fit=2000%2C2000&ssl=1","contentUrl":"https:\/\/i0.wp.com\/truusk.store\/wp-content\/uploads\/2026\/03\/hogbadd-i-metall-med-klatterstallning-for-klattervaxter-fristaende-eller-for-vaggmontering-1.webp?fit=2000%2C2000&ssl=1","width":2000,"height":2000},{"@type":"BreadcrumbList","@id":"https:\/\/truusk.store\/sv\/produkt\/truusk-hogbadd-i-metall-for-klattervaxter-fristaende-eller-for-vaggmontering-modern-design-hog-kvalitet-perfekt-for\/#breadcrumb","itemListElement":[{"@type":"ListItem","position":1,"name":"Home","item":"https:\/\/truusk.store\/sv\/"},{"@type":"ListItem","position":2,"name":"Shop","item":"https:\/\/truusk.store\/shop\/"},{"@type":"ListItem","position":3,"name":"TRUUSK H\u00f6gb\u00e4dd i metall f\u00f6r kl\u00e4tterv\u00e4xter &#8211; Frist\u00e5ende eller f\u00f6r v\u00e4ggmontering &#8211; Modern design &#8211; H\u00f6g kvalitet &#8211; Perfekt f\u00f6r"}]},{"@type":"WebSite","@id":"https:\/\/truusk.store\/sv\/#website","url":"https:\/\/truusk.store\/sv\/","name":"TRUUSK - Hem, Tr\u00e4dg\u00e5rd & Fritid","description":"","publisher":{"@id":"https:\/\/truusk.store\/sv\/#organization"},"potentialAction":[{"@type":"SearchAction","target":{"@type":"EntryPoint","urlTemplate":"https:\/\/truusk.store\/sv\/?s={search_term_string}"},"query-input":{"@type":"PropertyValueSpecification","valueRequired":true,"valueName":"search_term_string"}}],"inLanguage":"sv-SE"},{"@type":"Organization","@id":"https:\/\/truusk.store\/sv\/#organization","name":"TRUUSK - Hem, Tr\u00e4dg\u00e5rd & Fritid","url":"https:\/\/truusk.store\/sv\/","logo":{"@type":"ImageObject","inLanguage":"sv-SE","@id":"https:\/\/truusk.store\/sv\/#\/schema\/logo\/image\/","url":"https:\/\/i0.wp.com\/truusk.store\/wp-content\/uploads\/2026\/03\/cropped-TRUUSK.png?fit=2032%2C917&ssl=1","contentUrl":"https:\/\/i0.wp.com\/truusk.store\/wp-content\/uploads\/2026\/03\/cropped-TRUUSK.png?fit=2032%2C917&ssl=1","width":2032,"height":917,"caption":"TRUUSK - Hem, Tr\u00e4dg\u00e5rd & Fritid"},"image":{"@id":"https:\/\/truusk.store\/sv\/#\/schema\/logo\/image\/"}}]}},"jetpack_sharing_enabled":true,"_links":{"self":[{"href":"https:\/\/truusk.store\/sv\/wp-json\/wp\/v2\/product\/108185","targetHints":{"allow":["GET"]}}],"collection":[{"href":"https:\/\/truusk.store\/sv\/wp-json\/wp\/v2\/product"}],"about":[{"href":"https:\/\/truusk.store\/sv\/wp-json\/wp\/v2\/types\/product"}],"wp:featuredmedia":[{"embeddable":true,"href":"https:\/\/truusk.store\/sv\/wp-json\/wp\/v2\/media\/108173"}],"wp:attachment":[{"href":"https:\/\/truusk.store\/sv\/wp-json\/wp\/v2\/media?parent=108185"}],"wp:term":[{"taxonomy":"product_brand","embeddable":true,"href":"https:\/\/truusk.store\/sv\/wp-json\/wp\/v2\/product_brand?post=108185"},{"taxonomy":"product_cat","embeddable":true,"href":"https:\/\/truusk.store\/sv\/wp-json\/wp\/v2\/product_cat?post=108185"},{"taxonomy":"product_tag","embeddable":true,"href":"https:\/\/truusk.store\/sv\/wp-json\/wp\/v2\/product_tag?post=108185"}],"curies":[{"name":"wp","href":"https:\/\/api.w.org\/{rel}","templated":true}]}}