{"id":108195,"date":"2026-03-11T13:44:35","date_gmt":"2026-03-11T12:44:35","guid":{"rendered":"https:\/\/truusk.store\/product\/chaiselongue-2-sits-stort-baddsoffa-134-x-151-cm-med-mugg-hallare-for-vardagsrum-gra\/"},"modified":"2026-03-12T08:50:14","modified_gmt":"2026-03-12T07:50:14","slug":"truusk-baddsoffa-2-sits-storlek-134-x-151-cm-mugg-hallare-gra","status":"publish","type":"product","link":"https:\/\/truusk.store\/sv\/produkt\/truusk-baddsoffa-2-sits-storlek-134-x-151-cm-mugg-hallare-gra\/","title":{"rendered":"TRUUSK B\u00e4ddsoffa 2-sits &#8211; Storlek 134 x 151 cm &#8211; Mugg H\u00e5llare &#8211; Gr\u00e5"},"content":{"rendered":"<p>Tr\u00f6tt p\u00e5 tr\u00e5nga kv\u00e4llar och st\u00f6rda filmn\u00e4tter? Du \u00f6nskar dig en tillflyktsort f\u00f6r att verkligen koppla av, men det finns inte plats f\u00f6r tv\u00e5. [BRAND NAME] b\u00e4ddsoffa f\u00f6rvandlar ditt vardagsrum. Dyk in i de mjuka kordkuddarna med 123 cm djup. Inbyggda muggst\u00e4ll s\u00e4kerst\u00e4ller s\u00e4kra drycker och en avslappnad atmosf\u00e4r. Denna soffa \u00e4r din plats f\u00f6r gemensam avkoppling och trevliga stunder.<\/p>\n<p>Beskrivning:<\/p>\n<ul>\n<li> Fickfj\u00e4drar och tjock skum ger molnmjuk mjukhet och l\u00e5ngvarigt st\u00f6d<\/li>\n<li> Inkluderar matchande kuddar f\u00f6r extra komfort och en stilfull, lagerp\u00e5lagd look<\/li>\n<li> Njut av gener\u00f6st utrymme med en extra djup sittplats designad f\u00f6r fullst\u00e4ndig avkoppling<\/li>\n<li> Har dubbla armst\u00f6dsdryckh\u00e5llare f\u00f6r ost\u00f6rda spel- eller filmkv\u00e4llar<\/li>\n<li> Den moderna designen p\u00e5 b\u00e4ddsoffan kompletterar enkelt alla vardagsrumsinredningar eller l\u00e4genhetsdekorationer<\/li>\n<li> En robust ram b\u00e4r upp till 220 kg (484 lbs.) och ger p\u00e5litlig, stabil stabilitet utan vackling<\/li>\n<li> Montera denna b\u00e4ddsoffa p\u00e5 bara 15 minuter med tydliga instruktioner<\/li>\n<\/ul>\n<p> Tekniska specifikationer:<\/p>\n<ul>\n<li> F\u00e4rg: Gr\u00e5<\/li>\n<li> Material: Kord (100% Polyester), skum, flerskiktsplatta, plast<\/li>\n<li> Totala dimensioner: 134B x 151T x 89H cm<\/li>\n<li> Sitsstorlek: 98B x 123T x 45H cm<\/li>\n<li> Sitt tjocklek: 25 cm<\/li>\n<li> Ryggkuddstorlek: 49B x 49T cm<\/li>\n<li> Ryggst\u00f6dsh\u00f6jd: 68 cm<\/li>\n<li> Armst\u00f6dsstorlek: 74L x 18B cm<\/li>\n<li> Armst\u00f6dsh\u00f6jd till sits: 15 cm<\/li>\n<li> Kuddstorlek: 40B x 40T cm(liten), 49B x 49T cm(stor)<\/li>\n<li> Benh\u00f6jd: 8 cm<\/li>\n<li> Belastningskapacitet: 220 kg<\/li>\n<\/ul>\n<p>Leveransinneh\u00e5ll:<\/p>\n<ul>\n<li> 1 x Chaiselongue<\/li>\n<li> 2 x Kuddar<\/li>\n<li> 1 x Instruktioner<\/li>\n<li>VIKTIGT:Vi levererar artikeln till dig gratis till trottoarkanten. Var noga med att ange korrekt adress och telefonnummer..<\/li>\n<\/ul>\n","protected":false},"excerpt":{"rendered":"<p>Tr\u00f6tt p\u00e5 tr\u00e5nga kv\u00e4llar och st\u00f6rda filmn\u00e4tter? Du \u00f6nskar dig en tillflyktsort f\u00f6r att verkligen koppla av, men det finns&#8230;<\/p>\n","protected":false},"featured_media":108186,"template":"","meta":[],"product_brand":[],"product_cat":[871,943,937,910],"product_tag":[],"class_list":{"0":"post-108195","1":"product","2":"type-product","3":"status-publish","4":"has-post-thumbnail","6":"product_cat-hus-hem","7":"product_cat-schlafsofas","8":"product_cat-soffor","9":"product_cat-vardagsrum","11":"first","12":"instock","13":"sale","14":"taxable","15":"shipping-taxable","16":"purchasable","17":"product-type-simple"},"yoast_head":"<!-- This site is optimized with the Yoast SEO plugin v25.4 - https:\/\/yoast.com\/wordpress\/plugins\/seo\/ -->\n<title>TRUUSK B\u00e4ddsoffa 2-sits - Storlek 134 x 151 cm - Mugg H\u00e5llare - Gr\u00e5 - TRUUSK - Hem, Tr\u00e4dg\u00e5rd &amp; Fritid<\/title>\n<meta name=\"robots\" content=\"index, follow, max-snippet:-1, max-image-preview:large, max-video-preview:-1\" \/>\n<link rel=\"canonical\" href=\"https:\/\/truusk.store\/sv\/produkt\/truusk-baddsoffa-2-sits-storlek-134-x-151-cm-mugg-hallare-gra\/\" \/>\n<meta property=\"og:locale\" content=\"sv_SE\" \/>\n<meta property=\"og:type\" content=\"article\" \/>\n<meta property=\"og:title\" content=\"TRUUSK B\u00e4ddsoffa 2-sits - Storlek 134 x 151 cm - Mugg H\u00e5llare - Gr\u00e5 - TRUUSK - Hem, Tr\u00e4dg\u00e5rd &amp; Fritid\" \/>\n<meta property=\"og:description\" content=\"Tr\u00f6tt p\u00e5 tr\u00e5nga kv\u00e4llar och st\u00f6rda filmn\u00e4tter? Du \u00f6nskar dig en tillflyktsort f\u00f6r att verkligen koppla av, men det finns...\" \/>\n<meta property=\"og:url\" content=\"https:\/\/truusk.store\/sv\/produkt\/truusk-baddsoffa-2-sits-storlek-134-x-151-cm-mugg-hallare-gra\/\" \/>\n<meta property=\"og:site_name\" content=\"TRUUSK - Hem, Tr\u00e4dg\u00e5rd &amp; Fritid\" \/>\n<meta property=\"article:modified_time\" content=\"2026-03-12T07:50:14+00:00\" \/>\n<meta property=\"og:image\" content=\"https:\/\/i0.wp.com\/truusk.se\/wp-content\/uploads\/2026\/03\/chaiselongue-2-sits-stort-baddsoffa-134-x-151-cm-med-mugg-hallare-for-vardagsrum-gra-1.webp?fit=2000%2C2000&ssl=1\" \/>\n\t<meta property=\"og:image:width\" content=\"2000\" \/>\n\t<meta property=\"og:image:height\" content=\"2000\" \/>\n\t<meta property=\"og:image:type\" content=\"image\/webp\" \/>\n<meta name=\"twitter:card\" content=\"summary_large_image\" \/>\n<meta name=\"twitter:label1\" content=\"Ber\u00e4knad l\u00e4stid\" \/>\n\t<meta name=\"twitter:data1\" content=\"1 minut\" \/>\n<!-- \/ Yoast SEO plugin. -->","yoast_head_json":{"title":"TRUUSK B\u00e4ddsoffa 2-sits - Storlek 134 x 151 cm - Mugg H\u00e5llare - Gr\u00e5 - TRUUSK - Hem, Tr\u00e4dg\u00e5rd &amp; Fritid","robots":{"index":"index","follow":"follow","max-snippet":"max-snippet:-1","max-image-preview":"max-image-preview:large","max-video-preview":"max-video-preview:-1"},"canonical":"https:\/\/truusk.store\/sv\/produkt\/truusk-baddsoffa-2-sits-storlek-134-x-151-cm-mugg-hallare-gra\/","og_locale":"sv_SE","og_type":"article","og_title":"TRUUSK B\u00e4ddsoffa 2-sits - Storlek 134 x 151 cm - Mugg H\u00e5llare - Gr\u00e5 - TRUUSK - Hem, Tr\u00e4dg\u00e5rd &amp; Fritid","og_description":"Tr\u00f6tt p\u00e5 tr\u00e5nga kv\u00e4llar och st\u00f6rda filmn\u00e4tter? Du \u00f6nskar dig en tillflyktsort f\u00f6r att verkligen koppla av, men det finns...","og_url":"https:\/\/truusk.store\/sv\/produkt\/truusk-baddsoffa-2-sits-storlek-134-x-151-cm-mugg-hallare-gra\/","og_site_name":"TRUUSK - Hem, Tr\u00e4dg\u00e5rd &amp; Fritid","article_modified_time":"2026-03-12T07:50:14+00:00","og_image":[{"width":2000,"height":2000,"url":"https:\/\/i0.wp.com\/truusk.se\/wp-content\/uploads\/2026\/03\/chaiselongue-2-sits-stort-baddsoffa-134-x-151-cm-med-mugg-hallare-for-vardagsrum-gra-1.webp?fit=2000%2C2000&ssl=1","type":"image\/webp"}],"twitter_card":"summary_large_image","twitter_misc":{"Ber\u00e4knad l\u00e4stid":"1 minut"},"schema":{"@context":"https:\/\/schema.org","@graph":[{"@type":"WebPage","@id":"https:\/\/truusk.store\/sv\/produkt\/truusk-baddsoffa-2-sits-storlek-134-x-151-cm-mugg-hallare-gra\/","url":"https:\/\/truusk.store\/sv\/produkt\/truusk-baddsoffa-2-sits-storlek-134-x-151-cm-mugg-hallare-gra\/","name":"TRUUSK B\u00e4ddsoffa 2-sits - Storlek 134 x 151 cm - Mugg H\u00e5llare - Gr\u00e5 - TRUUSK - Hem, Tr\u00e4dg\u00e5rd &amp; Fritid","isPartOf":{"@id":"https:\/\/truusk.store\/sv\/#website"},"primaryImageOfPage":{"@id":"https:\/\/truusk.store\/sv\/produkt\/truusk-baddsoffa-2-sits-storlek-134-x-151-cm-mugg-hallare-gra\/#primaryimage"},"image":{"@id":"https:\/\/truusk.store\/sv\/produkt\/truusk-baddsoffa-2-sits-storlek-134-x-151-cm-mugg-hallare-gra\/#primaryimage"},"thumbnailUrl":"https:\/\/i0.wp.com\/truusk.store\/wp-content\/uploads\/2026\/03\/chaiselongue-2-sits-stort-baddsoffa-134-x-151-cm-med-mugg-hallare-for-vardagsrum-gra-1.webp?fit=2000%2C2000&ssl=1","datePublished":"2026-03-11T12:44:35+00:00","dateModified":"2026-03-12T07:50:14+00:00","breadcrumb":{"@id":"https:\/\/truusk.store\/sv\/produkt\/truusk-baddsoffa-2-sits-storlek-134-x-151-cm-mugg-hallare-gra\/#breadcrumb"},"inLanguage":"sv-SE","potentialAction":[{"@type":"ReadAction","target":["https:\/\/truusk.store\/sv\/produkt\/truusk-baddsoffa-2-sits-storlek-134-x-151-cm-mugg-hallare-gra\/"]}]},{"@type":"ImageObject","inLanguage":"sv-SE","@id":"https:\/\/truusk.store\/sv\/produkt\/truusk-baddsoffa-2-sits-storlek-134-x-151-cm-mugg-hallare-gra\/#primaryimage","url":"https:\/\/i0.wp.com\/truusk.store\/wp-content\/uploads\/2026\/03\/chaiselongue-2-sits-stort-baddsoffa-134-x-151-cm-med-mugg-hallare-for-vardagsrum-gra-1.webp?fit=2000%2C2000&ssl=1","contentUrl":"https:\/\/i0.wp.com\/truusk.store\/wp-content\/uploads\/2026\/03\/chaiselongue-2-sits-stort-baddsoffa-134-x-151-cm-med-mugg-hallare-for-vardagsrum-gra-1.webp?fit=2000%2C2000&ssl=1","width":2000,"height":2000},{"@type":"BreadcrumbList","@id":"https:\/\/truusk.store\/sv\/produkt\/truusk-baddsoffa-2-sits-storlek-134-x-151-cm-mugg-hallare-gra\/#breadcrumb","itemListElement":[{"@type":"ListItem","position":1,"name":"Home","item":"https:\/\/truusk.store\/sv\/"},{"@type":"ListItem","position":2,"name":"Shop","item":"https:\/\/truusk.store\/shop\/"},{"@type":"ListItem","position":3,"name":"TRUUSK B\u00e4ddsoffa 2-sits &#8211; Storlek 134 x 151 cm &#8211; Mugg H\u00e5llare &#8211; Gr\u00e5"}]},{"@type":"WebSite","@id":"https:\/\/truusk.store\/sv\/#website","url":"https:\/\/truusk.store\/sv\/","name":"TRUUSK - Hem, Tr\u00e4dg\u00e5rd & Fritid","description":"","publisher":{"@id":"https:\/\/truusk.store\/sv\/#organization"},"potentialAction":[{"@type":"SearchAction","target":{"@type":"EntryPoint","urlTemplate":"https:\/\/truusk.store\/sv\/?s={search_term_string}"},"query-input":{"@type":"PropertyValueSpecification","valueRequired":true,"valueName":"search_term_string"}}],"inLanguage":"sv-SE"},{"@type":"Organization","@id":"https:\/\/truusk.store\/sv\/#organization","name":"TRUUSK - Hem, Tr\u00e4dg\u00e5rd & Fritid","url":"https:\/\/truusk.store\/sv\/","logo":{"@type":"ImageObject","inLanguage":"sv-SE","@id":"https:\/\/truusk.store\/sv\/#\/schema\/logo\/image\/","url":"https:\/\/i0.wp.com\/truusk.store\/wp-content\/uploads\/2026\/03\/cropped-TRUUSK.png?fit=2032%2C917&ssl=1","contentUrl":"https:\/\/i0.wp.com\/truusk.store\/wp-content\/uploads\/2026\/03\/cropped-TRUUSK.png?fit=2032%2C917&ssl=1","width":2032,"height":917,"caption":"TRUUSK - Hem, Tr\u00e4dg\u00e5rd & Fritid"},"image":{"@id":"https:\/\/truusk.store\/sv\/#\/schema\/logo\/image\/"}}]}},"jetpack_sharing_enabled":true,"_links":{"self":[{"href":"https:\/\/truusk.store\/sv\/wp-json\/wp\/v2\/product\/108195","targetHints":{"allow":["GET"]}}],"collection":[{"href":"https:\/\/truusk.store\/sv\/wp-json\/wp\/v2\/product"}],"about":[{"href":"https:\/\/truusk.store\/sv\/wp-json\/wp\/v2\/types\/product"}],"wp:featuredmedia":[{"embeddable":true,"href":"https:\/\/truusk.store\/sv\/wp-json\/wp\/v2\/media\/108186"}],"wp:attachment":[{"href":"https:\/\/truusk.store\/sv\/wp-json\/wp\/v2\/media?parent=108195"}],"wp:term":[{"taxonomy":"product_brand","embeddable":true,"href":"https:\/\/truusk.store\/sv\/wp-json\/wp\/v2\/product_brand?post=108195"},{"taxonomy":"product_cat","embeddable":true,"href":"https:\/\/truusk.store\/sv\/wp-json\/wp\/v2\/product_cat?post=108195"},{"taxonomy":"product_tag","embeddable":true,"href":"https:\/\/truusk.store\/sv\/wp-json\/wp\/v2\/product_tag?post=108195"}],"curies":[{"name":"wp","href":"https:\/\/api.w.org\/{rel}","templated":true}]}}