{"id":108205,"date":"2026-03-11T13:46:24","date_gmt":"2026-03-11T12:46:24","guid":{"rendered":"https:\/\/truusk.store\/product\/kommersiell-ismaskin-45-kg-24-timmar-rostfritt-stal-med-15-kg-lagring-sjalvrengoring-silver\/"},"modified":"2026-03-12T08:50:49","modified_gmt":"2026-03-12T07:50:49","slug":"truusk-kommerciell-ismaskin-45-kg-24-timmar-rostfritt-stal-15-kg-lagring-sjalvrengoring-silver","status":"publish","type":"product","link":"https:\/\/truusk.store\/sv\/produkt\/truusk-kommerciell-ismaskin-45-kg-24-timmar-rostfritt-stal-15-kg-lagring-sjalvrengoring-silver\/","title":{"rendered":"TRUUSK Kommerciell Ismaskin 45 Kg\/24 Timmar &#8211; Rostfritt St\u00e5l &#8211; 15 Kg Lagring &#8211; Sj\u00e4lvreng\u00f6ring &#8211; Silver"},"content":{"rendered":"<p>Inget mer is under rusningstider saktar ner servicen och irriterar g\u00e4sterna. [BRAND NAME]-isberedaren levererar konstant h\u00f6ga produktionsm\u00e4ngder, h\u00e5ller drycker fl\u00f6dande och minskar oklarheter med LCD-panelen. Ismaskinens automatiska reng\u00f6ringsfunktion st\u00f6der hygien. Idealisk f\u00f6r upptagna k\u00f6k och barer, garanterar den tillf\u00f6rlitlighet, effektivare processer och s\u00e4kerhet vid pl\u00f6tslig efterfr\u00e5gan.<\/p>\n<p>Beskrivning:<\/p>\n<ul>\n<li> Producerar dagligen 45 kg is med 13 kg lagringskapacitet f\u00f6r h\u00f6g efterfr\u00e5gan i hush\u00e5ll, restauranger, barer, hotell, livsmedelsbutiker och mer<\/li>\n<li> Intuitiv LCD \u00f6vervakar omgivningstemperaturen och varnar vid vattenbrist\/full is<\/li>\n<li> Anpassning av istjockleken genom att \u00e4ndra cykeltiden med anv\u00e4ndarv\u00e4nliga knappar samt 24-timmars timer, sj\u00e4lvreng\u00f6ringsfunktion och inre LED-lampor<\/li>\n<li> Automatiskt sj\u00e4lvreng\u00f6ringsprogram h\u00e5ller denna ismaskin perfekt hygienisk<\/li>\n<li> Inbyggda bl\u00e5 LED-lampor i ismaskinen belyser det 30 L inre f\u00f6r enkel skopning<\/li>\n<li> Trelagers isolering h\u00e5ller isen frusen l\u00e4ngre f\u00f6r en okomplicerad upplevelse<\/li>\n<li> Vattenanslutning kr\u00e4vs, utrustad med koppling, vatteninlopp, -utlopp och kl\u00e4mma<\/li>\n<\/ul>\n<p> Tekniska specifikationer:<\/p>\n<ul>\n<li> F\u00e4rg: Silverf\u00e4rgad<\/li>\n<li> Material: Rostfritt st\u00e5l<\/li>\n<li> M\u00e5tt: 45B x 40D x 80H cm<\/li>\n<li> Isstorlek: 21L x 21B x 21D mm<\/li>\n<li> Isproduktion: 45 kg\/dag, 45 bitar\/12\u201320 minuter<\/li>\n<li> Vattentankvolym: 1,3 L<\/li>\n<li> Istankkapacitet: 30 L, 13 kg<\/li>\n<li> Sp\u00e4nning: AC 220-240V 50Hz<\/li>\n<li> Effekt: 300W (isproduktion), 310W (issm\u00e4ltning)<\/li>\n<li> Max ljud: 55 db<\/li>\n<li> Drifttemperatur: 10\u201338\u00b0C<\/li>\n<li> Vattentemperatur: 5\u201335\u00b0C<\/li>\n<\/ul>\n<p>Leveransinneh\u00e5ll:<\/p>\n<ul>\n<li> 1 x Kommersiell ismaskin<\/li>\n<li> 1 x Vatteninloppsslang<\/li>\n<li> 1 x Avloppsslang<\/li>\n<li> 1 x Isskopa<\/li>\n<li> 1 x Koppling<\/li>\n<li> 1 x Kl\u00e4mma<\/li>\n<li> 1 x Bruksanvisning<\/li>\n<\/ul>\n","protected":false},"excerpt":{"rendered":"<p>Inget mer is under rusningstider saktar ner servicen och irriterar g\u00e4sterna. [BRAND NAME]-isberedaren levererar konstant h\u00f6ga produktionsm\u00e4ngder, h\u00e5ller drycker fl\u00f6dande&#8230;<\/p>\n","protected":false},"featured_media":108196,"template":"","meta":[],"product_brand":[],"product_cat":[1039,871,498,933],"product_tag":[],"class_list":{"0":"post-108205","1":"product","2":"type-product","3":"status-publish","4":"has-post-thumbnail","6":"product_cat-eiswurfelmaschinen","7":"product_cat-hus-hem","8":"product_cat-hushallsapparater","9":"product_cat-koksapparater","11":"first","12":"instock","13":"sale","14":"taxable","15":"shipping-taxable","16":"purchasable","17":"product-type-simple"},"yoast_head":"<!-- This site is optimized with the Yoast SEO plugin v25.4 - https:\/\/yoast.com\/wordpress\/plugins\/seo\/ -->\n<title>TRUUSK Kommerciell Ismaskin 45 Kg\/24 Timmar - Rostfritt St\u00e5l - 15 Kg Lagring - Sj\u00e4lvreng\u00f6ring - Silver - TRUUSK - Hem, Tr\u00e4dg\u00e5rd &amp; Fritid<\/title>\n<meta name=\"robots\" content=\"index, follow, max-snippet:-1, max-image-preview:large, max-video-preview:-1\" \/>\n<link rel=\"canonical\" href=\"https:\/\/truusk.store\/sv\/produkt\/truusk-kommerciell-ismaskin-45-kg-24-timmar-rostfritt-stal-15-kg-lagring-sjalvrengoring-silver\/\" \/>\n<meta property=\"og:locale\" content=\"sv_SE\" \/>\n<meta property=\"og:type\" content=\"article\" \/>\n<meta property=\"og:title\" content=\"TRUUSK Kommerciell Ismaskin 45 Kg\/24 Timmar - Rostfritt St\u00e5l - 15 Kg Lagring - Sj\u00e4lvreng\u00f6ring - Silver - TRUUSK - Hem, Tr\u00e4dg\u00e5rd &amp; Fritid\" \/>\n<meta property=\"og:description\" content=\"Inget mer is under rusningstider saktar ner servicen och irriterar g\u00e4sterna. [BRAND NAME]-isberedaren levererar konstant h\u00f6ga produktionsm\u00e4ngder, h\u00e5ller drycker fl\u00f6dande...\" \/>\n<meta property=\"og:url\" content=\"https:\/\/truusk.store\/sv\/produkt\/truusk-kommerciell-ismaskin-45-kg-24-timmar-rostfritt-stal-15-kg-lagring-sjalvrengoring-silver\/\" \/>\n<meta property=\"og:site_name\" content=\"TRUUSK - Hem, Tr\u00e4dg\u00e5rd &amp; Fritid\" \/>\n<meta property=\"article:modified_time\" content=\"2026-03-12T07:50:49+00:00\" \/>\n<meta property=\"og:image\" content=\"https:\/\/i0.wp.com\/truusk.se\/wp-content\/uploads\/2026\/03\/kommersiell-ismaskin-45-kg-24-timmar-rostfritt-stal-med-15-kg-lagring-sjalvrengoring-silver-1.webp?fit=2000%2C2000&ssl=1\" \/>\n\t<meta property=\"og:image:width\" content=\"2000\" \/>\n\t<meta property=\"og:image:height\" content=\"2000\" \/>\n\t<meta property=\"og:image:type\" content=\"image\/webp\" \/>\n<meta name=\"twitter:card\" content=\"summary_large_image\" \/>\n<meta name=\"twitter:label1\" content=\"Ber\u00e4knad l\u00e4stid\" \/>\n\t<meta name=\"twitter:data1\" content=\"1 minut\" \/>\n<!-- \/ Yoast SEO plugin. -->","yoast_head_json":{"title":"TRUUSK Kommerciell Ismaskin 45 Kg\/24 Timmar - Rostfritt St\u00e5l - 15 Kg Lagring - Sj\u00e4lvreng\u00f6ring - Silver - TRUUSK - Hem, Tr\u00e4dg\u00e5rd &amp; Fritid","robots":{"index":"index","follow":"follow","max-snippet":"max-snippet:-1","max-image-preview":"max-image-preview:large","max-video-preview":"max-video-preview:-1"},"canonical":"https:\/\/truusk.store\/sv\/produkt\/truusk-kommerciell-ismaskin-45-kg-24-timmar-rostfritt-stal-15-kg-lagring-sjalvrengoring-silver\/","og_locale":"sv_SE","og_type":"article","og_title":"TRUUSK Kommerciell Ismaskin 45 Kg\/24 Timmar - Rostfritt St\u00e5l - 15 Kg Lagring - Sj\u00e4lvreng\u00f6ring - Silver - TRUUSK - Hem, Tr\u00e4dg\u00e5rd &amp; Fritid","og_description":"Inget mer is under rusningstider saktar ner servicen och irriterar g\u00e4sterna. [BRAND NAME]-isberedaren levererar konstant h\u00f6ga produktionsm\u00e4ngder, h\u00e5ller drycker fl\u00f6dande...","og_url":"https:\/\/truusk.store\/sv\/produkt\/truusk-kommerciell-ismaskin-45-kg-24-timmar-rostfritt-stal-15-kg-lagring-sjalvrengoring-silver\/","og_site_name":"TRUUSK - Hem, Tr\u00e4dg\u00e5rd &amp; Fritid","article_modified_time":"2026-03-12T07:50:49+00:00","og_image":[{"width":2000,"height":2000,"url":"https:\/\/i0.wp.com\/truusk.se\/wp-content\/uploads\/2026\/03\/kommersiell-ismaskin-45-kg-24-timmar-rostfritt-stal-med-15-kg-lagring-sjalvrengoring-silver-1.webp?fit=2000%2C2000&ssl=1","type":"image\/webp"}],"twitter_card":"summary_large_image","twitter_misc":{"Ber\u00e4knad l\u00e4stid":"1 minut"},"schema":{"@context":"https:\/\/schema.org","@graph":[{"@type":"WebPage","@id":"https:\/\/truusk.store\/sv\/produkt\/truusk-kommerciell-ismaskin-45-kg-24-timmar-rostfritt-stal-15-kg-lagring-sjalvrengoring-silver\/","url":"https:\/\/truusk.store\/sv\/produkt\/truusk-kommerciell-ismaskin-45-kg-24-timmar-rostfritt-stal-15-kg-lagring-sjalvrengoring-silver\/","name":"TRUUSK Kommerciell Ismaskin 45 Kg\/24 Timmar - Rostfritt St\u00e5l - 15 Kg Lagring - Sj\u00e4lvreng\u00f6ring - Silver - TRUUSK - Hem, Tr\u00e4dg\u00e5rd &amp; Fritid","isPartOf":{"@id":"https:\/\/truusk.store\/sv\/#website"},"primaryImageOfPage":{"@id":"https:\/\/truusk.store\/sv\/produkt\/truusk-kommerciell-ismaskin-45-kg-24-timmar-rostfritt-stal-15-kg-lagring-sjalvrengoring-silver\/#primaryimage"},"image":{"@id":"https:\/\/truusk.store\/sv\/produkt\/truusk-kommerciell-ismaskin-45-kg-24-timmar-rostfritt-stal-15-kg-lagring-sjalvrengoring-silver\/#primaryimage"},"thumbnailUrl":"https:\/\/i0.wp.com\/truusk.store\/wp-content\/uploads\/2026\/03\/kommersiell-ismaskin-45-kg-24-timmar-rostfritt-stal-med-15-kg-lagring-sjalvrengoring-silver-1.webp?fit=2000%2C2000&ssl=1","datePublished":"2026-03-11T12:46:24+00:00","dateModified":"2026-03-12T07:50:49+00:00","breadcrumb":{"@id":"https:\/\/truusk.store\/sv\/produkt\/truusk-kommerciell-ismaskin-45-kg-24-timmar-rostfritt-stal-15-kg-lagring-sjalvrengoring-silver\/#breadcrumb"},"inLanguage":"sv-SE","potentialAction":[{"@type":"ReadAction","target":["https:\/\/truusk.store\/sv\/produkt\/truusk-kommerciell-ismaskin-45-kg-24-timmar-rostfritt-stal-15-kg-lagring-sjalvrengoring-silver\/"]}]},{"@type":"ImageObject","inLanguage":"sv-SE","@id":"https:\/\/truusk.store\/sv\/produkt\/truusk-kommerciell-ismaskin-45-kg-24-timmar-rostfritt-stal-15-kg-lagring-sjalvrengoring-silver\/#primaryimage","url":"https:\/\/i0.wp.com\/truusk.store\/wp-content\/uploads\/2026\/03\/kommersiell-ismaskin-45-kg-24-timmar-rostfritt-stal-med-15-kg-lagring-sjalvrengoring-silver-1.webp?fit=2000%2C2000&ssl=1","contentUrl":"https:\/\/i0.wp.com\/truusk.store\/wp-content\/uploads\/2026\/03\/kommersiell-ismaskin-45-kg-24-timmar-rostfritt-stal-med-15-kg-lagring-sjalvrengoring-silver-1.webp?fit=2000%2C2000&ssl=1","width":2000,"height":2000},{"@type":"BreadcrumbList","@id":"https:\/\/truusk.store\/sv\/produkt\/truusk-kommerciell-ismaskin-45-kg-24-timmar-rostfritt-stal-15-kg-lagring-sjalvrengoring-silver\/#breadcrumb","itemListElement":[{"@type":"ListItem","position":1,"name":"Home","item":"https:\/\/truusk.store\/sv\/"},{"@type":"ListItem","position":2,"name":"Shop","item":"https:\/\/truusk.store\/shop\/"},{"@type":"ListItem","position":3,"name":"TRUUSK Kommerciell Ismaskin 45 Kg\/24 Timmar &#8211; Rostfritt St\u00e5l &#8211; 15 Kg Lagring &#8211; Sj\u00e4lvreng\u00f6ring &#8211; Silver"}]},{"@type":"WebSite","@id":"https:\/\/truusk.store\/sv\/#website","url":"https:\/\/truusk.store\/sv\/","name":"TRUUSK - Hem, Tr\u00e4dg\u00e5rd & Fritid","description":"","publisher":{"@id":"https:\/\/truusk.store\/sv\/#organization"},"potentialAction":[{"@type":"SearchAction","target":{"@type":"EntryPoint","urlTemplate":"https:\/\/truusk.store\/sv\/?s={search_term_string}"},"query-input":{"@type":"PropertyValueSpecification","valueRequired":true,"valueName":"search_term_string"}}],"inLanguage":"sv-SE"},{"@type":"Organization","@id":"https:\/\/truusk.store\/sv\/#organization","name":"TRUUSK - Hem, Tr\u00e4dg\u00e5rd & Fritid","url":"https:\/\/truusk.store\/sv\/","logo":{"@type":"ImageObject","inLanguage":"sv-SE","@id":"https:\/\/truusk.store\/sv\/#\/schema\/logo\/image\/","url":"https:\/\/i0.wp.com\/truusk.store\/wp-content\/uploads\/2026\/03\/cropped-TRUUSK.png?fit=2032%2C917&ssl=1","contentUrl":"https:\/\/i0.wp.com\/truusk.store\/wp-content\/uploads\/2026\/03\/cropped-TRUUSK.png?fit=2032%2C917&ssl=1","width":2032,"height":917,"caption":"TRUUSK - Hem, Tr\u00e4dg\u00e5rd & Fritid"},"image":{"@id":"https:\/\/truusk.store\/sv\/#\/schema\/logo\/image\/"}}]}},"jetpack_sharing_enabled":true,"_links":{"self":[{"href":"https:\/\/truusk.store\/sv\/wp-json\/wp\/v2\/product\/108205","targetHints":{"allow":["GET"]}}],"collection":[{"href":"https:\/\/truusk.store\/sv\/wp-json\/wp\/v2\/product"}],"about":[{"href":"https:\/\/truusk.store\/sv\/wp-json\/wp\/v2\/types\/product"}],"wp:featuredmedia":[{"embeddable":true,"href":"https:\/\/truusk.store\/sv\/wp-json\/wp\/v2\/media\/108196"}],"wp:attachment":[{"href":"https:\/\/truusk.store\/sv\/wp-json\/wp\/v2\/media?parent=108205"}],"wp:term":[{"taxonomy":"product_brand","embeddable":true,"href":"https:\/\/truusk.store\/sv\/wp-json\/wp\/v2\/product_brand?post=108205"},{"taxonomy":"product_cat","embeddable":true,"href":"https:\/\/truusk.store\/sv\/wp-json\/wp\/v2\/product_cat?post=108205"},{"taxonomy":"product_tag","embeddable":true,"href":"https:\/\/truusk.store\/sv\/wp-json\/wp\/v2\/product_tag?post=108205"}],"curies":[{"name":"wp","href":"https:\/\/api.w.org\/{rel}","templated":true}]}}