{"id":108206,"date":"2026-03-11T13:46:34","date_gmt":"2026-03-11T12:46:34","guid":{"rendered":"https:\/\/truusk.store\/product\/utdragbart-matbord-80-120-cm-for-4-6-personer-utrymmesbesparande-koksbord-med-enkel-utdragbar-funktion-natur\/"},"modified":"2026-03-12T08:50:57","modified_gmt":"2026-03-12T07:50:57","slug":"truusk-utdragbart-matbord-80-120-cm-for-4-6-personer-enkel-utdragbar-funktion-natur-utrymmesbesparande","status":"publish","type":"product","link":"https:\/\/truusk.store\/sv\/produkt\/truusk-utdragbart-matbord-80-120-cm-for-4-6-personer-enkel-utdragbar-funktion-natur-utrymmesbesparande\/","title":{"rendered":"TRUUSK Utdragbart Matbord 80-120 cm &#8211; F\u00f6r 4-6 Personer &#8211; Enkel Utdragbar Funktion &#8211; Natur &#8211; Utrymmesbesparande"},"content":{"rendered":"<p>Sm\u00e5 matplatser k\u00e4nns ofta tr\u00e5nga n\u00e4r g\u00e4ster kommer och utrymmet blir knappt. Det kan g\u00f6ra m\u00e5ltiderna stressiga. [BRAND NAME] matbord med utdragbar funktion kan utvidgas fr\u00e5n 80 cm till 120 cm och rymmer upp till sex personer. Med st\u00e5lram och robust skiva kombinerar den stabilitet och minimalistisk design f\u00f6r avslappnad och flexibel matlagning.<\/p>\n<p>Beskrivning:<\/p>\n<ul>\n<li> Utdragbart matbord utvidgas fr\u00e5n 80 till 120 cm och rymmer fyra till sex personer<\/li>\n<li> Utrymmesbesparande utdragbar funktion av matbordet passar f\u00f6r sm\u00e5 l\u00e4genheter och frukosth\u00f6rnor<\/li>\n<li> Robust st\u00e5lram med 1,8 cm tjock bordsskiva b\u00e4r dagliga familjem\u00e5ltider<\/li>\n<li> Halkfria fotdynor p\u00e5 k\u00f6ksbordet skyddar golv och h\u00e5ller matbordet stabilt<\/li>\n<li> Rent vitt finish ljusar upp rum med modern minimalistisk stil<\/li>\n<li> M\u00e5ngsidigt matbord fungerar ocks\u00e5 som arbetsplats, l\u00e4xstation eller f\u00f6r spelkv\u00e4llar<\/li>\n<li> Vattenavvisande melaminyta kan enkelt torkas av efter daglig smuts<\/li>\n<li> Montering kr\u00e4vs<\/li>\n<\/ul>\n<p> Tekniska data:<\/p>\n<ul>\n<li> F\u00e4rg: Vit<\/li>\n<li> Material: MDF, St\u00e5l<\/li>\n<li> Totala dimensioner: 120B x 70T x 74H cm (utdragen), 80B x 70T x 74H cm (indragna)<\/li>\n<li> Tjocklek p\u00e5 bordsskivan: 1,8 cm<\/li>\n<li> Total b\u00e4rkapacitet: 50 kg<\/li>\n<\/ul>\n<p>Leverans inneh\u00e5ller:<\/p>\n<ul>\n<li> 1 x Utdragbart matbord<\/li>\n<li> 1 x Bruksanvisning<\/li>\n<\/ul>\n","protected":false},"excerpt":{"rendered":"<p>Sm\u00e5 matplatser k\u00e4nns ofta tr\u00e5nga n\u00e4r g\u00e4ster kommer och utrymmet blir knappt. Det kan g\u00f6ra m\u00e5ltiderna stressiga. [BRAND NAME] matbord&#8230;<\/p>\n","protected":false},"featured_media":0,"template":"","meta":[],"product_brand":[],"product_cat":[871,889,509],"product_tag":[],"class_list":{"0":"post-108206","1":"product","2":"type-product","3":"status-publish","5":"product_cat-hus-hem","6":"product_cat-kok-matsal","7":"product_cat-matbord","9":"first","10":"instock","11":"sale","12":"taxable","13":"shipping-taxable","14":"purchasable","15":"product-type-simple"},"yoast_head":"<!-- This site is optimized with the Yoast SEO plugin v25.4 - https:\/\/yoast.com\/wordpress\/plugins\/seo\/ -->\n<title>TRUUSK Utdragbart Matbord 80-120 cm - F\u00f6r 4-6 Personer - Enkel Utdragbar Funktion - Natur - Utrymmesbesparande - TRUUSK - Hem, Tr\u00e4dg\u00e5rd &amp; Fritid<\/title>\n<meta name=\"robots\" content=\"index, follow, max-snippet:-1, max-image-preview:large, max-video-preview:-1\" \/>\n<link rel=\"canonical\" href=\"https:\/\/truusk.store\/sv\/produkt\/truusk-utdragbart-matbord-80-120-cm-for-4-6-personer-enkel-utdragbar-funktion-natur-utrymmesbesparande\/\" \/>\n<meta property=\"og:locale\" content=\"sv_SE\" \/>\n<meta property=\"og:type\" content=\"article\" \/>\n<meta property=\"og:title\" content=\"TRUUSK Utdragbart Matbord 80-120 cm - F\u00f6r 4-6 Personer - Enkel Utdragbar Funktion - Natur - Utrymmesbesparande - TRUUSK - Hem, Tr\u00e4dg\u00e5rd &amp; Fritid\" \/>\n<meta property=\"og:description\" content=\"Sm\u00e5 matplatser k\u00e4nns ofta tr\u00e5nga n\u00e4r g\u00e4ster kommer och utrymmet blir knappt. Det kan g\u00f6ra m\u00e5ltiderna stressiga. [BRAND NAME] matbord...\" \/>\n<meta property=\"og:url\" content=\"https:\/\/truusk.store\/sv\/produkt\/truusk-utdragbart-matbord-80-120-cm-for-4-6-personer-enkel-utdragbar-funktion-natur-utrymmesbesparande\/\" \/>\n<meta property=\"og:site_name\" content=\"TRUUSK - Hem, Tr\u00e4dg\u00e5rd &amp; Fritid\" \/>\n<meta property=\"article:modified_time\" content=\"2026-03-12T07:50:57+00:00\" \/>\n<meta name=\"twitter:card\" content=\"summary_large_image\" \/>\n<meta name=\"twitter:label1\" content=\"Ber\u00e4knad l\u00e4stid\" \/>\n\t<meta name=\"twitter:data1\" content=\"1 minut\" \/>\n<!-- \/ Yoast SEO plugin. -->","yoast_head_json":{"title":"TRUUSK Utdragbart Matbord 80-120 cm - F\u00f6r 4-6 Personer - Enkel Utdragbar Funktion - Natur - Utrymmesbesparande - TRUUSK - Hem, Tr\u00e4dg\u00e5rd &amp; Fritid","robots":{"index":"index","follow":"follow","max-snippet":"max-snippet:-1","max-image-preview":"max-image-preview:large","max-video-preview":"max-video-preview:-1"},"canonical":"https:\/\/truusk.store\/sv\/produkt\/truusk-utdragbart-matbord-80-120-cm-for-4-6-personer-enkel-utdragbar-funktion-natur-utrymmesbesparande\/","og_locale":"sv_SE","og_type":"article","og_title":"TRUUSK Utdragbart Matbord 80-120 cm - F\u00f6r 4-6 Personer - Enkel Utdragbar Funktion - Natur - Utrymmesbesparande - TRUUSK - Hem, Tr\u00e4dg\u00e5rd &amp; Fritid","og_description":"Sm\u00e5 matplatser k\u00e4nns ofta tr\u00e5nga n\u00e4r g\u00e4ster kommer och utrymmet blir knappt. Det kan g\u00f6ra m\u00e5ltiderna stressiga. [BRAND NAME] matbord...","og_url":"https:\/\/truusk.store\/sv\/produkt\/truusk-utdragbart-matbord-80-120-cm-for-4-6-personer-enkel-utdragbar-funktion-natur-utrymmesbesparande\/","og_site_name":"TRUUSK - Hem, Tr\u00e4dg\u00e5rd &amp; Fritid","article_modified_time":"2026-03-12T07:50:57+00:00","twitter_card":"summary_large_image","twitter_misc":{"Ber\u00e4knad l\u00e4stid":"1 minut"},"schema":{"@context":"https:\/\/schema.org","@graph":[{"@type":"WebPage","@id":"https:\/\/truusk.store\/sv\/produkt\/truusk-utdragbart-matbord-80-120-cm-for-4-6-personer-enkel-utdragbar-funktion-natur-utrymmesbesparande\/","url":"https:\/\/truusk.store\/sv\/produkt\/truusk-utdragbart-matbord-80-120-cm-for-4-6-personer-enkel-utdragbar-funktion-natur-utrymmesbesparande\/","name":"TRUUSK Utdragbart Matbord 80-120 cm - F\u00f6r 4-6 Personer - Enkel Utdragbar Funktion - Natur - Utrymmesbesparande - TRUUSK - Hem, Tr\u00e4dg\u00e5rd &amp; Fritid","isPartOf":{"@id":"https:\/\/truusk.store\/sv\/#website"},"datePublished":"2026-03-11T12:46:34+00:00","dateModified":"2026-03-12T07:50:57+00:00","breadcrumb":{"@id":"https:\/\/truusk.store\/sv\/produkt\/truusk-utdragbart-matbord-80-120-cm-for-4-6-personer-enkel-utdragbar-funktion-natur-utrymmesbesparande\/#breadcrumb"},"inLanguage":"sv-SE","potentialAction":[{"@type":"ReadAction","target":["https:\/\/truusk.store\/sv\/produkt\/truusk-utdragbart-matbord-80-120-cm-for-4-6-personer-enkel-utdragbar-funktion-natur-utrymmesbesparande\/"]}]},{"@type":"BreadcrumbList","@id":"https:\/\/truusk.store\/sv\/produkt\/truusk-utdragbart-matbord-80-120-cm-for-4-6-personer-enkel-utdragbar-funktion-natur-utrymmesbesparande\/#breadcrumb","itemListElement":[{"@type":"ListItem","position":1,"name":"Home","item":"https:\/\/truusk.store\/sv\/"},{"@type":"ListItem","position":2,"name":"Shop","item":"https:\/\/truusk.store\/shop\/"},{"@type":"ListItem","position":3,"name":"TRUUSK Utdragbart Matbord 80-120 cm &#8211; F\u00f6r 4-6 Personer &#8211; Enkel Utdragbar Funktion &#8211; Natur &#8211; Utrymmesbesparande"}]},{"@type":"WebSite","@id":"https:\/\/truusk.store\/sv\/#website","url":"https:\/\/truusk.store\/sv\/","name":"TRUUSK - Hem, Tr\u00e4dg\u00e5rd & Fritid","description":"","publisher":{"@id":"https:\/\/truusk.store\/sv\/#organization"},"potentialAction":[{"@type":"SearchAction","target":{"@type":"EntryPoint","urlTemplate":"https:\/\/truusk.store\/sv\/?s={search_term_string}"},"query-input":{"@type":"PropertyValueSpecification","valueRequired":true,"valueName":"search_term_string"}}],"inLanguage":"sv-SE"},{"@type":"Organization","@id":"https:\/\/truusk.store\/sv\/#organization","name":"TRUUSK - Hem, Tr\u00e4dg\u00e5rd & Fritid","url":"https:\/\/truusk.store\/sv\/","logo":{"@type":"ImageObject","inLanguage":"sv-SE","@id":"https:\/\/truusk.store\/sv\/#\/schema\/logo\/image\/","url":"https:\/\/i0.wp.com\/truusk.store\/wp-content\/uploads\/2026\/03\/cropped-TRUUSK.png?fit=2032%2C917&ssl=1","contentUrl":"https:\/\/i0.wp.com\/truusk.store\/wp-content\/uploads\/2026\/03\/cropped-TRUUSK.png?fit=2032%2C917&ssl=1","width":2032,"height":917,"caption":"TRUUSK - Hem, Tr\u00e4dg\u00e5rd & Fritid"},"image":{"@id":"https:\/\/truusk.store\/sv\/#\/schema\/logo\/image\/"}}]}},"jetpack_sharing_enabled":true,"_links":{"self":[{"href":"https:\/\/truusk.store\/sv\/wp-json\/wp\/v2\/product\/108206","targetHints":{"allow":["GET"]}}],"collection":[{"href":"https:\/\/truusk.store\/sv\/wp-json\/wp\/v2\/product"}],"about":[{"href":"https:\/\/truusk.store\/sv\/wp-json\/wp\/v2\/types\/product"}],"wp:attachment":[{"href":"https:\/\/truusk.store\/sv\/wp-json\/wp\/v2\/media?parent=108206"}],"wp:term":[{"taxonomy":"product_brand","embeddable":true,"href":"https:\/\/truusk.store\/sv\/wp-json\/wp\/v2\/product_brand?post=108206"},{"taxonomy":"product_cat","embeddable":true,"href":"https:\/\/truusk.store\/sv\/wp-json\/wp\/v2\/product_cat?post=108206"},{"taxonomy":"product_tag","embeddable":true,"href":"https:\/\/truusk.store\/sv\/wp-json\/wp\/v2\/product_tag?post=108206"}],"curies":[{"name":"wp","href":"https:\/\/api.w.org\/{rel}","templated":true}]}}