{"id":108222,"date":"2026-03-11T13:48:57","date_gmt":"2026-03-11T12:48:57","guid":{"rendered":"https:\/\/truusk.store\/product\/pergola-ca-3x3-m-aluminium-terrassoverdrag-med-justerbart-lamelltak-vaggmontering-morkgra\/"},"modified":"2026-03-12T08:52:17","modified_gmt":"2026-03-12T07:52:17","slug":"truusk-pergola-3x3m-aluminium-terrassoverdrag-justerbart-lamelltak-vaggmontering-morkgra","status":"publish","type":"product","link":"https:\/\/truusk.store\/sv\/produkt\/truusk-pergola-3x3m-aluminium-terrassoverdrag-justerbart-lamelltak-vaggmontering-morkgra\/","title":{"rendered":"TRUUSK Pergola 3x3m Aluminium Terrass\u00f6verdrag &#8211; Justerbart Lamelltak &#8211; V\u00e4ggmontering &#8211; M\u00f6rkgr\u00e5"},"content":{"rendered":"<p>Skapa ett rent, modernt utomhustak med [BRAND NAME] ca. 3 x 3 m v\u00e4ggmonterad lamellpergola, som sparar utrymme och ger p\u00e5litlig komfort. Det justerbara metalltaket g\u00f6r det m\u00f6jligt f\u00f6r dig att enkelt kontrollera ljus, skugga och skydd mot sol, regn eller sn\u00f6. St\u00f6dd av en stark aluminiumram och s\u00e4kert f\u00e4st vid v\u00e4gg och golv, erbjuder denna pergola en stabil och elegant l\u00f6sning f\u00f6r terrasser, balkonger eller sittplatser i tr\u00e4dg\u00e5rden.<\/p>\n<p>Beskrivning:<\/p>\n<ul>\n<li> Ca. 3 x 3 m pergola ger tillr\u00e4ckligt med utrymme f\u00f6r dig och dina g\u00e4ster<\/li>\n<li> Pulverlackerat metalltak f\u00f6r fullst\u00e4ndigt skydd mot sol, regn och sn\u00f6<\/li>\n<li> Lamelldesign som g\u00f6r att du kan kontrollera m\u00e4ngden skugga<\/li>\n<li> V\u00e4ggmonterad design sparar v\u00e4rdefullt utrymme och \u00f6kar den totala strukturella stabiliteten<\/li>\n<li> Ram av aluminium och 10 x 10 cm pelare \u00e4r robusta och stabila<\/li>\n<li> Utrustad med expansionsbultar f\u00f6r extra stabilitet vid vindstyrkor p\u00e5 niv\u00e5 7-8<\/li>\n<li> Montering kr\u00e4vs<\/li>\n<\/ul>\n<p> Tekniska data:<\/p>\n<ul>\n<li> F\u00e4rg: M\u00f6rkgr\u00e5<\/li>\n<li> Material: Aluminium, Metall<\/li>\n<li> Totala dimensioner: 300L x 298B x 220H cm<\/li>\n<li> Pelardimensioner: 100L x 100B mm<\/li>\n<li> Pelaravst\u00e5nd: 290L x 280B cm<\/li>\n<li> Sn\u00f6belastning: 25 kg\/m\u00b2<\/li>\n<li> Vindskyddsniv\u00e5: 7-8 (med expansionsbultar)<\/li>\n<li> Obs: Var v\u00e4nlig och ta bort sn\u00f6 omedelbart fr\u00e5n taket f\u00f6r att undvika \u00f6verdriven vikt.<\/li>\n<\/ul>\n<p>Leveransinneh\u00e5ll:<\/p>\n<ul>\n<li> 1 x Pergola<\/li>\n<li> 16 x Expansionsbult<\/li>\n<li> 1 x Instruktioner<\/li>\n<li>Viktigt: Vi levererar artikeln till dig kostnadsfritt till trottoarkanten. Var v\u00e4nlig och se till att adressen och telefonnumret \u00e4r korrekt.<\/li>\n<\/ul>\n","protected":false},"excerpt":{"rendered":"<p>Skapa ett rent, modernt utomhustak med [BRAND NAME] ca. 3 x 3 m v\u00e4ggmonterad lamellpergola, som sparar utrymme och ger&#8230;<\/p>\n","protected":false},"featured_media":108207,"template":"","meta":[],"product_brand":[],"product_cat":[478,858,476],"product_tag":[],"class_list":{"0":"post-108222","1":"product","2":"type-product","3":"status-publish","4":"has-post-thumbnail","6":"product_cat-pergola","7":"product_cat-tradgard-terrass","8":"product_cat-tradgardspaviljonger","10":"first","11":"instock","12":"sale","13":"taxable","14":"shipping-taxable","15":"purchasable","16":"product-type-simple"},"yoast_head":"<!-- This site is optimized with the Yoast SEO plugin v25.4 - https:\/\/yoast.com\/wordpress\/plugins\/seo\/ -->\n<title>TRUUSK Pergola 3x3m Aluminium Terrass\u00f6verdrag - Justerbart Lamelltak - V\u00e4ggmontering - M\u00f6rkgr\u00e5 - TRUUSK - Hem, Tr\u00e4dg\u00e5rd &amp; Fritid<\/title>\n<meta name=\"robots\" content=\"index, follow, max-snippet:-1, max-image-preview:large, max-video-preview:-1\" \/>\n<link rel=\"canonical\" href=\"https:\/\/truusk.store\/sv\/produkt\/truusk-pergola-3x3m-aluminium-terrassoverdrag-justerbart-lamelltak-vaggmontering-morkgra\/\" \/>\n<meta property=\"og:locale\" content=\"sv_SE\" \/>\n<meta property=\"og:type\" content=\"article\" \/>\n<meta property=\"og:title\" content=\"TRUUSK Pergola 3x3m Aluminium Terrass\u00f6verdrag - Justerbart Lamelltak - V\u00e4ggmontering - M\u00f6rkgr\u00e5 - TRUUSK - Hem, Tr\u00e4dg\u00e5rd &amp; Fritid\" \/>\n<meta property=\"og:description\" content=\"Skapa ett rent, modernt utomhustak med [BRAND NAME] ca. 3 x 3 m v\u00e4ggmonterad lamellpergola, som sparar utrymme och ger...\" \/>\n<meta property=\"og:url\" content=\"https:\/\/truusk.store\/sv\/produkt\/truusk-pergola-3x3m-aluminium-terrassoverdrag-justerbart-lamelltak-vaggmontering-morkgra\/\" \/>\n<meta property=\"og:site_name\" content=\"TRUUSK - Hem, Tr\u00e4dg\u00e5rd &amp; Fritid\" \/>\n<meta property=\"article:modified_time\" content=\"2026-03-12T07:52:17+00:00\" \/>\n<meta property=\"og:image\" content=\"https:\/\/i0.wp.com\/truusk.se\/wp-content\/uploads\/2026\/03\/pergola-ca-3x3-m-aluminium-terrassoverdrag-med-justerbart-lamelltak-vaggmontering-morkgra-1.webp?fit=2000%2C2000&ssl=1\" \/>\n\t<meta property=\"og:image:width\" content=\"2000\" \/>\n\t<meta property=\"og:image:height\" content=\"2000\" \/>\n\t<meta property=\"og:image:type\" content=\"image\/webp\" \/>\n<meta name=\"twitter:card\" content=\"summary_large_image\" \/>\n<meta name=\"twitter:label1\" content=\"Ber\u00e4knad l\u00e4stid\" \/>\n\t<meta name=\"twitter:data1\" content=\"1 minut\" \/>\n<!-- \/ Yoast SEO plugin. -->","yoast_head_json":{"title":"TRUUSK Pergola 3x3m Aluminium Terrass\u00f6verdrag - Justerbart Lamelltak - V\u00e4ggmontering - M\u00f6rkgr\u00e5 - TRUUSK - Hem, Tr\u00e4dg\u00e5rd &amp; Fritid","robots":{"index":"index","follow":"follow","max-snippet":"max-snippet:-1","max-image-preview":"max-image-preview:large","max-video-preview":"max-video-preview:-1"},"canonical":"https:\/\/truusk.store\/sv\/produkt\/truusk-pergola-3x3m-aluminium-terrassoverdrag-justerbart-lamelltak-vaggmontering-morkgra\/","og_locale":"sv_SE","og_type":"article","og_title":"TRUUSK Pergola 3x3m Aluminium Terrass\u00f6verdrag - Justerbart Lamelltak - V\u00e4ggmontering - M\u00f6rkgr\u00e5 - TRUUSK - Hem, Tr\u00e4dg\u00e5rd &amp; Fritid","og_description":"Skapa ett rent, modernt utomhustak med [BRAND NAME] ca. 3 x 3 m v\u00e4ggmonterad lamellpergola, som sparar utrymme och ger...","og_url":"https:\/\/truusk.store\/sv\/produkt\/truusk-pergola-3x3m-aluminium-terrassoverdrag-justerbart-lamelltak-vaggmontering-morkgra\/","og_site_name":"TRUUSK - Hem, Tr\u00e4dg\u00e5rd &amp; Fritid","article_modified_time":"2026-03-12T07:52:17+00:00","og_image":[{"width":2000,"height":2000,"url":"https:\/\/i0.wp.com\/truusk.se\/wp-content\/uploads\/2026\/03\/pergola-ca-3x3-m-aluminium-terrassoverdrag-med-justerbart-lamelltak-vaggmontering-morkgra-1.webp?fit=2000%2C2000&ssl=1","type":"image\/webp"}],"twitter_card":"summary_large_image","twitter_misc":{"Ber\u00e4knad l\u00e4stid":"1 minut"},"schema":{"@context":"https:\/\/schema.org","@graph":[{"@type":"WebPage","@id":"https:\/\/truusk.store\/sv\/produkt\/truusk-pergola-3x3m-aluminium-terrassoverdrag-justerbart-lamelltak-vaggmontering-morkgra\/","url":"https:\/\/truusk.store\/sv\/produkt\/truusk-pergola-3x3m-aluminium-terrassoverdrag-justerbart-lamelltak-vaggmontering-morkgra\/","name":"TRUUSK Pergola 3x3m Aluminium Terrass\u00f6verdrag - Justerbart Lamelltak - V\u00e4ggmontering - M\u00f6rkgr\u00e5 - TRUUSK - Hem, Tr\u00e4dg\u00e5rd &amp; Fritid","isPartOf":{"@id":"https:\/\/truusk.store\/sv\/#website"},"primaryImageOfPage":{"@id":"https:\/\/truusk.store\/sv\/produkt\/truusk-pergola-3x3m-aluminium-terrassoverdrag-justerbart-lamelltak-vaggmontering-morkgra\/#primaryimage"},"image":{"@id":"https:\/\/truusk.store\/sv\/produkt\/truusk-pergola-3x3m-aluminium-terrassoverdrag-justerbart-lamelltak-vaggmontering-morkgra\/#primaryimage"},"thumbnailUrl":"https:\/\/i0.wp.com\/truusk.store\/wp-content\/uploads\/2026\/03\/pergola-ca-3x3-m-aluminium-terrassoverdrag-med-justerbart-lamelltak-vaggmontering-morkgra-1.webp?fit=2000%2C2000&ssl=1","datePublished":"2026-03-11T12:48:57+00:00","dateModified":"2026-03-12T07:52:17+00:00","breadcrumb":{"@id":"https:\/\/truusk.store\/sv\/produkt\/truusk-pergola-3x3m-aluminium-terrassoverdrag-justerbart-lamelltak-vaggmontering-morkgra\/#breadcrumb"},"inLanguage":"sv-SE","potentialAction":[{"@type":"ReadAction","target":["https:\/\/truusk.store\/sv\/produkt\/truusk-pergola-3x3m-aluminium-terrassoverdrag-justerbart-lamelltak-vaggmontering-morkgra\/"]}]},{"@type":"ImageObject","inLanguage":"sv-SE","@id":"https:\/\/truusk.store\/sv\/produkt\/truusk-pergola-3x3m-aluminium-terrassoverdrag-justerbart-lamelltak-vaggmontering-morkgra\/#primaryimage","url":"https:\/\/i0.wp.com\/truusk.store\/wp-content\/uploads\/2026\/03\/pergola-ca-3x3-m-aluminium-terrassoverdrag-med-justerbart-lamelltak-vaggmontering-morkgra-1.webp?fit=2000%2C2000&ssl=1","contentUrl":"https:\/\/i0.wp.com\/truusk.store\/wp-content\/uploads\/2026\/03\/pergola-ca-3x3-m-aluminium-terrassoverdrag-med-justerbart-lamelltak-vaggmontering-morkgra-1.webp?fit=2000%2C2000&ssl=1","width":2000,"height":2000},{"@type":"BreadcrumbList","@id":"https:\/\/truusk.store\/sv\/produkt\/truusk-pergola-3x3m-aluminium-terrassoverdrag-justerbart-lamelltak-vaggmontering-morkgra\/#breadcrumb","itemListElement":[{"@type":"ListItem","position":1,"name":"Home","item":"https:\/\/truusk.store\/sv\/"},{"@type":"ListItem","position":2,"name":"Shop","item":"https:\/\/truusk.store\/shop\/"},{"@type":"ListItem","position":3,"name":"TRUUSK Pergola 3x3m Aluminium Terrass\u00f6verdrag &#8211; Justerbart Lamelltak &#8211; V\u00e4ggmontering &#8211; M\u00f6rkgr\u00e5"}]},{"@type":"WebSite","@id":"https:\/\/truusk.store\/sv\/#website","url":"https:\/\/truusk.store\/sv\/","name":"TRUUSK - Hem, Tr\u00e4dg\u00e5rd & Fritid","description":"","publisher":{"@id":"https:\/\/truusk.store\/sv\/#organization"},"potentialAction":[{"@type":"SearchAction","target":{"@type":"EntryPoint","urlTemplate":"https:\/\/truusk.store\/sv\/?s={search_term_string}"},"query-input":{"@type":"PropertyValueSpecification","valueRequired":true,"valueName":"search_term_string"}}],"inLanguage":"sv-SE"},{"@type":"Organization","@id":"https:\/\/truusk.store\/sv\/#organization","name":"TRUUSK - Hem, Tr\u00e4dg\u00e5rd & Fritid","url":"https:\/\/truusk.store\/sv\/","logo":{"@type":"ImageObject","inLanguage":"sv-SE","@id":"https:\/\/truusk.store\/sv\/#\/schema\/logo\/image\/","url":"https:\/\/i0.wp.com\/truusk.store\/wp-content\/uploads\/2026\/03\/cropped-TRUUSK.png?fit=2032%2C917&ssl=1","contentUrl":"https:\/\/i0.wp.com\/truusk.store\/wp-content\/uploads\/2026\/03\/cropped-TRUUSK.png?fit=2032%2C917&ssl=1","width":2032,"height":917,"caption":"TRUUSK - Hem, Tr\u00e4dg\u00e5rd & Fritid"},"image":{"@id":"https:\/\/truusk.store\/sv\/#\/schema\/logo\/image\/"}}]}},"jetpack_sharing_enabled":true,"_links":{"self":[{"href":"https:\/\/truusk.store\/sv\/wp-json\/wp\/v2\/product\/108222","targetHints":{"allow":["GET"]}}],"collection":[{"href":"https:\/\/truusk.store\/sv\/wp-json\/wp\/v2\/product"}],"about":[{"href":"https:\/\/truusk.store\/sv\/wp-json\/wp\/v2\/types\/product"}],"wp:featuredmedia":[{"embeddable":true,"href":"https:\/\/truusk.store\/sv\/wp-json\/wp\/v2\/media\/108207"}],"wp:attachment":[{"href":"https:\/\/truusk.store\/sv\/wp-json\/wp\/v2\/media?parent=108222"}],"wp:term":[{"taxonomy":"product_brand","embeddable":true,"href":"https:\/\/truusk.store\/sv\/wp-json\/wp\/v2\/product_brand?post=108222"},{"taxonomy":"product_cat","embeddable":true,"href":"https:\/\/truusk.store\/sv\/wp-json\/wp\/v2\/product_cat?post=108222"},{"taxonomy":"product_tag","embeddable":true,"href":"https:\/\/truusk.store\/sv\/wp-json\/wp\/v2\/product_tag?post=108222"}],"curies":[{"name":"wp","href":"https:\/\/api.w.org\/{rel}","templated":true}]}}