{"id":108241,"date":"2026-03-11T13:50:36","date_gmt":"2026-03-11T12:50:36","guid":{"rendered":"https:\/\/truusk.store\/product\/tradgardsbord-stalbuffebord-med-stalram-pe-rottingkant-justerbara-fotter-4-personer-80-x-80-x-74-cm-gra\/"},"modified":"2026-03-12T08:52:32","modified_gmt":"2026-03-12T07:52:32","slug":"truusk-tradgardsbord-stalram-pe-rottingkant-justerbara-fotter-4-personer-gra","status":"publish","type":"product","link":"https:\/\/truusk.store\/sv\/produkt\/truusk-tradgardsbord-stalram-pe-rottingkant-justerbara-fotter-4-personer-gra\/","title":{"rendered":"TRUUSK Tr\u00e4dg\u00e5rdsbord St\u00e5lram &#8211; PE-rottingkant &#8211; Justerbara F\u00f6tter &#8211; 4 Personer &#8211; Gr\u00e5"},"content":{"rendered":"<p>Tr\u00e4dg\u00e5rdsbord f\u00f6r mat ofta f\u00f6rst\u00f6r n\u00f6jet med vacklande ytor. [BRAND NAME] balkongbordet erbjuder justerbara f\u00f6tter, en h\u00e4rdat glasplatta och en robust st\u00e5lram. Det \u00e4r stabilt, stilfullt och kombinerar bohemisk design med funktion f\u00f6r avkopplande utomhusm\u00e5ltider.<\/p>\n<p>Beskrivning:<\/p>\n<ul>\n<li> Kombinerar en gr\u00e5, silkescreentryckt glasplatta med PE-rotting f\u00f6r en chic look<\/li>\n<li> Justerbara fotdynor p\u00e5 de koniska benen ger stabilitet p\u00e5 oj\u00e4mna utomhusytor<\/li>\n<li> Utrustad med en pulverlackerad st\u00e5lram och en tjock, h\u00e4rdat glasplatta<\/li>\n<li> Med en b\u00e4rf\u00f6rm\u00e5ga p\u00e5 50 kg erbjuder detta bord robust st\u00f6d f\u00f6r m\u00e5ltider<\/li>\n<li> Den 80 cm runda plattan \u00e4r l\u00e4mplig f\u00f6r sm\u00e5 sammankomster p\u00e5 din terrass eller balkong<\/li>\n<li> Detta tr\u00e4dg\u00e5rdsbord \u00e4r l\u00e4mpligt f\u00f6r tr\u00e4dg\u00e5rdar, innerg\u00e5rdar och olika milj\u00f6er<\/li>\n<li> Montering kr\u00e4vs<\/li>\n<\/ul>\n<p> Tekniska specifikationer:<\/p>\n<ul>\n<li> F\u00e4rg: Gr\u00e5+Ljusbrun<\/li>\n<li> Material: St\u00e5l, h\u00e4rdat glas, PE-rotting<\/li>\n<li> Totala dimensioner: 80B x 80T x 74H cm<\/li>\n<li> Storlek p\u00e5 bordsskiva: \u00d880 cm<\/li>\n<li> Maximal belastning: 50 kg<\/li>\n<\/ul>\n<p>Leveransinneh\u00e5ll:<\/p>\n<ul>\n<li> 1 x Terrassbord<\/li>\n<li> 1 x Bruksanvisning<\/li>\n<\/ul>\n","protected":false},"excerpt":{"rendered":"<p>Tr\u00e4dg\u00e5rdsbord f\u00f6r mat ofta f\u00f6rst\u00f6r n\u00f6jet med vacklande ytor. [BRAND NAME] balkongbordet erbjuder justerbara f\u00f6tter, en h\u00e4rdat glasplatta och en&#8230;<\/p>\n","protected":false},"featured_media":108227,"template":"","meta":[],"product_brand":[],"product_cat":[858,457,450],"product_tag":[],"class_list":{"0":"post-108241","1":"product","2":"type-product","3":"status-publish","4":"has-post-thumbnail","6":"product_cat-tradgard-terrass","7":"product_cat-tradgardsbord","8":"product_cat-tradgardsmobler","10":"first","11":"instock","12":"sale","13":"taxable","14":"shipping-taxable","15":"purchasable","16":"product-type-simple"},"yoast_head":"<!-- This site is optimized with the Yoast SEO plugin v25.4 - https:\/\/yoast.com\/wordpress\/plugins\/seo\/ -->\n<title>TRUUSK Tr\u00e4dg\u00e5rdsbord St\u00e5lram - PE-rottingkant - Justerbara F\u00f6tter - 4 Personer - Gr\u00e5 - TRUUSK - Hem, Tr\u00e4dg\u00e5rd &amp; Fritid<\/title>\n<meta name=\"robots\" content=\"index, follow, max-snippet:-1, max-image-preview:large, max-video-preview:-1\" \/>\n<link rel=\"canonical\" href=\"https:\/\/truusk.store\/sv\/produkt\/truusk-tradgardsbord-stalram-pe-rottingkant-justerbara-fotter-4-personer-gra\/\" \/>\n<meta property=\"og:locale\" content=\"sv_SE\" \/>\n<meta property=\"og:type\" content=\"article\" \/>\n<meta property=\"og:title\" content=\"TRUUSK Tr\u00e4dg\u00e5rdsbord St\u00e5lram - PE-rottingkant - Justerbara F\u00f6tter - 4 Personer - Gr\u00e5 - TRUUSK - Hem, Tr\u00e4dg\u00e5rd &amp; Fritid\" \/>\n<meta property=\"og:description\" content=\"Tr\u00e4dg\u00e5rdsbord f\u00f6r mat ofta f\u00f6rst\u00f6r n\u00f6jet med vacklande ytor. [BRAND NAME] balkongbordet erbjuder justerbara f\u00f6tter, en h\u00e4rdat glasplatta och en...\" \/>\n<meta property=\"og:url\" content=\"https:\/\/truusk.store\/sv\/produkt\/truusk-tradgardsbord-stalram-pe-rottingkant-justerbara-fotter-4-personer-gra\/\" \/>\n<meta property=\"og:site_name\" content=\"TRUUSK - Hem, Tr\u00e4dg\u00e5rd &amp; Fritid\" \/>\n<meta property=\"article:modified_time\" content=\"2026-03-12T07:52:32+00:00\" \/>\n<meta property=\"og:image\" content=\"https:\/\/i0.wp.com\/truusk.se\/wp-content\/uploads\/2026\/03\/tradgardsbord-stalbuffebord-med-stalram-pe-rottingkant-justerbara-fotter-4-personer-80-x-80-x-74-cm-gra-1.webp?fit=2000%2C2000&ssl=1\" \/>\n\t<meta property=\"og:image:width\" content=\"2000\" \/>\n\t<meta property=\"og:image:height\" content=\"2000\" \/>\n\t<meta property=\"og:image:type\" content=\"image\/webp\" \/>\n<meta name=\"twitter:card\" content=\"summary_large_image\" \/>\n<meta name=\"twitter:label1\" content=\"Ber\u00e4knad l\u00e4stid\" \/>\n\t<meta name=\"twitter:data1\" content=\"1 minut\" \/>\n<!-- \/ Yoast SEO plugin. -->","yoast_head_json":{"title":"TRUUSK Tr\u00e4dg\u00e5rdsbord St\u00e5lram - PE-rottingkant - Justerbara F\u00f6tter - 4 Personer - Gr\u00e5 - TRUUSK - Hem, Tr\u00e4dg\u00e5rd &amp; Fritid","robots":{"index":"index","follow":"follow","max-snippet":"max-snippet:-1","max-image-preview":"max-image-preview:large","max-video-preview":"max-video-preview:-1"},"canonical":"https:\/\/truusk.store\/sv\/produkt\/truusk-tradgardsbord-stalram-pe-rottingkant-justerbara-fotter-4-personer-gra\/","og_locale":"sv_SE","og_type":"article","og_title":"TRUUSK Tr\u00e4dg\u00e5rdsbord St\u00e5lram - PE-rottingkant - Justerbara F\u00f6tter - 4 Personer - Gr\u00e5 - TRUUSK - Hem, Tr\u00e4dg\u00e5rd &amp; Fritid","og_description":"Tr\u00e4dg\u00e5rdsbord f\u00f6r mat ofta f\u00f6rst\u00f6r n\u00f6jet med vacklande ytor. [BRAND NAME] balkongbordet erbjuder justerbara f\u00f6tter, en h\u00e4rdat glasplatta och en...","og_url":"https:\/\/truusk.store\/sv\/produkt\/truusk-tradgardsbord-stalram-pe-rottingkant-justerbara-fotter-4-personer-gra\/","og_site_name":"TRUUSK - Hem, Tr\u00e4dg\u00e5rd &amp; Fritid","article_modified_time":"2026-03-12T07:52:32+00:00","og_image":[{"width":2000,"height":2000,"url":"https:\/\/i0.wp.com\/truusk.se\/wp-content\/uploads\/2026\/03\/tradgardsbord-stalbuffebord-med-stalram-pe-rottingkant-justerbara-fotter-4-personer-80-x-80-x-74-cm-gra-1.webp?fit=2000%2C2000&ssl=1","type":"image\/webp"}],"twitter_card":"summary_large_image","twitter_misc":{"Ber\u00e4knad l\u00e4stid":"1 minut"},"schema":{"@context":"https:\/\/schema.org","@graph":[{"@type":"WebPage","@id":"https:\/\/truusk.store\/sv\/produkt\/truusk-tradgardsbord-stalram-pe-rottingkant-justerbara-fotter-4-personer-gra\/","url":"https:\/\/truusk.store\/sv\/produkt\/truusk-tradgardsbord-stalram-pe-rottingkant-justerbara-fotter-4-personer-gra\/","name":"TRUUSK Tr\u00e4dg\u00e5rdsbord St\u00e5lram - PE-rottingkant - Justerbara F\u00f6tter - 4 Personer - Gr\u00e5 - TRUUSK - Hem, Tr\u00e4dg\u00e5rd &amp; Fritid","isPartOf":{"@id":"https:\/\/truusk.store\/sv\/#website"},"primaryImageOfPage":{"@id":"https:\/\/truusk.store\/sv\/produkt\/truusk-tradgardsbord-stalram-pe-rottingkant-justerbara-fotter-4-personer-gra\/#primaryimage"},"image":{"@id":"https:\/\/truusk.store\/sv\/produkt\/truusk-tradgardsbord-stalram-pe-rottingkant-justerbara-fotter-4-personer-gra\/#primaryimage"},"thumbnailUrl":"https:\/\/i0.wp.com\/truusk.store\/wp-content\/uploads\/2026\/03\/tradgardsbord-stalbuffebord-med-stalram-pe-rottingkant-justerbara-fotter-4-personer-80-x-80-x-74-cm-gra-1.webp?fit=2000%2C2000&ssl=1","datePublished":"2026-03-11T12:50:36+00:00","dateModified":"2026-03-12T07:52:32+00:00","breadcrumb":{"@id":"https:\/\/truusk.store\/sv\/produkt\/truusk-tradgardsbord-stalram-pe-rottingkant-justerbara-fotter-4-personer-gra\/#breadcrumb"},"inLanguage":"sv-SE","potentialAction":[{"@type":"ReadAction","target":["https:\/\/truusk.store\/sv\/produkt\/truusk-tradgardsbord-stalram-pe-rottingkant-justerbara-fotter-4-personer-gra\/"]}]},{"@type":"ImageObject","inLanguage":"sv-SE","@id":"https:\/\/truusk.store\/sv\/produkt\/truusk-tradgardsbord-stalram-pe-rottingkant-justerbara-fotter-4-personer-gra\/#primaryimage","url":"https:\/\/i0.wp.com\/truusk.store\/wp-content\/uploads\/2026\/03\/tradgardsbord-stalbuffebord-med-stalram-pe-rottingkant-justerbara-fotter-4-personer-80-x-80-x-74-cm-gra-1.webp?fit=2000%2C2000&ssl=1","contentUrl":"https:\/\/i0.wp.com\/truusk.store\/wp-content\/uploads\/2026\/03\/tradgardsbord-stalbuffebord-med-stalram-pe-rottingkant-justerbara-fotter-4-personer-80-x-80-x-74-cm-gra-1.webp?fit=2000%2C2000&ssl=1","width":2000,"height":2000},{"@type":"BreadcrumbList","@id":"https:\/\/truusk.store\/sv\/produkt\/truusk-tradgardsbord-stalram-pe-rottingkant-justerbara-fotter-4-personer-gra\/#breadcrumb","itemListElement":[{"@type":"ListItem","position":1,"name":"Home","item":"https:\/\/truusk.store\/sv\/"},{"@type":"ListItem","position":2,"name":"Shop","item":"https:\/\/truusk.store\/shop\/"},{"@type":"ListItem","position":3,"name":"TRUUSK Tr\u00e4dg\u00e5rdsbord St\u00e5lram &#8211; PE-rottingkant &#8211; Justerbara F\u00f6tter &#8211; 4 Personer &#8211; Gr\u00e5"}]},{"@type":"WebSite","@id":"https:\/\/truusk.store\/sv\/#website","url":"https:\/\/truusk.store\/sv\/","name":"TRUUSK - Hem, Tr\u00e4dg\u00e5rd & Fritid","description":"","publisher":{"@id":"https:\/\/truusk.store\/sv\/#organization"},"potentialAction":[{"@type":"SearchAction","target":{"@type":"EntryPoint","urlTemplate":"https:\/\/truusk.store\/sv\/?s={search_term_string}"},"query-input":{"@type":"PropertyValueSpecification","valueRequired":true,"valueName":"search_term_string"}}],"inLanguage":"sv-SE"},{"@type":"Organization","@id":"https:\/\/truusk.store\/sv\/#organization","name":"TRUUSK - Hem, Tr\u00e4dg\u00e5rd & Fritid","url":"https:\/\/truusk.store\/sv\/","logo":{"@type":"ImageObject","inLanguage":"sv-SE","@id":"https:\/\/truusk.store\/sv\/#\/schema\/logo\/image\/","url":"https:\/\/i0.wp.com\/truusk.store\/wp-content\/uploads\/2026\/03\/cropped-TRUUSK.png?fit=2032%2C917&ssl=1","contentUrl":"https:\/\/i0.wp.com\/truusk.store\/wp-content\/uploads\/2026\/03\/cropped-TRUUSK.png?fit=2032%2C917&ssl=1","width":2032,"height":917,"caption":"TRUUSK - Hem, Tr\u00e4dg\u00e5rd & Fritid"},"image":{"@id":"https:\/\/truusk.store\/sv\/#\/schema\/logo\/image\/"}}]}},"jetpack_sharing_enabled":true,"_links":{"self":[{"href":"https:\/\/truusk.store\/sv\/wp-json\/wp\/v2\/product\/108241","targetHints":{"allow":["GET"]}}],"collection":[{"href":"https:\/\/truusk.store\/sv\/wp-json\/wp\/v2\/product"}],"about":[{"href":"https:\/\/truusk.store\/sv\/wp-json\/wp\/v2\/types\/product"}],"wp:featuredmedia":[{"embeddable":true,"href":"https:\/\/truusk.store\/sv\/wp-json\/wp\/v2\/media\/108227"}],"wp:attachment":[{"href":"https:\/\/truusk.store\/sv\/wp-json\/wp\/v2\/media?parent=108241"}],"wp:term":[{"taxonomy":"product_brand","embeddable":true,"href":"https:\/\/truusk.store\/sv\/wp-json\/wp\/v2\/product_brand?post=108241"},{"taxonomy":"product_cat","embeddable":true,"href":"https:\/\/truusk.store\/sv\/wp-json\/wp\/v2\/product_cat?post=108241"},{"taxonomy":"product_tag","embeddable":true,"href":"https:\/\/truusk.store\/sv\/wp-json\/wp\/v2\/product_tag?post=108241"}],"curies":[{"name":"wp","href":"https:\/\/api.w.org\/{rel}","templated":true}]}}