{"id":108267,"date":"2026-03-11T13:52:56","date_gmt":"2026-03-11T12:52:56","guid":{"rendered":"https:\/\/truusk.store\/product\/paviljong-32x32-m-stabil-vinterfast-tradgardspaviljong-med-utdragbart-takoverhang-dubbeltak-morkgra\/"},"modified":"2026-03-12T08:52:37","modified_gmt":"2026-03-12T07:52:37","slug":"truusk-paviljong-32x32-m-stabil-och-vinterbestandig-utdragbart-takoverhang-dubbeltak-morkgra","status":"publish","type":"product","link":"https:\/\/truusk.store\/sv\/produkt\/truusk-paviljong-32x32-m-stabil-och-vinterbestandig-utdragbart-takoverhang-dubbeltak-morkgra\/","title":{"rendered":"TRUUSK Paviljong 3,2&#215;3,2 M &#8211; Stabil och Vinterbest\u00e4ndig &#8211; Utdragbart Tak\u00f6verh\u00e4ng &#8211; Dubbeltak &#8211; M\u00f6rkgr\u00e5"},"content":{"rendered":"<p>F\u00f6rst\u00f6r v\u00e4der och brist p\u00e5 utrymme dina utomhusplaner? En paviljong erbjuder l\u00f6sningen. [BRAND NAME] paviljongen har ett utdragbart tak, UPF 30+ skydd f\u00f6r solskydd och ventilation. Dess stabila, vindt\u00e5liga ram garanterar s\u00e4kra, bekv\u00e4ma sammankomster &#8211; perfekt f\u00f6r alla tillf\u00e4llen.<\/p>\n<p>Beskrivning:<\/p>\n<ul>\n<li> Har en unik utdragbar tak\u00f6verh\u00e4ng som ut\u00f6kar ditt skuggade omr\u00e5de f\u00f6r fester<\/li>\n<li> Det dubbla takdesignen f\u00f6rb\u00e4ttrar luftcirkulationen och skapar en sval, bekv\u00e4m utomhusomr\u00e5de<\/li>\n<li> Polyester taket ger UPF 30+ skydd och skyddar dig fr\u00e5n skadliga solstr\u00e5lar<\/li>\n<li> En stabil, pulverlackerad metallram med 40 x 40 mm stolpar ger p\u00e5litlig stabilitet<\/li>\n<li> Denna tr\u00e4dg\u00e5rdspaviljong inneh\u00e5ller 10 markpinnar och 10 skruvar f\u00f6r fasts\u00e4ttning p\u00e5 olika ytor<\/li>\n<li> En social samlingsplats f\u00f6r din uteplats, tr\u00e4dg\u00e5rd eller poolomr\u00e5de som skapar en inbjudande atmosf\u00e4r<\/li>\n<li> Montering kr\u00e4vs<\/li>\n<\/ul>\n<p> Tekniska specifikationer:<\/p>\n<ul>\n<li> F\u00e4rg: M\u00f6rkgr\u00e5<\/li>\n<li> Material: Polyester, Metall<\/li>\n<li> Totala dimensioner: 320L x 320B x 275H cm<\/li>\n<li> Takfotsh\u00f6jd: 197H cm<\/li>\n<li> Pelaravst\u00e5nd: 289L x 289B cm<\/li>\n<li> Fotstorlek: 8 cm<\/li>\n<li> Vindskyddsniv\u00e5: 4<\/li>\n<\/ul>\n<p>Ing\u00e5r i leveransen:<\/p>\n<ul>\n<li> 1 x Paviljong<\/li>\n<li> 10 x Markankare<\/li>\n<li> 10 x Expansionskruv<\/li>\n<li> 1 x Instruktioner<\/li>\n<\/ul>\n","protected":false},"excerpt":{"rendered":"<p>F\u00f6rst\u00f6r v\u00e4der och brist p\u00e5 utrymme dina utomhusplaner? En paviljong erbjuder l\u00f6sningen. [BRAND NAME] paviljongen har ett utdragbart tak, UPF&#8230;<\/p>\n","protected":false},"featured_media":108255,"template":"","meta":[],"product_brand":[],"product_cat":[477,858,476],"product_tag":[],"class_list":{"0":"post-108267","1":"product","2":"type-product","3":"status-publish","4":"has-post-thumbnail","6":"product_cat-paviljonger-partytalt","7":"product_cat-tradgard-terrass","8":"product_cat-tradgardspaviljonger","10":"first","11":"instock","12":"sale","13":"taxable","14":"shipping-taxable","15":"purchasable","16":"product-type-simple"},"yoast_head":"<!-- This site is optimized with the Yoast SEO plugin v25.4 - https:\/\/yoast.com\/wordpress\/plugins\/seo\/ -->\n<title>TRUUSK Paviljong 3,2x3,2 M - Stabil och Vinterbest\u00e4ndig - Utdragbart Tak\u00f6verh\u00e4ng - Dubbeltak - M\u00f6rkgr\u00e5 - TRUUSK - Hem, Tr\u00e4dg\u00e5rd &amp; Fritid<\/title>\n<meta name=\"robots\" content=\"index, follow, max-snippet:-1, max-image-preview:large, max-video-preview:-1\" \/>\n<link rel=\"canonical\" href=\"https:\/\/truusk.store\/sv\/produkt\/truusk-paviljong-32x32-m-stabil-och-vinterbestandig-utdragbart-takoverhang-dubbeltak-morkgra\/\" \/>\n<meta property=\"og:locale\" content=\"sv_SE\" \/>\n<meta property=\"og:type\" content=\"article\" \/>\n<meta property=\"og:title\" content=\"TRUUSK Paviljong 3,2x3,2 M - Stabil och Vinterbest\u00e4ndig - Utdragbart Tak\u00f6verh\u00e4ng - Dubbeltak - M\u00f6rkgr\u00e5 - TRUUSK - Hem, Tr\u00e4dg\u00e5rd &amp; Fritid\" \/>\n<meta property=\"og:description\" content=\"F\u00f6rst\u00f6r v\u00e4der och brist p\u00e5 utrymme dina utomhusplaner? En paviljong erbjuder l\u00f6sningen. [BRAND NAME] paviljongen har ett utdragbart tak, UPF...\" \/>\n<meta property=\"og:url\" content=\"https:\/\/truusk.store\/sv\/produkt\/truusk-paviljong-32x32-m-stabil-och-vinterbestandig-utdragbart-takoverhang-dubbeltak-morkgra\/\" \/>\n<meta property=\"og:site_name\" content=\"TRUUSK - Hem, Tr\u00e4dg\u00e5rd &amp; Fritid\" \/>\n<meta property=\"article:modified_time\" content=\"2026-03-12T07:52:37+00:00\" \/>\n<meta property=\"og:image\" content=\"https:\/\/i0.wp.com\/truusk.se\/wp-content\/uploads\/2026\/03\/paviljong-32x32-m-stabil-vinterfast-tradgardspaviljong-med-utdragbart-takoverhang-dubbeltak-morkgra-1.webp?fit=2000%2C2000&ssl=1\" \/>\n\t<meta property=\"og:image:width\" content=\"2000\" \/>\n\t<meta property=\"og:image:height\" content=\"2000\" \/>\n\t<meta property=\"og:image:type\" content=\"image\/webp\" \/>\n<meta name=\"twitter:card\" content=\"summary_large_image\" \/>\n<meta name=\"twitter:label1\" content=\"Ber\u00e4knad l\u00e4stid\" \/>\n\t<meta name=\"twitter:data1\" content=\"1 minut\" \/>\n<!-- \/ Yoast SEO plugin. -->","yoast_head_json":{"title":"TRUUSK Paviljong 3,2x3,2 M - Stabil och Vinterbest\u00e4ndig - Utdragbart Tak\u00f6verh\u00e4ng - Dubbeltak - M\u00f6rkgr\u00e5 - TRUUSK - Hem, Tr\u00e4dg\u00e5rd &amp; Fritid","robots":{"index":"index","follow":"follow","max-snippet":"max-snippet:-1","max-image-preview":"max-image-preview:large","max-video-preview":"max-video-preview:-1"},"canonical":"https:\/\/truusk.store\/sv\/produkt\/truusk-paviljong-32x32-m-stabil-och-vinterbestandig-utdragbart-takoverhang-dubbeltak-morkgra\/","og_locale":"sv_SE","og_type":"article","og_title":"TRUUSK Paviljong 3,2x3,2 M - Stabil och Vinterbest\u00e4ndig - Utdragbart Tak\u00f6verh\u00e4ng - Dubbeltak - M\u00f6rkgr\u00e5 - TRUUSK - Hem, Tr\u00e4dg\u00e5rd &amp; Fritid","og_description":"F\u00f6rst\u00f6r v\u00e4der och brist p\u00e5 utrymme dina utomhusplaner? En paviljong erbjuder l\u00f6sningen. [BRAND NAME] paviljongen har ett utdragbart tak, UPF...","og_url":"https:\/\/truusk.store\/sv\/produkt\/truusk-paviljong-32x32-m-stabil-och-vinterbestandig-utdragbart-takoverhang-dubbeltak-morkgra\/","og_site_name":"TRUUSK - Hem, Tr\u00e4dg\u00e5rd &amp; Fritid","article_modified_time":"2026-03-12T07:52:37+00:00","og_image":[{"width":2000,"height":2000,"url":"https:\/\/i0.wp.com\/truusk.se\/wp-content\/uploads\/2026\/03\/paviljong-32x32-m-stabil-vinterfast-tradgardspaviljong-med-utdragbart-takoverhang-dubbeltak-morkgra-1.webp?fit=2000%2C2000&ssl=1","type":"image\/webp"}],"twitter_card":"summary_large_image","twitter_misc":{"Ber\u00e4knad l\u00e4stid":"1 minut"},"schema":{"@context":"https:\/\/schema.org","@graph":[{"@type":"WebPage","@id":"https:\/\/truusk.store\/sv\/produkt\/truusk-paviljong-32x32-m-stabil-och-vinterbestandig-utdragbart-takoverhang-dubbeltak-morkgra\/","url":"https:\/\/truusk.store\/sv\/produkt\/truusk-paviljong-32x32-m-stabil-och-vinterbestandig-utdragbart-takoverhang-dubbeltak-morkgra\/","name":"TRUUSK Paviljong 3,2x3,2 M - Stabil och Vinterbest\u00e4ndig - Utdragbart Tak\u00f6verh\u00e4ng - Dubbeltak - M\u00f6rkgr\u00e5 - TRUUSK - Hem, Tr\u00e4dg\u00e5rd &amp; Fritid","isPartOf":{"@id":"https:\/\/truusk.store\/sv\/#website"},"primaryImageOfPage":{"@id":"https:\/\/truusk.store\/sv\/produkt\/truusk-paviljong-32x32-m-stabil-och-vinterbestandig-utdragbart-takoverhang-dubbeltak-morkgra\/#primaryimage"},"image":{"@id":"https:\/\/truusk.store\/sv\/produkt\/truusk-paviljong-32x32-m-stabil-och-vinterbestandig-utdragbart-takoverhang-dubbeltak-morkgra\/#primaryimage"},"thumbnailUrl":"https:\/\/i0.wp.com\/truusk.store\/wp-content\/uploads\/2026\/03\/paviljong-32x32-m-stabil-vinterfast-tradgardspaviljong-med-utdragbart-takoverhang-dubbeltak-morkgra-1.webp?fit=2000%2C2000&ssl=1","datePublished":"2026-03-11T12:52:56+00:00","dateModified":"2026-03-12T07:52:37+00:00","breadcrumb":{"@id":"https:\/\/truusk.store\/sv\/produkt\/truusk-paviljong-32x32-m-stabil-och-vinterbestandig-utdragbart-takoverhang-dubbeltak-morkgra\/#breadcrumb"},"inLanguage":"sv-SE","potentialAction":[{"@type":"ReadAction","target":["https:\/\/truusk.store\/sv\/produkt\/truusk-paviljong-32x32-m-stabil-och-vinterbestandig-utdragbart-takoverhang-dubbeltak-morkgra\/"]}]},{"@type":"ImageObject","inLanguage":"sv-SE","@id":"https:\/\/truusk.store\/sv\/produkt\/truusk-paviljong-32x32-m-stabil-och-vinterbestandig-utdragbart-takoverhang-dubbeltak-morkgra\/#primaryimage","url":"https:\/\/i0.wp.com\/truusk.store\/wp-content\/uploads\/2026\/03\/paviljong-32x32-m-stabil-vinterfast-tradgardspaviljong-med-utdragbart-takoverhang-dubbeltak-morkgra-1.webp?fit=2000%2C2000&ssl=1","contentUrl":"https:\/\/i0.wp.com\/truusk.store\/wp-content\/uploads\/2026\/03\/paviljong-32x32-m-stabil-vinterfast-tradgardspaviljong-med-utdragbart-takoverhang-dubbeltak-morkgra-1.webp?fit=2000%2C2000&ssl=1","width":2000,"height":2000},{"@type":"BreadcrumbList","@id":"https:\/\/truusk.store\/sv\/produkt\/truusk-paviljong-32x32-m-stabil-och-vinterbestandig-utdragbart-takoverhang-dubbeltak-morkgra\/#breadcrumb","itemListElement":[{"@type":"ListItem","position":1,"name":"Home","item":"https:\/\/truusk.store\/sv\/"},{"@type":"ListItem","position":2,"name":"Shop","item":"https:\/\/truusk.store\/shop\/"},{"@type":"ListItem","position":3,"name":"TRUUSK Paviljong 3,2&#215;3,2 M &#8211; Stabil och Vinterbest\u00e4ndig &#8211; Utdragbart Tak\u00f6verh\u00e4ng &#8211; Dubbeltak &#8211; M\u00f6rkgr\u00e5"}]},{"@type":"WebSite","@id":"https:\/\/truusk.store\/sv\/#website","url":"https:\/\/truusk.store\/sv\/","name":"TRUUSK - Hem, Tr\u00e4dg\u00e5rd & Fritid","description":"","publisher":{"@id":"https:\/\/truusk.store\/sv\/#organization"},"potentialAction":[{"@type":"SearchAction","target":{"@type":"EntryPoint","urlTemplate":"https:\/\/truusk.store\/sv\/?s={search_term_string}"},"query-input":{"@type":"PropertyValueSpecification","valueRequired":true,"valueName":"search_term_string"}}],"inLanguage":"sv-SE"},{"@type":"Organization","@id":"https:\/\/truusk.store\/sv\/#organization","name":"TRUUSK - Hem, Tr\u00e4dg\u00e5rd & Fritid","url":"https:\/\/truusk.store\/sv\/","logo":{"@type":"ImageObject","inLanguage":"sv-SE","@id":"https:\/\/truusk.store\/sv\/#\/schema\/logo\/image\/","url":"https:\/\/i0.wp.com\/truusk.store\/wp-content\/uploads\/2026\/03\/cropped-TRUUSK.png?fit=2032%2C917&ssl=1","contentUrl":"https:\/\/i0.wp.com\/truusk.store\/wp-content\/uploads\/2026\/03\/cropped-TRUUSK.png?fit=2032%2C917&ssl=1","width":2032,"height":917,"caption":"TRUUSK - Hem, Tr\u00e4dg\u00e5rd & Fritid"},"image":{"@id":"https:\/\/truusk.store\/sv\/#\/schema\/logo\/image\/"}}]}},"jetpack_sharing_enabled":true,"_links":{"self":[{"href":"https:\/\/truusk.store\/sv\/wp-json\/wp\/v2\/product\/108267","targetHints":{"allow":["GET"]}}],"collection":[{"href":"https:\/\/truusk.store\/sv\/wp-json\/wp\/v2\/product"}],"about":[{"href":"https:\/\/truusk.store\/sv\/wp-json\/wp\/v2\/types\/product"}],"wp:featuredmedia":[{"embeddable":true,"href":"https:\/\/truusk.store\/sv\/wp-json\/wp\/v2\/media\/108255"}],"wp:attachment":[{"href":"https:\/\/truusk.store\/sv\/wp-json\/wp\/v2\/media?parent=108267"}],"wp:term":[{"taxonomy":"product_brand","embeddable":true,"href":"https:\/\/truusk.store\/sv\/wp-json\/wp\/v2\/product_brand?post=108267"},{"taxonomy":"product_cat","embeddable":true,"href":"https:\/\/truusk.store\/sv\/wp-json\/wp\/v2\/product_cat?post=108267"},{"taxonomy":"product_tag","embeddable":true,"href":"https:\/\/truusk.store\/sv\/wp-json\/wp\/v2\/product_tag?post=108267"}],"curies":[{"name":"wp","href":"https:\/\/api.w.org\/{rel}","templated":true}]}}