{"id":108277,"date":"2026-03-11T13:53:58","date_gmt":"2026-03-11T12:53:58","guid":{"rendered":"https:\/\/truusk.store\/product\/pabyggnadspaviljong-pergola-med-metallram-vaderbestandig-vaggmonterad-paviljongtak-286-x-384-x-252-m-gra\/"},"modified":"2026-03-12T08:52:37","modified_gmt":"2026-03-12T07:52:37","slug":"truusk-pabyggnadspaviljong-pergola-metallram-vaderbestandig-vaggmonterad-286-x-384-x-252-m-gra","status":"publish","type":"product","link":"https:\/\/truusk.store\/sv\/produkt\/truusk-pabyggnadspaviljong-pergola-metallram-vaderbestandig-vaggmonterad-286-x-384-x-252-m-gra\/","title":{"rendered":"TRUUSK P\u00e5byggnadspaviljong Pergola &#8211; Metallram &#8211; V\u00e4derbest\u00e4ndig &#8211; V\u00e4ggmonterad &#8211; 2,86 x 3,84 x 2,52 M &#8211; Gr\u00e5"},"content":{"rendered":"<p>K\u00e4nns din utomhusomr\u00e5de begr\u00e4nsad och v\u00e4derk\u00e4nslig? [BRAND NAME] pergola utvidgar din terrass p\u00e5litligt. Den v\u00e4ggmonterade designen ger skydd, medan det vattent\u00e4ta UPF 30+ taket och det lutande taket med 16 avloppsh\u00e5l skyddar dig och dina g\u00e4ster fr\u00e5n sol och regn &#8211; f\u00f6r ost\u00f6rda utomhus\u00f6gonblick.<\/p>\n<p>Beskrivning:<\/p>\n<ul>\n<li> Terrasstak med lutande konstruktion, idealisk f\u00f6r enkel utvidgning av din terrassomr\u00e5de<\/li>\n<li> Vattent\u00e4tt 180g-polyestertak med UPF 30+ skyddar mot sol och regn<\/li>\n<li> Lutande tak och 16 dr\u00e4neringsh\u00e5l f\u00f6rhindrar effektivt vattenansamlingar<\/li>\n<li> Robust, pulverlackerad metallram ger stabilitet till denna pergola-paviljong<\/li>\n<li> Inneh\u00e5ller \u00e5tta skruvar och \u00e5tta t\u00e4ltspikar f\u00f6r s\u00e4ker f\u00f6rankring p\u00e5 alla underlag<\/li>\n<li> Gener\u00f6sa m\u00e5tt p\u00e5 384B x 286T x 252H cm erbjuder ett rymligt, skuggigt omr\u00e5de<\/li>\n<li> Montering kr\u00e4vs<\/li>\n<\/ul>\n<p> Tekniska data:<\/p>\n<ul>\n<li> F\u00e4rg: Gr\u00e5+M\u00f6rkgr\u00e5<\/li>\n<li> Material: Polyester, Metall<\/li>\n<li> Totala dimensioner: 286L x 384B x 252H cm<\/li>\n<li> Stolpavst\u00e5nd: 256L x 376B cm<\/li>\n<li> Stolpstorlek: 4L x 4B cm<\/li>\n<li> Vindmotst\u00e5ndsniv\u00e5: 4<\/li>\n<li> Obs: Ej l\u00e4mplig f\u00f6r extrema v\u00e4derf\u00f6rh\u00e5llanden som stormar eller kraftig vind\/regnskurar<\/li>\n<\/ul>\n<p>Leverans inneh\u00e5ller:<\/p>\n<ul>\n<li> 1 x Pergola<\/li>\n<li> 8 x Markankare<\/li>\n<li> 8 x Expansionskruv<\/li>\n<li> 1 x Instruktion<\/li>\n<\/ul>\n","protected":false},"excerpt":{"rendered":"<p>K\u00e4nns din utomhusomr\u00e5de begr\u00e4nsad och v\u00e4derk\u00e4nslig? [BRAND NAME] pergola utvidgar din terrass p\u00e5litligt. Den v\u00e4ggmonterade designen ger skydd, medan det&#8230;<\/p>\n","protected":false},"featured_media":108265,"template":"","meta":[],"product_brand":[],"product_cat":[478,858,476],"product_tag":[],"class_list":{"0":"post-108277","1":"product","2":"type-product","3":"status-publish","4":"has-post-thumbnail","6":"product_cat-pergola","7":"product_cat-tradgard-terrass","8":"product_cat-tradgardspaviljonger","10":"first","11":"instock","12":"sale","13":"taxable","14":"shipping-taxable","15":"purchasable","16":"product-type-simple"},"yoast_head":"<!-- This site is optimized with the Yoast SEO plugin v25.4 - https:\/\/yoast.com\/wordpress\/plugins\/seo\/ -->\n<title>TRUUSK P\u00e5byggnadspaviljong Pergola - Metallram - V\u00e4derbest\u00e4ndig - V\u00e4ggmonterad - 2,86 x 3,84 x 2,52 M - Gr\u00e5 - TRUUSK - Hem, Tr\u00e4dg\u00e5rd &amp; Fritid<\/title>\n<meta name=\"robots\" content=\"index, follow, max-snippet:-1, max-image-preview:large, max-video-preview:-1\" \/>\n<link rel=\"canonical\" href=\"https:\/\/truusk.store\/sv\/produkt\/truusk-pabyggnadspaviljong-pergola-metallram-vaderbestandig-vaggmonterad-286-x-384-x-252-m-gra\/\" \/>\n<meta property=\"og:locale\" content=\"sv_SE\" \/>\n<meta property=\"og:type\" content=\"article\" \/>\n<meta property=\"og:title\" content=\"TRUUSK P\u00e5byggnadspaviljong Pergola - Metallram - V\u00e4derbest\u00e4ndig - V\u00e4ggmonterad - 2,86 x 3,84 x 2,52 M - Gr\u00e5 - TRUUSK - Hem, Tr\u00e4dg\u00e5rd &amp; Fritid\" \/>\n<meta property=\"og:description\" content=\"K\u00e4nns din utomhusomr\u00e5de begr\u00e4nsad och v\u00e4derk\u00e4nslig? [BRAND NAME] pergola utvidgar din terrass p\u00e5litligt. Den v\u00e4ggmonterade designen ger skydd, medan det...\" \/>\n<meta property=\"og:url\" content=\"https:\/\/truusk.store\/sv\/produkt\/truusk-pabyggnadspaviljong-pergola-metallram-vaderbestandig-vaggmonterad-286-x-384-x-252-m-gra\/\" \/>\n<meta property=\"og:site_name\" content=\"TRUUSK - Hem, Tr\u00e4dg\u00e5rd &amp; Fritid\" \/>\n<meta property=\"article:modified_time\" content=\"2026-03-12T07:52:37+00:00\" \/>\n<meta property=\"og:image\" content=\"https:\/\/i0.wp.com\/truusk.se\/wp-content\/uploads\/2026\/03\/pabyggnadspaviljong-pergola-med-metallram-vaderbestandig-vaggmonterad-paviljongtak-286-x-384-x-252-m-gra-1.webp?fit=2000%2C2000&ssl=1\" \/>\n\t<meta property=\"og:image:width\" content=\"2000\" \/>\n\t<meta property=\"og:image:height\" content=\"2000\" \/>\n\t<meta property=\"og:image:type\" content=\"image\/webp\" \/>\n<meta name=\"twitter:card\" content=\"summary_large_image\" \/>\n<meta name=\"twitter:label1\" content=\"Ber\u00e4knad l\u00e4stid\" \/>\n\t<meta name=\"twitter:data1\" content=\"1 minut\" \/>\n<!-- \/ Yoast SEO plugin. -->","yoast_head_json":{"title":"TRUUSK P\u00e5byggnadspaviljong Pergola - Metallram - V\u00e4derbest\u00e4ndig - V\u00e4ggmonterad - 2,86 x 3,84 x 2,52 M - Gr\u00e5 - TRUUSK - Hem, Tr\u00e4dg\u00e5rd &amp; Fritid","robots":{"index":"index","follow":"follow","max-snippet":"max-snippet:-1","max-image-preview":"max-image-preview:large","max-video-preview":"max-video-preview:-1"},"canonical":"https:\/\/truusk.store\/sv\/produkt\/truusk-pabyggnadspaviljong-pergola-metallram-vaderbestandig-vaggmonterad-286-x-384-x-252-m-gra\/","og_locale":"sv_SE","og_type":"article","og_title":"TRUUSK P\u00e5byggnadspaviljong Pergola - Metallram - V\u00e4derbest\u00e4ndig - V\u00e4ggmonterad - 2,86 x 3,84 x 2,52 M - Gr\u00e5 - TRUUSK - Hem, Tr\u00e4dg\u00e5rd &amp; Fritid","og_description":"K\u00e4nns din utomhusomr\u00e5de begr\u00e4nsad och v\u00e4derk\u00e4nslig? [BRAND NAME] pergola utvidgar din terrass p\u00e5litligt. Den v\u00e4ggmonterade designen ger skydd, medan det...","og_url":"https:\/\/truusk.store\/sv\/produkt\/truusk-pabyggnadspaviljong-pergola-metallram-vaderbestandig-vaggmonterad-286-x-384-x-252-m-gra\/","og_site_name":"TRUUSK - Hem, Tr\u00e4dg\u00e5rd &amp; Fritid","article_modified_time":"2026-03-12T07:52:37+00:00","og_image":[{"width":2000,"height":2000,"url":"https:\/\/i0.wp.com\/truusk.se\/wp-content\/uploads\/2026\/03\/pabyggnadspaviljong-pergola-med-metallram-vaderbestandig-vaggmonterad-paviljongtak-286-x-384-x-252-m-gra-1.webp?fit=2000%2C2000&ssl=1","type":"image\/webp"}],"twitter_card":"summary_large_image","twitter_misc":{"Ber\u00e4knad l\u00e4stid":"1 minut"},"schema":{"@context":"https:\/\/schema.org","@graph":[{"@type":"WebPage","@id":"https:\/\/truusk.store\/sv\/produkt\/truusk-pabyggnadspaviljong-pergola-metallram-vaderbestandig-vaggmonterad-286-x-384-x-252-m-gra\/","url":"https:\/\/truusk.store\/sv\/produkt\/truusk-pabyggnadspaviljong-pergola-metallram-vaderbestandig-vaggmonterad-286-x-384-x-252-m-gra\/","name":"TRUUSK P\u00e5byggnadspaviljong Pergola - Metallram - V\u00e4derbest\u00e4ndig - V\u00e4ggmonterad - 2,86 x 3,84 x 2,52 M - Gr\u00e5 - TRUUSK - Hem, Tr\u00e4dg\u00e5rd &amp; Fritid","isPartOf":{"@id":"https:\/\/truusk.store\/sv\/#website"},"primaryImageOfPage":{"@id":"https:\/\/truusk.store\/sv\/produkt\/truusk-pabyggnadspaviljong-pergola-metallram-vaderbestandig-vaggmonterad-286-x-384-x-252-m-gra\/#primaryimage"},"image":{"@id":"https:\/\/truusk.store\/sv\/produkt\/truusk-pabyggnadspaviljong-pergola-metallram-vaderbestandig-vaggmonterad-286-x-384-x-252-m-gra\/#primaryimage"},"thumbnailUrl":"https:\/\/i0.wp.com\/truusk.store\/wp-content\/uploads\/2026\/03\/pabyggnadspaviljong-pergola-med-metallram-vaderbestandig-vaggmonterad-paviljongtak-286-x-384-x-252-m-gra-1.webp?fit=2000%2C2000&ssl=1","datePublished":"2026-03-11T12:53:58+00:00","dateModified":"2026-03-12T07:52:37+00:00","breadcrumb":{"@id":"https:\/\/truusk.store\/sv\/produkt\/truusk-pabyggnadspaviljong-pergola-metallram-vaderbestandig-vaggmonterad-286-x-384-x-252-m-gra\/#breadcrumb"},"inLanguage":"sv-SE","potentialAction":[{"@type":"ReadAction","target":["https:\/\/truusk.store\/sv\/produkt\/truusk-pabyggnadspaviljong-pergola-metallram-vaderbestandig-vaggmonterad-286-x-384-x-252-m-gra\/"]}]},{"@type":"ImageObject","inLanguage":"sv-SE","@id":"https:\/\/truusk.store\/sv\/produkt\/truusk-pabyggnadspaviljong-pergola-metallram-vaderbestandig-vaggmonterad-286-x-384-x-252-m-gra\/#primaryimage","url":"https:\/\/i0.wp.com\/truusk.store\/wp-content\/uploads\/2026\/03\/pabyggnadspaviljong-pergola-med-metallram-vaderbestandig-vaggmonterad-paviljongtak-286-x-384-x-252-m-gra-1.webp?fit=2000%2C2000&ssl=1","contentUrl":"https:\/\/i0.wp.com\/truusk.store\/wp-content\/uploads\/2026\/03\/pabyggnadspaviljong-pergola-med-metallram-vaderbestandig-vaggmonterad-paviljongtak-286-x-384-x-252-m-gra-1.webp?fit=2000%2C2000&ssl=1","width":2000,"height":2000},{"@type":"BreadcrumbList","@id":"https:\/\/truusk.store\/sv\/produkt\/truusk-pabyggnadspaviljong-pergola-metallram-vaderbestandig-vaggmonterad-286-x-384-x-252-m-gra\/#breadcrumb","itemListElement":[{"@type":"ListItem","position":1,"name":"Home","item":"https:\/\/truusk.store\/sv\/"},{"@type":"ListItem","position":2,"name":"Shop","item":"https:\/\/truusk.store\/shop\/"},{"@type":"ListItem","position":3,"name":"TRUUSK P\u00e5byggnadspaviljong Pergola &#8211; Metallram &#8211; V\u00e4derbest\u00e4ndig &#8211; V\u00e4ggmonterad &#8211; 2,86 x 3,84 x 2,52 M &#8211; Gr\u00e5"}]},{"@type":"WebSite","@id":"https:\/\/truusk.store\/sv\/#website","url":"https:\/\/truusk.store\/sv\/","name":"TRUUSK - Hem, Tr\u00e4dg\u00e5rd & Fritid","description":"","publisher":{"@id":"https:\/\/truusk.store\/sv\/#organization"},"potentialAction":[{"@type":"SearchAction","target":{"@type":"EntryPoint","urlTemplate":"https:\/\/truusk.store\/sv\/?s={search_term_string}"},"query-input":{"@type":"PropertyValueSpecification","valueRequired":true,"valueName":"search_term_string"}}],"inLanguage":"sv-SE"},{"@type":"Organization","@id":"https:\/\/truusk.store\/sv\/#organization","name":"TRUUSK - Hem, Tr\u00e4dg\u00e5rd & Fritid","url":"https:\/\/truusk.store\/sv\/","logo":{"@type":"ImageObject","inLanguage":"sv-SE","@id":"https:\/\/truusk.store\/sv\/#\/schema\/logo\/image\/","url":"https:\/\/i0.wp.com\/truusk.store\/wp-content\/uploads\/2026\/03\/cropped-TRUUSK.png?fit=2032%2C917&ssl=1","contentUrl":"https:\/\/i0.wp.com\/truusk.store\/wp-content\/uploads\/2026\/03\/cropped-TRUUSK.png?fit=2032%2C917&ssl=1","width":2032,"height":917,"caption":"TRUUSK - Hem, Tr\u00e4dg\u00e5rd & Fritid"},"image":{"@id":"https:\/\/truusk.store\/sv\/#\/schema\/logo\/image\/"}}]}},"jetpack_sharing_enabled":true,"_links":{"self":[{"href":"https:\/\/truusk.store\/sv\/wp-json\/wp\/v2\/product\/108277","targetHints":{"allow":["GET"]}}],"collection":[{"href":"https:\/\/truusk.store\/sv\/wp-json\/wp\/v2\/product"}],"about":[{"href":"https:\/\/truusk.store\/sv\/wp-json\/wp\/v2\/types\/product"}],"wp:featuredmedia":[{"embeddable":true,"href":"https:\/\/truusk.store\/sv\/wp-json\/wp\/v2\/media\/108265"}],"wp:attachment":[{"href":"https:\/\/truusk.store\/sv\/wp-json\/wp\/v2\/media?parent=108277"}],"wp:term":[{"taxonomy":"product_brand","embeddable":true,"href":"https:\/\/truusk.store\/sv\/wp-json\/wp\/v2\/product_brand?post=108277"},{"taxonomy":"product_cat","embeddable":true,"href":"https:\/\/truusk.store\/sv\/wp-json\/wp\/v2\/product_cat?post=108277"},{"taxonomy":"product_tag","embeddable":true,"href":"https:\/\/truusk.store\/sv\/wp-json\/wp\/v2\/product_tag?post=108277"}],"curies":[{"name":"wp","href":"https:\/\/api.w.org\/{rel}","templated":true}]}}