{"id":108289,"date":"2026-03-11T13:55:06","date_gmt":"2026-03-11T12:55:06","guid":{"rendered":"https:\/\/truusk.store\/product\/reservtak-for-paviljong-3x3m-vattenavvisande-paviljongtak-med-dubbel-tak-vattenavloppshal-khaki\/"},"modified":"2026-03-12T08:52:40","modified_gmt":"2026-03-12T07:52:40","slug":"truusk-reservtak-for-paviljong-3x3m-vattenavvisande-dubbel-tak-vattenavloppshal-khaki","status":"publish","type":"product","link":"https:\/\/truusk.store\/sv\/produkt\/truusk-reservtak-for-paviljong-3x3m-vattenavvisande-dubbel-tak-vattenavloppshal-khaki\/","title":{"rendered":"TRUUSK Reservtak f\u00f6r Paviljong 3x3m &#8211; Vattenavvisande &#8211; Dubbel tak &#8211; Vattenavloppsh\u00e5l &#8211; Khaki"},"content":{"rendered":"<p>Ett slitet ers\u00e4ttningstak kan p\u00e5verka komforten i ditt utomhusomr\u00e5de och uts\u00e4tta familjefester f\u00f6r den br\u00e4nnande solen. Fr\u00e4scha upp din setup med detta ers\u00e4ttningstak fr\u00e5n [BRAND NAME], som passar f\u00f6r 3 x 3 m paviljonger &#8211; v\u00e4nligen kontrollera kompatibiliteten innan k\u00f6p. Den stiliga tv\u00e5f\u00e4rgade tyget med UPF 30+ skydd skapar en svalare, mer behaglig milj\u00f6 och ger ny skugga samt ett rent, modernt utseende p\u00e5 din terrass f\u00f6r avkopplande utomhusliv.<\/p>\n<p>Beskrivning:<\/p>\n<ul>\n<li> Ers\u00e4ttningstak f\u00f6r paviljong passar f\u00f6r 3 x 3 m dubbeltak paviljonger f\u00f6r en enkel uppgradering<\/li>\n<li> 2-stegs paviljongtak med n\u00e4ttyg f\u00f6r att f\u00f6rb\u00e4ttra luftcirkulationen och stabiliteten i bl\u00e5siga f\u00f6rh\u00e5llanden<\/li>\n<li> Snygg tv\u00e5f\u00e4rgad design ger din terrass eller tr\u00e4dg\u00e5rd en modern touch<\/li>\n<li> Tillverkad av 180 g\/m\u00b2 polyester med PA-bel\u00e4ggning, erbjuder UPF 30+ solskydd<\/li>\n<li> \u00c5tta \u00f6ljetter hj\u00e4lper till att dr\u00e4nera vatten f\u00f6r att f\u00f6rhindra h\u00e4ngning och f\u00f6rl\u00e4nga livsl\u00e4ngden<\/li>\n<li> Enkla krok- och \u00f6glor g\u00f6r det snabbt och enkelt att f\u00e4sta p\u00e5 ramen av din paviljong<\/li>\n<li> Ers\u00e4ttningstak ENDAST f\u00f6r toppen<\/li>\n<\/ul>\n<p> Tekniska specifikationer:<\/p>\n<ul>\n<li> F\u00e4rg: Khaki+Brun<\/li>\n<li> Material: Polyester<\/li>\n<li> Totala dimensioner: 300L x 300B cm<\/li>\n<li> \u00d6vre sm\u00e5 dimensioner: 90L x 90B cm<\/li>\n<li> \u00d6vre \u00f6ppning av taket: (stor) 59L x 59B cm<\/li>\n<li> Snedst\u00e4llda kantl\u00e4ngder: (liten tak) 51 cm, (stort tak) 173 cm<\/li>\n<li> Passar f\u00f6r: 3L x 3B m paviljong med dubbeltak<\/li>\n<\/ul>\n<p>Leveransinneh\u00e5ll:<\/p>\n<ul>\n<li> 1 x Ers\u00e4ttningstak f\u00f6r paviljong;<\/li>\n<\/ul>\n","protected":false},"excerpt":{"rendered":"<p>Ett slitet ers\u00e4ttningstak kan p\u00e5verka komforten i ditt utomhusomr\u00e5de och uts\u00e4tta familjefester f\u00f6r den br\u00e4nnande solen. Fr\u00e4scha upp din setup&#8230;<\/p>\n","protected":false},"featured_media":108276,"template":"","meta":[],"product_brand":[],"product_cat":[479,858,476],"product_tag":[],"class_list":{"0":"post-108289","1":"product","2":"type-product","3":"status-publish","4":"has-post-thumbnail","6":"product_cat-paviljongtak","7":"product_cat-tradgard-terrass","8":"product_cat-tradgardspaviljonger","10":"first","11":"instock","12":"sale","13":"taxable","14":"shipping-taxable","15":"purchasable","16":"product-type-simple"},"yoast_head":"<!-- This site is optimized with the Yoast SEO plugin v25.4 - https:\/\/yoast.com\/wordpress\/plugins\/seo\/ -->\n<title>TRUUSK Reservtak f\u00f6r Paviljong 3x3m - Vattenavvisande - Dubbel tak - Vattenavloppsh\u00e5l - Khaki - TRUUSK - Hem, Tr\u00e4dg\u00e5rd &amp; Fritid<\/title>\n<meta name=\"robots\" content=\"index, follow, max-snippet:-1, max-image-preview:large, max-video-preview:-1\" \/>\n<link rel=\"canonical\" href=\"https:\/\/truusk.store\/sv\/produkt\/truusk-reservtak-for-paviljong-3x3m-vattenavvisande-dubbel-tak-vattenavloppshal-khaki\/\" \/>\n<meta property=\"og:locale\" content=\"sv_SE\" \/>\n<meta property=\"og:type\" content=\"article\" \/>\n<meta property=\"og:title\" content=\"TRUUSK Reservtak f\u00f6r Paviljong 3x3m - Vattenavvisande - Dubbel tak - Vattenavloppsh\u00e5l - Khaki - TRUUSK - Hem, Tr\u00e4dg\u00e5rd &amp; Fritid\" \/>\n<meta property=\"og:description\" content=\"Ett slitet ers\u00e4ttningstak kan p\u00e5verka komforten i ditt utomhusomr\u00e5de och uts\u00e4tta familjefester f\u00f6r den br\u00e4nnande solen. Fr\u00e4scha upp din setup...\" \/>\n<meta property=\"og:url\" content=\"https:\/\/truusk.store\/sv\/produkt\/truusk-reservtak-for-paviljong-3x3m-vattenavvisande-dubbel-tak-vattenavloppshal-khaki\/\" \/>\n<meta property=\"og:site_name\" content=\"TRUUSK - Hem, Tr\u00e4dg\u00e5rd &amp; Fritid\" \/>\n<meta property=\"article:modified_time\" content=\"2026-03-12T07:52:40+00:00\" \/>\n<meta property=\"og:image\" content=\"https:\/\/i0.wp.com\/truusk.se\/wp-content\/uploads\/2026\/03\/reservtak-for-paviljong-3x3m-vattenavvisande-paviljongtak-med-dubbel-tak-vattenavloppshal-khaki-1.webp?fit=2000%2C2000&ssl=1\" \/>\n\t<meta property=\"og:image:width\" content=\"2000\" \/>\n\t<meta property=\"og:image:height\" content=\"2000\" \/>\n\t<meta property=\"og:image:type\" content=\"image\/webp\" \/>\n<meta name=\"twitter:card\" content=\"summary_large_image\" \/>\n<meta name=\"twitter:label1\" content=\"Ber\u00e4knad l\u00e4stid\" \/>\n\t<meta name=\"twitter:data1\" content=\"1 minut\" \/>\n<!-- \/ Yoast SEO plugin. -->","yoast_head_json":{"title":"TRUUSK Reservtak f\u00f6r Paviljong 3x3m - Vattenavvisande - Dubbel tak - Vattenavloppsh\u00e5l - Khaki - TRUUSK - Hem, Tr\u00e4dg\u00e5rd &amp; Fritid","robots":{"index":"index","follow":"follow","max-snippet":"max-snippet:-1","max-image-preview":"max-image-preview:large","max-video-preview":"max-video-preview:-1"},"canonical":"https:\/\/truusk.store\/sv\/produkt\/truusk-reservtak-for-paviljong-3x3m-vattenavvisande-dubbel-tak-vattenavloppshal-khaki\/","og_locale":"sv_SE","og_type":"article","og_title":"TRUUSK Reservtak f\u00f6r Paviljong 3x3m - Vattenavvisande - Dubbel tak - Vattenavloppsh\u00e5l - Khaki - TRUUSK - Hem, Tr\u00e4dg\u00e5rd &amp; Fritid","og_description":"Ett slitet ers\u00e4ttningstak kan p\u00e5verka komforten i ditt utomhusomr\u00e5de och uts\u00e4tta familjefester f\u00f6r den br\u00e4nnande solen. Fr\u00e4scha upp din setup...","og_url":"https:\/\/truusk.store\/sv\/produkt\/truusk-reservtak-for-paviljong-3x3m-vattenavvisande-dubbel-tak-vattenavloppshal-khaki\/","og_site_name":"TRUUSK - Hem, Tr\u00e4dg\u00e5rd &amp; Fritid","article_modified_time":"2026-03-12T07:52:40+00:00","og_image":[{"width":2000,"height":2000,"url":"https:\/\/i0.wp.com\/truusk.se\/wp-content\/uploads\/2026\/03\/reservtak-for-paviljong-3x3m-vattenavvisande-paviljongtak-med-dubbel-tak-vattenavloppshal-khaki-1.webp?fit=2000%2C2000&ssl=1","type":"image\/webp"}],"twitter_card":"summary_large_image","twitter_misc":{"Ber\u00e4knad l\u00e4stid":"1 minut"},"schema":{"@context":"https:\/\/schema.org","@graph":[{"@type":"WebPage","@id":"https:\/\/truusk.store\/sv\/produkt\/truusk-reservtak-for-paviljong-3x3m-vattenavvisande-dubbel-tak-vattenavloppshal-khaki\/","url":"https:\/\/truusk.store\/sv\/produkt\/truusk-reservtak-for-paviljong-3x3m-vattenavvisande-dubbel-tak-vattenavloppshal-khaki\/","name":"TRUUSK Reservtak f\u00f6r Paviljong 3x3m - Vattenavvisande - Dubbel tak - Vattenavloppsh\u00e5l - Khaki - TRUUSK - Hem, Tr\u00e4dg\u00e5rd &amp; Fritid","isPartOf":{"@id":"https:\/\/truusk.store\/sv\/#website"},"primaryImageOfPage":{"@id":"https:\/\/truusk.store\/sv\/produkt\/truusk-reservtak-for-paviljong-3x3m-vattenavvisande-dubbel-tak-vattenavloppshal-khaki\/#primaryimage"},"image":{"@id":"https:\/\/truusk.store\/sv\/produkt\/truusk-reservtak-for-paviljong-3x3m-vattenavvisande-dubbel-tak-vattenavloppshal-khaki\/#primaryimage"},"thumbnailUrl":"https:\/\/i0.wp.com\/truusk.store\/wp-content\/uploads\/2026\/03\/reservtak-for-paviljong-3x3m-vattenavvisande-paviljongtak-med-dubbel-tak-vattenavloppshal-khaki-1.webp?fit=2000%2C2000&ssl=1","datePublished":"2026-03-11T12:55:06+00:00","dateModified":"2026-03-12T07:52:40+00:00","breadcrumb":{"@id":"https:\/\/truusk.store\/sv\/produkt\/truusk-reservtak-for-paviljong-3x3m-vattenavvisande-dubbel-tak-vattenavloppshal-khaki\/#breadcrumb"},"inLanguage":"sv-SE","potentialAction":[{"@type":"ReadAction","target":["https:\/\/truusk.store\/sv\/produkt\/truusk-reservtak-for-paviljong-3x3m-vattenavvisande-dubbel-tak-vattenavloppshal-khaki\/"]}]},{"@type":"ImageObject","inLanguage":"sv-SE","@id":"https:\/\/truusk.store\/sv\/produkt\/truusk-reservtak-for-paviljong-3x3m-vattenavvisande-dubbel-tak-vattenavloppshal-khaki\/#primaryimage","url":"https:\/\/i0.wp.com\/truusk.store\/wp-content\/uploads\/2026\/03\/reservtak-for-paviljong-3x3m-vattenavvisande-paviljongtak-med-dubbel-tak-vattenavloppshal-khaki-1.webp?fit=2000%2C2000&ssl=1","contentUrl":"https:\/\/i0.wp.com\/truusk.store\/wp-content\/uploads\/2026\/03\/reservtak-for-paviljong-3x3m-vattenavvisande-paviljongtak-med-dubbel-tak-vattenavloppshal-khaki-1.webp?fit=2000%2C2000&ssl=1","width":2000,"height":2000},{"@type":"BreadcrumbList","@id":"https:\/\/truusk.store\/sv\/produkt\/truusk-reservtak-for-paviljong-3x3m-vattenavvisande-dubbel-tak-vattenavloppshal-khaki\/#breadcrumb","itemListElement":[{"@type":"ListItem","position":1,"name":"Home","item":"https:\/\/truusk.store\/sv\/"},{"@type":"ListItem","position":2,"name":"Shop","item":"https:\/\/truusk.store\/shop\/"},{"@type":"ListItem","position":3,"name":"TRUUSK Reservtak f\u00f6r Paviljong 3x3m &#8211; Vattenavvisande &#8211; Dubbel tak &#8211; Vattenavloppsh\u00e5l &#8211; Khaki"}]},{"@type":"WebSite","@id":"https:\/\/truusk.store\/sv\/#website","url":"https:\/\/truusk.store\/sv\/","name":"TRUUSK - Hem, Tr\u00e4dg\u00e5rd & Fritid","description":"","publisher":{"@id":"https:\/\/truusk.store\/sv\/#organization"},"potentialAction":[{"@type":"SearchAction","target":{"@type":"EntryPoint","urlTemplate":"https:\/\/truusk.store\/sv\/?s={search_term_string}"},"query-input":{"@type":"PropertyValueSpecification","valueRequired":true,"valueName":"search_term_string"}}],"inLanguage":"sv-SE"},{"@type":"Organization","@id":"https:\/\/truusk.store\/sv\/#organization","name":"TRUUSK - Hem, Tr\u00e4dg\u00e5rd & Fritid","url":"https:\/\/truusk.store\/sv\/","logo":{"@type":"ImageObject","inLanguage":"sv-SE","@id":"https:\/\/truusk.store\/sv\/#\/schema\/logo\/image\/","url":"https:\/\/i0.wp.com\/truusk.store\/wp-content\/uploads\/2026\/03\/cropped-TRUUSK.png?fit=2032%2C917&ssl=1","contentUrl":"https:\/\/i0.wp.com\/truusk.store\/wp-content\/uploads\/2026\/03\/cropped-TRUUSK.png?fit=2032%2C917&ssl=1","width":2032,"height":917,"caption":"TRUUSK - Hem, Tr\u00e4dg\u00e5rd & Fritid"},"image":{"@id":"https:\/\/truusk.store\/sv\/#\/schema\/logo\/image\/"}}]}},"jetpack_sharing_enabled":true,"_links":{"self":[{"href":"https:\/\/truusk.store\/sv\/wp-json\/wp\/v2\/product\/108289","targetHints":{"allow":["GET"]}}],"collection":[{"href":"https:\/\/truusk.store\/sv\/wp-json\/wp\/v2\/product"}],"about":[{"href":"https:\/\/truusk.store\/sv\/wp-json\/wp\/v2\/types\/product"}],"wp:featuredmedia":[{"embeddable":true,"href":"https:\/\/truusk.store\/sv\/wp-json\/wp\/v2\/media\/108276"}],"wp:attachment":[{"href":"https:\/\/truusk.store\/sv\/wp-json\/wp\/v2\/media?parent=108289"}],"wp:term":[{"taxonomy":"product_brand","embeddable":true,"href":"https:\/\/truusk.store\/sv\/wp-json\/wp\/v2\/product_brand?post=108289"},{"taxonomy":"product_cat","embeddable":true,"href":"https:\/\/truusk.store\/sv\/wp-json\/wp\/v2\/product_cat?post=108289"},{"taxonomy":"product_tag","embeddable":true,"href":"https:\/\/truusk.store\/sv\/wp-json\/wp\/v2\/product_tag?post=108289"}],"curies":[{"name":"wp","href":"https:\/\/api.w.org\/{rel}","templated":true}]}}