{"id":108309,"date":"2026-03-11T13:57:22","date_gmt":"2026-03-11T12:57:22","guid":{"rendered":"https:\/\/truusk.store\/product\/tradgardspaviljong-ca-4x3m-aluminium-paviljong-med-polykarbonattak-6-mm-myggnat-4-sidopaneler-trautseende-naturligt-tra\/"},"modified":"2026-03-12T08:52:49","modified_gmt":"2026-03-12T07:52:49","slug":"truusk-tradgardspaviljong-4x3m-aluminium-med-polykarbonattak-myggnat-sidopaneler-naturligt-trautseende","status":"publish","type":"product","link":"https:\/\/truusk.store\/sv\/produkt\/truusk-tradgardspaviljong-4x3m-aluminium-med-polykarbonattak-myggnat-sidopaneler-naturligt-trautseende\/","title":{"rendered":"TRUUSK Tr\u00e4dg\u00e5rdspaviljong 4x3m &#8211; Aluminium med Polykarbonattak &#8211; Myggn\u00e4t &#8211; Sidopaneler &#8211; Naturligt Tr\u00e4utseende"},"content":{"rendered":"<p>Skapa ett bekv\u00e4mt, privat utomhusparadis med [BRAND NAME] ca 4 x 3 m tr\u00e4dg\u00e5rdspaviljong. Den robusta polykarbonattaket sl\u00e4pper in dagsljus och skyddar mot alla v\u00e4der. Med st\u00e4ngda gardiner skapas en lugn tillflyktsort &#8211; perfekt f\u00f6r att koppla av eller f\u00f6r ett spa-bad &#8211; \u00f6ppet skapar det en luftig atmosf\u00e4r. Paviljongens stabila aluminiumram, f\u00e4stelement och takkrokar skapar en individuell tr\u00e4dg\u00e5rdsoas.<\/p>\n<p>Beskrivning:<\/p>\n<ul>\n<li> PC-tak f\u00f6r v\u00e4derskydd mot regn, sn\u00f6 och solstr\u00e5lning, idealiskt f\u00f6r denna paviljong<\/li>\n<li> Den fullst\u00e4ndiga aluminiumramen och de 7,6 x 7,6 cm tjocka triangelpelarna med triangul\u00e4ra st\u00f6d g\u00f6r denna tr\u00e4dg\u00e5rdspaviljong stark och stabil<\/li>\n<li> Tr\u00e4kornutseende ger en touch av naturlig elegans<\/li>\n<li> Inneh\u00e5ller gardiner f\u00f6r privata inst\u00e4llningar och ett n\u00e4ttyg f\u00f6r ventilation och f\u00f6r att h\u00e5lla o\u00f6nskade g\u00e4ster borta<\/li>\n<li> Takkrokar m\u00f6jligg\u00f6r enkel dekoration och upph\u00e4ngning av tillbeh\u00f6r p\u00e5 din paviljong<\/li>\n<li> Expansionskruvar och markankare f\u00f6r en fast installation<\/li>\n<li> Montering kr\u00e4vs<\/li>\n<\/ul>\n<p> Tekniska data:<\/p>\n<ul>\n<li> F\u00e4rg: Naturtr\u00e4+M\u00f6rkgr\u00e5+Svart<\/li>\n<li> Material: Aluminium, Polyester<\/li>\n<li> Totala dimensioner: 398L x 298B x 262H cm<\/li>\n<li> Pelardimensioner: 76L x 76B mm<\/li>\n<li> Pelaravst\u00e5nd: 355L x 255B cm<\/li>\n<li> Enskild gardinstorlek: 345B x 208H cm<\/li>\n<li> Enskild n\u00e4tstorlek: 345B x 208H cm<\/li>\n<li> Takfotsh\u00f6jd: 196 cm<\/li>\n<li> Sn\u00f6last: 15 kg\/\u33a1<\/li>\n<li> Vindskyddsniv\u00e5: 5-7 (med skruvar eller t\u00e4ltspikar)<\/li>\n<li> Obs: V\u00e4nligen rensa sn\u00f6n p\u00e5 taket omedelbart f\u00f6r att undvika \u00f6verdriven vikt.<\/li>\n<\/ul>\n<p>Leveransinneh\u00e5ll:<\/p>\n<ul>\n<li> 1 x Hardtop-paviljong<\/li>\n<li> 8 x Expansionskruv<\/li>\n<li> 16 x Markankare<\/li>\n<li> 1 x Instruktioner<\/li>\n<li>Viktigt: Vi levererar artikeln till dig kostnadsfritt till trottoarkanten. Var v\u00e4nlig och se till att adressen och telefonnumret \u00e4r korrekt.<\/li>\n<\/ul>\n","protected":false},"excerpt":{"rendered":"<p>Skapa ett bekv\u00e4mt, privat utomhusparadis med [BRAND NAME] ca 4 x 3 m tr\u00e4dg\u00e5rdspaviljong. Den robusta polykarbonattaket sl\u00e4pper in dagsljus&#8230;<\/p>\n","protected":false},"featured_media":108297,"template":"","meta":[],"product_brand":[],"product_cat":[477,858,476],"product_tag":[],"class_list":{"0":"post-108309","1":"product","2":"type-product","3":"status-publish","4":"has-post-thumbnail","6":"product_cat-paviljonger-partytalt","7":"product_cat-tradgard-terrass","8":"product_cat-tradgardspaviljonger","10":"first","11":"instock","12":"sale","13":"taxable","14":"shipping-taxable","15":"purchasable","16":"product-type-simple"},"yoast_head":"<!-- This site is optimized with the Yoast SEO plugin v25.4 - https:\/\/yoast.com\/wordpress\/plugins\/seo\/ -->\n<title>TRUUSK Tr\u00e4dg\u00e5rdspaviljong 4x3m - Aluminium med Polykarbonattak - Myggn\u00e4t - Sidopaneler - Naturligt Tr\u00e4utseende - TRUUSK - Hem, Tr\u00e4dg\u00e5rd &amp; Fritid<\/title>\n<meta name=\"robots\" content=\"index, follow, max-snippet:-1, max-image-preview:large, max-video-preview:-1\" \/>\n<link rel=\"canonical\" href=\"https:\/\/truusk.store\/sv\/produkt\/truusk-tradgardspaviljong-4x3m-aluminium-med-polykarbonattak-myggnat-sidopaneler-naturligt-trautseende\/\" \/>\n<meta property=\"og:locale\" content=\"sv_SE\" \/>\n<meta property=\"og:type\" content=\"article\" \/>\n<meta property=\"og:title\" content=\"TRUUSK Tr\u00e4dg\u00e5rdspaviljong 4x3m - Aluminium med Polykarbonattak - Myggn\u00e4t - Sidopaneler - Naturligt Tr\u00e4utseende - TRUUSK - Hem, Tr\u00e4dg\u00e5rd &amp; Fritid\" \/>\n<meta property=\"og:description\" content=\"Skapa ett bekv\u00e4mt, privat utomhusparadis med [BRAND NAME] ca 4 x 3 m tr\u00e4dg\u00e5rdspaviljong. Den robusta polykarbonattaket sl\u00e4pper in dagsljus...\" \/>\n<meta property=\"og:url\" content=\"https:\/\/truusk.store\/sv\/produkt\/truusk-tradgardspaviljong-4x3m-aluminium-med-polykarbonattak-myggnat-sidopaneler-naturligt-trautseende\/\" \/>\n<meta property=\"og:site_name\" content=\"TRUUSK - Hem, Tr\u00e4dg\u00e5rd &amp; Fritid\" \/>\n<meta property=\"article:modified_time\" content=\"2026-03-12T07:52:49+00:00\" \/>\n<meta property=\"og:image\" content=\"https:\/\/i0.wp.com\/truusk.se\/wp-content\/uploads\/2026\/03\/tradgardspaviljong-ca-4x3m-aluminium-paviljong-med-polykarbonattak-6-mm-myggnat-4-sidopaneler-trautseende-naturligt-tra-1.webp?fit=2000%2C2000&ssl=1\" \/>\n\t<meta property=\"og:image:width\" content=\"2000\" \/>\n\t<meta property=\"og:image:height\" content=\"2000\" \/>\n\t<meta property=\"og:image:type\" content=\"image\/webp\" \/>\n<meta name=\"twitter:card\" content=\"summary_large_image\" \/>\n<meta name=\"twitter:label1\" content=\"Ber\u00e4knad l\u00e4stid\" \/>\n\t<meta name=\"twitter:data1\" content=\"1 minut\" \/>\n<!-- \/ Yoast SEO plugin. -->","yoast_head_json":{"title":"TRUUSK Tr\u00e4dg\u00e5rdspaviljong 4x3m - Aluminium med Polykarbonattak - Myggn\u00e4t - Sidopaneler - Naturligt Tr\u00e4utseende - TRUUSK - Hem, Tr\u00e4dg\u00e5rd &amp; Fritid","robots":{"index":"index","follow":"follow","max-snippet":"max-snippet:-1","max-image-preview":"max-image-preview:large","max-video-preview":"max-video-preview:-1"},"canonical":"https:\/\/truusk.store\/sv\/produkt\/truusk-tradgardspaviljong-4x3m-aluminium-med-polykarbonattak-myggnat-sidopaneler-naturligt-trautseende\/","og_locale":"sv_SE","og_type":"article","og_title":"TRUUSK Tr\u00e4dg\u00e5rdspaviljong 4x3m - Aluminium med Polykarbonattak - Myggn\u00e4t - Sidopaneler - Naturligt Tr\u00e4utseende - TRUUSK - Hem, Tr\u00e4dg\u00e5rd &amp; Fritid","og_description":"Skapa ett bekv\u00e4mt, privat utomhusparadis med [BRAND NAME] ca 4 x 3 m tr\u00e4dg\u00e5rdspaviljong. Den robusta polykarbonattaket sl\u00e4pper in dagsljus...","og_url":"https:\/\/truusk.store\/sv\/produkt\/truusk-tradgardspaviljong-4x3m-aluminium-med-polykarbonattak-myggnat-sidopaneler-naturligt-trautseende\/","og_site_name":"TRUUSK - Hem, Tr\u00e4dg\u00e5rd &amp; Fritid","article_modified_time":"2026-03-12T07:52:49+00:00","og_image":[{"width":2000,"height":2000,"url":"https:\/\/i0.wp.com\/truusk.se\/wp-content\/uploads\/2026\/03\/tradgardspaviljong-ca-4x3m-aluminium-paviljong-med-polykarbonattak-6-mm-myggnat-4-sidopaneler-trautseende-naturligt-tra-1.webp?fit=2000%2C2000&ssl=1","type":"image\/webp"}],"twitter_card":"summary_large_image","twitter_misc":{"Ber\u00e4knad l\u00e4stid":"1 minut"},"schema":{"@context":"https:\/\/schema.org","@graph":[{"@type":"WebPage","@id":"https:\/\/truusk.store\/sv\/produkt\/truusk-tradgardspaviljong-4x3m-aluminium-med-polykarbonattak-myggnat-sidopaneler-naturligt-trautseende\/","url":"https:\/\/truusk.store\/sv\/produkt\/truusk-tradgardspaviljong-4x3m-aluminium-med-polykarbonattak-myggnat-sidopaneler-naturligt-trautseende\/","name":"TRUUSK Tr\u00e4dg\u00e5rdspaviljong 4x3m - Aluminium med Polykarbonattak - Myggn\u00e4t - Sidopaneler - Naturligt Tr\u00e4utseende - TRUUSK - Hem, Tr\u00e4dg\u00e5rd &amp; Fritid","isPartOf":{"@id":"https:\/\/truusk.store\/sv\/#website"},"primaryImageOfPage":{"@id":"https:\/\/truusk.store\/sv\/produkt\/truusk-tradgardspaviljong-4x3m-aluminium-med-polykarbonattak-myggnat-sidopaneler-naturligt-trautseende\/#primaryimage"},"image":{"@id":"https:\/\/truusk.store\/sv\/produkt\/truusk-tradgardspaviljong-4x3m-aluminium-med-polykarbonattak-myggnat-sidopaneler-naturligt-trautseende\/#primaryimage"},"thumbnailUrl":"https:\/\/i0.wp.com\/truusk.store\/wp-content\/uploads\/2026\/03\/tradgardspaviljong-ca-4x3m-aluminium-paviljong-med-polykarbonattak-6-mm-myggnat-4-sidopaneler-trautseende-naturligt-tra-1.webp?fit=2000%2C2000&ssl=1","datePublished":"2026-03-11T12:57:22+00:00","dateModified":"2026-03-12T07:52:49+00:00","breadcrumb":{"@id":"https:\/\/truusk.store\/sv\/produkt\/truusk-tradgardspaviljong-4x3m-aluminium-med-polykarbonattak-myggnat-sidopaneler-naturligt-trautseende\/#breadcrumb"},"inLanguage":"sv-SE","potentialAction":[{"@type":"ReadAction","target":["https:\/\/truusk.store\/sv\/produkt\/truusk-tradgardspaviljong-4x3m-aluminium-med-polykarbonattak-myggnat-sidopaneler-naturligt-trautseende\/"]}]},{"@type":"ImageObject","inLanguage":"sv-SE","@id":"https:\/\/truusk.store\/sv\/produkt\/truusk-tradgardspaviljong-4x3m-aluminium-med-polykarbonattak-myggnat-sidopaneler-naturligt-trautseende\/#primaryimage","url":"https:\/\/i0.wp.com\/truusk.store\/wp-content\/uploads\/2026\/03\/tradgardspaviljong-ca-4x3m-aluminium-paviljong-med-polykarbonattak-6-mm-myggnat-4-sidopaneler-trautseende-naturligt-tra-1.webp?fit=2000%2C2000&ssl=1","contentUrl":"https:\/\/i0.wp.com\/truusk.store\/wp-content\/uploads\/2026\/03\/tradgardspaviljong-ca-4x3m-aluminium-paviljong-med-polykarbonattak-6-mm-myggnat-4-sidopaneler-trautseende-naturligt-tra-1.webp?fit=2000%2C2000&ssl=1","width":2000,"height":2000},{"@type":"BreadcrumbList","@id":"https:\/\/truusk.store\/sv\/produkt\/truusk-tradgardspaviljong-4x3m-aluminium-med-polykarbonattak-myggnat-sidopaneler-naturligt-trautseende\/#breadcrumb","itemListElement":[{"@type":"ListItem","position":1,"name":"Home","item":"https:\/\/truusk.store\/sv\/"},{"@type":"ListItem","position":2,"name":"Shop","item":"https:\/\/truusk.store\/shop\/"},{"@type":"ListItem","position":3,"name":"TRUUSK Tr\u00e4dg\u00e5rdspaviljong 4x3m &#8211; Aluminium med Polykarbonattak &#8211; Myggn\u00e4t &#8211; Sidopaneler &#8211; Naturligt Tr\u00e4utseende"}]},{"@type":"WebSite","@id":"https:\/\/truusk.store\/sv\/#website","url":"https:\/\/truusk.store\/sv\/","name":"TRUUSK - Hem, Tr\u00e4dg\u00e5rd & Fritid","description":"","publisher":{"@id":"https:\/\/truusk.store\/sv\/#organization"},"potentialAction":[{"@type":"SearchAction","target":{"@type":"EntryPoint","urlTemplate":"https:\/\/truusk.store\/sv\/?s={search_term_string}"},"query-input":{"@type":"PropertyValueSpecification","valueRequired":true,"valueName":"search_term_string"}}],"inLanguage":"sv-SE"},{"@type":"Organization","@id":"https:\/\/truusk.store\/sv\/#organization","name":"TRUUSK - Hem, Tr\u00e4dg\u00e5rd & Fritid","url":"https:\/\/truusk.store\/sv\/","logo":{"@type":"ImageObject","inLanguage":"sv-SE","@id":"https:\/\/truusk.store\/sv\/#\/schema\/logo\/image\/","url":"https:\/\/i0.wp.com\/truusk.store\/wp-content\/uploads\/2026\/03\/cropped-TRUUSK.png?fit=2032%2C917&ssl=1","contentUrl":"https:\/\/i0.wp.com\/truusk.store\/wp-content\/uploads\/2026\/03\/cropped-TRUUSK.png?fit=2032%2C917&ssl=1","width":2032,"height":917,"caption":"TRUUSK - Hem, Tr\u00e4dg\u00e5rd & Fritid"},"image":{"@id":"https:\/\/truusk.store\/sv\/#\/schema\/logo\/image\/"}}]}},"jetpack_sharing_enabled":true,"_links":{"self":[{"href":"https:\/\/truusk.store\/sv\/wp-json\/wp\/v2\/product\/108309","targetHints":{"allow":["GET"]}}],"collection":[{"href":"https:\/\/truusk.store\/sv\/wp-json\/wp\/v2\/product"}],"about":[{"href":"https:\/\/truusk.store\/sv\/wp-json\/wp\/v2\/types\/product"}],"wp:featuredmedia":[{"embeddable":true,"href":"https:\/\/truusk.store\/sv\/wp-json\/wp\/v2\/media\/108297"}],"wp:attachment":[{"href":"https:\/\/truusk.store\/sv\/wp-json\/wp\/v2\/media?parent=108309"}],"wp:term":[{"taxonomy":"product_brand","embeddable":true,"href":"https:\/\/truusk.store\/sv\/wp-json\/wp\/v2\/product_brand?post=108309"},{"taxonomy":"product_cat","embeddable":true,"href":"https:\/\/truusk.store\/sv\/wp-json\/wp\/v2\/product_cat?post=108309"},{"taxonomy":"product_tag","embeddable":true,"href":"https:\/\/truusk.store\/sv\/wp-json\/wp\/v2\/product_tag?post=108309"}],"curies":[{"name":"wp","href":"https:\/\/api.w.org\/{rel}","templated":true}]}}