{"id":108316,"date":"2026-03-11T13:58:07","date_gmt":"2026-03-11T12:58:07","guid":{"rendered":"https:\/\/truusk.store\/product\/tradgardsstol-2-pack-vaderbestandiga-tradgardsstolar-av-stal-pe-rotting-med-kudde-armstod-ryggstod-52x52x66-cm-morkgra\/"},"modified":"2026-03-12T08:52:50","modified_gmt":"2026-03-12T07:52:50","slug":"truusk-2-pack-tradgardsstolar-vaderbestandig-stalkonstruktion-pe-rotting-med-kudde-armstod-morkgra-52x52x66-cm","status":"publish","type":"product","link":"https:\/\/truusk.store\/sv\/produkt\/truusk-2-pack-tradgardsstolar-vaderbestandig-stalkonstruktion-pe-rotting-med-kudde-armstod-morkgra-52x52x66-cm\/","title":{"rendered":"TRUUSK 2-pack Tr\u00e4dg\u00e5rdsstolar &#8211; V\u00e4derbest\u00e4ndig St\u00e5lkonstruktion &#8211; PE-rotting &#8211; Med Kudde &amp; Armst\u00f6d &#8211; M\u00f6rkgr\u00e5 &#8211; 52x52x66 cm"},"content":{"rendered":"<p>Din avkoppling utomhus st\u00f6rs ofta av ostabila stolar och fl\u00e4ckr\u00e4dsla. [BRAND NAME]-tr\u00e4dg\u00e5rdsstolarna l\u00f6ser detta: v\u00e4derbest\u00e4ndig st\u00e5lram, PE-rotting, 8 cm tjocka kuddar och vattenavvisande, avtagbara \u00f6verdrag med dragkedja. Reng\u00f6ring \u00e4r barnsligt enkel. Njut av l\u00e5ngvarig komfort p\u00e5 din terrass utan bekymmer.<\/p>\n<p>Beskrivning:<\/p>\n<ul>\n<li> Detta tv\u00e5delade set best\u00e5r av pulverlackerat st\u00e5l och UV-resistent PE-rotting<\/li>\n<li> Njut av l\u00e5ngvarig komfort p\u00e5 de 8 cm tjocka skumdynorna och det 15 cm tjocka ryggkuddet<\/li>\n<li> Med en gener\u00f6s 46 cm bred sittyta f\u00f6r en avslappnad sittupplevelse<\/li>\n<li> De vattenavvisande kudd\u00f6verdragen med dragkedja \u00e4r l\u00e4tta att ta av och enkla att reng\u00f6ra<\/li>\n<li> U-formade stolsben ger tillf\u00f6rlitlig stabilitet<\/li>\n<li> Varje tr\u00e4dg\u00e5rdsstol b\u00e4r upp till 120 kg<\/li>\n<li> Montering kr\u00e4vs<\/li>\n<\/ul>\n<p> Tekniska data:<\/p>\n<ul>\n<li> F\u00e4rg: M\u00f6rkgr\u00e5+Svart<\/li>\n<li> Material: St\u00e5l, PE, Polyester, Skum<\/li>\n<li> Totala dimensioner: 52B x 52D x 66H cm<\/li>\n<li> Sittstorlek: 46B x 49D cm<\/li>\n<li> Sitth\u00f6jd: 35 cm<\/li>\n<li> Ryggst\u00f6d: 32B x 32H cm<\/li>\n<li> B\u00e4rkapacitet: 120 kg<\/li>\n<\/ul>\n<p>Leveransinneh\u00e5ll:<\/p>\n<ul>\n<li> 2 x Terrassstolar<\/li>\n<li> 1 x Bruksanvisning<\/li>\n<\/ul>\n","protected":false},"excerpt":{"rendered":"<p>Din avkoppling utomhus st\u00f6rs ofta av ostabila stolar och fl\u00e4ckr\u00e4dsla. [BRAND NAME]-tr\u00e4dg\u00e5rdsstolarna l\u00f6ser detta: v\u00e4derbest\u00e4ndig st\u00e5lram, PE-rotting, 8 cm tjocka&#8230;<\/p>\n","protected":false},"featured_media":108303,"template":"","meta":[],"product_brand":[],"product_cat":[858,450,456],"product_tag":[],"class_list":{"0":"post-108316","1":"product","2":"type-product","3":"status-publish","4":"has-post-thumbnail","6":"product_cat-tradgard-terrass","7":"product_cat-tradgardsmobler","8":"product_cat-tradgardsmobler-set","10":"first","11":"instock","12":"sale","13":"taxable","14":"shipping-taxable","15":"purchasable","16":"product-type-simple"},"yoast_head":"<!-- This site is optimized with the Yoast SEO plugin v25.4 - https:\/\/yoast.com\/wordpress\/plugins\/seo\/ -->\n<title>TRUUSK 2-pack Tr\u00e4dg\u00e5rdsstolar - V\u00e4derbest\u00e4ndig St\u00e5lkonstruktion - PE-rotting - Med Kudde &amp; Armst\u00f6d - M\u00f6rkgr\u00e5 - 52x52x66 cm - TRUUSK - Hem, Tr\u00e4dg\u00e5rd &amp; Fritid<\/title>\n<meta name=\"robots\" content=\"index, follow, max-snippet:-1, max-image-preview:large, max-video-preview:-1\" \/>\n<link rel=\"canonical\" href=\"https:\/\/truusk.store\/sv\/produkt\/truusk-2-pack-tradgardsstolar-vaderbestandig-stalkonstruktion-pe-rotting-med-kudde-armstod-morkgra-52x52x66-cm\/\" \/>\n<meta property=\"og:locale\" content=\"sv_SE\" \/>\n<meta property=\"og:type\" content=\"article\" \/>\n<meta property=\"og:title\" content=\"TRUUSK 2-pack Tr\u00e4dg\u00e5rdsstolar - V\u00e4derbest\u00e4ndig St\u00e5lkonstruktion - PE-rotting - Med Kudde &amp; Armst\u00f6d - M\u00f6rkgr\u00e5 - 52x52x66 cm - TRUUSK - Hem, Tr\u00e4dg\u00e5rd &amp; Fritid\" \/>\n<meta property=\"og:description\" content=\"Din avkoppling utomhus st\u00f6rs ofta av ostabila stolar och fl\u00e4ckr\u00e4dsla. [BRAND NAME]-tr\u00e4dg\u00e5rdsstolarna l\u00f6ser detta: v\u00e4derbest\u00e4ndig st\u00e5lram, PE-rotting, 8 cm tjocka...\" \/>\n<meta property=\"og:url\" content=\"https:\/\/truusk.store\/sv\/produkt\/truusk-2-pack-tradgardsstolar-vaderbestandig-stalkonstruktion-pe-rotting-med-kudde-armstod-morkgra-52x52x66-cm\/\" \/>\n<meta property=\"og:site_name\" content=\"TRUUSK - Hem, Tr\u00e4dg\u00e5rd &amp; Fritid\" \/>\n<meta property=\"article:modified_time\" content=\"2026-03-12T07:52:50+00:00\" \/>\n<meta property=\"og:image\" content=\"https:\/\/i0.wp.com\/truusk.se\/wp-content\/uploads\/2026\/03\/tradgardsstol-2-pack-vaderbestandiga-tradgardsstolar-av-stal-pe-rotting-med-kudde-armstod-ryggstod-52x52x66-cm-morkgra-1.webp?fit=2000%2C2000&ssl=1\" \/>\n\t<meta property=\"og:image:width\" content=\"2000\" \/>\n\t<meta property=\"og:image:height\" content=\"2000\" \/>\n\t<meta property=\"og:image:type\" content=\"image\/webp\" \/>\n<meta name=\"twitter:card\" content=\"summary_large_image\" \/>\n<meta name=\"twitter:label1\" content=\"Ber\u00e4knad l\u00e4stid\" \/>\n\t<meta name=\"twitter:data1\" content=\"1 minut\" \/>\n<!-- \/ Yoast SEO plugin. -->","yoast_head_json":{"title":"TRUUSK 2-pack Tr\u00e4dg\u00e5rdsstolar - V\u00e4derbest\u00e4ndig St\u00e5lkonstruktion - PE-rotting - Med Kudde &amp; Armst\u00f6d - M\u00f6rkgr\u00e5 - 52x52x66 cm - TRUUSK - Hem, Tr\u00e4dg\u00e5rd &amp; Fritid","robots":{"index":"index","follow":"follow","max-snippet":"max-snippet:-1","max-image-preview":"max-image-preview:large","max-video-preview":"max-video-preview:-1"},"canonical":"https:\/\/truusk.store\/sv\/produkt\/truusk-2-pack-tradgardsstolar-vaderbestandig-stalkonstruktion-pe-rotting-med-kudde-armstod-morkgra-52x52x66-cm\/","og_locale":"sv_SE","og_type":"article","og_title":"TRUUSK 2-pack Tr\u00e4dg\u00e5rdsstolar - V\u00e4derbest\u00e4ndig St\u00e5lkonstruktion - PE-rotting - Med Kudde &amp; Armst\u00f6d - M\u00f6rkgr\u00e5 - 52x52x66 cm - TRUUSK - Hem, Tr\u00e4dg\u00e5rd &amp; Fritid","og_description":"Din avkoppling utomhus st\u00f6rs ofta av ostabila stolar och fl\u00e4ckr\u00e4dsla. [BRAND NAME]-tr\u00e4dg\u00e5rdsstolarna l\u00f6ser detta: v\u00e4derbest\u00e4ndig st\u00e5lram, PE-rotting, 8 cm tjocka...","og_url":"https:\/\/truusk.store\/sv\/produkt\/truusk-2-pack-tradgardsstolar-vaderbestandig-stalkonstruktion-pe-rotting-med-kudde-armstod-morkgra-52x52x66-cm\/","og_site_name":"TRUUSK - Hem, Tr\u00e4dg\u00e5rd &amp; Fritid","article_modified_time":"2026-03-12T07:52:50+00:00","og_image":[{"width":2000,"height":2000,"url":"https:\/\/i0.wp.com\/truusk.se\/wp-content\/uploads\/2026\/03\/tradgardsstol-2-pack-vaderbestandiga-tradgardsstolar-av-stal-pe-rotting-med-kudde-armstod-ryggstod-52x52x66-cm-morkgra-1.webp?fit=2000%2C2000&ssl=1","type":"image\/webp"}],"twitter_card":"summary_large_image","twitter_misc":{"Ber\u00e4knad l\u00e4stid":"1 minut"},"schema":{"@context":"https:\/\/schema.org","@graph":[{"@type":"WebPage","@id":"https:\/\/truusk.store\/sv\/produkt\/truusk-2-pack-tradgardsstolar-vaderbestandig-stalkonstruktion-pe-rotting-med-kudde-armstod-morkgra-52x52x66-cm\/","url":"https:\/\/truusk.store\/sv\/produkt\/truusk-2-pack-tradgardsstolar-vaderbestandig-stalkonstruktion-pe-rotting-med-kudde-armstod-morkgra-52x52x66-cm\/","name":"TRUUSK 2-pack Tr\u00e4dg\u00e5rdsstolar - V\u00e4derbest\u00e4ndig St\u00e5lkonstruktion - PE-rotting - Med Kudde &amp; Armst\u00f6d - M\u00f6rkgr\u00e5 - 52x52x66 cm - TRUUSK - Hem, Tr\u00e4dg\u00e5rd &amp; Fritid","isPartOf":{"@id":"https:\/\/truusk.store\/sv\/#website"},"primaryImageOfPage":{"@id":"https:\/\/truusk.store\/sv\/produkt\/truusk-2-pack-tradgardsstolar-vaderbestandig-stalkonstruktion-pe-rotting-med-kudde-armstod-morkgra-52x52x66-cm\/#primaryimage"},"image":{"@id":"https:\/\/truusk.store\/sv\/produkt\/truusk-2-pack-tradgardsstolar-vaderbestandig-stalkonstruktion-pe-rotting-med-kudde-armstod-morkgra-52x52x66-cm\/#primaryimage"},"thumbnailUrl":"https:\/\/i0.wp.com\/truusk.store\/wp-content\/uploads\/2026\/03\/tradgardsstol-2-pack-vaderbestandiga-tradgardsstolar-av-stal-pe-rotting-med-kudde-armstod-ryggstod-52x52x66-cm-morkgra-1.webp?fit=2000%2C2000&ssl=1","datePublished":"2026-03-11T12:58:07+00:00","dateModified":"2026-03-12T07:52:50+00:00","breadcrumb":{"@id":"https:\/\/truusk.store\/sv\/produkt\/truusk-2-pack-tradgardsstolar-vaderbestandig-stalkonstruktion-pe-rotting-med-kudde-armstod-morkgra-52x52x66-cm\/#breadcrumb"},"inLanguage":"sv-SE","potentialAction":[{"@type":"ReadAction","target":["https:\/\/truusk.store\/sv\/produkt\/truusk-2-pack-tradgardsstolar-vaderbestandig-stalkonstruktion-pe-rotting-med-kudde-armstod-morkgra-52x52x66-cm\/"]}]},{"@type":"ImageObject","inLanguage":"sv-SE","@id":"https:\/\/truusk.store\/sv\/produkt\/truusk-2-pack-tradgardsstolar-vaderbestandig-stalkonstruktion-pe-rotting-med-kudde-armstod-morkgra-52x52x66-cm\/#primaryimage","url":"https:\/\/i0.wp.com\/truusk.store\/wp-content\/uploads\/2026\/03\/tradgardsstol-2-pack-vaderbestandiga-tradgardsstolar-av-stal-pe-rotting-med-kudde-armstod-ryggstod-52x52x66-cm-morkgra-1.webp?fit=2000%2C2000&ssl=1","contentUrl":"https:\/\/i0.wp.com\/truusk.store\/wp-content\/uploads\/2026\/03\/tradgardsstol-2-pack-vaderbestandiga-tradgardsstolar-av-stal-pe-rotting-med-kudde-armstod-ryggstod-52x52x66-cm-morkgra-1.webp?fit=2000%2C2000&ssl=1","width":2000,"height":2000},{"@type":"BreadcrumbList","@id":"https:\/\/truusk.store\/sv\/produkt\/truusk-2-pack-tradgardsstolar-vaderbestandig-stalkonstruktion-pe-rotting-med-kudde-armstod-morkgra-52x52x66-cm\/#breadcrumb","itemListElement":[{"@type":"ListItem","position":1,"name":"Home","item":"https:\/\/truusk.store\/sv\/"},{"@type":"ListItem","position":2,"name":"Shop","item":"https:\/\/truusk.store\/shop\/"},{"@type":"ListItem","position":3,"name":"TRUUSK 2-pack Tr\u00e4dg\u00e5rdsstolar &#8211; V\u00e4derbest\u00e4ndig St\u00e5lkonstruktion &#8211; PE-rotting &#8211; Med Kudde &amp; Armst\u00f6d &#8211; M\u00f6rkgr\u00e5 &#8211; 52x52x66 cm"}]},{"@type":"WebSite","@id":"https:\/\/truusk.store\/sv\/#website","url":"https:\/\/truusk.store\/sv\/","name":"TRUUSK - Hem, Tr\u00e4dg\u00e5rd & Fritid","description":"","publisher":{"@id":"https:\/\/truusk.store\/sv\/#organization"},"potentialAction":[{"@type":"SearchAction","target":{"@type":"EntryPoint","urlTemplate":"https:\/\/truusk.store\/sv\/?s={search_term_string}"},"query-input":{"@type":"PropertyValueSpecification","valueRequired":true,"valueName":"search_term_string"}}],"inLanguage":"sv-SE"},{"@type":"Organization","@id":"https:\/\/truusk.store\/sv\/#organization","name":"TRUUSK - Hem, Tr\u00e4dg\u00e5rd & Fritid","url":"https:\/\/truusk.store\/sv\/","logo":{"@type":"ImageObject","inLanguage":"sv-SE","@id":"https:\/\/truusk.store\/sv\/#\/schema\/logo\/image\/","url":"https:\/\/i0.wp.com\/truusk.store\/wp-content\/uploads\/2026\/03\/cropped-TRUUSK.png?fit=2032%2C917&ssl=1","contentUrl":"https:\/\/i0.wp.com\/truusk.store\/wp-content\/uploads\/2026\/03\/cropped-TRUUSK.png?fit=2032%2C917&ssl=1","width":2032,"height":917,"caption":"TRUUSK - Hem, Tr\u00e4dg\u00e5rd & Fritid"},"image":{"@id":"https:\/\/truusk.store\/sv\/#\/schema\/logo\/image\/"}}]}},"jetpack_sharing_enabled":true,"_links":{"self":[{"href":"https:\/\/truusk.store\/sv\/wp-json\/wp\/v2\/product\/108316","targetHints":{"allow":["GET"]}}],"collection":[{"href":"https:\/\/truusk.store\/sv\/wp-json\/wp\/v2\/product"}],"about":[{"href":"https:\/\/truusk.store\/sv\/wp-json\/wp\/v2\/types\/product"}],"wp:featuredmedia":[{"embeddable":true,"href":"https:\/\/truusk.store\/sv\/wp-json\/wp\/v2\/media\/108303"}],"wp:attachment":[{"href":"https:\/\/truusk.store\/sv\/wp-json\/wp\/v2\/media?parent=108316"}],"wp:term":[{"taxonomy":"product_brand","embeddable":true,"href":"https:\/\/truusk.store\/sv\/wp-json\/wp\/v2\/product_brand?post=108316"},{"taxonomy":"product_cat","embeddable":true,"href":"https:\/\/truusk.store\/sv\/wp-json\/wp\/v2\/product_cat?post=108316"},{"taxonomy":"product_tag","embeddable":true,"href":"https:\/\/truusk.store\/sv\/wp-json\/wp\/v2\/product_tag?post=108316"}],"curies":[{"name":"wp","href":"https:\/\/api.w.org\/{rel}","templated":true}]}}