{"id":108329,"date":"2026-03-11T13:59:26","date_gmt":"2026-03-11T12:59:26","guid":{"rendered":"https:\/\/truusk.store\/product\/paviljong-38x3m-vattenavvisande-stabil-vinterbestandig-tradgardspaviljong-med-dubbeltak-gardiner-myggnat-krok-morkgra\/"},"modified":"2026-03-12T08:52:52","modified_gmt":"2026-03-12T07:52:52","slug":"truusk-paviljong-38x3m-vattenavvisande-stabil-vinterbestandig-dubbeltak-gardiner-myggnat-krok-morkgra","status":"publish","type":"product","link":"https:\/\/truusk.store\/sv\/produkt\/truusk-paviljong-38x3m-vattenavvisande-stabil-vinterbestandig-dubbeltak-gardiner-myggnat-krok-morkgra\/","title":{"rendered":"TRUUSK Paviljong 3,8x3m &#8211; Vattenavvisande &#8211; Stabil &#8211; Vinterbest\u00e4ndig &#8211; Dubbeltak &#8211; Gardiner &#8211; Myggn\u00e4t &#8211; Krok &#8211; M\u00f6rkgr\u00e5"},"content":{"rendered":"<p>Skapa en mysig, privat utomhusoas med denna [BRAND NAME] paviljong. Det dubbla UPF30+ taket med inbyggt n\u00e4t ger b\u00e4ttre ventilation och h\u00e5ller o\u00f6nskade g\u00e4ster borta, medan dr\u00e4neringsh\u00e5l f\u00f6rhindrar vattenansamlingar. Paviljongens gardiner skapar privatliv f\u00f6r avkoppling eller spa-bad, \u00f6ppna ger de en luftig atmosf\u00e4r. En robust metallram, f\u00e4sttillbeh\u00f6r och takkrokar skapar en stabil, individuell tr\u00e4dg\u00e5rdsmilj\u00f6.<\/p>\n<p>Beskrivning:<\/p>\n<ul>\n<li> Tv\u00e5stegs UPF30+ polyestertak med n\u00e4t f\u00f6r ventilation och skydd mot o\u00f6nskade g\u00e4ster<\/li>\n<li> Takdr\u00e4neringsh\u00e5l f\u00f6rhindrar vattenansamlingar<\/li>\n<li> Inkluderar gardiner f\u00f6r privata omr\u00e5den och n\u00e4t f\u00f6r ventilation och att h\u00e5lla o\u00f6nskade g\u00e4ster borta<\/li>\n<li> Pulverlackerade metallst\u00f6d med triangul\u00e4ra f\u00f6rst\u00e4rkningar ger stabilitet och v\u00e4derbest\u00e4ndighet<\/li>\n<li> Expansionskruvar och markankare f\u00f6r paviljongen f\u00f6r en fast installation<\/li>\n<li> Takkrokar m\u00f6jligg\u00f6r enkel dekoration och upph\u00e4ngning av tillbeh\u00f6r<\/li>\n<li> Montering kr\u00e4vs<\/li>\n<\/ul>\n<p> Tekniska data:<\/p>\n<ul>\n<li> F\u00e4rg: M\u00f6rkgr\u00e5<\/li>\n<li> Material: Metall, Polyester<\/li>\n<li> Totala dimensioner: 380L x 300B x 270H cm<\/li>\n<li> Pelardimensioner: 60L x 60B mm<\/li>\n<li> Pelaravst\u00e5nd: 333L x 253B cm<\/li>\n<li> Enskild gardinstorlek: 320B x 189H cm<\/li>\n<li> Enskild n\u00e4tstorlek: 320B x 189H cm<\/li>\n<li> Takfotsh\u00f6jd: 192 cm<\/li>\n<li> Vindskyddsniv\u00e5: 4 (med expansionskruvar)<\/li>\n<\/ul>\n<p> Leveransinneh\u00e5ll:<\/p>\n<ul>\n<li> 1 x Paviljong<\/li>\n<li> 8 x Expansionskruv<\/li>\n<li> 8 x Markankare<\/li>\n<li> 1 x Instruktioner<\/li>\n<li>VIKTIGT: Vi levererar artikeln till dig kostnadsfritt till trottoarkanten. Var v\u00e4nlig och se till att adressen och telefonnumret \u00e4r korrekt..<\/li>\n<\/ul>\n","protected":false},"excerpt":{"rendered":"<p>Skapa en mysig, privat utomhusoas med denna [BRAND NAME] paviljong. Det dubbla UPF30+ taket med inbyggt n\u00e4t ger b\u00e4ttre ventilation&#8230;<\/p>\n","protected":false},"featured_media":108317,"template":"","meta":[],"product_brand":[],"product_cat":[477,858,476],"product_tag":[],"class_list":{"0":"post-108329","1":"product","2":"type-product","3":"status-publish","4":"has-post-thumbnail","6":"product_cat-paviljonger-partytalt","7":"product_cat-tradgard-terrass","8":"product_cat-tradgardspaviljonger","10":"first","11":"instock","12":"sale","13":"taxable","14":"shipping-taxable","15":"purchasable","16":"product-type-simple"},"yoast_head":"<!-- This site is optimized with the Yoast SEO plugin v25.4 - https:\/\/yoast.com\/wordpress\/plugins\/seo\/ -->\n<title>TRUUSK Paviljong 3,8x3m - Vattenavvisande - Stabil - Vinterbest\u00e4ndig - Dubbeltak - Gardiner - Myggn\u00e4t - Krok - M\u00f6rkgr\u00e5 - TRUUSK - Hem, Tr\u00e4dg\u00e5rd &amp; Fritid<\/title>\n<meta name=\"robots\" content=\"index, follow, max-snippet:-1, max-image-preview:large, max-video-preview:-1\" \/>\n<link rel=\"canonical\" href=\"https:\/\/truusk.store\/sv\/produkt\/truusk-paviljong-38x3m-vattenavvisande-stabil-vinterbestandig-dubbeltak-gardiner-myggnat-krok-morkgra\/\" \/>\n<meta property=\"og:locale\" content=\"sv_SE\" \/>\n<meta property=\"og:type\" content=\"article\" \/>\n<meta property=\"og:title\" content=\"TRUUSK Paviljong 3,8x3m - Vattenavvisande - Stabil - Vinterbest\u00e4ndig - Dubbeltak - Gardiner - Myggn\u00e4t - Krok - M\u00f6rkgr\u00e5 - TRUUSK - Hem, Tr\u00e4dg\u00e5rd &amp; Fritid\" \/>\n<meta property=\"og:description\" content=\"Skapa en mysig, privat utomhusoas med denna [BRAND NAME] paviljong. Det dubbla UPF30+ taket med inbyggt n\u00e4t ger b\u00e4ttre ventilation...\" \/>\n<meta property=\"og:url\" content=\"https:\/\/truusk.store\/sv\/produkt\/truusk-paviljong-38x3m-vattenavvisande-stabil-vinterbestandig-dubbeltak-gardiner-myggnat-krok-morkgra\/\" \/>\n<meta property=\"og:site_name\" content=\"TRUUSK - Hem, Tr\u00e4dg\u00e5rd &amp; Fritid\" \/>\n<meta property=\"article:modified_time\" content=\"2026-03-12T07:52:52+00:00\" \/>\n<meta property=\"og:image\" content=\"https:\/\/i0.wp.com\/truusk.se\/wp-content\/uploads\/2026\/03\/paviljong-38x3m-vattenavvisande-stabil-vinterbestandig-tradgardspaviljong-med-dubbeltak-gardiner-myggnat-krok-morkgra-1.webp?fit=2000%2C2000&ssl=1\" \/>\n\t<meta property=\"og:image:width\" content=\"2000\" \/>\n\t<meta property=\"og:image:height\" content=\"2000\" \/>\n\t<meta property=\"og:image:type\" content=\"image\/webp\" \/>\n<meta name=\"twitter:card\" content=\"summary_large_image\" \/>\n<meta name=\"twitter:label1\" content=\"Ber\u00e4knad l\u00e4stid\" \/>\n\t<meta name=\"twitter:data1\" content=\"1 minut\" \/>\n<!-- \/ Yoast SEO plugin. -->","yoast_head_json":{"title":"TRUUSK Paviljong 3,8x3m - Vattenavvisande - Stabil - Vinterbest\u00e4ndig - Dubbeltak - Gardiner - Myggn\u00e4t - Krok - M\u00f6rkgr\u00e5 - TRUUSK - Hem, Tr\u00e4dg\u00e5rd &amp; Fritid","robots":{"index":"index","follow":"follow","max-snippet":"max-snippet:-1","max-image-preview":"max-image-preview:large","max-video-preview":"max-video-preview:-1"},"canonical":"https:\/\/truusk.store\/sv\/produkt\/truusk-paviljong-38x3m-vattenavvisande-stabil-vinterbestandig-dubbeltak-gardiner-myggnat-krok-morkgra\/","og_locale":"sv_SE","og_type":"article","og_title":"TRUUSK Paviljong 3,8x3m - Vattenavvisande - Stabil - Vinterbest\u00e4ndig - Dubbeltak - Gardiner - Myggn\u00e4t - Krok - M\u00f6rkgr\u00e5 - TRUUSK - Hem, Tr\u00e4dg\u00e5rd &amp; Fritid","og_description":"Skapa en mysig, privat utomhusoas med denna [BRAND NAME] paviljong. Det dubbla UPF30+ taket med inbyggt n\u00e4t ger b\u00e4ttre ventilation...","og_url":"https:\/\/truusk.store\/sv\/produkt\/truusk-paviljong-38x3m-vattenavvisande-stabil-vinterbestandig-dubbeltak-gardiner-myggnat-krok-morkgra\/","og_site_name":"TRUUSK - Hem, Tr\u00e4dg\u00e5rd &amp; Fritid","article_modified_time":"2026-03-12T07:52:52+00:00","og_image":[{"width":2000,"height":2000,"url":"https:\/\/i0.wp.com\/truusk.se\/wp-content\/uploads\/2026\/03\/paviljong-38x3m-vattenavvisande-stabil-vinterbestandig-tradgardspaviljong-med-dubbeltak-gardiner-myggnat-krok-morkgra-1.webp?fit=2000%2C2000&ssl=1","type":"image\/webp"}],"twitter_card":"summary_large_image","twitter_misc":{"Ber\u00e4knad l\u00e4stid":"1 minut"},"schema":{"@context":"https:\/\/schema.org","@graph":[{"@type":"WebPage","@id":"https:\/\/truusk.store\/sv\/produkt\/truusk-paviljong-38x3m-vattenavvisande-stabil-vinterbestandig-dubbeltak-gardiner-myggnat-krok-morkgra\/","url":"https:\/\/truusk.store\/sv\/produkt\/truusk-paviljong-38x3m-vattenavvisande-stabil-vinterbestandig-dubbeltak-gardiner-myggnat-krok-morkgra\/","name":"TRUUSK Paviljong 3,8x3m - Vattenavvisande - Stabil - Vinterbest\u00e4ndig - Dubbeltak - Gardiner - Myggn\u00e4t - Krok - M\u00f6rkgr\u00e5 - TRUUSK - Hem, Tr\u00e4dg\u00e5rd &amp; Fritid","isPartOf":{"@id":"https:\/\/truusk.store\/sv\/#website"},"primaryImageOfPage":{"@id":"https:\/\/truusk.store\/sv\/produkt\/truusk-paviljong-38x3m-vattenavvisande-stabil-vinterbestandig-dubbeltak-gardiner-myggnat-krok-morkgra\/#primaryimage"},"image":{"@id":"https:\/\/truusk.store\/sv\/produkt\/truusk-paviljong-38x3m-vattenavvisande-stabil-vinterbestandig-dubbeltak-gardiner-myggnat-krok-morkgra\/#primaryimage"},"thumbnailUrl":"https:\/\/i0.wp.com\/truusk.store\/wp-content\/uploads\/2026\/03\/paviljong-38x3m-vattenavvisande-stabil-vinterbestandig-tradgardspaviljong-med-dubbeltak-gardiner-myggnat-krok-morkgra-1.webp?fit=2000%2C2000&ssl=1","datePublished":"2026-03-11T12:59:26+00:00","dateModified":"2026-03-12T07:52:52+00:00","breadcrumb":{"@id":"https:\/\/truusk.store\/sv\/produkt\/truusk-paviljong-38x3m-vattenavvisande-stabil-vinterbestandig-dubbeltak-gardiner-myggnat-krok-morkgra\/#breadcrumb"},"inLanguage":"sv-SE","potentialAction":[{"@type":"ReadAction","target":["https:\/\/truusk.store\/sv\/produkt\/truusk-paviljong-38x3m-vattenavvisande-stabil-vinterbestandig-dubbeltak-gardiner-myggnat-krok-morkgra\/"]}]},{"@type":"ImageObject","inLanguage":"sv-SE","@id":"https:\/\/truusk.store\/sv\/produkt\/truusk-paviljong-38x3m-vattenavvisande-stabil-vinterbestandig-dubbeltak-gardiner-myggnat-krok-morkgra\/#primaryimage","url":"https:\/\/i0.wp.com\/truusk.store\/wp-content\/uploads\/2026\/03\/paviljong-38x3m-vattenavvisande-stabil-vinterbestandig-tradgardspaviljong-med-dubbeltak-gardiner-myggnat-krok-morkgra-1.webp?fit=2000%2C2000&ssl=1","contentUrl":"https:\/\/i0.wp.com\/truusk.store\/wp-content\/uploads\/2026\/03\/paviljong-38x3m-vattenavvisande-stabil-vinterbestandig-tradgardspaviljong-med-dubbeltak-gardiner-myggnat-krok-morkgra-1.webp?fit=2000%2C2000&ssl=1","width":2000,"height":2000},{"@type":"BreadcrumbList","@id":"https:\/\/truusk.store\/sv\/produkt\/truusk-paviljong-38x3m-vattenavvisande-stabil-vinterbestandig-dubbeltak-gardiner-myggnat-krok-morkgra\/#breadcrumb","itemListElement":[{"@type":"ListItem","position":1,"name":"Home","item":"https:\/\/truusk.store\/sv\/"},{"@type":"ListItem","position":2,"name":"Shop","item":"https:\/\/truusk.store\/shop\/"},{"@type":"ListItem","position":3,"name":"TRUUSK Paviljong 3,8x3m &#8211; Vattenavvisande &#8211; Stabil &#8211; Vinterbest\u00e4ndig &#8211; Dubbeltak &#8211; Gardiner &#8211; Myggn\u00e4t &#8211; Krok &#8211; M\u00f6rkgr\u00e5"}]},{"@type":"WebSite","@id":"https:\/\/truusk.store\/sv\/#website","url":"https:\/\/truusk.store\/sv\/","name":"TRUUSK - Hem, Tr\u00e4dg\u00e5rd & Fritid","description":"","publisher":{"@id":"https:\/\/truusk.store\/sv\/#organization"},"potentialAction":[{"@type":"SearchAction","target":{"@type":"EntryPoint","urlTemplate":"https:\/\/truusk.store\/sv\/?s={search_term_string}"},"query-input":{"@type":"PropertyValueSpecification","valueRequired":true,"valueName":"search_term_string"}}],"inLanguage":"sv-SE"},{"@type":"Organization","@id":"https:\/\/truusk.store\/sv\/#organization","name":"TRUUSK - Hem, Tr\u00e4dg\u00e5rd & Fritid","url":"https:\/\/truusk.store\/sv\/","logo":{"@type":"ImageObject","inLanguage":"sv-SE","@id":"https:\/\/truusk.store\/sv\/#\/schema\/logo\/image\/","url":"https:\/\/i0.wp.com\/truusk.store\/wp-content\/uploads\/2026\/03\/cropped-TRUUSK.png?fit=2032%2C917&ssl=1","contentUrl":"https:\/\/i0.wp.com\/truusk.store\/wp-content\/uploads\/2026\/03\/cropped-TRUUSK.png?fit=2032%2C917&ssl=1","width":2032,"height":917,"caption":"TRUUSK - Hem, Tr\u00e4dg\u00e5rd & Fritid"},"image":{"@id":"https:\/\/truusk.store\/sv\/#\/schema\/logo\/image\/"}}]}},"jetpack_sharing_enabled":true,"_links":{"self":[{"href":"https:\/\/truusk.store\/sv\/wp-json\/wp\/v2\/product\/108329","targetHints":{"allow":["GET"]}}],"collection":[{"href":"https:\/\/truusk.store\/sv\/wp-json\/wp\/v2\/product"}],"about":[{"href":"https:\/\/truusk.store\/sv\/wp-json\/wp\/v2\/types\/product"}],"wp:featuredmedia":[{"embeddable":true,"href":"https:\/\/truusk.store\/sv\/wp-json\/wp\/v2\/media\/108317"}],"wp:attachment":[{"href":"https:\/\/truusk.store\/sv\/wp-json\/wp\/v2\/media?parent=108329"}],"wp:term":[{"taxonomy":"product_brand","embeddable":true,"href":"https:\/\/truusk.store\/sv\/wp-json\/wp\/v2\/product_brand?post=108329"},{"taxonomy":"product_cat","embeddable":true,"href":"https:\/\/truusk.store\/sv\/wp-json\/wp\/v2\/product_cat?post=108329"},{"taxonomy":"product_tag","embeddable":true,"href":"https:\/\/truusk.store\/sv\/wp-json\/wp\/v2\/product_tag?post=108329"}],"curies":[{"name":"wp","href":"https:\/\/api.w.org\/{rel}","templated":true}]}}