{"id":108368,"date":"2026-03-11T14:03:17","date_gmt":"2026-03-11T13:03:17","guid":{"rendered":"https:\/\/truusk.store\/product\/rattan-tradgardsmobelset-5-delat-balkongmobelset-med-2-stolar-kuddar-pall-bord-forvaringsutrymme-i-kramvitt\/"},"modified":"2026-03-12T08:53:11","modified_gmt":"2026-03-12T07:53:11","slug":"truusk-5-delat-rattan-tradgardsmobelset-balkongmobelset-2-stolar-kuddar-pall-bord-kramvitt","status":"publish","type":"product","link":"https:\/\/truusk.store\/sv\/produkt\/truusk-5-delat-rattan-tradgardsmobelset-balkongmobelset-2-stolar-kuddar-pall-bord-kramvitt\/","title":{"rendered":"TRUUSK 5-delat Rattan Tr\u00e4dg\u00e5rdsm\u00f6belset &#8211; Balkongm\u00f6belset &#8211; 2 Stolar &#8211; Kuddar &#8211; Pall &#8211; Bord &#8211; Kr\u00e4mvitt"},"content":{"rendered":"<p>Utomhussamtalssetet orsakar ofta oordning p\u00e5 sm\u00e5 balkonger, vilket f\u00f6rsv\u00e5rar avkoppling. [BRAND NAME] balkongm\u00f6belset l\u00f6ser detta problem: fotpallar passar under rottingstolarna, soffbordet erbjuder tv\u00e5stegs f\u00f6rvaring. S\u00e5 din balkong blir en organiserad, stilfull retr\u00e4tt med detta smarta tr\u00e4dg\u00e5rdsm\u00f6belset.<\/p>\n<p>Beskrivning:<\/p>\n<ul>\n<li> Femdelat set med fl\u00e4tade m\u00f6bler: tv\u00e5 f\u00e5t\u00f6ljer, tv\u00e5 fotpallar och ett soffbord<\/li>\n<li> M\u00e5ngsidiga fotpallar kan anv\u00e4ndas som sidobord eller extra sittplatser. Kan skjutas under stolarna f\u00f6r att spara utrymme<\/li>\n<li> Vadderade sitt- och ryggkuddar f\u00f6r komfort<\/li>\n<li> Sitt- och fotpall\u00f6verdrag \u00e4r avtagbara och tv\u00e4ttbara f\u00f6r enkel reng\u00f6ring<\/li>\n<li> Funktionellt soffbord med tv\u00e5 niv\u00e5er f\u00f6r l\u00e4ttillg\u00e4nglig f\u00f6rvaring av redskap<\/li>\n<li> Bordsskiva i h\u00e4rdat glas ger en touch av elegans<\/li>\n<li> Pulverlackerade st\u00e5lramar f\u00f6r stabilitet, omsluten med stilfullt UV-resistent plastfl\u00e4tning<\/li>\n<li> Montering kr\u00e4vs<\/li>\n<\/ul>\n<p> Tekniska data:<\/p>\n<ul>\n<li> F\u00e4rg: Brun+Cremevit+Svart<\/li>\n<li> Material: PE-rotting, st\u00e5l, polyester, h\u00e4rdat glas, PP-bomull<\/li>\n<li> Stolm\u00e5tt: 62B x 65T x 75H cm<\/li>\n<li> Fotpallm\u00e5tt: 52L x 50B x 35H cm<\/li>\n<li> Bordm\u00e5tt: 45L x 45B x 49H cm<\/li>\n<li> Sittstorlek: 53B x 53T cm<\/li>\n<li> Sitt h\u00f6jd fr\u00e5n golvet: 36 cm<\/li>\n<li> Armst\u00f6dsh\u00f6jd fr\u00e5n golvet: 58 cm<\/li>\n<li> Ryggst\u00f6dsm\u00e5tt: 53B x 39H cm<\/li>\n<li> Kuddtjocklek: 5 cm (sitt\/fotpall), 8 cm (rygg)<\/li>\n<li> B\u00e4rkapacitet: 120 kg (stol\/fotpall), 30 kg (bord)<\/li>\n<\/ul>\n<p>Leveransinneh\u00e5ll:<\/p>\n<ul>\n<li> 2 x Stolar<\/li>\n<li> 2 x Fotpallar<\/li>\n<li> 1 x Bord<\/li>\n<li> 2 x Sittkuddar<\/li>\n<li> 2 x Ryggkuddar<\/li>\n<li> 2 x Fotpallkuddar<\/li>\n<li> 1 x Instruktioner<\/li>\n<\/ul>\n","protected":false},"excerpt":{"rendered":"<p>Utomhussamtalssetet orsakar ofta oordning p\u00e5 sm\u00e5 balkonger, vilket f\u00f6rsv\u00e5rar avkoppling. [BRAND NAME] balkongm\u00f6belset l\u00f6ser detta problem: fotpallar passar under rottingstolarna,&#8230;<\/p>\n","protected":false},"featured_media":108354,"template":"","meta":[],"product_brand":[],"product_cat":[1035,858,450],"product_tag":[],"class_list":{"0":"post-108368","1":"product","2":"type-product","3":"status-publish","4":"has-post-thumbnail","6":"product_cat-polyrattan-tradgardsmobler","7":"product_cat-tradgard-terrass","8":"product_cat-tradgardsmobler","10":"first","11":"instock","12":"sale","13":"taxable","14":"shipping-taxable","15":"purchasable","16":"product-type-simple"},"yoast_head":"<!-- This site is optimized with the Yoast SEO plugin v25.4 - https:\/\/yoast.com\/wordpress\/plugins\/seo\/ -->\n<title>TRUUSK 5-delat Rattan Tr\u00e4dg\u00e5rdsm\u00f6belset - Balkongm\u00f6belset - 2 Stolar - Kuddar - Pall - Bord - Kr\u00e4mvitt - TRUUSK - Hem, Tr\u00e4dg\u00e5rd &amp; Fritid<\/title>\n<meta name=\"robots\" content=\"index, follow, max-snippet:-1, max-image-preview:large, max-video-preview:-1\" \/>\n<link rel=\"canonical\" href=\"https:\/\/truusk.store\/sv\/produkt\/truusk-5-delat-rattan-tradgardsmobelset-balkongmobelset-2-stolar-kuddar-pall-bord-kramvitt\/\" \/>\n<meta property=\"og:locale\" content=\"sv_SE\" \/>\n<meta property=\"og:type\" content=\"article\" \/>\n<meta property=\"og:title\" content=\"TRUUSK 5-delat Rattan Tr\u00e4dg\u00e5rdsm\u00f6belset - Balkongm\u00f6belset - 2 Stolar - Kuddar - Pall - Bord - Kr\u00e4mvitt - TRUUSK - Hem, Tr\u00e4dg\u00e5rd &amp; Fritid\" \/>\n<meta property=\"og:description\" content=\"Utomhussamtalssetet orsakar ofta oordning p\u00e5 sm\u00e5 balkonger, vilket f\u00f6rsv\u00e5rar avkoppling. [BRAND NAME] balkongm\u00f6belset l\u00f6ser detta problem: fotpallar passar under rottingstolarna,...\" \/>\n<meta property=\"og:url\" content=\"https:\/\/truusk.store\/sv\/produkt\/truusk-5-delat-rattan-tradgardsmobelset-balkongmobelset-2-stolar-kuddar-pall-bord-kramvitt\/\" \/>\n<meta property=\"og:site_name\" content=\"TRUUSK - Hem, Tr\u00e4dg\u00e5rd &amp; Fritid\" \/>\n<meta property=\"article:modified_time\" content=\"2026-03-12T07:53:11+00:00\" \/>\n<meta property=\"og:image\" content=\"https:\/\/i0.wp.com\/truusk.se\/wp-content\/uploads\/2026\/03\/rattan-tradgardsmobelset-5-delat-balkongmobelset-med-2-stolar-kuddar-pall-bord-forvaringsutrymme-i-kramvitt-1.webp?fit=2000%2C2000&ssl=1\" \/>\n\t<meta property=\"og:image:width\" content=\"2000\" \/>\n\t<meta property=\"og:image:height\" content=\"2000\" \/>\n\t<meta property=\"og:image:type\" content=\"image\/webp\" \/>\n<meta name=\"twitter:card\" content=\"summary_large_image\" \/>\n<meta name=\"twitter:label1\" content=\"Ber\u00e4knad l\u00e4stid\" \/>\n\t<meta name=\"twitter:data1\" content=\"1 minut\" \/>\n<!-- \/ Yoast SEO plugin. -->","yoast_head_json":{"title":"TRUUSK 5-delat Rattan Tr\u00e4dg\u00e5rdsm\u00f6belset - Balkongm\u00f6belset - 2 Stolar - Kuddar - Pall - Bord - Kr\u00e4mvitt - TRUUSK - Hem, Tr\u00e4dg\u00e5rd &amp; Fritid","robots":{"index":"index","follow":"follow","max-snippet":"max-snippet:-1","max-image-preview":"max-image-preview:large","max-video-preview":"max-video-preview:-1"},"canonical":"https:\/\/truusk.store\/sv\/produkt\/truusk-5-delat-rattan-tradgardsmobelset-balkongmobelset-2-stolar-kuddar-pall-bord-kramvitt\/","og_locale":"sv_SE","og_type":"article","og_title":"TRUUSK 5-delat Rattan Tr\u00e4dg\u00e5rdsm\u00f6belset - Balkongm\u00f6belset - 2 Stolar - Kuddar - Pall - Bord - Kr\u00e4mvitt - TRUUSK - Hem, Tr\u00e4dg\u00e5rd &amp; Fritid","og_description":"Utomhussamtalssetet orsakar ofta oordning p\u00e5 sm\u00e5 balkonger, vilket f\u00f6rsv\u00e5rar avkoppling. [BRAND NAME] balkongm\u00f6belset l\u00f6ser detta problem: fotpallar passar under rottingstolarna,...","og_url":"https:\/\/truusk.store\/sv\/produkt\/truusk-5-delat-rattan-tradgardsmobelset-balkongmobelset-2-stolar-kuddar-pall-bord-kramvitt\/","og_site_name":"TRUUSK - Hem, Tr\u00e4dg\u00e5rd &amp; Fritid","article_modified_time":"2026-03-12T07:53:11+00:00","og_image":[{"width":2000,"height":2000,"url":"https:\/\/i0.wp.com\/truusk.se\/wp-content\/uploads\/2026\/03\/rattan-tradgardsmobelset-5-delat-balkongmobelset-med-2-stolar-kuddar-pall-bord-forvaringsutrymme-i-kramvitt-1.webp?fit=2000%2C2000&ssl=1","type":"image\/webp"}],"twitter_card":"summary_large_image","twitter_misc":{"Ber\u00e4knad l\u00e4stid":"1 minut"},"schema":{"@context":"https:\/\/schema.org","@graph":[{"@type":"WebPage","@id":"https:\/\/truusk.store\/sv\/produkt\/truusk-5-delat-rattan-tradgardsmobelset-balkongmobelset-2-stolar-kuddar-pall-bord-kramvitt\/","url":"https:\/\/truusk.store\/sv\/produkt\/truusk-5-delat-rattan-tradgardsmobelset-balkongmobelset-2-stolar-kuddar-pall-bord-kramvitt\/","name":"TRUUSK 5-delat Rattan Tr\u00e4dg\u00e5rdsm\u00f6belset - Balkongm\u00f6belset - 2 Stolar - Kuddar - Pall - Bord - Kr\u00e4mvitt - TRUUSK - Hem, Tr\u00e4dg\u00e5rd &amp; Fritid","isPartOf":{"@id":"https:\/\/truusk.store\/sv\/#website"},"primaryImageOfPage":{"@id":"https:\/\/truusk.store\/sv\/produkt\/truusk-5-delat-rattan-tradgardsmobelset-balkongmobelset-2-stolar-kuddar-pall-bord-kramvitt\/#primaryimage"},"image":{"@id":"https:\/\/truusk.store\/sv\/produkt\/truusk-5-delat-rattan-tradgardsmobelset-balkongmobelset-2-stolar-kuddar-pall-bord-kramvitt\/#primaryimage"},"thumbnailUrl":"https:\/\/i0.wp.com\/truusk.store\/wp-content\/uploads\/2026\/03\/rattan-tradgardsmobelset-5-delat-balkongmobelset-med-2-stolar-kuddar-pall-bord-forvaringsutrymme-i-kramvitt-1.webp?fit=2000%2C2000&ssl=1","datePublished":"2026-03-11T13:03:17+00:00","dateModified":"2026-03-12T07:53:11+00:00","breadcrumb":{"@id":"https:\/\/truusk.store\/sv\/produkt\/truusk-5-delat-rattan-tradgardsmobelset-balkongmobelset-2-stolar-kuddar-pall-bord-kramvitt\/#breadcrumb"},"inLanguage":"sv-SE","potentialAction":[{"@type":"ReadAction","target":["https:\/\/truusk.store\/sv\/produkt\/truusk-5-delat-rattan-tradgardsmobelset-balkongmobelset-2-stolar-kuddar-pall-bord-kramvitt\/"]}]},{"@type":"ImageObject","inLanguage":"sv-SE","@id":"https:\/\/truusk.store\/sv\/produkt\/truusk-5-delat-rattan-tradgardsmobelset-balkongmobelset-2-stolar-kuddar-pall-bord-kramvitt\/#primaryimage","url":"https:\/\/i0.wp.com\/truusk.store\/wp-content\/uploads\/2026\/03\/rattan-tradgardsmobelset-5-delat-balkongmobelset-med-2-stolar-kuddar-pall-bord-forvaringsutrymme-i-kramvitt-1.webp?fit=2000%2C2000&ssl=1","contentUrl":"https:\/\/i0.wp.com\/truusk.store\/wp-content\/uploads\/2026\/03\/rattan-tradgardsmobelset-5-delat-balkongmobelset-med-2-stolar-kuddar-pall-bord-forvaringsutrymme-i-kramvitt-1.webp?fit=2000%2C2000&ssl=1","width":2000,"height":2000},{"@type":"BreadcrumbList","@id":"https:\/\/truusk.store\/sv\/produkt\/truusk-5-delat-rattan-tradgardsmobelset-balkongmobelset-2-stolar-kuddar-pall-bord-kramvitt\/#breadcrumb","itemListElement":[{"@type":"ListItem","position":1,"name":"Home","item":"https:\/\/truusk.store\/sv\/"},{"@type":"ListItem","position":2,"name":"Shop","item":"https:\/\/truusk.store\/shop\/"},{"@type":"ListItem","position":3,"name":"TRUUSK 5-delat Rattan Tr\u00e4dg\u00e5rdsm\u00f6belset &#8211; Balkongm\u00f6belset &#8211; 2 Stolar &#8211; Kuddar &#8211; Pall &#8211; Bord &#8211; Kr\u00e4mvitt"}]},{"@type":"WebSite","@id":"https:\/\/truusk.store\/sv\/#website","url":"https:\/\/truusk.store\/sv\/","name":"TRUUSK - Hem, Tr\u00e4dg\u00e5rd & Fritid","description":"","publisher":{"@id":"https:\/\/truusk.store\/sv\/#organization"},"potentialAction":[{"@type":"SearchAction","target":{"@type":"EntryPoint","urlTemplate":"https:\/\/truusk.store\/sv\/?s={search_term_string}"},"query-input":{"@type":"PropertyValueSpecification","valueRequired":true,"valueName":"search_term_string"}}],"inLanguage":"sv-SE"},{"@type":"Organization","@id":"https:\/\/truusk.store\/sv\/#organization","name":"TRUUSK - Hem, Tr\u00e4dg\u00e5rd & Fritid","url":"https:\/\/truusk.store\/sv\/","logo":{"@type":"ImageObject","inLanguage":"sv-SE","@id":"https:\/\/truusk.store\/sv\/#\/schema\/logo\/image\/","url":"https:\/\/i0.wp.com\/truusk.store\/wp-content\/uploads\/2026\/03\/cropped-TRUUSK.png?fit=2032%2C917&ssl=1","contentUrl":"https:\/\/i0.wp.com\/truusk.store\/wp-content\/uploads\/2026\/03\/cropped-TRUUSK.png?fit=2032%2C917&ssl=1","width":2032,"height":917,"caption":"TRUUSK - Hem, Tr\u00e4dg\u00e5rd & Fritid"},"image":{"@id":"https:\/\/truusk.store\/sv\/#\/schema\/logo\/image\/"}}]}},"jetpack_sharing_enabled":true,"_links":{"self":[{"href":"https:\/\/truusk.store\/sv\/wp-json\/wp\/v2\/product\/108368","targetHints":{"allow":["GET"]}}],"collection":[{"href":"https:\/\/truusk.store\/sv\/wp-json\/wp\/v2\/product"}],"about":[{"href":"https:\/\/truusk.store\/sv\/wp-json\/wp\/v2\/types\/product"}],"wp:featuredmedia":[{"embeddable":true,"href":"https:\/\/truusk.store\/sv\/wp-json\/wp\/v2\/media\/108354"}],"wp:attachment":[{"href":"https:\/\/truusk.store\/sv\/wp-json\/wp\/v2\/media?parent=108368"}],"wp:term":[{"taxonomy":"product_brand","embeddable":true,"href":"https:\/\/truusk.store\/sv\/wp-json\/wp\/v2\/product_brand?post=108368"},{"taxonomy":"product_cat","embeddable":true,"href":"https:\/\/truusk.store\/sv\/wp-json\/wp\/v2\/product_cat?post=108368"},{"taxonomy":"product_tag","embeddable":true,"href":"https:\/\/truusk.store\/sv\/wp-json\/wp\/v2\/product_tag?post=108368"}],"curies":[{"name":"wp","href":"https:\/\/api.w.org\/{rel}","templated":true}]}}