{"id":108416,"date":"2026-03-11T14:07:41","date_gmt":"2026-03-11T13:07:41","guid":{"rendered":"https:\/\/truusk.store\/product\/modernt-kaffebord-set-om-2-stapelbara-sidobord-med-metallram-for-vardagsrum-sovrum-kontor-gra\/"},"modified":"2026-03-12T08:53:13","modified_gmt":"2026-03-12T07:53:13","slug":"truusk-moderna-katt-och-hundvagn-hopfallbar-med-regnskydd-natoppningar-kudde-for-husdjur-upp-till-10-kg-khaki","status":"publish","type":"product","link":"https:\/\/truusk.store\/sv\/produkt\/truusk-moderna-katt-och-hundvagn-hopfallbar-med-regnskydd-natoppningar-kudde-for-husdjur-upp-till-10-kg-khaki\/","title":{"rendered":"TRUUSK Moderna Katt- och Hundvagn &#8211; Hopf\u00e4llbar med Regnskydd &#8211; N\u00e4t\u00f6ppningar &#8211; Kudde &#8211; F\u00f6r Husdjur Upp till 10 kg &#8211; Khaki"},"content":{"rendered":"<p>Oavsett om det \u00e4r utdraget eller ihoptryckt, imponerar detta [BRAND NAME] soffbordssats i ditt hem. Det inkluderar tv\u00e5 bord som passar in i varandra f\u00f6r att spara utrymme. Metallramen p\u00e5 kaffebordet ger stabilitet, medan ytor med cementutseende beh\u00e5ller sin stil och sk\u00f6nhet p\u00e5 l\u00e5ng sikt.<\/p>\n<p>Beskrivning:<\/p>\n<ul>\n<li> Inneh\u00e5ller tv\u00e5 soffbord, en perfekt komplement till ditt hem<\/li>\n<li> De kan anv\u00e4ndas separat, tillsammans eller inb\u00e4ddade i varandra f\u00f6r att spara utrymme n\u00e4r de inte anv\u00e4nds<\/li>\n<li> Modern design med bordsskiva i cementutseende, som l\u00e4tt passar in i inredningsstilen<\/li>\n<li> Stapelbar n\u00e4r den inte anv\u00e4nds, f\u00f6r utrymmesbesparande f\u00f6rvaring<\/li>\n<li> H\u00f6gkvalitativ MDF-platta och metallram f\u00f6r h\u00f6g stabilitet och l\u00e5ng h\u00e5llbarhet<\/li>\n<li> Montering kr\u00e4vs<\/li>\n<\/ul>\n<p> Tekniska data:<\/p>\n<ul>\n<li> F\u00e4rg: Gr\u00e5<\/li>\n<li> Material: Metall, MDF<\/li>\n<li> Stor bordstorlek: 78,5L x 78,5B x 46,5H cm<\/li>\n<li> Liten bordstorlek: 59L x 59B x 36,5H cm<\/li>\n<li> Belastningskapacitet: 50 kg<\/li>\n<\/ul>\n<p>Leveransinneh\u00e5ll:<\/p>\n<ul>\n<li> 1 x Stort soffbord<\/li>\n<li> 1 x Litet soffbord<\/li>\n<li> 1 x Instruktion<\/li>\n<\/ul>\n","protected":false},"excerpt":{"rendered":"<p>Oavsett om det \u00e4r utdraget eller ihoptryckt, imponerar detta [BRAND NAME] soffbordssats i ditt hem. Det inkluderar tv\u00e5 bord som&#8230;<\/p>\n","protected":false},"featured_media":108406,"template":"","meta":[],"product_brand":[],"product_cat":[871,929,910],"product_tag":[],"class_list":{"0":"post-108416","1":"product","2":"type-product","3":"status-publish","4":"has-post-thumbnail","6":"product_cat-hus-hem","7":"product_cat-soffbord","8":"product_cat-vardagsrum","10":"first","11":"instock","12":"sale","13":"taxable","14":"shipping-taxable","15":"purchasable","16":"product-type-simple"},"yoast_head":"<!-- This site is optimized with the Yoast SEO plugin v25.4 - https:\/\/yoast.com\/wordpress\/plugins\/seo\/ -->\n<title>TRUUSK Moderna Katt- och Hundvagn - Hopf\u00e4llbar med Regnskydd - N\u00e4t\u00f6ppningar - Kudde - F\u00f6r Husdjur Upp till 10 kg - Khaki - TRUUSK - Hem, Tr\u00e4dg\u00e5rd &amp; Fritid<\/title>\n<meta name=\"robots\" content=\"index, follow, max-snippet:-1, max-image-preview:large, max-video-preview:-1\" \/>\n<link rel=\"canonical\" href=\"https:\/\/truusk.store\/sv\/produkt\/truusk-moderna-katt-och-hundvagn-hopfallbar-med-regnskydd-natoppningar-kudde-for-husdjur-upp-till-10-kg-khaki\/\" \/>\n<meta property=\"og:locale\" content=\"sv_SE\" \/>\n<meta property=\"og:type\" content=\"article\" \/>\n<meta property=\"og:title\" content=\"TRUUSK Moderna Katt- och Hundvagn - Hopf\u00e4llbar med Regnskydd - N\u00e4t\u00f6ppningar - Kudde - F\u00f6r Husdjur Upp till 10 kg - Khaki - TRUUSK - Hem, Tr\u00e4dg\u00e5rd &amp; Fritid\" \/>\n<meta property=\"og:description\" content=\"Oavsett om det \u00e4r utdraget eller ihoptryckt, imponerar detta [BRAND NAME] soffbordssats i ditt hem. Det inkluderar tv\u00e5 bord som...\" \/>\n<meta property=\"og:url\" content=\"https:\/\/truusk.store\/sv\/produkt\/truusk-moderna-katt-och-hundvagn-hopfallbar-med-regnskydd-natoppningar-kudde-for-husdjur-upp-till-10-kg-khaki\/\" \/>\n<meta property=\"og:site_name\" content=\"TRUUSK - Hem, Tr\u00e4dg\u00e5rd &amp; Fritid\" \/>\n<meta property=\"article:modified_time\" content=\"2026-03-12T07:53:13+00:00\" \/>\n<meta property=\"og:image\" content=\"https:\/\/i0.wp.com\/truusk.se\/wp-content\/uploads\/2026\/03\/modernt-kaffebord-set-om-2-stapelbara-sidobord-med-metallram-for-vardagsrum-sovrum-kontor-gra-1-1.webp?fit=2000%2C2000&ssl=1\" \/>\n\t<meta property=\"og:image:width\" content=\"2000\" \/>\n\t<meta property=\"og:image:height\" content=\"2000\" \/>\n\t<meta property=\"og:image:type\" content=\"image\/webp\" \/>\n<meta name=\"twitter:card\" content=\"summary_large_image\" \/>\n<meta name=\"twitter:label1\" content=\"Ber\u00e4knad l\u00e4stid\" \/>\n\t<meta name=\"twitter:data1\" content=\"1 minut\" \/>\n<!-- \/ Yoast SEO plugin. -->","yoast_head_json":{"title":"TRUUSK Moderna Katt- och Hundvagn - Hopf\u00e4llbar med Regnskydd - N\u00e4t\u00f6ppningar - Kudde - F\u00f6r Husdjur Upp till 10 kg - Khaki - TRUUSK - Hem, Tr\u00e4dg\u00e5rd &amp; Fritid","robots":{"index":"index","follow":"follow","max-snippet":"max-snippet:-1","max-image-preview":"max-image-preview:large","max-video-preview":"max-video-preview:-1"},"canonical":"https:\/\/truusk.store\/sv\/produkt\/truusk-moderna-katt-och-hundvagn-hopfallbar-med-regnskydd-natoppningar-kudde-for-husdjur-upp-till-10-kg-khaki\/","og_locale":"sv_SE","og_type":"article","og_title":"TRUUSK Moderna Katt- och Hundvagn - Hopf\u00e4llbar med Regnskydd - N\u00e4t\u00f6ppningar - Kudde - F\u00f6r Husdjur Upp till 10 kg - Khaki - TRUUSK - Hem, Tr\u00e4dg\u00e5rd &amp; Fritid","og_description":"Oavsett om det \u00e4r utdraget eller ihoptryckt, imponerar detta [BRAND NAME] soffbordssats i ditt hem. Det inkluderar tv\u00e5 bord som...","og_url":"https:\/\/truusk.store\/sv\/produkt\/truusk-moderna-katt-och-hundvagn-hopfallbar-med-regnskydd-natoppningar-kudde-for-husdjur-upp-till-10-kg-khaki\/","og_site_name":"TRUUSK - Hem, Tr\u00e4dg\u00e5rd &amp; Fritid","article_modified_time":"2026-03-12T07:53:13+00:00","og_image":[{"width":2000,"height":2000,"url":"https:\/\/i0.wp.com\/truusk.se\/wp-content\/uploads\/2026\/03\/modernt-kaffebord-set-om-2-stapelbara-sidobord-med-metallram-for-vardagsrum-sovrum-kontor-gra-1-1.webp?fit=2000%2C2000&ssl=1","type":"image\/webp"}],"twitter_card":"summary_large_image","twitter_misc":{"Ber\u00e4knad l\u00e4stid":"1 minut"},"schema":{"@context":"https:\/\/schema.org","@graph":[{"@type":"WebPage","@id":"https:\/\/truusk.store\/sv\/produkt\/truusk-moderna-katt-och-hundvagn-hopfallbar-med-regnskydd-natoppningar-kudde-for-husdjur-upp-till-10-kg-khaki\/","url":"https:\/\/truusk.store\/sv\/produkt\/truusk-moderna-katt-och-hundvagn-hopfallbar-med-regnskydd-natoppningar-kudde-for-husdjur-upp-till-10-kg-khaki\/","name":"TRUUSK Moderna Katt- och Hundvagn - Hopf\u00e4llbar med Regnskydd - N\u00e4t\u00f6ppningar - Kudde - F\u00f6r Husdjur Upp till 10 kg - Khaki - TRUUSK - Hem, Tr\u00e4dg\u00e5rd &amp; Fritid","isPartOf":{"@id":"https:\/\/truusk.store\/sv\/#website"},"primaryImageOfPage":{"@id":"https:\/\/truusk.store\/sv\/produkt\/truusk-moderna-katt-och-hundvagn-hopfallbar-med-regnskydd-natoppningar-kudde-for-husdjur-upp-till-10-kg-khaki\/#primaryimage"},"image":{"@id":"https:\/\/truusk.store\/sv\/produkt\/truusk-moderna-katt-och-hundvagn-hopfallbar-med-regnskydd-natoppningar-kudde-for-husdjur-upp-till-10-kg-khaki\/#primaryimage"},"thumbnailUrl":"https:\/\/i0.wp.com\/truusk.store\/wp-content\/uploads\/2026\/03\/modernt-kaffebord-set-om-2-stapelbara-sidobord-med-metallram-for-vardagsrum-sovrum-kontor-gra-1-1.webp?fit=2000%2C2000&ssl=1","datePublished":"2026-03-11T13:07:41+00:00","dateModified":"2026-03-12T07:53:13+00:00","breadcrumb":{"@id":"https:\/\/truusk.store\/sv\/produkt\/truusk-moderna-katt-och-hundvagn-hopfallbar-med-regnskydd-natoppningar-kudde-for-husdjur-upp-till-10-kg-khaki\/#breadcrumb"},"inLanguage":"sv-SE","potentialAction":[{"@type":"ReadAction","target":["https:\/\/truusk.store\/sv\/produkt\/truusk-moderna-katt-och-hundvagn-hopfallbar-med-regnskydd-natoppningar-kudde-for-husdjur-upp-till-10-kg-khaki\/"]}]},{"@type":"ImageObject","inLanguage":"sv-SE","@id":"https:\/\/truusk.store\/sv\/produkt\/truusk-moderna-katt-och-hundvagn-hopfallbar-med-regnskydd-natoppningar-kudde-for-husdjur-upp-till-10-kg-khaki\/#primaryimage","url":"https:\/\/i0.wp.com\/truusk.store\/wp-content\/uploads\/2026\/03\/modernt-kaffebord-set-om-2-stapelbara-sidobord-med-metallram-for-vardagsrum-sovrum-kontor-gra-1-1.webp?fit=2000%2C2000&ssl=1","contentUrl":"https:\/\/i0.wp.com\/truusk.store\/wp-content\/uploads\/2026\/03\/modernt-kaffebord-set-om-2-stapelbara-sidobord-med-metallram-for-vardagsrum-sovrum-kontor-gra-1-1.webp?fit=2000%2C2000&ssl=1","width":2000,"height":2000},{"@type":"BreadcrumbList","@id":"https:\/\/truusk.store\/sv\/produkt\/truusk-moderna-katt-och-hundvagn-hopfallbar-med-regnskydd-natoppningar-kudde-for-husdjur-upp-till-10-kg-khaki\/#breadcrumb","itemListElement":[{"@type":"ListItem","position":1,"name":"Home","item":"https:\/\/truusk.store\/sv\/"},{"@type":"ListItem","position":2,"name":"Shop","item":"https:\/\/truusk.store\/shop\/"},{"@type":"ListItem","position":3,"name":"TRUUSK Moderna Katt- och Hundvagn &#8211; Hopf\u00e4llbar med Regnskydd &#8211; N\u00e4t\u00f6ppningar &#8211; Kudde &#8211; F\u00f6r Husdjur Upp till 10 kg &#8211; Khaki"}]},{"@type":"WebSite","@id":"https:\/\/truusk.store\/sv\/#website","url":"https:\/\/truusk.store\/sv\/","name":"TRUUSK - Hem, Tr\u00e4dg\u00e5rd & Fritid","description":"","publisher":{"@id":"https:\/\/truusk.store\/sv\/#organization"},"potentialAction":[{"@type":"SearchAction","target":{"@type":"EntryPoint","urlTemplate":"https:\/\/truusk.store\/sv\/?s={search_term_string}"},"query-input":{"@type":"PropertyValueSpecification","valueRequired":true,"valueName":"search_term_string"}}],"inLanguage":"sv-SE"},{"@type":"Organization","@id":"https:\/\/truusk.store\/sv\/#organization","name":"TRUUSK - Hem, Tr\u00e4dg\u00e5rd & Fritid","url":"https:\/\/truusk.store\/sv\/","logo":{"@type":"ImageObject","inLanguage":"sv-SE","@id":"https:\/\/truusk.store\/sv\/#\/schema\/logo\/image\/","url":"https:\/\/i0.wp.com\/truusk.store\/wp-content\/uploads\/2026\/03\/cropped-TRUUSK.png?fit=2032%2C917&ssl=1","contentUrl":"https:\/\/i0.wp.com\/truusk.store\/wp-content\/uploads\/2026\/03\/cropped-TRUUSK.png?fit=2032%2C917&ssl=1","width":2032,"height":917,"caption":"TRUUSK - Hem, Tr\u00e4dg\u00e5rd & Fritid"},"image":{"@id":"https:\/\/truusk.store\/sv\/#\/schema\/logo\/image\/"}}]}},"jetpack_sharing_enabled":true,"_links":{"self":[{"href":"https:\/\/truusk.store\/sv\/wp-json\/wp\/v2\/product\/108416","targetHints":{"allow":["GET"]}}],"collection":[{"href":"https:\/\/truusk.store\/sv\/wp-json\/wp\/v2\/product"}],"about":[{"href":"https:\/\/truusk.store\/sv\/wp-json\/wp\/v2\/types\/product"}],"wp:featuredmedia":[{"embeddable":true,"href":"https:\/\/truusk.store\/sv\/wp-json\/wp\/v2\/media\/108406"}],"wp:attachment":[{"href":"https:\/\/truusk.store\/sv\/wp-json\/wp\/v2\/media?parent=108416"}],"wp:term":[{"taxonomy":"product_brand","embeddable":true,"href":"https:\/\/truusk.store\/sv\/wp-json\/wp\/v2\/product_brand?post=108416"},{"taxonomy":"product_cat","embeddable":true,"href":"https:\/\/truusk.store\/sv\/wp-json\/wp\/v2\/product_cat?post=108416"},{"taxonomy":"product_tag","embeddable":true,"href":"https:\/\/truusk.store\/sv\/wp-json\/wp\/v2\/product_tag?post=108416"}],"curies":[{"name":"wp","href":"https:\/\/api.w.org\/{rel}","templated":true}]}}