{"id":108426,"date":"2026-03-11T14:08:54","date_gmt":"2026-03-11T13:08:54","guid":{"rendered":"https:\/\/truusk.store\/product\/hopfallbar-barbar-solsang-med-5-lages-justerbar-ryggstod-vadderad-madrass-huvudstod\/"},"modified":"2026-03-12T08:53:13","modified_gmt":"2026-03-12T07:53:13","slug":"truusk-hopfallbar-solsang-justerbart-ryggstod-vadderad-madrass-huvudstod-for-hundar-och-katter-beige","status":"publish","type":"product","link":"https:\/\/truusk.store\/sv\/produkt\/truusk-hopfallbar-solsang-justerbart-ryggstod-vadderad-madrass-huvudstod-for-hundar-och-katter-beige\/","title":{"rendered":"TRUUSK Hopf\u00e4llbar Sols\u00e4ng &#8211; Justerbart Ryggst\u00f6d &#8211; Vadderad Madrass &#8211; Huvudst\u00f6d &#8211; F\u00f6r Hundar och Katter &#8211; Beige"},"content":{"rendered":"<p>St\u00f6rd av obekv\u00e4ma sittplatser som g\u00f6r det sv\u00e5rt att koppla av? Utan l\u00e4mpligt st\u00f6d blir det en utmaning att koppla av utomhus. [BRAND NAME] sols\u00e4ng erbjuder h\u00f6gsta komfort i alla \u00e5rstider med sin 5-stegs justerbara ryggst\u00f6d och tjocka, avtagbara kudde. F\u00f6rvandla din terrass, tr\u00e4dg\u00e5rd eller balkong till din personliga oas av v\u00e4lbefinnande &#8211; perfekt f\u00f6r ren avkoppling.<\/p>\n<p>Beskrivning:<\/p>\n<ul>\n<li> Denna tr\u00e4dg\u00e5rdss\u00e4ng kan justeras till 5 liggande positioner fr\u00e5n uppr\u00e4tt till platt f\u00f6r maximal avkoppling<\/li>\n<li> Inkluderar en tjock, avtagbar kudde som erbjuder komfort i alla \u00e5rstider<\/li>\n<li> Tr\u00e4dg\u00e5rdss\u00e4ngen \u00e4r hopf\u00e4llbar, kan f\u00e4llas ihop till en kompakt storlek och har ett handtag f\u00f6r enkel transport och f\u00f6rvaring<\/li>\n<li> Tillverkad med en f\u00f6rst\u00e4rkt st\u00e5lram som s\u00e4kert b\u00e4r upp till 120 kg<\/li>\n<li> Utrustad med en sidoficka f\u00f6r dagliga tillbeh\u00f6r<\/li>\n<li> Den ut\u00f6kade liggytan och huvudst\u00f6det erbjuder full kroppsst\u00f6d<\/li>\n<li> Det v\u00e4derbest\u00e4ndiga n\u00e4ttyget p\u00e5 denna hopf\u00e4llbara sols\u00e4ng \u00e4r l\u00e4tt att reng\u00f6ra och kr\u00e4ver lite underh\u00e5ll \u00f6ver \u00e5ren<\/li>\n<li> Ingen montering kr\u00e4vs<\/li>\n<\/ul>\n<p> Tekniska specifikationer:<\/p>\n<ul>\n<li> F\u00e4rg: Svart+Ljusgr\u00e5<\/li>\n<li> Material: St\u00e5l, n\u00e4ttyg, polyester, polypropylen bomull, skum<\/li>\n<li> Totala dimensioner: 200L x 57B x 38H cm<\/li>\n<li> Hopf\u00e4llda dimensioner: 79L x 18B x 57H cm<\/li>\n<li> Ryggst\u00f6dsh\u00f6jd (till golvet): 87\/74\/58\/42\/38 cm (100\u00b0-180\u00b0)<\/li>\n<li> Sitsstorlek: 57B x 139T x 34H cm<\/li>\n<li> Ryggst\u00f6dsstorlek: 61L x 57B cm<\/li>\n<li> Kuddstorlek: 200L x 57B x 9T cm<\/li>\n<li> Huvudst\u00f6dsstorlek: 40L x 15B x 5T cm<\/li>\n<li> Tidningsfacksstorlek: 30L x 24B cm<\/li>\n<li> Maximal belastning: 120 kg<\/li>\n<\/ul>\n<p>Leveransinneh\u00e5ll:<\/p>\n<ul>\n<li> 1 x Utomhus loungestol<\/li>\n<li> 1 x Kudde<\/li>\n<li> 1 x Huvudst\u00f6d<\/li>\n<li> 1 x Tidningsficka<\/li>\n<li> 1 x Instruktioner<\/li>\n<\/ul>\n","protected":false},"excerpt":{"rendered":"<p>St\u00f6rd av obekv\u00e4ma sittplatser som g\u00f6r det sv\u00e5rt att koppla av? Utan l\u00e4mpligt st\u00f6d blir det en utmaning att koppla&#8230;<\/p>\n","protected":false},"featured_media":108417,"template":"","meta":[],"product_brand":[],"product_cat":[451,858,450],"product_tag":[],"class_list":{"0":"post-108426","1":"product","2":"type-product","3":"status-publish","4":"has-post-thumbnail","6":"product_cat-solstolar","7":"product_cat-tradgard-terrass","8":"product_cat-tradgardsmobler","10":"first","11":"instock","12":"sale","13":"taxable","14":"shipping-taxable","15":"purchasable","16":"product-type-simple"},"yoast_head":"<!-- This site is optimized with the Yoast SEO plugin v25.4 - https:\/\/yoast.com\/wordpress\/plugins\/seo\/ -->\n<title>TRUUSK Hopf\u00e4llbar Sols\u00e4ng - Justerbart Ryggst\u00f6d - Vadderad Madrass - Huvudst\u00f6d - F\u00f6r Hundar och Katter - Beige - TRUUSK - Hem, Tr\u00e4dg\u00e5rd &amp; Fritid<\/title>\n<meta name=\"robots\" content=\"index, follow, max-snippet:-1, max-image-preview:large, max-video-preview:-1\" \/>\n<link rel=\"canonical\" href=\"https:\/\/truusk.store\/sv\/produkt\/truusk-hopfallbar-solsang-justerbart-ryggstod-vadderad-madrass-huvudstod-for-hundar-och-katter-beige\/\" \/>\n<meta property=\"og:locale\" content=\"sv_SE\" \/>\n<meta property=\"og:type\" content=\"article\" \/>\n<meta property=\"og:title\" content=\"TRUUSK Hopf\u00e4llbar Sols\u00e4ng - Justerbart Ryggst\u00f6d - Vadderad Madrass - Huvudst\u00f6d - F\u00f6r Hundar och Katter - Beige - TRUUSK - Hem, Tr\u00e4dg\u00e5rd &amp; Fritid\" \/>\n<meta property=\"og:description\" content=\"St\u00f6rd av obekv\u00e4ma sittplatser som g\u00f6r det sv\u00e5rt att koppla av? Utan l\u00e4mpligt st\u00f6d blir det en utmaning att koppla...\" \/>\n<meta property=\"og:url\" content=\"https:\/\/truusk.store\/sv\/produkt\/truusk-hopfallbar-solsang-justerbart-ryggstod-vadderad-madrass-huvudstod-for-hundar-och-katter-beige\/\" \/>\n<meta property=\"og:site_name\" content=\"TRUUSK - Hem, Tr\u00e4dg\u00e5rd &amp; Fritid\" \/>\n<meta property=\"article:modified_time\" content=\"2026-03-12T07:53:13+00:00\" \/>\n<meta property=\"og:image\" content=\"https:\/\/i0.wp.com\/truusk.se\/wp-content\/uploads\/2026\/03\/hopfallbar-barbar-solsang-med-5-lages-justerbar-ryggstod-vadderad-madrass-huvudstod-1.webp?fit=2000%2C2000&ssl=1\" \/>\n\t<meta property=\"og:image:width\" content=\"2000\" \/>\n\t<meta property=\"og:image:height\" content=\"2000\" \/>\n\t<meta property=\"og:image:type\" content=\"image\/webp\" \/>\n<meta name=\"twitter:card\" content=\"summary_large_image\" \/>\n<meta name=\"twitter:label1\" content=\"Ber\u00e4knad l\u00e4stid\" \/>\n\t<meta name=\"twitter:data1\" content=\"1 minut\" \/>\n<!-- \/ Yoast SEO plugin. -->","yoast_head_json":{"title":"TRUUSK Hopf\u00e4llbar Sols\u00e4ng - Justerbart Ryggst\u00f6d - Vadderad Madrass - Huvudst\u00f6d - F\u00f6r Hundar och Katter - Beige - TRUUSK - Hem, Tr\u00e4dg\u00e5rd &amp; Fritid","robots":{"index":"index","follow":"follow","max-snippet":"max-snippet:-1","max-image-preview":"max-image-preview:large","max-video-preview":"max-video-preview:-1"},"canonical":"https:\/\/truusk.store\/sv\/produkt\/truusk-hopfallbar-solsang-justerbart-ryggstod-vadderad-madrass-huvudstod-for-hundar-och-katter-beige\/","og_locale":"sv_SE","og_type":"article","og_title":"TRUUSK Hopf\u00e4llbar Sols\u00e4ng - Justerbart Ryggst\u00f6d - Vadderad Madrass - Huvudst\u00f6d - F\u00f6r Hundar och Katter - Beige - TRUUSK - Hem, Tr\u00e4dg\u00e5rd &amp; Fritid","og_description":"St\u00f6rd av obekv\u00e4ma sittplatser som g\u00f6r det sv\u00e5rt att koppla av? Utan l\u00e4mpligt st\u00f6d blir det en utmaning att koppla...","og_url":"https:\/\/truusk.store\/sv\/produkt\/truusk-hopfallbar-solsang-justerbart-ryggstod-vadderad-madrass-huvudstod-for-hundar-och-katter-beige\/","og_site_name":"TRUUSK - Hem, Tr\u00e4dg\u00e5rd &amp; Fritid","article_modified_time":"2026-03-12T07:53:13+00:00","og_image":[{"width":2000,"height":2000,"url":"https:\/\/i0.wp.com\/truusk.se\/wp-content\/uploads\/2026\/03\/hopfallbar-barbar-solsang-med-5-lages-justerbar-ryggstod-vadderad-madrass-huvudstod-1.webp?fit=2000%2C2000&ssl=1","type":"image\/webp"}],"twitter_card":"summary_large_image","twitter_misc":{"Ber\u00e4knad l\u00e4stid":"1 minut"},"schema":{"@context":"https:\/\/schema.org","@graph":[{"@type":"WebPage","@id":"https:\/\/truusk.store\/sv\/produkt\/truusk-hopfallbar-solsang-justerbart-ryggstod-vadderad-madrass-huvudstod-for-hundar-och-katter-beige\/","url":"https:\/\/truusk.store\/sv\/produkt\/truusk-hopfallbar-solsang-justerbart-ryggstod-vadderad-madrass-huvudstod-for-hundar-och-katter-beige\/","name":"TRUUSK Hopf\u00e4llbar Sols\u00e4ng - Justerbart Ryggst\u00f6d - Vadderad Madrass - Huvudst\u00f6d - F\u00f6r Hundar och Katter - Beige - TRUUSK - Hem, Tr\u00e4dg\u00e5rd &amp; Fritid","isPartOf":{"@id":"https:\/\/truusk.store\/sv\/#website"},"primaryImageOfPage":{"@id":"https:\/\/truusk.store\/sv\/produkt\/truusk-hopfallbar-solsang-justerbart-ryggstod-vadderad-madrass-huvudstod-for-hundar-och-katter-beige\/#primaryimage"},"image":{"@id":"https:\/\/truusk.store\/sv\/produkt\/truusk-hopfallbar-solsang-justerbart-ryggstod-vadderad-madrass-huvudstod-for-hundar-och-katter-beige\/#primaryimage"},"thumbnailUrl":"https:\/\/i0.wp.com\/truusk.store\/wp-content\/uploads\/2026\/03\/hopfallbar-barbar-solsang-med-5-lages-justerbar-ryggstod-vadderad-madrass-huvudstod-1.webp?fit=2000%2C2000&ssl=1","datePublished":"2026-03-11T13:08:54+00:00","dateModified":"2026-03-12T07:53:13+00:00","breadcrumb":{"@id":"https:\/\/truusk.store\/sv\/produkt\/truusk-hopfallbar-solsang-justerbart-ryggstod-vadderad-madrass-huvudstod-for-hundar-och-katter-beige\/#breadcrumb"},"inLanguage":"sv-SE","potentialAction":[{"@type":"ReadAction","target":["https:\/\/truusk.store\/sv\/produkt\/truusk-hopfallbar-solsang-justerbart-ryggstod-vadderad-madrass-huvudstod-for-hundar-och-katter-beige\/"]}]},{"@type":"ImageObject","inLanguage":"sv-SE","@id":"https:\/\/truusk.store\/sv\/produkt\/truusk-hopfallbar-solsang-justerbart-ryggstod-vadderad-madrass-huvudstod-for-hundar-och-katter-beige\/#primaryimage","url":"https:\/\/i0.wp.com\/truusk.store\/wp-content\/uploads\/2026\/03\/hopfallbar-barbar-solsang-med-5-lages-justerbar-ryggstod-vadderad-madrass-huvudstod-1.webp?fit=2000%2C2000&ssl=1","contentUrl":"https:\/\/i0.wp.com\/truusk.store\/wp-content\/uploads\/2026\/03\/hopfallbar-barbar-solsang-med-5-lages-justerbar-ryggstod-vadderad-madrass-huvudstod-1.webp?fit=2000%2C2000&ssl=1","width":2000,"height":2000},{"@type":"BreadcrumbList","@id":"https:\/\/truusk.store\/sv\/produkt\/truusk-hopfallbar-solsang-justerbart-ryggstod-vadderad-madrass-huvudstod-for-hundar-och-katter-beige\/#breadcrumb","itemListElement":[{"@type":"ListItem","position":1,"name":"Home","item":"https:\/\/truusk.store\/sv\/"},{"@type":"ListItem","position":2,"name":"Shop","item":"https:\/\/truusk.store\/shop\/"},{"@type":"ListItem","position":3,"name":"TRUUSK Hopf\u00e4llbar Sols\u00e4ng &#8211; Justerbart Ryggst\u00f6d &#8211; Vadderad Madrass &#8211; Huvudst\u00f6d &#8211; F\u00f6r Hundar och Katter &#8211; Beige"}]},{"@type":"WebSite","@id":"https:\/\/truusk.store\/sv\/#website","url":"https:\/\/truusk.store\/sv\/","name":"TRUUSK - Hem, Tr\u00e4dg\u00e5rd & Fritid","description":"","publisher":{"@id":"https:\/\/truusk.store\/sv\/#organization"},"potentialAction":[{"@type":"SearchAction","target":{"@type":"EntryPoint","urlTemplate":"https:\/\/truusk.store\/sv\/?s={search_term_string}"},"query-input":{"@type":"PropertyValueSpecification","valueRequired":true,"valueName":"search_term_string"}}],"inLanguage":"sv-SE"},{"@type":"Organization","@id":"https:\/\/truusk.store\/sv\/#organization","name":"TRUUSK - Hem, Tr\u00e4dg\u00e5rd & Fritid","url":"https:\/\/truusk.store\/sv\/","logo":{"@type":"ImageObject","inLanguage":"sv-SE","@id":"https:\/\/truusk.store\/sv\/#\/schema\/logo\/image\/","url":"https:\/\/i0.wp.com\/truusk.store\/wp-content\/uploads\/2026\/03\/cropped-TRUUSK.png?fit=2032%2C917&ssl=1","contentUrl":"https:\/\/i0.wp.com\/truusk.store\/wp-content\/uploads\/2026\/03\/cropped-TRUUSK.png?fit=2032%2C917&ssl=1","width":2032,"height":917,"caption":"TRUUSK - Hem, Tr\u00e4dg\u00e5rd & Fritid"},"image":{"@id":"https:\/\/truusk.store\/sv\/#\/schema\/logo\/image\/"}}]}},"jetpack_sharing_enabled":true,"_links":{"self":[{"href":"https:\/\/truusk.store\/sv\/wp-json\/wp\/v2\/product\/108426","targetHints":{"allow":["GET"]}}],"collection":[{"href":"https:\/\/truusk.store\/sv\/wp-json\/wp\/v2\/product"}],"about":[{"href":"https:\/\/truusk.store\/sv\/wp-json\/wp\/v2\/types\/product"}],"wp:featuredmedia":[{"embeddable":true,"href":"https:\/\/truusk.store\/sv\/wp-json\/wp\/v2\/media\/108417"}],"wp:attachment":[{"href":"https:\/\/truusk.store\/sv\/wp-json\/wp\/v2\/media?parent=108426"}],"wp:term":[{"taxonomy":"product_brand","embeddable":true,"href":"https:\/\/truusk.store\/sv\/wp-json\/wp\/v2\/product_brand?post=108426"},{"taxonomy":"product_cat","embeddable":true,"href":"https:\/\/truusk.store\/sv\/wp-json\/wp\/v2\/product_cat?post=108426"},{"taxonomy":"product_tag","embeddable":true,"href":"https:\/\/truusk.store\/sv\/wp-json\/wp\/v2\/product_tag?post=108426"}],"curies":[{"name":"wp","href":"https:\/\/api.w.org\/{rel}","templated":true}]}}