{"id":108438,"date":"2026-03-11T14:09:57","date_gmt":"2026-03-11T13:09:57","guid":{"rendered":"https:\/\/truusk.store\/product\/hundklippmaskin-med-dammsugare-tyst-klippmaskin-med-5-vardverktyg-for-hundar-katter-husdjur-vit\/"},"modified":"2026-03-12T08:53:14","modified_gmt":"2026-03-12T07:53:14","slug":"truusk-hundklippmaskin-med-dammsugare-tyst-och-effektiv-5-vardverktyg-for-hundar-katter-husdjur-vit","status":"publish","type":"product","link":"https:\/\/truusk.store\/sv\/produkt\/truusk-hundklippmaskin-med-dammsugare-tyst-och-effektiv-5-vardverktyg-for-hundar-katter-husdjur-vit\/","title":{"rendered":"TRUUSK Hundklippmaskin med Dammsugare &#8211; Tyst och Effektiv &#8211; 5 V\u00e5rdverktyg &#8211; F\u00f6r Hundar, Katter, Husdjur &#8211; Vit"},"content":{"rendered":"<p>Har du problem med kaotisk djurv\u00e5rd och ett \u00e4ngsligt husdjur? Flygande p\u00e4ls, h\u00f6ga ljud och r\u00e4dsla f\u00f6r en \u00f6verhettad torktumlare kan g\u00f6ra den gemensamma upplevelsen stressig. [BRAND NAME]-hundh\u00e5rklipparen erbjuder en l\u00f6sning: Med en tyst motor och en h\u00e5rtork med konstant, behaglig temperatur, s\u00e4kerst\u00e4ller hundklipparen en s\u00e4ker och avslappnad groomingtid f\u00f6r din fyrbenta f\u00f6ljeslagare.<\/p>\n<p>Beskrivning:<\/p>\n<ul>\n<li> 5-i-1-verktyg suger, bl\u00e5ser och klipper f\u00f6r komplett husdjursv\u00e5rd hemma<\/li>\n<li> Intelligent temperaturkontroll fr\u00e5n 45-55 \u2103 s\u00e4kerst\u00e4ller en s\u00e4ker, br\u00e4nnfri torkupplevelse<\/li>\n<li> Fyra justerbara l\u00e4gen arbetar med endast 50 dB f\u00f6r stressfria sessioner<\/li>\n<li> Avtagbar bottenplatta m\u00f6jligg\u00f6r enkel reng\u00f6ring f\u00f6r en kraftfull, j\u00e4mn prestanda<\/li>\n<li> Hundbl\u00e5saren v\u00e4xlar automatiskt l\u00e4gen n\u00e4r slangen inf\u00f6rs, vilket ger en enkel, enkel rutin<\/li>\n<li> Inbyggd slang- och n\u00e4tkabelf\u00f6rvaring h\u00e5ller ditt utrymme snyggt och organiserat<\/li>\n<li> Montering kr\u00e4vs<\/li>\n<\/ul>\n<p> Tekniska specifikationer:<\/p>\n<ul>\n<li> F\u00e4rg: Vit+Gr\u00e5<\/li>\n<li> Material: ABS, plast, HEPA, metall, keramik<\/li>\n<li> Totala dimensioner: 37,6L x 17,5B x 18,5H cm<\/li>\n<li> Slangl\u00e4ngd: 150 cm<\/li>\n<li> N\u00e4tkabell\u00e4ngd: 2,5 m<\/li>\n<li> Damml\u00e5dans kapacitet: 1,8L<\/li>\n<li> Drifttid: 3 H<\/li>\n<li> Batteri: 1500 mAh<\/li>\n<li> Nominell effekt: 600W<\/li>\n<li> Nominell sp\u00e4nning: 220V \/ 50Hz<\/li>\n<li> Sugkraft: 1,5-12 kPa<\/li>\n<li> Bl\u00e5shastighet: 10-22 m\/s<\/li>\n<li> Bl\u00e5stemperatur: 45-55\u2103<\/li>\n<\/ul>\n<p>Leveransinneh\u00e5ll:<\/p>\n<ul>\n<li> 1 x Huvudv\u00e5rdsstation<\/li>\n<li> 1 x Klippset<\/li>\n<li> 1 x Bruksanvisning<\/li>\n<\/ul>\n","protected":false},"excerpt":{"rendered":"<p>Har du problem med kaotisk djurv\u00e5rd och ett \u00e4ngsligt husdjur? Flygande p\u00e4ls, h\u00f6ga ljud och r\u00e4dsla f\u00f6r en \u00f6verhettad torktumlare&#8230;<\/p>\n","protected":false},"featured_media":108427,"template":"","meta":[],"product_brand":[],"product_cat":[878,1112,574,913],"product_tag":[],"class_list":{"0":"post-108438","1":"product","2":"type-product","3":"status-publish","4":"has-post-thumbnail","6":"product_cat-djurbehov","7":"product_cat-hundefone","8":"product_cat-hundtillbehor","9":"product_cat-hundvard","11":"first","12":"instock","13":"sale","14":"taxable","15":"shipping-taxable","16":"purchasable","17":"product-type-simple"},"yoast_head":"<!-- This site is optimized with the Yoast SEO plugin v25.4 - https:\/\/yoast.com\/wordpress\/plugins\/seo\/ -->\n<title>TRUUSK Hundklippmaskin med Dammsugare - Tyst och Effektiv - 5 V\u00e5rdverktyg - F\u00f6r Hundar, Katter, Husdjur - Vit - TRUUSK - Hem, Tr\u00e4dg\u00e5rd &amp; Fritid<\/title>\n<meta name=\"robots\" content=\"index, follow, max-snippet:-1, max-image-preview:large, max-video-preview:-1\" \/>\n<link rel=\"canonical\" href=\"https:\/\/truusk.store\/sv\/produkt\/truusk-hundklippmaskin-med-dammsugare-tyst-och-effektiv-5-vardverktyg-for-hundar-katter-husdjur-vit\/\" \/>\n<meta property=\"og:locale\" content=\"sv_SE\" \/>\n<meta property=\"og:type\" content=\"article\" \/>\n<meta property=\"og:title\" content=\"TRUUSK Hundklippmaskin med Dammsugare - Tyst och Effektiv - 5 V\u00e5rdverktyg - F\u00f6r Hundar, Katter, Husdjur - Vit - TRUUSK - Hem, Tr\u00e4dg\u00e5rd &amp; Fritid\" \/>\n<meta property=\"og:description\" content=\"Har du problem med kaotisk djurv\u00e5rd och ett \u00e4ngsligt husdjur? Flygande p\u00e4ls, h\u00f6ga ljud och r\u00e4dsla f\u00f6r en \u00f6verhettad torktumlare...\" \/>\n<meta property=\"og:url\" content=\"https:\/\/truusk.store\/sv\/produkt\/truusk-hundklippmaskin-med-dammsugare-tyst-och-effektiv-5-vardverktyg-for-hundar-katter-husdjur-vit\/\" \/>\n<meta property=\"og:site_name\" content=\"TRUUSK - Hem, Tr\u00e4dg\u00e5rd &amp; Fritid\" \/>\n<meta property=\"article:modified_time\" content=\"2026-03-12T07:53:14+00:00\" \/>\n<meta property=\"og:image\" content=\"https:\/\/i0.wp.com\/truusk.se\/wp-content\/uploads\/2026\/03\/hundklippmaskin-med-dammsugare-tyst-klippmaskin-med-5-vardverktyg-for-hundar-katter-husdjur-vit-1.webp?fit=2000%2C2000&ssl=1\" \/>\n\t<meta property=\"og:image:width\" content=\"2000\" \/>\n\t<meta property=\"og:image:height\" content=\"2000\" \/>\n\t<meta property=\"og:image:type\" content=\"image\/webp\" \/>\n<meta name=\"twitter:card\" content=\"summary_large_image\" \/>\n<meta name=\"twitter:label1\" content=\"Ber\u00e4knad l\u00e4stid\" \/>\n\t<meta name=\"twitter:data1\" content=\"1 minut\" \/>\n<!-- \/ Yoast SEO plugin. -->","yoast_head_json":{"title":"TRUUSK Hundklippmaskin med Dammsugare - Tyst och Effektiv - 5 V\u00e5rdverktyg - F\u00f6r Hundar, Katter, Husdjur - Vit - TRUUSK - Hem, Tr\u00e4dg\u00e5rd &amp; Fritid","robots":{"index":"index","follow":"follow","max-snippet":"max-snippet:-1","max-image-preview":"max-image-preview:large","max-video-preview":"max-video-preview:-1"},"canonical":"https:\/\/truusk.store\/sv\/produkt\/truusk-hundklippmaskin-med-dammsugare-tyst-och-effektiv-5-vardverktyg-for-hundar-katter-husdjur-vit\/","og_locale":"sv_SE","og_type":"article","og_title":"TRUUSK Hundklippmaskin med Dammsugare - Tyst och Effektiv - 5 V\u00e5rdverktyg - F\u00f6r Hundar, Katter, Husdjur - Vit - TRUUSK - Hem, Tr\u00e4dg\u00e5rd &amp; Fritid","og_description":"Har du problem med kaotisk djurv\u00e5rd och ett \u00e4ngsligt husdjur? Flygande p\u00e4ls, h\u00f6ga ljud och r\u00e4dsla f\u00f6r en \u00f6verhettad torktumlare...","og_url":"https:\/\/truusk.store\/sv\/produkt\/truusk-hundklippmaskin-med-dammsugare-tyst-och-effektiv-5-vardverktyg-for-hundar-katter-husdjur-vit\/","og_site_name":"TRUUSK - Hem, Tr\u00e4dg\u00e5rd &amp; Fritid","article_modified_time":"2026-03-12T07:53:14+00:00","og_image":[{"width":2000,"height":2000,"url":"https:\/\/i0.wp.com\/truusk.se\/wp-content\/uploads\/2026\/03\/hundklippmaskin-med-dammsugare-tyst-klippmaskin-med-5-vardverktyg-for-hundar-katter-husdjur-vit-1.webp?fit=2000%2C2000&ssl=1","type":"image\/webp"}],"twitter_card":"summary_large_image","twitter_misc":{"Ber\u00e4knad l\u00e4stid":"1 minut"},"schema":{"@context":"https:\/\/schema.org","@graph":[{"@type":"WebPage","@id":"https:\/\/truusk.store\/sv\/produkt\/truusk-hundklippmaskin-med-dammsugare-tyst-och-effektiv-5-vardverktyg-for-hundar-katter-husdjur-vit\/","url":"https:\/\/truusk.store\/sv\/produkt\/truusk-hundklippmaskin-med-dammsugare-tyst-och-effektiv-5-vardverktyg-for-hundar-katter-husdjur-vit\/","name":"TRUUSK Hundklippmaskin med Dammsugare - Tyst och Effektiv - 5 V\u00e5rdverktyg - F\u00f6r Hundar, Katter, Husdjur - Vit - TRUUSK - Hem, Tr\u00e4dg\u00e5rd &amp; Fritid","isPartOf":{"@id":"https:\/\/truusk.store\/sv\/#website"},"primaryImageOfPage":{"@id":"https:\/\/truusk.store\/sv\/produkt\/truusk-hundklippmaskin-med-dammsugare-tyst-och-effektiv-5-vardverktyg-for-hundar-katter-husdjur-vit\/#primaryimage"},"image":{"@id":"https:\/\/truusk.store\/sv\/produkt\/truusk-hundklippmaskin-med-dammsugare-tyst-och-effektiv-5-vardverktyg-for-hundar-katter-husdjur-vit\/#primaryimage"},"thumbnailUrl":"https:\/\/i0.wp.com\/truusk.store\/wp-content\/uploads\/2026\/03\/hundklippmaskin-med-dammsugare-tyst-klippmaskin-med-5-vardverktyg-for-hundar-katter-husdjur-vit-1.webp?fit=2000%2C2000&ssl=1","datePublished":"2026-03-11T13:09:57+00:00","dateModified":"2026-03-12T07:53:14+00:00","breadcrumb":{"@id":"https:\/\/truusk.store\/sv\/produkt\/truusk-hundklippmaskin-med-dammsugare-tyst-och-effektiv-5-vardverktyg-for-hundar-katter-husdjur-vit\/#breadcrumb"},"inLanguage":"sv-SE","potentialAction":[{"@type":"ReadAction","target":["https:\/\/truusk.store\/sv\/produkt\/truusk-hundklippmaskin-med-dammsugare-tyst-och-effektiv-5-vardverktyg-for-hundar-katter-husdjur-vit\/"]}]},{"@type":"ImageObject","inLanguage":"sv-SE","@id":"https:\/\/truusk.store\/sv\/produkt\/truusk-hundklippmaskin-med-dammsugare-tyst-och-effektiv-5-vardverktyg-for-hundar-katter-husdjur-vit\/#primaryimage","url":"https:\/\/i0.wp.com\/truusk.store\/wp-content\/uploads\/2026\/03\/hundklippmaskin-med-dammsugare-tyst-klippmaskin-med-5-vardverktyg-for-hundar-katter-husdjur-vit-1.webp?fit=2000%2C2000&ssl=1","contentUrl":"https:\/\/i0.wp.com\/truusk.store\/wp-content\/uploads\/2026\/03\/hundklippmaskin-med-dammsugare-tyst-klippmaskin-med-5-vardverktyg-for-hundar-katter-husdjur-vit-1.webp?fit=2000%2C2000&ssl=1","width":2000,"height":2000},{"@type":"BreadcrumbList","@id":"https:\/\/truusk.store\/sv\/produkt\/truusk-hundklippmaskin-med-dammsugare-tyst-och-effektiv-5-vardverktyg-for-hundar-katter-husdjur-vit\/#breadcrumb","itemListElement":[{"@type":"ListItem","position":1,"name":"Home","item":"https:\/\/truusk.store\/sv\/"},{"@type":"ListItem","position":2,"name":"Shop","item":"https:\/\/truusk.store\/shop\/"},{"@type":"ListItem","position":3,"name":"TRUUSK Hundklippmaskin med Dammsugare &#8211; Tyst och Effektiv &#8211; 5 V\u00e5rdverktyg &#8211; F\u00f6r Hundar, Katter, Husdjur &#8211; Vit"}]},{"@type":"WebSite","@id":"https:\/\/truusk.store\/sv\/#website","url":"https:\/\/truusk.store\/sv\/","name":"TRUUSK - Hem, Tr\u00e4dg\u00e5rd & Fritid","description":"","publisher":{"@id":"https:\/\/truusk.store\/sv\/#organization"},"potentialAction":[{"@type":"SearchAction","target":{"@type":"EntryPoint","urlTemplate":"https:\/\/truusk.store\/sv\/?s={search_term_string}"},"query-input":{"@type":"PropertyValueSpecification","valueRequired":true,"valueName":"search_term_string"}}],"inLanguage":"sv-SE"},{"@type":"Organization","@id":"https:\/\/truusk.store\/sv\/#organization","name":"TRUUSK - Hem, Tr\u00e4dg\u00e5rd & Fritid","url":"https:\/\/truusk.store\/sv\/","logo":{"@type":"ImageObject","inLanguage":"sv-SE","@id":"https:\/\/truusk.store\/sv\/#\/schema\/logo\/image\/","url":"https:\/\/i0.wp.com\/truusk.store\/wp-content\/uploads\/2026\/03\/cropped-TRUUSK.png?fit=2032%2C917&ssl=1","contentUrl":"https:\/\/i0.wp.com\/truusk.store\/wp-content\/uploads\/2026\/03\/cropped-TRUUSK.png?fit=2032%2C917&ssl=1","width":2032,"height":917,"caption":"TRUUSK - Hem, Tr\u00e4dg\u00e5rd & Fritid"},"image":{"@id":"https:\/\/truusk.store\/sv\/#\/schema\/logo\/image\/"}}]}},"jetpack_sharing_enabled":true,"_links":{"self":[{"href":"https:\/\/truusk.store\/sv\/wp-json\/wp\/v2\/product\/108438","targetHints":{"allow":["GET"]}}],"collection":[{"href":"https:\/\/truusk.store\/sv\/wp-json\/wp\/v2\/product"}],"about":[{"href":"https:\/\/truusk.store\/sv\/wp-json\/wp\/v2\/types\/product"}],"wp:featuredmedia":[{"embeddable":true,"href":"https:\/\/truusk.store\/sv\/wp-json\/wp\/v2\/media\/108427"}],"wp:attachment":[{"href":"https:\/\/truusk.store\/sv\/wp-json\/wp\/v2\/media?parent=108438"}],"wp:term":[{"taxonomy":"product_brand","embeddable":true,"href":"https:\/\/truusk.store\/sv\/wp-json\/wp\/v2\/product_brand?post=108438"},{"taxonomy":"product_cat","embeddable":true,"href":"https:\/\/truusk.store\/sv\/wp-json\/wp\/v2\/product_cat?post=108438"},{"taxonomy":"product_tag","embeddable":true,"href":"https:\/\/truusk.store\/sv\/wp-json\/wp\/v2\/product_tag?post=108438"}],"curies":[{"name":"wp","href":"https:\/\/api.w.org\/{rel}","templated":true}]}}