{"id":108447,"date":"2026-03-11T14:10:47","date_gmt":"2026-03-11T13:10:47","guid":{"rendered":"https:\/\/truusk.store\/product\/utomhus-klatterstallning-med-gymnastikstang-och-pull-up-bar-for-barn-3-8-ar-upp-till-150kg-250x190x180-cm-svart\/"},"modified":"2026-03-12T08:53:14","modified_gmt":"2026-03-12T07:53:14","slug":"truusk-utomhus-klatterstallning-gymnastikstang-pull-up-bar-for-barn-3-8-ar-upp-till-150kg-250x190x180-cm-svart","status":"publish","type":"product","link":"https:\/\/truusk.store\/sv\/produkt\/truusk-utomhus-klatterstallning-gymnastikstang-pull-up-bar-for-barn-3-8-ar-upp-till-150kg-250x190x180-cm-svart\/","title":{"rendered":"TRUUSK Utomhus Kl\u00e4tterst\u00e4llning &#8211; Gymnastikst\u00e5ng &#8211; Pull-up Bar &#8211; F\u00f6r Barn 3-8 \u00e5r &#8211; Upp Till 150kg &#8211; 250x190x180 Cm &#8211; Svart"},"content":{"rendered":"<p>Tr\u00f6tt p\u00e5 utomhusleksaker som rostar och vacklar? [BRAND NAME] kl\u00e4ttertorn erbjuder v\u00e4derbest\u00e4ndig st\u00e5lram, nio markankare och o\u00f6vertr\u00e4ffad stabilitet. Med kl\u00e4tter- och dragst\u00e5ng upplever barn o\u00e4ndligt med lekgl\u00e4dje, bygger styrka och sj\u00e4lvf\u00f6rtroende. Detta robusta torn s\u00e4kerst\u00e4ller s\u00e4kra \u00e4ventyr \u00e5ret runt och eliminerar bekymmer om enformiga, os\u00e4kra lekredskap.<\/p>\n<p>Beskrivning:<\/p>\n<ul>\n<li> Kombinerar kl\u00e4tterst\u00e4llning och sidst\u00e5ng f\u00f6r dubbel kul och r\u00f6relse<\/li>\n<li> Njut av m\u00e5nga \u00e5rs lekgl\u00e4dje tack vare den v\u00e4derbest\u00e4ndiga, pulverlackerade st\u00e5lramen<\/li>\n<li> Den breda basen och 9 markankare ger dubbel stabilitet och s\u00e4kerhet<\/li>\n<li> F\u00f6rvandlar din tr\u00e4dg\u00e5rd till en sp\u00e4nnande \u00e4ventyrslekplats f\u00f6r barn<\/li>\n<li> Med en b\u00e4rkapacitet p\u00e5 150 kg erbjuder det s\u00e4ker lekgl\u00e4dje f\u00f6r flera barn samtidigt<\/li>\n<li> Fr\u00e4mjar greppstyrka, balans och koordination genom aktiva, sk\u00e4rmfria utomhusaktiviteter<\/li>\n<li> Erbjuder en gener\u00f6s storlek s\u00e5 att flera barn i \u00e5ldern 3-8 \u00e5r kan leka<\/li>\n<li> Montering kr\u00e4vs<\/li>\n<\/ul>\n<p> Tekniska specifikationer:<\/p>\n<ul>\n<li> F\u00e4rg: Svart+Bl\u00e5<\/li>\n<li> Material: St\u00e5l<\/li>\n<li> Totala dimensioner: 250L x 190B x 180H cm<\/li>\n<li> Enkelst\u00e5ngsh\u00f6jd: 133 cm<\/li>\n<li> Maximal belastning: 150 kg<\/li>\n<li> Rekommenderad \u00e5lder: 3-8 \u00e5r<\/li>\n<li> Godk\u00e4nd \u00e5lder: 3+ \u00e5r<\/li>\n<\/ul>\n<p>Leveransinneh\u00e5ll:<\/p>\n<ul>\n<li> 1 x kl\u00e4tterst\u00e4llning f\u00f6r barn<\/li>\n<li> 9 x markankare<\/li>\n<li> 1 x instruktioner<\/li>\n<\/ul>\n","protected":false},"excerpt":{"rendered":"<p>Tr\u00f6tt p\u00e5 utomhusleksaker som rostar och vacklar? [BRAND NAME] kl\u00e4ttertorn erbjuder v\u00e4derbest\u00e4ndig st\u00e5lram, nio markankare och o\u00f6vertr\u00e4ffad stabilitet. Med kl\u00e4tter-&#8230;<\/p>\n","protected":false},"featured_media":108435,"template":"","meta":[],"product_brand":[],"product_cat":[880,918],"product_tag":[],"class_list":{"0":"post-108447","1":"product","2":"type-product","3":"status-publish","4":"has-post-thumbnail","6":"product_cat-baby-barn-2","7":"product_cat-leksaker","9":"first","10":"instock","11":"sale","12":"taxable","13":"shipping-taxable","14":"purchasable","15":"product-type-simple"},"yoast_head":"<!-- This site is optimized with the Yoast SEO plugin v25.4 - https:\/\/yoast.com\/wordpress\/plugins\/seo\/ -->\n<title>TRUUSK Utomhus Kl\u00e4tterst\u00e4llning - Gymnastikst\u00e5ng - Pull-up Bar - F\u00f6r Barn 3-8 \u00e5r - Upp Till 150kg - 250x190x180 Cm - Svart - TRUUSK - Hem, Tr\u00e4dg\u00e5rd &amp; Fritid<\/title>\n<meta name=\"robots\" content=\"index, follow, max-snippet:-1, max-image-preview:large, max-video-preview:-1\" \/>\n<link rel=\"canonical\" href=\"https:\/\/truusk.store\/sv\/produkt\/truusk-utomhus-klatterstallning-gymnastikstang-pull-up-bar-for-barn-3-8-ar-upp-till-150kg-250x190x180-cm-svart\/\" \/>\n<meta property=\"og:locale\" content=\"sv_SE\" \/>\n<meta property=\"og:type\" content=\"article\" \/>\n<meta property=\"og:title\" content=\"TRUUSK Utomhus Kl\u00e4tterst\u00e4llning - Gymnastikst\u00e5ng - Pull-up Bar - F\u00f6r Barn 3-8 \u00e5r - Upp Till 150kg - 250x190x180 Cm - Svart - TRUUSK - Hem, Tr\u00e4dg\u00e5rd &amp; Fritid\" \/>\n<meta property=\"og:description\" content=\"Tr\u00f6tt p\u00e5 utomhusleksaker som rostar och vacklar? [BRAND NAME] kl\u00e4ttertorn erbjuder v\u00e4derbest\u00e4ndig st\u00e5lram, nio markankare och o\u00f6vertr\u00e4ffad stabilitet. Med kl\u00e4tter-...\" \/>\n<meta property=\"og:url\" content=\"https:\/\/truusk.store\/sv\/produkt\/truusk-utomhus-klatterstallning-gymnastikstang-pull-up-bar-for-barn-3-8-ar-upp-till-150kg-250x190x180-cm-svart\/\" \/>\n<meta property=\"og:site_name\" content=\"TRUUSK - Hem, Tr\u00e4dg\u00e5rd &amp; Fritid\" \/>\n<meta property=\"article:modified_time\" content=\"2026-03-12T07:53:14+00:00\" \/>\n<meta property=\"og:image\" content=\"https:\/\/i0.wp.com\/truusk.se\/wp-content\/uploads\/2026\/03\/utomhus-klatterstallning-med-gymnastikstang-och-pull-up-bar-for-barn-3-8-ar-upp-till-150kg-250x190x180-cm-svart-1.webp?fit=2000%2C2000&ssl=1\" \/>\n\t<meta property=\"og:image:width\" content=\"2000\" \/>\n\t<meta property=\"og:image:height\" content=\"2000\" \/>\n\t<meta property=\"og:image:type\" content=\"image\/webp\" \/>\n<meta name=\"twitter:card\" content=\"summary_large_image\" \/>\n<meta name=\"twitter:label1\" content=\"Ber\u00e4knad l\u00e4stid\" \/>\n\t<meta name=\"twitter:data1\" content=\"1 minut\" \/>\n<!-- \/ Yoast SEO plugin. -->","yoast_head_json":{"title":"TRUUSK Utomhus Kl\u00e4tterst\u00e4llning - Gymnastikst\u00e5ng - Pull-up Bar - F\u00f6r Barn 3-8 \u00e5r - Upp Till 150kg - 250x190x180 Cm - Svart - TRUUSK - Hem, Tr\u00e4dg\u00e5rd &amp; Fritid","robots":{"index":"index","follow":"follow","max-snippet":"max-snippet:-1","max-image-preview":"max-image-preview:large","max-video-preview":"max-video-preview:-1"},"canonical":"https:\/\/truusk.store\/sv\/produkt\/truusk-utomhus-klatterstallning-gymnastikstang-pull-up-bar-for-barn-3-8-ar-upp-till-150kg-250x190x180-cm-svart\/","og_locale":"sv_SE","og_type":"article","og_title":"TRUUSK Utomhus Kl\u00e4tterst\u00e4llning - Gymnastikst\u00e5ng - Pull-up Bar - F\u00f6r Barn 3-8 \u00e5r - Upp Till 150kg - 250x190x180 Cm - Svart - TRUUSK - Hem, Tr\u00e4dg\u00e5rd &amp; Fritid","og_description":"Tr\u00f6tt p\u00e5 utomhusleksaker som rostar och vacklar? [BRAND NAME] kl\u00e4ttertorn erbjuder v\u00e4derbest\u00e4ndig st\u00e5lram, nio markankare och o\u00f6vertr\u00e4ffad stabilitet. Med kl\u00e4tter-...","og_url":"https:\/\/truusk.store\/sv\/produkt\/truusk-utomhus-klatterstallning-gymnastikstang-pull-up-bar-for-barn-3-8-ar-upp-till-150kg-250x190x180-cm-svart\/","og_site_name":"TRUUSK - Hem, Tr\u00e4dg\u00e5rd &amp; Fritid","article_modified_time":"2026-03-12T07:53:14+00:00","og_image":[{"width":2000,"height":2000,"url":"https:\/\/i0.wp.com\/truusk.se\/wp-content\/uploads\/2026\/03\/utomhus-klatterstallning-med-gymnastikstang-och-pull-up-bar-for-barn-3-8-ar-upp-till-150kg-250x190x180-cm-svart-1.webp?fit=2000%2C2000&ssl=1","type":"image\/webp"}],"twitter_card":"summary_large_image","twitter_misc":{"Ber\u00e4knad l\u00e4stid":"1 minut"},"schema":{"@context":"https:\/\/schema.org","@graph":[{"@type":"WebPage","@id":"https:\/\/truusk.store\/sv\/produkt\/truusk-utomhus-klatterstallning-gymnastikstang-pull-up-bar-for-barn-3-8-ar-upp-till-150kg-250x190x180-cm-svart\/","url":"https:\/\/truusk.store\/sv\/produkt\/truusk-utomhus-klatterstallning-gymnastikstang-pull-up-bar-for-barn-3-8-ar-upp-till-150kg-250x190x180-cm-svart\/","name":"TRUUSK Utomhus Kl\u00e4tterst\u00e4llning - Gymnastikst\u00e5ng - Pull-up Bar - F\u00f6r Barn 3-8 \u00e5r - Upp Till 150kg - 250x190x180 Cm - Svart - TRUUSK - Hem, Tr\u00e4dg\u00e5rd &amp; Fritid","isPartOf":{"@id":"https:\/\/truusk.store\/sv\/#website"},"primaryImageOfPage":{"@id":"https:\/\/truusk.store\/sv\/produkt\/truusk-utomhus-klatterstallning-gymnastikstang-pull-up-bar-for-barn-3-8-ar-upp-till-150kg-250x190x180-cm-svart\/#primaryimage"},"image":{"@id":"https:\/\/truusk.store\/sv\/produkt\/truusk-utomhus-klatterstallning-gymnastikstang-pull-up-bar-for-barn-3-8-ar-upp-till-150kg-250x190x180-cm-svart\/#primaryimage"},"thumbnailUrl":"https:\/\/i0.wp.com\/truusk.store\/wp-content\/uploads\/2026\/03\/utomhus-klatterstallning-med-gymnastikstang-och-pull-up-bar-for-barn-3-8-ar-upp-till-150kg-250x190x180-cm-svart-1.webp?fit=2000%2C2000&ssl=1","datePublished":"2026-03-11T13:10:47+00:00","dateModified":"2026-03-12T07:53:14+00:00","breadcrumb":{"@id":"https:\/\/truusk.store\/sv\/produkt\/truusk-utomhus-klatterstallning-gymnastikstang-pull-up-bar-for-barn-3-8-ar-upp-till-150kg-250x190x180-cm-svart\/#breadcrumb"},"inLanguage":"sv-SE","potentialAction":[{"@type":"ReadAction","target":["https:\/\/truusk.store\/sv\/produkt\/truusk-utomhus-klatterstallning-gymnastikstang-pull-up-bar-for-barn-3-8-ar-upp-till-150kg-250x190x180-cm-svart\/"]}]},{"@type":"ImageObject","inLanguage":"sv-SE","@id":"https:\/\/truusk.store\/sv\/produkt\/truusk-utomhus-klatterstallning-gymnastikstang-pull-up-bar-for-barn-3-8-ar-upp-till-150kg-250x190x180-cm-svart\/#primaryimage","url":"https:\/\/i0.wp.com\/truusk.store\/wp-content\/uploads\/2026\/03\/utomhus-klatterstallning-med-gymnastikstang-och-pull-up-bar-for-barn-3-8-ar-upp-till-150kg-250x190x180-cm-svart-1.webp?fit=2000%2C2000&ssl=1","contentUrl":"https:\/\/i0.wp.com\/truusk.store\/wp-content\/uploads\/2026\/03\/utomhus-klatterstallning-med-gymnastikstang-och-pull-up-bar-for-barn-3-8-ar-upp-till-150kg-250x190x180-cm-svart-1.webp?fit=2000%2C2000&ssl=1","width":2000,"height":2000},{"@type":"BreadcrumbList","@id":"https:\/\/truusk.store\/sv\/produkt\/truusk-utomhus-klatterstallning-gymnastikstang-pull-up-bar-for-barn-3-8-ar-upp-till-150kg-250x190x180-cm-svart\/#breadcrumb","itemListElement":[{"@type":"ListItem","position":1,"name":"Home","item":"https:\/\/truusk.store\/sv\/"},{"@type":"ListItem","position":2,"name":"Shop","item":"https:\/\/truusk.store\/shop\/"},{"@type":"ListItem","position":3,"name":"TRUUSK Utomhus Kl\u00e4tterst\u00e4llning &#8211; Gymnastikst\u00e5ng &#8211; Pull-up Bar &#8211; F\u00f6r Barn 3-8 \u00e5r &#8211; Upp Till 150kg &#8211; 250x190x180 Cm &#8211; Svart"}]},{"@type":"WebSite","@id":"https:\/\/truusk.store\/sv\/#website","url":"https:\/\/truusk.store\/sv\/","name":"TRUUSK - Hem, Tr\u00e4dg\u00e5rd & Fritid","description":"","publisher":{"@id":"https:\/\/truusk.store\/sv\/#organization"},"potentialAction":[{"@type":"SearchAction","target":{"@type":"EntryPoint","urlTemplate":"https:\/\/truusk.store\/sv\/?s={search_term_string}"},"query-input":{"@type":"PropertyValueSpecification","valueRequired":true,"valueName":"search_term_string"}}],"inLanguage":"sv-SE"},{"@type":"Organization","@id":"https:\/\/truusk.store\/sv\/#organization","name":"TRUUSK - Hem, Tr\u00e4dg\u00e5rd & Fritid","url":"https:\/\/truusk.store\/sv\/","logo":{"@type":"ImageObject","inLanguage":"sv-SE","@id":"https:\/\/truusk.store\/sv\/#\/schema\/logo\/image\/","url":"https:\/\/i0.wp.com\/truusk.store\/wp-content\/uploads\/2026\/03\/cropped-TRUUSK.png?fit=2032%2C917&ssl=1","contentUrl":"https:\/\/i0.wp.com\/truusk.store\/wp-content\/uploads\/2026\/03\/cropped-TRUUSK.png?fit=2032%2C917&ssl=1","width":2032,"height":917,"caption":"TRUUSK - Hem, Tr\u00e4dg\u00e5rd & Fritid"},"image":{"@id":"https:\/\/truusk.store\/sv\/#\/schema\/logo\/image\/"}}]}},"jetpack_sharing_enabled":true,"_links":{"self":[{"href":"https:\/\/truusk.store\/sv\/wp-json\/wp\/v2\/product\/108447","targetHints":{"allow":["GET"]}}],"collection":[{"href":"https:\/\/truusk.store\/sv\/wp-json\/wp\/v2\/product"}],"about":[{"href":"https:\/\/truusk.store\/sv\/wp-json\/wp\/v2\/types\/product"}],"wp:featuredmedia":[{"embeddable":true,"href":"https:\/\/truusk.store\/sv\/wp-json\/wp\/v2\/media\/108435"}],"wp:attachment":[{"href":"https:\/\/truusk.store\/sv\/wp-json\/wp\/v2\/media?parent=108447"}],"wp:term":[{"taxonomy":"product_brand","embeddable":true,"href":"https:\/\/truusk.store\/sv\/wp-json\/wp\/v2\/product_brand?post=108447"},{"taxonomy":"product_cat","embeddable":true,"href":"https:\/\/truusk.store\/sv\/wp-json\/wp\/v2\/product_cat?post=108447"},{"taxonomy":"product_tag","embeddable":true,"href":"https:\/\/truusk.store\/sv\/wp-json\/wp\/v2\/product_tag?post=108447"}],"curies":[{"name":"wp","href":"https:\/\/api.w.org\/{rel}","templated":true}]}}