{"id":10847,"date":"2024-02-13T10:26:34","date_gmt":"2024-02-13T09:26:34","guid":{"rendered":"https:\/\/truusk.store\/product\/solstol-tradgard-solstol-bord-set-med-3-tradgardsmobler-polyrotting-metall-svart-kramvit\/"},"modified":"2026-03-12T08:57:21","modified_gmt":"2026-03-12T07:57:21","slug":"truusk-solstol-tradgard-bord-set-3-tradgardsmobler-polyrotting-och-metall-svart-och-kramvit","status":"publish","type":"product","link":"https:\/\/truusk.store\/sv\/produkt\/truusk-solstol-tradgard-bord-set-3-tradgardsmobler-polyrotting-och-metall-svart-och-kramvit\/","title":{"rendered":"TRUUSK Solstol Tr\u00e4dg\u00e5rd Bord Set &#8211; 3 Tr\u00e4dg\u00e5rdsm\u00f6bler &#8211; Polyrotting och Metall &#8211; Svart och Kr\u00e4mvit"},"content":{"rendered":"<p>Upplev en komfortuppgradering f\u00f6r ditt uteomr\u00e5de med v\u00e5r uts\u00f6kta 3-delade tr\u00e4dg\u00e5rdsstol i rotting. Setet best\u00e5r av tv\u00e5 bekv\u00e4ma solstolar och ett kompakt sidobord, som alla stoltserar med f\u00f6rstklassigt utf\u00f6rande och en enkel, modern design. Med de tv\u00e5 hjulen kan du enkelt flytta solstolarna till \u00f6nskad plats innan du l\u00e5ser ryggst\u00f6det i \u00f6nskat l\u00e4ge och f\u00f6rvandlar din terrass till en oas av avkoppling p\u00e5 nolltid!<\/p>\n<h3>Beskrivning:<\/h3>\n<ul>\n<li>3-delat tr\u00e4dg\u00e5rdsm\u00f6belset, best\u00e5ende av 2 solstolar och 1 sidobord<\/li>\n<li>Ryggst\u00f6dets lutningsvinkel kan justeras till 5 niv\u00e5er<\/li>\n<li>Mjuka kuddar f\u00f6r b\u00e4sta komfort<\/li>\n<li>Solstolar utrustade med 2 hjul, l\u00e4tta att flytta<\/li>\n<li>Ram av stark, rosts\u00e4ker metall f\u00f6r h\u00f6g stabilitet och b\u00e4rf\u00f6rm\u00e5ga<\/li>\n<li>Polyrattanbekl\u00e4dnad \u00e4r robust, UV-best\u00e4ndig och v\u00e4derbest\u00e4ndig<\/li>\n<li>Sidobord med en stadig bordsskiva av h\u00e4rdat glas<\/li>\n<li>L\u00e4mplig f\u00f6r inomhus- och utomhusbruk<\/li>\n<\/ul>\n<h3>Teknisk data:<\/h3>\n<ul>\n<li>Material: Galvaniserat j\u00e4rn, polyrotting, h\u00e4rdat glas, polyester<\/li>\n<li>F\u00e4rg: Svart+Gr\u00e4ddvit<\/li>\n<li>M\u00e5tt per solstol: L200 x B73 x H(30103) cm<\/li>\n<li>Liggyta: B57 x D120 cm<\/li>\n<li>Sitth\u00f6jd: 30 cm<\/li>\n<li>M\u00e5tt p\u00e5 bordet: B40 x D40 x H40 cm<\/li>\n<li>Max lastkapacitet: 160 kg (s\u00e4ng), 50 kg (bord)<\/li>\n<\/ul>\n<h3>Leveransens omfattning:<\/h3>\n<ul>\n<li>2 x solstolar inklusive dynor<\/li>\n<li>1 x Sidobord<\/li>\n<\/ul>\n","protected":false},"excerpt":{"rendered":"<p>Upplev en komfortuppgradering f\u00f6r ditt uteomr\u00e5de med v\u00e5r uts\u00f6kta 3-delade tr\u00e4dg\u00e5rdsstol i rotting. Setet best\u00e5r av tv\u00e5 bekv\u00e4ma solstolar och&#8230;<\/p>\n","protected":false},"featured_media":10848,"template":"","meta":[],"product_brand":[],"product_cat":[435,450,455],"product_tag":[],"class_list":{"0":"post-10847","1":"product","2":"type-product","3":"status-publish","4":"has-post-thumbnail","6":"product_cat-tradgard-och-terrass","7":"product_cat-tradgardsmobler","8":"product_cat-tradgardsmobler-i-polyrattan","10":"first","11":"instock","12":"sale","13":"taxable","14":"shipping-taxable","15":"purchasable","16":"product-type-simple"},"yoast_head":"<!-- This site is optimized with the Yoast SEO plugin v25.4 - https:\/\/yoast.com\/wordpress\/plugins\/seo\/ -->\n<title>TRUUSK Solstol Tr\u00e4dg\u00e5rd Bord Set - 3 Tr\u00e4dg\u00e5rdsm\u00f6bler - Polyrotting och Metall - Svart och Kr\u00e4mvit - TRUUSK - Hem, Tr\u00e4dg\u00e5rd &amp; Fritid<\/title>\n<meta name=\"robots\" content=\"index, follow, max-snippet:-1, max-image-preview:large, max-video-preview:-1\" \/>\n<link rel=\"canonical\" href=\"https:\/\/truusk.store\/sv\/produkt\/truusk-solstol-tradgard-bord-set-3-tradgardsmobler-polyrotting-och-metall-svart-och-kramvit\/\" \/>\n<meta property=\"og:locale\" content=\"sv_SE\" \/>\n<meta property=\"og:type\" content=\"article\" \/>\n<meta property=\"og:title\" content=\"TRUUSK Solstol Tr\u00e4dg\u00e5rd Bord Set - 3 Tr\u00e4dg\u00e5rdsm\u00f6bler - Polyrotting och Metall - Svart och Kr\u00e4mvit - TRUUSK - Hem, Tr\u00e4dg\u00e5rd &amp; Fritid\" \/>\n<meta property=\"og:description\" content=\"Upplev en komfortuppgradering f\u00f6r ditt uteomr\u00e5de med v\u00e5r uts\u00f6kta 3-delade tr\u00e4dg\u00e5rdsstol i rotting. Setet best\u00e5r av tv\u00e5 bekv\u00e4ma solstolar och...\" \/>\n<meta property=\"og:url\" content=\"https:\/\/truusk.store\/sv\/produkt\/truusk-solstol-tradgard-bord-set-3-tradgardsmobler-polyrotting-och-metall-svart-och-kramvit\/\" \/>\n<meta property=\"og:site_name\" content=\"TRUUSK - Hem, Tr\u00e4dg\u00e5rd &amp; Fritid\" \/>\n<meta property=\"article:modified_time\" content=\"2026-03-12T07:57:21+00:00\" \/>\n<meta property=\"og:image\" content=\"https:\/\/i0.wp.com\/truusk.se\/wp-content\/uploads\/2024\/02\/solstol-tradgard-solstol-bord-set-med-3-tradgardsmobler-polyrotting-metall-svart-kramvit.webp?fit=800%2C800&ssl=1\" \/>\n\t<meta property=\"og:image:width\" content=\"800\" \/>\n\t<meta property=\"og:image:height\" content=\"800\" \/>\n\t<meta property=\"og:image:type\" content=\"image\/webp\" \/>\n<meta name=\"twitter:card\" content=\"summary_large_image\" \/>\n<meta name=\"twitter:label1\" content=\"Ber\u00e4knad l\u00e4stid\" \/>\n\t<meta name=\"twitter:data1\" content=\"1 minut\" \/>\n<!-- \/ Yoast SEO plugin. -->","yoast_head_json":{"title":"TRUUSK Solstol Tr\u00e4dg\u00e5rd Bord Set - 3 Tr\u00e4dg\u00e5rdsm\u00f6bler - Polyrotting och Metall - Svart och Kr\u00e4mvit - TRUUSK - Hem, Tr\u00e4dg\u00e5rd &amp; Fritid","robots":{"index":"index","follow":"follow","max-snippet":"max-snippet:-1","max-image-preview":"max-image-preview:large","max-video-preview":"max-video-preview:-1"},"canonical":"https:\/\/truusk.store\/sv\/produkt\/truusk-solstol-tradgard-bord-set-3-tradgardsmobler-polyrotting-och-metall-svart-och-kramvit\/","og_locale":"sv_SE","og_type":"article","og_title":"TRUUSK Solstol Tr\u00e4dg\u00e5rd Bord Set - 3 Tr\u00e4dg\u00e5rdsm\u00f6bler - Polyrotting och Metall - Svart och Kr\u00e4mvit - TRUUSK - Hem, Tr\u00e4dg\u00e5rd &amp; Fritid","og_description":"Upplev en komfortuppgradering f\u00f6r ditt uteomr\u00e5de med v\u00e5r uts\u00f6kta 3-delade tr\u00e4dg\u00e5rdsstol i rotting. Setet best\u00e5r av tv\u00e5 bekv\u00e4ma solstolar och...","og_url":"https:\/\/truusk.store\/sv\/produkt\/truusk-solstol-tradgard-bord-set-3-tradgardsmobler-polyrotting-och-metall-svart-och-kramvit\/","og_site_name":"TRUUSK - Hem, Tr\u00e4dg\u00e5rd &amp; Fritid","article_modified_time":"2026-03-12T07:57:21+00:00","og_image":[{"width":800,"height":800,"url":"https:\/\/i0.wp.com\/truusk.se\/wp-content\/uploads\/2024\/02\/solstol-tradgard-solstol-bord-set-med-3-tradgardsmobler-polyrotting-metall-svart-kramvit.webp?fit=800%2C800&ssl=1","type":"image\/webp"}],"twitter_card":"summary_large_image","twitter_misc":{"Ber\u00e4knad l\u00e4stid":"1 minut"},"schema":{"@context":"https:\/\/schema.org","@graph":[{"@type":"WebPage","@id":"https:\/\/truusk.store\/sv\/produkt\/truusk-solstol-tradgard-bord-set-3-tradgardsmobler-polyrotting-och-metall-svart-och-kramvit\/","url":"https:\/\/truusk.store\/sv\/produkt\/truusk-solstol-tradgard-bord-set-3-tradgardsmobler-polyrotting-och-metall-svart-och-kramvit\/","name":"TRUUSK Solstol Tr\u00e4dg\u00e5rd Bord Set - 3 Tr\u00e4dg\u00e5rdsm\u00f6bler - Polyrotting och Metall - Svart och Kr\u00e4mvit - TRUUSK - Hem, Tr\u00e4dg\u00e5rd &amp; Fritid","isPartOf":{"@id":"https:\/\/truusk.store\/sv\/#website"},"primaryImageOfPage":{"@id":"https:\/\/truusk.store\/sv\/produkt\/truusk-solstol-tradgard-bord-set-3-tradgardsmobler-polyrotting-och-metall-svart-och-kramvit\/#primaryimage"},"image":{"@id":"https:\/\/truusk.store\/sv\/produkt\/truusk-solstol-tradgard-bord-set-3-tradgardsmobler-polyrotting-och-metall-svart-och-kramvit\/#primaryimage"},"thumbnailUrl":"https:\/\/i0.wp.com\/truusk.store\/wp-content\/uploads\/2024\/02\/solstol-tradgard-solstol-bord-set-med-3-tradgardsmobler-polyrotting-metall-svart-kramvit.webp?fit=800%2C800&ssl=1","datePublished":"2024-02-13T09:26:34+00:00","dateModified":"2026-03-12T07:57:21+00:00","breadcrumb":{"@id":"https:\/\/truusk.store\/sv\/produkt\/truusk-solstol-tradgard-bord-set-3-tradgardsmobler-polyrotting-och-metall-svart-och-kramvit\/#breadcrumb"},"inLanguage":"sv-SE","potentialAction":[{"@type":"ReadAction","target":["https:\/\/truusk.store\/sv\/produkt\/truusk-solstol-tradgard-bord-set-3-tradgardsmobler-polyrotting-och-metall-svart-och-kramvit\/"]}]},{"@type":"ImageObject","inLanguage":"sv-SE","@id":"https:\/\/truusk.store\/sv\/produkt\/truusk-solstol-tradgard-bord-set-3-tradgardsmobler-polyrotting-och-metall-svart-och-kramvit\/#primaryimage","url":"https:\/\/i0.wp.com\/truusk.store\/wp-content\/uploads\/2024\/02\/solstol-tradgard-solstol-bord-set-med-3-tradgardsmobler-polyrotting-metall-svart-kramvit.webp?fit=800%2C800&ssl=1","contentUrl":"https:\/\/i0.wp.com\/truusk.store\/wp-content\/uploads\/2024\/02\/solstol-tradgard-solstol-bord-set-med-3-tradgardsmobler-polyrotting-metall-svart-kramvit.webp?fit=800%2C800&ssl=1","width":800,"height":800,"caption":"Solstol Tr\u00e4dg\u00e5rd Solstol Bord Set Med 3 Tr\u00e4dg\u00e5rdsm\u00f6bler, Polyrotting + Metall Svart + Kr\u00e4mvit 1"},{"@type":"BreadcrumbList","@id":"https:\/\/truusk.store\/sv\/produkt\/truusk-solstol-tradgard-bord-set-3-tradgardsmobler-polyrotting-och-metall-svart-och-kramvit\/#breadcrumb","itemListElement":[{"@type":"ListItem","position":1,"name":"Home","item":"https:\/\/truusk.store\/sv\/"},{"@type":"ListItem","position":2,"name":"Shop","item":"https:\/\/truusk.store\/shop\/"},{"@type":"ListItem","position":3,"name":"TRUUSK Solstol Tr\u00e4dg\u00e5rd Bord Set &#8211; 3 Tr\u00e4dg\u00e5rdsm\u00f6bler &#8211; Polyrotting och Metall &#8211; Svart och Kr\u00e4mvit"}]},{"@type":"WebSite","@id":"https:\/\/truusk.store\/sv\/#website","url":"https:\/\/truusk.store\/sv\/","name":"TRUUSK - Hem, Tr\u00e4dg\u00e5rd & Fritid","description":"","publisher":{"@id":"https:\/\/truusk.store\/sv\/#organization"},"potentialAction":[{"@type":"SearchAction","target":{"@type":"EntryPoint","urlTemplate":"https:\/\/truusk.store\/sv\/?s={search_term_string}"},"query-input":{"@type":"PropertyValueSpecification","valueRequired":true,"valueName":"search_term_string"}}],"inLanguage":"sv-SE"},{"@type":"Organization","@id":"https:\/\/truusk.store\/sv\/#organization","name":"TRUUSK - Hem, Tr\u00e4dg\u00e5rd & Fritid","url":"https:\/\/truusk.store\/sv\/","logo":{"@type":"ImageObject","inLanguage":"sv-SE","@id":"https:\/\/truusk.store\/sv\/#\/schema\/logo\/image\/","url":"https:\/\/i0.wp.com\/truusk.store\/wp-content\/uploads\/2026\/03\/cropped-TRUUSK.png?fit=2032%2C917&ssl=1","contentUrl":"https:\/\/i0.wp.com\/truusk.store\/wp-content\/uploads\/2026\/03\/cropped-TRUUSK.png?fit=2032%2C917&ssl=1","width":2032,"height":917,"caption":"TRUUSK - Hem, Tr\u00e4dg\u00e5rd & Fritid"},"image":{"@id":"https:\/\/truusk.store\/sv\/#\/schema\/logo\/image\/"}}]}},"jetpack_sharing_enabled":true,"_links":{"self":[{"href":"https:\/\/truusk.store\/sv\/wp-json\/wp\/v2\/product\/10847","targetHints":{"allow":["GET"]}}],"collection":[{"href":"https:\/\/truusk.store\/sv\/wp-json\/wp\/v2\/product"}],"about":[{"href":"https:\/\/truusk.store\/sv\/wp-json\/wp\/v2\/types\/product"}],"wp:featuredmedia":[{"embeddable":true,"href":"https:\/\/truusk.store\/sv\/wp-json\/wp\/v2\/media\/10848"}],"wp:attachment":[{"href":"https:\/\/truusk.store\/sv\/wp-json\/wp\/v2\/media?parent=10847"}],"wp:term":[{"taxonomy":"product_brand","embeddable":true,"href":"https:\/\/truusk.store\/sv\/wp-json\/wp\/v2\/product_brand?post=10847"},{"taxonomy":"product_cat","embeddable":true,"href":"https:\/\/truusk.store\/sv\/wp-json\/wp\/v2\/product_cat?post=10847"},{"taxonomy":"product_tag","embeddable":true,"href":"https:\/\/truusk.store\/sv\/wp-json\/wp\/v2\/product_tag?post=10847"}],"curies":[{"name":"wp","href":"https:\/\/api.w.org\/{rel}","templated":true}]}}