{"id":108512,"date":"2026-03-11T14:17:56","date_gmt":"2026-03-11T13:17:56","guid":{"rendered":"https:\/\/truusk.store\/product\/tradgardsstolar-4-pack-stapelbara-terrassstolar-med-andningsbar-rygg-armstod-120-kg-belastning\/"},"modified":"2026-03-12T08:53:20","modified_gmt":"2026-03-12T07:53:20","slug":"truusk-tradgardsstolar-4-pack-stapelbara-terrassstolar-andningsbar-rygg-armstod-max-120-kg-svart","status":"publish","type":"product","link":"https:\/\/truusk.store\/sv\/produkt\/truusk-tradgardsstolar-4-pack-stapelbara-terrassstolar-andningsbar-rygg-armstod-max-120-kg-svart\/","title":{"rendered":"TRUUSK Tr\u00e4dg\u00e5rdsstolar 4-pack &#8211; Stapelbara Terrassstolar &#8211; Andningsbar Rygg &#8211; Armst\u00f6d &#8211; Max 120 kg &#8211; Svart"},"content":{"rendered":"<p>F\u00f6rvandla dina utrymmen med dessa [BRAND NAME] tr\u00e4dg\u00e5rdsstolar. Den robusta metallramen och det andningsbara n\u00e4tet erbjuder komfort f\u00f6r m\u00e5ltider och avkoppling. De l\u00e4tta utomhusstolarna sparar utrymme, halkfria fotdynor ger stabilitet. L\u00e4mplig f\u00f6r terrass, balkong, tr\u00e4dg\u00e5rd eller matplats, kombinerar det 4-delade setet funktionalitet och modern design f\u00f6r vardagen.<\/p>\n<p>Beskrivning:<\/p>\n<ul>\n<li> St\u00f6djande ryggst\u00f6d och armst\u00f6d g\u00f6r denna tr\u00e4dg\u00e5rdsstol till en h\u00f6g ryggstol idealisk f\u00f6r bekv\u00e4mt sittande utomhus<\/li>\n<li> Andningsbart n\u00e4ttyg ger svalka p\u00e5 varma dagar med denna tr\u00e4dg\u00e5rdsstol<\/li>\n<li> Som en praktisk tr\u00e4dg\u00e5rds stapelstol kan denna utomhusstol med sin l\u00e4tta, robusta design staplas f\u00f6r att spara utrymme<\/li>\n<li> Solid metallram erbjuder tillf\u00f6rlitlig stabilitet och l\u00e5ngvarig anv\u00e4ndning<\/li>\n<li> Halkfria fotdynor skyddar golv och \u00f6kar stolens stabilitet<\/li>\n<li> Fyra-set terrassstolar, l\u00e4mpliga f\u00f6r terrasser, tr\u00e4dg\u00e5rdar, balkonger eller inomhus matplatser<\/li>\n<li> Montering kr\u00e4vs<\/li>\n<\/ul>\n<p> Tekniska data:<\/p>\n<ul>\n<li> F\u00e4rg: Ljusgr\u00e5+Gr\u00e5<\/li>\n<li> Material: Metall, n\u00e4ttyg<\/li>\n<li> Totala dimensioner: 51B x 69T x 87H cm<\/li>\n<li> Sitsstorlek: 47B x 44T cm<\/li>\n<li> Sitth\u00f6jd: 41 cm<\/li>\n<li> Ryggst\u00f6dets storlek: 50L x 45B cm<\/li>\n<li> Armst\u00f6dets h\u00f6jd till sits: 18 cm<\/li>\n<li> B\u00e4rkapacitet: 120 kg<\/li>\n<\/ul>\n<p>Leveransinneh\u00e5ll:<\/p>\n<ul>\n<li> 4 x Stolar<\/li>\n<li> 1 x Bruksanvisning<\/li>\n<\/ul>\n","protected":false},"excerpt":{"rendered":"<p>F\u00f6rvandla dina utrymmen med dessa [BRAND NAME] tr\u00e4dg\u00e5rdsstolar. Den robusta metallramen och det andningsbara n\u00e4tet erbjuder komfort f\u00f6r m\u00e5ltider och&#8230;<\/p>\n","protected":false},"featured_media":108500,"template":"","meta":[],"product_brand":[],"product_cat":[858,450,452],"product_tag":[],"class_list":{"0":"post-108512","1":"product","2":"type-product","3":"status-publish","4":"has-post-thumbnail","6":"product_cat-tradgard-terrass","7":"product_cat-tradgardsmobler","8":"product_cat-tradgardsstolar","10":"first","11":"instock","12":"sale","13":"taxable","14":"shipping-taxable","15":"purchasable","16":"product-type-simple"},"yoast_head":"<!-- This site is optimized with the Yoast SEO plugin v25.4 - https:\/\/yoast.com\/wordpress\/plugins\/seo\/ -->\n<title>TRUUSK Tr\u00e4dg\u00e5rdsstolar 4-pack - Stapelbara Terrassstolar - Andningsbar Rygg - Armst\u00f6d - Max 120 kg - Svart - TRUUSK - Hem, Tr\u00e4dg\u00e5rd &amp; Fritid<\/title>\n<meta name=\"robots\" content=\"index, follow, max-snippet:-1, max-image-preview:large, max-video-preview:-1\" \/>\n<link rel=\"canonical\" href=\"https:\/\/truusk.store\/sv\/produkt\/truusk-tradgardsstolar-4-pack-stapelbara-terrassstolar-andningsbar-rygg-armstod-max-120-kg-svart\/\" \/>\n<meta property=\"og:locale\" content=\"sv_SE\" \/>\n<meta property=\"og:type\" content=\"article\" \/>\n<meta property=\"og:title\" content=\"TRUUSK Tr\u00e4dg\u00e5rdsstolar 4-pack - Stapelbara Terrassstolar - Andningsbar Rygg - Armst\u00f6d - Max 120 kg - Svart - TRUUSK - Hem, Tr\u00e4dg\u00e5rd &amp; Fritid\" \/>\n<meta property=\"og:description\" content=\"F\u00f6rvandla dina utrymmen med dessa [BRAND NAME] tr\u00e4dg\u00e5rdsstolar. Den robusta metallramen och det andningsbara n\u00e4tet erbjuder komfort f\u00f6r m\u00e5ltider och...\" \/>\n<meta property=\"og:url\" content=\"https:\/\/truusk.store\/sv\/produkt\/truusk-tradgardsstolar-4-pack-stapelbara-terrassstolar-andningsbar-rygg-armstod-max-120-kg-svart\/\" \/>\n<meta property=\"og:site_name\" content=\"TRUUSK - Hem, Tr\u00e4dg\u00e5rd &amp; Fritid\" \/>\n<meta property=\"article:modified_time\" content=\"2026-03-12T07:53:20+00:00\" \/>\n<meta property=\"og:image\" content=\"https:\/\/i0.wp.com\/truusk.se\/wp-content\/uploads\/2026\/03\/tradgardsstolar-4-pack-stapelbara-terrassstolar-med-andningsbar-rygg-armstod-120-kg-belastning-1.webp?fit=2000%2C2000&ssl=1\" \/>\n\t<meta property=\"og:image:width\" content=\"2000\" \/>\n\t<meta property=\"og:image:height\" content=\"2000\" \/>\n\t<meta property=\"og:image:type\" content=\"image\/webp\" \/>\n<meta name=\"twitter:card\" content=\"summary_large_image\" \/>\n<meta name=\"twitter:label1\" content=\"Ber\u00e4knad l\u00e4stid\" \/>\n\t<meta name=\"twitter:data1\" content=\"1 minut\" \/>\n<!-- \/ Yoast SEO plugin. -->","yoast_head_json":{"title":"TRUUSK Tr\u00e4dg\u00e5rdsstolar 4-pack - Stapelbara Terrassstolar - Andningsbar Rygg - Armst\u00f6d - Max 120 kg - Svart - TRUUSK - Hem, Tr\u00e4dg\u00e5rd &amp; Fritid","robots":{"index":"index","follow":"follow","max-snippet":"max-snippet:-1","max-image-preview":"max-image-preview:large","max-video-preview":"max-video-preview:-1"},"canonical":"https:\/\/truusk.store\/sv\/produkt\/truusk-tradgardsstolar-4-pack-stapelbara-terrassstolar-andningsbar-rygg-armstod-max-120-kg-svart\/","og_locale":"sv_SE","og_type":"article","og_title":"TRUUSK Tr\u00e4dg\u00e5rdsstolar 4-pack - Stapelbara Terrassstolar - Andningsbar Rygg - Armst\u00f6d - Max 120 kg - Svart - TRUUSK - Hem, Tr\u00e4dg\u00e5rd &amp; Fritid","og_description":"F\u00f6rvandla dina utrymmen med dessa [BRAND NAME] tr\u00e4dg\u00e5rdsstolar. Den robusta metallramen och det andningsbara n\u00e4tet erbjuder komfort f\u00f6r m\u00e5ltider och...","og_url":"https:\/\/truusk.store\/sv\/produkt\/truusk-tradgardsstolar-4-pack-stapelbara-terrassstolar-andningsbar-rygg-armstod-max-120-kg-svart\/","og_site_name":"TRUUSK - Hem, Tr\u00e4dg\u00e5rd &amp; Fritid","article_modified_time":"2026-03-12T07:53:20+00:00","og_image":[{"width":2000,"height":2000,"url":"https:\/\/i0.wp.com\/truusk.se\/wp-content\/uploads\/2026\/03\/tradgardsstolar-4-pack-stapelbara-terrassstolar-med-andningsbar-rygg-armstod-120-kg-belastning-1.webp?fit=2000%2C2000&ssl=1","type":"image\/webp"}],"twitter_card":"summary_large_image","twitter_misc":{"Ber\u00e4knad l\u00e4stid":"1 minut"},"schema":{"@context":"https:\/\/schema.org","@graph":[{"@type":"WebPage","@id":"https:\/\/truusk.store\/sv\/produkt\/truusk-tradgardsstolar-4-pack-stapelbara-terrassstolar-andningsbar-rygg-armstod-max-120-kg-svart\/","url":"https:\/\/truusk.store\/sv\/produkt\/truusk-tradgardsstolar-4-pack-stapelbara-terrassstolar-andningsbar-rygg-armstod-max-120-kg-svart\/","name":"TRUUSK Tr\u00e4dg\u00e5rdsstolar 4-pack - Stapelbara Terrassstolar - Andningsbar Rygg - Armst\u00f6d - Max 120 kg - Svart - TRUUSK - Hem, Tr\u00e4dg\u00e5rd &amp; Fritid","isPartOf":{"@id":"https:\/\/truusk.store\/sv\/#website"},"primaryImageOfPage":{"@id":"https:\/\/truusk.store\/sv\/produkt\/truusk-tradgardsstolar-4-pack-stapelbara-terrassstolar-andningsbar-rygg-armstod-max-120-kg-svart\/#primaryimage"},"image":{"@id":"https:\/\/truusk.store\/sv\/produkt\/truusk-tradgardsstolar-4-pack-stapelbara-terrassstolar-andningsbar-rygg-armstod-max-120-kg-svart\/#primaryimage"},"thumbnailUrl":"https:\/\/i0.wp.com\/truusk.store\/wp-content\/uploads\/2026\/03\/tradgardsstolar-4-pack-stapelbara-terrassstolar-med-andningsbar-rygg-armstod-120-kg-belastning-1.webp?fit=2000%2C2000&ssl=1","datePublished":"2026-03-11T13:17:56+00:00","dateModified":"2026-03-12T07:53:20+00:00","breadcrumb":{"@id":"https:\/\/truusk.store\/sv\/produkt\/truusk-tradgardsstolar-4-pack-stapelbara-terrassstolar-andningsbar-rygg-armstod-max-120-kg-svart\/#breadcrumb"},"inLanguage":"sv-SE","potentialAction":[{"@type":"ReadAction","target":["https:\/\/truusk.store\/sv\/produkt\/truusk-tradgardsstolar-4-pack-stapelbara-terrassstolar-andningsbar-rygg-armstod-max-120-kg-svart\/"]}]},{"@type":"ImageObject","inLanguage":"sv-SE","@id":"https:\/\/truusk.store\/sv\/produkt\/truusk-tradgardsstolar-4-pack-stapelbara-terrassstolar-andningsbar-rygg-armstod-max-120-kg-svart\/#primaryimage","url":"https:\/\/i0.wp.com\/truusk.store\/wp-content\/uploads\/2026\/03\/tradgardsstolar-4-pack-stapelbara-terrassstolar-med-andningsbar-rygg-armstod-120-kg-belastning-1.webp?fit=2000%2C2000&ssl=1","contentUrl":"https:\/\/i0.wp.com\/truusk.store\/wp-content\/uploads\/2026\/03\/tradgardsstolar-4-pack-stapelbara-terrassstolar-med-andningsbar-rygg-armstod-120-kg-belastning-1.webp?fit=2000%2C2000&ssl=1","width":2000,"height":2000},{"@type":"BreadcrumbList","@id":"https:\/\/truusk.store\/sv\/produkt\/truusk-tradgardsstolar-4-pack-stapelbara-terrassstolar-andningsbar-rygg-armstod-max-120-kg-svart\/#breadcrumb","itemListElement":[{"@type":"ListItem","position":1,"name":"Home","item":"https:\/\/truusk.store\/sv\/"},{"@type":"ListItem","position":2,"name":"Shop","item":"https:\/\/truusk.store\/shop\/"},{"@type":"ListItem","position":3,"name":"TRUUSK Tr\u00e4dg\u00e5rdsstolar 4-pack &#8211; Stapelbara Terrassstolar &#8211; Andningsbar Rygg &#8211; Armst\u00f6d &#8211; Max 120 kg &#8211; Svart"}]},{"@type":"WebSite","@id":"https:\/\/truusk.store\/sv\/#website","url":"https:\/\/truusk.store\/sv\/","name":"TRUUSK - Hem, Tr\u00e4dg\u00e5rd & Fritid","description":"","publisher":{"@id":"https:\/\/truusk.store\/sv\/#organization"},"potentialAction":[{"@type":"SearchAction","target":{"@type":"EntryPoint","urlTemplate":"https:\/\/truusk.store\/sv\/?s={search_term_string}"},"query-input":{"@type":"PropertyValueSpecification","valueRequired":true,"valueName":"search_term_string"}}],"inLanguage":"sv-SE"},{"@type":"Organization","@id":"https:\/\/truusk.store\/sv\/#organization","name":"TRUUSK - Hem, Tr\u00e4dg\u00e5rd & Fritid","url":"https:\/\/truusk.store\/sv\/","logo":{"@type":"ImageObject","inLanguage":"sv-SE","@id":"https:\/\/truusk.store\/sv\/#\/schema\/logo\/image\/","url":"https:\/\/i0.wp.com\/truusk.store\/wp-content\/uploads\/2026\/03\/cropped-TRUUSK.png?fit=2032%2C917&ssl=1","contentUrl":"https:\/\/i0.wp.com\/truusk.store\/wp-content\/uploads\/2026\/03\/cropped-TRUUSK.png?fit=2032%2C917&ssl=1","width":2032,"height":917,"caption":"TRUUSK - Hem, Tr\u00e4dg\u00e5rd & Fritid"},"image":{"@id":"https:\/\/truusk.store\/sv\/#\/schema\/logo\/image\/"}}]}},"jetpack_sharing_enabled":true,"_links":{"self":[{"href":"https:\/\/truusk.store\/sv\/wp-json\/wp\/v2\/product\/108512","targetHints":{"allow":["GET"]}}],"collection":[{"href":"https:\/\/truusk.store\/sv\/wp-json\/wp\/v2\/product"}],"about":[{"href":"https:\/\/truusk.store\/sv\/wp-json\/wp\/v2\/types\/product"}],"wp:featuredmedia":[{"embeddable":true,"href":"https:\/\/truusk.store\/sv\/wp-json\/wp\/v2\/media\/108500"}],"wp:attachment":[{"href":"https:\/\/truusk.store\/sv\/wp-json\/wp\/v2\/media?parent=108512"}],"wp:term":[{"taxonomy":"product_brand","embeddable":true,"href":"https:\/\/truusk.store\/sv\/wp-json\/wp\/v2\/product_brand?post=108512"},{"taxonomy":"product_cat","embeddable":true,"href":"https:\/\/truusk.store\/sv\/wp-json\/wp\/v2\/product_cat?post=108512"},{"taxonomy":"product_tag","embeddable":true,"href":"https:\/\/truusk.store\/sv\/wp-json\/wp\/v2\/product_tag?post=108512"}],"curies":[{"name":"wp","href":"https:\/\/api.w.org\/{rel}","templated":true}]}}