{"id":108603,"date":"2026-03-11T14:26:49","date_gmt":"2026-03-11T13:26:49","guid":{"rendered":"https:\/\/truusk.store\/product\/utomhusfontan-i-konstharts-med-4-steg-tradgardsfontan-med-led-belysning-pump-stenutseende-35-x-32-x-50-cm\/"},"modified":"2026-03-12T08:53:24","modified_gmt":"2026-03-12T07:53:24","slug":"truusk-utomhusfontan-i-konstharts-med-4-steg-led-belysning-pump-stenutseende-35-x-32-x-50-cm","status":"publish","type":"product","link":"https:\/\/truusk.store\/sv\/produkt\/truusk-utomhusfontan-i-konstharts-med-4-steg-led-belysning-pump-stenutseende-35-x-32-x-50-cm\/","title":{"rendered":"TRUUSK Utomhusfont\u00e4n i Konstharts &#8211; Med 4 Steg &#8211; LED-belysning &#8211; Pump &#8211; Stenutseende 35 x 32 x 50 cm"},"content":{"rendered":"<p>K\u00e4nner du dig st\u00f6rd av dagens buller \u00e4ven hemma, s\u00e5 att din terrass verkar mindre fridfull? Denna stress kvarst\u00e5r och f\u00f6rvandlar ditt utomhusomr\u00e5de till en annan plats f\u00f6r vardagen, ist\u00e4llet f\u00f6r en sann tillflyktsort. [BRAND NAME] tr\u00e4dg\u00e5rdsfont\u00e4n erbjuder l\u00f6sningen med justerbara vattenfl\u00f6den som skapar lugnande ljud och varma LED-lampor f\u00f6r f\u00f6rtrollande kv\u00e4llar. Tillverkad av v\u00e4derbest\u00e4ndig konstharts, erbjuder den l\u00e5ngvarig lugn och avkoppling.<\/p>\n<p>Beskrivning:<\/p>\n<ul>\n<li> Njut av lugnande vattenfalls ljud fr\u00e5n en 4-stegs design f\u00f6r ultimat avkoppling<\/li>\n<li> Tre niv\u00e5er av vattenfl\u00f6desjustering skapar en lugn atmosf\u00e4r<\/li>\n<li> Inbyggda varmvita LED-lampor kastar en magisk, skimrande glans p\u00e5 natten<\/li>\n<li> Realistiskt v\u00e4derbitet stendesign f\u00f6r in naturlig sk\u00f6nhet i alla inomhus- eller utomhusomr\u00e5den<\/li>\n<li> Tillverkad av robust, UV-resistent harts f\u00f6r v\u00e4derbest\u00e4ndig utomhusanv\u00e4ndning<\/li>\n<li> Snabb och enkel monteringsprocess g\u00f6r att du kan njuta av din utomhusfont\u00e4n n\u00e4stan omedelbart<\/li>\n<li> Montering kr\u00e4vs<\/li>\n<\/ul>\n<p> Tekniska specifikationer:<\/p>\n<ul>\n<li> F\u00e4rg: Flerf\u00e4rgad<\/li>\n<li> Material: Harts<\/li>\n<li> Totala dimensioner: 35L x 32B x 50H cm<\/li>\n<li> Niv\u00e5h\u00f6jd: 15,5 cm, 25 cm, 35 cm, 45 cm<\/li>\n<li> Pumpstorlek: 4,5L x 4,5B x 6H cm<\/li>\n<li> Vattenkapacitet: 10-12 L<\/li>\n<li> Pumpvarvtal: 3500 varv\/min<\/li>\n<li> F\u00e4rgtemperatur: 2800-3200 K<\/li>\n<li> Ing\u00e5ngssp\u00e4nning: 230-240 V, 50 Hz<\/li>\n<li> Utg\u00e5ngssp\u00e4nning: 12 V<\/li>\n<li> Kabell\u00e4ngd: 3 m<\/li>\n<li> Sticktyp: EU-stick<\/li>\n<\/ul>\n<p>Ing\u00e5r:<\/p>\n<ul>\n<li> 1 x Vattenfont\u00e4n<\/li>\n<li> 1 x Vattenpump<\/li>\n<li> 1 x Instruktioner<\/li>\n<\/ul>\n","protected":false},"excerpt":{"rendered":"<p>K\u00e4nner du dig st\u00f6rd av dagens buller \u00e4ven hemma, s\u00e5 att din terrass verkar mindre fridfull? Denna stress kvarst\u00e5r och&#8230;<\/p>\n","protected":false},"featured_media":108591,"template":"","meta":[],"product_brand":[],"product_cat":[1108,858,464],"product_tag":[],"class_list":{"0":"post-108603","1":"product","2":"type-product","3":"status-publish","4":"has-post-thumbnail","6":"product_cat-fontaner","7":"product_cat-tradgard-terrass","8":"product_cat-tradgardsdekoration","10":"first","11":"instock","12":"sale","13":"taxable","14":"shipping-taxable","15":"purchasable","16":"product-type-simple"},"yoast_head":"<!-- This site is optimized with the Yoast SEO plugin v25.4 - https:\/\/yoast.com\/wordpress\/plugins\/seo\/ -->\n<title>TRUUSK Utomhusfont\u00e4n i Konstharts - Med 4 Steg - LED-belysning - Pump - Stenutseende 35 x 32 x 50 cm - TRUUSK - Hem, Tr\u00e4dg\u00e5rd &amp; Fritid<\/title>\n<meta name=\"robots\" content=\"index, follow, max-snippet:-1, max-image-preview:large, max-video-preview:-1\" \/>\n<link rel=\"canonical\" href=\"https:\/\/truusk.store\/sv\/produkt\/truusk-utomhusfontan-i-konstharts-med-4-steg-led-belysning-pump-stenutseende-35-x-32-x-50-cm\/\" \/>\n<meta property=\"og:locale\" content=\"sv_SE\" \/>\n<meta property=\"og:type\" content=\"article\" \/>\n<meta property=\"og:title\" content=\"TRUUSK Utomhusfont\u00e4n i Konstharts - Med 4 Steg - LED-belysning - Pump - Stenutseende 35 x 32 x 50 cm - TRUUSK - Hem, Tr\u00e4dg\u00e5rd &amp; Fritid\" \/>\n<meta property=\"og:description\" content=\"K\u00e4nner du dig st\u00f6rd av dagens buller \u00e4ven hemma, s\u00e5 att din terrass verkar mindre fridfull? Denna stress kvarst\u00e5r och...\" \/>\n<meta property=\"og:url\" content=\"https:\/\/truusk.store\/sv\/produkt\/truusk-utomhusfontan-i-konstharts-med-4-steg-led-belysning-pump-stenutseende-35-x-32-x-50-cm\/\" \/>\n<meta property=\"og:site_name\" content=\"TRUUSK - Hem, Tr\u00e4dg\u00e5rd &amp; Fritid\" \/>\n<meta property=\"article:modified_time\" content=\"2026-03-12T07:53:24+00:00\" \/>\n<meta property=\"og:image\" content=\"https:\/\/i0.wp.com\/truusk.se\/wp-content\/uploads\/2026\/03\/utomhusfontan-i-konstharts-med-4-steg-tradgardsfontan-med-led-belysning-pump-stenutseende-35-x-32-x-50-cm-1.webp?fit=2000%2C2000&ssl=1\" \/>\n\t<meta property=\"og:image:width\" content=\"2000\" \/>\n\t<meta property=\"og:image:height\" content=\"2000\" \/>\n\t<meta property=\"og:image:type\" content=\"image\/webp\" \/>\n<meta name=\"twitter:card\" content=\"summary_large_image\" \/>\n<meta name=\"twitter:label1\" content=\"Ber\u00e4knad l\u00e4stid\" \/>\n\t<meta name=\"twitter:data1\" content=\"1 minut\" \/>\n<!-- \/ Yoast SEO plugin. -->","yoast_head_json":{"title":"TRUUSK Utomhusfont\u00e4n i Konstharts - Med 4 Steg - LED-belysning - Pump - Stenutseende 35 x 32 x 50 cm - TRUUSK - Hem, Tr\u00e4dg\u00e5rd &amp; Fritid","robots":{"index":"index","follow":"follow","max-snippet":"max-snippet:-1","max-image-preview":"max-image-preview:large","max-video-preview":"max-video-preview:-1"},"canonical":"https:\/\/truusk.store\/sv\/produkt\/truusk-utomhusfontan-i-konstharts-med-4-steg-led-belysning-pump-stenutseende-35-x-32-x-50-cm\/","og_locale":"sv_SE","og_type":"article","og_title":"TRUUSK Utomhusfont\u00e4n i Konstharts - Med 4 Steg - LED-belysning - Pump - Stenutseende 35 x 32 x 50 cm - TRUUSK - Hem, Tr\u00e4dg\u00e5rd &amp; Fritid","og_description":"K\u00e4nner du dig st\u00f6rd av dagens buller \u00e4ven hemma, s\u00e5 att din terrass verkar mindre fridfull? Denna stress kvarst\u00e5r och...","og_url":"https:\/\/truusk.store\/sv\/produkt\/truusk-utomhusfontan-i-konstharts-med-4-steg-led-belysning-pump-stenutseende-35-x-32-x-50-cm\/","og_site_name":"TRUUSK - Hem, Tr\u00e4dg\u00e5rd &amp; Fritid","article_modified_time":"2026-03-12T07:53:24+00:00","og_image":[{"width":2000,"height":2000,"url":"https:\/\/i0.wp.com\/truusk.se\/wp-content\/uploads\/2026\/03\/utomhusfontan-i-konstharts-med-4-steg-tradgardsfontan-med-led-belysning-pump-stenutseende-35-x-32-x-50-cm-1.webp?fit=2000%2C2000&ssl=1","type":"image\/webp"}],"twitter_card":"summary_large_image","twitter_misc":{"Ber\u00e4knad l\u00e4stid":"1 minut"},"schema":{"@context":"https:\/\/schema.org","@graph":[{"@type":"WebPage","@id":"https:\/\/truusk.store\/sv\/produkt\/truusk-utomhusfontan-i-konstharts-med-4-steg-led-belysning-pump-stenutseende-35-x-32-x-50-cm\/","url":"https:\/\/truusk.store\/sv\/produkt\/truusk-utomhusfontan-i-konstharts-med-4-steg-led-belysning-pump-stenutseende-35-x-32-x-50-cm\/","name":"TRUUSK Utomhusfont\u00e4n i Konstharts - Med 4 Steg - LED-belysning - Pump - Stenutseende 35 x 32 x 50 cm - TRUUSK - Hem, Tr\u00e4dg\u00e5rd &amp; Fritid","isPartOf":{"@id":"https:\/\/truusk.store\/sv\/#website"},"primaryImageOfPage":{"@id":"https:\/\/truusk.store\/sv\/produkt\/truusk-utomhusfontan-i-konstharts-med-4-steg-led-belysning-pump-stenutseende-35-x-32-x-50-cm\/#primaryimage"},"image":{"@id":"https:\/\/truusk.store\/sv\/produkt\/truusk-utomhusfontan-i-konstharts-med-4-steg-led-belysning-pump-stenutseende-35-x-32-x-50-cm\/#primaryimage"},"thumbnailUrl":"https:\/\/i0.wp.com\/truusk.store\/wp-content\/uploads\/2026\/03\/utomhusfontan-i-konstharts-med-4-steg-tradgardsfontan-med-led-belysning-pump-stenutseende-35-x-32-x-50-cm-1.webp?fit=2000%2C2000&ssl=1","datePublished":"2026-03-11T13:26:49+00:00","dateModified":"2026-03-12T07:53:24+00:00","breadcrumb":{"@id":"https:\/\/truusk.store\/sv\/produkt\/truusk-utomhusfontan-i-konstharts-med-4-steg-led-belysning-pump-stenutseende-35-x-32-x-50-cm\/#breadcrumb"},"inLanguage":"sv-SE","potentialAction":[{"@type":"ReadAction","target":["https:\/\/truusk.store\/sv\/produkt\/truusk-utomhusfontan-i-konstharts-med-4-steg-led-belysning-pump-stenutseende-35-x-32-x-50-cm\/"]}]},{"@type":"ImageObject","inLanguage":"sv-SE","@id":"https:\/\/truusk.store\/sv\/produkt\/truusk-utomhusfontan-i-konstharts-med-4-steg-led-belysning-pump-stenutseende-35-x-32-x-50-cm\/#primaryimage","url":"https:\/\/i0.wp.com\/truusk.store\/wp-content\/uploads\/2026\/03\/utomhusfontan-i-konstharts-med-4-steg-tradgardsfontan-med-led-belysning-pump-stenutseende-35-x-32-x-50-cm-1.webp?fit=2000%2C2000&ssl=1","contentUrl":"https:\/\/i0.wp.com\/truusk.store\/wp-content\/uploads\/2026\/03\/utomhusfontan-i-konstharts-med-4-steg-tradgardsfontan-med-led-belysning-pump-stenutseende-35-x-32-x-50-cm-1.webp?fit=2000%2C2000&ssl=1","width":2000,"height":2000},{"@type":"BreadcrumbList","@id":"https:\/\/truusk.store\/sv\/produkt\/truusk-utomhusfontan-i-konstharts-med-4-steg-led-belysning-pump-stenutseende-35-x-32-x-50-cm\/#breadcrumb","itemListElement":[{"@type":"ListItem","position":1,"name":"Home","item":"https:\/\/truusk.store\/sv\/"},{"@type":"ListItem","position":2,"name":"Shop","item":"https:\/\/truusk.store\/shop\/"},{"@type":"ListItem","position":3,"name":"TRUUSK Utomhusfont\u00e4n i Konstharts &#8211; Med 4 Steg &#8211; LED-belysning &#8211; Pump &#8211; Stenutseende 35 x 32 x 50 cm"}]},{"@type":"WebSite","@id":"https:\/\/truusk.store\/sv\/#website","url":"https:\/\/truusk.store\/sv\/","name":"TRUUSK - Hem, Tr\u00e4dg\u00e5rd & Fritid","description":"","publisher":{"@id":"https:\/\/truusk.store\/sv\/#organization"},"potentialAction":[{"@type":"SearchAction","target":{"@type":"EntryPoint","urlTemplate":"https:\/\/truusk.store\/sv\/?s={search_term_string}"},"query-input":{"@type":"PropertyValueSpecification","valueRequired":true,"valueName":"search_term_string"}}],"inLanguage":"sv-SE"},{"@type":"Organization","@id":"https:\/\/truusk.store\/sv\/#organization","name":"TRUUSK - Hem, Tr\u00e4dg\u00e5rd & Fritid","url":"https:\/\/truusk.store\/sv\/","logo":{"@type":"ImageObject","inLanguage":"sv-SE","@id":"https:\/\/truusk.store\/sv\/#\/schema\/logo\/image\/","url":"https:\/\/i0.wp.com\/truusk.store\/wp-content\/uploads\/2026\/03\/cropped-TRUUSK.png?fit=2032%2C917&ssl=1","contentUrl":"https:\/\/i0.wp.com\/truusk.store\/wp-content\/uploads\/2026\/03\/cropped-TRUUSK.png?fit=2032%2C917&ssl=1","width":2032,"height":917,"caption":"TRUUSK - Hem, Tr\u00e4dg\u00e5rd & Fritid"},"image":{"@id":"https:\/\/truusk.store\/sv\/#\/schema\/logo\/image\/"}}]}},"jetpack_sharing_enabled":true,"_links":{"self":[{"href":"https:\/\/truusk.store\/sv\/wp-json\/wp\/v2\/product\/108603","targetHints":{"allow":["GET"]}}],"collection":[{"href":"https:\/\/truusk.store\/sv\/wp-json\/wp\/v2\/product"}],"about":[{"href":"https:\/\/truusk.store\/sv\/wp-json\/wp\/v2\/types\/product"}],"wp:featuredmedia":[{"embeddable":true,"href":"https:\/\/truusk.store\/sv\/wp-json\/wp\/v2\/media\/108591"}],"wp:attachment":[{"href":"https:\/\/truusk.store\/sv\/wp-json\/wp\/v2\/media?parent=108603"}],"wp:term":[{"taxonomy":"product_brand","embeddable":true,"href":"https:\/\/truusk.store\/sv\/wp-json\/wp\/v2\/product_brand?post=108603"},{"taxonomy":"product_cat","embeddable":true,"href":"https:\/\/truusk.store\/sv\/wp-json\/wp\/v2\/product_cat?post=108603"},{"taxonomy":"product_tag","embeddable":true,"href":"https:\/\/truusk.store\/sv\/wp-json\/wp\/v2\/product_tag?post=108603"}],"curies":[{"name":"wp","href":"https:\/\/api.w.org\/{rel}","templated":true}]}}