{"id":108614,"date":"2026-03-11T14:27:48","date_gmt":"2026-03-11T13:27:48","guid":{"rendered":"https:\/\/truusk.store\/product\/bistro-set-for-2-personer-3-delat-tradgardsbistro-set-med-metallram-och-tjocka-kuddar\/"},"modified":"2026-03-12T08:53:24","modified_gmt":"2026-03-12T07:53:24","slug":"truusk-bistro-set-for-2-personer-3-delat-tradgardsset-metallram-tjocka-kuddar-uteservering-gra","status":"publish","type":"product","link":"https:\/\/truusk.store\/sv\/produkt\/truusk-bistro-set-for-2-personer-3-delat-tradgardsset-metallram-tjocka-kuddar-uteservering-gra\/","title":{"rendered":"TRUUSK Bistro-set f\u00f6r 2 personer &#8211; 3-delat tr\u00e4dg\u00e5rdsset &#8211; Metallram &#8211; Tjocka kuddar &#8211; Uteservering &#8211; Gr\u00e5"},"content":{"rendered":"<p>Har du problem med att njuta av din lilla balkong? Obekv\u00e4ma, ostabila stolar kan g\u00f6ra det om\u00f6jligt att koppla av utomhus. [BRAND NAME] balkongm\u00f6belset f\u00f6rvandlar ditt utrymme till en s\u00e4ker oas. Den stabila metallramen ger stabilitet och s\u00e4kerhet, medan de breda, vadderade s\u00e4tena erbjuder l\u00e5ngvarig komfort f\u00f6r v\u00e4rdefulla stunder tillsammans. Detta \u00e4r det robusta och inbjudande bistro-setet du har letat efter.<\/p>\n<p>Beskrivning:<\/p>\n<ul>\n<li> Inneh\u00e5ller ett bord och tv\u00e5 vadderade stolar, l\u00e4mpliga f\u00f6r sm\u00e5 utrymmen<\/li>\n<li> Andningsbart n\u00e4ttyg och mjuka kuddar ger sittkomfort i alla v\u00e4der<\/li>\n<li> Breda s\u00e4ten och ergonomiska ryggst\u00f6d garanterar total avkoppling<\/li>\n<li> Pulverlackerad metallram f\u00f6r sittgruppen b\u00e4r upp till 120 kg f\u00f6r p\u00e5litlig stabilitet<\/li>\n<li> Justerbara fotdynor h\u00e5ller terrassm\u00f6belsetet stabilt p\u00e5 l\u00e4tt oj\u00e4mna ytor<\/li>\n<li> Stabil sidobord h\u00e5ller drycker, b\u00f6cker och snacks inom r\u00e4ckh\u00e5ll<\/li>\n<li> Modern design med tr\u00e4korn accenter f\u00f6rb\u00e4ttrar alla utomhus- eller inomhusomr\u00e5den<\/li>\n<li> Montering kr\u00e4vs<\/li>\n<\/ul>\n<p> Tekniska data:<\/p>\n<ul>\n<li> F\u00e4rg: Svart+Gr\u00e5+Teak<\/li>\n<li> Material: Metall, Texteline, Polyester, Polypropylen Bomull<\/li>\n<li> Stolm\u00e5tt: 64L x 62B x 68H cm<\/li>\n<li> Bordm\u00e5tt: 40L x 40B x 40H cm<\/li>\n<li> Sitsstorlek: 56B x 34T x 36H cm<\/li>\n<li> Ryggst\u00f6dsbredd: 56 cm<\/li>\n<li> Armst\u00f6dsh\u00f6jd: 32 cm (fr\u00e5n sits)<\/li>\n<li> Kuddstorlek: 106L x 60B x 10H cm<\/li>\n<li> Maximal belastning: 120 kg (stol) 30 kg (bord)<\/li>\n<li> Artikelnummer: 84G-988V01GY<\/li>\n<\/ul>\n<p>Leveransinneh\u00e5ll:<\/p>\n<ul>\n<li> 1 x Bord<\/li>\n<li> 2 x Stol<\/li>\n<li> 2 x Sitskudde<\/li>\n<li> 1 x Instruktioner<\/li>\n<\/ul>\n","protected":false},"excerpt":{"rendered":"<p>Har du problem med att njuta av din lilla balkong? Obekv\u00e4ma, ostabila stolar kan g\u00f6ra det om\u00f6jligt att koppla av&#8230;<\/p>\n","protected":false},"featured_media":108602,"template":"","meta":[],"product_brand":[],"product_cat":[858,450,456],"product_tag":[],"class_list":{"0":"post-108614","1":"product","2":"type-product","3":"status-publish","4":"has-post-thumbnail","6":"product_cat-tradgard-terrass","7":"product_cat-tradgardsmobler","8":"product_cat-tradgardsmobler-set","10":"first","11":"instock","12":"sale","13":"taxable","14":"shipping-taxable","15":"purchasable","16":"product-type-simple"},"yoast_head":"<!-- This site is optimized with the Yoast SEO plugin v25.4 - https:\/\/yoast.com\/wordpress\/plugins\/seo\/ -->\n<title>TRUUSK Bistro-set f\u00f6r 2 personer - 3-delat tr\u00e4dg\u00e5rdsset - Metallram - Tjocka kuddar - Uteservering - Gr\u00e5 - TRUUSK - Hem, Tr\u00e4dg\u00e5rd &amp; Fritid<\/title>\n<meta name=\"robots\" content=\"index, follow, max-snippet:-1, max-image-preview:large, max-video-preview:-1\" \/>\n<link rel=\"canonical\" href=\"https:\/\/truusk.store\/sv\/produkt\/truusk-bistro-set-for-2-personer-3-delat-tradgardsset-metallram-tjocka-kuddar-uteservering-gra\/\" \/>\n<meta property=\"og:locale\" content=\"sv_SE\" \/>\n<meta property=\"og:type\" content=\"article\" \/>\n<meta property=\"og:title\" content=\"TRUUSK Bistro-set f\u00f6r 2 personer - 3-delat tr\u00e4dg\u00e5rdsset - Metallram - Tjocka kuddar - Uteservering - Gr\u00e5 - TRUUSK - Hem, Tr\u00e4dg\u00e5rd &amp; Fritid\" \/>\n<meta property=\"og:description\" content=\"Har du problem med att njuta av din lilla balkong? Obekv\u00e4ma, ostabila stolar kan g\u00f6ra det om\u00f6jligt att koppla av...\" \/>\n<meta property=\"og:url\" content=\"https:\/\/truusk.store\/sv\/produkt\/truusk-bistro-set-for-2-personer-3-delat-tradgardsset-metallram-tjocka-kuddar-uteservering-gra\/\" \/>\n<meta property=\"og:site_name\" content=\"TRUUSK - Hem, Tr\u00e4dg\u00e5rd &amp; Fritid\" \/>\n<meta property=\"article:modified_time\" content=\"2026-03-12T07:53:24+00:00\" \/>\n<meta property=\"og:image\" content=\"https:\/\/i0.wp.com\/truusk.se\/wp-content\/uploads\/2026\/03\/bistro-set-for-2-personer-3-delat-tradgardsbistro-set-med-metallram-och-tjocka-kuddar-1.webp?fit=2000%2C2000&ssl=1\" \/>\n\t<meta property=\"og:image:width\" content=\"2000\" \/>\n\t<meta property=\"og:image:height\" content=\"2000\" \/>\n\t<meta property=\"og:image:type\" content=\"image\/webp\" \/>\n<meta name=\"twitter:card\" content=\"summary_large_image\" \/>\n<meta name=\"twitter:label1\" content=\"Ber\u00e4knad l\u00e4stid\" \/>\n\t<meta name=\"twitter:data1\" content=\"1 minut\" \/>\n<!-- \/ Yoast SEO plugin. -->","yoast_head_json":{"title":"TRUUSK Bistro-set f\u00f6r 2 personer - 3-delat tr\u00e4dg\u00e5rdsset - Metallram - Tjocka kuddar - Uteservering - Gr\u00e5 - TRUUSK - Hem, Tr\u00e4dg\u00e5rd &amp; Fritid","robots":{"index":"index","follow":"follow","max-snippet":"max-snippet:-1","max-image-preview":"max-image-preview:large","max-video-preview":"max-video-preview:-1"},"canonical":"https:\/\/truusk.store\/sv\/produkt\/truusk-bistro-set-for-2-personer-3-delat-tradgardsset-metallram-tjocka-kuddar-uteservering-gra\/","og_locale":"sv_SE","og_type":"article","og_title":"TRUUSK Bistro-set f\u00f6r 2 personer - 3-delat tr\u00e4dg\u00e5rdsset - Metallram - Tjocka kuddar - Uteservering - Gr\u00e5 - TRUUSK - Hem, Tr\u00e4dg\u00e5rd &amp; Fritid","og_description":"Har du problem med att njuta av din lilla balkong? Obekv\u00e4ma, ostabila stolar kan g\u00f6ra det om\u00f6jligt att koppla av...","og_url":"https:\/\/truusk.store\/sv\/produkt\/truusk-bistro-set-for-2-personer-3-delat-tradgardsset-metallram-tjocka-kuddar-uteservering-gra\/","og_site_name":"TRUUSK - Hem, Tr\u00e4dg\u00e5rd &amp; Fritid","article_modified_time":"2026-03-12T07:53:24+00:00","og_image":[{"width":2000,"height":2000,"url":"https:\/\/i0.wp.com\/truusk.se\/wp-content\/uploads\/2026\/03\/bistro-set-for-2-personer-3-delat-tradgardsbistro-set-med-metallram-och-tjocka-kuddar-1.webp?fit=2000%2C2000&ssl=1","type":"image\/webp"}],"twitter_card":"summary_large_image","twitter_misc":{"Ber\u00e4knad l\u00e4stid":"1 minut"},"schema":{"@context":"https:\/\/schema.org","@graph":[{"@type":"WebPage","@id":"https:\/\/truusk.store\/sv\/produkt\/truusk-bistro-set-for-2-personer-3-delat-tradgardsset-metallram-tjocka-kuddar-uteservering-gra\/","url":"https:\/\/truusk.store\/sv\/produkt\/truusk-bistro-set-for-2-personer-3-delat-tradgardsset-metallram-tjocka-kuddar-uteservering-gra\/","name":"TRUUSK Bistro-set f\u00f6r 2 personer - 3-delat tr\u00e4dg\u00e5rdsset - Metallram - Tjocka kuddar - Uteservering - Gr\u00e5 - TRUUSK - Hem, Tr\u00e4dg\u00e5rd &amp; Fritid","isPartOf":{"@id":"https:\/\/truusk.store\/sv\/#website"},"primaryImageOfPage":{"@id":"https:\/\/truusk.store\/sv\/produkt\/truusk-bistro-set-for-2-personer-3-delat-tradgardsset-metallram-tjocka-kuddar-uteservering-gra\/#primaryimage"},"image":{"@id":"https:\/\/truusk.store\/sv\/produkt\/truusk-bistro-set-for-2-personer-3-delat-tradgardsset-metallram-tjocka-kuddar-uteservering-gra\/#primaryimage"},"thumbnailUrl":"https:\/\/i0.wp.com\/truusk.store\/wp-content\/uploads\/2026\/03\/bistro-set-for-2-personer-3-delat-tradgardsbistro-set-med-metallram-och-tjocka-kuddar-1.webp?fit=2000%2C2000&ssl=1","datePublished":"2026-03-11T13:27:48+00:00","dateModified":"2026-03-12T07:53:24+00:00","breadcrumb":{"@id":"https:\/\/truusk.store\/sv\/produkt\/truusk-bistro-set-for-2-personer-3-delat-tradgardsset-metallram-tjocka-kuddar-uteservering-gra\/#breadcrumb"},"inLanguage":"sv-SE","potentialAction":[{"@type":"ReadAction","target":["https:\/\/truusk.store\/sv\/produkt\/truusk-bistro-set-for-2-personer-3-delat-tradgardsset-metallram-tjocka-kuddar-uteservering-gra\/"]}]},{"@type":"ImageObject","inLanguage":"sv-SE","@id":"https:\/\/truusk.store\/sv\/produkt\/truusk-bistro-set-for-2-personer-3-delat-tradgardsset-metallram-tjocka-kuddar-uteservering-gra\/#primaryimage","url":"https:\/\/i0.wp.com\/truusk.store\/wp-content\/uploads\/2026\/03\/bistro-set-for-2-personer-3-delat-tradgardsbistro-set-med-metallram-och-tjocka-kuddar-1.webp?fit=2000%2C2000&ssl=1","contentUrl":"https:\/\/i0.wp.com\/truusk.store\/wp-content\/uploads\/2026\/03\/bistro-set-for-2-personer-3-delat-tradgardsbistro-set-med-metallram-och-tjocka-kuddar-1.webp?fit=2000%2C2000&ssl=1","width":2000,"height":2000},{"@type":"BreadcrumbList","@id":"https:\/\/truusk.store\/sv\/produkt\/truusk-bistro-set-for-2-personer-3-delat-tradgardsset-metallram-tjocka-kuddar-uteservering-gra\/#breadcrumb","itemListElement":[{"@type":"ListItem","position":1,"name":"Home","item":"https:\/\/truusk.store\/sv\/"},{"@type":"ListItem","position":2,"name":"Shop","item":"https:\/\/truusk.store\/shop\/"},{"@type":"ListItem","position":3,"name":"TRUUSK Bistro-set f\u00f6r 2 personer &#8211; 3-delat tr\u00e4dg\u00e5rdsset &#8211; Metallram &#8211; Tjocka kuddar &#8211; Uteservering &#8211; Gr\u00e5"}]},{"@type":"WebSite","@id":"https:\/\/truusk.store\/sv\/#website","url":"https:\/\/truusk.store\/sv\/","name":"TRUUSK - Hem, Tr\u00e4dg\u00e5rd & Fritid","description":"","publisher":{"@id":"https:\/\/truusk.store\/sv\/#organization"},"potentialAction":[{"@type":"SearchAction","target":{"@type":"EntryPoint","urlTemplate":"https:\/\/truusk.store\/sv\/?s={search_term_string}"},"query-input":{"@type":"PropertyValueSpecification","valueRequired":true,"valueName":"search_term_string"}}],"inLanguage":"sv-SE"},{"@type":"Organization","@id":"https:\/\/truusk.store\/sv\/#organization","name":"TRUUSK - Hem, Tr\u00e4dg\u00e5rd & Fritid","url":"https:\/\/truusk.store\/sv\/","logo":{"@type":"ImageObject","inLanguage":"sv-SE","@id":"https:\/\/truusk.store\/sv\/#\/schema\/logo\/image\/","url":"https:\/\/i0.wp.com\/truusk.store\/wp-content\/uploads\/2026\/03\/cropped-TRUUSK.png?fit=2032%2C917&ssl=1","contentUrl":"https:\/\/i0.wp.com\/truusk.store\/wp-content\/uploads\/2026\/03\/cropped-TRUUSK.png?fit=2032%2C917&ssl=1","width":2032,"height":917,"caption":"TRUUSK - Hem, Tr\u00e4dg\u00e5rd & Fritid"},"image":{"@id":"https:\/\/truusk.store\/sv\/#\/schema\/logo\/image\/"}}]}},"jetpack_sharing_enabled":true,"_links":{"self":[{"href":"https:\/\/truusk.store\/sv\/wp-json\/wp\/v2\/product\/108614","targetHints":{"allow":["GET"]}}],"collection":[{"href":"https:\/\/truusk.store\/sv\/wp-json\/wp\/v2\/product"}],"about":[{"href":"https:\/\/truusk.store\/sv\/wp-json\/wp\/v2\/types\/product"}],"wp:featuredmedia":[{"embeddable":true,"href":"https:\/\/truusk.store\/sv\/wp-json\/wp\/v2\/media\/108602"}],"wp:attachment":[{"href":"https:\/\/truusk.store\/sv\/wp-json\/wp\/v2\/media?parent=108614"}],"wp:term":[{"taxonomy":"product_brand","embeddable":true,"href":"https:\/\/truusk.store\/sv\/wp-json\/wp\/v2\/product_brand?post=108614"},{"taxonomy":"product_cat","embeddable":true,"href":"https:\/\/truusk.store\/sv\/wp-json\/wp\/v2\/product_cat?post=108614"},{"taxonomy":"product_tag","embeddable":true,"href":"https:\/\/truusk.store\/sv\/wp-json\/wp\/v2\/product_tag?post=108614"}],"curies":[{"name":"wp","href":"https:\/\/api.w.org\/{rel}","templated":true}]}}