{"id":108622,"date":"2026-03-11T14:28:38","date_gmt":"2026-03-11T13:28:38","guid":{"rendered":"https:\/\/truusk.store\/product\/blomlada-med-insynsskydd-planteringslada-med-klattergaller-med-tropiska-bladmonster-61-x-23-x-113-cm-svart\/"},"modified":"2026-03-12T08:53:24","modified_gmt":"2026-03-12T07:53:24","slug":"truusk-blomlada-med-insynsskydd-planteringslada-med-klattergaller-tropiska-bladmonster-61-x-23-x-113-cm-svart","status":"publish","type":"product","link":"https:\/\/truusk.store\/sv\/produkt\/truusk-blomlada-med-insynsskydd-planteringslada-med-klattergaller-tropiska-bladmonster-61-x-23-x-113-cm-svart\/","title":{"rendered":"TRUUSK Bloml\u00e5da med Insynsskydd &#8211; Planteringsl\u00e5da med Kl\u00e4ttergaller &#8211; Tropiska Bladm\u00f6nster &#8211; 61 x 23 x 113 cm &#8211; Svart"},"content":{"rendered":"<p>Skapa ett stilfullt, funktionellt gr\u00f6nt omr\u00e5de med denna [BRAND NAME] planteringsl\u00e5da med kl\u00e4tterst\u00e4llning. Den 20 liter bloml\u00e5dan erbjuder utrymme f\u00f6r blommor, \u00f6rter och kl\u00e4tterv\u00e4xter. Den h\u00f6ga kl\u00e4tterst\u00e4llningen st\u00f6djer vertikal tillv\u00e4xt och insynsskydd. Tillverkad av pulverlackerat metall med sl\u00e4ta kanter, \u00e4r den h\u00e5llbara planteringsl\u00e5dan s\u00e4ker, v\u00e4derbest\u00e4ndig och l\u00e4tt att montera.<\/p>\n<p>Beskrivning:<\/p>\n<ul>\n<li> Planteringsl\u00e5dan rymmer cirka 20L jord f\u00f6r en h\u00e4lsosam rotv\u00e4xt hos v\u00e4xterna<\/li>\n<li> En h\u00f6g spalj\u00e9 erbjuder gener\u00f6st vertikalt utrymme f\u00f6r kl\u00e4tterv\u00e4xter<\/li>\n<li> Med ett tropiskt bladm\u00f6nster som f\u00f6rb\u00e4ttrar estetiken i din tr\u00e4dg\u00e5rd<\/li>\n<li> Tillverkad av pulverlackerat metall f\u00f6r l\u00e5ngvarig anv\u00e4ndning utomhus<\/li>\n<li> Alla kanter \u00e4r sl\u00e4ta f\u00f6r att undvika repor<\/li>\n<li> Montering kr\u00e4vs<\/li>\n<\/ul>\n<p> Tekniska data:<\/p>\n<ul>\n<li> F\u00e4rg: Svart<\/li>\n<li> Material: Metall<\/li>\n<li> Totala dimensioner: 61L x 23B x 113H cm<\/li>\n<li> Planteringsomr\u00e5dets dimensioner: 61L x 21D x 22H cm<\/li>\n<li> Gitterdimensioner: 61B x 89H cm<\/li>\n<li> B\u00e4rf\u00f6rm\u00e5ga: 30 kg<\/li>\n<\/ul>\n<p>Leveransinneh\u00e5ll:<\/p>\n<ul>\n<li> 1 x Metallplanteringsl\u00e5da med kl\u00e4tterst\u00e4llning<\/li>\n<li> 1 x Instruktioner<\/li>\n<\/ul>\n","protected":false},"excerpt":{"rendered":"<p>Skapa ett stilfullt, funktionellt gr\u00f6nt omr\u00e5de med denna [BRAND NAME] planteringsl\u00e5da med kl\u00e4tterst\u00e4llning. Den 20 liter bloml\u00e5dan erbjuder utrymme f\u00f6r&#8230;<\/p>\n","protected":false},"featured_media":108611,"template":"","meta":[],"product_brand":[],"product_cat":[924,858,443],"product_tag":[],"class_list":{"0":"post-108622","1":"product","2":"type-product","3":"status-publish","4":"has-post-thumbnail","6":"product_cat-plantkarl","7":"product_cat-tradgard-terrass","8":"product_cat-vaxthus-tradgardsskotsel","10":"first","11":"instock","12":"sale","13":"taxable","14":"shipping-taxable","15":"purchasable","16":"product-type-simple"},"yoast_head":"<!-- This site is optimized with the Yoast SEO plugin v25.4 - https:\/\/yoast.com\/wordpress\/plugins\/seo\/ -->\n<title>TRUUSK Bloml\u00e5da med Insynsskydd - Planteringsl\u00e5da med Kl\u00e4ttergaller - Tropiska Bladm\u00f6nster - 61 x 23 x 113 cm - Svart - TRUUSK - Hem, Tr\u00e4dg\u00e5rd &amp; Fritid<\/title>\n<meta name=\"robots\" content=\"index, follow, max-snippet:-1, max-image-preview:large, max-video-preview:-1\" \/>\n<link rel=\"canonical\" href=\"https:\/\/truusk.store\/sv\/produkt\/truusk-blomlada-med-insynsskydd-planteringslada-med-klattergaller-tropiska-bladmonster-61-x-23-x-113-cm-svart\/\" \/>\n<meta property=\"og:locale\" content=\"sv_SE\" \/>\n<meta property=\"og:type\" content=\"article\" \/>\n<meta property=\"og:title\" content=\"TRUUSK Bloml\u00e5da med Insynsskydd - Planteringsl\u00e5da med Kl\u00e4ttergaller - Tropiska Bladm\u00f6nster - 61 x 23 x 113 cm - Svart - TRUUSK - Hem, Tr\u00e4dg\u00e5rd &amp; Fritid\" \/>\n<meta property=\"og:description\" content=\"Skapa ett stilfullt, funktionellt gr\u00f6nt omr\u00e5de med denna [BRAND NAME] planteringsl\u00e5da med kl\u00e4tterst\u00e4llning. Den 20 liter bloml\u00e5dan erbjuder utrymme f\u00f6r...\" \/>\n<meta property=\"og:url\" content=\"https:\/\/truusk.store\/sv\/produkt\/truusk-blomlada-med-insynsskydd-planteringslada-med-klattergaller-tropiska-bladmonster-61-x-23-x-113-cm-svart\/\" \/>\n<meta property=\"og:site_name\" content=\"TRUUSK - Hem, Tr\u00e4dg\u00e5rd &amp; Fritid\" \/>\n<meta property=\"article:modified_time\" content=\"2026-03-12T07:53:24+00:00\" \/>\n<meta property=\"og:image\" content=\"https:\/\/i0.wp.com\/truusk.se\/wp-content\/uploads\/2026\/03\/blomlada-med-insynsskydd-planteringslada-med-klattergaller-med-tropiska-bladmonster-61-x-23-x-113-cm-svart-1.webp?fit=2000%2C2000&ssl=1\" \/>\n\t<meta property=\"og:image:width\" content=\"2000\" \/>\n\t<meta property=\"og:image:height\" content=\"2000\" \/>\n\t<meta property=\"og:image:type\" content=\"image\/webp\" \/>\n<meta name=\"twitter:card\" content=\"summary_large_image\" \/>\n<meta name=\"twitter:label1\" content=\"Ber\u00e4knad l\u00e4stid\" \/>\n\t<meta name=\"twitter:data1\" content=\"1 minut\" \/>\n<!-- \/ Yoast SEO plugin. -->","yoast_head_json":{"title":"TRUUSK Bloml\u00e5da med Insynsskydd - Planteringsl\u00e5da med Kl\u00e4ttergaller - Tropiska Bladm\u00f6nster - 61 x 23 x 113 cm - Svart - TRUUSK - Hem, Tr\u00e4dg\u00e5rd &amp; Fritid","robots":{"index":"index","follow":"follow","max-snippet":"max-snippet:-1","max-image-preview":"max-image-preview:large","max-video-preview":"max-video-preview:-1"},"canonical":"https:\/\/truusk.store\/sv\/produkt\/truusk-blomlada-med-insynsskydd-planteringslada-med-klattergaller-tropiska-bladmonster-61-x-23-x-113-cm-svart\/","og_locale":"sv_SE","og_type":"article","og_title":"TRUUSK Bloml\u00e5da med Insynsskydd - Planteringsl\u00e5da med Kl\u00e4ttergaller - Tropiska Bladm\u00f6nster - 61 x 23 x 113 cm - Svart - TRUUSK - Hem, Tr\u00e4dg\u00e5rd &amp; Fritid","og_description":"Skapa ett stilfullt, funktionellt gr\u00f6nt omr\u00e5de med denna [BRAND NAME] planteringsl\u00e5da med kl\u00e4tterst\u00e4llning. Den 20 liter bloml\u00e5dan erbjuder utrymme f\u00f6r...","og_url":"https:\/\/truusk.store\/sv\/produkt\/truusk-blomlada-med-insynsskydd-planteringslada-med-klattergaller-tropiska-bladmonster-61-x-23-x-113-cm-svart\/","og_site_name":"TRUUSK - Hem, Tr\u00e4dg\u00e5rd &amp; Fritid","article_modified_time":"2026-03-12T07:53:24+00:00","og_image":[{"width":2000,"height":2000,"url":"https:\/\/i0.wp.com\/truusk.se\/wp-content\/uploads\/2026\/03\/blomlada-med-insynsskydd-planteringslada-med-klattergaller-med-tropiska-bladmonster-61-x-23-x-113-cm-svart-1.webp?fit=2000%2C2000&ssl=1","type":"image\/webp"}],"twitter_card":"summary_large_image","twitter_misc":{"Ber\u00e4knad l\u00e4stid":"1 minut"},"schema":{"@context":"https:\/\/schema.org","@graph":[{"@type":"WebPage","@id":"https:\/\/truusk.store\/sv\/produkt\/truusk-blomlada-med-insynsskydd-planteringslada-med-klattergaller-tropiska-bladmonster-61-x-23-x-113-cm-svart\/","url":"https:\/\/truusk.store\/sv\/produkt\/truusk-blomlada-med-insynsskydd-planteringslada-med-klattergaller-tropiska-bladmonster-61-x-23-x-113-cm-svart\/","name":"TRUUSK Bloml\u00e5da med Insynsskydd - Planteringsl\u00e5da med Kl\u00e4ttergaller - Tropiska Bladm\u00f6nster - 61 x 23 x 113 cm - Svart - TRUUSK - Hem, Tr\u00e4dg\u00e5rd &amp; Fritid","isPartOf":{"@id":"https:\/\/truusk.store\/sv\/#website"},"primaryImageOfPage":{"@id":"https:\/\/truusk.store\/sv\/produkt\/truusk-blomlada-med-insynsskydd-planteringslada-med-klattergaller-tropiska-bladmonster-61-x-23-x-113-cm-svart\/#primaryimage"},"image":{"@id":"https:\/\/truusk.store\/sv\/produkt\/truusk-blomlada-med-insynsskydd-planteringslada-med-klattergaller-tropiska-bladmonster-61-x-23-x-113-cm-svart\/#primaryimage"},"thumbnailUrl":"https:\/\/i0.wp.com\/truusk.store\/wp-content\/uploads\/2026\/03\/blomlada-med-insynsskydd-planteringslada-med-klattergaller-med-tropiska-bladmonster-61-x-23-x-113-cm-svart-1.webp?fit=2000%2C2000&ssl=1","datePublished":"2026-03-11T13:28:38+00:00","dateModified":"2026-03-12T07:53:24+00:00","breadcrumb":{"@id":"https:\/\/truusk.store\/sv\/produkt\/truusk-blomlada-med-insynsskydd-planteringslada-med-klattergaller-tropiska-bladmonster-61-x-23-x-113-cm-svart\/#breadcrumb"},"inLanguage":"sv-SE","potentialAction":[{"@type":"ReadAction","target":["https:\/\/truusk.store\/sv\/produkt\/truusk-blomlada-med-insynsskydd-planteringslada-med-klattergaller-tropiska-bladmonster-61-x-23-x-113-cm-svart\/"]}]},{"@type":"ImageObject","inLanguage":"sv-SE","@id":"https:\/\/truusk.store\/sv\/produkt\/truusk-blomlada-med-insynsskydd-planteringslada-med-klattergaller-tropiska-bladmonster-61-x-23-x-113-cm-svart\/#primaryimage","url":"https:\/\/i0.wp.com\/truusk.store\/wp-content\/uploads\/2026\/03\/blomlada-med-insynsskydd-planteringslada-med-klattergaller-med-tropiska-bladmonster-61-x-23-x-113-cm-svart-1.webp?fit=2000%2C2000&ssl=1","contentUrl":"https:\/\/i0.wp.com\/truusk.store\/wp-content\/uploads\/2026\/03\/blomlada-med-insynsskydd-planteringslada-med-klattergaller-med-tropiska-bladmonster-61-x-23-x-113-cm-svart-1.webp?fit=2000%2C2000&ssl=1","width":2000,"height":2000},{"@type":"BreadcrumbList","@id":"https:\/\/truusk.store\/sv\/produkt\/truusk-blomlada-med-insynsskydd-planteringslada-med-klattergaller-tropiska-bladmonster-61-x-23-x-113-cm-svart\/#breadcrumb","itemListElement":[{"@type":"ListItem","position":1,"name":"Home","item":"https:\/\/truusk.store\/sv\/"},{"@type":"ListItem","position":2,"name":"Shop","item":"https:\/\/truusk.store\/shop\/"},{"@type":"ListItem","position":3,"name":"TRUUSK Bloml\u00e5da med Insynsskydd &#8211; Planteringsl\u00e5da med Kl\u00e4ttergaller &#8211; Tropiska Bladm\u00f6nster &#8211; 61 x 23 x 113 cm &#8211; Svart"}]},{"@type":"WebSite","@id":"https:\/\/truusk.store\/sv\/#website","url":"https:\/\/truusk.store\/sv\/","name":"TRUUSK - Hem, Tr\u00e4dg\u00e5rd & Fritid","description":"","publisher":{"@id":"https:\/\/truusk.store\/sv\/#organization"},"potentialAction":[{"@type":"SearchAction","target":{"@type":"EntryPoint","urlTemplate":"https:\/\/truusk.store\/sv\/?s={search_term_string}"},"query-input":{"@type":"PropertyValueSpecification","valueRequired":true,"valueName":"search_term_string"}}],"inLanguage":"sv-SE"},{"@type":"Organization","@id":"https:\/\/truusk.store\/sv\/#organization","name":"TRUUSK - Hem, Tr\u00e4dg\u00e5rd & Fritid","url":"https:\/\/truusk.store\/sv\/","logo":{"@type":"ImageObject","inLanguage":"sv-SE","@id":"https:\/\/truusk.store\/sv\/#\/schema\/logo\/image\/","url":"https:\/\/i0.wp.com\/truusk.store\/wp-content\/uploads\/2026\/03\/cropped-TRUUSK.png?fit=2032%2C917&ssl=1","contentUrl":"https:\/\/i0.wp.com\/truusk.store\/wp-content\/uploads\/2026\/03\/cropped-TRUUSK.png?fit=2032%2C917&ssl=1","width":2032,"height":917,"caption":"TRUUSK - Hem, Tr\u00e4dg\u00e5rd & Fritid"},"image":{"@id":"https:\/\/truusk.store\/sv\/#\/schema\/logo\/image\/"}}]}},"jetpack_sharing_enabled":true,"_links":{"self":[{"href":"https:\/\/truusk.store\/sv\/wp-json\/wp\/v2\/product\/108622","targetHints":{"allow":["GET"]}}],"collection":[{"href":"https:\/\/truusk.store\/sv\/wp-json\/wp\/v2\/product"}],"about":[{"href":"https:\/\/truusk.store\/sv\/wp-json\/wp\/v2\/types\/product"}],"wp:featuredmedia":[{"embeddable":true,"href":"https:\/\/truusk.store\/sv\/wp-json\/wp\/v2\/media\/108611"}],"wp:attachment":[{"href":"https:\/\/truusk.store\/sv\/wp-json\/wp\/v2\/media?parent=108622"}],"wp:term":[{"taxonomy":"product_brand","embeddable":true,"href":"https:\/\/truusk.store\/sv\/wp-json\/wp\/v2\/product_brand?post=108622"},{"taxonomy":"product_cat","embeddable":true,"href":"https:\/\/truusk.store\/sv\/wp-json\/wp\/v2\/product_cat?post=108622"},{"taxonomy":"product_tag","embeddable":true,"href":"https:\/\/truusk.store\/sv\/wp-json\/wp\/v2\/product_tag?post=108622"}],"curies":[{"name":"wp","href":"https:\/\/api.w.org\/{rel}","templated":true}]}}