{"id":108694,"date":"2026-03-11T14:36:04","date_gmt":"2026-03-11T13:36:04","guid":{"rendered":"https:\/\/truusk.store\/product\/paraplyparasoll-ca-o300-cm-lutbar-solparasoll-med-vev-korsfot-vindlinor-skyddsholje-i-kramvitt\/"},"modified":"2026-03-12T08:53:27","modified_gmt":"2026-03-12T07:53:27","slug":"truusk-parasoll-o300-cm-lutbar-design-vindskydd-vev-korsfot-skyddsholje-kramvitt","status":"publish","type":"product","link":"https:\/\/truusk.store\/sv\/produkt\/truusk-parasoll-o300-cm-lutbar-design-vindskydd-vev-korsfot-skyddsholje-kramvitt\/","title":{"rendered":"TRUUSK Parasoll \u00d8300 cm &#8211; Lutbar Design &#8211; Vindskydd &#8211; Vev &#8211; Korsfot &#8211; Skyddsh\u00f6lje &#8211; Kr\u00e4mvitt"},"content":{"rendered":"<p>Parasollet med en gener\u00f6s 2,95 m baldakin ger behaglig skugga i ditt utomhusomr\u00e5de. Ov\u00e4ntade vindar kan st\u00f6ra, men det stabila [BRAND NAME] sidoh\u00e4ngda parasollet erbjuder optimal stabilitet tack vare \u00e5tta f\u00f6rst\u00e4rkta ribbor och tv\u00e5 vindlinor. Ett skyddande \u00f6verdrag h\u00e5ller borta smuts och sol. Med det enkla vevsystemet \u00f6ppnar och st\u00e4nger du det utan anstr\u00e4ngning &#8211; f\u00f6r s\u00e4ker komfort.<\/p>\n<p>Beskrivning:<\/p>\n<ul>\n<li> Inneh\u00e5ller ett skyddsfodral f\u00f6r att skydda det sidoh\u00e4ngda parasollet n\u00e4r det inte anv\u00e4nds<\/li>\n<li> Detta sidoh\u00e4ngda parasoll inneh\u00e5ller tv\u00e5 vindlinor och ett korsfot f\u00f6r optimal stabilitet<\/li>\n<li> En robust, pulverlackerad metallram med \u00e5tta ribbor ger stabilitet till detta solparasoll<\/li>\n<li> Njut av gener\u00f6s skugga med ett runt parasoll p\u00e5 2,95 m i diameter, idealiskt som balkongparasoll<\/li>\n<li> Utrustad med en enkel vev f\u00f6r enkel \u00f6ppning och st\u00e4ngning<\/li>\n<li> Det vattenavvisande 180g polyestertyget skyddar mot solen<\/li>\n<li> Montering kr\u00e4vs<\/li>\n<\/ul>\n<p> Tekniska data:<\/p>\n<ul>\n<li> F\u00e4rg: Kr\u00e4mvit+Svart<\/li>\n<li> Material: Metall, Plast, Polyester<\/li>\n<li> Totala dimensioner: \u00d82,95 x 2,35H m<\/li>\n<li> L\u00e4gre h\u00f6jd p\u00e5 parasollet: 210 cm<\/li>\n<li> Korsfotsstorlek: 90L x 90B cm<\/li>\n<li> Metallst\u00e5ng: \u00d848 mm<\/li>\n<li> Parasollfodralstorlek: 191L x 41B cm<\/li>\n<li> Obs: Korsfot, vindlinor och parasollfodral ing\u00e5r<\/li>\n<\/ul>\n<p>Leveransinneh\u00e5ll:<\/p>\n<ul>\n<li> 1 x Sidoh\u00e4ngt parasoll<\/li>\n<li> 1 x Korsfot<\/li>\n<li> 1 x Parasollfodral<\/li>\n<li> 1 x Bruksanvisning<\/li>\n<\/ul>\n","protected":false},"excerpt":{"rendered":"<p>Parasollet med en gener\u00f6s 2,95 m baldakin ger behaglig skugga i ditt utomhusomr\u00e5de. Ov\u00e4ntade vindar kan st\u00f6ra, men det stabila&#8230;<\/p>\n","protected":false},"featured_media":108683,"template":"","meta":[],"product_brand":[],"product_cat":[472,862,858],"product_tag":[],"class_list":{"0":"post-108694","1":"product","2":"type-product","3":"status-publish","4":"has-post-thumbnail","6":"product_cat-parasoller","7":"product_cat-sol-insynsskydd","8":"product_cat-tradgard-terrass","10":"first","11":"instock","12":"sale","13":"taxable","14":"shipping-taxable","15":"purchasable","16":"product-type-simple"},"yoast_head":"<!-- This site is optimized with the Yoast SEO plugin v25.4 - https:\/\/yoast.com\/wordpress\/plugins\/seo\/ -->\n<title>TRUUSK Parasoll \u00d8300 cm - Lutbar Design - Vindskydd - Vev - Korsfot - Skyddsh\u00f6lje - Kr\u00e4mvitt - TRUUSK - Hem, Tr\u00e4dg\u00e5rd &amp; Fritid<\/title>\n<meta name=\"robots\" content=\"index, follow, max-snippet:-1, max-image-preview:large, max-video-preview:-1\" \/>\n<link rel=\"canonical\" href=\"https:\/\/truusk.store\/sv\/produkt\/truusk-parasoll-o300-cm-lutbar-design-vindskydd-vev-korsfot-skyddsholje-kramvitt\/\" \/>\n<meta property=\"og:locale\" content=\"sv_SE\" \/>\n<meta property=\"og:type\" content=\"article\" \/>\n<meta property=\"og:title\" content=\"TRUUSK Parasoll \u00d8300 cm - Lutbar Design - Vindskydd - Vev - Korsfot - Skyddsh\u00f6lje - Kr\u00e4mvitt - TRUUSK - Hem, Tr\u00e4dg\u00e5rd &amp; Fritid\" \/>\n<meta property=\"og:description\" content=\"Parasollet med en gener\u00f6s 2,95 m baldakin ger behaglig skugga i ditt utomhusomr\u00e5de. Ov\u00e4ntade vindar kan st\u00f6ra, men det stabila...\" \/>\n<meta property=\"og:url\" content=\"https:\/\/truusk.store\/sv\/produkt\/truusk-parasoll-o300-cm-lutbar-design-vindskydd-vev-korsfot-skyddsholje-kramvitt\/\" \/>\n<meta property=\"og:site_name\" content=\"TRUUSK - Hem, Tr\u00e4dg\u00e5rd &amp; Fritid\" \/>\n<meta property=\"article:modified_time\" content=\"2026-03-12T07:53:27+00:00\" \/>\n<meta property=\"og:image\" content=\"https:\/\/i0.wp.com\/truusk.se\/wp-content\/uploads\/2026\/03\/paraplyparasoll-ca-o300-cm-lutbar-solparasoll-med-vev-korsfot-vindlinor-skyddsholje-i-kramvitt-1.webp?fit=2000%2C2000&ssl=1\" \/>\n\t<meta property=\"og:image:width\" content=\"2000\" \/>\n\t<meta property=\"og:image:height\" content=\"2000\" \/>\n\t<meta property=\"og:image:type\" content=\"image\/webp\" \/>\n<meta name=\"twitter:card\" content=\"summary_large_image\" \/>\n<meta name=\"twitter:label1\" content=\"Ber\u00e4knad l\u00e4stid\" \/>\n\t<meta name=\"twitter:data1\" content=\"1 minut\" \/>\n<!-- \/ Yoast SEO plugin. -->","yoast_head_json":{"title":"TRUUSK Parasoll \u00d8300 cm - Lutbar Design - Vindskydd - Vev - Korsfot - Skyddsh\u00f6lje - Kr\u00e4mvitt - TRUUSK - Hem, Tr\u00e4dg\u00e5rd &amp; Fritid","robots":{"index":"index","follow":"follow","max-snippet":"max-snippet:-1","max-image-preview":"max-image-preview:large","max-video-preview":"max-video-preview:-1"},"canonical":"https:\/\/truusk.store\/sv\/produkt\/truusk-parasoll-o300-cm-lutbar-design-vindskydd-vev-korsfot-skyddsholje-kramvitt\/","og_locale":"sv_SE","og_type":"article","og_title":"TRUUSK Parasoll \u00d8300 cm - Lutbar Design - Vindskydd - Vev - Korsfot - Skyddsh\u00f6lje - Kr\u00e4mvitt - TRUUSK - Hem, Tr\u00e4dg\u00e5rd &amp; Fritid","og_description":"Parasollet med en gener\u00f6s 2,95 m baldakin ger behaglig skugga i ditt utomhusomr\u00e5de. Ov\u00e4ntade vindar kan st\u00f6ra, men det stabila...","og_url":"https:\/\/truusk.store\/sv\/produkt\/truusk-parasoll-o300-cm-lutbar-design-vindskydd-vev-korsfot-skyddsholje-kramvitt\/","og_site_name":"TRUUSK - Hem, Tr\u00e4dg\u00e5rd &amp; Fritid","article_modified_time":"2026-03-12T07:53:27+00:00","og_image":[{"width":2000,"height":2000,"url":"https:\/\/i0.wp.com\/truusk.se\/wp-content\/uploads\/2026\/03\/paraplyparasoll-ca-o300-cm-lutbar-solparasoll-med-vev-korsfot-vindlinor-skyddsholje-i-kramvitt-1.webp?fit=2000%2C2000&ssl=1","type":"image\/webp"}],"twitter_card":"summary_large_image","twitter_misc":{"Ber\u00e4knad l\u00e4stid":"1 minut"},"schema":{"@context":"https:\/\/schema.org","@graph":[{"@type":"WebPage","@id":"https:\/\/truusk.store\/sv\/produkt\/truusk-parasoll-o300-cm-lutbar-design-vindskydd-vev-korsfot-skyddsholje-kramvitt\/","url":"https:\/\/truusk.store\/sv\/produkt\/truusk-parasoll-o300-cm-lutbar-design-vindskydd-vev-korsfot-skyddsholje-kramvitt\/","name":"TRUUSK Parasoll \u00d8300 cm - Lutbar Design - Vindskydd - Vev - Korsfot - Skyddsh\u00f6lje - Kr\u00e4mvitt - TRUUSK - Hem, Tr\u00e4dg\u00e5rd &amp; Fritid","isPartOf":{"@id":"https:\/\/truusk.store\/sv\/#website"},"primaryImageOfPage":{"@id":"https:\/\/truusk.store\/sv\/produkt\/truusk-parasoll-o300-cm-lutbar-design-vindskydd-vev-korsfot-skyddsholje-kramvitt\/#primaryimage"},"image":{"@id":"https:\/\/truusk.store\/sv\/produkt\/truusk-parasoll-o300-cm-lutbar-design-vindskydd-vev-korsfot-skyddsholje-kramvitt\/#primaryimage"},"thumbnailUrl":"https:\/\/i0.wp.com\/truusk.store\/wp-content\/uploads\/2026\/03\/paraplyparasoll-ca-o300-cm-lutbar-solparasoll-med-vev-korsfot-vindlinor-skyddsholje-i-kramvitt-1.webp?fit=2000%2C2000&ssl=1","datePublished":"2026-03-11T13:36:04+00:00","dateModified":"2026-03-12T07:53:27+00:00","breadcrumb":{"@id":"https:\/\/truusk.store\/sv\/produkt\/truusk-parasoll-o300-cm-lutbar-design-vindskydd-vev-korsfot-skyddsholje-kramvitt\/#breadcrumb"},"inLanguage":"sv-SE","potentialAction":[{"@type":"ReadAction","target":["https:\/\/truusk.store\/sv\/produkt\/truusk-parasoll-o300-cm-lutbar-design-vindskydd-vev-korsfot-skyddsholje-kramvitt\/"]}]},{"@type":"ImageObject","inLanguage":"sv-SE","@id":"https:\/\/truusk.store\/sv\/produkt\/truusk-parasoll-o300-cm-lutbar-design-vindskydd-vev-korsfot-skyddsholje-kramvitt\/#primaryimage","url":"https:\/\/i0.wp.com\/truusk.store\/wp-content\/uploads\/2026\/03\/paraplyparasoll-ca-o300-cm-lutbar-solparasoll-med-vev-korsfot-vindlinor-skyddsholje-i-kramvitt-1.webp?fit=2000%2C2000&ssl=1","contentUrl":"https:\/\/i0.wp.com\/truusk.store\/wp-content\/uploads\/2026\/03\/paraplyparasoll-ca-o300-cm-lutbar-solparasoll-med-vev-korsfot-vindlinor-skyddsholje-i-kramvitt-1.webp?fit=2000%2C2000&ssl=1","width":2000,"height":2000},{"@type":"BreadcrumbList","@id":"https:\/\/truusk.store\/sv\/produkt\/truusk-parasoll-o300-cm-lutbar-design-vindskydd-vev-korsfot-skyddsholje-kramvitt\/#breadcrumb","itemListElement":[{"@type":"ListItem","position":1,"name":"Home","item":"https:\/\/truusk.store\/sv\/"},{"@type":"ListItem","position":2,"name":"Shop","item":"https:\/\/truusk.store\/shop\/"},{"@type":"ListItem","position":3,"name":"TRUUSK Parasoll \u00d8300 cm &#8211; Lutbar Design &#8211; Vindskydd &#8211; Vev &#8211; Korsfot &#8211; Skyddsh\u00f6lje &#8211; Kr\u00e4mvitt"}]},{"@type":"WebSite","@id":"https:\/\/truusk.store\/sv\/#website","url":"https:\/\/truusk.store\/sv\/","name":"TRUUSK - Hem, Tr\u00e4dg\u00e5rd & Fritid","description":"","publisher":{"@id":"https:\/\/truusk.store\/sv\/#organization"},"potentialAction":[{"@type":"SearchAction","target":{"@type":"EntryPoint","urlTemplate":"https:\/\/truusk.store\/sv\/?s={search_term_string}"},"query-input":{"@type":"PropertyValueSpecification","valueRequired":true,"valueName":"search_term_string"}}],"inLanguage":"sv-SE"},{"@type":"Organization","@id":"https:\/\/truusk.store\/sv\/#organization","name":"TRUUSK - Hem, Tr\u00e4dg\u00e5rd & Fritid","url":"https:\/\/truusk.store\/sv\/","logo":{"@type":"ImageObject","inLanguage":"sv-SE","@id":"https:\/\/truusk.store\/sv\/#\/schema\/logo\/image\/","url":"https:\/\/i0.wp.com\/truusk.store\/wp-content\/uploads\/2026\/03\/cropped-TRUUSK.png?fit=2032%2C917&ssl=1","contentUrl":"https:\/\/i0.wp.com\/truusk.store\/wp-content\/uploads\/2026\/03\/cropped-TRUUSK.png?fit=2032%2C917&ssl=1","width":2032,"height":917,"caption":"TRUUSK - Hem, Tr\u00e4dg\u00e5rd & Fritid"},"image":{"@id":"https:\/\/truusk.store\/sv\/#\/schema\/logo\/image\/"}}]}},"jetpack_sharing_enabled":true,"_links":{"self":[{"href":"https:\/\/truusk.store\/sv\/wp-json\/wp\/v2\/product\/108694","targetHints":{"allow":["GET"]}}],"collection":[{"href":"https:\/\/truusk.store\/sv\/wp-json\/wp\/v2\/product"}],"about":[{"href":"https:\/\/truusk.store\/sv\/wp-json\/wp\/v2\/types\/product"}],"wp:featuredmedia":[{"embeddable":true,"href":"https:\/\/truusk.store\/sv\/wp-json\/wp\/v2\/media\/108683"}],"wp:attachment":[{"href":"https:\/\/truusk.store\/sv\/wp-json\/wp\/v2\/media?parent=108694"}],"wp:term":[{"taxonomy":"product_brand","embeddable":true,"href":"https:\/\/truusk.store\/sv\/wp-json\/wp\/v2\/product_brand?post=108694"},{"taxonomy":"product_cat","embeddable":true,"href":"https:\/\/truusk.store\/sv\/wp-json\/wp\/v2\/product_cat?post=108694"},{"taxonomy":"product_tag","embeddable":true,"href":"https:\/\/truusk.store\/sv\/wp-json\/wp\/v2\/product_tag?post=108694"}],"curies":[{"name":"wp","href":"https:\/\/api.w.org\/{rel}","templated":true}]}}