{"id":108703,"date":"2026-03-11T14:36:57","date_gmt":"2026-03-11T13:36:57","guid":{"rendered":"https:\/\/truusk.store\/product\/parasollfot-80-kg-sandfyllning-robust-bas-for-fristaende-och-48-mm-stanger-svart\/"},"modified":"2026-03-12T08:53:28","modified_gmt":"2026-03-12T07:53:28","slug":"truusk-parasollfot-80-kg-robust-bas-med-sandfyllning-for-48-mm-stanger-svart","status":"publish","type":"product","link":"https:\/\/truusk.store\/sv\/produkt\/truusk-parasollfot-80-kg-robust-bas-med-sandfyllning-for-48-mm-stanger-svart\/","title":{"rendered":"TRUUSK Parasollfot 80 kg &#8211; Robust bas med sandfyllning &#8211; F\u00f6r 48 mm st\u00e4nger &#8211; Svart"},"content":{"rendered":"<p>En pl\u00f6tslig vindpust kan v\u00e4lta din parasoll och f\u00f6rhindra verklig avkoppling. [BRAND NAME] parasollst\u00e4ll erbjuder o\u00f6vertr\u00e4ffad stabilitet med upp till 80 kg sand eller 90 kg vatten och sand. Dess v\u00e4derbest\u00e4ndiga konstruktion st\u00f6der olika typer av parasoller. Med detta st\u00e4ll kan du njuta av utomhusomr\u00e5den utan bekymmer i alla v\u00e4der.<\/p>\n<p>Beskrivning:<\/p>\n<ul>\n<li> Fyll med upp till 80 kg sand eller 90 kg vatten och sand f\u00f6r \u00f6verl\u00e4gsen stabilitet<\/li>\n<li> Detta mittst\u00e5ngsparasollst\u00e4ll passar till h\u00e4ngparasoller, dubbelhuvudparasoller och standardparasoller<\/li>\n<li> Inkluderar en adapter f\u00f6r 48-mm st\u00e4nger, som s\u00e4kras fast med en knopskruv<\/li>\n<li> Har en robust, pulverlackerad metallram och ett \u00f6verdrag av 600D Oxford-tyg<\/li>\n<li> Ett elegant svart \u00f6verdrag d\u00f6ljer de tv\u00e5 sands\u00e4ckarna och basen f\u00f6r ett prydligt utseende<\/li>\n<li> Den avtagbara designen m\u00f6jligg\u00f6r kompakt f\u00f6rvaring i ditt garage eller din skjul<\/li>\n<li> Montering kr\u00e4vs<\/li>\n<\/ul>\n<p> Tekniska data:<\/p>\n<ul>\n<li> F\u00e4rg: Svart<\/li>\n<li> Material: Metall, plast, 600D Oxford-tyg<\/li>\n<li> Totala dimensioner: 78L x 78B x 40H cm<\/li>\n<li> Basens storlek: 78L x 78B x 15H cm<\/li>\n<li> St\u00e5ngstorlek: \u00d85,3 x 35H cm<\/li>\n<li> Vikt efter fyllning: 80 kg (sand)<\/li>\n<li> Passar f\u00f6r parasollst\u00e5ng: \u00d848 mm<\/li>\n<li> Artikelnummer: 84D-441V00BK<\/li>\n<\/ul>\n<p>Leverans inneh\u00e5ller:<\/p>\n<ul>\n<li> 1 x Parasollst\u00e4ll<\/li>\n<li> 1 x Manual<\/li>\n<\/ul>\n","protected":false},"excerpt":{"rendered":"<p>En pl\u00f6tslig vindpust kan v\u00e4lta din parasoll och f\u00f6rhindra verklig avkoppling. [BRAND NAME] parasollst\u00e4ll erbjuder o\u00f6vertr\u00e4ffad stabilitet med upp till&#8230;<\/p>\n","protected":false},"featured_media":108691,"template":"","meta":[],"product_brand":[],"product_cat":[886,862,1036,858],"product_tag":[],"class_list":{"0":"post-108703","1":"product","2":"type-product","3":"status-publish","4":"has-post-thumbnail","6":"product_cat-schirmstander","7":"product_cat-sol-insynsskydd","8":"product_cat-tillbehor-for-solparaplyer","9":"product_cat-tradgard-terrass","11":"first","12":"instock","13":"sale","14":"taxable","15":"shipping-taxable","16":"purchasable","17":"product-type-simple"},"yoast_head":"<!-- This site is optimized with the Yoast SEO plugin v25.4 - https:\/\/yoast.com\/wordpress\/plugins\/seo\/ -->\n<title>TRUUSK Parasollfot 80 kg - Robust bas med sandfyllning - F\u00f6r 48 mm st\u00e4nger - Svart - TRUUSK - Hem, Tr\u00e4dg\u00e5rd &amp; Fritid<\/title>\n<meta name=\"robots\" content=\"index, follow, max-snippet:-1, max-image-preview:large, max-video-preview:-1\" \/>\n<link rel=\"canonical\" href=\"https:\/\/truusk.store\/sv\/produkt\/truusk-parasollfot-80-kg-robust-bas-med-sandfyllning-for-48-mm-stanger-svart\/\" \/>\n<meta property=\"og:locale\" content=\"sv_SE\" \/>\n<meta property=\"og:type\" content=\"article\" \/>\n<meta property=\"og:title\" content=\"TRUUSK Parasollfot 80 kg - Robust bas med sandfyllning - F\u00f6r 48 mm st\u00e4nger - Svart - TRUUSK - Hem, Tr\u00e4dg\u00e5rd &amp; Fritid\" \/>\n<meta property=\"og:description\" content=\"En pl\u00f6tslig vindpust kan v\u00e4lta din parasoll och f\u00f6rhindra verklig avkoppling. [BRAND NAME] parasollst\u00e4ll erbjuder o\u00f6vertr\u00e4ffad stabilitet med upp till...\" \/>\n<meta property=\"og:url\" content=\"https:\/\/truusk.store\/sv\/produkt\/truusk-parasollfot-80-kg-robust-bas-med-sandfyllning-for-48-mm-stanger-svart\/\" \/>\n<meta property=\"og:site_name\" content=\"TRUUSK - Hem, Tr\u00e4dg\u00e5rd &amp; Fritid\" \/>\n<meta property=\"article:modified_time\" content=\"2026-03-12T07:53:28+00:00\" \/>\n<meta property=\"og:image\" content=\"https:\/\/i0.wp.com\/truusk.se\/wp-content\/uploads\/2026\/03\/parasollfot-80-kg-sandfyllning-robust-bas-for-fristaende-och-48-mm-stanger-svart-1.webp?fit=2000%2C2000&ssl=1\" \/>\n\t<meta property=\"og:image:width\" content=\"2000\" \/>\n\t<meta property=\"og:image:height\" content=\"2000\" \/>\n\t<meta property=\"og:image:type\" content=\"image\/webp\" \/>\n<meta name=\"twitter:card\" content=\"summary_large_image\" \/>\n<meta name=\"twitter:label1\" content=\"Ber\u00e4knad l\u00e4stid\" \/>\n\t<meta name=\"twitter:data1\" content=\"1 minut\" \/>\n<!-- \/ Yoast SEO plugin. -->","yoast_head_json":{"title":"TRUUSK Parasollfot 80 kg - Robust bas med sandfyllning - F\u00f6r 48 mm st\u00e4nger - Svart - TRUUSK - Hem, Tr\u00e4dg\u00e5rd &amp; Fritid","robots":{"index":"index","follow":"follow","max-snippet":"max-snippet:-1","max-image-preview":"max-image-preview:large","max-video-preview":"max-video-preview:-1"},"canonical":"https:\/\/truusk.store\/sv\/produkt\/truusk-parasollfot-80-kg-robust-bas-med-sandfyllning-for-48-mm-stanger-svart\/","og_locale":"sv_SE","og_type":"article","og_title":"TRUUSK Parasollfot 80 kg - Robust bas med sandfyllning - F\u00f6r 48 mm st\u00e4nger - Svart - TRUUSK - Hem, Tr\u00e4dg\u00e5rd &amp; Fritid","og_description":"En pl\u00f6tslig vindpust kan v\u00e4lta din parasoll och f\u00f6rhindra verklig avkoppling. [BRAND NAME] parasollst\u00e4ll erbjuder o\u00f6vertr\u00e4ffad stabilitet med upp till...","og_url":"https:\/\/truusk.store\/sv\/produkt\/truusk-parasollfot-80-kg-robust-bas-med-sandfyllning-for-48-mm-stanger-svart\/","og_site_name":"TRUUSK - Hem, Tr\u00e4dg\u00e5rd &amp; Fritid","article_modified_time":"2026-03-12T07:53:28+00:00","og_image":[{"width":2000,"height":2000,"url":"https:\/\/i0.wp.com\/truusk.se\/wp-content\/uploads\/2026\/03\/parasollfot-80-kg-sandfyllning-robust-bas-for-fristaende-och-48-mm-stanger-svart-1.webp?fit=2000%2C2000&ssl=1","type":"image\/webp"}],"twitter_card":"summary_large_image","twitter_misc":{"Ber\u00e4knad l\u00e4stid":"1 minut"},"schema":{"@context":"https:\/\/schema.org","@graph":[{"@type":"WebPage","@id":"https:\/\/truusk.store\/sv\/produkt\/truusk-parasollfot-80-kg-robust-bas-med-sandfyllning-for-48-mm-stanger-svart\/","url":"https:\/\/truusk.store\/sv\/produkt\/truusk-parasollfot-80-kg-robust-bas-med-sandfyllning-for-48-mm-stanger-svart\/","name":"TRUUSK Parasollfot 80 kg - Robust bas med sandfyllning - F\u00f6r 48 mm st\u00e4nger - Svart - TRUUSK - Hem, Tr\u00e4dg\u00e5rd &amp; Fritid","isPartOf":{"@id":"https:\/\/truusk.store\/sv\/#website"},"primaryImageOfPage":{"@id":"https:\/\/truusk.store\/sv\/produkt\/truusk-parasollfot-80-kg-robust-bas-med-sandfyllning-for-48-mm-stanger-svart\/#primaryimage"},"image":{"@id":"https:\/\/truusk.store\/sv\/produkt\/truusk-parasollfot-80-kg-robust-bas-med-sandfyllning-for-48-mm-stanger-svart\/#primaryimage"},"thumbnailUrl":"https:\/\/i0.wp.com\/truusk.store\/wp-content\/uploads\/2026\/03\/parasollfot-80-kg-sandfyllning-robust-bas-for-fristaende-och-48-mm-stanger-svart-1.webp?fit=2000%2C2000&ssl=1","datePublished":"2026-03-11T13:36:57+00:00","dateModified":"2026-03-12T07:53:28+00:00","breadcrumb":{"@id":"https:\/\/truusk.store\/sv\/produkt\/truusk-parasollfot-80-kg-robust-bas-med-sandfyllning-for-48-mm-stanger-svart\/#breadcrumb"},"inLanguage":"sv-SE","potentialAction":[{"@type":"ReadAction","target":["https:\/\/truusk.store\/sv\/produkt\/truusk-parasollfot-80-kg-robust-bas-med-sandfyllning-for-48-mm-stanger-svart\/"]}]},{"@type":"ImageObject","inLanguage":"sv-SE","@id":"https:\/\/truusk.store\/sv\/produkt\/truusk-parasollfot-80-kg-robust-bas-med-sandfyllning-for-48-mm-stanger-svart\/#primaryimage","url":"https:\/\/i0.wp.com\/truusk.store\/wp-content\/uploads\/2026\/03\/parasollfot-80-kg-sandfyllning-robust-bas-for-fristaende-och-48-mm-stanger-svart-1.webp?fit=2000%2C2000&ssl=1","contentUrl":"https:\/\/i0.wp.com\/truusk.store\/wp-content\/uploads\/2026\/03\/parasollfot-80-kg-sandfyllning-robust-bas-for-fristaende-och-48-mm-stanger-svart-1.webp?fit=2000%2C2000&ssl=1","width":2000,"height":2000},{"@type":"BreadcrumbList","@id":"https:\/\/truusk.store\/sv\/produkt\/truusk-parasollfot-80-kg-robust-bas-med-sandfyllning-for-48-mm-stanger-svart\/#breadcrumb","itemListElement":[{"@type":"ListItem","position":1,"name":"Home","item":"https:\/\/truusk.store\/sv\/"},{"@type":"ListItem","position":2,"name":"Shop","item":"https:\/\/truusk.store\/shop\/"},{"@type":"ListItem","position":3,"name":"TRUUSK Parasollfot 80 kg &#8211; Robust bas med sandfyllning &#8211; F\u00f6r 48 mm st\u00e4nger &#8211; Svart"}]},{"@type":"WebSite","@id":"https:\/\/truusk.store\/sv\/#website","url":"https:\/\/truusk.store\/sv\/","name":"TRUUSK - Hem, Tr\u00e4dg\u00e5rd & Fritid","description":"","publisher":{"@id":"https:\/\/truusk.store\/sv\/#organization"},"potentialAction":[{"@type":"SearchAction","target":{"@type":"EntryPoint","urlTemplate":"https:\/\/truusk.store\/sv\/?s={search_term_string}"},"query-input":{"@type":"PropertyValueSpecification","valueRequired":true,"valueName":"search_term_string"}}],"inLanguage":"sv-SE"},{"@type":"Organization","@id":"https:\/\/truusk.store\/sv\/#organization","name":"TRUUSK - Hem, Tr\u00e4dg\u00e5rd & Fritid","url":"https:\/\/truusk.store\/sv\/","logo":{"@type":"ImageObject","inLanguage":"sv-SE","@id":"https:\/\/truusk.store\/sv\/#\/schema\/logo\/image\/","url":"https:\/\/i0.wp.com\/truusk.store\/wp-content\/uploads\/2026\/03\/cropped-TRUUSK.png?fit=2032%2C917&ssl=1","contentUrl":"https:\/\/i0.wp.com\/truusk.store\/wp-content\/uploads\/2026\/03\/cropped-TRUUSK.png?fit=2032%2C917&ssl=1","width":2032,"height":917,"caption":"TRUUSK - Hem, Tr\u00e4dg\u00e5rd & Fritid"},"image":{"@id":"https:\/\/truusk.store\/sv\/#\/schema\/logo\/image\/"}}]}},"jetpack_sharing_enabled":true,"_links":{"self":[{"href":"https:\/\/truusk.store\/sv\/wp-json\/wp\/v2\/product\/108703","targetHints":{"allow":["GET"]}}],"collection":[{"href":"https:\/\/truusk.store\/sv\/wp-json\/wp\/v2\/product"}],"about":[{"href":"https:\/\/truusk.store\/sv\/wp-json\/wp\/v2\/types\/product"}],"wp:featuredmedia":[{"embeddable":true,"href":"https:\/\/truusk.store\/sv\/wp-json\/wp\/v2\/media\/108691"}],"wp:attachment":[{"href":"https:\/\/truusk.store\/sv\/wp-json\/wp\/v2\/media?parent=108703"}],"wp:term":[{"taxonomy":"product_brand","embeddable":true,"href":"https:\/\/truusk.store\/sv\/wp-json\/wp\/v2\/product_brand?post=108703"},{"taxonomy":"product_cat","embeddable":true,"href":"https:\/\/truusk.store\/sv\/wp-json\/wp\/v2\/product_cat?post=108703"},{"taxonomy":"product_tag","embeddable":true,"href":"https:\/\/truusk.store\/sv\/wp-json\/wp\/v2\/product_tag?post=108703"}],"curies":[{"name":"wp","href":"https:\/\/api.w.org\/{rel}","templated":true}]}}