{"id":108743,"date":"2026-03-11T14:40:52","date_gmt":"2026-03-11T13:40:52","guid":{"rendered":"https:\/\/truusk.store\/product\/planteringskarl-for-utomhus-och-inomhusvaxter-sjalvbevattning-hangande-planteringskarl-med-metallkedjor-4-stycken-svart\/"},"modified":"2026-03-12T08:53:30","modified_gmt":"2026-03-12T07:53:30","slug":"truusk-hangande-planteringskarl-sjalvbevattning-metallkedjor-4-pack-svart","status":"publish","type":"product","link":"https:\/\/truusk.store\/sv\/produkt\/truusk-hangande-planteringskarl-sjalvbevattning-metallkedjor-4-pack-svart\/","title":{"rendered":"TRUUSK H\u00e4ngande Planteringsk\u00e4rl &#8211; Sj\u00e4lvbevattning &#8211; Metallkedjor &#8211; 4-pack &#8211; Svart"},"content":{"rendered":"<p>L\u00e4mnar din fulla kalender dina v\u00e4xter t\u00f6rstiga och din balkong kala? [BRAND NAME] krukor erbjuder l\u00f6sningen: Sj\u00e4lvbevattnande system hydratiserar v\u00e4xter, naturlig barkutseende ger charm. H\u00e4ng upp eller st\u00e4ll de fyra krukorna f\u00f6r att enkelt skapa den livliga, avkopplande oasen du \u00f6nskar.<\/p>\n<p>Beskrivning:<\/p>\n<ul>\n<li> Detta sparset inneh\u00e5ller fyra krukor i tv\u00e5 storlekar med kedjor f\u00f6r m\u00e5ngsidig h\u00e4ngande eller golvplacering<\/li>\n<li> Den unika svarta barkstrukturen ger dessa utomhuskrukor ett naturligt och dekorativt utseende<\/li>\n<li> Blomkrukans sj\u00e4lvbevattnande inre design minskar bevattningen och g\u00f6r v\u00e4xtv\u00e5rden enkel<\/li>\n<li> Anv\u00e4nd dem p\u00e5 din terrass eller inomhus med den avtagbara pluggen som reglerar dr\u00e4neringen och f\u00f6rhindrar l\u00e4ckage<\/li>\n<li> Presentera dem som h\u00e4ngande v\u00e4xtk\u00e4rl med de medf\u00f6ljande 39 cm l\u00e5nga metallkedjorna f\u00f6r ett upph\u00f6jt utseende<\/li>\n<li> Blomkrukor kan staplas inuti varandra n\u00e4r de inte anv\u00e4nds f\u00f6r att spara v\u00e4rdefullt lagringsutrymme<\/li>\n<li> Montering kr\u00e4vs<\/li>\n<\/ul>\n<p> Tekniska specifikationer:<\/p>\n<ul>\n<li> F\u00e4rg: Svart<\/li>\n<li> Material: Plast<\/li>\n<li> Totala dimensioner: \u00d828 x 15H cm (stor), \u00d825 x 13H cm (liten)<\/li>\n<li> Inre dimensioner av krukan: \u00d827 x 12H cm (stor), \u00d824 x 10H cm (liten)<\/li>\n<li> B\u00e4rkapacitet: 10 kg<\/li>\n<li> Notera: Det rekommenderas att installera plastpluggar inomhus f\u00f6r att undvika l\u00e4ckage.<\/li>\n<\/ul>\n<p>Leverans inneh\u00e5ller:<\/p>\n<ul>\n<li> 4 x v\u00e4xtk\u00e4rl;<\/li>\n<\/ul>\n","protected":false},"excerpt":{"rendered":"<p>L\u00e4mnar din fulla kalender dina v\u00e4xter t\u00f6rstiga och din balkong kala? [BRAND NAME] krukor erbjuder l\u00f6sningen: Sj\u00e4lvbevattnande system hydratiserar v\u00e4xter,&#8230;<\/p>\n","protected":false},"featured_media":108733,"template":"","meta":[],"product_brand":[],"product_cat":[976,924,858,443],"product_tag":[],"class_list":{"0":"post-108743","1":"product","2":"type-product","3":"status-publish","4":"has-post-thumbnail","6":"product_cat-blumenstander","7":"product_cat-plantkarl","8":"product_cat-tradgard-terrass","9":"product_cat-vaxthus-tradgardsskotsel","11":"first","12":"instock","13":"sale","14":"taxable","15":"shipping-taxable","16":"purchasable","17":"product-type-simple"},"yoast_head":"<!-- This site is optimized with the Yoast SEO plugin v25.4 - https:\/\/yoast.com\/wordpress\/plugins\/seo\/ -->\n<title>TRUUSK H\u00e4ngande Planteringsk\u00e4rl - Sj\u00e4lvbevattning - Metallkedjor - 4-pack - Svart - TRUUSK - Hem, Tr\u00e4dg\u00e5rd &amp; Fritid<\/title>\n<meta name=\"robots\" content=\"index, follow, max-snippet:-1, max-image-preview:large, max-video-preview:-1\" \/>\n<link rel=\"canonical\" href=\"https:\/\/truusk.store\/sv\/produkt\/truusk-hangande-planteringskarl-sjalvbevattning-metallkedjor-4-pack-svart\/\" \/>\n<meta property=\"og:locale\" content=\"sv_SE\" \/>\n<meta property=\"og:type\" content=\"article\" \/>\n<meta property=\"og:title\" content=\"TRUUSK H\u00e4ngande Planteringsk\u00e4rl - Sj\u00e4lvbevattning - Metallkedjor - 4-pack - Svart - TRUUSK - Hem, Tr\u00e4dg\u00e5rd &amp; Fritid\" \/>\n<meta property=\"og:description\" content=\"L\u00e4mnar din fulla kalender dina v\u00e4xter t\u00f6rstiga och din balkong kala? [BRAND NAME] krukor erbjuder l\u00f6sningen: Sj\u00e4lvbevattnande system hydratiserar v\u00e4xter,...\" \/>\n<meta property=\"og:url\" content=\"https:\/\/truusk.store\/sv\/produkt\/truusk-hangande-planteringskarl-sjalvbevattning-metallkedjor-4-pack-svart\/\" \/>\n<meta property=\"og:site_name\" content=\"TRUUSK - Hem, Tr\u00e4dg\u00e5rd &amp; Fritid\" \/>\n<meta property=\"article:modified_time\" content=\"2026-03-12T07:53:30+00:00\" \/>\n<meta property=\"og:image\" content=\"https:\/\/i0.wp.com\/truusk.se\/wp-content\/uploads\/2026\/03\/planteringskarl-for-utomhus-och-inomhusvaxter-sjalvbevattning-hangande-planteringskarl-med-metallkedjor-4-stycken-svart-1.webp?fit=2000%2C2000&ssl=1\" \/>\n\t<meta property=\"og:image:width\" content=\"2000\" \/>\n\t<meta property=\"og:image:height\" content=\"2000\" \/>\n\t<meta property=\"og:image:type\" content=\"image\/webp\" \/>\n<meta name=\"twitter:card\" content=\"summary_large_image\" \/>\n<meta name=\"twitter:label1\" content=\"Ber\u00e4knad l\u00e4stid\" \/>\n\t<meta name=\"twitter:data1\" content=\"1 minut\" \/>\n<!-- \/ Yoast SEO plugin. -->","yoast_head_json":{"title":"TRUUSK H\u00e4ngande Planteringsk\u00e4rl - Sj\u00e4lvbevattning - Metallkedjor - 4-pack - Svart - TRUUSK - Hem, Tr\u00e4dg\u00e5rd &amp; Fritid","robots":{"index":"index","follow":"follow","max-snippet":"max-snippet:-1","max-image-preview":"max-image-preview:large","max-video-preview":"max-video-preview:-1"},"canonical":"https:\/\/truusk.store\/sv\/produkt\/truusk-hangande-planteringskarl-sjalvbevattning-metallkedjor-4-pack-svart\/","og_locale":"sv_SE","og_type":"article","og_title":"TRUUSK H\u00e4ngande Planteringsk\u00e4rl - Sj\u00e4lvbevattning - Metallkedjor - 4-pack - Svart - TRUUSK - Hem, Tr\u00e4dg\u00e5rd &amp; Fritid","og_description":"L\u00e4mnar din fulla kalender dina v\u00e4xter t\u00f6rstiga och din balkong kala? [BRAND NAME] krukor erbjuder l\u00f6sningen: Sj\u00e4lvbevattnande system hydratiserar v\u00e4xter,...","og_url":"https:\/\/truusk.store\/sv\/produkt\/truusk-hangande-planteringskarl-sjalvbevattning-metallkedjor-4-pack-svart\/","og_site_name":"TRUUSK - Hem, Tr\u00e4dg\u00e5rd &amp; Fritid","article_modified_time":"2026-03-12T07:53:30+00:00","og_image":[{"width":2000,"height":2000,"url":"https:\/\/i0.wp.com\/truusk.se\/wp-content\/uploads\/2026\/03\/planteringskarl-for-utomhus-och-inomhusvaxter-sjalvbevattning-hangande-planteringskarl-med-metallkedjor-4-stycken-svart-1.webp?fit=2000%2C2000&ssl=1","type":"image\/webp"}],"twitter_card":"summary_large_image","twitter_misc":{"Ber\u00e4knad l\u00e4stid":"1 minut"},"schema":{"@context":"https:\/\/schema.org","@graph":[{"@type":"WebPage","@id":"https:\/\/truusk.store\/sv\/produkt\/truusk-hangande-planteringskarl-sjalvbevattning-metallkedjor-4-pack-svart\/","url":"https:\/\/truusk.store\/sv\/produkt\/truusk-hangande-planteringskarl-sjalvbevattning-metallkedjor-4-pack-svart\/","name":"TRUUSK H\u00e4ngande Planteringsk\u00e4rl - Sj\u00e4lvbevattning - Metallkedjor - 4-pack - Svart - TRUUSK - Hem, Tr\u00e4dg\u00e5rd &amp; Fritid","isPartOf":{"@id":"https:\/\/truusk.store\/sv\/#website"},"primaryImageOfPage":{"@id":"https:\/\/truusk.store\/sv\/produkt\/truusk-hangande-planteringskarl-sjalvbevattning-metallkedjor-4-pack-svart\/#primaryimage"},"image":{"@id":"https:\/\/truusk.store\/sv\/produkt\/truusk-hangande-planteringskarl-sjalvbevattning-metallkedjor-4-pack-svart\/#primaryimage"},"thumbnailUrl":"https:\/\/i0.wp.com\/truusk.store\/wp-content\/uploads\/2026\/03\/planteringskarl-for-utomhus-och-inomhusvaxter-sjalvbevattning-hangande-planteringskarl-med-metallkedjor-4-stycken-svart-1.webp?fit=2000%2C2000&ssl=1","datePublished":"2026-03-11T13:40:52+00:00","dateModified":"2026-03-12T07:53:30+00:00","breadcrumb":{"@id":"https:\/\/truusk.store\/sv\/produkt\/truusk-hangande-planteringskarl-sjalvbevattning-metallkedjor-4-pack-svart\/#breadcrumb"},"inLanguage":"sv-SE","potentialAction":[{"@type":"ReadAction","target":["https:\/\/truusk.store\/sv\/produkt\/truusk-hangande-planteringskarl-sjalvbevattning-metallkedjor-4-pack-svart\/"]}]},{"@type":"ImageObject","inLanguage":"sv-SE","@id":"https:\/\/truusk.store\/sv\/produkt\/truusk-hangande-planteringskarl-sjalvbevattning-metallkedjor-4-pack-svart\/#primaryimage","url":"https:\/\/i0.wp.com\/truusk.store\/wp-content\/uploads\/2026\/03\/planteringskarl-for-utomhus-och-inomhusvaxter-sjalvbevattning-hangande-planteringskarl-med-metallkedjor-4-stycken-svart-1.webp?fit=2000%2C2000&ssl=1","contentUrl":"https:\/\/i0.wp.com\/truusk.store\/wp-content\/uploads\/2026\/03\/planteringskarl-for-utomhus-och-inomhusvaxter-sjalvbevattning-hangande-planteringskarl-med-metallkedjor-4-stycken-svart-1.webp?fit=2000%2C2000&ssl=1","width":2000,"height":2000},{"@type":"BreadcrumbList","@id":"https:\/\/truusk.store\/sv\/produkt\/truusk-hangande-planteringskarl-sjalvbevattning-metallkedjor-4-pack-svart\/#breadcrumb","itemListElement":[{"@type":"ListItem","position":1,"name":"Home","item":"https:\/\/truusk.store\/sv\/"},{"@type":"ListItem","position":2,"name":"Shop","item":"https:\/\/truusk.store\/shop\/"},{"@type":"ListItem","position":3,"name":"TRUUSK H\u00e4ngande Planteringsk\u00e4rl &#8211; Sj\u00e4lvbevattning &#8211; Metallkedjor &#8211; 4-pack &#8211; Svart"}]},{"@type":"WebSite","@id":"https:\/\/truusk.store\/sv\/#website","url":"https:\/\/truusk.store\/sv\/","name":"TRUUSK - Hem, Tr\u00e4dg\u00e5rd & Fritid","description":"","publisher":{"@id":"https:\/\/truusk.store\/sv\/#organization"},"potentialAction":[{"@type":"SearchAction","target":{"@type":"EntryPoint","urlTemplate":"https:\/\/truusk.store\/sv\/?s={search_term_string}"},"query-input":{"@type":"PropertyValueSpecification","valueRequired":true,"valueName":"search_term_string"}}],"inLanguage":"sv-SE"},{"@type":"Organization","@id":"https:\/\/truusk.store\/sv\/#organization","name":"TRUUSK - Hem, Tr\u00e4dg\u00e5rd & Fritid","url":"https:\/\/truusk.store\/sv\/","logo":{"@type":"ImageObject","inLanguage":"sv-SE","@id":"https:\/\/truusk.store\/sv\/#\/schema\/logo\/image\/","url":"https:\/\/i0.wp.com\/truusk.store\/wp-content\/uploads\/2026\/03\/cropped-TRUUSK.png?fit=2032%2C917&ssl=1","contentUrl":"https:\/\/i0.wp.com\/truusk.store\/wp-content\/uploads\/2026\/03\/cropped-TRUUSK.png?fit=2032%2C917&ssl=1","width":2032,"height":917,"caption":"TRUUSK - Hem, Tr\u00e4dg\u00e5rd & Fritid"},"image":{"@id":"https:\/\/truusk.store\/sv\/#\/schema\/logo\/image\/"}}]}},"jetpack_sharing_enabled":true,"_links":{"self":[{"href":"https:\/\/truusk.store\/sv\/wp-json\/wp\/v2\/product\/108743","targetHints":{"allow":["GET"]}}],"collection":[{"href":"https:\/\/truusk.store\/sv\/wp-json\/wp\/v2\/product"}],"about":[{"href":"https:\/\/truusk.store\/sv\/wp-json\/wp\/v2\/types\/product"}],"wp:featuredmedia":[{"embeddable":true,"href":"https:\/\/truusk.store\/sv\/wp-json\/wp\/v2\/media\/108733"}],"wp:attachment":[{"href":"https:\/\/truusk.store\/sv\/wp-json\/wp\/v2\/media?parent=108743"}],"wp:term":[{"taxonomy":"product_brand","embeddable":true,"href":"https:\/\/truusk.store\/sv\/wp-json\/wp\/v2\/product_brand?post=108743"},{"taxonomy":"product_cat","embeddable":true,"href":"https:\/\/truusk.store\/sv\/wp-json\/wp\/v2\/product_cat?post=108743"},{"taxonomy":"product_tag","embeddable":true,"href":"https:\/\/truusk.store\/sv\/wp-json\/wp\/v2\/product_tag?post=108743"}],"curies":[{"name":"wp","href":"https:\/\/api.w.org\/{rel}","templated":true}]}}