{"id":108753,"date":"2026-03-11T14:41:51","date_gmt":"2026-03-11T13:41:51","guid":{"rendered":"https:\/\/truusk.store\/product\/rektangular-parasoll-balkongparasoll-med-3-vinklad-vev-strandparasoll-med-8-ribbor-183x122x222-cm-morkgra\/"},"modified":"2026-03-12T08:53:30","modified_gmt":"2026-03-12T07:53:30","slug":"truusk-rektangular-parasoll-balkongparasoll-3-vinklad-vev-strandparasoll-8-ribbor-183x122x222-cm-morkgra","status":"publish","type":"product","link":"https:\/\/truusk.store\/sv\/produkt\/truusk-rektangular-parasoll-balkongparasoll-3-vinklad-vev-strandparasoll-8-ribbor-183x122x222-cm-morkgra\/","title":{"rendered":"TRUUSK Rektangul\u00e4r Parasoll &#8211; Balkongparasoll &#8211; 3-vinklad Vev &#8211; Strandparasoll &#8211; 8 Ribbor &#8211; 183x122x222 Cm &#8211; M\u00f6rkgr\u00e5"},"content":{"rendered":"<p>Utnyttja ditt utomhusomr\u00e5de till fullo med denna eleganta rektangul\u00e4ra parasoll, l\u00e4mplig f\u00f6r balkonger eller mysiga h\u00f6rn. Det vattenavvisande polyestertaket h\u00e5ller dig torr och ger din milj\u00f6 stil. Redo f\u00f6r \u00e4ventyr? Den avtagbara masten och b\u00e4rv\u00e4skan g\u00f6r det l\u00e4tt att ta med skuggan till picknick eller campingresor. Med den smidiga vevfunktionen och den justerbara lutningsvinkeln h\u00e5ller du dig sval och bekv\u00e4m hela dagen!<\/p>\n<p>Beskrivning:<\/p>\n<ul>\n<li> Utrymmesbesparande rektangul\u00e4r design passar perfekt p\u00e5 balkonger eller mot v\u00e4ggar<\/li>\n<li> Vattenavvisande polyester tak ger skydd mot l\u00e4tt regn<\/li>\n<li> Matt ramyta ger ett elegant och stilfullt utseende utomhus<\/li>\n<li> Avtagbar stolpe och b\u00e4rv\u00e4ska m\u00f6jligg\u00f6r enkel portabilitet \u00f6verallt<\/li>\n<li> Vevmekanismen m\u00f6jligg\u00f6r smidig \u00f6ppning och st\u00e4ngning av taket<\/li>\n<li> Manuell lutningsfunktion justerar skuggan f\u00f6r att blockera direkt solljus<\/li>\n<li> Pulverlackerad metallstolpe ger h\u00e5llbarhet och l\u00e5ngvarig stabilitet<\/li>\n<li> Bas kr\u00e4vs separat f\u00f6r s\u00e4ker och stabil anv\u00e4ndning av parasollet.<\/li>\n<\/ul>\n<p> Tekniska specifikationer:<\/p>\n<ul>\n<li> F\u00e4rg: M\u00f6rkgr\u00e5<\/li>\n<li> Material: Metall, plast, polyester<\/li>\n<li> Parasollstorlek: 183L x 122B x 222H cm<\/li>\n<li> L\u00e4gre h\u00f6jd p\u00e5 parasollet: 192 cm<\/li>\n<li> Volangbredd: 15 cm<\/li>\n<li> OBS: Anv\u00e4nd inte parasollet vid extremt v\u00e4der (stark vind, kraftigt regn, sn\u00f6).<\/li>\n<\/ul>\n<p>Leveransinneh\u00e5ll:<\/p>\n<ul>\n<li> 1 x Terrassparasoll<\/li>\n<li> 1 x B\u00e4rv\u00e4ska<\/li>\n<li> 1 x Instruktion<\/li>\n<\/ul>\n","protected":false},"excerpt":{"rendered":"<p>Utnyttja ditt utomhusomr\u00e5de till fullo med denna eleganta rektangul\u00e4ra parasoll, l\u00e4mplig f\u00f6r balkonger eller mysiga h\u00f6rn. Det vattenavvisande polyestertaket h\u00e5ller&#8230;<\/p>\n","protected":false},"featured_media":108742,"template":"","meta":[],"product_brand":[],"product_cat":[472,862,858],"product_tag":[],"class_list":{"0":"post-108753","1":"product","2":"type-product","3":"status-publish","4":"has-post-thumbnail","6":"product_cat-parasoller","7":"product_cat-sol-insynsskydd","8":"product_cat-tradgard-terrass","10":"first","11":"instock","12":"sale","13":"taxable","14":"shipping-taxable","15":"purchasable","16":"product-type-simple"},"yoast_head":"<!-- This site is optimized with the Yoast SEO plugin v25.4 - https:\/\/yoast.com\/wordpress\/plugins\/seo\/ -->\n<title>TRUUSK Rektangul\u00e4r Parasoll - Balkongparasoll - 3-vinklad Vev - Strandparasoll - 8 Ribbor - 183x122x222 Cm - M\u00f6rkgr\u00e5 - TRUUSK - Hem, Tr\u00e4dg\u00e5rd &amp; Fritid<\/title>\n<meta name=\"robots\" content=\"index, follow, max-snippet:-1, max-image-preview:large, max-video-preview:-1\" \/>\n<link rel=\"canonical\" href=\"https:\/\/truusk.store\/sv\/produkt\/truusk-rektangular-parasoll-balkongparasoll-3-vinklad-vev-strandparasoll-8-ribbor-183x122x222-cm-morkgra\/\" \/>\n<meta property=\"og:locale\" content=\"sv_SE\" \/>\n<meta property=\"og:type\" content=\"article\" \/>\n<meta property=\"og:title\" content=\"TRUUSK Rektangul\u00e4r Parasoll - Balkongparasoll - 3-vinklad Vev - Strandparasoll - 8 Ribbor - 183x122x222 Cm - M\u00f6rkgr\u00e5 - TRUUSK - Hem, Tr\u00e4dg\u00e5rd &amp; Fritid\" \/>\n<meta property=\"og:description\" content=\"Utnyttja ditt utomhusomr\u00e5de till fullo med denna eleganta rektangul\u00e4ra parasoll, l\u00e4mplig f\u00f6r balkonger eller mysiga h\u00f6rn. Det vattenavvisande polyestertaket h\u00e5ller...\" \/>\n<meta property=\"og:url\" content=\"https:\/\/truusk.store\/sv\/produkt\/truusk-rektangular-parasoll-balkongparasoll-3-vinklad-vev-strandparasoll-8-ribbor-183x122x222-cm-morkgra\/\" \/>\n<meta property=\"og:site_name\" content=\"TRUUSK - Hem, Tr\u00e4dg\u00e5rd &amp; Fritid\" \/>\n<meta property=\"article:modified_time\" content=\"2026-03-12T07:53:30+00:00\" \/>\n<meta property=\"og:image\" content=\"https:\/\/i0.wp.com\/truusk.se\/wp-content\/uploads\/2026\/03\/rektangular-parasoll-balkongparasoll-med-3-vinklad-vev-strandparasoll-med-8-ribbor-183x122x222-cm-morkgra-1.webp?fit=2000%2C2000&ssl=1\" \/>\n\t<meta property=\"og:image:width\" content=\"2000\" \/>\n\t<meta property=\"og:image:height\" content=\"2000\" \/>\n\t<meta property=\"og:image:type\" content=\"image\/webp\" \/>\n<meta name=\"twitter:card\" content=\"summary_large_image\" \/>\n<meta name=\"twitter:label1\" content=\"Ber\u00e4knad l\u00e4stid\" \/>\n\t<meta name=\"twitter:data1\" content=\"1 minut\" \/>\n<!-- \/ Yoast SEO plugin. -->","yoast_head_json":{"title":"TRUUSK Rektangul\u00e4r Parasoll - Balkongparasoll - 3-vinklad Vev - Strandparasoll - 8 Ribbor - 183x122x222 Cm - M\u00f6rkgr\u00e5 - TRUUSK - Hem, Tr\u00e4dg\u00e5rd &amp; Fritid","robots":{"index":"index","follow":"follow","max-snippet":"max-snippet:-1","max-image-preview":"max-image-preview:large","max-video-preview":"max-video-preview:-1"},"canonical":"https:\/\/truusk.store\/sv\/produkt\/truusk-rektangular-parasoll-balkongparasoll-3-vinklad-vev-strandparasoll-8-ribbor-183x122x222-cm-morkgra\/","og_locale":"sv_SE","og_type":"article","og_title":"TRUUSK Rektangul\u00e4r Parasoll - Balkongparasoll - 3-vinklad Vev - Strandparasoll - 8 Ribbor - 183x122x222 Cm - M\u00f6rkgr\u00e5 - TRUUSK - Hem, Tr\u00e4dg\u00e5rd &amp; Fritid","og_description":"Utnyttja ditt utomhusomr\u00e5de till fullo med denna eleganta rektangul\u00e4ra parasoll, l\u00e4mplig f\u00f6r balkonger eller mysiga h\u00f6rn. Det vattenavvisande polyestertaket h\u00e5ller...","og_url":"https:\/\/truusk.store\/sv\/produkt\/truusk-rektangular-parasoll-balkongparasoll-3-vinklad-vev-strandparasoll-8-ribbor-183x122x222-cm-morkgra\/","og_site_name":"TRUUSK - Hem, Tr\u00e4dg\u00e5rd &amp; Fritid","article_modified_time":"2026-03-12T07:53:30+00:00","og_image":[{"width":2000,"height":2000,"url":"https:\/\/i0.wp.com\/truusk.se\/wp-content\/uploads\/2026\/03\/rektangular-parasoll-balkongparasoll-med-3-vinklad-vev-strandparasoll-med-8-ribbor-183x122x222-cm-morkgra-1.webp?fit=2000%2C2000&ssl=1","type":"image\/webp"}],"twitter_card":"summary_large_image","twitter_misc":{"Ber\u00e4knad l\u00e4stid":"1 minut"},"schema":{"@context":"https:\/\/schema.org","@graph":[{"@type":"WebPage","@id":"https:\/\/truusk.store\/sv\/produkt\/truusk-rektangular-parasoll-balkongparasoll-3-vinklad-vev-strandparasoll-8-ribbor-183x122x222-cm-morkgra\/","url":"https:\/\/truusk.store\/sv\/produkt\/truusk-rektangular-parasoll-balkongparasoll-3-vinklad-vev-strandparasoll-8-ribbor-183x122x222-cm-morkgra\/","name":"TRUUSK Rektangul\u00e4r Parasoll - Balkongparasoll - 3-vinklad Vev - Strandparasoll - 8 Ribbor - 183x122x222 Cm - M\u00f6rkgr\u00e5 - TRUUSK - Hem, Tr\u00e4dg\u00e5rd &amp; Fritid","isPartOf":{"@id":"https:\/\/truusk.store\/sv\/#website"},"primaryImageOfPage":{"@id":"https:\/\/truusk.store\/sv\/produkt\/truusk-rektangular-parasoll-balkongparasoll-3-vinklad-vev-strandparasoll-8-ribbor-183x122x222-cm-morkgra\/#primaryimage"},"image":{"@id":"https:\/\/truusk.store\/sv\/produkt\/truusk-rektangular-parasoll-balkongparasoll-3-vinklad-vev-strandparasoll-8-ribbor-183x122x222-cm-morkgra\/#primaryimage"},"thumbnailUrl":"https:\/\/i0.wp.com\/truusk.store\/wp-content\/uploads\/2026\/03\/rektangular-parasoll-balkongparasoll-med-3-vinklad-vev-strandparasoll-med-8-ribbor-183x122x222-cm-morkgra-1.webp?fit=2000%2C2000&ssl=1","datePublished":"2026-03-11T13:41:51+00:00","dateModified":"2026-03-12T07:53:30+00:00","breadcrumb":{"@id":"https:\/\/truusk.store\/sv\/produkt\/truusk-rektangular-parasoll-balkongparasoll-3-vinklad-vev-strandparasoll-8-ribbor-183x122x222-cm-morkgra\/#breadcrumb"},"inLanguage":"sv-SE","potentialAction":[{"@type":"ReadAction","target":["https:\/\/truusk.store\/sv\/produkt\/truusk-rektangular-parasoll-balkongparasoll-3-vinklad-vev-strandparasoll-8-ribbor-183x122x222-cm-morkgra\/"]}]},{"@type":"ImageObject","inLanguage":"sv-SE","@id":"https:\/\/truusk.store\/sv\/produkt\/truusk-rektangular-parasoll-balkongparasoll-3-vinklad-vev-strandparasoll-8-ribbor-183x122x222-cm-morkgra\/#primaryimage","url":"https:\/\/i0.wp.com\/truusk.store\/wp-content\/uploads\/2026\/03\/rektangular-parasoll-balkongparasoll-med-3-vinklad-vev-strandparasoll-med-8-ribbor-183x122x222-cm-morkgra-1.webp?fit=2000%2C2000&ssl=1","contentUrl":"https:\/\/i0.wp.com\/truusk.store\/wp-content\/uploads\/2026\/03\/rektangular-parasoll-balkongparasoll-med-3-vinklad-vev-strandparasoll-med-8-ribbor-183x122x222-cm-morkgra-1.webp?fit=2000%2C2000&ssl=1","width":2000,"height":2000},{"@type":"BreadcrumbList","@id":"https:\/\/truusk.store\/sv\/produkt\/truusk-rektangular-parasoll-balkongparasoll-3-vinklad-vev-strandparasoll-8-ribbor-183x122x222-cm-morkgra\/#breadcrumb","itemListElement":[{"@type":"ListItem","position":1,"name":"Home","item":"https:\/\/truusk.store\/sv\/"},{"@type":"ListItem","position":2,"name":"Shop","item":"https:\/\/truusk.store\/shop\/"},{"@type":"ListItem","position":3,"name":"TRUUSK Rektangul\u00e4r Parasoll &#8211; Balkongparasoll &#8211; 3-vinklad Vev &#8211; Strandparasoll &#8211; 8 Ribbor &#8211; 183x122x222 Cm &#8211; M\u00f6rkgr\u00e5"}]},{"@type":"WebSite","@id":"https:\/\/truusk.store\/sv\/#website","url":"https:\/\/truusk.store\/sv\/","name":"TRUUSK - Hem, Tr\u00e4dg\u00e5rd & Fritid","description":"","publisher":{"@id":"https:\/\/truusk.store\/sv\/#organization"},"potentialAction":[{"@type":"SearchAction","target":{"@type":"EntryPoint","urlTemplate":"https:\/\/truusk.store\/sv\/?s={search_term_string}"},"query-input":{"@type":"PropertyValueSpecification","valueRequired":true,"valueName":"search_term_string"}}],"inLanguage":"sv-SE"},{"@type":"Organization","@id":"https:\/\/truusk.store\/sv\/#organization","name":"TRUUSK - Hem, Tr\u00e4dg\u00e5rd & Fritid","url":"https:\/\/truusk.store\/sv\/","logo":{"@type":"ImageObject","inLanguage":"sv-SE","@id":"https:\/\/truusk.store\/sv\/#\/schema\/logo\/image\/","url":"https:\/\/i0.wp.com\/truusk.store\/wp-content\/uploads\/2026\/03\/cropped-TRUUSK.png?fit=2032%2C917&ssl=1","contentUrl":"https:\/\/i0.wp.com\/truusk.store\/wp-content\/uploads\/2026\/03\/cropped-TRUUSK.png?fit=2032%2C917&ssl=1","width":2032,"height":917,"caption":"TRUUSK - Hem, Tr\u00e4dg\u00e5rd & Fritid"},"image":{"@id":"https:\/\/truusk.store\/sv\/#\/schema\/logo\/image\/"}}]}},"jetpack_sharing_enabled":true,"_links":{"self":[{"href":"https:\/\/truusk.store\/sv\/wp-json\/wp\/v2\/product\/108753","targetHints":{"allow":["GET"]}}],"collection":[{"href":"https:\/\/truusk.store\/sv\/wp-json\/wp\/v2\/product"}],"about":[{"href":"https:\/\/truusk.store\/sv\/wp-json\/wp\/v2\/types\/product"}],"wp:featuredmedia":[{"embeddable":true,"href":"https:\/\/truusk.store\/sv\/wp-json\/wp\/v2\/media\/108742"}],"wp:attachment":[{"href":"https:\/\/truusk.store\/sv\/wp-json\/wp\/v2\/media?parent=108753"}],"wp:term":[{"taxonomy":"product_brand","embeddable":true,"href":"https:\/\/truusk.store\/sv\/wp-json\/wp\/v2\/product_brand?post=108753"},{"taxonomy":"product_cat","embeddable":true,"href":"https:\/\/truusk.store\/sv\/wp-json\/wp\/v2\/product_cat?post=108753"},{"taxonomy":"product_tag","embeddable":true,"href":"https:\/\/truusk.store\/sv\/wp-json\/wp\/v2\/product_tag?post=108753"}],"curies":[{"name":"wp","href":"https:\/\/api.w.org\/{rel}","templated":true}]}}