{"id":108773,"date":"2026-03-11T14:43:48","date_gmt":"2026-03-11T13:43:48","guid":{"rendered":"https:\/\/truusk.store\/product\/balkongmobelset-3-delat-tradgardsmobelset-med-bord-kuddar-justerbara-fotdynor-stalram-i-ljusgra\/"},"modified":"2026-03-12T08:53:32","modified_gmt":"2026-03-12T07:53:32","slug":"truusk-balkongmobelset-3-delat-tradgardsmobelset-med-bord-kuddar-justerbara-fotdynor-stalram-i-ljusgra","status":"publish","type":"product","link":"https:\/\/truusk.store\/sv\/produkt\/truusk-balkongmobelset-3-delat-tradgardsmobelset-med-bord-kuddar-justerbara-fotdynor-stalram-i-ljusgra\/","title":{"rendered":"TRUUSK Balkongm\u00f6belset 3-delat &#8211; Tr\u00e4dg\u00e5rdsm\u00f6belset med Bord &#8211; Kuddar &#8211; Justerbara Fotdynor &#8211; St\u00e5lram i Ljusgr\u00e5"},"content":{"rendered":"<p>Din uteplats verkar ofullst\u00e4ndig utan en bekv\u00e4m, stilfull plats att koppla av. Detta tr\u00e4dg\u00e5rdsm\u00f6belset med andningsbart n\u00e4t, mjuk dyna, robust st\u00e5lram och modern design erbjuder soffa-liknande komfort. [BRAND NAME] balkongm\u00f6belset f\u00f6rvandlar varje tr\u00e4dg\u00e5rd till en elegant oas och skapar ett h\u00e5llbart, chict avkopplingsomr\u00e5de.<\/p>\n<p>Beskrivning:<\/p>\n<ul>\n<li> Har en andningsbar Textilene-bas och en mjuk kudde f\u00f6r ultimat avkoppling<\/li>\n<li> Detta balkongm\u00f6belset inkluderar tv\u00e5 stolar och ett sidobord f\u00f6r en komplett upps\u00e4ttning<\/li>\n<li> Tillverkad av robusta, pulverlackerade, galvaniserade st\u00e5lramar som kan b\u00e4ra upp till 120 kg per stol<\/li>\n<li> Det innovativa lounge-designet med gr\u00f6na ramar och gr\u00e5a kuddar f\u00f6rb\u00e4ttrar alla terrasser eller poolomr\u00e5den<\/li>\n<li> Justerbara f\u00f6tter p\u00e5 stolarna ger stabilitet genom att kompensera f\u00f6r oj\u00e4mna ytor utomhus<\/li>\n<li> Montering kr\u00e4vs<\/li>\n<\/ul>\n<p> Tekniska specifikationer:<\/p>\n<ul>\n<li> F\u00e4rg: Ljusgr\u00e5+Gr\u00f6n<\/li>\n<li> Material: St\u00e5l, n\u00e4ttyg, polyester, PP-bomull<\/li>\n<li> Stolm\u00e5tt: 64B x 88T x 84H cm<\/li>\n<li> Bordm\u00e5tt: 42L x 42B x 43H cm<\/li>\n<li> Sitsstorlek: 50B x 59T cm<\/li>\n<li> Sitth\u00f6jd: 35 cm<\/li>\n<li> Ryggst\u00f6dsm\u00e5tt: 60L x 50B cm<\/li>\n<li> Sitsdynans m\u00e5tt: 58B x 120T x 8H cm<\/li>\n<li> Justerbara fotdynor: 5-10 mm<\/li>\n<li> Belastningskapacitet: 120 kg (stolar) 30 kg (bord)<\/li>\n<\/ul>\n<p>Ing\u00e5r i leveransen:<\/p>\n<ul>\n<li> 2 x Stolar<\/li>\n<li> 1 x Bord<\/li>\n<li> 2 x Sitsdynor<\/li>\n<li> 1 x Instruktioner<\/li>\n<\/ul>\n","protected":false},"excerpt":{"rendered":"<p>Din uteplats verkar ofullst\u00e4ndig utan en bekv\u00e4m, stilfull plats att koppla av. Detta tr\u00e4dg\u00e5rdsm\u00f6belset med andningsbart n\u00e4t, mjuk dyna, robust&#8230;<\/p>\n","protected":false},"featured_media":108761,"template":"","meta":[],"product_brand":[],"product_cat":[858,450,456],"product_tag":[],"class_list":{"0":"post-108773","1":"product","2":"type-product","3":"status-publish","4":"has-post-thumbnail","6":"product_cat-tradgard-terrass","7":"product_cat-tradgardsmobler","8":"product_cat-tradgardsmobler-set","10":"first","11":"instock","12":"sale","13":"taxable","14":"shipping-taxable","15":"purchasable","16":"product-type-simple"},"yoast_head":"<!-- This site is optimized with the Yoast SEO plugin v25.4 - https:\/\/yoast.com\/wordpress\/plugins\/seo\/ -->\n<title>TRUUSK Balkongm\u00f6belset 3-delat - Tr\u00e4dg\u00e5rdsm\u00f6belset med Bord - Kuddar - Justerbara Fotdynor - St\u00e5lram i Ljusgr\u00e5 - TRUUSK - Hem, Tr\u00e4dg\u00e5rd &amp; Fritid<\/title>\n<meta name=\"robots\" content=\"index, follow, max-snippet:-1, max-image-preview:large, max-video-preview:-1\" \/>\n<link rel=\"canonical\" href=\"https:\/\/truusk.store\/sv\/produkt\/truusk-balkongmobelset-3-delat-tradgardsmobelset-med-bord-kuddar-justerbara-fotdynor-stalram-i-ljusgra\/\" \/>\n<meta property=\"og:locale\" content=\"sv_SE\" \/>\n<meta property=\"og:type\" content=\"article\" \/>\n<meta property=\"og:title\" content=\"TRUUSK Balkongm\u00f6belset 3-delat - Tr\u00e4dg\u00e5rdsm\u00f6belset med Bord - Kuddar - Justerbara Fotdynor - St\u00e5lram i Ljusgr\u00e5 - TRUUSK - Hem, Tr\u00e4dg\u00e5rd &amp; Fritid\" \/>\n<meta property=\"og:description\" content=\"Din uteplats verkar ofullst\u00e4ndig utan en bekv\u00e4m, stilfull plats att koppla av. Detta tr\u00e4dg\u00e5rdsm\u00f6belset med andningsbart n\u00e4t, mjuk dyna, robust...\" \/>\n<meta property=\"og:url\" content=\"https:\/\/truusk.store\/sv\/produkt\/truusk-balkongmobelset-3-delat-tradgardsmobelset-med-bord-kuddar-justerbara-fotdynor-stalram-i-ljusgra\/\" \/>\n<meta property=\"og:site_name\" content=\"TRUUSK - Hem, Tr\u00e4dg\u00e5rd &amp; Fritid\" \/>\n<meta property=\"article:modified_time\" content=\"2026-03-12T07:53:32+00:00\" \/>\n<meta property=\"og:image\" content=\"https:\/\/i0.wp.com\/truusk.se\/wp-content\/uploads\/2026\/03\/balkongmobelset-3-delat-tradgardsmobelset-med-bord-kuddar-justerbara-fotdynor-stalram-i-ljusgra-1.webp?fit=2000%2C2000&ssl=1\" \/>\n\t<meta property=\"og:image:width\" content=\"2000\" \/>\n\t<meta property=\"og:image:height\" content=\"2000\" \/>\n\t<meta property=\"og:image:type\" content=\"image\/webp\" \/>\n<meta name=\"twitter:card\" content=\"summary_large_image\" \/>\n<meta name=\"twitter:label1\" content=\"Ber\u00e4knad l\u00e4stid\" \/>\n\t<meta name=\"twitter:data1\" content=\"1 minut\" \/>\n<!-- \/ Yoast SEO plugin. -->","yoast_head_json":{"title":"TRUUSK Balkongm\u00f6belset 3-delat - Tr\u00e4dg\u00e5rdsm\u00f6belset med Bord - Kuddar - Justerbara Fotdynor - St\u00e5lram i Ljusgr\u00e5 - TRUUSK - Hem, Tr\u00e4dg\u00e5rd &amp; Fritid","robots":{"index":"index","follow":"follow","max-snippet":"max-snippet:-1","max-image-preview":"max-image-preview:large","max-video-preview":"max-video-preview:-1"},"canonical":"https:\/\/truusk.store\/sv\/produkt\/truusk-balkongmobelset-3-delat-tradgardsmobelset-med-bord-kuddar-justerbara-fotdynor-stalram-i-ljusgra\/","og_locale":"sv_SE","og_type":"article","og_title":"TRUUSK Balkongm\u00f6belset 3-delat - Tr\u00e4dg\u00e5rdsm\u00f6belset med Bord - Kuddar - Justerbara Fotdynor - St\u00e5lram i Ljusgr\u00e5 - TRUUSK - Hem, Tr\u00e4dg\u00e5rd &amp; Fritid","og_description":"Din uteplats verkar ofullst\u00e4ndig utan en bekv\u00e4m, stilfull plats att koppla av. Detta tr\u00e4dg\u00e5rdsm\u00f6belset med andningsbart n\u00e4t, mjuk dyna, robust...","og_url":"https:\/\/truusk.store\/sv\/produkt\/truusk-balkongmobelset-3-delat-tradgardsmobelset-med-bord-kuddar-justerbara-fotdynor-stalram-i-ljusgra\/","og_site_name":"TRUUSK - Hem, Tr\u00e4dg\u00e5rd &amp; Fritid","article_modified_time":"2026-03-12T07:53:32+00:00","og_image":[{"width":2000,"height":2000,"url":"https:\/\/i0.wp.com\/truusk.se\/wp-content\/uploads\/2026\/03\/balkongmobelset-3-delat-tradgardsmobelset-med-bord-kuddar-justerbara-fotdynor-stalram-i-ljusgra-1.webp?fit=2000%2C2000&ssl=1","type":"image\/webp"}],"twitter_card":"summary_large_image","twitter_misc":{"Ber\u00e4knad l\u00e4stid":"1 minut"},"schema":{"@context":"https:\/\/schema.org","@graph":[{"@type":"WebPage","@id":"https:\/\/truusk.store\/sv\/produkt\/truusk-balkongmobelset-3-delat-tradgardsmobelset-med-bord-kuddar-justerbara-fotdynor-stalram-i-ljusgra\/","url":"https:\/\/truusk.store\/sv\/produkt\/truusk-balkongmobelset-3-delat-tradgardsmobelset-med-bord-kuddar-justerbara-fotdynor-stalram-i-ljusgra\/","name":"TRUUSK Balkongm\u00f6belset 3-delat - Tr\u00e4dg\u00e5rdsm\u00f6belset med Bord - Kuddar - Justerbara Fotdynor - St\u00e5lram i Ljusgr\u00e5 - TRUUSK - Hem, Tr\u00e4dg\u00e5rd &amp; Fritid","isPartOf":{"@id":"https:\/\/truusk.store\/sv\/#website"},"primaryImageOfPage":{"@id":"https:\/\/truusk.store\/sv\/produkt\/truusk-balkongmobelset-3-delat-tradgardsmobelset-med-bord-kuddar-justerbara-fotdynor-stalram-i-ljusgra\/#primaryimage"},"image":{"@id":"https:\/\/truusk.store\/sv\/produkt\/truusk-balkongmobelset-3-delat-tradgardsmobelset-med-bord-kuddar-justerbara-fotdynor-stalram-i-ljusgra\/#primaryimage"},"thumbnailUrl":"https:\/\/i0.wp.com\/truusk.store\/wp-content\/uploads\/2026\/03\/balkongmobelset-3-delat-tradgardsmobelset-med-bord-kuddar-justerbara-fotdynor-stalram-i-ljusgra-1.webp?fit=2000%2C2000&ssl=1","datePublished":"2026-03-11T13:43:48+00:00","dateModified":"2026-03-12T07:53:32+00:00","breadcrumb":{"@id":"https:\/\/truusk.store\/sv\/produkt\/truusk-balkongmobelset-3-delat-tradgardsmobelset-med-bord-kuddar-justerbara-fotdynor-stalram-i-ljusgra\/#breadcrumb"},"inLanguage":"sv-SE","potentialAction":[{"@type":"ReadAction","target":["https:\/\/truusk.store\/sv\/produkt\/truusk-balkongmobelset-3-delat-tradgardsmobelset-med-bord-kuddar-justerbara-fotdynor-stalram-i-ljusgra\/"]}]},{"@type":"ImageObject","inLanguage":"sv-SE","@id":"https:\/\/truusk.store\/sv\/produkt\/truusk-balkongmobelset-3-delat-tradgardsmobelset-med-bord-kuddar-justerbara-fotdynor-stalram-i-ljusgra\/#primaryimage","url":"https:\/\/i0.wp.com\/truusk.store\/wp-content\/uploads\/2026\/03\/balkongmobelset-3-delat-tradgardsmobelset-med-bord-kuddar-justerbara-fotdynor-stalram-i-ljusgra-1.webp?fit=2000%2C2000&ssl=1","contentUrl":"https:\/\/i0.wp.com\/truusk.store\/wp-content\/uploads\/2026\/03\/balkongmobelset-3-delat-tradgardsmobelset-med-bord-kuddar-justerbara-fotdynor-stalram-i-ljusgra-1.webp?fit=2000%2C2000&ssl=1","width":2000,"height":2000},{"@type":"BreadcrumbList","@id":"https:\/\/truusk.store\/sv\/produkt\/truusk-balkongmobelset-3-delat-tradgardsmobelset-med-bord-kuddar-justerbara-fotdynor-stalram-i-ljusgra\/#breadcrumb","itemListElement":[{"@type":"ListItem","position":1,"name":"Home","item":"https:\/\/truusk.store\/sv\/"},{"@type":"ListItem","position":2,"name":"Shop","item":"https:\/\/truusk.store\/shop\/"},{"@type":"ListItem","position":3,"name":"TRUUSK Balkongm\u00f6belset 3-delat &#8211; Tr\u00e4dg\u00e5rdsm\u00f6belset med Bord &#8211; Kuddar &#8211; Justerbara Fotdynor &#8211; St\u00e5lram i Ljusgr\u00e5"}]},{"@type":"WebSite","@id":"https:\/\/truusk.store\/sv\/#website","url":"https:\/\/truusk.store\/sv\/","name":"TRUUSK - Hem, Tr\u00e4dg\u00e5rd & Fritid","description":"","publisher":{"@id":"https:\/\/truusk.store\/sv\/#organization"},"potentialAction":[{"@type":"SearchAction","target":{"@type":"EntryPoint","urlTemplate":"https:\/\/truusk.store\/sv\/?s={search_term_string}"},"query-input":{"@type":"PropertyValueSpecification","valueRequired":true,"valueName":"search_term_string"}}],"inLanguage":"sv-SE"},{"@type":"Organization","@id":"https:\/\/truusk.store\/sv\/#organization","name":"TRUUSK - Hem, Tr\u00e4dg\u00e5rd & Fritid","url":"https:\/\/truusk.store\/sv\/","logo":{"@type":"ImageObject","inLanguage":"sv-SE","@id":"https:\/\/truusk.store\/sv\/#\/schema\/logo\/image\/","url":"https:\/\/i0.wp.com\/truusk.store\/wp-content\/uploads\/2026\/03\/cropped-TRUUSK.png?fit=2032%2C917&ssl=1","contentUrl":"https:\/\/i0.wp.com\/truusk.store\/wp-content\/uploads\/2026\/03\/cropped-TRUUSK.png?fit=2032%2C917&ssl=1","width":2032,"height":917,"caption":"TRUUSK - Hem, Tr\u00e4dg\u00e5rd & Fritid"},"image":{"@id":"https:\/\/truusk.store\/sv\/#\/schema\/logo\/image\/"}}]}},"jetpack_sharing_enabled":true,"_links":{"self":[{"href":"https:\/\/truusk.store\/sv\/wp-json\/wp\/v2\/product\/108773","targetHints":{"allow":["GET"]}}],"collection":[{"href":"https:\/\/truusk.store\/sv\/wp-json\/wp\/v2\/product"}],"about":[{"href":"https:\/\/truusk.store\/sv\/wp-json\/wp\/v2\/types\/product"}],"wp:featuredmedia":[{"embeddable":true,"href":"https:\/\/truusk.store\/sv\/wp-json\/wp\/v2\/media\/108761"}],"wp:attachment":[{"href":"https:\/\/truusk.store\/sv\/wp-json\/wp\/v2\/media?parent=108773"}],"wp:term":[{"taxonomy":"product_brand","embeddable":true,"href":"https:\/\/truusk.store\/sv\/wp-json\/wp\/v2\/product_brand?post=108773"},{"taxonomy":"product_cat","embeddable":true,"href":"https:\/\/truusk.store\/sv\/wp-json\/wp\/v2\/product_cat?post=108773"},{"taxonomy":"product_tag","embeddable":true,"href":"https:\/\/truusk.store\/sv\/wp-json\/wp\/v2\/product_tag?post=108773"}],"curies":[{"name":"wp","href":"https:\/\/api.w.org\/{rel}","templated":true}]}}