{"id":108783,"date":"2026-03-11T14:44:49","date_gmt":"2026-03-11T13:44:49","guid":{"rendered":"https:\/\/truusk.store\/product\/2-pack-hangande-blomkruka-plantkruka-med-draneringssystem-hal-krok-42-x-16-x-15-cm-ljusgra\/"},"modified":"2026-03-12T08:53:32","modified_gmt":"2026-03-12T07:53:32","slug":"truusk-2-pack-hangande-blomkruka-med-draneringssystem-med-hal-for-krok-42-x-16-x-15-cm-ljusgra","status":"publish","type":"product","link":"https:\/\/truusk.store\/sv\/produkt\/truusk-2-pack-hangande-blomkruka-med-draneringssystem-med-hal-for-krok-42-x-16-x-15-cm-ljusgra\/","title":{"rendered":"TRUUSK 2-pack H\u00e4ngande Blomkruka Med Dr\u00e4neringssystem &#8211; Med H\u00e5l f\u00f6r Krok &#8211; 42 x 16 x 15 cm &#8211; Ljusgr\u00e5"},"content":{"rendered":"<p>L\u00e4ngtar du efter gr\u00f6nt, men en liten balkong och en hektisk vardag begr\u00e4nsar dig? [BRAND NAME] utomhuskrukor h\u00e4nger p\u00e5 r\u00e4cken eller st\u00e5r p\u00e5 f\u00f6nsterbr\u00e4dor. Deras sj\u00e4lvbevattningsystem ger konstant fuktighet, och en avloppsplugg g\u00f6r dem l\u00e4mpliga f\u00f6r inomhus- och utomhusomr\u00e5den &#8211; f\u00f6r optimalt sk\u00f6tta v\u00e4xter och jordar, utan oordning.<\/p>\n<p>Beskrivning:<\/p>\n<ul>\n<li> Spara plats genom att h\u00e4nga dessa plantkrukor p\u00e5 8-13 cm breda r\u00e4cken eller v\u00e4ggar<\/li>\n<li> Sj\u00e4lvbevattningsystem med en inre kruka minskar behovet av frekvent vattning<\/li>\n<li> Inneh\u00e5ller en avtagbar plugg f\u00f6r avloppsh\u00e5let, idealisk f\u00f6r inomhus- eller utomhusbruk<\/li>\n<li> F\u00e5 ett set med tv\u00e5 moderna, ljusgr\u00e5a planteringsk\u00e4rl f\u00f6r en symmetrisk dekoration<\/li>\n<li> Tillverkad av slitstark plast, sparar denna stapelbara utomhusblomkruka lagringsutrymme n\u00e4r den inte anv\u00e4nds<\/li>\n<li> Montering kr\u00e4vs<\/li>\n<\/ul>\n<p> Tekniska specifikationer:<\/p>\n<ul>\n<li> F\u00e4rg: Ljusgr\u00e5<\/li>\n<li> Material: Plast<\/li>\n<li> Totala dimensioner: 42B x 16T x 15H cm<\/li>\n<li> Inre dimensioner av krukan: 38B x 13,5T x 11H cm<\/li>\n<li> B\u00e4rkapacitet: 10 kg<\/li>\n<\/ul>\n<p>Ing\u00e5r i leveransen:<\/p>\n<ul>\n<li> 2 x planteringsk\u00e4rl;<\/li>\n<\/ul>\n","protected":false},"excerpt":{"rendered":"<p>L\u00e4ngtar du efter gr\u00f6nt, men en liten balkong och en hektisk vardag begr\u00e4nsar dig? [BRAND NAME] utomhuskrukor h\u00e4nger p\u00e5 r\u00e4cken&#8230;<\/p>\n","protected":false},"featured_media":108771,"template":"","meta":[],"product_brand":[],"product_cat":[976,924,858,443],"product_tag":[],"class_list":{"0":"post-108783","1":"product","2":"type-product","3":"status-publish","4":"has-post-thumbnail","6":"product_cat-blumenstander","7":"product_cat-plantkarl","8":"product_cat-tradgard-terrass","9":"product_cat-vaxthus-tradgardsskotsel","11":"first","12":"instock","13":"sale","14":"taxable","15":"shipping-taxable","16":"purchasable","17":"product-type-simple"},"yoast_head":"<!-- This site is optimized with the Yoast SEO plugin v25.4 - https:\/\/yoast.com\/wordpress\/plugins\/seo\/ -->\n<title>TRUUSK 2-pack H\u00e4ngande Blomkruka Med Dr\u00e4neringssystem - Med H\u00e5l f\u00f6r Krok - 42 x 16 x 15 cm - Ljusgr\u00e5 - TRUUSK - Hem, Tr\u00e4dg\u00e5rd &amp; Fritid<\/title>\n<meta name=\"robots\" content=\"index, follow, max-snippet:-1, max-image-preview:large, max-video-preview:-1\" \/>\n<link rel=\"canonical\" href=\"https:\/\/truusk.store\/sv\/produkt\/truusk-2-pack-hangande-blomkruka-med-draneringssystem-med-hal-for-krok-42-x-16-x-15-cm-ljusgra\/\" \/>\n<meta property=\"og:locale\" content=\"sv_SE\" \/>\n<meta property=\"og:type\" content=\"article\" \/>\n<meta property=\"og:title\" content=\"TRUUSK 2-pack H\u00e4ngande Blomkruka Med Dr\u00e4neringssystem - Med H\u00e5l f\u00f6r Krok - 42 x 16 x 15 cm - Ljusgr\u00e5 - TRUUSK - Hem, Tr\u00e4dg\u00e5rd &amp; Fritid\" \/>\n<meta property=\"og:description\" content=\"L\u00e4ngtar du efter gr\u00f6nt, men en liten balkong och en hektisk vardag begr\u00e4nsar dig? [BRAND NAME] utomhuskrukor h\u00e4nger p\u00e5 r\u00e4cken...\" \/>\n<meta property=\"og:url\" content=\"https:\/\/truusk.store\/sv\/produkt\/truusk-2-pack-hangande-blomkruka-med-draneringssystem-med-hal-for-krok-42-x-16-x-15-cm-ljusgra\/\" \/>\n<meta property=\"og:site_name\" content=\"TRUUSK - Hem, Tr\u00e4dg\u00e5rd &amp; Fritid\" \/>\n<meta property=\"article:modified_time\" content=\"2026-03-12T07:53:32+00:00\" \/>\n<meta property=\"og:image\" content=\"https:\/\/i0.wp.com\/truusk.se\/wp-content\/uploads\/2026\/03\/2-pack-hangande-blomkruka-plantkruka-med-draneringssystem-hal-krok-42-x-16-x-15-cm-ljusgra-1.webp?fit=2000%2C2000&ssl=1\" \/>\n\t<meta property=\"og:image:width\" content=\"2000\" \/>\n\t<meta property=\"og:image:height\" content=\"2000\" \/>\n\t<meta property=\"og:image:type\" content=\"image\/webp\" \/>\n<meta name=\"twitter:card\" content=\"summary_large_image\" \/>\n<meta name=\"twitter:label1\" content=\"Ber\u00e4knad l\u00e4stid\" \/>\n\t<meta name=\"twitter:data1\" content=\"1 minut\" \/>\n<!-- \/ Yoast SEO plugin. -->","yoast_head_json":{"title":"TRUUSK 2-pack H\u00e4ngande Blomkruka Med Dr\u00e4neringssystem - Med H\u00e5l f\u00f6r Krok - 42 x 16 x 15 cm - Ljusgr\u00e5 - TRUUSK - Hem, Tr\u00e4dg\u00e5rd &amp; Fritid","robots":{"index":"index","follow":"follow","max-snippet":"max-snippet:-1","max-image-preview":"max-image-preview:large","max-video-preview":"max-video-preview:-1"},"canonical":"https:\/\/truusk.store\/sv\/produkt\/truusk-2-pack-hangande-blomkruka-med-draneringssystem-med-hal-for-krok-42-x-16-x-15-cm-ljusgra\/","og_locale":"sv_SE","og_type":"article","og_title":"TRUUSK 2-pack H\u00e4ngande Blomkruka Med Dr\u00e4neringssystem - Med H\u00e5l f\u00f6r Krok - 42 x 16 x 15 cm - Ljusgr\u00e5 - TRUUSK - Hem, Tr\u00e4dg\u00e5rd &amp; Fritid","og_description":"L\u00e4ngtar du efter gr\u00f6nt, men en liten balkong och en hektisk vardag begr\u00e4nsar dig? [BRAND NAME] utomhuskrukor h\u00e4nger p\u00e5 r\u00e4cken...","og_url":"https:\/\/truusk.store\/sv\/produkt\/truusk-2-pack-hangande-blomkruka-med-draneringssystem-med-hal-for-krok-42-x-16-x-15-cm-ljusgra\/","og_site_name":"TRUUSK - Hem, Tr\u00e4dg\u00e5rd &amp; Fritid","article_modified_time":"2026-03-12T07:53:32+00:00","og_image":[{"width":2000,"height":2000,"url":"https:\/\/i0.wp.com\/truusk.se\/wp-content\/uploads\/2026\/03\/2-pack-hangande-blomkruka-plantkruka-med-draneringssystem-hal-krok-42-x-16-x-15-cm-ljusgra-1.webp?fit=2000%2C2000&ssl=1","type":"image\/webp"}],"twitter_card":"summary_large_image","twitter_misc":{"Ber\u00e4knad l\u00e4stid":"1 minut"},"schema":{"@context":"https:\/\/schema.org","@graph":[{"@type":"WebPage","@id":"https:\/\/truusk.store\/sv\/produkt\/truusk-2-pack-hangande-blomkruka-med-draneringssystem-med-hal-for-krok-42-x-16-x-15-cm-ljusgra\/","url":"https:\/\/truusk.store\/sv\/produkt\/truusk-2-pack-hangande-blomkruka-med-draneringssystem-med-hal-for-krok-42-x-16-x-15-cm-ljusgra\/","name":"TRUUSK 2-pack H\u00e4ngande Blomkruka Med Dr\u00e4neringssystem - Med H\u00e5l f\u00f6r Krok - 42 x 16 x 15 cm - Ljusgr\u00e5 - TRUUSK - Hem, Tr\u00e4dg\u00e5rd &amp; Fritid","isPartOf":{"@id":"https:\/\/truusk.store\/sv\/#website"},"primaryImageOfPage":{"@id":"https:\/\/truusk.store\/sv\/produkt\/truusk-2-pack-hangande-blomkruka-med-draneringssystem-med-hal-for-krok-42-x-16-x-15-cm-ljusgra\/#primaryimage"},"image":{"@id":"https:\/\/truusk.store\/sv\/produkt\/truusk-2-pack-hangande-blomkruka-med-draneringssystem-med-hal-for-krok-42-x-16-x-15-cm-ljusgra\/#primaryimage"},"thumbnailUrl":"https:\/\/i0.wp.com\/truusk.store\/wp-content\/uploads\/2026\/03\/2-pack-hangande-blomkruka-plantkruka-med-draneringssystem-hal-krok-42-x-16-x-15-cm-ljusgra-1.webp?fit=2000%2C2000&ssl=1","datePublished":"2026-03-11T13:44:49+00:00","dateModified":"2026-03-12T07:53:32+00:00","breadcrumb":{"@id":"https:\/\/truusk.store\/sv\/produkt\/truusk-2-pack-hangande-blomkruka-med-draneringssystem-med-hal-for-krok-42-x-16-x-15-cm-ljusgra\/#breadcrumb"},"inLanguage":"sv-SE","potentialAction":[{"@type":"ReadAction","target":["https:\/\/truusk.store\/sv\/produkt\/truusk-2-pack-hangande-blomkruka-med-draneringssystem-med-hal-for-krok-42-x-16-x-15-cm-ljusgra\/"]}]},{"@type":"ImageObject","inLanguage":"sv-SE","@id":"https:\/\/truusk.store\/sv\/produkt\/truusk-2-pack-hangande-blomkruka-med-draneringssystem-med-hal-for-krok-42-x-16-x-15-cm-ljusgra\/#primaryimage","url":"https:\/\/i0.wp.com\/truusk.store\/wp-content\/uploads\/2026\/03\/2-pack-hangande-blomkruka-plantkruka-med-draneringssystem-hal-krok-42-x-16-x-15-cm-ljusgra-1.webp?fit=2000%2C2000&ssl=1","contentUrl":"https:\/\/i0.wp.com\/truusk.store\/wp-content\/uploads\/2026\/03\/2-pack-hangande-blomkruka-plantkruka-med-draneringssystem-hal-krok-42-x-16-x-15-cm-ljusgra-1.webp?fit=2000%2C2000&ssl=1","width":2000,"height":2000},{"@type":"BreadcrumbList","@id":"https:\/\/truusk.store\/sv\/produkt\/truusk-2-pack-hangande-blomkruka-med-draneringssystem-med-hal-for-krok-42-x-16-x-15-cm-ljusgra\/#breadcrumb","itemListElement":[{"@type":"ListItem","position":1,"name":"Home","item":"https:\/\/truusk.store\/sv\/"},{"@type":"ListItem","position":2,"name":"Shop","item":"https:\/\/truusk.store\/shop\/"},{"@type":"ListItem","position":3,"name":"TRUUSK 2-pack H\u00e4ngande Blomkruka Med Dr\u00e4neringssystem &#8211; Med H\u00e5l f\u00f6r Krok &#8211; 42 x 16 x 15 cm &#8211; Ljusgr\u00e5"}]},{"@type":"WebSite","@id":"https:\/\/truusk.store\/sv\/#website","url":"https:\/\/truusk.store\/sv\/","name":"TRUUSK - Hem, Tr\u00e4dg\u00e5rd & Fritid","description":"","publisher":{"@id":"https:\/\/truusk.store\/sv\/#organization"},"potentialAction":[{"@type":"SearchAction","target":{"@type":"EntryPoint","urlTemplate":"https:\/\/truusk.store\/sv\/?s={search_term_string}"},"query-input":{"@type":"PropertyValueSpecification","valueRequired":true,"valueName":"search_term_string"}}],"inLanguage":"sv-SE"},{"@type":"Organization","@id":"https:\/\/truusk.store\/sv\/#organization","name":"TRUUSK - Hem, Tr\u00e4dg\u00e5rd & Fritid","url":"https:\/\/truusk.store\/sv\/","logo":{"@type":"ImageObject","inLanguage":"sv-SE","@id":"https:\/\/truusk.store\/sv\/#\/schema\/logo\/image\/","url":"https:\/\/i0.wp.com\/truusk.store\/wp-content\/uploads\/2026\/03\/cropped-TRUUSK.png?fit=2032%2C917&ssl=1","contentUrl":"https:\/\/i0.wp.com\/truusk.store\/wp-content\/uploads\/2026\/03\/cropped-TRUUSK.png?fit=2032%2C917&ssl=1","width":2032,"height":917,"caption":"TRUUSK - Hem, Tr\u00e4dg\u00e5rd & Fritid"},"image":{"@id":"https:\/\/truusk.store\/sv\/#\/schema\/logo\/image\/"}}]}},"jetpack_sharing_enabled":true,"_links":{"self":[{"href":"https:\/\/truusk.store\/sv\/wp-json\/wp\/v2\/product\/108783","targetHints":{"allow":["GET"]}}],"collection":[{"href":"https:\/\/truusk.store\/sv\/wp-json\/wp\/v2\/product"}],"about":[{"href":"https:\/\/truusk.store\/sv\/wp-json\/wp\/v2\/types\/product"}],"wp:featuredmedia":[{"embeddable":true,"href":"https:\/\/truusk.store\/sv\/wp-json\/wp\/v2\/media\/108771"}],"wp:attachment":[{"href":"https:\/\/truusk.store\/sv\/wp-json\/wp\/v2\/media?parent=108783"}],"wp:term":[{"taxonomy":"product_brand","embeddable":true,"href":"https:\/\/truusk.store\/sv\/wp-json\/wp\/v2\/product_brand?post=108783"},{"taxonomy":"product_cat","embeddable":true,"href":"https:\/\/truusk.store\/sv\/wp-json\/wp\/v2\/product_cat?post=108783"},{"taxonomy":"product_tag","embeddable":true,"href":"https:\/\/truusk.store\/sv\/wp-json\/wp\/v2\/product_tag?post=108783"}],"curies":[{"name":"wp","href":"https:\/\/api.w.org\/{rel}","templated":true}]}}