{"id":108793,"date":"2026-03-11T14:45:52","date_gmt":"2026-03-11T13:45:52","guid":{"rendered":"https:\/\/truusk.store\/product\/hollywoodgunga-3-sits-tradgardsgunga-i-tra-tragunga-med-sittkudde-hyllor-upp-till-330kg-forkolnad\/"},"modified":"2026-03-12T08:53:33","modified_gmt":"2026-03-12T07:53:33","slug":"truusk-hollywoodgunga-3-sits-tradgardsgunga-i-tra-med-sittkudde-hyllor-upp-till-330kg-forkolnad","status":"publish","type":"product","link":"https:\/\/truusk.store\/sv\/produkt\/truusk-hollywoodgunga-3-sits-tradgardsgunga-i-tra-med-sittkudde-hyllor-upp-till-330kg-forkolnad\/","title":{"rendered":"TRUUSK Hollywoodgunga &#8211; 3-sits Tr\u00e4dg\u00e5rdsgunga i Tr\u00e4 &#8211; Med Sittkudde &#8211; Hyllor &#8211; Upp Till 330kg &#8211; F\u00f6rkolnad"},"content":{"rendered":"<p>Slappna av och koppla av utomhus med [BRAND NAME] tr\u00e4 Hollywood-sv\u00e4ng. Ergonomiskt utformad f\u00f6r upp till 3 personer, har den en l\u00e4tt lutande ryggst\u00f6d, en bred sittplats och st\u00f6djande armst\u00f6d f\u00f6r mysig komfort, medan det tjocka, vadderade kuddet ger extra lyx. Idealisk f\u00f6r avkopplande timmar utomhus, inkluderar den praktiska inbyggda sidobord f\u00f6r drycker eller andra redskap, och det avtagbara kudd\u00f6verdraget underl\u00e4ttar reng\u00f6ring.<\/p>\n<p>Beskrivning:<\/p>\n<ul>\n<li> Ergonomisk design ger ett st\u00f6djande och tryckavlastande sittplats<\/li>\n<li> Tjockt vadderad skumstoppning ger l\u00e5ngvarig avkoppling och komfort utomhus<\/li>\n<li> Inbyggda sidobord erbjuder praktisk f\u00f6rvaring f\u00f6r drycker eller f\u00f6rem\u00e5l<\/li>\n<li> Avtagbar polyesterkudde f\u00f6r Hollywood-sv\u00e4ngen m\u00f6jligg\u00f6r enkel reng\u00f6ring och underh\u00e5ll<\/li>\n<li> Justerbart kedjesystem anpassar sitt h\u00f6jd och sv\u00e4ngvinkel utan anstr\u00e4ngning<\/li>\n<li> S\u00e4kerhetskarbiner garanterar en stabil och mjuk sv\u00e4ngning f\u00f6r extra s\u00e4kerhet<\/li>\n<li> Ram av grantr\u00e4 med lackering motst\u00e5r fukt, sprickor och yttre p\u00e5verkan<\/li>\n<li> Massiv tr\u00e4struktur b\u00e4r upp till 330 kg f\u00f6r p\u00e5litlig h\u00e5llbarhet.<\/li>\n<\/ul>\n<p> Tekniska data:<\/p>\n<ul>\n<li> F\u00e4rg: Kolad<\/li>\n<li> Material: Grantr\u00e4<\/li>\n<li> Totala dimensioner: 243B x 134T x 170H cm<\/li>\n<li> Kuddm\u00e5tt: 142L x 41B x 6T cm<\/li>\n<li> Sittstorlek: 153B x 63T x 53H cm<\/li>\n<li> Sitt h\u00f6jd: 41-59 cm<\/li>\n<li> Ryggst\u00f6dsm\u00e5tt: 45B x 142L cm<\/li>\n<li> Sidobordsm\u00e5tt: 52L x 22B cm<\/li>\n<li> Belastningskapacitet: 330 kg<\/li>\n<\/ul>\n<p>Leveransinneh\u00e5ll:<\/p>\n<ul>\n<li> 1 x Gungstol<\/li>\n<li> 1 x Sittkudde<\/li>\n<li> 1 x Instruktion<\/li>\n<li>Viktigt: Vi levererar artikeln till dig kostnadsfritt till trottoarkanten. Var v\u00e4nlig och se till att adressen och telefonnumret \u00e4r korrekt..<\/li>\n<\/ul>\n","protected":false},"excerpt":{"rendered":"<p>Slappna av och koppla av utomhus med [BRAND NAME] tr\u00e4 Hollywood-sv\u00e4ng. Ergonomiskt utformad f\u00f6r upp till 3 personer, har den&#8230;<\/p>\n","protected":false},"featured_media":108781,"template":"","meta":[],"product_brand":[],"product_cat":[453,858,450],"product_tag":[],"class_list":{"0":"post-108793","1":"product","2":"type-product","3":"status-publish","4":"has-post-thumbnail","6":"product_cat-hollywood-gungor","7":"product_cat-tradgard-terrass","8":"product_cat-tradgardsmobler","10":"first","11":"instock","12":"sale","13":"taxable","14":"shipping-taxable","15":"purchasable","16":"product-type-simple"},"yoast_head":"<!-- This site is optimized with the Yoast SEO plugin v25.4 - https:\/\/yoast.com\/wordpress\/plugins\/seo\/ -->\n<title>TRUUSK Hollywoodgunga - 3-sits Tr\u00e4dg\u00e5rdsgunga i Tr\u00e4 - Med Sittkudde - Hyllor - Upp Till 330kg - F\u00f6rkolnad - TRUUSK - Hem, Tr\u00e4dg\u00e5rd &amp; Fritid<\/title>\n<meta name=\"robots\" content=\"index, follow, max-snippet:-1, max-image-preview:large, max-video-preview:-1\" \/>\n<link rel=\"canonical\" href=\"https:\/\/truusk.store\/sv\/produkt\/truusk-hollywoodgunga-3-sits-tradgardsgunga-i-tra-med-sittkudde-hyllor-upp-till-330kg-forkolnad\/\" \/>\n<meta property=\"og:locale\" content=\"sv_SE\" \/>\n<meta property=\"og:type\" content=\"article\" \/>\n<meta property=\"og:title\" content=\"TRUUSK Hollywoodgunga - 3-sits Tr\u00e4dg\u00e5rdsgunga i Tr\u00e4 - Med Sittkudde - Hyllor - Upp Till 330kg - F\u00f6rkolnad - TRUUSK - Hem, Tr\u00e4dg\u00e5rd &amp; Fritid\" \/>\n<meta property=\"og:description\" content=\"Slappna av och koppla av utomhus med [BRAND NAME] tr\u00e4 Hollywood-sv\u00e4ng. Ergonomiskt utformad f\u00f6r upp till 3 personer, har den...\" \/>\n<meta property=\"og:url\" content=\"https:\/\/truusk.store\/sv\/produkt\/truusk-hollywoodgunga-3-sits-tradgardsgunga-i-tra-med-sittkudde-hyllor-upp-till-330kg-forkolnad\/\" \/>\n<meta property=\"og:site_name\" content=\"TRUUSK - Hem, Tr\u00e4dg\u00e5rd &amp; Fritid\" \/>\n<meta property=\"article:modified_time\" content=\"2026-03-12T07:53:33+00:00\" \/>\n<meta property=\"og:image\" content=\"https:\/\/i0.wp.com\/truusk.se\/wp-content\/uploads\/2026\/03\/hollywoodgunga-3-sits-tradgardsgunga-i-tra-tragunga-med-sittkudde-hyllor-upp-till-330kg-forkolnad-1.webp?fit=2000%2C2000&ssl=1\" \/>\n\t<meta property=\"og:image:width\" content=\"2000\" \/>\n\t<meta property=\"og:image:height\" content=\"2000\" \/>\n\t<meta property=\"og:image:type\" content=\"image\/webp\" \/>\n<meta name=\"twitter:card\" content=\"summary_large_image\" \/>\n<meta name=\"twitter:label1\" content=\"Ber\u00e4knad l\u00e4stid\" \/>\n\t<meta name=\"twitter:data1\" content=\"1 minut\" \/>\n<!-- \/ Yoast SEO plugin. -->","yoast_head_json":{"title":"TRUUSK Hollywoodgunga - 3-sits Tr\u00e4dg\u00e5rdsgunga i Tr\u00e4 - Med Sittkudde - Hyllor - Upp Till 330kg - F\u00f6rkolnad - TRUUSK - Hem, Tr\u00e4dg\u00e5rd &amp; Fritid","robots":{"index":"index","follow":"follow","max-snippet":"max-snippet:-1","max-image-preview":"max-image-preview:large","max-video-preview":"max-video-preview:-1"},"canonical":"https:\/\/truusk.store\/sv\/produkt\/truusk-hollywoodgunga-3-sits-tradgardsgunga-i-tra-med-sittkudde-hyllor-upp-till-330kg-forkolnad\/","og_locale":"sv_SE","og_type":"article","og_title":"TRUUSK Hollywoodgunga - 3-sits Tr\u00e4dg\u00e5rdsgunga i Tr\u00e4 - Med Sittkudde - Hyllor - Upp Till 330kg - F\u00f6rkolnad - TRUUSK - Hem, Tr\u00e4dg\u00e5rd &amp; Fritid","og_description":"Slappna av och koppla av utomhus med [BRAND NAME] tr\u00e4 Hollywood-sv\u00e4ng. Ergonomiskt utformad f\u00f6r upp till 3 personer, har den...","og_url":"https:\/\/truusk.store\/sv\/produkt\/truusk-hollywoodgunga-3-sits-tradgardsgunga-i-tra-med-sittkudde-hyllor-upp-till-330kg-forkolnad\/","og_site_name":"TRUUSK - Hem, Tr\u00e4dg\u00e5rd &amp; Fritid","article_modified_time":"2026-03-12T07:53:33+00:00","og_image":[{"width":2000,"height":2000,"url":"https:\/\/i0.wp.com\/truusk.se\/wp-content\/uploads\/2026\/03\/hollywoodgunga-3-sits-tradgardsgunga-i-tra-tragunga-med-sittkudde-hyllor-upp-till-330kg-forkolnad-1.webp?fit=2000%2C2000&ssl=1","type":"image\/webp"}],"twitter_card":"summary_large_image","twitter_misc":{"Ber\u00e4knad l\u00e4stid":"1 minut"},"schema":{"@context":"https:\/\/schema.org","@graph":[{"@type":"WebPage","@id":"https:\/\/truusk.store\/sv\/produkt\/truusk-hollywoodgunga-3-sits-tradgardsgunga-i-tra-med-sittkudde-hyllor-upp-till-330kg-forkolnad\/","url":"https:\/\/truusk.store\/sv\/produkt\/truusk-hollywoodgunga-3-sits-tradgardsgunga-i-tra-med-sittkudde-hyllor-upp-till-330kg-forkolnad\/","name":"TRUUSK Hollywoodgunga - 3-sits Tr\u00e4dg\u00e5rdsgunga i Tr\u00e4 - Med Sittkudde - Hyllor - Upp Till 330kg - F\u00f6rkolnad - TRUUSK - Hem, Tr\u00e4dg\u00e5rd &amp; Fritid","isPartOf":{"@id":"https:\/\/truusk.store\/sv\/#website"},"primaryImageOfPage":{"@id":"https:\/\/truusk.store\/sv\/produkt\/truusk-hollywoodgunga-3-sits-tradgardsgunga-i-tra-med-sittkudde-hyllor-upp-till-330kg-forkolnad\/#primaryimage"},"image":{"@id":"https:\/\/truusk.store\/sv\/produkt\/truusk-hollywoodgunga-3-sits-tradgardsgunga-i-tra-med-sittkudde-hyllor-upp-till-330kg-forkolnad\/#primaryimage"},"thumbnailUrl":"https:\/\/i0.wp.com\/truusk.store\/wp-content\/uploads\/2026\/03\/hollywoodgunga-3-sits-tradgardsgunga-i-tra-tragunga-med-sittkudde-hyllor-upp-till-330kg-forkolnad-1.webp?fit=2000%2C2000&ssl=1","datePublished":"2026-03-11T13:45:52+00:00","dateModified":"2026-03-12T07:53:33+00:00","breadcrumb":{"@id":"https:\/\/truusk.store\/sv\/produkt\/truusk-hollywoodgunga-3-sits-tradgardsgunga-i-tra-med-sittkudde-hyllor-upp-till-330kg-forkolnad\/#breadcrumb"},"inLanguage":"sv-SE","potentialAction":[{"@type":"ReadAction","target":["https:\/\/truusk.store\/sv\/produkt\/truusk-hollywoodgunga-3-sits-tradgardsgunga-i-tra-med-sittkudde-hyllor-upp-till-330kg-forkolnad\/"]}]},{"@type":"ImageObject","inLanguage":"sv-SE","@id":"https:\/\/truusk.store\/sv\/produkt\/truusk-hollywoodgunga-3-sits-tradgardsgunga-i-tra-med-sittkudde-hyllor-upp-till-330kg-forkolnad\/#primaryimage","url":"https:\/\/i0.wp.com\/truusk.store\/wp-content\/uploads\/2026\/03\/hollywoodgunga-3-sits-tradgardsgunga-i-tra-tragunga-med-sittkudde-hyllor-upp-till-330kg-forkolnad-1.webp?fit=2000%2C2000&ssl=1","contentUrl":"https:\/\/i0.wp.com\/truusk.store\/wp-content\/uploads\/2026\/03\/hollywoodgunga-3-sits-tradgardsgunga-i-tra-tragunga-med-sittkudde-hyllor-upp-till-330kg-forkolnad-1.webp?fit=2000%2C2000&ssl=1","width":2000,"height":2000},{"@type":"BreadcrumbList","@id":"https:\/\/truusk.store\/sv\/produkt\/truusk-hollywoodgunga-3-sits-tradgardsgunga-i-tra-med-sittkudde-hyllor-upp-till-330kg-forkolnad\/#breadcrumb","itemListElement":[{"@type":"ListItem","position":1,"name":"Home","item":"https:\/\/truusk.store\/sv\/"},{"@type":"ListItem","position":2,"name":"Shop","item":"https:\/\/truusk.store\/shop\/"},{"@type":"ListItem","position":3,"name":"TRUUSK Hollywoodgunga &#8211; 3-sits Tr\u00e4dg\u00e5rdsgunga i Tr\u00e4 &#8211; Med Sittkudde &#8211; Hyllor &#8211; Upp Till 330kg &#8211; F\u00f6rkolnad"}]},{"@type":"WebSite","@id":"https:\/\/truusk.store\/sv\/#website","url":"https:\/\/truusk.store\/sv\/","name":"TRUUSK - Hem, Tr\u00e4dg\u00e5rd & Fritid","description":"","publisher":{"@id":"https:\/\/truusk.store\/sv\/#organization"},"potentialAction":[{"@type":"SearchAction","target":{"@type":"EntryPoint","urlTemplate":"https:\/\/truusk.store\/sv\/?s={search_term_string}"},"query-input":{"@type":"PropertyValueSpecification","valueRequired":true,"valueName":"search_term_string"}}],"inLanguage":"sv-SE"},{"@type":"Organization","@id":"https:\/\/truusk.store\/sv\/#organization","name":"TRUUSK - Hem, Tr\u00e4dg\u00e5rd & Fritid","url":"https:\/\/truusk.store\/sv\/","logo":{"@type":"ImageObject","inLanguage":"sv-SE","@id":"https:\/\/truusk.store\/sv\/#\/schema\/logo\/image\/","url":"https:\/\/i0.wp.com\/truusk.store\/wp-content\/uploads\/2026\/03\/cropped-TRUUSK.png?fit=2032%2C917&ssl=1","contentUrl":"https:\/\/i0.wp.com\/truusk.store\/wp-content\/uploads\/2026\/03\/cropped-TRUUSK.png?fit=2032%2C917&ssl=1","width":2032,"height":917,"caption":"TRUUSK - Hem, Tr\u00e4dg\u00e5rd & Fritid"},"image":{"@id":"https:\/\/truusk.store\/sv\/#\/schema\/logo\/image\/"}}]}},"jetpack_sharing_enabled":true,"_links":{"self":[{"href":"https:\/\/truusk.store\/sv\/wp-json\/wp\/v2\/product\/108793","targetHints":{"allow":["GET"]}}],"collection":[{"href":"https:\/\/truusk.store\/sv\/wp-json\/wp\/v2\/product"}],"about":[{"href":"https:\/\/truusk.store\/sv\/wp-json\/wp\/v2\/types\/product"}],"wp:featuredmedia":[{"embeddable":true,"href":"https:\/\/truusk.store\/sv\/wp-json\/wp\/v2\/media\/108781"}],"wp:attachment":[{"href":"https:\/\/truusk.store\/sv\/wp-json\/wp\/v2\/media?parent=108793"}],"wp:term":[{"taxonomy":"product_brand","embeddable":true,"href":"https:\/\/truusk.store\/sv\/wp-json\/wp\/v2\/product_brand?post=108793"},{"taxonomy":"product_cat","embeddable":true,"href":"https:\/\/truusk.store\/sv\/wp-json\/wp\/v2\/product_cat?post=108793"},{"taxonomy":"product_tag","embeddable":true,"href":"https:\/\/truusk.store\/sv\/wp-json\/wp\/v2\/product_tag?post=108793"}],"curies":[{"name":"wp","href":"https:\/\/api.w.org\/{rel}","templated":true}]}}