{"id":108803,"date":"2026-03-11T14:46:53","date_gmt":"2026-03-11T13:46:53","guid":{"rendered":"https:\/\/truusk.store\/product\/rund-parasoll-balkongparasoll-strandparasoll-med-3-faldig-lutning-vev-8-ribbor-o265-x-235h-cm-himmelsbla\/"},"modified":"2026-03-12T08:53:33","modified_gmt":"2026-03-12T07:53:33","slug":"truusk-strandparasoll-med-3-faldig-lutning-vevbar-8-ribbor-o265-x-235h-cm-himmelsbla","status":"publish","type":"product","link":"https:\/\/truusk.store\/sv\/produkt\/truusk-strandparasoll-med-3-faldig-lutning-vevbar-8-ribbor-o265-x-235h-cm-himmelsbla\/","title":{"rendered":"TRUUSK Strandparasoll med 3-faldig lutning &#8211; Vevbar &#8211; 8 ribbor &#8211; \u00d8265 x 235H cm &#8211; Himmelsbl\u00e5"},"content":{"rendered":"<p>St\u00f6r solen st\u00e4ndigt din avkoppling utomhus? [BRAND NAME] tr\u00e4dg\u00e5rdsparasoll l\u00f6ser problemet: Tack vare den trestegs lutningsjusteringen \u00e4r du bekv\u00e4mt skyddad. Den eleganta 15 cm volangdesignen och den 265 cm breda parasollen skapar en fredlig oas. Perfekt f\u00f6r ost\u00f6rd fritid och \u00e4ven idealisk som parasoll f\u00f6r balkongen.<\/p>\n<p>Beskrivning:<\/p>\n<ul>\n<li> Njut av rikligt med skugga under det 265 cm stora parasollet med en elegant 15 cm volang<\/li>\n<li> Den innovativa trepositions lutningsmekanismen justerar sig 30\u00b0 \u00e5t v\u00e4nster eller h\u00f6ger och ger hela dagen solskydd<\/li>\n<li> Balkongparasollet har en h\u00e5llbar, pulverlackerad metallram med \u00e5tta stabila ribbor f\u00f6r extra stabilitet, idealisk som balkongparasoll<\/li>\n<li> En \u00f6vre ventilations\u00f6ppning fr\u00e4mjar luftcirkulationen och \u00f6kar stabiliteten p\u00e5 denna terrassparasoll p\u00e5 bl\u00e5siga dagar<\/li>\n<li> \u00d6ppna och st\u00e4ng parasollets tak utan anstr\u00e4ngning med det praktiska och smidiga vevhandtagssystemet<\/li>\n<li> Observera att en bas inte ing\u00e5r och m\u00e5ste k\u00f6pas separat<\/li>\n<li> Montering kr\u00e4vs<\/li>\n<\/ul>\n<p> Tekniska data:<\/p>\n<ul>\n<li> F\u00e4rg: Himmelsbl\u00e5+Svart<\/li>\n<li> Material: Metall, Polypropen, Polyester<\/li>\n<li> Parasollstorlek: \u00d8265 x 235H cm<\/li>\n<li> H\u00f6jd p\u00e5 parasollets underdel: 176 cm<\/li>\n<li> Volangbredd: 15 cm<\/li>\n<li> OBS: Anv\u00e4nd inte parasollet under extrema v\u00e4derf\u00f6rh\u00e5llanden (stark vind, kraftigt regn, sn\u00f6)<\/li>\n<\/ul>\n<p>Leveransinneh\u00e5ll:<\/p>\n<ul>\n<li> 1 x Parasoll<\/li>\n<li> 1 x Bruksanvisning<\/li>\n<\/ul>\n","protected":false},"excerpt":{"rendered":"<p>St\u00f6r solen st\u00e4ndigt din avkoppling utomhus? [BRAND NAME] tr\u00e4dg\u00e5rdsparasoll l\u00f6ser problemet: Tack vare den trestegs lutningsjusteringen \u00e4r du bekv\u00e4mt skyddad&#8230;.<\/p>\n","protected":false},"featured_media":108792,"template":"","meta":[],"product_brand":[],"product_cat":[472,862,858],"product_tag":[],"class_list":{"0":"post-108803","1":"product","2":"type-product","3":"status-publish","4":"has-post-thumbnail","6":"product_cat-parasoller","7":"product_cat-sol-insynsskydd","8":"product_cat-tradgard-terrass","10":"first","11":"instock","12":"sale","13":"taxable","14":"shipping-taxable","15":"purchasable","16":"product-type-simple"},"yoast_head":"<!-- This site is optimized with the Yoast SEO plugin v25.4 - https:\/\/yoast.com\/wordpress\/plugins\/seo\/ -->\n<title>TRUUSK Strandparasoll med 3-faldig lutning - Vevbar - 8 ribbor - \u00d8265 x 235H cm - Himmelsbl\u00e5 - TRUUSK - Hem, Tr\u00e4dg\u00e5rd &amp; Fritid<\/title>\n<meta name=\"robots\" content=\"index, follow, max-snippet:-1, max-image-preview:large, max-video-preview:-1\" \/>\n<link rel=\"canonical\" href=\"https:\/\/truusk.store\/sv\/produkt\/truusk-strandparasoll-med-3-faldig-lutning-vevbar-8-ribbor-o265-x-235h-cm-himmelsbla\/\" \/>\n<meta property=\"og:locale\" content=\"sv_SE\" \/>\n<meta property=\"og:type\" content=\"article\" \/>\n<meta property=\"og:title\" content=\"TRUUSK Strandparasoll med 3-faldig lutning - Vevbar - 8 ribbor - \u00d8265 x 235H cm - Himmelsbl\u00e5 - TRUUSK - Hem, Tr\u00e4dg\u00e5rd &amp; Fritid\" \/>\n<meta property=\"og:description\" content=\"St\u00f6r solen st\u00e4ndigt din avkoppling utomhus? [BRAND NAME] tr\u00e4dg\u00e5rdsparasoll l\u00f6ser problemet: Tack vare den trestegs lutningsjusteringen \u00e4r du bekv\u00e4mt skyddad....\" \/>\n<meta property=\"og:url\" content=\"https:\/\/truusk.store\/sv\/produkt\/truusk-strandparasoll-med-3-faldig-lutning-vevbar-8-ribbor-o265-x-235h-cm-himmelsbla\/\" \/>\n<meta property=\"og:site_name\" content=\"TRUUSK - Hem, Tr\u00e4dg\u00e5rd &amp; Fritid\" \/>\n<meta property=\"article:modified_time\" content=\"2026-03-12T07:53:33+00:00\" \/>\n<meta property=\"og:image\" content=\"https:\/\/i0.wp.com\/truusk.se\/wp-content\/uploads\/2026\/03\/rund-parasoll-balkongparasoll-strandparasoll-med-3-faldig-lutning-vev-8-ribbor-o265-x-235h-cm-himmelsbla-1.webp?fit=2000%2C2000&ssl=1\" \/>\n\t<meta property=\"og:image:width\" content=\"2000\" \/>\n\t<meta property=\"og:image:height\" content=\"2000\" \/>\n\t<meta property=\"og:image:type\" content=\"image\/webp\" \/>\n<meta name=\"twitter:card\" content=\"summary_large_image\" \/>\n<meta name=\"twitter:label1\" content=\"Ber\u00e4knad l\u00e4stid\" \/>\n\t<meta name=\"twitter:data1\" content=\"1 minut\" \/>\n<!-- \/ Yoast SEO plugin. -->","yoast_head_json":{"title":"TRUUSK Strandparasoll med 3-faldig lutning - Vevbar - 8 ribbor - \u00d8265 x 235H cm - Himmelsbl\u00e5 - TRUUSK - Hem, Tr\u00e4dg\u00e5rd &amp; Fritid","robots":{"index":"index","follow":"follow","max-snippet":"max-snippet:-1","max-image-preview":"max-image-preview:large","max-video-preview":"max-video-preview:-1"},"canonical":"https:\/\/truusk.store\/sv\/produkt\/truusk-strandparasoll-med-3-faldig-lutning-vevbar-8-ribbor-o265-x-235h-cm-himmelsbla\/","og_locale":"sv_SE","og_type":"article","og_title":"TRUUSK Strandparasoll med 3-faldig lutning - Vevbar - 8 ribbor - \u00d8265 x 235H cm - Himmelsbl\u00e5 - TRUUSK - Hem, Tr\u00e4dg\u00e5rd &amp; Fritid","og_description":"St\u00f6r solen st\u00e4ndigt din avkoppling utomhus? [BRAND NAME] tr\u00e4dg\u00e5rdsparasoll l\u00f6ser problemet: Tack vare den trestegs lutningsjusteringen \u00e4r du bekv\u00e4mt skyddad....","og_url":"https:\/\/truusk.store\/sv\/produkt\/truusk-strandparasoll-med-3-faldig-lutning-vevbar-8-ribbor-o265-x-235h-cm-himmelsbla\/","og_site_name":"TRUUSK - Hem, Tr\u00e4dg\u00e5rd &amp; Fritid","article_modified_time":"2026-03-12T07:53:33+00:00","og_image":[{"width":2000,"height":2000,"url":"https:\/\/i0.wp.com\/truusk.se\/wp-content\/uploads\/2026\/03\/rund-parasoll-balkongparasoll-strandparasoll-med-3-faldig-lutning-vev-8-ribbor-o265-x-235h-cm-himmelsbla-1.webp?fit=2000%2C2000&ssl=1","type":"image\/webp"}],"twitter_card":"summary_large_image","twitter_misc":{"Ber\u00e4knad l\u00e4stid":"1 minut"},"schema":{"@context":"https:\/\/schema.org","@graph":[{"@type":"WebPage","@id":"https:\/\/truusk.store\/sv\/produkt\/truusk-strandparasoll-med-3-faldig-lutning-vevbar-8-ribbor-o265-x-235h-cm-himmelsbla\/","url":"https:\/\/truusk.store\/sv\/produkt\/truusk-strandparasoll-med-3-faldig-lutning-vevbar-8-ribbor-o265-x-235h-cm-himmelsbla\/","name":"TRUUSK Strandparasoll med 3-faldig lutning - Vevbar - 8 ribbor - \u00d8265 x 235H cm - Himmelsbl\u00e5 - TRUUSK - Hem, Tr\u00e4dg\u00e5rd &amp; Fritid","isPartOf":{"@id":"https:\/\/truusk.store\/sv\/#website"},"primaryImageOfPage":{"@id":"https:\/\/truusk.store\/sv\/produkt\/truusk-strandparasoll-med-3-faldig-lutning-vevbar-8-ribbor-o265-x-235h-cm-himmelsbla\/#primaryimage"},"image":{"@id":"https:\/\/truusk.store\/sv\/produkt\/truusk-strandparasoll-med-3-faldig-lutning-vevbar-8-ribbor-o265-x-235h-cm-himmelsbla\/#primaryimage"},"thumbnailUrl":"https:\/\/i0.wp.com\/truusk.store\/wp-content\/uploads\/2026\/03\/rund-parasoll-balkongparasoll-strandparasoll-med-3-faldig-lutning-vev-8-ribbor-o265-x-235h-cm-himmelsbla-1.webp?fit=2000%2C2000&ssl=1","datePublished":"2026-03-11T13:46:53+00:00","dateModified":"2026-03-12T07:53:33+00:00","breadcrumb":{"@id":"https:\/\/truusk.store\/sv\/produkt\/truusk-strandparasoll-med-3-faldig-lutning-vevbar-8-ribbor-o265-x-235h-cm-himmelsbla\/#breadcrumb"},"inLanguage":"sv-SE","potentialAction":[{"@type":"ReadAction","target":["https:\/\/truusk.store\/sv\/produkt\/truusk-strandparasoll-med-3-faldig-lutning-vevbar-8-ribbor-o265-x-235h-cm-himmelsbla\/"]}]},{"@type":"ImageObject","inLanguage":"sv-SE","@id":"https:\/\/truusk.store\/sv\/produkt\/truusk-strandparasoll-med-3-faldig-lutning-vevbar-8-ribbor-o265-x-235h-cm-himmelsbla\/#primaryimage","url":"https:\/\/i0.wp.com\/truusk.store\/wp-content\/uploads\/2026\/03\/rund-parasoll-balkongparasoll-strandparasoll-med-3-faldig-lutning-vev-8-ribbor-o265-x-235h-cm-himmelsbla-1.webp?fit=2000%2C2000&ssl=1","contentUrl":"https:\/\/i0.wp.com\/truusk.store\/wp-content\/uploads\/2026\/03\/rund-parasoll-balkongparasoll-strandparasoll-med-3-faldig-lutning-vev-8-ribbor-o265-x-235h-cm-himmelsbla-1.webp?fit=2000%2C2000&ssl=1","width":2000,"height":2000},{"@type":"BreadcrumbList","@id":"https:\/\/truusk.store\/sv\/produkt\/truusk-strandparasoll-med-3-faldig-lutning-vevbar-8-ribbor-o265-x-235h-cm-himmelsbla\/#breadcrumb","itemListElement":[{"@type":"ListItem","position":1,"name":"Home","item":"https:\/\/truusk.store\/sv\/"},{"@type":"ListItem","position":2,"name":"Shop","item":"https:\/\/truusk.store\/shop\/"},{"@type":"ListItem","position":3,"name":"TRUUSK Strandparasoll med 3-faldig lutning &#8211; Vevbar &#8211; 8 ribbor &#8211; \u00d8265 x 235H cm &#8211; Himmelsbl\u00e5"}]},{"@type":"WebSite","@id":"https:\/\/truusk.store\/sv\/#website","url":"https:\/\/truusk.store\/sv\/","name":"TRUUSK - Hem, Tr\u00e4dg\u00e5rd & Fritid","description":"","publisher":{"@id":"https:\/\/truusk.store\/sv\/#organization"},"potentialAction":[{"@type":"SearchAction","target":{"@type":"EntryPoint","urlTemplate":"https:\/\/truusk.store\/sv\/?s={search_term_string}"},"query-input":{"@type":"PropertyValueSpecification","valueRequired":true,"valueName":"search_term_string"}}],"inLanguage":"sv-SE"},{"@type":"Organization","@id":"https:\/\/truusk.store\/sv\/#organization","name":"TRUUSK - Hem, Tr\u00e4dg\u00e5rd & Fritid","url":"https:\/\/truusk.store\/sv\/","logo":{"@type":"ImageObject","inLanguage":"sv-SE","@id":"https:\/\/truusk.store\/sv\/#\/schema\/logo\/image\/","url":"https:\/\/i0.wp.com\/truusk.store\/wp-content\/uploads\/2026\/03\/cropped-TRUUSK.png?fit=2032%2C917&ssl=1","contentUrl":"https:\/\/i0.wp.com\/truusk.store\/wp-content\/uploads\/2026\/03\/cropped-TRUUSK.png?fit=2032%2C917&ssl=1","width":2032,"height":917,"caption":"TRUUSK - Hem, Tr\u00e4dg\u00e5rd & Fritid"},"image":{"@id":"https:\/\/truusk.store\/sv\/#\/schema\/logo\/image\/"}}]}},"jetpack_sharing_enabled":true,"_links":{"self":[{"href":"https:\/\/truusk.store\/sv\/wp-json\/wp\/v2\/product\/108803","targetHints":{"allow":["GET"]}}],"collection":[{"href":"https:\/\/truusk.store\/sv\/wp-json\/wp\/v2\/product"}],"about":[{"href":"https:\/\/truusk.store\/sv\/wp-json\/wp\/v2\/types\/product"}],"wp:featuredmedia":[{"embeddable":true,"href":"https:\/\/truusk.store\/sv\/wp-json\/wp\/v2\/media\/108792"}],"wp:attachment":[{"href":"https:\/\/truusk.store\/sv\/wp-json\/wp\/v2\/media?parent=108803"}],"wp:term":[{"taxonomy":"product_brand","embeddable":true,"href":"https:\/\/truusk.store\/sv\/wp-json\/wp\/v2\/product_brand?post=108803"},{"taxonomy":"product_cat","embeddable":true,"href":"https:\/\/truusk.store\/sv\/wp-json\/wp\/v2\/product_cat?post=108803"},{"taxonomy":"product_tag","embeddable":true,"href":"https:\/\/truusk.store\/sv\/wp-json\/wp\/v2\/product_tag?post=108803"}],"curies":[{"name":"wp","href":"https:\/\/api.w.org\/{rel}","templated":true}]}}