{"id":108822,"date":"2026-03-11T14:48:43","date_gmt":"2026-03-11T13:48:43","guid":{"rendered":"https:\/\/truusk.store\/product\/parasoll-o295-cm-uv-30-rund-balkongparasoll-strandparasoll-marknadsparasoll-for-strand-balkong-tradgard-bla\/"},"modified":"2026-03-12T08:53:34","modified_gmt":"2026-03-12T07:53:34","slug":"truusk-parasoll-o295-cm-uv-30-rund-balkongparasoll-strandparasoll-marknadsparasoll-bla","status":"publish","type":"product","link":"https:\/\/truusk.store\/sv\/produkt\/truusk-parasoll-o295-cm-uv-30-rund-balkongparasoll-strandparasoll-marknadsparasoll-bla\/","title":{"rendered":"TRUUSK Parasoll \u00d8295 cm &#8211; UV 30+ &#8211; Rund Balkongparasoll &#8211; Strandparasoll &#8211; Marknadsparasoll &#8211; Bl\u00e5"},"content":{"rendered":"<p>H\u00e5ll dig sval och bekv\u00e4m med denna stiliga balkongparasoll som f\u00f6rh\u00f6jer din utomhusmilj\u00f6. Inbyggda sands\u00e4cksvikter och en metallkorsbas garanterar en stabil och enkel installation. Den dubbla lutningsmekanismen g\u00f6r att du kan njuta av skugga hela dagen medan solvinkeln \u00e4ndras. UPF 30+ polyestertyget p\u00e5 denna balkongparasoll ger p\u00e5litligt UV-skydd f\u00f6r avkopplande stunder utomhus.<\/p>\n<p>Beskrivning:<\/p>\n<ul>\n<li> Sands\u00e4cksvikter ger stabilitet utan att en separat bas beh\u00f6vs f\u00f6r denna parasoll<\/li>\n<li> Dubbel lutning ger j\u00e4mn skugga n\u00e4r solen r\u00f6r sig<\/li>\n<li> Det stora polyestertaket p\u00e5 denna balkongparasoll erbjuder UV-resistens<\/li>\n<li> Ett smidigt vevhandtag m\u00f6jligg\u00f6r snabb och enkel hantering av parasollen<\/li>\n<li> Den inf\u00e4llbara designen minskar f\u00f6rvaringsutrymmet f\u00f6r bekv\u00e4m b\u00e4rbarhet<\/li>\n<li> Idealisk f\u00f6r tr\u00e4dg\u00e5rdar, balkonger och m\u00e5ngsidiga avkopplingsomr\u00e5den utomhus<\/li>\n<li> Montering kr\u00e4vs<\/li>\n<\/ul>\n<p> Tekniska specifikationer:<\/p>\n<ul>\n<li> F\u00e4rg: Bl\u00e5+M\u00f6rkgr\u00e5<\/li>\n<li> Material: Metall, Polyester, Oxford<\/li>\n<li> Parasollstorlek: \u00d8295 x 242H cm<\/li>\n<li> L\u00e4gre h\u00f6jd p\u00e5 parasollen: 205 cm<\/li>\n<li> St\u00e4ngda dimensioner: \u00d855 x 242H cm<\/li>\n<li> Basdimensioner: \u00d855 x 55H cm<\/li>\n<li> Sands\u00e4ckdimensioner: 50L x 8,7B x 4,2H cm<\/li>\n<li> OBS: Anv\u00e4nd inte parasollen vid extremt v\u00e4der (stark vind, kraftigt regn, sn\u00f6).<\/li>\n<\/ul>\n<p>Leveransinneh\u00e5ll:<\/p>\n<ul>\n<li> 1 x Marknadsparasoll<\/li>\n<li> 1 x Bas<\/li>\n<li> 1 x Sands\u00e4ck<\/li>\n<li> 1 x Bruksanvisning<\/li>\n<\/ul>\n","protected":false},"excerpt":{"rendered":"<p>H\u00e5ll dig sval och bekv\u00e4m med denna stiliga balkongparasoll som f\u00f6rh\u00f6jer din utomhusmilj\u00f6. Inbyggda sands\u00e4cksvikter och en metallkorsbas garanterar en&#8230;<\/p>\n","protected":false},"featured_media":108810,"template":"","meta":[],"product_brand":[],"product_cat":[472,862,858],"product_tag":[],"class_list":{"0":"post-108822","1":"product","2":"type-product","3":"status-publish","4":"has-post-thumbnail","6":"product_cat-parasoller","7":"product_cat-sol-insynsskydd","8":"product_cat-tradgard-terrass","10":"first","11":"instock","12":"sale","13":"taxable","14":"shipping-taxable","15":"purchasable","16":"product-type-simple"},"yoast_head":"<!-- This site is optimized with the Yoast SEO plugin v25.4 - https:\/\/yoast.com\/wordpress\/plugins\/seo\/ -->\n<title>TRUUSK Parasoll \u00d8295 cm - UV 30+ - Rund Balkongparasoll - Strandparasoll - Marknadsparasoll - Bl\u00e5 - TRUUSK - Hem, Tr\u00e4dg\u00e5rd &amp; Fritid<\/title>\n<meta name=\"robots\" content=\"index, follow, max-snippet:-1, max-image-preview:large, max-video-preview:-1\" \/>\n<link rel=\"canonical\" href=\"https:\/\/truusk.store\/sv\/produkt\/truusk-parasoll-o295-cm-uv-30-rund-balkongparasoll-strandparasoll-marknadsparasoll-bla\/\" \/>\n<meta property=\"og:locale\" content=\"sv_SE\" \/>\n<meta property=\"og:type\" content=\"article\" \/>\n<meta property=\"og:title\" content=\"TRUUSK Parasoll \u00d8295 cm - UV 30+ - Rund Balkongparasoll - Strandparasoll - Marknadsparasoll - Bl\u00e5 - TRUUSK - Hem, Tr\u00e4dg\u00e5rd &amp; Fritid\" \/>\n<meta property=\"og:description\" content=\"H\u00e5ll dig sval och bekv\u00e4m med denna stiliga balkongparasoll som f\u00f6rh\u00f6jer din utomhusmilj\u00f6. Inbyggda sands\u00e4cksvikter och en metallkorsbas garanterar en...\" \/>\n<meta property=\"og:url\" content=\"https:\/\/truusk.store\/sv\/produkt\/truusk-parasoll-o295-cm-uv-30-rund-balkongparasoll-strandparasoll-marknadsparasoll-bla\/\" \/>\n<meta property=\"og:site_name\" content=\"TRUUSK - Hem, Tr\u00e4dg\u00e5rd &amp; Fritid\" \/>\n<meta property=\"article:modified_time\" content=\"2026-03-12T07:53:34+00:00\" \/>\n<meta property=\"og:image\" content=\"https:\/\/i0.wp.com\/truusk.se\/wp-content\/uploads\/2026\/03\/parasoll-o295-cm-uv-30-rund-balkongparasoll-strandparasoll-marknadsparasoll-for-strand-balkong-tradgard-bla-1.webp?fit=2000%2C2000&ssl=1\" \/>\n\t<meta property=\"og:image:width\" content=\"2000\" \/>\n\t<meta property=\"og:image:height\" content=\"2000\" \/>\n\t<meta property=\"og:image:type\" content=\"image\/webp\" \/>\n<meta name=\"twitter:card\" content=\"summary_large_image\" \/>\n<meta name=\"twitter:label1\" content=\"Ber\u00e4knad l\u00e4stid\" \/>\n\t<meta name=\"twitter:data1\" content=\"1 minut\" \/>\n<!-- \/ Yoast SEO plugin. -->","yoast_head_json":{"title":"TRUUSK Parasoll \u00d8295 cm - UV 30+ - Rund Balkongparasoll - Strandparasoll - Marknadsparasoll - Bl\u00e5 - TRUUSK - Hem, Tr\u00e4dg\u00e5rd &amp; Fritid","robots":{"index":"index","follow":"follow","max-snippet":"max-snippet:-1","max-image-preview":"max-image-preview:large","max-video-preview":"max-video-preview:-1"},"canonical":"https:\/\/truusk.store\/sv\/produkt\/truusk-parasoll-o295-cm-uv-30-rund-balkongparasoll-strandparasoll-marknadsparasoll-bla\/","og_locale":"sv_SE","og_type":"article","og_title":"TRUUSK Parasoll \u00d8295 cm - UV 30+ - Rund Balkongparasoll - Strandparasoll - Marknadsparasoll - Bl\u00e5 - TRUUSK - Hem, Tr\u00e4dg\u00e5rd &amp; Fritid","og_description":"H\u00e5ll dig sval och bekv\u00e4m med denna stiliga balkongparasoll som f\u00f6rh\u00f6jer din utomhusmilj\u00f6. Inbyggda sands\u00e4cksvikter och en metallkorsbas garanterar en...","og_url":"https:\/\/truusk.store\/sv\/produkt\/truusk-parasoll-o295-cm-uv-30-rund-balkongparasoll-strandparasoll-marknadsparasoll-bla\/","og_site_name":"TRUUSK - Hem, Tr\u00e4dg\u00e5rd &amp; Fritid","article_modified_time":"2026-03-12T07:53:34+00:00","og_image":[{"width":2000,"height":2000,"url":"https:\/\/i0.wp.com\/truusk.se\/wp-content\/uploads\/2026\/03\/parasoll-o295-cm-uv-30-rund-balkongparasoll-strandparasoll-marknadsparasoll-for-strand-balkong-tradgard-bla-1.webp?fit=2000%2C2000&ssl=1","type":"image\/webp"}],"twitter_card":"summary_large_image","twitter_misc":{"Ber\u00e4knad l\u00e4stid":"1 minut"},"schema":{"@context":"https:\/\/schema.org","@graph":[{"@type":"WebPage","@id":"https:\/\/truusk.store\/sv\/produkt\/truusk-parasoll-o295-cm-uv-30-rund-balkongparasoll-strandparasoll-marknadsparasoll-bla\/","url":"https:\/\/truusk.store\/sv\/produkt\/truusk-parasoll-o295-cm-uv-30-rund-balkongparasoll-strandparasoll-marknadsparasoll-bla\/","name":"TRUUSK Parasoll \u00d8295 cm - UV 30+ - Rund Balkongparasoll - Strandparasoll - Marknadsparasoll - Bl\u00e5 - TRUUSK - Hem, Tr\u00e4dg\u00e5rd &amp; Fritid","isPartOf":{"@id":"https:\/\/truusk.store\/sv\/#website"},"primaryImageOfPage":{"@id":"https:\/\/truusk.store\/sv\/produkt\/truusk-parasoll-o295-cm-uv-30-rund-balkongparasoll-strandparasoll-marknadsparasoll-bla\/#primaryimage"},"image":{"@id":"https:\/\/truusk.store\/sv\/produkt\/truusk-parasoll-o295-cm-uv-30-rund-balkongparasoll-strandparasoll-marknadsparasoll-bla\/#primaryimage"},"thumbnailUrl":"https:\/\/i0.wp.com\/truusk.store\/wp-content\/uploads\/2026\/03\/parasoll-o295-cm-uv-30-rund-balkongparasoll-strandparasoll-marknadsparasoll-for-strand-balkong-tradgard-bla-1.webp?fit=2000%2C2000&ssl=1","datePublished":"2026-03-11T13:48:43+00:00","dateModified":"2026-03-12T07:53:34+00:00","breadcrumb":{"@id":"https:\/\/truusk.store\/sv\/produkt\/truusk-parasoll-o295-cm-uv-30-rund-balkongparasoll-strandparasoll-marknadsparasoll-bla\/#breadcrumb"},"inLanguage":"sv-SE","potentialAction":[{"@type":"ReadAction","target":["https:\/\/truusk.store\/sv\/produkt\/truusk-parasoll-o295-cm-uv-30-rund-balkongparasoll-strandparasoll-marknadsparasoll-bla\/"]}]},{"@type":"ImageObject","inLanguage":"sv-SE","@id":"https:\/\/truusk.store\/sv\/produkt\/truusk-parasoll-o295-cm-uv-30-rund-balkongparasoll-strandparasoll-marknadsparasoll-bla\/#primaryimage","url":"https:\/\/i0.wp.com\/truusk.store\/wp-content\/uploads\/2026\/03\/parasoll-o295-cm-uv-30-rund-balkongparasoll-strandparasoll-marknadsparasoll-for-strand-balkong-tradgard-bla-1.webp?fit=2000%2C2000&ssl=1","contentUrl":"https:\/\/i0.wp.com\/truusk.store\/wp-content\/uploads\/2026\/03\/parasoll-o295-cm-uv-30-rund-balkongparasoll-strandparasoll-marknadsparasoll-for-strand-balkong-tradgard-bla-1.webp?fit=2000%2C2000&ssl=1","width":2000,"height":2000},{"@type":"BreadcrumbList","@id":"https:\/\/truusk.store\/sv\/produkt\/truusk-parasoll-o295-cm-uv-30-rund-balkongparasoll-strandparasoll-marknadsparasoll-bla\/#breadcrumb","itemListElement":[{"@type":"ListItem","position":1,"name":"Home","item":"https:\/\/truusk.store\/sv\/"},{"@type":"ListItem","position":2,"name":"Shop","item":"https:\/\/truusk.store\/shop\/"},{"@type":"ListItem","position":3,"name":"TRUUSK Parasoll \u00d8295 cm &#8211; UV 30+ &#8211; Rund Balkongparasoll &#8211; Strandparasoll &#8211; Marknadsparasoll &#8211; Bl\u00e5"}]},{"@type":"WebSite","@id":"https:\/\/truusk.store\/sv\/#website","url":"https:\/\/truusk.store\/sv\/","name":"TRUUSK - Hem, Tr\u00e4dg\u00e5rd & Fritid","description":"","publisher":{"@id":"https:\/\/truusk.store\/sv\/#organization"},"potentialAction":[{"@type":"SearchAction","target":{"@type":"EntryPoint","urlTemplate":"https:\/\/truusk.store\/sv\/?s={search_term_string}"},"query-input":{"@type":"PropertyValueSpecification","valueRequired":true,"valueName":"search_term_string"}}],"inLanguage":"sv-SE"},{"@type":"Organization","@id":"https:\/\/truusk.store\/sv\/#organization","name":"TRUUSK - Hem, Tr\u00e4dg\u00e5rd & Fritid","url":"https:\/\/truusk.store\/sv\/","logo":{"@type":"ImageObject","inLanguage":"sv-SE","@id":"https:\/\/truusk.store\/sv\/#\/schema\/logo\/image\/","url":"https:\/\/i0.wp.com\/truusk.store\/wp-content\/uploads\/2026\/03\/cropped-TRUUSK.png?fit=2032%2C917&ssl=1","contentUrl":"https:\/\/i0.wp.com\/truusk.store\/wp-content\/uploads\/2026\/03\/cropped-TRUUSK.png?fit=2032%2C917&ssl=1","width":2032,"height":917,"caption":"TRUUSK - Hem, Tr\u00e4dg\u00e5rd & Fritid"},"image":{"@id":"https:\/\/truusk.store\/sv\/#\/schema\/logo\/image\/"}}]}},"jetpack_sharing_enabled":true,"_links":{"self":[{"href":"https:\/\/truusk.store\/sv\/wp-json\/wp\/v2\/product\/108822","targetHints":{"allow":["GET"]}}],"collection":[{"href":"https:\/\/truusk.store\/sv\/wp-json\/wp\/v2\/product"}],"about":[{"href":"https:\/\/truusk.store\/sv\/wp-json\/wp\/v2\/types\/product"}],"wp:featuredmedia":[{"embeddable":true,"href":"https:\/\/truusk.store\/sv\/wp-json\/wp\/v2\/media\/108810"}],"wp:attachment":[{"href":"https:\/\/truusk.store\/sv\/wp-json\/wp\/v2\/media?parent=108822"}],"wp:term":[{"taxonomy":"product_brand","embeddable":true,"href":"https:\/\/truusk.store\/sv\/wp-json\/wp\/v2\/product_brand?post=108822"},{"taxonomy":"product_cat","embeddable":true,"href":"https:\/\/truusk.store\/sv\/wp-json\/wp\/v2\/product_cat?post=108822"},{"taxonomy":"product_tag","embeddable":true,"href":"https:\/\/truusk.store\/sv\/wp-json\/wp\/v2\/product_tag?post=108822"}],"curies":[{"name":"wp","href":"https:\/\/api.w.org\/{rel}","templated":true}]}}