{"id":108842,"date":"2026-03-11T14:51:07","date_gmt":"2026-03-11T13:51:07","guid":{"rendered":"https:\/\/truusk.store\/product\/paviljong-3x3m-vattentat-stabil-vinterbestandig-pop-up-vikpaviljong-en-knapps-uppsattning-uv-50-morkgra\/"},"modified":"2026-03-12T08:53:36","modified_gmt":"2026-03-12T07:53:36","slug":"truusk-pop-up-paviljong-3x3m-vattentat-och-vinterbestandig-stabil-konstruktion-uv-50-skydd-enkel-montering-morkgra","status":"publish","type":"product","link":"https:\/\/truusk.store\/sv\/produkt\/truusk-pop-up-paviljong-3x3m-vattentat-och-vinterbestandig-stabil-konstruktion-uv-50-skydd-enkel-montering-morkgra\/","title":{"rendered":"TRUUSK Pop-up Paviljong 3x3m &#8211; Vattent\u00e4t och Vinterbest\u00e4ndig &#8211; Stabil Konstruktion &#8211; UV 50+ Skydd &#8211; Enkel Montering &#8211; M\u00f6rkgr\u00e5"},"content":{"rendered":"<p>Skapa en inbjudande m\u00f6tesplats med [BRAND NAME] 3 x 3 m pop-up paviljong. UPF 50+ 210D Oxford tygtaket ger skugga, medan den robusta, pulverlackerade ramen ger stabilitet. Tack vare pop-up-konstruktionen med en-knapps central l\u00e5sning skapas snabbt den perfekta atmosf\u00e4ren f\u00f6r tr\u00e4dg\u00e5rdsfester, picknick eller avslappnade m\u00f6ten.<\/p>\n<p>Beskrivning:<\/p>\n<ul>\n<li> UPF50+ 210D Oxford-tyg med silverbel\u00e4ggning f\u00f6r utm\u00e4rkt solskydd<\/li>\n<li> Med pop-up-design och en-knapps central l\u00e5sning f\u00f6r verktygsfri montering p\u00e5 bara 30 minuter<\/li>\n<li> \u00c5tta h\u00e5l f\u00f6rhindrar ansamling av regnvatten och minskar underh\u00e5llsbehovet<\/li>\n<li> \u00d6vre ventilations\u00f6ppning i tr\u00e4dg\u00e5rdspaviljongen f\u00f6r b\u00e4ttre luftcirkulation och v\u00e4rmeavledning<\/li>\n<li> Tre justerbara h\u00f6jdinst\u00e4llningar f\u00f6r flexibel anv\u00e4ndning p\u00e5 oj\u00e4mn mark<\/li>\n<li> Levereras med ett komplett stabilitetskit, inklusive rep, t\u00e4ltspikar och sands\u00e4ckar f\u00f6r s\u00e4ker f\u00f6rankring<\/li>\n<li> Kan f\u00e4llas ihop kompakt och passar i b\u00e4rv\u00e4skan f\u00f6r enkel transport och f\u00f6rvaring.<\/li>\n<\/ul>\n<p> Tekniska data:<\/p>\n<ul>\n<li> F\u00e4rg: M\u00f6rkgr\u00e5+Vit<\/li>\n<li> Material: Oxford-tyg, Metall<\/li>\n<li> Totala dimensioner: 293L x 293B x 272H cm<\/li>\n<li> F\u00e4llda dimensioner: 18L x 18B x 112,5H cm<\/li>\n<li> Enskilda sidov\u00e4ggsdimensioner: 285B x 199H cm<\/li>\n<li> D\u00f6rrdimensioner: 108B x 190H cm<\/li>\n<li> F\u00f6nsterdimensioner: 56B x 100H cm<\/li>\n<li> Justerbart avst\u00e5nd: 10 cm<\/li>\n<li> Takfots h\u00f6jd: 205 cm<\/li>\n<li> Balkh\u00f6jd: 182 cm<\/li>\n<li> Benst\u00f6dsbredd: 286L x 286B cm<\/li>\n<li> Vindmotst\u00e5nd: Niv\u00e5 4 (med t\u00e4ltspikar och rep)<\/li>\n<li> Sn\u00f6belastning: 20 kg<\/li>\n<\/ul>\n<p>Leveransinneh\u00e5ll:<\/p>\n<ul>\n<li> 1 x Pop-up paviljong<\/li>\n<li> 4 x Sands\u00e4ck<\/li>\n<li> 4 x Sp\u00e4nnlina<\/li>\n<li> 4 x Markankare<\/li>\n<li> 4 x Spiralankare<\/li>\n<li> 1 x B\u00e4rkasse<\/li>\n<li> 1 x Bruksanvisning<\/li>\n<\/ul>\n","protected":false},"excerpt":{"rendered":"<p>Skapa en inbjudande m\u00f6tesplats med [BRAND NAME] 3 x 3 m pop-up paviljong. UPF 50+ 210D Oxford tygtaket ger skugga,&#8230;<\/p>\n","protected":false},"featured_media":108833,"template":"","meta":[],"product_brand":[],"product_cat":[477,858,476],"product_tag":[],"class_list":{"0":"post-108842","1":"product","2":"type-product","3":"status-publish","4":"has-post-thumbnail","6":"product_cat-paviljonger-partytalt","7":"product_cat-tradgard-terrass","8":"product_cat-tradgardspaviljonger","10":"first","11":"instock","12":"sale","13":"taxable","14":"shipping-taxable","15":"purchasable","16":"product-type-simple"},"yoast_head":"<!-- This site is optimized with the Yoast SEO plugin v25.4 - https:\/\/yoast.com\/wordpress\/plugins\/seo\/ -->\n<title>TRUUSK Pop-up Paviljong 3x3m - Vattent\u00e4t och Vinterbest\u00e4ndig - Stabil Konstruktion - UV 50+ Skydd - Enkel Montering - M\u00f6rkgr\u00e5 - TRUUSK - Hem, Tr\u00e4dg\u00e5rd &amp; Fritid<\/title>\n<meta name=\"robots\" content=\"index, follow, max-snippet:-1, max-image-preview:large, max-video-preview:-1\" \/>\n<link rel=\"canonical\" href=\"https:\/\/truusk.store\/sv\/produkt\/truusk-pop-up-paviljong-3x3m-vattentat-och-vinterbestandig-stabil-konstruktion-uv-50-skydd-enkel-montering-morkgra\/\" \/>\n<meta property=\"og:locale\" content=\"sv_SE\" \/>\n<meta property=\"og:type\" content=\"article\" \/>\n<meta property=\"og:title\" content=\"TRUUSK Pop-up Paviljong 3x3m - Vattent\u00e4t och Vinterbest\u00e4ndig - Stabil Konstruktion - UV 50+ Skydd - Enkel Montering - M\u00f6rkgr\u00e5 - TRUUSK - Hem, Tr\u00e4dg\u00e5rd &amp; Fritid\" \/>\n<meta property=\"og:description\" content=\"Skapa en inbjudande m\u00f6tesplats med [BRAND NAME] 3 x 3 m pop-up paviljong. UPF 50+ 210D Oxford tygtaket ger skugga,...\" \/>\n<meta property=\"og:url\" content=\"https:\/\/truusk.store\/sv\/produkt\/truusk-pop-up-paviljong-3x3m-vattentat-och-vinterbestandig-stabil-konstruktion-uv-50-skydd-enkel-montering-morkgra\/\" \/>\n<meta property=\"og:site_name\" content=\"TRUUSK - Hem, Tr\u00e4dg\u00e5rd &amp; Fritid\" \/>\n<meta property=\"article:modified_time\" content=\"2026-03-12T07:53:36+00:00\" \/>\n<meta property=\"og:image\" content=\"https:\/\/i0.wp.com\/truusk.se\/wp-content\/uploads\/2026\/03\/paviljong-3x3m-vattentat-stabil-vinterbestandig-pop-up-vikpaviljong-en-knapps-uppsattning-uv-50-morkgra-1.webp?fit=2000%2C2000&ssl=1\" \/>\n\t<meta property=\"og:image:width\" content=\"2000\" \/>\n\t<meta property=\"og:image:height\" content=\"2000\" \/>\n\t<meta property=\"og:image:type\" content=\"image\/webp\" \/>\n<meta name=\"twitter:card\" content=\"summary_large_image\" \/>\n<meta name=\"twitter:label1\" content=\"Ber\u00e4knad l\u00e4stid\" \/>\n\t<meta name=\"twitter:data1\" content=\"1 minut\" \/>\n<!-- \/ Yoast SEO plugin. -->","yoast_head_json":{"title":"TRUUSK Pop-up Paviljong 3x3m - Vattent\u00e4t och Vinterbest\u00e4ndig - Stabil Konstruktion - UV 50+ Skydd - Enkel Montering - M\u00f6rkgr\u00e5 - TRUUSK - Hem, Tr\u00e4dg\u00e5rd &amp; Fritid","robots":{"index":"index","follow":"follow","max-snippet":"max-snippet:-1","max-image-preview":"max-image-preview:large","max-video-preview":"max-video-preview:-1"},"canonical":"https:\/\/truusk.store\/sv\/produkt\/truusk-pop-up-paviljong-3x3m-vattentat-och-vinterbestandig-stabil-konstruktion-uv-50-skydd-enkel-montering-morkgra\/","og_locale":"sv_SE","og_type":"article","og_title":"TRUUSK Pop-up Paviljong 3x3m - Vattent\u00e4t och Vinterbest\u00e4ndig - Stabil Konstruktion - UV 50+ Skydd - Enkel Montering - M\u00f6rkgr\u00e5 - TRUUSK - Hem, Tr\u00e4dg\u00e5rd &amp; Fritid","og_description":"Skapa en inbjudande m\u00f6tesplats med [BRAND NAME] 3 x 3 m pop-up paviljong. UPF 50+ 210D Oxford tygtaket ger skugga,...","og_url":"https:\/\/truusk.store\/sv\/produkt\/truusk-pop-up-paviljong-3x3m-vattentat-och-vinterbestandig-stabil-konstruktion-uv-50-skydd-enkel-montering-morkgra\/","og_site_name":"TRUUSK - Hem, Tr\u00e4dg\u00e5rd &amp; Fritid","article_modified_time":"2026-03-12T07:53:36+00:00","og_image":[{"width":2000,"height":2000,"url":"https:\/\/i0.wp.com\/truusk.se\/wp-content\/uploads\/2026\/03\/paviljong-3x3m-vattentat-stabil-vinterbestandig-pop-up-vikpaviljong-en-knapps-uppsattning-uv-50-morkgra-1.webp?fit=2000%2C2000&ssl=1","type":"image\/webp"}],"twitter_card":"summary_large_image","twitter_misc":{"Ber\u00e4knad l\u00e4stid":"1 minut"},"schema":{"@context":"https:\/\/schema.org","@graph":[{"@type":"WebPage","@id":"https:\/\/truusk.store\/sv\/produkt\/truusk-pop-up-paviljong-3x3m-vattentat-och-vinterbestandig-stabil-konstruktion-uv-50-skydd-enkel-montering-morkgra\/","url":"https:\/\/truusk.store\/sv\/produkt\/truusk-pop-up-paviljong-3x3m-vattentat-och-vinterbestandig-stabil-konstruktion-uv-50-skydd-enkel-montering-morkgra\/","name":"TRUUSK Pop-up Paviljong 3x3m - Vattent\u00e4t och Vinterbest\u00e4ndig - Stabil Konstruktion - UV 50+ Skydd - Enkel Montering - M\u00f6rkgr\u00e5 - TRUUSK - Hem, Tr\u00e4dg\u00e5rd &amp; Fritid","isPartOf":{"@id":"https:\/\/truusk.store\/sv\/#website"},"primaryImageOfPage":{"@id":"https:\/\/truusk.store\/sv\/produkt\/truusk-pop-up-paviljong-3x3m-vattentat-och-vinterbestandig-stabil-konstruktion-uv-50-skydd-enkel-montering-morkgra\/#primaryimage"},"image":{"@id":"https:\/\/truusk.store\/sv\/produkt\/truusk-pop-up-paviljong-3x3m-vattentat-och-vinterbestandig-stabil-konstruktion-uv-50-skydd-enkel-montering-morkgra\/#primaryimage"},"thumbnailUrl":"https:\/\/i0.wp.com\/truusk.store\/wp-content\/uploads\/2026\/03\/paviljong-3x3m-vattentat-stabil-vinterbestandig-pop-up-vikpaviljong-en-knapps-uppsattning-uv-50-morkgra-1.webp?fit=2000%2C2000&ssl=1","datePublished":"2026-03-11T13:51:07+00:00","dateModified":"2026-03-12T07:53:36+00:00","breadcrumb":{"@id":"https:\/\/truusk.store\/sv\/produkt\/truusk-pop-up-paviljong-3x3m-vattentat-och-vinterbestandig-stabil-konstruktion-uv-50-skydd-enkel-montering-morkgra\/#breadcrumb"},"inLanguage":"sv-SE","potentialAction":[{"@type":"ReadAction","target":["https:\/\/truusk.store\/sv\/produkt\/truusk-pop-up-paviljong-3x3m-vattentat-och-vinterbestandig-stabil-konstruktion-uv-50-skydd-enkel-montering-morkgra\/"]}]},{"@type":"ImageObject","inLanguage":"sv-SE","@id":"https:\/\/truusk.store\/sv\/produkt\/truusk-pop-up-paviljong-3x3m-vattentat-och-vinterbestandig-stabil-konstruktion-uv-50-skydd-enkel-montering-morkgra\/#primaryimage","url":"https:\/\/i0.wp.com\/truusk.store\/wp-content\/uploads\/2026\/03\/paviljong-3x3m-vattentat-stabil-vinterbestandig-pop-up-vikpaviljong-en-knapps-uppsattning-uv-50-morkgra-1.webp?fit=2000%2C2000&ssl=1","contentUrl":"https:\/\/i0.wp.com\/truusk.store\/wp-content\/uploads\/2026\/03\/paviljong-3x3m-vattentat-stabil-vinterbestandig-pop-up-vikpaviljong-en-knapps-uppsattning-uv-50-morkgra-1.webp?fit=2000%2C2000&ssl=1","width":2000,"height":2000},{"@type":"BreadcrumbList","@id":"https:\/\/truusk.store\/sv\/produkt\/truusk-pop-up-paviljong-3x3m-vattentat-och-vinterbestandig-stabil-konstruktion-uv-50-skydd-enkel-montering-morkgra\/#breadcrumb","itemListElement":[{"@type":"ListItem","position":1,"name":"Home","item":"https:\/\/truusk.store\/sv\/"},{"@type":"ListItem","position":2,"name":"Shop","item":"https:\/\/truusk.store\/shop\/"},{"@type":"ListItem","position":3,"name":"TRUUSK Pop-up Paviljong 3x3m &#8211; Vattent\u00e4t och Vinterbest\u00e4ndig &#8211; Stabil Konstruktion &#8211; UV 50+ Skydd &#8211; Enkel Montering &#8211; M\u00f6rkgr\u00e5"}]},{"@type":"WebSite","@id":"https:\/\/truusk.store\/sv\/#website","url":"https:\/\/truusk.store\/sv\/","name":"TRUUSK - Hem, Tr\u00e4dg\u00e5rd & Fritid","description":"","publisher":{"@id":"https:\/\/truusk.store\/sv\/#organization"},"potentialAction":[{"@type":"SearchAction","target":{"@type":"EntryPoint","urlTemplate":"https:\/\/truusk.store\/sv\/?s={search_term_string}"},"query-input":{"@type":"PropertyValueSpecification","valueRequired":true,"valueName":"search_term_string"}}],"inLanguage":"sv-SE"},{"@type":"Organization","@id":"https:\/\/truusk.store\/sv\/#organization","name":"TRUUSK - Hem, Tr\u00e4dg\u00e5rd & Fritid","url":"https:\/\/truusk.store\/sv\/","logo":{"@type":"ImageObject","inLanguage":"sv-SE","@id":"https:\/\/truusk.store\/sv\/#\/schema\/logo\/image\/","url":"https:\/\/i0.wp.com\/truusk.store\/wp-content\/uploads\/2026\/03\/cropped-TRUUSK.png?fit=2032%2C917&ssl=1","contentUrl":"https:\/\/i0.wp.com\/truusk.store\/wp-content\/uploads\/2026\/03\/cropped-TRUUSK.png?fit=2032%2C917&ssl=1","width":2032,"height":917,"caption":"TRUUSK - Hem, Tr\u00e4dg\u00e5rd & Fritid"},"image":{"@id":"https:\/\/truusk.store\/sv\/#\/schema\/logo\/image\/"}}]}},"jetpack_sharing_enabled":true,"_links":{"self":[{"href":"https:\/\/truusk.store\/sv\/wp-json\/wp\/v2\/product\/108842","targetHints":{"allow":["GET"]}}],"collection":[{"href":"https:\/\/truusk.store\/sv\/wp-json\/wp\/v2\/product"}],"about":[{"href":"https:\/\/truusk.store\/sv\/wp-json\/wp\/v2\/types\/product"}],"wp:featuredmedia":[{"embeddable":true,"href":"https:\/\/truusk.store\/sv\/wp-json\/wp\/v2\/media\/108833"}],"wp:attachment":[{"href":"https:\/\/truusk.store\/sv\/wp-json\/wp\/v2\/media?parent=108842"}],"wp:term":[{"taxonomy":"product_brand","embeddable":true,"href":"https:\/\/truusk.store\/sv\/wp-json\/wp\/v2\/product_brand?post=108842"},{"taxonomy":"product_cat","embeddable":true,"href":"https:\/\/truusk.store\/sv\/wp-json\/wp\/v2\/product_cat?post=108842"},{"taxonomy":"product_tag","embeddable":true,"href":"https:\/\/truusk.store\/sv\/wp-json\/wp\/v2\/product_tag?post=108842"}],"curies":[{"name":"wp","href":"https:\/\/api.w.org\/{rel}","templated":true}]}}