{"id":108857,"date":"2026-03-11T14:52:19","date_gmt":"2026-03-11T13:52:19","guid":{"rendered":"https:\/\/truusk.store\/product\/4-delat-tradgardsmobelset-soffset-med-2-tvasitssoffor-stol-utan-armstod-soffbord-for-balkong-khaki\/"},"modified":"2026-03-12T08:53:36","modified_gmt":"2026-03-12T07:53:36","slug":"truusk-4-delat-tradgardsmobelset-soffset-med-2-tvasitssoffor-stol-utan-armstod-soffbord-for-balkong-khaki","status":"publish","type":"product","link":"https:\/\/truusk.store\/sv\/produkt\/truusk-4-delat-tradgardsmobelset-soffset-med-2-tvasitssoffor-stol-utan-armstod-soffbord-for-balkong-khaki\/","title":{"rendered":"TRUUSK 4-delat Tr\u00e4dg\u00e5rdsm\u00f6belset &#8211; Soffset Med 2 Tv\u00e5sitssoffor &#8211; Stol Utan Armst\u00f6d &#8211; Soffbord &#8211; F\u00f6r Balkong &#8211; Khaki"},"content":{"rendered":"<p>F\u00f6rvandla ditt utomhusomr\u00e5de med det stilfulla [BRAND NAME] 4-delade tr\u00e4dg\u00e5rdssoffasetet. Det erbjuder 10 cm tjocka kuddar med andningsbart, tv\u00e4ttbart \u00f6verdrag och st\u00e5r p\u00e5 en robust, pulverlackerad st\u00e5lram. Det vattent\u00e4ta soffbordet i tr\u00e4look \u00e4r idealiskt f\u00f6r snacks, drycker och sommarl\u00e4sning.<\/p>\n<p>Beskrivning:<\/p>\n<ul>\n<li> Fyrdelat uteplatsm\u00f6belset inkluderar en armst\u00f6ds\u00e4lsklingsoffa, en h\u00f6rn\u00e4lsklingsoffa, en armfri sits och ett soffbord<\/li>\n<li> 10 cm tjocka dynor ger lyxigt st\u00f6d f\u00f6r hela dagen komfort<\/li>\n<li> Dragkedjef\u00f6rsedda \u00f6verdrag m\u00f6jligg\u00f6r enkel avl\u00e4gsnande och enkel maskintv\u00e4tt<\/li>\n<li> Andningsbart Texteline-n\u00e4t ger b\u00e4ttre luftcirkulation och en svalare sittupplevelse<\/li>\n<li> Den robusta, pulverlackerade st\u00e5lramen garanterar h\u00e5llbarhet och l\u00e5ngvarig anv\u00e4ndning av detta uteplatsm\u00f6belset<\/li>\n<li> PSPC-plastbordsskiva motst\u00e5r vatten och repor f\u00f6r enkel v\u00e5rd<\/li>\n<li> Montering kr\u00e4vs<\/li>\n<\/ul>\n<p> Tekniska data:<\/p>\n<ul>\n<li> F\u00e4rg: Svart+Khaki+Gr\u00e5<\/li>\n<li> Material: St\u00e5l, Texteline, PSPC-plast, Polyester<\/li>\n<li> Soffans totala dimensioner: 247L x 152B x 65H cm (L-form)<\/li>\n<li> Tv\u00e5sitsarens totala dimensioner: 125B x 62T x 65H cm (v\u00e4nster arm), 122B x 62T x 65H cm (h\u00f6rn)<\/li>\n<li> Stolens totala dimensioner: 90B x 62T x 65H cm<\/li>\n<li> Bordets totala dimensioner: 90L x 50B x 35H cm<\/li>\n<li> Sitsstorlek: 120B x 60T cm (tv\u00e5sitsare), 90B x 60T cm (stol)<\/li>\n<li> Sits h\u00f6jd: (utan kudde) 31 cm<\/li>\n<li> Ryggst\u00f6dets storlek: 120B x 34L x 34H cm (tv\u00e5sitsare), 60B x 34L x 34H cm (stol)<\/li>\n<li> Kuddtjocklek: 10 cm (sits), 16 cm (rygg)<\/li>\n<li> B\u00e4rkapacitet: 240 kg (tv\u00e5sitsare\/stol), 30 kg (bord)<\/li>\n<li> Artikelnummer: 84K-008V00KK<\/li>\n<\/ul>\n<p>Leveransinneh\u00e5ll:<\/p>\n<ul>\n<li> 2 x Tv\u00e5sitsare<\/li>\n<li> 1 x F\u00e5t\u00f6lj<\/li>\n<li> 1 x Bord<\/li>\n<li> 5 x Sitskuddar<\/li>\n<li> 6 x Ryggkuddar<\/li>\n<li> 1 x Bruksanvisning<\/li>\n<\/ul>\n","protected":false},"excerpt":{"rendered":"<p>F\u00f6rvandla ditt utomhusomr\u00e5de med det stilfulla [BRAND NAME] 4-delade tr\u00e4dg\u00e5rdssoffasetet. Det erbjuder 10 cm tjocka kuddar med andningsbart, tv\u00e4ttbart \u00f6verdrag&#8230;<\/p>\n","protected":false},"featured_media":108843,"template":"","meta":[],"product_brand":[],"product_cat":[858,450,456],"product_tag":[],"class_list":{"0":"post-108857","1":"product","2":"type-product","3":"status-publish","4":"has-post-thumbnail","6":"product_cat-tradgard-terrass","7":"product_cat-tradgardsmobler","8":"product_cat-tradgardsmobler-set","10":"first","11":"instock","12":"sale","13":"taxable","14":"shipping-taxable","15":"purchasable","16":"product-type-simple"},"yoast_head":"<!-- This site is optimized with the Yoast SEO plugin v25.4 - https:\/\/yoast.com\/wordpress\/plugins\/seo\/ -->\n<title>TRUUSK 4-delat Tr\u00e4dg\u00e5rdsm\u00f6belset - Soffset Med 2 Tv\u00e5sitssoffor - Stol Utan Armst\u00f6d - Soffbord - F\u00f6r Balkong - Khaki - TRUUSK - Hem, Tr\u00e4dg\u00e5rd &amp; Fritid<\/title>\n<meta name=\"robots\" content=\"index, follow, max-snippet:-1, max-image-preview:large, max-video-preview:-1\" \/>\n<link rel=\"canonical\" href=\"https:\/\/truusk.store\/sv\/produkt\/truusk-4-delat-tradgardsmobelset-soffset-med-2-tvasitssoffor-stol-utan-armstod-soffbord-for-balkong-khaki\/\" \/>\n<meta property=\"og:locale\" content=\"sv_SE\" \/>\n<meta property=\"og:type\" content=\"article\" \/>\n<meta property=\"og:title\" content=\"TRUUSK 4-delat Tr\u00e4dg\u00e5rdsm\u00f6belset - Soffset Med 2 Tv\u00e5sitssoffor - Stol Utan Armst\u00f6d - Soffbord - F\u00f6r Balkong - Khaki - TRUUSK - Hem, Tr\u00e4dg\u00e5rd &amp; Fritid\" \/>\n<meta property=\"og:description\" content=\"F\u00f6rvandla ditt utomhusomr\u00e5de med det stilfulla [BRAND NAME] 4-delade tr\u00e4dg\u00e5rdssoffasetet. Det erbjuder 10 cm tjocka kuddar med andningsbart, tv\u00e4ttbart \u00f6verdrag...\" \/>\n<meta property=\"og:url\" content=\"https:\/\/truusk.store\/sv\/produkt\/truusk-4-delat-tradgardsmobelset-soffset-med-2-tvasitssoffor-stol-utan-armstod-soffbord-for-balkong-khaki\/\" \/>\n<meta property=\"og:site_name\" content=\"TRUUSK - Hem, Tr\u00e4dg\u00e5rd &amp; Fritid\" \/>\n<meta property=\"article:modified_time\" content=\"2026-03-12T07:53:36+00:00\" \/>\n<meta property=\"og:image\" content=\"https:\/\/i0.wp.com\/truusk.se\/wp-content\/uploads\/2026\/03\/4-delat-tradgardsmobelset-soffset-med-2-tvasitssoffor-stol-utan-armstod-soffbord-for-balkong-khaki-1.webp?fit=2000%2C2000&ssl=1\" \/>\n\t<meta property=\"og:image:width\" content=\"2000\" \/>\n\t<meta property=\"og:image:height\" content=\"2000\" \/>\n\t<meta property=\"og:image:type\" content=\"image\/webp\" \/>\n<meta name=\"twitter:card\" content=\"summary_large_image\" \/>\n<meta name=\"twitter:label1\" content=\"Ber\u00e4knad l\u00e4stid\" \/>\n\t<meta name=\"twitter:data1\" content=\"1 minut\" \/>\n<!-- \/ Yoast SEO plugin. -->","yoast_head_json":{"title":"TRUUSK 4-delat Tr\u00e4dg\u00e5rdsm\u00f6belset - Soffset Med 2 Tv\u00e5sitssoffor - Stol Utan Armst\u00f6d - Soffbord - F\u00f6r Balkong - Khaki - TRUUSK - Hem, Tr\u00e4dg\u00e5rd &amp; Fritid","robots":{"index":"index","follow":"follow","max-snippet":"max-snippet:-1","max-image-preview":"max-image-preview:large","max-video-preview":"max-video-preview:-1"},"canonical":"https:\/\/truusk.store\/sv\/produkt\/truusk-4-delat-tradgardsmobelset-soffset-med-2-tvasitssoffor-stol-utan-armstod-soffbord-for-balkong-khaki\/","og_locale":"sv_SE","og_type":"article","og_title":"TRUUSK 4-delat Tr\u00e4dg\u00e5rdsm\u00f6belset - Soffset Med 2 Tv\u00e5sitssoffor - Stol Utan Armst\u00f6d - Soffbord - F\u00f6r Balkong - Khaki - TRUUSK - Hem, Tr\u00e4dg\u00e5rd &amp; Fritid","og_description":"F\u00f6rvandla ditt utomhusomr\u00e5de med det stilfulla [BRAND NAME] 4-delade tr\u00e4dg\u00e5rdssoffasetet. Det erbjuder 10 cm tjocka kuddar med andningsbart, tv\u00e4ttbart \u00f6verdrag...","og_url":"https:\/\/truusk.store\/sv\/produkt\/truusk-4-delat-tradgardsmobelset-soffset-med-2-tvasitssoffor-stol-utan-armstod-soffbord-for-balkong-khaki\/","og_site_name":"TRUUSK - Hem, Tr\u00e4dg\u00e5rd &amp; Fritid","article_modified_time":"2026-03-12T07:53:36+00:00","og_image":[{"width":2000,"height":2000,"url":"https:\/\/i0.wp.com\/truusk.se\/wp-content\/uploads\/2026\/03\/4-delat-tradgardsmobelset-soffset-med-2-tvasitssoffor-stol-utan-armstod-soffbord-for-balkong-khaki-1.webp?fit=2000%2C2000&ssl=1","type":"image\/webp"}],"twitter_card":"summary_large_image","twitter_misc":{"Ber\u00e4knad l\u00e4stid":"1 minut"},"schema":{"@context":"https:\/\/schema.org","@graph":[{"@type":"WebPage","@id":"https:\/\/truusk.store\/sv\/produkt\/truusk-4-delat-tradgardsmobelset-soffset-med-2-tvasitssoffor-stol-utan-armstod-soffbord-for-balkong-khaki\/","url":"https:\/\/truusk.store\/sv\/produkt\/truusk-4-delat-tradgardsmobelset-soffset-med-2-tvasitssoffor-stol-utan-armstod-soffbord-for-balkong-khaki\/","name":"TRUUSK 4-delat Tr\u00e4dg\u00e5rdsm\u00f6belset - Soffset Med 2 Tv\u00e5sitssoffor - Stol Utan Armst\u00f6d - Soffbord - F\u00f6r Balkong - Khaki - TRUUSK - Hem, Tr\u00e4dg\u00e5rd &amp; Fritid","isPartOf":{"@id":"https:\/\/truusk.store\/sv\/#website"},"primaryImageOfPage":{"@id":"https:\/\/truusk.store\/sv\/produkt\/truusk-4-delat-tradgardsmobelset-soffset-med-2-tvasitssoffor-stol-utan-armstod-soffbord-for-balkong-khaki\/#primaryimage"},"image":{"@id":"https:\/\/truusk.store\/sv\/produkt\/truusk-4-delat-tradgardsmobelset-soffset-med-2-tvasitssoffor-stol-utan-armstod-soffbord-for-balkong-khaki\/#primaryimage"},"thumbnailUrl":"https:\/\/i0.wp.com\/truusk.store\/wp-content\/uploads\/2026\/03\/4-delat-tradgardsmobelset-soffset-med-2-tvasitssoffor-stol-utan-armstod-soffbord-for-balkong-khaki-1.webp?fit=2000%2C2000&ssl=1","datePublished":"2026-03-11T13:52:19+00:00","dateModified":"2026-03-12T07:53:36+00:00","breadcrumb":{"@id":"https:\/\/truusk.store\/sv\/produkt\/truusk-4-delat-tradgardsmobelset-soffset-med-2-tvasitssoffor-stol-utan-armstod-soffbord-for-balkong-khaki\/#breadcrumb"},"inLanguage":"sv-SE","potentialAction":[{"@type":"ReadAction","target":["https:\/\/truusk.store\/sv\/produkt\/truusk-4-delat-tradgardsmobelset-soffset-med-2-tvasitssoffor-stol-utan-armstod-soffbord-for-balkong-khaki\/"]}]},{"@type":"ImageObject","inLanguage":"sv-SE","@id":"https:\/\/truusk.store\/sv\/produkt\/truusk-4-delat-tradgardsmobelset-soffset-med-2-tvasitssoffor-stol-utan-armstod-soffbord-for-balkong-khaki\/#primaryimage","url":"https:\/\/i0.wp.com\/truusk.store\/wp-content\/uploads\/2026\/03\/4-delat-tradgardsmobelset-soffset-med-2-tvasitssoffor-stol-utan-armstod-soffbord-for-balkong-khaki-1.webp?fit=2000%2C2000&ssl=1","contentUrl":"https:\/\/i0.wp.com\/truusk.store\/wp-content\/uploads\/2026\/03\/4-delat-tradgardsmobelset-soffset-med-2-tvasitssoffor-stol-utan-armstod-soffbord-for-balkong-khaki-1.webp?fit=2000%2C2000&ssl=1","width":2000,"height":2000},{"@type":"BreadcrumbList","@id":"https:\/\/truusk.store\/sv\/produkt\/truusk-4-delat-tradgardsmobelset-soffset-med-2-tvasitssoffor-stol-utan-armstod-soffbord-for-balkong-khaki\/#breadcrumb","itemListElement":[{"@type":"ListItem","position":1,"name":"Home","item":"https:\/\/truusk.store\/sv\/"},{"@type":"ListItem","position":2,"name":"Shop","item":"https:\/\/truusk.store\/shop\/"},{"@type":"ListItem","position":3,"name":"TRUUSK 4-delat Tr\u00e4dg\u00e5rdsm\u00f6belset &#8211; Soffset Med 2 Tv\u00e5sitssoffor &#8211; Stol Utan Armst\u00f6d &#8211; Soffbord &#8211; F\u00f6r Balkong &#8211; Khaki"}]},{"@type":"WebSite","@id":"https:\/\/truusk.store\/sv\/#website","url":"https:\/\/truusk.store\/sv\/","name":"TRUUSK - Hem, Tr\u00e4dg\u00e5rd & Fritid","description":"","publisher":{"@id":"https:\/\/truusk.store\/sv\/#organization"},"potentialAction":[{"@type":"SearchAction","target":{"@type":"EntryPoint","urlTemplate":"https:\/\/truusk.store\/sv\/?s={search_term_string}"},"query-input":{"@type":"PropertyValueSpecification","valueRequired":true,"valueName":"search_term_string"}}],"inLanguage":"sv-SE"},{"@type":"Organization","@id":"https:\/\/truusk.store\/sv\/#organization","name":"TRUUSK - Hem, Tr\u00e4dg\u00e5rd & Fritid","url":"https:\/\/truusk.store\/sv\/","logo":{"@type":"ImageObject","inLanguage":"sv-SE","@id":"https:\/\/truusk.store\/sv\/#\/schema\/logo\/image\/","url":"https:\/\/i0.wp.com\/truusk.store\/wp-content\/uploads\/2026\/03\/cropped-TRUUSK.png?fit=2032%2C917&ssl=1","contentUrl":"https:\/\/i0.wp.com\/truusk.store\/wp-content\/uploads\/2026\/03\/cropped-TRUUSK.png?fit=2032%2C917&ssl=1","width":2032,"height":917,"caption":"TRUUSK - Hem, Tr\u00e4dg\u00e5rd & Fritid"},"image":{"@id":"https:\/\/truusk.store\/sv\/#\/schema\/logo\/image\/"}}]}},"jetpack_sharing_enabled":true,"_links":{"self":[{"href":"https:\/\/truusk.store\/sv\/wp-json\/wp\/v2\/product\/108857","targetHints":{"allow":["GET"]}}],"collection":[{"href":"https:\/\/truusk.store\/sv\/wp-json\/wp\/v2\/product"}],"about":[{"href":"https:\/\/truusk.store\/sv\/wp-json\/wp\/v2\/types\/product"}],"wp:featuredmedia":[{"embeddable":true,"href":"https:\/\/truusk.store\/sv\/wp-json\/wp\/v2\/media\/108843"}],"wp:attachment":[{"href":"https:\/\/truusk.store\/sv\/wp-json\/wp\/v2\/media?parent=108857"}],"wp:term":[{"taxonomy":"product_brand","embeddable":true,"href":"https:\/\/truusk.store\/sv\/wp-json\/wp\/v2\/product_brand?post=108857"},{"taxonomy":"product_cat","embeddable":true,"href":"https:\/\/truusk.store\/sv\/wp-json\/wp\/v2\/product_cat?post=108857"},{"taxonomy":"product_tag","embeddable":true,"href":"https:\/\/truusk.store\/sv\/wp-json\/wp\/v2\/product_tag?post=108857"}],"curies":[{"name":"wp","href":"https:\/\/api.w.org\/{rel}","templated":true}]}}