{"id":108872,"date":"2026-03-11T14:53:50","date_gmt":"2026-03-11T13:53:50","guid":{"rendered":"https:\/\/truusk.store\/product\/174-cm-hogt-badrumsskap-med-utvikbar-tvattkorg-och-soft-close-dorrar-vit\/"},"modified":"2026-03-12T08:53:37","modified_gmt":"2026-03-12T07:53:37","slug":"truusk-badrumsskap-174-cm-hogt-utvikbar-tvattkorg-soft-close-dorrar-vit","status":"publish","type":"product","link":"https:\/\/truusk.store\/sv\/produkt\/truusk-badrumsskap-174-cm-hogt-utvikbar-tvattkorg-soft-close-dorrar-vit\/","title":{"rendered":"TRUUSK Badrumssk\u00e5p 174 cm H\u00f6gt &#8211; Utvikbar Tv\u00e4ttkorg &#8211; Soft-close-d\u00f6rrar &#8211; Vit"},"content":{"rendered":"<p>Fulla badrum kan snabbt se st\u00f6kiga ut n\u00e4r handdukar staplas och tv\u00e4tt saknar plats. [BRAND NAME]-badrumssk\u00e5pet skapar ordning med h\u00f6g vertikal f\u00f6rvaring, dold tv\u00e4ttkorg och \u00f6ppen hylla f\u00f6r vardagsf\u00f6rem\u00e5l. Soft-Close-g\u00e5ngj\u00e4rnen p\u00e5 badrumssk\u00e5pet ger lugn, medan sk\u00e5pet ger ordning, privatliv och en mer avslappnad rytm hemma.<\/p>\n<p>Beskrivning:<\/p>\n<ul>\n<li> 174 cm h\u00f6gt badrumssk\u00e5p maximerar det vertikala f\u00f6rvaringsutrymmet i badrummet<\/li>\n<li> \u00d6vre dubbeld\u00f6rrar, nedre enkeld\u00f6rr och \u00f6ppen hylla organiserar toalettartiklar effektivt<\/li>\n<li> Utdragbar tv\u00e4ttkorg med avtagbar tyginsats d\u00f6ljer kl\u00e4der diskret<\/li>\n<li> Soft-Close-g\u00e5ngj\u00e4rnen p\u00e5 h\u00f6gsk\u00e5pet ser till att d\u00f6rrarna st\u00e4nger tyst varje g\u00e5ng<\/li>\n<li> Vattent\u00e5ligt, FSC-certifierat MDF passar f\u00f6r badrum och st\u00f6djer h\u00e5llbart liv<\/li>\n<li> Rent vit finish och smala handtag ger badrummen en modern stil<\/li>\n<li> Kippskyddssats s\u00e4krar badrumssk\u00e5pet fast f\u00f6r familjens s\u00e4kerhet<\/li>\n<li> Montering kr\u00e4vs<\/li>\n<\/ul>\n<p> Tekniska data:<\/p>\n<ul>\n<li> F\u00e4rg: Vit<\/li>\n<li> Material: MDF<\/li>\n<li> Totala dimensioner: 60B x 30T x 174H cm<\/li>\n<li> Sk\u00e5pinsidem\u00e5tt: 57B x 27T x 35\/35H cm (dubbeld\u00f6rr), 28B x 27T x 35\/35H cm (enkeld\u00f6rr), 25B x 22,5T x 58H cm (kipperfack)<\/li>\n<li> M\u00e5tt \u00f6ppen fack: 57B x 27T x 24H cm<\/li>\n<li> B\u00e4rkapacitet: 40 kg (totalt), 10 kg (\u00f6ppet fack), 5 kg (hylla)<\/li>\n<\/ul>\n<p>Leveransinneh\u00e5ll:<\/p>\n<ul>\n<li> 1 x Badrumssk\u00e5p<\/li>\n<li> 1 x Instruktioner<\/li>\n<\/ul>\n","protected":false},"excerpt":{"rendered":"<p>Fulla badrum kan snabbt se st\u00f6kiga ut n\u00e4r handdukar staplas och tv\u00e4tt saknar plats. [BRAND NAME]-badrumssk\u00e5pet skapar ordning med h\u00f6g&#8230;<\/p>\n","protected":false},"featured_media":108863,"template":"","meta":[],"product_brand":[],"product_cat":[915,535,871],"product_tag":[],"class_list":{"0":"post-108872","1":"product","2":"type-product","3":"status-publish","4":"has-post-thumbnail","6":"product_cat-badrum","7":"product_cat-badrumsskap","8":"product_cat-hus-hem","10":"first","11":"instock","12":"sale","13":"taxable","14":"shipping-taxable","15":"purchasable","16":"product-type-simple"},"yoast_head":"<!-- This site is optimized with the Yoast SEO plugin v25.4 - https:\/\/yoast.com\/wordpress\/plugins\/seo\/ -->\n<title>TRUUSK Badrumssk\u00e5p 174 cm H\u00f6gt - Utvikbar Tv\u00e4ttkorg - Soft-close-d\u00f6rrar - Vit - TRUUSK - Hem, Tr\u00e4dg\u00e5rd &amp; Fritid<\/title>\n<meta name=\"robots\" content=\"index, follow, max-snippet:-1, max-image-preview:large, max-video-preview:-1\" \/>\n<link rel=\"canonical\" href=\"https:\/\/truusk.store\/sv\/produkt\/truusk-badrumsskap-174-cm-hogt-utvikbar-tvattkorg-soft-close-dorrar-vit\/\" \/>\n<meta property=\"og:locale\" content=\"sv_SE\" \/>\n<meta property=\"og:type\" content=\"article\" \/>\n<meta property=\"og:title\" content=\"TRUUSK Badrumssk\u00e5p 174 cm H\u00f6gt - Utvikbar Tv\u00e4ttkorg - Soft-close-d\u00f6rrar - Vit - TRUUSK - Hem, Tr\u00e4dg\u00e5rd &amp; Fritid\" \/>\n<meta property=\"og:description\" content=\"Fulla badrum kan snabbt se st\u00f6kiga ut n\u00e4r handdukar staplas och tv\u00e4tt saknar plats. [BRAND NAME]-badrumssk\u00e5pet skapar ordning med h\u00f6g...\" \/>\n<meta property=\"og:url\" content=\"https:\/\/truusk.store\/sv\/produkt\/truusk-badrumsskap-174-cm-hogt-utvikbar-tvattkorg-soft-close-dorrar-vit\/\" \/>\n<meta property=\"og:site_name\" content=\"TRUUSK - Hem, Tr\u00e4dg\u00e5rd &amp; Fritid\" \/>\n<meta property=\"article:modified_time\" content=\"2026-03-12T07:53:37+00:00\" \/>\n<meta property=\"og:image\" content=\"https:\/\/i0.wp.com\/truusk.se\/wp-content\/uploads\/2026\/03\/174-cm-hogt-badrumsskap-med-utvikbar-tvattkorg-och-soft-close-dorrar-vit-1.webp?fit=2000%2C2000&ssl=1\" \/>\n\t<meta property=\"og:image:width\" content=\"2000\" \/>\n\t<meta property=\"og:image:height\" content=\"2000\" \/>\n\t<meta property=\"og:image:type\" content=\"image\/webp\" \/>\n<meta name=\"twitter:card\" content=\"summary_large_image\" \/>\n<meta name=\"twitter:label1\" content=\"Ber\u00e4knad l\u00e4stid\" \/>\n\t<meta name=\"twitter:data1\" content=\"1 minut\" \/>\n<!-- \/ Yoast SEO plugin. -->","yoast_head_json":{"title":"TRUUSK Badrumssk\u00e5p 174 cm H\u00f6gt - Utvikbar Tv\u00e4ttkorg - Soft-close-d\u00f6rrar - Vit - TRUUSK - Hem, Tr\u00e4dg\u00e5rd &amp; Fritid","robots":{"index":"index","follow":"follow","max-snippet":"max-snippet:-1","max-image-preview":"max-image-preview:large","max-video-preview":"max-video-preview:-1"},"canonical":"https:\/\/truusk.store\/sv\/produkt\/truusk-badrumsskap-174-cm-hogt-utvikbar-tvattkorg-soft-close-dorrar-vit\/","og_locale":"sv_SE","og_type":"article","og_title":"TRUUSK Badrumssk\u00e5p 174 cm H\u00f6gt - Utvikbar Tv\u00e4ttkorg - Soft-close-d\u00f6rrar - Vit - TRUUSK - Hem, Tr\u00e4dg\u00e5rd &amp; Fritid","og_description":"Fulla badrum kan snabbt se st\u00f6kiga ut n\u00e4r handdukar staplas och tv\u00e4tt saknar plats. [BRAND NAME]-badrumssk\u00e5pet skapar ordning med h\u00f6g...","og_url":"https:\/\/truusk.store\/sv\/produkt\/truusk-badrumsskap-174-cm-hogt-utvikbar-tvattkorg-soft-close-dorrar-vit\/","og_site_name":"TRUUSK - Hem, Tr\u00e4dg\u00e5rd &amp; Fritid","article_modified_time":"2026-03-12T07:53:37+00:00","og_image":[{"width":2000,"height":2000,"url":"https:\/\/i0.wp.com\/truusk.se\/wp-content\/uploads\/2026\/03\/174-cm-hogt-badrumsskap-med-utvikbar-tvattkorg-och-soft-close-dorrar-vit-1.webp?fit=2000%2C2000&ssl=1","type":"image\/webp"}],"twitter_card":"summary_large_image","twitter_misc":{"Ber\u00e4knad l\u00e4stid":"1 minut"},"schema":{"@context":"https:\/\/schema.org","@graph":[{"@type":"WebPage","@id":"https:\/\/truusk.store\/sv\/produkt\/truusk-badrumsskap-174-cm-hogt-utvikbar-tvattkorg-soft-close-dorrar-vit\/","url":"https:\/\/truusk.store\/sv\/produkt\/truusk-badrumsskap-174-cm-hogt-utvikbar-tvattkorg-soft-close-dorrar-vit\/","name":"TRUUSK Badrumssk\u00e5p 174 cm H\u00f6gt - Utvikbar Tv\u00e4ttkorg - Soft-close-d\u00f6rrar - Vit - TRUUSK - Hem, Tr\u00e4dg\u00e5rd &amp; Fritid","isPartOf":{"@id":"https:\/\/truusk.store\/sv\/#website"},"primaryImageOfPage":{"@id":"https:\/\/truusk.store\/sv\/produkt\/truusk-badrumsskap-174-cm-hogt-utvikbar-tvattkorg-soft-close-dorrar-vit\/#primaryimage"},"image":{"@id":"https:\/\/truusk.store\/sv\/produkt\/truusk-badrumsskap-174-cm-hogt-utvikbar-tvattkorg-soft-close-dorrar-vit\/#primaryimage"},"thumbnailUrl":"https:\/\/i0.wp.com\/truusk.store\/wp-content\/uploads\/2026\/03\/174-cm-hogt-badrumsskap-med-utvikbar-tvattkorg-och-soft-close-dorrar-vit-1.webp?fit=2000%2C2000&ssl=1","datePublished":"2026-03-11T13:53:50+00:00","dateModified":"2026-03-12T07:53:37+00:00","breadcrumb":{"@id":"https:\/\/truusk.store\/sv\/produkt\/truusk-badrumsskap-174-cm-hogt-utvikbar-tvattkorg-soft-close-dorrar-vit\/#breadcrumb"},"inLanguage":"sv-SE","potentialAction":[{"@type":"ReadAction","target":["https:\/\/truusk.store\/sv\/produkt\/truusk-badrumsskap-174-cm-hogt-utvikbar-tvattkorg-soft-close-dorrar-vit\/"]}]},{"@type":"ImageObject","inLanguage":"sv-SE","@id":"https:\/\/truusk.store\/sv\/produkt\/truusk-badrumsskap-174-cm-hogt-utvikbar-tvattkorg-soft-close-dorrar-vit\/#primaryimage","url":"https:\/\/i0.wp.com\/truusk.store\/wp-content\/uploads\/2026\/03\/174-cm-hogt-badrumsskap-med-utvikbar-tvattkorg-och-soft-close-dorrar-vit-1.webp?fit=2000%2C2000&ssl=1","contentUrl":"https:\/\/i0.wp.com\/truusk.store\/wp-content\/uploads\/2026\/03\/174-cm-hogt-badrumsskap-med-utvikbar-tvattkorg-och-soft-close-dorrar-vit-1.webp?fit=2000%2C2000&ssl=1","width":2000,"height":2000},{"@type":"BreadcrumbList","@id":"https:\/\/truusk.store\/sv\/produkt\/truusk-badrumsskap-174-cm-hogt-utvikbar-tvattkorg-soft-close-dorrar-vit\/#breadcrumb","itemListElement":[{"@type":"ListItem","position":1,"name":"Home","item":"https:\/\/truusk.store\/sv\/"},{"@type":"ListItem","position":2,"name":"Shop","item":"https:\/\/truusk.store\/shop\/"},{"@type":"ListItem","position":3,"name":"TRUUSK Badrumssk\u00e5p 174 cm H\u00f6gt &#8211; Utvikbar Tv\u00e4ttkorg &#8211; Soft-close-d\u00f6rrar &#8211; Vit"}]},{"@type":"WebSite","@id":"https:\/\/truusk.store\/sv\/#website","url":"https:\/\/truusk.store\/sv\/","name":"TRUUSK - Hem, Tr\u00e4dg\u00e5rd & Fritid","description":"","publisher":{"@id":"https:\/\/truusk.store\/sv\/#organization"},"potentialAction":[{"@type":"SearchAction","target":{"@type":"EntryPoint","urlTemplate":"https:\/\/truusk.store\/sv\/?s={search_term_string}"},"query-input":{"@type":"PropertyValueSpecification","valueRequired":true,"valueName":"search_term_string"}}],"inLanguage":"sv-SE"},{"@type":"Organization","@id":"https:\/\/truusk.store\/sv\/#organization","name":"TRUUSK - Hem, Tr\u00e4dg\u00e5rd & Fritid","url":"https:\/\/truusk.store\/sv\/","logo":{"@type":"ImageObject","inLanguage":"sv-SE","@id":"https:\/\/truusk.store\/sv\/#\/schema\/logo\/image\/","url":"https:\/\/i0.wp.com\/truusk.store\/wp-content\/uploads\/2026\/03\/cropped-TRUUSK.png?fit=2032%2C917&ssl=1","contentUrl":"https:\/\/i0.wp.com\/truusk.store\/wp-content\/uploads\/2026\/03\/cropped-TRUUSK.png?fit=2032%2C917&ssl=1","width":2032,"height":917,"caption":"TRUUSK - Hem, Tr\u00e4dg\u00e5rd & Fritid"},"image":{"@id":"https:\/\/truusk.store\/sv\/#\/schema\/logo\/image\/"}}]}},"jetpack_sharing_enabled":true,"_links":{"self":[{"href":"https:\/\/truusk.store\/sv\/wp-json\/wp\/v2\/product\/108872","targetHints":{"allow":["GET"]}}],"collection":[{"href":"https:\/\/truusk.store\/sv\/wp-json\/wp\/v2\/product"}],"about":[{"href":"https:\/\/truusk.store\/sv\/wp-json\/wp\/v2\/types\/product"}],"wp:featuredmedia":[{"embeddable":true,"href":"https:\/\/truusk.store\/sv\/wp-json\/wp\/v2\/media\/108863"}],"wp:attachment":[{"href":"https:\/\/truusk.store\/sv\/wp-json\/wp\/v2\/media?parent=108872"}],"wp:term":[{"taxonomy":"product_brand","embeddable":true,"href":"https:\/\/truusk.store\/sv\/wp-json\/wp\/v2\/product_brand?post=108872"},{"taxonomy":"product_cat","embeddable":true,"href":"https:\/\/truusk.store\/sv\/wp-json\/wp\/v2\/product_cat?post=108872"},{"taxonomy":"product_tag","embeddable":true,"href":"https:\/\/truusk.store\/sv\/wp-json\/wp\/v2\/product_tag?post=108872"}],"curies":[{"name":"wp","href":"https:\/\/api.w.org\/{rel}","templated":true}]}}