{"id":108884,"date":"2026-03-11T14:54:54","date_gmt":"2026-03-11T13:54:54","guid":{"rendered":"https:\/\/truusk.store\/product\/badrumsskap-80-cm-skap-med-tva-stora-lador-for-handfat-med-eller-utan-sockel-vit\/"},"modified":"2026-03-12T08:53:37","modified_gmt":"2026-03-12T07:53:37","slug":"truusk-badrumsskap-80-cm-med-tva-stora-lador-for-handfat-vit","status":"publish","type":"product","link":"https:\/\/truusk.store\/sv\/produkt\/truusk-badrumsskap-80-cm-med-tva-stora-lador-for-handfat-vit\/","title":{"rendered":"TRUUSK Badrumssk\u00e5p, 80 cm &#8211; Med tv\u00e5 stora l\u00e5dor &#8211; F\u00f6r handfat &#8211; Vit"},"content":{"rendered":"<p>\u00c4r du tr\u00f6tt p\u00e5 r\u00f6ran och de synliga r\u00f6ren runt ditt frist\u00e5ende handfat? Denna dagliga oordning kan st\u00f6ra din lugna morgonrutin. [BRAND NAME] undersk\u00e5p f\u00f6r handfat \u00e4r din l\u00f6sning, d\u00f6ljer skickligt r\u00f6ren och erbjuder tv\u00e5 gener\u00f6sa l\u00e5dor f\u00f6r hudv\u00e5rd och redskap. Dess eleganta, v\u00e5gformade design och tr\u00e4f\u00e4rgade topp f\u00f6rvandlar ditt badrum till en lugnande oas och ger ordning och stil till ditt personliga utrymme.<\/p>\n<p>Beskrivning:<\/p>\n<ul>\n<li> Har en U-utsk\u00e4rning f\u00f6r att d\u00f6lja r\u00f6r, passar f\u00f6r handfat med eller utan pelare, och erbjuder gott om lagringsutrymme p\u00e5 b\u00e4nkskivan<\/li>\n<li> Tv\u00e5 rymliga l\u00e5dor i badrumssk\u00e5pet hj\u00e4lper dig att enkelt organisera och hitta dina toalettartiklar<\/li>\n<li> H\u00f6gkvalitativa st\u00e5lskenor i badrumssk\u00e5pet ger en mjuk, h\u00e5llbar glidning utan att fastna eller rosta<\/li>\n<li> Tillverkad av robust FSC-certifierat tr\u00e4material som s\u00e4kert b\u00e4r upp till 30 kg<\/li>\n<li> Inneh\u00e5ller ett set f\u00f6r tippskydd som ger extra s\u00e4kerhet f\u00f6r familjer med barn<\/li>\n<li> Montering kr\u00e4vs<\/li>\n<\/ul>\n<p> Tekniska specifikationer:<\/p>\n<ul>\n<li> F\u00e4rg: Vit+Naturtr\u00e4<\/li>\n<li> Material: MDF, rostfritt st\u00e5l<\/li>\n<li> Totala dimensioner: 80B x 40D x 60H cm<\/li>\n<li> Utsk\u00e4rningsstorlek f\u00f6r bass\u00e4ng: 15B x 25D cm<\/li>\n<li> Inre m\u00e5tt p\u00e5 l\u00e5dor: 68B x 28,5D x 10H cm<\/li>\n<li> Maximal belastning: 30 kg (totalt), 20 kg (b\u00e4nkskiva), 5 kg (l\u00e5da)<\/li>\n<\/ul>\n<p>Leveransinneh\u00e5ll:<\/p>\n<ul>\n<li> 1 x undersk\u00e5p f\u00f6r badrum<\/li>\n<li> 1 x instruktioner<\/li>\n<\/ul>\n","protected":false},"excerpt":{"rendered":"<p>\u00c4r du tr\u00f6tt p\u00e5 r\u00f6ran och de synliga r\u00f6ren runt ditt frist\u00e5ende handfat? Denna dagliga oordning kan st\u00f6ra din lugna&#8230;<\/p>\n","protected":false},"featured_media":108873,"template":"","meta":[],"product_brand":[],"product_cat":[915,535,871],"product_tag":[],"class_list":{"0":"post-108884","1":"product","2":"type-product","3":"status-publish","4":"has-post-thumbnail","6":"product_cat-badrum","7":"product_cat-badrumsskap","8":"product_cat-hus-hem","10":"first","11":"instock","12":"sale","13":"taxable","14":"shipping-taxable","15":"purchasable","16":"product-type-simple"},"yoast_head":"<!-- This site is optimized with the Yoast SEO plugin v25.4 - https:\/\/yoast.com\/wordpress\/plugins\/seo\/ -->\n<title>TRUUSK Badrumssk\u00e5p, 80 cm - Med tv\u00e5 stora l\u00e5dor - F\u00f6r handfat - Vit - TRUUSK - Hem, Tr\u00e4dg\u00e5rd &amp; Fritid<\/title>\n<meta name=\"robots\" content=\"index, follow, max-snippet:-1, max-image-preview:large, max-video-preview:-1\" \/>\n<link rel=\"canonical\" href=\"https:\/\/truusk.store\/sv\/produkt\/truusk-badrumsskap-80-cm-med-tva-stora-lador-for-handfat-vit\/\" \/>\n<meta property=\"og:locale\" content=\"sv_SE\" \/>\n<meta property=\"og:type\" content=\"article\" \/>\n<meta property=\"og:title\" content=\"TRUUSK Badrumssk\u00e5p, 80 cm - Med tv\u00e5 stora l\u00e5dor - F\u00f6r handfat - Vit - TRUUSK - Hem, Tr\u00e4dg\u00e5rd &amp; Fritid\" \/>\n<meta property=\"og:description\" content=\"\u00c4r du tr\u00f6tt p\u00e5 r\u00f6ran och de synliga r\u00f6ren runt ditt frist\u00e5ende handfat? Denna dagliga oordning kan st\u00f6ra din lugna...\" \/>\n<meta property=\"og:url\" content=\"https:\/\/truusk.store\/sv\/produkt\/truusk-badrumsskap-80-cm-med-tva-stora-lador-for-handfat-vit\/\" \/>\n<meta property=\"og:site_name\" content=\"TRUUSK - Hem, Tr\u00e4dg\u00e5rd &amp; Fritid\" \/>\n<meta property=\"article:modified_time\" content=\"2026-03-12T07:53:37+00:00\" \/>\n<meta property=\"og:image\" content=\"https:\/\/i0.wp.com\/truusk.se\/wp-content\/uploads\/2026\/03\/badrumsskap-80-cm-skap-med-tva-stora-lador-for-handfat-med-eller-utan-sockel-vit-1.webp?fit=2000%2C2000&ssl=1\" \/>\n\t<meta property=\"og:image:width\" content=\"2000\" \/>\n\t<meta property=\"og:image:height\" content=\"2000\" \/>\n\t<meta property=\"og:image:type\" content=\"image\/webp\" \/>\n<meta name=\"twitter:card\" content=\"summary_large_image\" \/>\n<meta name=\"twitter:label1\" content=\"Ber\u00e4knad l\u00e4stid\" \/>\n\t<meta name=\"twitter:data1\" content=\"1 minut\" \/>\n<!-- \/ Yoast SEO plugin. -->","yoast_head_json":{"title":"TRUUSK Badrumssk\u00e5p, 80 cm - Med tv\u00e5 stora l\u00e5dor - F\u00f6r handfat - Vit - TRUUSK - Hem, Tr\u00e4dg\u00e5rd &amp; Fritid","robots":{"index":"index","follow":"follow","max-snippet":"max-snippet:-1","max-image-preview":"max-image-preview:large","max-video-preview":"max-video-preview:-1"},"canonical":"https:\/\/truusk.store\/sv\/produkt\/truusk-badrumsskap-80-cm-med-tva-stora-lador-for-handfat-vit\/","og_locale":"sv_SE","og_type":"article","og_title":"TRUUSK Badrumssk\u00e5p, 80 cm - Med tv\u00e5 stora l\u00e5dor - F\u00f6r handfat - Vit - TRUUSK - Hem, Tr\u00e4dg\u00e5rd &amp; Fritid","og_description":"\u00c4r du tr\u00f6tt p\u00e5 r\u00f6ran och de synliga r\u00f6ren runt ditt frist\u00e5ende handfat? Denna dagliga oordning kan st\u00f6ra din lugna...","og_url":"https:\/\/truusk.store\/sv\/produkt\/truusk-badrumsskap-80-cm-med-tva-stora-lador-for-handfat-vit\/","og_site_name":"TRUUSK - Hem, Tr\u00e4dg\u00e5rd &amp; Fritid","article_modified_time":"2026-03-12T07:53:37+00:00","og_image":[{"width":2000,"height":2000,"url":"https:\/\/i0.wp.com\/truusk.se\/wp-content\/uploads\/2026\/03\/badrumsskap-80-cm-skap-med-tva-stora-lador-for-handfat-med-eller-utan-sockel-vit-1.webp?fit=2000%2C2000&ssl=1","type":"image\/webp"}],"twitter_card":"summary_large_image","twitter_misc":{"Ber\u00e4knad l\u00e4stid":"1 minut"},"schema":{"@context":"https:\/\/schema.org","@graph":[{"@type":"WebPage","@id":"https:\/\/truusk.store\/sv\/produkt\/truusk-badrumsskap-80-cm-med-tva-stora-lador-for-handfat-vit\/","url":"https:\/\/truusk.store\/sv\/produkt\/truusk-badrumsskap-80-cm-med-tva-stora-lador-for-handfat-vit\/","name":"TRUUSK Badrumssk\u00e5p, 80 cm - Med tv\u00e5 stora l\u00e5dor - F\u00f6r handfat - Vit - TRUUSK - Hem, Tr\u00e4dg\u00e5rd &amp; Fritid","isPartOf":{"@id":"https:\/\/truusk.store\/sv\/#website"},"primaryImageOfPage":{"@id":"https:\/\/truusk.store\/sv\/produkt\/truusk-badrumsskap-80-cm-med-tva-stora-lador-for-handfat-vit\/#primaryimage"},"image":{"@id":"https:\/\/truusk.store\/sv\/produkt\/truusk-badrumsskap-80-cm-med-tva-stora-lador-for-handfat-vit\/#primaryimage"},"thumbnailUrl":"https:\/\/i0.wp.com\/truusk.store\/wp-content\/uploads\/2026\/03\/badrumsskap-80-cm-skap-med-tva-stora-lador-for-handfat-med-eller-utan-sockel-vit-1.webp?fit=2000%2C2000&ssl=1","datePublished":"2026-03-11T13:54:54+00:00","dateModified":"2026-03-12T07:53:37+00:00","breadcrumb":{"@id":"https:\/\/truusk.store\/sv\/produkt\/truusk-badrumsskap-80-cm-med-tva-stora-lador-for-handfat-vit\/#breadcrumb"},"inLanguage":"sv-SE","potentialAction":[{"@type":"ReadAction","target":["https:\/\/truusk.store\/sv\/produkt\/truusk-badrumsskap-80-cm-med-tva-stora-lador-for-handfat-vit\/"]}]},{"@type":"ImageObject","inLanguage":"sv-SE","@id":"https:\/\/truusk.store\/sv\/produkt\/truusk-badrumsskap-80-cm-med-tva-stora-lador-for-handfat-vit\/#primaryimage","url":"https:\/\/i0.wp.com\/truusk.store\/wp-content\/uploads\/2026\/03\/badrumsskap-80-cm-skap-med-tva-stora-lador-for-handfat-med-eller-utan-sockel-vit-1.webp?fit=2000%2C2000&ssl=1","contentUrl":"https:\/\/i0.wp.com\/truusk.store\/wp-content\/uploads\/2026\/03\/badrumsskap-80-cm-skap-med-tva-stora-lador-for-handfat-med-eller-utan-sockel-vit-1.webp?fit=2000%2C2000&ssl=1","width":2000,"height":2000},{"@type":"BreadcrumbList","@id":"https:\/\/truusk.store\/sv\/produkt\/truusk-badrumsskap-80-cm-med-tva-stora-lador-for-handfat-vit\/#breadcrumb","itemListElement":[{"@type":"ListItem","position":1,"name":"Home","item":"https:\/\/truusk.store\/sv\/"},{"@type":"ListItem","position":2,"name":"Shop","item":"https:\/\/truusk.store\/shop\/"},{"@type":"ListItem","position":3,"name":"TRUUSK Badrumssk\u00e5p, 80 cm &#8211; Med tv\u00e5 stora l\u00e5dor &#8211; F\u00f6r handfat &#8211; Vit"}]},{"@type":"WebSite","@id":"https:\/\/truusk.store\/sv\/#website","url":"https:\/\/truusk.store\/sv\/","name":"TRUUSK - Hem, Tr\u00e4dg\u00e5rd & Fritid","description":"","publisher":{"@id":"https:\/\/truusk.store\/sv\/#organization"},"potentialAction":[{"@type":"SearchAction","target":{"@type":"EntryPoint","urlTemplate":"https:\/\/truusk.store\/sv\/?s={search_term_string}"},"query-input":{"@type":"PropertyValueSpecification","valueRequired":true,"valueName":"search_term_string"}}],"inLanguage":"sv-SE"},{"@type":"Organization","@id":"https:\/\/truusk.store\/sv\/#organization","name":"TRUUSK - Hem, Tr\u00e4dg\u00e5rd & Fritid","url":"https:\/\/truusk.store\/sv\/","logo":{"@type":"ImageObject","inLanguage":"sv-SE","@id":"https:\/\/truusk.store\/sv\/#\/schema\/logo\/image\/","url":"https:\/\/i0.wp.com\/truusk.store\/wp-content\/uploads\/2026\/03\/cropped-TRUUSK.png?fit=2032%2C917&ssl=1","contentUrl":"https:\/\/i0.wp.com\/truusk.store\/wp-content\/uploads\/2026\/03\/cropped-TRUUSK.png?fit=2032%2C917&ssl=1","width":2032,"height":917,"caption":"TRUUSK - Hem, Tr\u00e4dg\u00e5rd & Fritid"},"image":{"@id":"https:\/\/truusk.store\/sv\/#\/schema\/logo\/image\/"}}]}},"jetpack_sharing_enabled":true,"_links":{"self":[{"href":"https:\/\/truusk.store\/sv\/wp-json\/wp\/v2\/product\/108884","targetHints":{"allow":["GET"]}}],"collection":[{"href":"https:\/\/truusk.store\/sv\/wp-json\/wp\/v2\/product"}],"about":[{"href":"https:\/\/truusk.store\/sv\/wp-json\/wp\/v2\/types\/product"}],"wp:featuredmedia":[{"embeddable":true,"href":"https:\/\/truusk.store\/sv\/wp-json\/wp\/v2\/media\/108873"}],"wp:attachment":[{"href":"https:\/\/truusk.store\/sv\/wp-json\/wp\/v2\/media?parent=108884"}],"wp:term":[{"taxonomy":"product_brand","embeddable":true,"href":"https:\/\/truusk.store\/sv\/wp-json\/wp\/v2\/product_brand?post=108884"},{"taxonomy":"product_cat","embeddable":true,"href":"https:\/\/truusk.store\/sv\/wp-json\/wp\/v2\/product_cat?post=108884"},{"taxonomy":"product_tag","embeddable":true,"href":"https:\/\/truusk.store\/sv\/wp-json\/wp\/v2\/product_tag?post=108884"}],"curies":[{"name":"wp","href":"https:\/\/api.w.org\/{rel}","templated":true}]}}