{"id":108892,"date":"2026-03-11T14:55:47","date_gmt":"2026-03-11T13:55:47","guid":{"rendered":"https:\/\/truusk.store\/product\/3-sits-tradgardsgunga-skydd-vattentat-skyddsholje-vindtat-och-uv-resistent-420d-oxford-tyg\/"},"modified":"2026-03-12T08:53:38","modified_gmt":"2026-03-12T07:53:38","slug":"truusk-tradgardsgunga-3-sits-vattentatt-skyddsholje-uv-resistent-420d-oxford-tyg-vindtaligt-skydd-gra","status":"publish","type":"product","link":"https:\/\/truusk.store\/sv\/produkt\/truusk-tradgardsgunga-3-sits-vattentatt-skyddsholje-uv-resistent-420d-oxford-tyg-vindtaligt-skydd-gra\/","title":{"rendered":"TRUUSK Tr\u00e4dg\u00e5rdsgunga 3-sits &#8211; Vattent\u00e4tt Skyddsh\u00f6lje &#8211; UV-resistent &#8211; 420D Oxford-tyg &#8211; Vindt\u00e5ligt Skydd &#8211; Gr\u00e5"},"content":{"rendered":"<p>Skydda din tr\u00e4dg\u00e5rdsgunga med detta [BRAND NAME] Hollywood-gungskydd. Tillverkad av PU-belagd Oxford-tyg, \u00e4r detta h\u00e5llbara och v\u00e4derbest\u00e4ndiga skydd vattent\u00e4tt och har starkt sydda s\u00f6mmar f\u00f6r att f\u00f6rhindra vattenintr\u00e5ng. Den \u00e4r utrustad med en dragkedja som g\u00f6r det enkelt att \u00f6ppna och st\u00e4nga, och har en dragsko f\u00f6r att h\u00e5lla den s\u00e4kert p\u00e5 plats.<\/p>\n<p>Beskrivning:<\/p>\n<ul>\n<li> Skyddar tresitsiga utomhusgungor<\/li>\n<li> PU-belagd Oxford-tyg av Hollywood-gungskydd: h\u00e5llbar och v\u00e4derbest\u00e4ndig<\/li>\n<li> Dragsko av Hollywood-gungskydd f\u00f6r s\u00e4ker passform<\/li>\n<li> L\u00e5ng dragkedja f\u00f6r att enkelt s\u00e4tta p\u00e5 och ta av skyddet<\/li>\n<li> T\u00e4tt sydda s\u00f6mmar f\u00f6r att f\u00f6rhindra intr\u00e5ng av vatten, smuts och rester<\/li>\n<li> L\u00e4tt att reng\u00f6ra och underh\u00e5lla<\/li>\n<\/ul>\n<p> Tekniska specifikationer:<\/p>\n<ul>\n<li> F\u00e4rg: Svart<\/li>\n<li> Material: Oxford-tyg<\/li>\n<li> Totala dimensioner: 185L x 76B x 81H cm<\/li>\n<li> UV-skyddsklass: UV 8<\/li>\n<\/ul>\n<p>Leveransinneh\u00e5ll:<\/p>\n<ul>\n<li> 1 x Skydd f\u00f6r tr\u00e4dg\u00e5rdsgunga;<\/li>\n<\/ul>\n","protected":false},"excerpt":{"rendered":"<p>Skydda din tr\u00e4dg\u00e5rdsgunga med detta [BRAND NAME] Hollywood-gungskydd. Tillverkad av PU-belagd Oxford-tyg, \u00e4r detta h\u00e5llbara och v\u00e4derbest\u00e4ndiga skydd vattent\u00e4tt och&#8230;<\/p>\n","protected":false},"featured_media":108881,"template":"","meta":[],"product_brand":[],"product_cat":[1034,453,858,450],"product_tag":[],"class_list":{"0":"post-108892","1":"product","2":"type-product","3":"status-publish","4":"has-post-thumbnail","6":"product_cat-abdeckung","7":"product_cat-hollywood-gungor","8":"product_cat-tradgard-terrass","9":"product_cat-tradgardsmobler","11":"first","12":"instock","13":"sale","14":"taxable","15":"shipping-taxable","16":"purchasable","17":"product-type-simple"},"yoast_head":"<!-- This site is optimized with the Yoast SEO plugin v25.4 - https:\/\/yoast.com\/wordpress\/plugins\/seo\/ -->\n<title>TRUUSK Tr\u00e4dg\u00e5rdsgunga 3-sits - Vattent\u00e4tt Skyddsh\u00f6lje - UV-resistent - 420D Oxford-tyg - Vindt\u00e5ligt Skydd - Gr\u00e5 - TRUUSK - Hem, Tr\u00e4dg\u00e5rd &amp; Fritid<\/title>\n<meta name=\"robots\" content=\"index, follow, max-snippet:-1, max-image-preview:large, max-video-preview:-1\" \/>\n<link rel=\"canonical\" href=\"https:\/\/truusk.store\/sv\/produkt\/truusk-tradgardsgunga-3-sits-vattentatt-skyddsholje-uv-resistent-420d-oxford-tyg-vindtaligt-skydd-gra\/\" \/>\n<meta property=\"og:locale\" content=\"sv_SE\" \/>\n<meta property=\"og:type\" content=\"article\" \/>\n<meta property=\"og:title\" content=\"TRUUSK Tr\u00e4dg\u00e5rdsgunga 3-sits - Vattent\u00e4tt Skyddsh\u00f6lje - UV-resistent - 420D Oxford-tyg - Vindt\u00e5ligt Skydd - Gr\u00e5 - TRUUSK - Hem, Tr\u00e4dg\u00e5rd &amp; Fritid\" \/>\n<meta property=\"og:description\" content=\"Skydda din tr\u00e4dg\u00e5rdsgunga med detta [BRAND NAME] Hollywood-gungskydd. Tillverkad av PU-belagd Oxford-tyg, \u00e4r detta h\u00e5llbara och v\u00e4derbest\u00e4ndiga skydd vattent\u00e4tt och...\" \/>\n<meta property=\"og:url\" content=\"https:\/\/truusk.store\/sv\/produkt\/truusk-tradgardsgunga-3-sits-vattentatt-skyddsholje-uv-resistent-420d-oxford-tyg-vindtaligt-skydd-gra\/\" \/>\n<meta property=\"og:site_name\" content=\"TRUUSK - Hem, Tr\u00e4dg\u00e5rd &amp; Fritid\" \/>\n<meta property=\"article:modified_time\" content=\"2026-03-12T07:53:38+00:00\" \/>\n<meta property=\"og:image\" content=\"https:\/\/i0.wp.com\/truusk.se\/wp-content\/uploads\/2026\/03\/3-sits-tradgardsgunga-skydd-vattentat-skyddsholje-vindtat-och-uv-resistent-420d-oxford-tyg-1.webp?fit=2000%2C2000&ssl=1\" \/>\n\t<meta property=\"og:image:width\" content=\"2000\" \/>\n\t<meta property=\"og:image:height\" content=\"2000\" \/>\n\t<meta property=\"og:image:type\" content=\"image\/webp\" \/>\n<meta name=\"twitter:card\" content=\"summary_large_image\" \/>\n<meta name=\"twitter:label1\" content=\"Ber\u00e4knad l\u00e4stid\" \/>\n\t<meta name=\"twitter:data1\" content=\"1 minut\" \/>\n<!-- \/ Yoast SEO plugin. -->","yoast_head_json":{"title":"TRUUSK Tr\u00e4dg\u00e5rdsgunga 3-sits - Vattent\u00e4tt Skyddsh\u00f6lje - UV-resistent - 420D Oxford-tyg - Vindt\u00e5ligt Skydd - Gr\u00e5 - TRUUSK - Hem, Tr\u00e4dg\u00e5rd &amp; Fritid","robots":{"index":"index","follow":"follow","max-snippet":"max-snippet:-1","max-image-preview":"max-image-preview:large","max-video-preview":"max-video-preview:-1"},"canonical":"https:\/\/truusk.store\/sv\/produkt\/truusk-tradgardsgunga-3-sits-vattentatt-skyddsholje-uv-resistent-420d-oxford-tyg-vindtaligt-skydd-gra\/","og_locale":"sv_SE","og_type":"article","og_title":"TRUUSK Tr\u00e4dg\u00e5rdsgunga 3-sits - Vattent\u00e4tt Skyddsh\u00f6lje - UV-resistent - 420D Oxford-tyg - Vindt\u00e5ligt Skydd - Gr\u00e5 - TRUUSK - Hem, Tr\u00e4dg\u00e5rd &amp; Fritid","og_description":"Skydda din tr\u00e4dg\u00e5rdsgunga med detta [BRAND NAME] Hollywood-gungskydd. Tillverkad av PU-belagd Oxford-tyg, \u00e4r detta h\u00e5llbara och v\u00e4derbest\u00e4ndiga skydd vattent\u00e4tt och...","og_url":"https:\/\/truusk.store\/sv\/produkt\/truusk-tradgardsgunga-3-sits-vattentatt-skyddsholje-uv-resistent-420d-oxford-tyg-vindtaligt-skydd-gra\/","og_site_name":"TRUUSK - Hem, Tr\u00e4dg\u00e5rd &amp; Fritid","article_modified_time":"2026-03-12T07:53:38+00:00","og_image":[{"width":2000,"height":2000,"url":"https:\/\/i0.wp.com\/truusk.se\/wp-content\/uploads\/2026\/03\/3-sits-tradgardsgunga-skydd-vattentat-skyddsholje-vindtat-och-uv-resistent-420d-oxford-tyg-1.webp?fit=2000%2C2000&ssl=1","type":"image\/webp"}],"twitter_card":"summary_large_image","twitter_misc":{"Ber\u00e4knad l\u00e4stid":"1 minut"},"schema":{"@context":"https:\/\/schema.org","@graph":[{"@type":"WebPage","@id":"https:\/\/truusk.store\/sv\/produkt\/truusk-tradgardsgunga-3-sits-vattentatt-skyddsholje-uv-resistent-420d-oxford-tyg-vindtaligt-skydd-gra\/","url":"https:\/\/truusk.store\/sv\/produkt\/truusk-tradgardsgunga-3-sits-vattentatt-skyddsholje-uv-resistent-420d-oxford-tyg-vindtaligt-skydd-gra\/","name":"TRUUSK Tr\u00e4dg\u00e5rdsgunga 3-sits - Vattent\u00e4tt Skyddsh\u00f6lje - UV-resistent - 420D Oxford-tyg - Vindt\u00e5ligt Skydd - Gr\u00e5 - TRUUSK - Hem, Tr\u00e4dg\u00e5rd &amp; Fritid","isPartOf":{"@id":"https:\/\/truusk.store\/sv\/#website"},"primaryImageOfPage":{"@id":"https:\/\/truusk.store\/sv\/produkt\/truusk-tradgardsgunga-3-sits-vattentatt-skyddsholje-uv-resistent-420d-oxford-tyg-vindtaligt-skydd-gra\/#primaryimage"},"image":{"@id":"https:\/\/truusk.store\/sv\/produkt\/truusk-tradgardsgunga-3-sits-vattentatt-skyddsholje-uv-resistent-420d-oxford-tyg-vindtaligt-skydd-gra\/#primaryimage"},"thumbnailUrl":"https:\/\/i0.wp.com\/truusk.store\/wp-content\/uploads\/2026\/03\/3-sits-tradgardsgunga-skydd-vattentat-skyddsholje-vindtat-och-uv-resistent-420d-oxford-tyg-1.webp?fit=2000%2C2000&ssl=1","datePublished":"2026-03-11T13:55:47+00:00","dateModified":"2026-03-12T07:53:38+00:00","breadcrumb":{"@id":"https:\/\/truusk.store\/sv\/produkt\/truusk-tradgardsgunga-3-sits-vattentatt-skyddsholje-uv-resistent-420d-oxford-tyg-vindtaligt-skydd-gra\/#breadcrumb"},"inLanguage":"sv-SE","potentialAction":[{"@type":"ReadAction","target":["https:\/\/truusk.store\/sv\/produkt\/truusk-tradgardsgunga-3-sits-vattentatt-skyddsholje-uv-resistent-420d-oxford-tyg-vindtaligt-skydd-gra\/"]}]},{"@type":"ImageObject","inLanguage":"sv-SE","@id":"https:\/\/truusk.store\/sv\/produkt\/truusk-tradgardsgunga-3-sits-vattentatt-skyddsholje-uv-resistent-420d-oxford-tyg-vindtaligt-skydd-gra\/#primaryimage","url":"https:\/\/i0.wp.com\/truusk.store\/wp-content\/uploads\/2026\/03\/3-sits-tradgardsgunga-skydd-vattentat-skyddsholje-vindtat-och-uv-resistent-420d-oxford-tyg-1.webp?fit=2000%2C2000&ssl=1","contentUrl":"https:\/\/i0.wp.com\/truusk.store\/wp-content\/uploads\/2026\/03\/3-sits-tradgardsgunga-skydd-vattentat-skyddsholje-vindtat-och-uv-resistent-420d-oxford-tyg-1.webp?fit=2000%2C2000&ssl=1","width":2000,"height":2000},{"@type":"BreadcrumbList","@id":"https:\/\/truusk.store\/sv\/produkt\/truusk-tradgardsgunga-3-sits-vattentatt-skyddsholje-uv-resistent-420d-oxford-tyg-vindtaligt-skydd-gra\/#breadcrumb","itemListElement":[{"@type":"ListItem","position":1,"name":"Home","item":"https:\/\/truusk.store\/sv\/"},{"@type":"ListItem","position":2,"name":"Shop","item":"https:\/\/truusk.store\/shop\/"},{"@type":"ListItem","position":3,"name":"TRUUSK Tr\u00e4dg\u00e5rdsgunga 3-sits &#8211; Vattent\u00e4tt Skyddsh\u00f6lje &#8211; UV-resistent &#8211; 420D Oxford-tyg &#8211; Vindt\u00e5ligt Skydd &#8211; Gr\u00e5"}]},{"@type":"WebSite","@id":"https:\/\/truusk.store\/sv\/#website","url":"https:\/\/truusk.store\/sv\/","name":"TRUUSK - Hem, Tr\u00e4dg\u00e5rd & Fritid","description":"","publisher":{"@id":"https:\/\/truusk.store\/sv\/#organization"},"potentialAction":[{"@type":"SearchAction","target":{"@type":"EntryPoint","urlTemplate":"https:\/\/truusk.store\/sv\/?s={search_term_string}"},"query-input":{"@type":"PropertyValueSpecification","valueRequired":true,"valueName":"search_term_string"}}],"inLanguage":"sv-SE"},{"@type":"Organization","@id":"https:\/\/truusk.store\/sv\/#organization","name":"TRUUSK - Hem, Tr\u00e4dg\u00e5rd & Fritid","url":"https:\/\/truusk.store\/sv\/","logo":{"@type":"ImageObject","inLanguage":"sv-SE","@id":"https:\/\/truusk.store\/sv\/#\/schema\/logo\/image\/","url":"https:\/\/i0.wp.com\/truusk.store\/wp-content\/uploads\/2026\/03\/cropped-TRUUSK.png?fit=2032%2C917&ssl=1","contentUrl":"https:\/\/i0.wp.com\/truusk.store\/wp-content\/uploads\/2026\/03\/cropped-TRUUSK.png?fit=2032%2C917&ssl=1","width":2032,"height":917,"caption":"TRUUSK - Hem, Tr\u00e4dg\u00e5rd & Fritid"},"image":{"@id":"https:\/\/truusk.store\/sv\/#\/schema\/logo\/image\/"}}]}},"jetpack_sharing_enabled":true,"_links":{"self":[{"href":"https:\/\/truusk.store\/sv\/wp-json\/wp\/v2\/product\/108892","targetHints":{"allow":["GET"]}}],"collection":[{"href":"https:\/\/truusk.store\/sv\/wp-json\/wp\/v2\/product"}],"about":[{"href":"https:\/\/truusk.store\/sv\/wp-json\/wp\/v2\/types\/product"}],"wp:featuredmedia":[{"embeddable":true,"href":"https:\/\/truusk.store\/sv\/wp-json\/wp\/v2\/media\/108881"}],"wp:attachment":[{"href":"https:\/\/truusk.store\/sv\/wp-json\/wp\/v2\/media?parent=108892"}],"wp:term":[{"taxonomy":"product_brand","embeddable":true,"href":"https:\/\/truusk.store\/sv\/wp-json\/wp\/v2\/product_brand?post=108892"},{"taxonomy":"product_cat","embeddable":true,"href":"https:\/\/truusk.store\/sv\/wp-json\/wp\/v2\/product_cat?post=108892"},{"taxonomy":"product_tag","embeddable":true,"href":"https:\/\/truusk.store\/sv\/wp-json\/wp\/v2\/product_tag?post=108892"}],"curies":[{"name":"wp","href":"https:\/\/api.w.org\/{rel}","templated":true}]}}