{"id":108902,"date":"2026-03-11T14:57:02","date_gmt":"2026-03-11T13:57:02","guid":{"rendered":"https:\/\/truusk.store\/product\/badrumsskap-fristaende-med-2-dorrar-och-oppen-hylla-vit\/"},"modified":"2026-03-12T08:53:38","modified_gmt":"2026-03-12T07:53:38","slug":"truusk-badrumsskap-fristaende-med-2-dorrar-oppen-hylla-vit","status":"publish","type":"product","link":"https:\/\/truusk.store\/sv\/produkt\/truusk-badrumsskap-fristaende-med-2-dorrar-oppen-hylla-vit\/","title":{"rendered":"TRUUSK Badrumssk\u00e5p &#8211; Frist\u00e5ende Med 2 D\u00f6rrar &#8211; \u00f6ppen Hylla &#8211; Vit"},"content":{"rendered":"<p>Kaoset i badrumssk\u00e5pet kan g\u00f6ra din morgonrutin stressig, med toalettartiklar som \u00f6verfyller varje yta. Detta smala utrymme k\u00e4nns tr\u00e5ngt och oinspirerat. [BRAND NAME] h\u00f6gsk\u00e5p l\u00f6ser detta elegant med sin smala profil p\u00e5 30B x 24D x 140H cm och stilfulla r\u00e4fflade d\u00f6rrar. Dess justerbara hyllor ger varje objekt en plats och f\u00f6rvandlar ditt badrum till en lugn, organiserad oas.<\/p>\n<p>Beskrivning:<\/p>\n<ul>\n<li> Detta nischsk\u00e5p har stilfulla r\u00e4fflade d\u00f6rrar och en tv\u00e5f\u00e4rgad yta f\u00f6r samtida charm<\/li>\n<li> Tv\u00e5 sk\u00e5p och en central \u00f6ppen hylla erbjuder m\u00e5ngsidiga, organiserade f\u00f6rvaringsm\u00f6jligheter f\u00f6r detta badrumssk\u00e5p<\/li>\n<li> Inre hyllor kan justeras i tre h\u00f6jder och ger plats f\u00f6r b\u00e5de h\u00f6ga och sm\u00e5 f\u00f6rem\u00e5l<\/li>\n<li> Det smala 30B x 24D x 140H cm designen p\u00e5 toalettsk\u00e5pet passar perfekt i smala badrumsomr\u00e5den<\/li>\n<li> Soft-Close-g\u00e5ngj\u00e4rn p\u00e5 d\u00f6rrarna ger en tyst, mjuk st\u00e4ngningsprocess f\u00f6r ett lugnt hem<\/li>\n<li> FSC-certifierad MDF tillverkas av ansvarsfullt ink\u00f6pta material f\u00f6r h\u00e5llbara m\u00f6bler<\/li>\n<li> Inkluderar tippskyddsh\u00e5rdvara f\u00f6r att s\u00e4kra badrumssk\u00e5pet till v\u00e4ggen<\/li>\n<li> Montering kr\u00e4vs<\/li>\n<\/ul>\n<p> Tekniska specifikationer:<\/p>\n<ul>\n<li> F\u00e4rg: Vit+Naturtr\u00e4<\/li>\n<li> Material: MDF<\/li>\n<li> Totala dimensioner: 30B x 24D x 140H cm<\/li>\n<li> Sk\u00e5pinsida storlek: 26,8B x 21D x 25,7H cm (per niv\u00e5)<\/li>\n<li> \u00d6ppen hyllfacksstorlek: 24B x 20D x 19,5H cm<\/li>\n<li> B\u00e4rkapacitet: 30 kg (totalt), 5 kg (hylla)<\/li>\n<\/ul>\n<p>Leveransinneh\u00e5ll:<\/p>\n<ul>\n<li> 1 x Badrumssk\u00e5p<\/li>\n<li> 1 x Instruktioner<\/li>\n<\/ul>\n","protected":false},"excerpt":{"rendered":"<p>Kaoset i badrumssk\u00e5pet kan g\u00f6ra din morgonrutin stressig, med toalettartiklar som \u00f6verfyller varje yta. Detta smala utrymme k\u00e4nns tr\u00e5ngt och&#8230;<\/p>\n","protected":false},"featured_media":108893,"template":"","meta":[],"product_brand":[],"product_cat":[915,535,871],"product_tag":[],"class_list":{"0":"post-108902","1":"product","2":"type-product","3":"status-publish","4":"has-post-thumbnail","6":"product_cat-badrum","7":"product_cat-badrumsskap","8":"product_cat-hus-hem","10":"first","11":"instock","12":"sale","13":"taxable","14":"shipping-taxable","15":"purchasable","16":"product-type-simple"},"yoast_head":"<!-- This site is optimized with the Yoast SEO plugin v25.4 - https:\/\/yoast.com\/wordpress\/plugins\/seo\/ -->\n<title>TRUUSK Badrumssk\u00e5p - Frist\u00e5ende Med 2 D\u00f6rrar - \u00f6ppen Hylla - Vit - TRUUSK - Hem, Tr\u00e4dg\u00e5rd &amp; Fritid<\/title>\n<meta name=\"robots\" content=\"index, follow, max-snippet:-1, max-image-preview:large, max-video-preview:-1\" \/>\n<link rel=\"canonical\" href=\"https:\/\/truusk.store\/sv\/produkt\/truusk-badrumsskap-fristaende-med-2-dorrar-oppen-hylla-vit\/\" \/>\n<meta property=\"og:locale\" content=\"sv_SE\" \/>\n<meta property=\"og:type\" content=\"article\" \/>\n<meta property=\"og:title\" content=\"TRUUSK Badrumssk\u00e5p - Frist\u00e5ende Med 2 D\u00f6rrar - \u00f6ppen Hylla - Vit - TRUUSK - Hem, Tr\u00e4dg\u00e5rd &amp; Fritid\" \/>\n<meta property=\"og:description\" content=\"Kaoset i badrumssk\u00e5pet kan g\u00f6ra din morgonrutin stressig, med toalettartiklar som \u00f6verfyller varje yta. Detta smala utrymme k\u00e4nns tr\u00e5ngt och...\" \/>\n<meta property=\"og:url\" content=\"https:\/\/truusk.store\/sv\/produkt\/truusk-badrumsskap-fristaende-med-2-dorrar-oppen-hylla-vit\/\" \/>\n<meta property=\"og:site_name\" content=\"TRUUSK - Hem, Tr\u00e4dg\u00e5rd &amp; Fritid\" \/>\n<meta property=\"article:modified_time\" content=\"2026-03-12T07:53:38+00:00\" \/>\n<meta property=\"og:image\" content=\"https:\/\/i0.wp.com\/truusk.se\/wp-content\/uploads\/2026\/03\/badrumsskap-fristaende-med-2-dorrar-och-oppen-hylla-vit-1.webp?fit=2000%2C2000&ssl=1\" \/>\n\t<meta property=\"og:image:width\" content=\"2000\" \/>\n\t<meta property=\"og:image:height\" content=\"2000\" \/>\n\t<meta property=\"og:image:type\" content=\"image\/webp\" \/>\n<meta name=\"twitter:card\" content=\"summary_large_image\" \/>\n<meta name=\"twitter:label1\" content=\"Ber\u00e4knad l\u00e4stid\" \/>\n\t<meta name=\"twitter:data1\" content=\"1 minut\" \/>\n<!-- \/ Yoast SEO plugin. -->","yoast_head_json":{"title":"TRUUSK Badrumssk\u00e5p - Frist\u00e5ende Med 2 D\u00f6rrar - \u00f6ppen Hylla - Vit - TRUUSK - Hem, Tr\u00e4dg\u00e5rd &amp; Fritid","robots":{"index":"index","follow":"follow","max-snippet":"max-snippet:-1","max-image-preview":"max-image-preview:large","max-video-preview":"max-video-preview:-1"},"canonical":"https:\/\/truusk.store\/sv\/produkt\/truusk-badrumsskap-fristaende-med-2-dorrar-oppen-hylla-vit\/","og_locale":"sv_SE","og_type":"article","og_title":"TRUUSK Badrumssk\u00e5p - Frist\u00e5ende Med 2 D\u00f6rrar - \u00f6ppen Hylla - Vit - TRUUSK - Hem, Tr\u00e4dg\u00e5rd &amp; Fritid","og_description":"Kaoset i badrumssk\u00e5pet kan g\u00f6ra din morgonrutin stressig, med toalettartiklar som \u00f6verfyller varje yta. Detta smala utrymme k\u00e4nns tr\u00e5ngt och...","og_url":"https:\/\/truusk.store\/sv\/produkt\/truusk-badrumsskap-fristaende-med-2-dorrar-oppen-hylla-vit\/","og_site_name":"TRUUSK - Hem, Tr\u00e4dg\u00e5rd &amp; Fritid","article_modified_time":"2026-03-12T07:53:38+00:00","og_image":[{"width":2000,"height":2000,"url":"https:\/\/i0.wp.com\/truusk.se\/wp-content\/uploads\/2026\/03\/badrumsskap-fristaende-med-2-dorrar-och-oppen-hylla-vit-1.webp?fit=2000%2C2000&ssl=1","type":"image\/webp"}],"twitter_card":"summary_large_image","twitter_misc":{"Ber\u00e4knad l\u00e4stid":"1 minut"},"schema":{"@context":"https:\/\/schema.org","@graph":[{"@type":"WebPage","@id":"https:\/\/truusk.store\/sv\/produkt\/truusk-badrumsskap-fristaende-med-2-dorrar-oppen-hylla-vit\/","url":"https:\/\/truusk.store\/sv\/produkt\/truusk-badrumsskap-fristaende-med-2-dorrar-oppen-hylla-vit\/","name":"TRUUSK Badrumssk\u00e5p - Frist\u00e5ende Med 2 D\u00f6rrar - \u00f6ppen Hylla - Vit - TRUUSK - Hem, Tr\u00e4dg\u00e5rd &amp; Fritid","isPartOf":{"@id":"https:\/\/truusk.store\/sv\/#website"},"primaryImageOfPage":{"@id":"https:\/\/truusk.store\/sv\/produkt\/truusk-badrumsskap-fristaende-med-2-dorrar-oppen-hylla-vit\/#primaryimage"},"image":{"@id":"https:\/\/truusk.store\/sv\/produkt\/truusk-badrumsskap-fristaende-med-2-dorrar-oppen-hylla-vit\/#primaryimage"},"thumbnailUrl":"https:\/\/i0.wp.com\/truusk.store\/wp-content\/uploads\/2026\/03\/badrumsskap-fristaende-med-2-dorrar-och-oppen-hylla-vit-1.webp?fit=2000%2C2000&ssl=1","datePublished":"2026-03-11T13:57:02+00:00","dateModified":"2026-03-12T07:53:38+00:00","breadcrumb":{"@id":"https:\/\/truusk.store\/sv\/produkt\/truusk-badrumsskap-fristaende-med-2-dorrar-oppen-hylla-vit\/#breadcrumb"},"inLanguage":"sv-SE","potentialAction":[{"@type":"ReadAction","target":["https:\/\/truusk.store\/sv\/produkt\/truusk-badrumsskap-fristaende-med-2-dorrar-oppen-hylla-vit\/"]}]},{"@type":"ImageObject","inLanguage":"sv-SE","@id":"https:\/\/truusk.store\/sv\/produkt\/truusk-badrumsskap-fristaende-med-2-dorrar-oppen-hylla-vit\/#primaryimage","url":"https:\/\/i0.wp.com\/truusk.store\/wp-content\/uploads\/2026\/03\/badrumsskap-fristaende-med-2-dorrar-och-oppen-hylla-vit-1.webp?fit=2000%2C2000&ssl=1","contentUrl":"https:\/\/i0.wp.com\/truusk.store\/wp-content\/uploads\/2026\/03\/badrumsskap-fristaende-med-2-dorrar-och-oppen-hylla-vit-1.webp?fit=2000%2C2000&ssl=1","width":2000,"height":2000},{"@type":"BreadcrumbList","@id":"https:\/\/truusk.store\/sv\/produkt\/truusk-badrumsskap-fristaende-med-2-dorrar-oppen-hylla-vit\/#breadcrumb","itemListElement":[{"@type":"ListItem","position":1,"name":"Home","item":"https:\/\/truusk.store\/sv\/"},{"@type":"ListItem","position":2,"name":"Shop","item":"https:\/\/truusk.store\/shop\/"},{"@type":"ListItem","position":3,"name":"TRUUSK Badrumssk\u00e5p &#8211; Frist\u00e5ende Med 2 D\u00f6rrar &#8211; \u00f6ppen Hylla &#8211; Vit"}]},{"@type":"WebSite","@id":"https:\/\/truusk.store\/sv\/#website","url":"https:\/\/truusk.store\/sv\/","name":"TRUUSK - Hem, Tr\u00e4dg\u00e5rd & Fritid","description":"","publisher":{"@id":"https:\/\/truusk.store\/sv\/#organization"},"potentialAction":[{"@type":"SearchAction","target":{"@type":"EntryPoint","urlTemplate":"https:\/\/truusk.store\/sv\/?s={search_term_string}"},"query-input":{"@type":"PropertyValueSpecification","valueRequired":true,"valueName":"search_term_string"}}],"inLanguage":"sv-SE"},{"@type":"Organization","@id":"https:\/\/truusk.store\/sv\/#organization","name":"TRUUSK - Hem, Tr\u00e4dg\u00e5rd & Fritid","url":"https:\/\/truusk.store\/sv\/","logo":{"@type":"ImageObject","inLanguage":"sv-SE","@id":"https:\/\/truusk.store\/sv\/#\/schema\/logo\/image\/","url":"https:\/\/i0.wp.com\/truusk.store\/wp-content\/uploads\/2026\/03\/cropped-TRUUSK.png?fit=2032%2C917&ssl=1","contentUrl":"https:\/\/i0.wp.com\/truusk.store\/wp-content\/uploads\/2026\/03\/cropped-TRUUSK.png?fit=2032%2C917&ssl=1","width":2032,"height":917,"caption":"TRUUSK - Hem, Tr\u00e4dg\u00e5rd & Fritid"},"image":{"@id":"https:\/\/truusk.store\/sv\/#\/schema\/logo\/image\/"}}]}},"jetpack_sharing_enabled":true,"_links":{"self":[{"href":"https:\/\/truusk.store\/sv\/wp-json\/wp\/v2\/product\/108902","targetHints":{"allow":["GET"]}}],"collection":[{"href":"https:\/\/truusk.store\/sv\/wp-json\/wp\/v2\/product"}],"about":[{"href":"https:\/\/truusk.store\/sv\/wp-json\/wp\/v2\/types\/product"}],"wp:featuredmedia":[{"embeddable":true,"href":"https:\/\/truusk.store\/sv\/wp-json\/wp\/v2\/media\/108893"}],"wp:attachment":[{"href":"https:\/\/truusk.store\/sv\/wp-json\/wp\/v2\/media?parent=108902"}],"wp:term":[{"taxonomy":"product_brand","embeddable":true,"href":"https:\/\/truusk.store\/sv\/wp-json\/wp\/v2\/product_brand?post=108902"},{"taxonomy":"product_cat","embeddable":true,"href":"https:\/\/truusk.store\/sv\/wp-json\/wp\/v2\/product_cat?post=108902"},{"taxonomy":"product_tag","embeddable":true,"href":"https:\/\/truusk.store\/sv\/wp-json\/wp\/v2\/product_tag?post=108902"}],"curies":[{"name":"wp","href":"https:\/\/api.w.org\/{rel}","templated":true}]}}