{"id":108934,"date":"2026-03-11T15:00:00","date_gmt":"2026-03-11T14:00:00","guid":{"rendered":"https:\/\/truusk.store\/product\/parasoll-ca-o300-cm-solskydd-med-lasmekanism-vev-stativ-vikter-morkgra\/"},"modified":"2026-03-12T08:53:39","modified_gmt":"2026-03-12T07:53:39","slug":"truusk-parasoll-o300-cm-solskydd-med-lasmekanism-vev-stativ-vikter-morkgra","status":"publish","type":"product","link":"https:\/\/truusk.store\/sv\/produkt\/truusk-parasoll-o300-cm-solskydd-med-lasmekanism-vev-stativ-vikter-morkgra\/","title":{"rendered":"TRUUSK Parasoll \u00d8300 cm &#8211; Solskydd med l\u00e5smekanism &#8211; Vev &#8211; Stativ &#8211; Vikter &#8211; M\u00f6rkgr\u00e5"},"content":{"rendered":"<p>Njut av behaglig skugga med [BRAND NAME] ca 3 m f\u00f6rskjutna marknadsparasoll. Den ventilerade polyestert\u00e4ckningen och den stabila metallramen garanterar s\u00e4kert grepp i vind, medan den f\u00f6rst\u00e4rkta sv\u00e4ngarmen ger extra stabilitet. Med korsbas och fyra fyllbara vikter erbjuder solparasollet allt f\u00f6r en enkel montering. UPF 30+ skydd ger en bekv\u00e4m, skuggig oas i tr\u00e4dg\u00e5rden.<\/p>\n<p> Beskrivning:<\/p>\n<ul>\n<li> Korsbas och fyra fyllbara vikter ing\u00e5r f\u00f6r en komplett, stabil upps\u00e4ttning, perfekt f\u00f6r ditt nya solparasoll<\/li>\n<li> F\u00f6rst\u00e4rkt l\u00e5smekanism p\u00e5 utkastarmen f\u00f6r s\u00e4ker fasts\u00e4ttning av parasollet<\/li>\n<li> 48 mm tjock, pulverlackerad metallmast och sex metallribbor f\u00f6r en stark k\u00e4rna, perfekt som balkongparasoll<\/li>\n<li> 180 g\/m\u00b2 polyestertak erbjuder UPF 30+ solskydd<\/li>\n<li> \u00d6verliggande ventilations\u00f6ppning f\u00f6rb\u00e4ttrar luftcirkulationen och minskar vindbelastningen<\/li>\n<li> Vevhandtag f\u00f6r enkel \u00f6ppning och st\u00e4ngning<\/li>\n<li> Montering kr\u00e4vs<\/li>\n<\/ul>\n<p> Tekniska data:<\/p>\n<ul>\n<li> F\u00e4rg: M\u00f6rkgr\u00e5<\/li>\n<li> Material: Metall, Polyester<\/li>\n<li> Totala dimensioner: 302L x 295B x 242H cm<\/li>\n<li> Baldakindimensioner: \u00d8295 cm<\/li>\n<li> Baldakinkantens h\u00f6jd: 192-209 cm<\/li>\n<li> St\u00e5ngdiameter: \u00d848 mm<\/li>\n<li> St\u00e4ngda dimensioner: 90L x 90B x 224H cm<\/li>\n<li> Korsfotsdimensioner: 90L x 90B x 4,5H cm<\/li>\n<li> Viktdimensioner: 79L x 79B x 9,5H cm<\/li>\n<li> Vikt efter fyllning: 46 kg (vatten), 68 kg (sand)<\/li>\n<li> Obs: Anv\u00e4nd inte parasollet vid extrema v\u00e4derf\u00f6rh\u00e5llanden (stark vind, kraftigt regn, sn\u00f6)<\/li>\n<\/ul>\n<p>Leveransinneh\u00e5ll:<\/p>\n<ul>\n<li> 1 x Terrassparasoll<\/li>\n<li> 1 x Korsfot<\/li>\n<li> 4 x Viktplatta<\/li>\n<li> 1 x Instruktioner<\/li>\n<\/ul>\n","protected":false},"excerpt":{"rendered":"<p>Njut av behaglig skugga med [BRAND NAME] ca 3 m f\u00f6rskjutna marknadsparasoll. Den ventilerade polyestert\u00e4ckningen och den stabila metallramen garanterar&#8230;<\/p>\n","protected":false},"featured_media":108923,"template":"","meta":[],"product_brand":[],"product_cat":[472,862,858],"product_tag":[],"class_list":{"0":"post-108934","1":"product","2":"type-product","3":"status-publish","4":"has-post-thumbnail","6":"product_cat-parasoller","7":"product_cat-sol-insynsskydd","8":"product_cat-tradgard-terrass","10":"first","11":"instock","12":"sale","13":"taxable","14":"shipping-taxable","15":"purchasable","16":"product-type-simple"},"yoast_head":"<!-- This site is optimized with the Yoast SEO plugin v25.4 - https:\/\/yoast.com\/wordpress\/plugins\/seo\/ -->\n<title>TRUUSK Parasoll \u00d8300 cm - Solskydd med l\u00e5smekanism - Vev - Stativ - Vikter - M\u00f6rkgr\u00e5 - TRUUSK - Hem, Tr\u00e4dg\u00e5rd &amp; Fritid<\/title>\n<meta name=\"robots\" content=\"index, follow, max-snippet:-1, max-image-preview:large, max-video-preview:-1\" \/>\n<link rel=\"canonical\" href=\"https:\/\/truusk.store\/sv\/produkt\/truusk-parasoll-o300-cm-solskydd-med-lasmekanism-vev-stativ-vikter-morkgra\/\" \/>\n<meta property=\"og:locale\" content=\"sv_SE\" \/>\n<meta property=\"og:type\" content=\"article\" \/>\n<meta property=\"og:title\" content=\"TRUUSK Parasoll \u00d8300 cm - Solskydd med l\u00e5smekanism - Vev - Stativ - Vikter - M\u00f6rkgr\u00e5 - TRUUSK - Hem, Tr\u00e4dg\u00e5rd &amp; Fritid\" \/>\n<meta property=\"og:description\" content=\"Njut av behaglig skugga med [BRAND NAME] ca 3 m f\u00f6rskjutna marknadsparasoll. Den ventilerade polyestert\u00e4ckningen och den stabila metallramen garanterar...\" \/>\n<meta property=\"og:url\" content=\"https:\/\/truusk.store\/sv\/produkt\/truusk-parasoll-o300-cm-solskydd-med-lasmekanism-vev-stativ-vikter-morkgra\/\" \/>\n<meta property=\"og:site_name\" content=\"TRUUSK - Hem, Tr\u00e4dg\u00e5rd &amp; Fritid\" \/>\n<meta property=\"article:modified_time\" content=\"2026-03-12T07:53:39+00:00\" \/>\n<meta property=\"og:image\" content=\"https:\/\/i0.wp.com\/truusk.se\/wp-content\/uploads\/2026\/03\/parasoll-ca-o300-cm-solskydd-med-lasmekanism-vev-stativ-vikter-morkgra-1.webp?fit=2000%2C2000&ssl=1\" \/>\n\t<meta property=\"og:image:width\" content=\"2000\" \/>\n\t<meta property=\"og:image:height\" content=\"2000\" \/>\n\t<meta property=\"og:image:type\" content=\"image\/webp\" \/>\n<meta name=\"twitter:card\" content=\"summary_large_image\" \/>\n<meta name=\"twitter:label1\" content=\"Ber\u00e4knad l\u00e4stid\" \/>\n\t<meta name=\"twitter:data1\" content=\"1 minut\" \/>\n<!-- \/ Yoast SEO plugin. -->","yoast_head_json":{"title":"TRUUSK Parasoll \u00d8300 cm - Solskydd med l\u00e5smekanism - Vev - Stativ - Vikter - M\u00f6rkgr\u00e5 - TRUUSK - Hem, Tr\u00e4dg\u00e5rd &amp; Fritid","robots":{"index":"index","follow":"follow","max-snippet":"max-snippet:-1","max-image-preview":"max-image-preview:large","max-video-preview":"max-video-preview:-1"},"canonical":"https:\/\/truusk.store\/sv\/produkt\/truusk-parasoll-o300-cm-solskydd-med-lasmekanism-vev-stativ-vikter-morkgra\/","og_locale":"sv_SE","og_type":"article","og_title":"TRUUSK Parasoll \u00d8300 cm - Solskydd med l\u00e5smekanism - Vev - Stativ - Vikter - M\u00f6rkgr\u00e5 - TRUUSK - Hem, Tr\u00e4dg\u00e5rd &amp; Fritid","og_description":"Njut av behaglig skugga med [BRAND NAME] ca 3 m f\u00f6rskjutna marknadsparasoll. Den ventilerade polyestert\u00e4ckningen och den stabila metallramen garanterar...","og_url":"https:\/\/truusk.store\/sv\/produkt\/truusk-parasoll-o300-cm-solskydd-med-lasmekanism-vev-stativ-vikter-morkgra\/","og_site_name":"TRUUSK - Hem, Tr\u00e4dg\u00e5rd &amp; Fritid","article_modified_time":"2026-03-12T07:53:39+00:00","og_image":[{"width":2000,"height":2000,"url":"https:\/\/i0.wp.com\/truusk.se\/wp-content\/uploads\/2026\/03\/parasoll-ca-o300-cm-solskydd-med-lasmekanism-vev-stativ-vikter-morkgra-1.webp?fit=2000%2C2000&ssl=1","type":"image\/webp"}],"twitter_card":"summary_large_image","twitter_misc":{"Ber\u00e4knad l\u00e4stid":"1 minut"},"schema":{"@context":"https:\/\/schema.org","@graph":[{"@type":"WebPage","@id":"https:\/\/truusk.store\/sv\/produkt\/truusk-parasoll-o300-cm-solskydd-med-lasmekanism-vev-stativ-vikter-morkgra\/","url":"https:\/\/truusk.store\/sv\/produkt\/truusk-parasoll-o300-cm-solskydd-med-lasmekanism-vev-stativ-vikter-morkgra\/","name":"TRUUSK Parasoll \u00d8300 cm - Solskydd med l\u00e5smekanism - Vev - Stativ - Vikter - M\u00f6rkgr\u00e5 - TRUUSK - Hem, Tr\u00e4dg\u00e5rd &amp; Fritid","isPartOf":{"@id":"https:\/\/truusk.store\/sv\/#website"},"primaryImageOfPage":{"@id":"https:\/\/truusk.store\/sv\/produkt\/truusk-parasoll-o300-cm-solskydd-med-lasmekanism-vev-stativ-vikter-morkgra\/#primaryimage"},"image":{"@id":"https:\/\/truusk.store\/sv\/produkt\/truusk-parasoll-o300-cm-solskydd-med-lasmekanism-vev-stativ-vikter-morkgra\/#primaryimage"},"thumbnailUrl":"https:\/\/i0.wp.com\/truusk.store\/wp-content\/uploads\/2026\/03\/parasoll-ca-o300-cm-solskydd-med-lasmekanism-vev-stativ-vikter-morkgra-1.webp?fit=2000%2C2000&ssl=1","datePublished":"2026-03-11T14:00:00+00:00","dateModified":"2026-03-12T07:53:39+00:00","breadcrumb":{"@id":"https:\/\/truusk.store\/sv\/produkt\/truusk-parasoll-o300-cm-solskydd-med-lasmekanism-vev-stativ-vikter-morkgra\/#breadcrumb"},"inLanguage":"sv-SE","potentialAction":[{"@type":"ReadAction","target":["https:\/\/truusk.store\/sv\/produkt\/truusk-parasoll-o300-cm-solskydd-med-lasmekanism-vev-stativ-vikter-morkgra\/"]}]},{"@type":"ImageObject","inLanguage":"sv-SE","@id":"https:\/\/truusk.store\/sv\/produkt\/truusk-parasoll-o300-cm-solskydd-med-lasmekanism-vev-stativ-vikter-morkgra\/#primaryimage","url":"https:\/\/i0.wp.com\/truusk.store\/wp-content\/uploads\/2026\/03\/parasoll-ca-o300-cm-solskydd-med-lasmekanism-vev-stativ-vikter-morkgra-1.webp?fit=2000%2C2000&ssl=1","contentUrl":"https:\/\/i0.wp.com\/truusk.store\/wp-content\/uploads\/2026\/03\/parasoll-ca-o300-cm-solskydd-med-lasmekanism-vev-stativ-vikter-morkgra-1.webp?fit=2000%2C2000&ssl=1","width":2000,"height":2000},{"@type":"BreadcrumbList","@id":"https:\/\/truusk.store\/sv\/produkt\/truusk-parasoll-o300-cm-solskydd-med-lasmekanism-vev-stativ-vikter-morkgra\/#breadcrumb","itemListElement":[{"@type":"ListItem","position":1,"name":"Home","item":"https:\/\/truusk.store\/sv\/"},{"@type":"ListItem","position":2,"name":"Shop","item":"https:\/\/truusk.store\/shop\/"},{"@type":"ListItem","position":3,"name":"TRUUSK Parasoll \u00d8300 cm &#8211; Solskydd med l\u00e5smekanism &#8211; Vev &#8211; Stativ &#8211; Vikter &#8211; M\u00f6rkgr\u00e5"}]},{"@type":"WebSite","@id":"https:\/\/truusk.store\/sv\/#website","url":"https:\/\/truusk.store\/sv\/","name":"TRUUSK - Hem, Tr\u00e4dg\u00e5rd & Fritid","description":"","publisher":{"@id":"https:\/\/truusk.store\/sv\/#organization"},"potentialAction":[{"@type":"SearchAction","target":{"@type":"EntryPoint","urlTemplate":"https:\/\/truusk.store\/sv\/?s={search_term_string}"},"query-input":{"@type":"PropertyValueSpecification","valueRequired":true,"valueName":"search_term_string"}}],"inLanguage":"sv-SE"},{"@type":"Organization","@id":"https:\/\/truusk.store\/sv\/#organization","name":"TRUUSK - Hem, Tr\u00e4dg\u00e5rd & Fritid","url":"https:\/\/truusk.store\/sv\/","logo":{"@type":"ImageObject","inLanguage":"sv-SE","@id":"https:\/\/truusk.store\/sv\/#\/schema\/logo\/image\/","url":"https:\/\/i0.wp.com\/truusk.store\/wp-content\/uploads\/2026\/03\/cropped-TRUUSK.png?fit=2032%2C917&ssl=1","contentUrl":"https:\/\/i0.wp.com\/truusk.store\/wp-content\/uploads\/2026\/03\/cropped-TRUUSK.png?fit=2032%2C917&ssl=1","width":2032,"height":917,"caption":"TRUUSK - Hem, Tr\u00e4dg\u00e5rd & Fritid"},"image":{"@id":"https:\/\/truusk.store\/sv\/#\/schema\/logo\/image\/"}}]}},"jetpack_sharing_enabled":true,"_links":{"self":[{"href":"https:\/\/truusk.store\/sv\/wp-json\/wp\/v2\/product\/108934","targetHints":{"allow":["GET"]}}],"collection":[{"href":"https:\/\/truusk.store\/sv\/wp-json\/wp\/v2\/product"}],"about":[{"href":"https:\/\/truusk.store\/sv\/wp-json\/wp\/v2\/types\/product"}],"wp:featuredmedia":[{"embeddable":true,"href":"https:\/\/truusk.store\/sv\/wp-json\/wp\/v2\/media\/108923"}],"wp:attachment":[{"href":"https:\/\/truusk.store\/sv\/wp-json\/wp\/v2\/media?parent=108934"}],"wp:term":[{"taxonomy":"product_brand","embeddable":true,"href":"https:\/\/truusk.store\/sv\/wp-json\/wp\/v2\/product_brand?post=108934"},{"taxonomy":"product_cat","embeddable":true,"href":"https:\/\/truusk.store\/sv\/wp-json\/wp\/v2\/product_cat?post=108934"},{"taxonomy":"product_tag","embeddable":true,"href":"https:\/\/truusk.store\/sv\/wp-json\/wp\/v2\/product_tag?post=108934"}],"curies":[{"name":"wp","href":"https:\/\/api.w.org\/{rel}","templated":true}]}}