{"id":108957,"date":"2026-03-11T15:02:23","date_gmt":"2026-03-11T14:02:23","guid":{"rendered":"https:\/\/truusk.store\/product\/paviljongtak-ersattning-uv50-vattentat-med-8-draneringshal-3-x-3-m-bla\/"},"modified":"2026-03-12T08:53:40","modified_gmt":"2026-03-12T07:53:40","slug":"truusk-paviljongtak-ersattning-uv50-skydd-vattentat-8-draneringshal-3x3-m-bla","status":"publish","type":"product","link":"https:\/\/truusk.store\/sv\/produkt\/truusk-paviljongtak-ersattning-uv50-skydd-vattentat-8-draneringshal-3x3-m-bla\/","title":{"rendered":"TRUUSK Paviljongtak Ers\u00e4ttning &#8211; UV50+ Skydd &#8211; Vattent\u00e4t &#8211; 8 Dr\u00e4neringsh\u00e5l &#8211; 3&#215;3 M &#8211; Bl\u00e5"},"content":{"rendered":"<p>Bekymren f\u00f6r ett paviljongtak \u00e4r \u00f6ver. [BRAND NAME] paviljongtak erbjuder UV50+ och vattent\u00e4t skydd. Dess ventilerade design m\u00f6jligg\u00f6r luftcirkulation, medan 14 mm dr\u00e4neringsh\u00e5l f\u00f6rhindrar vattenansamling. Njut av skyddade och bekv\u00e4ma stunder utomhus med denna genomt\u00e4nkta paviljongtaksers\u00e4ttning.<\/p>\n<p>Beskrivning:<\/p>\n<ul>\n<li> Utformad f\u00f6r de flesta 300W x 300D cm enkelskiktstativ med raka ben<\/li>\n<li> Tillverkad av 210D silverbelagd Oxford-tyg, erbjuder UV50+ solskydd<\/li>\n<li> Denna paviljongtaksers\u00e4ttning \u00e4r helt vattent\u00e4t och idealisk f\u00f6r evenemang p\u00e5 din terrass<\/li>\n<li> Tv\u00e5 \u00f6vre ventilations\u00f6ppningar p\u00e5 paviljongtaksers\u00e4ttningen fr\u00e4mjar luftcirkulation och h\u00e5ller omr\u00e5det under svalt<\/li>\n<li> Har \u00e5tta dr\u00e4neringsh\u00e5l f\u00f6r att f\u00f6rhindra vattenansamling vid regn<\/li>\n<li> Kan enkelt f\u00e4stas p\u00e5 ramen med kardborreband<\/li>\n<li> Ingen montering kr\u00e4vs<\/li>\n<\/ul>\n<p> Tekniska specifikationer:<\/p>\n<ul>\n<li> F\u00e4rg: Bl\u00e5<\/li>\n<li> Material: 210D Oxford-tyg<\/li>\n<li> Totala dimensioner: 300L x 300B cm<\/li>\n<li> Takfotsh\u00f6jd: 25 cm<\/li>\n<li> Passar f\u00f6r pergola: 3L x 3B m Pergola<\/li>\n<li> OBS: Kontrollera storleken och modellen p\u00e5 din pergola innan k\u00f6p<\/li>\n<\/ul>\n<p>Leveransinneh\u00e5ll:<\/p>\n<ul>\n<li> 1 x Ers\u00e4ttningstak\u00f6verdrag;<\/li>\n<\/ul>\n","protected":false},"excerpt":{"rendered":"<p>Bekymren f\u00f6r ett paviljongtak \u00e4r \u00f6ver. [BRAND NAME] paviljongtak erbjuder UV50+ och vattent\u00e4t skydd. Dess ventilerade design m\u00f6jligg\u00f6r luftcirkulation, medan&#8230;<\/p>\n","protected":false},"featured_media":108943,"template":"","meta":[],"product_brand":[],"product_cat":[479,858,476],"product_tag":[],"class_list":{"0":"post-108957","1":"product","2":"type-product","3":"status-publish","4":"has-post-thumbnail","6":"product_cat-paviljongtak","7":"product_cat-tradgard-terrass","8":"product_cat-tradgardspaviljonger","10":"first","11":"instock","12":"sale","13":"taxable","14":"shipping-taxable","15":"purchasable","16":"product-type-simple"},"yoast_head":"<!-- This site is optimized with the Yoast SEO plugin v25.4 - https:\/\/yoast.com\/wordpress\/plugins\/seo\/ -->\n<title>TRUUSK Paviljongtak Ers\u00e4ttning - UV50+ Skydd - Vattent\u00e4t - 8 Dr\u00e4neringsh\u00e5l - 3x3 M - Bl\u00e5 - TRUUSK - Hem, Tr\u00e4dg\u00e5rd &amp; Fritid<\/title>\n<meta name=\"robots\" content=\"index, follow, max-snippet:-1, max-image-preview:large, max-video-preview:-1\" \/>\n<link rel=\"canonical\" href=\"https:\/\/truusk.store\/sv\/produkt\/truusk-paviljongtak-ersattning-uv50-skydd-vattentat-8-draneringshal-3x3-m-bla\/\" \/>\n<meta property=\"og:locale\" content=\"sv_SE\" \/>\n<meta property=\"og:type\" content=\"article\" \/>\n<meta property=\"og:title\" content=\"TRUUSK Paviljongtak Ers\u00e4ttning - UV50+ Skydd - Vattent\u00e4t - 8 Dr\u00e4neringsh\u00e5l - 3x3 M - Bl\u00e5 - TRUUSK - Hem, Tr\u00e4dg\u00e5rd &amp; Fritid\" \/>\n<meta property=\"og:description\" content=\"Bekymren f\u00f6r ett paviljongtak \u00e4r \u00f6ver. [BRAND NAME] paviljongtak erbjuder UV50+ och vattent\u00e4t skydd. Dess ventilerade design m\u00f6jligg\u00f6r luftcirkulation, medan...\" \/>\n<meta property=\"og:url\" content=\"https:\/\/truusk.store\/sv\/produkt\/truusk-paviljongtak-ersattning-uv50-skydd-vattentat-8-draneringshal-3x3-m-bla\/\" \/>\n<meta property=\"og:site_name\" content=\"TRUUSK - Hem, Tr\u00e4dg\u00e5rd &amp; Fritid\" \/>\n<meta property=\"article:modified_time\" content=\"2026-03-12T07:53:40+00:00\" \/>\n<meta property=\"og:image\" content=\"https:\/\/i0.wp.com\/truusk.se\/wp-content\/uploads\/2026\/03\/paviljongtak-ersattning-uv50-vattentat-med-8-draneringshal-3-x-3-m-bla-1.webp?fit=2000%2C2000&ssl=1\" \/>\n\t<meta property=\"og:image:width\" content=\"2000\" \/>\n\t<meta property=\"og:image:height\" content=\"2000\" \/>\n\t<meta property=\"og:image:type\" content=\"image\/webp\" \/>\n<meta name=\"twitter:card\" content=\"summary_large_image\" \/>\n<meta name=\"twitter:label1\" content=\"Ber\u00e4knad l\u00e4stid\" \/>\n\t<meta name=\"twitter:data1\" content=\"1 minut\" \/>\n<!-- \/ Yoast SEO plugin. -->","yoast_head_json":{"title":"TRUUSK Paviljongtak Ers\u00e4ttning - UV50+ Skydd - Vattent\u00e4t - 8 Dr\u00e4neringsh\u00e5l - 3x3 M - Bl\u00e5 - TRUUSK - Hem, Tr\u00e4dg\u00e5rd &amp; Fritid","robots":{"index":"index","follow":"follow","max-snippet":"max-snippet:-1","max-image-preview":"max-image-preview:large","max-video-preview":"max-video-preview:-1"},"canonical":"https:\/\/truusk.store\/sv\/produkt\/truusk-paviljongtak-ersattning-uv50-skydd-vattentat-8-draneringshal-3x3-m-bla\/","og_locale":"sv_SE","og_type":"article","og_title":"TRUUSK Paviljongtak Ers\u00e4ttning - UV50+ Skydd - Vattent\u00e4t - 8 Dr\u00e4neringsh\u00e5l - 3x3 M - Bl\u00e5 - TRUUSK - Hem, Tr\u00e4dg\u00e5rd &amp; Fritid","og_description":"Bekymren f\u00f6r ett paviljongtak \u00e4r \u00f6ver. [BRAND NAME] paviljongtak erbjuder UV50+ och vattent\u00e4t skydd. Dess ventilerade design m\u00f6jligg\u00f6r luftcirkulation, medan...","og_url":"https:\/\/truusk.store\/sv\/produkt\/truusk-paviljongtak-ersattning-uv50-skydd-vattentat-8-draneringshal-3x3-m-bla\/","og_site_name":"TRUUSK - Hem, Tr\u00e4dg\u00e5rd &amp; Fritid","article_modified_time":"2026-03-12T07:53:40+00:00","og_image":[{"width":2000,"height":2000,"url":"https:\/\/i0.wp.com\/truusk.se\/wp-content\/uploads\/2026\/03\/paviljongtak-ersattning-uv50-vattentat-med-8-draneringshal-3-x-3-m-bla-1.webp?fit=2000%2C2000&ssl=1","type":"image\/webp"}],"twitter_card":"summary_large_image","twitter_misc":{"Ber\u00e4knad l\u00e4stid":"1 minut"},"schema":{"@context":"https:\/\/schema.org","@graph":[{"@type":"WebPage","@id":"https:\/\/truusk.store\/sv\/produkt\/truusk-paviljongtak-ersattning-uv50-skydd-vattentat-8-draneringshal-3x3-m-bla\/","url":"https:\/\/truusk.store\/sv\/produkt\/truusk-paviljongtak-ersattning-uv50-skydd-vattentat-8-draneringshal-3x3-m-bla\/","name":"TRUUSK Paviljongtak Ers\u00e4ttning - UV50+ Skydd - Vattent\u00e4t - 8 Dr\u00e4neringsh\u00e5l - 3x3 M - Bl\u00e5 - TRUUSK - Hem, Tr\u00e4dg\u00e5rd &amp; Fritid","isPartOf":{"@id":"https:\/\/truusk.store\/sv\/#website"},"primaryImageOfPage":{"@id":"https:\/\/truusk.store\/sv\/produkt\/truusk-paviljongtak-ersattning-uv50-skydd-vattentat-8-draneringshal-3x3-m-bla\/#primaryimage"},"image":{"@id":"https:\/\/truusk.store\/sv\/produkt\/truusk-paviljongtak-ersattning-uv50-skydd-vattentat-8-draneringshal-3x3-m-bla\/#primaryimage"},"thumbnailUrl":"https:\/\/i0.wp.com\/truusk.store\/wp-content\/uploads\/2026\/03\/paviljongtak-ersattning-uv50-vattentat-med-8-draneringshal-3-x-3-m-bla-1.webp?fit=2000%2C2000&ssl=1","datePublished":"2026-03-11T14:02:23+00:00","dateModified":"2026-03-12T07:53:40+00:00","breadcrumb":{"@id":"https:\/\/truusk.store\/sv\/produkt\/truusk-paviljongtak-ersattning-uv50-skydd-vattentat-8-draneringshal-3x3-m-bla\/#breadcrumb"},"inLanguage":"sv-SE","potentialAction":[{"@type":"ReadAction","target":["https:\/\/truusk.store\/sv\/produkt\/truusk-paviljongtak-ersattning-uv50-skydd-vattentat-8-draneringshal-3x3-m-bla\/"]}]},{"@type":"ImageObject","inLanguage":"sv-SE","@id":"https:\/\/truusk.store\/sv\/produkt\/truusk-paviljongtak-ersattning-uv50-skydd-vattentat-8-draneringshal-3x3-m-bla\/#primaryimage","url":"https:\/\/i0.wp.com\/truusk.store\/wp-content\/uploads\/2026\/03\/paviljongtak-ersattning-uv50-vattentat-med-8-draneringshal-3-x-3-m-bla-1.webp?fit=2000%2C2000&ssl=1","contentUrl":"https:\/\/i0.wp.com\/truusk.store\/wp-content\/uploads\/2026\/03\/paviljongtak-ersattning-uv50-vattentat-med-8-draneringshal-3-x-3-m-bla-1.webp?fit=2000%2C2000&ssl=1","width":2000,"height":2000},{"@type":"BreadcrumbList","@id":"https:\/\/truusk.store\/sv\/produkt\/truusk-paviljongtak-ersattning-uv50-skydd-vattentat-8-draneringshal-3x3-m-bla\/#breadcrumb","itemListElement":[{"@type":"ListItem","position":1,"name":"Home","item":"https:\/\/truusk.store\/sv\/"},{"@type":"ListItem","position":2,"name":"Shop","item":"https:\/\/truusk.store\/shop\/"},{"@type":"ListItem","position":3,"name":"TRUUSK Paviljongtak Ers\u00e4ttning &#8211; UV50+ Skydd &#8211; Vattent\u00e4t &#8211; 8 Dr\u00e4neringsh\u00e5l &#8211; 3&#215;3 M &#8211; Bl\u00e5"}]},{"@type":"WebSite","@id":"https:\/\/truusk.store\/sv\/#website","url":"https:\/\/truusk.store\/sv\/","name":"TRUUSK - Hem, Tr\u00e4dg\u00e5rd & Fritid","description":"","publisher":{"@id":"https:\/\/truusk.store\/sv\/#organization"},"potentialAction":[{"@type":"SearchAction","target":{"@type":"EntryPoint","urlTemplate":"https:\/\/truusk.store\/sv\/?s={search_term_string}"},"query-input":{"@type":"PropertyValueSpecification","valueRequired":true,"valueName":"search_term_string"}}],"inLanguage":"sv-SE"},{"@type":"Organization","@id":"https:\/\/truusk.store\/sv\/#organization","name":"TRUUSK - Hem, Tr\u00e4dg\u00e5rd & Fritid","url":"https:\/\/truusk.store\/sv\/","logo":{"@type":"ImageObject","inLanguage":"sv-SE","@id":"https:\/\/truusk.store\/sv\/#\/schema\/logo\/image\/","url":"https:\/\/i0.wp.com\/truusk.store\/wp-content\/uploads\/2026\/03\/cropped-TRUUSK.png?fit=2032%2C917&ssl=1","contentUrl":"https:\/\/i0.wp.com\/truusk.store\/wp-content\/uploads\/2026\/03\/cropped-TRUUSK.png?fit=2032%2C917&ssl=1","width":2032,"height":917,"caption":"TRUUSK - Hem, Tr\u00e4dg\u00e5rd & Fritid"},"image":{"@id":"https:\/\/truusk.store\/sv\/#\/schema\/logo\/image\/"}}]}},"jetpack_sharing_enabled":true,"_links":{"self":[{"href":"https:\/\/truusk.store\/sv\/wp-json\/wp\/v2\/product\/108957","targetHints":{"allow":["GET"]}}],"collection":[{"href":"https:\/\/truusk.store\/sv\/wp-json\/wp\/v2\/product"}],"about":[{"href":"https:\/\/truusk.store\/sv\/wp-json\/wp\/v2\/types\/product"}],"wp:featuredmedia":[{"embeddable":true,"href":"https:\/\/truusk.store\/sv\/wp-json\/wp\/v2\/media\/108943"}],"wp:attachment":[{"href":"https:\/\/truusk.store\/sv\/wp-json\/wp\/v2\/media?parent=108957"}],"wp:term":[{"taxonomy":"product_brand","embeddable":true,"href":"https:\/\/truusk.store\/sv\/wp-json\/wp\/v2\/product_brand?post=108957"},{"taxonomy":"product_cat","embeddable":true,"href":"https:\/\/truusk.store\/sv\/wp-json\/wp\/v2\/product_cat?post=108957"},{"taxonomy":"product_tag","embeddable":true,"href":"https:\/\/truusk.store\/sv\/wp-json\/wp\/v2\/product_tag?post=108957"}],"curies":[{"name":"wp","href":"https:\/\/api.w.org\/{rel}","templated":true}]}}