{"id":108982,"date":"2026-03-11T15:04:57","date_gmt":"2026-03-11T14:04:57","guid":{"rendered":"https:\/\/truusk.store\/product\/paviljong-3x3-m-vattentat-hojdjusterbar-pop-up-vikpaviljong-med-3-sidovaggar-fonster-ventilation-uv-50-ljusgra\/"},"modified":"2026-03-12T08:53:42","modified_gmt":"2026-03-12T07:53:42","slug":"truusk-pop-up-paviljong-3x3-m-vattentat-hojdjusterbar-med-3-sidovaggar-fonster-ventilation-uv-50-ljusgra","status":"publish","type":"product","link":"https:\/\/truusk.store\/sv\/produkt\/truusk-pop-up-paviljong-3x3-m-vattentat-hojdjusterbar-med-3-sidovaggar-fonster-ventilation-uv-50-ljusgra\/","title":{"rendered":"TRUUSK Pop-up Paviljong 3&#215;3 M &#8211; Vattent\u00e4t &#8211; H\u00f6jdjusterbar &#8211; Med 3 Sidov\u00e4ggar &#8211; F\u00f6nster Ventilation &#8211; UV 50+ &#8211; Ljusgr\u00e5"},"content":{"rendered":"<p>Ober\u00e4kneligt v\u00e4der kan f\u00f6rsv\u00e5ra utomhusplaner. [BRAND NAME] Pop Up Paviljong erbjuder p\u00e5litligt skydd med UV50+ och vattent\u00e4tt tyg. Sidov\u00e4ggar skapar privatliv och vindskydd, stora f\u00f6nster sl\u00e4pper in ljus. Denna multifunktionella paviljong s\u00e4kerst\u00e4ller en bekv\u00e4m och bekymmersfri h\u00e4ndelse, oavsett om det \u00e4r en familjefest eller en marknadsst\u00e5nd.<\/p>\n<p>Beskrivning:<\/p>\n<ul>\n<li> Denna multifunktionella paviljong inkluderar tre sidov\u00e4ggar, sands\u00e4ckar och en rullv\u00e4ska<\/li>\n<li> 210D Oxford-tyget med reflekterande bel\u00e4ggning erbjuder UV50+ solskydd och \u00e4r vattent\u00e4tt<\/li>\n<li> Tre avtagbara sidov\u00e4ggar ger mer privatliv och vindskydd vid varje evenemang<\/li>\n<li> Tv\u00e5 stora kyrkf\u00f6nster p\u00e5 sidov\u00e4ggarna s\u00e4kerst\u00e4ller tillr\u00e4ckligt ljus och klar sikt<\/li>\n<li> Ett robust st\u00e5lram med tre h\u00f6jdjusterbara inst\u00e4llningar str\u00e4cker sig upp till 285 cm<\/li>\n<li> Designad med tv\u00e5 \u00f6vre ventilations\u00f6ppningar och \u00e5tta dr\u00e4neringsh\u00e5l f\u00f6r b\u00e4ttre stabilitet och luftcirkulation<\/li>\n<li> Kan f\u00e4llas ihop f\u00f6r enkel transport och f\u00f6rvaring i den medf\u00f6ljande b\u00e4rbara v\u00e4skan med hjul.<\/li>\n<\/ul>\n<p> Tekniska specifikationer:<\/p>\n<ul>\n<li> F\u00e4rg: Ljusgr\u00e5+Vit<\/li>\n<li> Material: 210D Oxfordtyg, Metall<\/li>\n<li> Totala dimensioner: 300L x 300B x 285H cm<\/li>\n<li> Takfotsh\u00f6jd: 200 cm<\/li>\n<li> Pelaravst\u00e5nd: 290L x 290B cm<\/li>\n<li> Hopf\u00e4llbara dimensioner: 118L x 20B x 20H cm<\/li>\n<li> F\u00f6nsterstorlek: 180B x 84H cm<\/li>\n<li> Sidov\u00e4ggsstorlek: 295B x 195H cm<\/li>\n<li> Vindskyddsniv\u00e5: 4-6<\/li>\n<li> Sn\u00f6lastkapacitet: 5 kg\/\u33a1<\/li>\n<\/ul>\n<p>Leveransinneh\u00e5ll:<\/p>\n<ul>\n<li> 1 x Pop-Up T\u00e4lt<\/li>\n<li> 4 x F\u00f6rankringslina<\/li>\n<li> 12 x Jordspik<\/li>\n<li> 1 x B\u00e4rbar v\u00e4ska<\/li>\n<li> 1 x Bruksanvisning<\/li>\n<\/ul>\n","protected":false},"excerpt":{"rendered":"<p>Ober\u00e4kneligt v\u00e4der kan f\u00f6rsv\u00e5ra utomhusplaner. [BRAND NAME] Pop Up Paviljong erbjuder p\u00e5litligt skydd med UV50+ och vattent\u00e4tt tyg. Sidov\u00e4ggar skapar&#8230;<\/p>\n","protected":false},"featured_media":108973,"template":"","meta":[],"product_brand":[],"product_cat":[477,858,476],"product_tag":[],"class_list":{"0":"post-108982","1":"product","2":"type-product","3":"status-publish","4":"has-post-thumbnail","6":"product_cat-paviljonger-partytalt","7":"product_cat-tradgard-terrass","8":"product_cat-tradgardspaviljonger","10":"first","11":"instock","12":"sale","13":"taxable","14":"shipping-taxable","15":"purchasable","16":"product-type-simple"},"yoast_head":"<!-- This site is optimized with the Yoast SEO plugin v25.4 - https:\/\/yoast.com\/wordpress\/plugins\/seo\/ -->\n<title>TRUUSK Pop-up Paviljong 3x3 M - Vattent\u00e4t - H\u00f6jdjusterbar - Med 3 Sidov\u00e4ggar - F\u00f6nster Ventilation - UV 50+ - Ljusgr\u00e5 - TRUUSK - Hem, Tr\u00e4dg\u00e5rd &amp; Fritid<\/title>\n<meta name=\"robots\" content=\"index, follow, max-snippet:-1, max-image-preview:large, max-video-preview:-1\" \/>\n<link rel=\"canonical\" href=\"https:\/\/truusk.store\/sv\/produkt\/truusk-pop-up-paviljong-3x3-m-vattentat-hojdjusterbar-med-3-sidovaggar-fonster-ventilation-uv-50-ljusgra\/\" \/>\n<meta property=\"og:locale\" content=\"sv_SE\" \/>\n<meta property=\"og:type\" content=\"article\" \/>\n<meta property=\"og:title\" content=\"TRUUSK Pop-up Paviljong 3x3 M - Vattent\u00e4t - H\u00f6jdjusterbar - Med 3 Sidov\u00e4ggar - F\u00f6nster Ventilation - UV 50+ - Ljusgr\u00e5 - TRUUSK - Hem, Tr\u00e4dg\u00e5rd &amp; Fritid\" \/>\n<meta property=\"og:description\" content=\"Ober\u00e4kneligt v\u00e4der kan f\u00f6rsv\u00e5ra utomhusplaner. [BRAND NAME] Pop Up Paviljong erbjuder p\u00e5litligt skydd med UV50+ och vattent\u00e4tt tyg. Sidov\u00e4ggar skapar...\" \/>\n<meta property=\"og:url\" content=\"https:\/\/truusk.store\/sv\/produkt\/truusk-pop-up-paviljong-3x3-m-vattentat-hojdjusterbar-med-3-sidovaggar-fonster-ventilation-uv-50-ljusgra\/\" \/>\n<meta property=\"og:site_name\" content=\"TRUUSK - Hem, Tr\u00e4dg\u00e5rd &amp; Fritid\" \/>\n<meta property=\"article:modified_time\" content=\"2026-03-12T07:53:42+00:00\" \/>\n<meta property=\"og:image\" content=\"https:\/\/i0.wp.com\/truusk.se\/wp-content\/uploads\/2026\/03\/paviljong-3x3-m-vattentat-hojdjusterbar-pop-up-vikpaviljong-med-3-sidovaggar-fonster-ventilation-uv-50-ljusgra-1.webp?fit=2000%2C2000&ssl=1\" \/>\n\t<meta property=\"og:image:width\" content=\"2000\" \/>\n\t<meta property=\"og:image:height\" content=\"2000\" \/>\n\t<meta property=\"og:image:type\" content=\"image\/webp\" \/>\n<meta name=\"twitter:card\" content=\"summary_large_image\" \/>\n<meta name=\"twitter:label1\" content=\"Ber\u00e4knad l\u00e4stid\" \/>\n\t<meta name=\"twitter:data1\" content=\"1 minut\" \/>\n<!-- \/ Yoast SEO plugin. -->","yoast_head_json":{"title":"TRUUSK Pop-up Paviljong 3x3 M - Vattent\u00e4t - H\u00f6jdjusterbar - Med 3 Sidov\u00e4ggar - F\u00f6nster Ventilation - UV 50+ - Ljusgr\u00e5 - TRUUSK - Hem, Tr\u00e4dg\u00e5rd &amp; Fritid","robots":{"index":"index","follow":"follow","max-snippet":"max-snippet:-1","max-image-preview":"max-image-preview:large","max-video-preview":"max-video-preview:-1"},"canonical":"https:\/\/truusk.store\/sv\/produkt\/truusk-pop-up-paviljong-3x3-m-vattentat-hojdjusterbar-med-3-sidovaggar-fonster-ventilation-uv-50-ljusgra\/","og_locale":"sv_SE","og_type":"article","og_title":"TRUUSK Pop-up Paviljong 3x3 M - Vattent\u00e4t - H\u00f6jdjusterbar - Med 3 Sidov\u00e4ggar - F\u00f6nster Ventilation - UV 50+ - Ljusgr\u00e5 - TRUUSK - Hem, Tr\u00e4dg\u00e5rd &amp; Fritid","og_description":"Ober\u00e4kneligt v\u00e4der kan f\u00f6rsv\u00e5ra utomhusplaner. [BRAND NAME] Pop Up Paviljong erbjuder p\u00e5litligt skydd med UV50+ och vattent\u00e4tt tyg. Sidov\u00e4ggar skapar...","og_url":"https:\/\/truusk.store\/sv\/produkt\/truusk-pop-up-paviljong-3x3-m-vattentat-hojdjusterbar-med-3-sidovaggar-fonster-ventilation-uv-50-ljusgra\/","og_site_name":"TRUUSK - Hem, Tr\u00e4dg\u00e5rd &amp; Fritid","article_modified_time":"2026-03-12T07:53:42+00:00","og_image":[{"width":2000,"height":2000,"url":"https:\/\/i0.wp.com\/truusk.se\/wp-content\/uploads\/2026\/03\/paviljong-3x3-m-vattentat-hojdjusterbar-pop-up-vikpaviljong-med-3-sidovaggar-fonster-ventilation-uv-50-ljusgra-1.webp?fit=2000%2C2000&ssl=1","type":"image\/webp"}],"twitter_card":"summary_large_image","twitter_misc":{"Ber\u00e4knad l\u00e4stid":"1 minut"},"schema":{"@context":"https:\/\/schema.org","@graph":[{"@type":"WebPage","@id":"https:\/\/truusk.store\/sv\/produkt\/truusk-pop-up-paviljong-3x3-m-vattentat-hojdjusterbar-med-3-sidovaggar-fonster-ventilation-uv-50-ljusgra\/","url":"https:\/\/truusk.store\/sv\/produkt\/truusk-pop-up-paviljong-3x3-m-vattentat-hojdjusterbar-med-3-sidovaggar-fonster-ventilation-uv-50-ljusgra\/","name":"TRUUSK Pop-up Paviljong 3x3 M - Vattent\u00e4t - H\u00f6jdjusterbar - Med 3 Sidov\u00e4ggar - F\u00f6nster Ventilation - UV 50+ - Ljusgr\u00e5 - TRUUSK - Hem, Tr\u00e4dg\u00e5rd &amp; Fritid","isPartOf":{"@id":"https:\/\/truusk.store\/sv\/#website"},"primaryImageOfPage":{"@id":"https:\/\/truusk.store\/sv\/produkt\/truusk-pop-up-paviljong-3x3-m-vattentat-hojdjusterbar-med-3-sidovaggar-fonster-ventilation-uv-50-ljusgra\/#primaryimage"},"image":{"@id":"https:\/\/truusk.store\/sv\/produkt\/truusk-pop-up-paviljong-3x3-m-vattentat-hojdjusterbar-med-3-sidovaggar-fonster-ventilation-uv-50-ljusgra\/#primaryimage"},"thumbnailUrl":"https:\/\/i0.wp.com\/truusk.store\/wp-content\/uploads\/2026\/03\/paviljong-3x3-m-vattentat-hojdjusterbar-pop-up-vikpaviljong-med-3-sidovaggar-fonster-ventilation-uv-50-ljusgra-1.webp?fit=2000%2C2000&ssl=1","datePublished":"2026-03-11T14:04:57+00:00","dateModified":"2026-03-12T07:53:42+00:00","breadcrumb":{"@id":"https:\/\/truusk.store\/sv\/produkt\/truusk-pop-up-paviljong-3x3-m-vattentat-hojdjusterbar-med-3-sidovaggar-fonster-ventilation-uv-50-ljusgra\/#breadcrumb"},"inLanguage":"sv-SE","potentialAction":[{"@type":"ReadAction","target":["https:\/\/truusk.store\/sv\/produkt\/truusk-pop-up-paviljong-3x3-m-vattentat-hojdjusterbar-med-3-sidovaggar-fonster-ventilation-uv-50-ljusgra\/"]}]},{"@type":"ImageObject","inLanguage":"sv-SE","@id":"https:\/\/truusk.store\/sv\/produkt\/truusk-pop-up-paviljong-3x3-m-vattentat-hojdjusterbar-med-3-sidovaggar-fonster-ventilation-uv-50-ljusgra\/#primaryimage","url":"https:\/\/i0.wp.com\/truusk.store\/wp-content\/uploads\/2026\/03\/paviljong-3x3-m-vattentat-hojdjusterbar-pop-up-vikpaviljong-med-3-sidovaggar-fonster-ventilation-uv-50-ljusgra-1.webp?fit=2000%2C2000&ssl=1","contentUrl":"https:\/\/i0.wp.com\/truusk.store\/wp-content\/uploads\/2026\/03\/paviljong-3x3-m-vattentat-hojdjusterbar-pop-up-vikpaviljong-med-3-sidovaggar-fonster-ventilation-uv-50-ljusgra-1.webp?fit=2000%2C2000&ssl=1","width":2000,"height":2000},{"@type":"BreadcrumbList","@id":"https:\/\/truusk.store\/sv\/produkt\/truusk-pop-up-paviljong-3x3-m-vattentat-hojdjusterbar-med-3-sidovaggar-fonster-ventilation-uv-50-ljusgra\/#breadcrumb","itemListElement":[{"@type":"ListItem","position":1,"name":"Home","item":"https:\/\/truusk.store\/sv\/"},{"@type":"ListItem","position":2,"name":"Shop","item":"https:\/\/truusk.store\/shop\/"},{"@type":"ListItem","position":3,"name":"TRUUSK Pop-up Paviljong 3&#215;3 M &#8211; Vattent\u00e4t &#8211; H\u00f6jdjusterbar &#8211; Med 3 Sidov\u00e4ggar &#8211; F\u00f6nster Ventilation &#8211; UV 50+ &#8211; Ljusgr\u00e5"}]},{"@type":"WebSite","@id":"https:\/\/truusk.store\/sv\/#website","url":"https:\/\/truusk.store\/sv\/","name":"TRUUSK - Hem, Tr\u00e4dg\u00e5rd & Fritid","description":"","publisher":{"@id":"https:\/\/truusk.store\/sv\/#organization"},"potentialAction":[{"@type":"SearchAction","target":{"@type":"EntryPoint","urlTemplate":"https:\/\/truusk.store\/sv\/?s={search_term_string}"},"query-input":{"@type":"PropertyValueSpecification","valueRequired":true,"valueName":"search_term_string"}}],"inLanguage":"sv-SE"},{"@type":"Organization","@id":"https:\/\/truusk.store\/sv\/#organization","name":"TRUUSK - Hem, Tr\u00e4dg\u00e5rd & Fritid","url":"https:\/\/truusk.store\/sv\/","logo":{"@type":"ImageObject","inLanguage":"sv-SE","@id":"https:\/\/truusk.store\/sv\/#\/schema\/logo\/image\/","url":"https:\/\/i0.wp.com\/truusk.store\/wp-content\/uploads\/2026\/03\/cropped-TRUUSK.png?fit=2032%2C917&ssl=1","contentUrl":"https:\/\/i0.wp.com\/truusk.store\/wp-content\/uploads\/2026\/03\/cropped-TRUUSK.png?fit=2032%2C917&ssl=1","width":2032,"height":917,"caption":"TRUUSK - Hem, Tr\u00e4dg\u00e5rd & Fritid"},"image":{"@id":"https:\/\/truusk.store\/sv\/#\/schema\/logo\/image\/"}}]}},"jetpack_sharing_enabled":true,"_links":{"self":[{"href":"https:\/\/truusk.store\/sv\/wp-json\/wp\/v2\/product\/108982","targetHints":{"allow":["GET"]}}],"collection":[{"href":"https:\/\/truusk.store\/sv\/wp-json\/wp\/v2\/product"}],"about":[{"href":"https:\/\/truusk.store\/sv\/wp-json\/wp\/v2\/types\/product"}],"wp:featuredmedia":[{"embeddable":true,"href":"https:\/\/truusk.store\/sv\/wp-json\/wp\/v2\/media\/108973"}],"wp:attachment":[{"href":"https:\/\/truusk.store\/sv\/wp-json\/wp\/v2\/media?parent=108982"}],"wp:term":[{"taxonomy":"product_brand","embeddable":true,"href":"https:\/\/truusk.store\/sv\/wp-json\/wp\/v2\/product_brand?post=108982"},{"taxonomy":"product_cat","embeddable":true,"href":"https:\/\/truusk.store\/sv\/wp-json\/wp\/v2\/product_cat?post=108982"},{"taxonomy":"product_tag","embeddable":true,"href":"https:\/\/truusk.store\/sv\/wp-json\/wp\/v2\/product_tag?post=108982"}],"curies":[{"name":"wp","href":"https:\/\/api.w.org\/{rel}","templated":true}]}}