{"id":108993,"date":"2026-03-11T15:05:56","date_gmt":"2026-03-11T14:05:56","guid":{"rendered":"https:\/\/truusk.store\/product\/kompostbehallare-28-liter-39-x-39-x-515-cm-snabbkompost-med-brickor-vaderbestandig-termokompost-morkgra\/"},"modified":"2026-03-12T08:53:43","modified_gmt":"2026-03-12T07:53:43","slug":"truusk-kompostbehallare-28-liter-snabbkompost-med-brickor-vaderbestandig-termokompost-morkgra-39-x-39-x-515-cm","status":"publish","type":"product","link":"https:\/\/truusk.store\/sv\/produkt\/truusk-kompostbehallare-28-liter-snabbkompost-med-brickor-vaderbestandig-termokompost-morkgra-39-x-39-x-515-cm\/","title":{"rendered":"TRUUSK Kompostbeh\u00e5llare 28 Liter &#8211; Snabbkompost med Brickor &#8211; V\u00e4derbest\u00e4ndig Termokompost &#8211; M\u00f6rkgr\u00e5 &#8211; 39 x 39 x 51,5 cm"},"content":{"rendered":"<p>F\u00f6rvandla k\u00f6ksavfall till rik organisk g\u00f6dsel med [BRAND NAME] tr\u00e4dg\u00e5rdskompost med 4 lager. Den flerstegsdesignen underl\u00e4ttar kompostering utan smuts, p\u00e5skyndar nedbrytningen och minskar matavfall. Kompakt men \u00e4nd\u00e5 rymlig, passar den i k\u00f6k, p\u00e5 balkonger eller terrasser &#8211; f\u00f6r h\u00e4lsosamma v\u00e4xter, h\u00e5llbart tr\u00e4dg\u00e5rdsarbete och ett rent, milj\u00f6v\u00e4nligt hem.<\/p>\n<p>Beskrivning:<\/p>\n<ul>\n<li> F\u00f6rvandlar k\u00f6ksavfall till n\u00e4ringsrik maskhumus och flytande g\u00f6dsel<\/li>\n<li> Fyra staplingsbara, ventilerade brickor till\u00e5ter maskar fri r\u00f6relse och p\u00e5skyndar nedbrytningen<\/li>\n<li> Gallerdesign i varje bricka f\u00f6rb\u00e4ttrar luftcirkulationen och f\u00f6rhindrar lukter<\/li>\n<li> Kompakt, flerlagers design passar l\u00e4tt i k\u00f6k, balkonger eller terrasser<\/li>\n<li> Plastkonstruktionen av tr\u00e4dg\u00e5rdskomposten garanterar l\u00e5ngvarig anv\u00e4ndning<\/li>\n<li> Enkel att s\u00e4tta upp och underh\u00e5lla, med medf\u00f6ljande spade och skrapa f\u00f6r att l\u00e4gga till maskar och avfall<\/li>\n<li> Nedersta avloppskranen och maskteinsamlingsbeh\u00e5llaren m\u00f6jligg\u00f6r ren dr\u00e4nering av flytande g\u00f6dsel.<\/li>\n<\/ul>\n<p> Tekniska data:<\/p>\n<ul>\n<li> F\u00e4rg: M\u00f6rkgr\u00e5<\/li>\n<li> Material: Plast<\/li>\n<li> Totala dimensioner: 39L x 39B x 51,5H cm<\/li>\n<li> Dimensioner f\u00f6r varje fack: 39L x 39B x 13H cm<\/li>\n<\/ul>\n<p>Ing\u00e5r i leveransen:<\/p>\n<ul>\n<li> 1 x Maskkompostbeh\u00e5llare<\/li>\n<li> 1 x Maskteinsamlingsbeh\u00e5llare<\/li>\n<li> 1 x Spade<\/li>\n<li> 1 x Skrapa<\/li>\n<li> 1 x Instruktioner<\/li>\n<\/ul>\n","protected":false},"excerpt":{"rendered":"<p>F\u00f6rvandla k\u00f6ksavfall till rik organisk g\u00f6dsel med [BRAND NAME] tr\u00e4dg\u00e5rdskompost med 4 lager. Den flerstegsdesignen underl\u00e4ttar kompostering utan smuts, p\u00e5skyndar&#8230;<\/p>\n","protected":false},"featured_media":108983,"template":"","meta":[],"product_brand":[],"product_cat":[858,1073,443],"product_tag":[],"class_list":{"0":"post-108993","1":"product","2":"type-product","3":"status-publish","4":"has-post-thumbnail","6":"product_cat-tradgard-terrass","7":"product_cat-tradgardsvard","8":"product_cat-vaxthus-tradgardsskotsel","10":"first","11":"instock","12":"sale","13":"taxable","14":"shipping-taxable","15":"purchasable","16":"product-type-simple"},"yoast_head":"<!-- This site is optimized with the Yoast SEO plugin v25.4 - https:\/\/yoast.com\/wordpress\/plugins\/seo\/ -->\n<title>TRUUSK Kompostbeh\u00e5llare 28 Liter - Snabbkompost med Brickor - V\u00e4derbest\u00e4ndig Termokompost - M\u00f6rkgr\u00e5 - 39 x 39 x 51,5 cm - TRUUSK - Hem, Tr\u00e4dg\u00e5rd &amp; Fritid<\/title>\n<meta name=\"robots\" content=\"index, follow, max-snippet:-1, max-image-preview:large, max-video-preview:-1\" \/>\n<link rel=\"canonical\" href=\"https:\/\/truusk.store\/sv\/produkt\/truusk-kompostbehallare-28-liter-snabbkompost-med-brickor-vaderbestandig-termokompost-morkgra-39-x-39-x-515-cm\/\" \/>\n<meta property=\"og:locale\" content=\"sv_SE\" \/>\n<meta property=\"og:type\" content=\"article\" \/>\n<meta property=\"og:title\" content=\"TRUUSK Kompostbeh\u00e5llare 28 Liter - Snabbkompost med Brickor - V\u00e4derbest\u00e4ndig Termokompost - M\u00f6rkgr\u00e5 - 39 x 39 x 51,5 cm - TRUUSK - Hem, Tr\u00e4dg\u00e5rd &amp; Fritid\" \/>\n<meta property=\"og:description\" content=\"F\u00f6rvandla k\u00f6ksavfall till rik organisk g\u00f6dsel med [BRAND NAME] tr\u00e4dg\u00e5rdskompost med 4 lager. Den flerstegsdesignen underl\u00e4ttar kompostering utan smuts, p\u00e5skyndar...\" \/>\n<meta property=\"og:url\" content=\"https:\/\/truusk.store\/sv\/produkt\/truusk-kompostbehallare-28-liter-snabbkompost-med-brickor-vaderbestandig-termokompost-morkgra-39-x-39-x-515-cm\/\" \/>\n<meta property=\"og:site_name\" content=\"TRUUSK - Hem, Tr\u00e4dg\u00e5rd &amp; Fritid\" \/>\n<meta property=\"article:modified_time\" content=\"2026-03-12T07:53:43+00:00\" \/>\n<meta property=\"og:image\" content=\"https:\/\/i0.wp.com\/truusk.se\/wp-content\/uploads\/2026\/03\/kompostbehallare-28-liter-39-x-39-x-515-cm-snabbkompost-med-brickor-vaderbestandig-termokompost-morkgra-1.webp?fit=2000%2C2000&ssl=1\" \/>\n\t<meta property=\"og:image:width\" content=\"2000\" \/>\n\t<meta property=\"og:image:height\" content=\"2000\" \/>\n\t<meta property=\"og:image:type\" content=\"image\/webp\" \/>\n<meta name=\"twitter:card\" content=\"summary_large_image\" \/>\n<meta name=\"twitter:label1\" content=\"Ber\u00e4knad l\u00e4stid\" \/>\n\t<meta name=\"twitter:data1\" content=\"1 minut\" \/>\n<!-- \/ Yoast SEO plugin. -->","yoast_head_json":{"title":"TRUUSK Kompostbeh\u00e5llare 28 Liter - Snabbkompost med Brickor - V\u00e4derbest\u00e4ndig Termokompost - M\u00f6rkgr\u00e5 - 39 x 39 x 51,5 cm - TRUUSK - Hem, Tr\u00e4dg\u00e5rd &amp; Fritid","robots":{"index":"index","follow":"follow","max-snippet":"max-snippet:-1","max-image-preview":"max-image-preview:large","max-video-preview":"max-video-preview:-1"},"canonical":"https:\/\/truusk.store\/sv\/produkt\/truusk-kompostbehallare-28-liter-snabbkompost-med-brickor-vaderbestandig-termokompost-morkgra-39-x-39-x-515-cm\/","og_locale":"sv_SE","og_type":"article","og_title":"TRUUSK Kompostbeh\u00e5llare 28 Liter - Snabbkompost med Brickor - V\u00e4derbest\u00e4ndig Termokompost - M\u00f6rkgr\u00e5 - 39 x 39 x 51,5 cm - TRUUSK - Hem, Tr\u00e4dg\u00e5rd &amp; Fritid","og_description":"F\u00f6rvandla k\u00f6ksavfall till rik organisk g\u00f6dsel med [BRAND NAME] tr\u00e4dg\u00e5rdskompost med 4 lager. Den flerstegsdesignen underl\u00e4ttar kompostering utan smuts, p\u00e5skyndar...","og_url":"https:\/\/truusk.store\/sv\/produkt\/truusk-kompostbehallare-28-liter-snabbkompost-med-brickor-vaderbestandig-termokompost-morkgra-39-x-39-x-515-cm\/","og_site_name":"TRUUSK - Hem, Tr\u00e4dg\u00e5rd &amp; Fritid","article_modified_time":"2026-03-12T07:53:43+00:00","og_image":[{"width":2000,"height":2000,"url":"https:\/\/i0.wp.com\/truusk.se\/wp-content\/uploads\/2026\/03\/kompostbehallare-28-liter-39-x-39-x-515-cm-snabbkompost-med-brickor-vaderbestandig-termokompost-morkgra-1.webp?fit=2000%2C2000&ssl=1","type":"image\/webp"}],"twitter_card":"summary_large_image","twitter_misc":{"Ber\u00e4knad l\u00e4stid":"1 minut"},"schema":{"@context":"https:\/\/schema.org","@graph":[{"@type":"WebPage","@id":"https:\/\/truusk.store\/sv\/produkt\/truusk-kompostbehallare-28-liter-snabbkompost-med-brickor-vaderbestandig-termokompost-morkgra-39-x-39-x-515-cm\/","url":"https:\/\/truusk.store\/sv\/produkt\/truusk-kompostbehallare-28-liter-snabbkompost-med-brickor-vaderbestandig-termokompost-morkgra-39-x-39-x-515-cm\/","name":"TRUUSK Kompostbeh\u00e5llare 28 Liter - Snabbkompost med Brickor - V\u00e4derbest\u00e4ndig Termokompost - M\u00f6rkgr\u00e5 - 39 x 39 x 51,5 cm - TRUUSK - Hem, Tr\u00e4dg\u00e5rd &amp; Fritid","isPartOf":{"@id":"https:\/\/truusk.store\/sv\/#website"},"primaryImageOfPage":{"@id":"https:\/\/truusk.store\/sv\/produkt\/truusk-kompostbehallare-28-liter-snabbkompost-med-brickor-vaderbestandig-termokompost-morkgra-39-x-39-x-515-cm\/#primaryimage"},"image":{"@id":"https:\/\/truusk.store\/sv\/produkt\/truusk-kompostbehallare-28-liter-snabbkompost-med-brickor-vaderbestandig-termokompost-morkgra-39-x-39-x-515-cm\/#primaryimage"},"thumbnailUrl":"https:\/\/i0.wp.com\/truusk.store\/wp-content\/uploads\/2026\/03\/kompostbehallare-28-liter-39-x-39-x-515-cm-snabbkompost-med-brickor-vaderbestandig-termokompost-morkgra-1.webp?fit=2000%2C2000&ssl=1","datePublished":"2026-03-11T14:05:56+00:00","dateModified":"2026-03-12T07:53:43+00:00","breadcrumb":{"@id":"https:\/\/truusk.store\/sv\/produkt\/truusk-kompostbehallare-28-liter-snabbkompost-med-brickor-vaderbestandig-termokompost-morkgra-39-x-39-x-515-cm\/#breadcrumb"},"inLanguage":"sv-SE","potentialAction":[{"@type":"ReadAction","target":["https:\/\/truusk.store\/sv\/produkt\/truusk-kompostbehallare-28-liter-snabbkompost-med-brickor-vaderbestandig-termokompost-morkgra-39-x-39-x-515-cm\/"]}]},{"@type":"ImageObject","inLanguage":"sv-SE","@id":"https:\/\/truusk.store\/sv\/produkt\/truusk-kompostbehallare-28-liter-snabbkompost-med-brickor-vaderbestandig-termokompost-morkgra-39-x-39-x-515-cm\/#primaryimage","url":"https:\/\/i0.wp.com\/truusk.store\/wp-content\/uploads\/2026\/03\/kompostbehallare-28-liter-39-x-39-x-515-cm-snabbkompost-med-brickor-vaderbestandig-termokompost-morkgra-1.webp?fit=2000%2C2000&ssl=1","contentUrl":"https:\/\/i0.wp.com\/truusk.store\/wp-content\/uploads\/2026\/03\/kompostbehallare-28-liter-39-x-39-x-515-cm-snabbkompost-med-brickor-vaderbestandig-termokompost-morkgra-1.webp?fit=2000%2C2000&ssl=1","width":2000,"height":2000},{"@type":"BreadcrumbList","@id":"https:\/\/truusk.store\/sv\/produkt\/truusk-kompostbehallare-28-liter-snabbkompost-med-brickor-vaderbestandig-termokompost-morkgra-39-x-39-x-515-cm\/#breadcrumb","itemListElement":[{"@type":"ListItem","position":1,"name":"Home","item":"https:\/\/truusk.store\/sv\/"},{"@type":"ListItem","position":2,"name":"Shop","item":"https:\/\/truusk.store\/shop\/"},{"@type":"ListItem","position":3,"name":"TRUUSK Kompostbeh\u00e5llare 28 Liter &#8211; Snabbkompost med Brickor &#8211; V\u00e4derbest\u00e4ndig Termokompost &#8211; M\u00f6rkgr\u00e5 &#8211; 39 x 39 x 51,5 cm"}]},{"@type":"WebSite","@id":"https:\/\/truusk.store\/sv\/#website","url":"https:\/\/truusk.store\/sv\/","name":"TRUUSK - Hem, Tr\u00e4dg\u00e5rd & Fritid","description":"","publisher":{"@id":"https:\/\/truusk.store\/sv\/#organization"},"potentialAction":[{"@type":"SearchAction","target":{"@type":"EntryPoint","urlTemplate":"https:\/\/truusk.store\/sv\/?s={search_term_string}"},"query-input":{"@type":"PropertyValueSpecification","valueRequired":true,"valueName":"search_term_string"}}],"inLanguage":"sv-SE"},{"@type":"Organization","@id":"https:\/\/truusk.store\/sv\/#organization","name":"TRUUSK - Hem, Tr\u00e4dg\u00e5rd & Fritid","url":"https:\/\/truusk.store\/sv\/","logo":{"@type":"ImageObject","inLanguage":"sv-SE","@id":"https:\/\/truusk.store\/sv\/#\/schema\/logo\/image\/","url":"https:\/\/i0.wp.com\/truusk.store\/wp-content\/uploads\/2026\/03\/cropped-TRUUSK.png?fit=2032%2C917&ssl=1","contentUrl":"https:\/\/i0.wp.com\/truusk.store\/wp-content\/uploads\/2026\/03\/cropped-TRUUSK.png?fit=2032%2C917&ssl=1","width":2032,"height":917,"caption":"TRUUSK - Hem, Tr\u00e4dg\u00e5rd & Fritid"},"image":{"@id":"https:\/\/truusk.store\/sv\/#\/schema\/logo\/image\/"}}]}},"jetpack_sharing_enabled":true,"_links":{"self":[{"href":"https:\/\/truusk.store\/sv\/wp-json\/wp\/v2\/product\/108993","targetHints":{"allow":["GET"]}}],"collection":[{"href":"https:\/\/truusk.store\/sv\/wp-json\/wp\/v2\/product"}],"about":[{"href":"https:\/\/truusk.store\/sv\/wp-json\/wp\/v2\/types\/product"}],"wp:featuredmedia":[{"embeddable":true,"href":"https:\/\/truusk.store\/sv\/wp-json\/wp\/v2\/media\/108983"}],"wp:attachment":[{"href":"https:\/\/truusk.store\/sv\/wp-json\/wp\/v2\/media?parent=108993"}],"wp:term":[{"taxonomy":"product_brand","embeddable":true,"href":"https:\/\/truusk.store\/sv\/wp-json\/wp\/v2\/product_brand?post=108993"},{"taxonomy":"product_cat","embeddable":true,"href":"https:\/\/truusk.store\/sv\/wp-json\/wp\/v2\/product_cat?post=108993"},{"taxonomy":"product_tag","embeddable":true,"href":"https:\/\/truusk.store\/sv\/wp-json\/wp\/v2\/product_tag?post=108993"}],"curies":[{"name":"wp","href":"https:\/\/api.w.org\/{rel}","templated":true}]}}