{"id":109013,"date":"2026-03-11T15:08:04","date_gmt":"2026-03-11T14:08:04","guid":{"rendered":"https:\/\/truusk.store\/product\/tradgardsmobelset-sittgrupp-150-x-90cm-bord-med-6-andningsbara-stolar-sakerhetsglas-bordplatta\/"},"modified":"2026-03-12T08:53:44","modified_gmt":"2026-03-12T07:53:44","slug":"truusk-tradgardsmobelset-sittgrupp-150-x-90cm-bord-med-6-andningsbara-stolar-sakerhetsglas-bordplatta","status":"publish","type":"product","link":"https:\/\/truusk.store\/sv\/produkt\/truusk-tradgardsmobelset-sittgrupp-150-x-90cm-bord-med-6-andningsbara-stolar-sakerhetsglas-bordplatta\/","title":{"rendered":"TRUUSK Tr\u00e4dg\u00e5rdsm\u00f6belset &#8211; Sittgrupp 150 X 90cm &#8211; Bord Med 6 Andningsbara Stolar &#8211; S\u00e4kerhetsglas Bordplatta"},"content":{"rendered":"<p>[BRAND NAME] tr\u00e4dg\u00e5rdsm\u00f6belset passar perfekt f\u00f6r utomhusm\u00e5ltider med familj och v\u00e4nner. Tr\u00e4dg\u00e5rdssetet inkluderar ett bord med en h\u00e4rdat glasplatta och sex stapelbara n\u00e4tstolar. De robusta, pulverlackerade metallramarna p\u00e5 tr\u00e4dg\u00e5rdsm\u00f6belsetet g\u00f6r varje bit v\u00e4derbest\u00e4ndig och idealisk f\u00f6r utomhusbruk. Ett stilfullt och funktionellt tillskott till din tr\u00e4dg\u00e5rd<\/p>\n<p>Beskrivning:<\/p>\n<ul>\n<li> 7-delat tr\u00e4dg\u00e5rdsset, l\u00e4mpligt f\u00f6r terrasser, paviljonger och g\u00e5rdar<\/li>\n<li> Stolarna fr\u00e5n detta tr\u00e4dg\u00e5rdsset kan enkelt staplas f\u00f6r kompakt, utrymmesbesparande f\u00f6rvaring<\/li>\n<li> St\u00f6djande ryggst\u00f6d och armst\u00f6d ger en stabil, bekv\u00e4m sittplats<\/li>\n<li> B\u00f6jda, andningsbara n\u00e4tstolar torkar snabbt och \u00e4r l\u00e4tta att reng\u00f6ra<\/li>\n<li> Bordsskiva av h\u00e4rdat glas \u00e4r h\u00e5llbart, rymligt och l\u00e4tt att reng\u00f6ra<\/li>\n<li> Pulverlackerad metallram med fotdynor ger stabilitet<\/li>\n<li> Denna utomhus sittgrupp \u00e4r enkel att montera<\/li>\n<\/ul>\n<p> Tekniska data:<\/p>\n<ul>\n<li> F\u00e4rg: Silver+Svart<\/li>\n<li> Material: Metall, n\u00e4ttyg, h\u00e4rdat glas<\/li>\n<li> Storlek p\u00e5 stol: 70L x 51B x 87H cm<\/li>\n<li> Bordets storlek: 150L x 90B x 72H cm<\/li>\n<li> Sitsstorlek: 46B x 44T cm<\/li>\n<li> Sitt h\u00f6jd (fr\u00e5n golvet): 41 cm<\/li>\n<li> Ryggst\u00f6dets dimensioner: 50L x 45B cm<\/li>\n<li> Belastningskapacitet: 60 kg (bord), 120 kg (stol)<\/li>\n<\/ul>\n<p>Leveransinneh\u00e5ll:<\/p>\n<ul>\n<li> 1 x Tr\u00e4dg\u00e5rdsbord<\/li>\n<li> 6 x Stapelstolar<\/li>\n<li> 1 x Bruksanvisning<\/li>\n<\/ul>\n","protected":false},"excerpt":{"rendered":"<p>[BRAND NAME] tr\u00e4dg\u00e5rdsm\u00f6belset passar perfekt f\u00f6r utomhusm\u00e5ltider med familj och v\u00e4nner. Tr\u00e4dg\u00e5rdssetet inkluderar ett bord med en h\u00e4rdat glasplatta och&#8230;<\/p>\n","protected":false},"featured_media":109003,"template":"","meta":[],"product_brand":[],"product_cat":[858,450,456],"product_tag":[],"class_list":{"0":"post-109013","1":"product","2":"type-product","3":"status-publish","4":"has-post-thumbnail","6":"product_cat-tradgard-terrass","7":"product_cat-tradgardsmobler","8":"product_cat-tradgardsmobler-set","10":"first","11":"instock","12":"sale","13":"taxable","14":"shipping-taxable","15":"purchasable","16":"product-type-simple"},"yoast_head":"<!-- This site is optimized with the Yoast SEO plugin v25.4 - https:\/\/yoast.com\/wordpress\/plugins\/seo\/ -->\n<title>TRUUSK Tr\u00e4dg\u00e5rdsm\u00f6belset - Sittgrupp 150 X 90cm - Bord Med 6 Andningsbara Stolar - S\u00e4kerhetsglas Bordplatta - TRUUSK - Hem, Tr\u00e4dg\u00e5rd &amp; Fritid<\/title>\n<meta name=\"robots\" content=\"index, follow, max-snippet:-1, max-image-preview:large, max-video-preview:-1\" \/>\n<link rel=\"canonical\" href=\"https:\/\/truusk.store\/sv\/produkt\/truusk-tradgardsmobelset-sittgrupp-150-x-90cm-bord-med-6-andningsbara-stolar-sakerhetsglas-bordplatta\/\" \/>\n<meta property=\"og:locale\" content=\"sv_SE\" \/>\n<meta property=\"og:type\" content=\"article\" \/>\n<meta property=\"og:title\" content=\"TRUUSK Tr\u00e4dg\u00e5rdsm\u00f6belset - Sittgrupp 150 X 90cm - Bord Med 6 Andningsbara Stolar - S\u00e4kerhetsglas Bordplatta - TRUUSK - Hem, Tr\u00e4dg\u00e5rd &amp; Fritid\" \/>\n<meta property=\"og:description\" content=\"[BRAND NAME] tr\u00e4dg\u00e5rdsm\u00f6belset passar perfekt f\u00f6r utomhusm\u00e5ltider med familj och v\u00e4nner. Tr\u00e4dg\u00e5rdssetet inkluderar ett bord med en h\u00e4rdat glasplatta och...\" \/>\n<meta property=\"og:url\" content=\"https:\/\/truusk.store\/sv\/produkt\/truusk-tradgardsmobelset-sittgrupp-150-x-90cm-bord-med-6-andningsbara-stolar-sakerhetsglas-bordplatta\/\" \/>\n<meta property=\"og:site_name\" content=\"TRUUSK - Hem, Tr\u00e4dg\u00e5rd &amp; Fritid\" \/>\n<meta property=\"article:modified_time\" content=\"2026-03-12T07:53:44+00:00\" \/>\n<meta property=\"og:image\" content=\"https:\/\/i0.wp.com\/truusk.se\/wp-content\/uploads\/2026\/03\/tradgardsmobelset-sittgrupp-150-x-90cm-bord-med-6-andningsbara-stolar-sakerhetsglas-bordplatta-1.webp?fit=2000%2C2000&ssl=1\" \/>\n\t<meta property=\"og:image:width\" content=\"2000\" \/>\n\t<meta property=\"og:image:height\" content=\"2000\" \/>\n\t<meta property=\"og:image:type\" content=\"image\/webp\" \/>\n<meta name=\"twitter:card\" content=\"summary_large_image\" \/>\n<meta name=\"twitter:label1\" content=\"Ber\u00e4knad l\u00e4stid\" \/>\n\t<meta name=\"twitter:data1\" content=\"1 minut\" \/>\n<!-- \/ Yoast SEO plugin. -->","yoast_head_json":{"title":"TRUUSK Tr\u00e4dg\u00e5rdsm\u00f6belset - Sittgrupp 150 X 90cm - Bord Med 6 Andningsbara Stolar - S\u00e4kerhetsglas Bordplatta - TRUUSK - Hem, Tr\u00e4dg\u00e5rd &amp; Fritid","robots":{"index":"index","follow":"follow","max-snippet":"max-snippet:-1","max-image-preview":"max-image-preview:large","max-video-preview":"max-video-preview:-1"},"canonical":"https:\/\/truusk.store\/sv\/produkt\/truusk-tradgardsmobelset-sittgrupp-150-x-90cm-bord-med-6-andningsbara-stolar-sakerhetsglas-bordplatta\/","og_locale":"sv_SE","og_type":"article","og_title":"TRUUSK Tr\u00e4dg\u00e5rdsm\u00f6belset - Sittgrupp 150 X 90cm - Bord Med 6 Andningsbara Stolar - S\u00e4kerhetsglas Bordplatta - TRUUSK - Hem, Tr\u00e4dg\u00e5rd &amp; Fritid","og_description":"[BRAND NAME] tr\u00e4dg\u00e5rdsm\u00f6belset passar perfekt f\u00f6r utomhusm\u00e5ltider med familj och v\u00e4nner. Tr\u00e4dg\u00e5rdssetet inkluderar ett bord med en h\u00e4rdat glasplatta och...","og_url":"https:\/\/truusk.store\/sv\/produkt\/truusk-tradgardsmobelset-sittgrupp-150-x-90cm-bord-med-6-andningsbara-stolar-sakerhetsglas-bordplatta\/","og_site_name":"TRUUSK - Hem, Tr\u00e4dg\u00e5rd &amp; Fritid","article_modified_time":"2026-03-12T07:53:44+00:00","og_image":[{"width":2000,"height":2000,"url":"https:\/\/i0.wp.com\/truusk.se\/wp-content\/uploads\/2026\/03\/tradgardsmobelset-sittgrupp-150-x-90cm-bord-med-6-andningsbara-stolar-sakerhetsglas-bordplatta-1.webp?fit=2000%2C2000&ssl=1","type":"image\/webp"}],"twitter_card":"summary_large_image","twitter_misc":{"Ber\u00e4knad l\u00e4stid":"1 minut"},"schema":{"@context":"https:\/\/schema.org","@graph":[{"@type":"WebPage","@id":"https:\/\/truusk.store\/sv\/produkt\/truusk-tradgardsmobelset-sittgrupp-150-x-90cm-bord-med-6-andningsbara-stolar-sakerhetsglas-bordplatta\/","url":"https:\/\/truusk.store\/sv\/produkt\/truusk-tradgardsmobelset-sittgrupp-150-x-90cm-bord-med-6-andningsbara-stolar-sakerhetsglas-bordplatta\/","name":"TRUUSK Tr\u00e4dg\u00e5rdsm\u00f6belset - Sittgrupp 150 X 90cm - Bord Med 6 Andningsbara Stolar - S\u00e4kerhetsglas Bordplatta - TRUUSK - Hem, Tr\u00e4dg\u00e5rd &amp; Fritid","isPartOf":{"@id":"https:\/\/truusk.store\/sv\/#website"},"primaryImageOfPage":{"@id":"https:\/\/truusk.store\/sv\/produkt\/truusk-tradgardsmobelset-sittgrupp-150-x-90cm-bord-med-6-andningsbara-stolar-sakerhetsglas-bordplatta\/#primaryimage"},"image":{"@id":"https:\/\/truusk.store\/sv\/produkt\/truusk-tradgardsmobelset-sittgrupp-150-x-90cm-bord-med-6-andningsbara-stolar-sakerhetsglas-bordplatta\/#primaryimage"},"thumbnailUrl":"https:\/\/i0.wp.com\/truusk.store\/wp-content\/uploads\/2026\/03\/tradgardsmobelset-sittgrupp-150-x-90cm-bord-med-6-andningsbara-stolar-sakerhetsglas-bordplatta-1.webp?fit=2000%2C2000&ssl=1","datePublished":"2026-03-11T14:08:04+00:00","dateModified":"2026-03-12T07:53:44+00:00","breadcrumb":{"@id":"https:\/\/truusk.store\/sv\/produkt\/truusk-tradgardsmobelset-sittgrupp-150-x-90cm-bord-med-6-andningsbara-stolar-sakerhetsglas-bordplatta\/#breadcrumb"},"inLanguage":"sv-SE","potentialAction":[{"@type":"ReadAction","target":["https:\/\/truusk.store\/sv\/produkt\/truusk-tradgardsmobelset-sittgrupp-150-x-90cm-bord-med-6-andningsbara-stolar-sakerhetsglas-bordplatta\/"]}]},{"@type":"ImageObject","inLanguage":"sv-SE","@id":"https:\/\/truusk.store\/sv\/produkt\/truusk-tradgardsmobelset-sittgrupp-150-x-90cm-bord-med-6-andningsbara-stolar-sakerhetsglas-bordplatta\/#primaryimage","url":"https:\/\/i0.wp.com\/truusk.store\/wp-content\/uploads\/2026\/03\/tradgardsmobelset-sittgrupp-150-x-90cm-bord-med-6-andningsbara-stolar-sakerhetsglas-bordplatta-1.webp?fit=2000%2C2000&ssl=1","contentUrl":"https:\/\/i0.wp.com\/truusk.store\/wp-content\/uploads\/2026\/03\/tradgardsmobelset-sittgrupp-150-x-90cm-bord-med-6-andningsbara-stolar-sakerhetsglas-bordplatta-1.webp?fit=2000%2C2000&ssl=1","width":2000,"height":2000},{"@type":"BreadcrumbList","@id":"https:\/\/truusk.store\/sv\/produkt\/truusk-tradgardsmobelset-sittgrupp-150-x-90cm-bord-med-6-andningsbara-stolar-sakerhetsglas-bordplatta\/#breadcrumb","itemListElement":[{"@type":"ListItem","position":1,"name":"Home","item":"https:\/\/truusk.store\/sv\/"},{"@type":"ListItem","position":2,"name":"Shop","item":"https:\/\/truusk.store\/shop\/"},{"@type":"ListItem","position":3,"name":"TRUUSK Tr\u00e4dg\u00e5rdsm\u00f6belset &#8211; Sittgrupp 150 X 90cm &#8211; Bord Med 6 Andningsbara Stolar &#8211; S\u00e4kerhetsglas Bordplatta"}]},{"@type":"WebSite","@id":"https:\/\/truusk.store\/sv\/#website","url":"https:\/\/truusk.store\/sv\/","name":"TRUUSK - Hem, Tr\u00e4dg\u00e5rd & Fritid","description":"","publisher":{"@id":"https:\/\/truusk.store\/sv\/#organization"},"potentialAction":[{"@type":"SearchAction","target":{"@type":"EntryPoint","urlTemplate":"https:\/\/truusk.store\/sv\/?s={search_term_string}"},"query-input":{"@type":"PropertyValueSpecification","valueRequired":true,"valueName":"search_term_string"}}],"inLanguage":"sv-SE"},{"@type":"Organization","@id":"https:\/\/truusk.store\/sv\/#organization","name":"TRUUSK - Hem, Tr\u00e4dg\u00e5rd & Fritid","url":"https:\/\/truusk.store\/sv\/","logo":{"@type":"ImageObject","inLanguage":"sv-SE","@id":"https:\/\/truusk.store\/sv\/#\/schema\/logo\/image\/","url":"https:\/\/i0.wp.com\/truusk.store\/wp-content\/uploads\/2026\/03\/cropped-TRUUSK.png?fit=2032%2C917&ssl=1","contentUrl":"https:\/\/i0.wp.com\/truusk.store\/wp-content\/uploads\/2026\/03\/cropped-TRUUSK.png?fit=2032%2C917&ssl=1","width":2032,"height":917,"caption":"TRUUSK - Hem, Tr\u00e4dg\u00e5rd & Fritid"},"image":{"@id":"https:\/\/truusk.store\/sv\/#\/schema\/logo\/image\/"}}]}},"jetpack_sharing_enabled":true,"_links":{"self":[{"href":"https:\/\/truusk.store\/sv\/wp-json\/wp\/v2\/product\/109013","targetHints":{"allow":["GET"]}}],"collection":[{"href":"https:\/\/truusk.store\/sv\/wp-json\/wp\/v2\/product"}],"about":[{"href":"https:\/\/truusk.store\/sv\/wp-json\/wp\/v2\/types\/product"}],"wp:featuredmedia":[{"embeddable":true,"href":"https:\/\/truusk.store\/sv\/wp-json\/wp\/v2\/media\/109003"}],"wp:attachment":[{"href":"https:\/\/truusk.store\/sv\/wp-json\/wp\/v2\/media?parent=109013"}],"wp:term":[{"taxonomy":"product_brand","embeddable":true,"href":"https:\/\/truusk.store\/sv\/wp-json\/wp\/v2\/product_brand?post=109013"},{"taxonomy":"product_cat","embeddable":true,"href":"https:\/\/truusk.store\/sv\/wp-json\/wp\/v2\/product_cat?post=109013"},{"taxonomy":"product_tag","embeddable":true,"href":"https:\/\/truusk.store\/sv\/wp-json\/wp\/v2\/product_tag?post=109013"}],"curies":[{"name":"wp","href":"https:\/\/api.w.org\/{rel}","templated":true}]}}