{"id":109064,"date":"2026-03-11T15:13:06","date_gmt":"2026-03-11T14:13:06","guid":{"rendered":"https:\/\/truusk.store\/product\/3-sits-soffa-260-cm-chenille-soffa-med-bred-sittyta-fjaderkarnspolstring-hogdensitetsskum-3-kuddar-kramvit\/"},"modified":"2026-03-12T08:53:51","modified_gmt":"2026-03-12T07:53:51","slug":"truusk-3-sits-soffa-260-cm-chenille-soffa-med-bred-sittyta-fjaderkarnspolstring-hogdensitetsskum-3-kuddar-kramvit","status":"publish","type":"product","link":"https:\/\/truusk.store\/sv\/produkt\/truusk-3-sits-soffa-260-cm-chenille-soffa-med-bred-sittyta-fjaderkarnspolstring-hogdensitetsskum-3-kuddar-kramvit\/","title":{"rendered":"TRUUSK 3-sits Soffa 260 cm &#8211; Chenille-soffa med bred sittyta &#8211; Fj\u00e4derk\u00e4rnspolstring &#8211; H\u00f6gdensitetsskum &#8211; 3 kuddar &#8211; Kr\u00e4mvit"},"content":{"rendered":"<p>F\u00f6rvandla ditt vardagsrum med [BRAND NAME] 3-sits soffa. Med en sittbredd p\u00e5 203 cm, fickfj\u00e4drar och h\u00f6gdensitetsskum erbjuder det komfort och h\u00e5llbarhet. Kl\u00e4dd med kr\u00e4mvit chenille och modern design, ger det elegans till varje rum. Tre mysiga kuddar p\u00e5 soffan g\u00f6r det till den perfekta platsen f\u00f6r avkoppling.<\/p>\n<p>Beskrivning:<\/p>\n<ul>\n<li> Rymlig sittbredd p\u00e5 203 cm erbjuder gott om plats f\u00f6r familjer, idealisk f\u00f6r en mysig 3-sits soffa<\/li>\n<li> H\u00f6gdensitetsskum och fickfj\u00e4drar ger denna soffa st\u00f6djande, molnliknande komfort<\/li>\n<li> Mjukt chenille tyg\u00f6verdrag ger soffan mysighet och hudv\u00e4nlig avkoppling<\/li>\n<li> Mjuka kurvor och minimalistisk design av soffan berikar moderna vardagsrum<\/li>\n<li> Inkluderar tre kuddar f\u00f6r l\u00e4nd- och nackst\u00f6d<\/li>\n<li> Robust b\u00e4rkapacitet p\u00e5 360 kg garanterar h\u00e5llbarhet f\u00f6r daglig anv\u00e4ndning<\/li>\n<li> Levereras komprimerad f\u00f6r enkel transport, ingen montering kr\u00e4vs<\/li>\n<\/ul>\n<p> Tekniska specifikationer:<\/p>\n<ul>\n<li> F\u00e4rg: Kr\u00e4mvit<\/li>\n<li> Material: Chenille (100 % polyester), skum<\/li>\n<li> Totala dimensioner: 260B x 106T x 82H cm<\/li>\n<li> Sitsstorlek: 203B x 52T x 41H cm<\/li>\n<li> Sitskuddens tjocklek: 41 cm<\/li>\n<li> Ryggstorlek: 203B x 28H cm<\/li>\n<li> Ryggkuddens tjocklek: 30 cm<\/li>\n<li> Kuddstorlek: 60L x 43B x 18T cm<\/li>\n<li> Belastningskapacitet: 360 kg<\/li>\n<li> Artikelnummer: 83B-719V00CW<\/li>\n<\/ul>\n<p>Leveransinneh\u00e5ll:<\/p>\n<ul>\n<li> 1 x 3-sits soffa<\/li>\n<li> 3 x kuddar<\/li>\n<li> 1 x bruksanvisning<\/li>\n<\/ul>\n","protected":false},"excerpt":{"rendered":"<p>F\u00f6rvandla ditt vardagsrum med [BRAND NAME] 3-sits soffa. Med en sittbredd p\u00e5 203 cm, fickfj\u00e4drar och h\u00f6gdensitetsskum erbjuder det komfort&#8230;<\/p>\n","protected":false},"featured_media":109053,"template":"","meta":[],"product_brand":[],"product_cat":[1011,871,937,910],"product_tag":[],"class_list":{"0":"post-109064","1":"product","2":"type-product","3":"status-publish","4":"has-post-thumbnail","6":"product_cat-dreisitzer","7":"product_cat-hus-hem","8":"product_cat-soffor","9":"product_cat-vardagsrum","11":"first","12":"instock","13":"sale","14":"taxable","15":"shipping-taxable","16":"purchasable","17":"product-type-simple"},"yoast_head":"<!-- This site is optimized with the Yoast SEO plugin v25.4 - https:\/\/yoast.com\/wordpress\/plugins\/seo\/ -->\n<title>TRUUSK 3-sits Soffa 260 cm - Chenille-soffa med bred sittyta - Fj\u00e4derk\u00e4rnspolstring - H\u00f6gdensitetsskum - 3 kuddar - Kr\u00e4mvit - TRUUSK - Hem, Tr\u00e4dg\u00e5rd &amp; Fritid<\/title>\n<meta name=\"robots\" content=\"index, follow, max-snippet:-1, max-image-preview:large, max-video-preview:-1\" \/>\n<link rel=\"canonical\" href=\"https:\/\/truusk.store\/sv\/produkt\/truusk-3-sits-soffa-260-cm-chenille-soffa-med-bred-sittyta-fjaderkarnspolstring-hogdensitetsskum-3-kuddar-kramvit\/\" \/>\n<meta property=\"og:locale\" content=\"sv_SE\" \/>\n<meta property=\"og:type\" content=\"article\" \/>\n<meta property=\"og:title\" content=\"TRUUSK 3-sits Soffa 260 cm - Chenille-soffa med bred sittyta - Fj\u00e4derk\u00e4rnspolstring - H\u00f6gdensitetsskum - 3 kuddar - Kr\u00e4mvit - TRUUSK - Hem, Tr\u00e4dg\u00e5rd &amp; Fritid\" \/>\n<meta property=\"og:description\" content=\"F\u00f6rvandla ditt vardagsrum med [BRAND NAME] 3-sits soffa. Med en sittbredd p\u00e5 203 cm, fickfj\u00e4drar och h\u00f6gdensitetsskum erbjuder det komfort...\" \/>\n<meta property=\"og:url\" content=\"https:\/\/truusk.store\/sv\/produkt\/truusk-3-sits-soffa-260-cm-chenille-soffa-med-bred-sittyta-fjaderkarnspolstring-hogdensitetsskum-3-kuddar-kramvit\/\" \/>\n<meta property=\"og:site_name\" content=\"TRUUSK - Hem, Tr\u00e4dg\u00e5rd &amp; Fritid\" \/>\n<meta property=\"article:modified_time\" content=\"2026-03-12T07:53:51+00:00\" \/>\n<meta property=\"og:image\" content=\"https:\/\/i0.wp.com\/truusk.se\/wp-content\/uploads\/2026\/03\/3-sits-soffa-260-cm-chenille-soffa-med-bred-sittyta-fjaderkarnspolstring-hogdensitetsskum-3-kuddar-kramvit-1.webp?fit=2000%2C2000&ssl=1\" \/>\n\t<meta property=\"og:image:width\" content=\"2000\" \/>\n\t<meta property=\"og:image:height\" content=\"2000\" \/>\n\t<meta property=\"og:image:type\" content=\"image\/webp\" \/>\n<meta name=\"twitter:card\" content=\"summary_large_image\" \/>\n<meta name=\"twitter:label1\" content=\"Ber\u00e4knad l\u00e4stid\" \/>\n\t<meta name=\"twitter:data1\" content=\"1 minut\" \/>\n<!-- \/ Yoast SEO plugin. -->","yoast_head_json":{"title":"TRUUSK 3-sits Soffa 260 cm - Chenille-soffa med bred sittyta - Fj\u00e4derk\u00e4rnspolstring - H\u00f6gdensitetsskum - 3 kuddar - Kr\u00e4mvit - TRUUSK - Hem, Tr\u00e4dg\u00e5rd &amp; Fritid","robots":{"index":"index","follow":"follow","max-snippet":"max-snippet:-1","max-image-preview":"max-image-preview:large","max-video-preview":"max-video-preview:-1"},"canonical":"https:\/\/truusk.store\/sv\/produkt\/truusk-3-sits-soffa-260-cm-chenille-soffa-med-bred-sittyta-fjaderkarnspolstring-hogdensitetsskum-3-kuddar-kramvit\/","og_locale":"sv_SE","og_type":"article","og_title":"TRUUSK 3-sits Soffa 260 cm - Chenille-soffa med bred sittyta - Fj\u00e4derk\u00e4rnspolstring - H\u00f6gdensitetsskum - 3 kuddar - Kr\u00e4mvit - TRUUSK - Hem, Tr\u00e4dg\u00e5rd &amp; Fritid","og_description":"F\u00f6rvandla ditt vardagsrum med [BRAND NAME] 3-sits soffa. Med en sittbredd p\u00e5 203 cm, fickfj\u00e4drar och h\u00f6gdensitetsskum erbjuder det komfort...","og_url":"https:\/\/truusk.store\/sv\/produkt\/truusk-3-sits-soffa-260-cm-chenille-soffa-med-bred-sittyta-fjaderkarnspolstring-hogdensitetsskum-3-kuddar-kramvit\/","og_site_name":"TRUUSK - Hem, Tr\u00e4dg\u00e5rd &amp; Fritid","article_modified_time":"2026-03-12T07:53:51+00:00","og_image":[{"width":2000,"height":2000,"url":"https:\/\/i0.wp.com\/truusk.se\/wp-content\/uploads\/2026\/03\/3-sits-soffa-260-cm-chenille-soffa-med-bred-sittyta-fjaderkarnspolstring-hogdensitetsskum-3-kuddar-kramvit-1.webp?fit=2000%2C2000&ssl=1","type":"image\/webp"}],"twitter_card":"summary_large_image","twitter_misc":{"Ber\u00e4knad l\u00e4stid":"1 minut"},"schema":{"@context":"https:\/\/schema.org","@graph":[{"@type":"WebPage","@id":"https:\/\/truusk.store\/sv\/produkt\/truusk-3-sits-soffa-260-cm-chenille-soffa-med-bred-sittyta-fjaderkarnspolstring-hogdensitetsskum-3-kuddar-kramvit\/","url":"https:\/\/truusk.store\/sv\/produkt\/truusk-3-sits-soffa-260-cm-chenille-soffa-med-bred-sittyta-fjaderkarnspolstring-hogdensitetsskum-3-kuddar-kramvit\/","name":"TRUUSK 3-sits Soffa 260 cm - Chenille-soffa med bred sittyta - Fj\u00e4derk\u00e4rnspolstring - H\u00f6gdensitetsskum - 3 kuddar - Kr\u00e4mvit - TRUUSK - Hem, Tr\u00e4dg\u00e5rd &amp; Fritid","isPartOf":{"@id":"https:\/\/truusk.store\/sv\/#website"},"primaryImageOfPage":{"@id":"https:\/\/truusk.store\/sv\/produkt\/truusk-3-sits-soffa-260-cm-chenille-soffa-med-bred-sittyta-fjaderkarnspolstring-hogdensitetsskum-3-kuddar-kramvit\/#primaryimage"},"image":{"@id":"https:\/\/truusk.store\/sv\/produkt\/truusk-3-sits-soffa-260-cm-chenille-soffa-med-bred-sittyta-fjaderkarnspolstring-hogdensitetsskum-3-kuddar-kramvit\/#primaryimage"},"thumbnailUrl":"https:\/\/i0.wp.com\/truusk.store\/wp-content\/uploads\/2026\/03\/3-sits-soffa-260-cm-chenille-soffa-med-bred-sittyta-fjaderkarnspolstring-hogdensitetsskum-3-kuddar-kramvit-1.webp?fit=2000%2C2000&ssl=1","datePublished":"2026-03-11T14:13:06+00:00","dateModified":"2026-03-12T07:53:51+00:00","breadcrumb":{"@id":"https:\/\/truusk.store\/sv\/produkt\/truusk-3-sits-soffa-260-cm-chenille-soffa-med-bred-sittyta-fjaderkarnspolstring-hogdensitetsskum-3-kuddar-kramvit\/#breadcrumb"},"inLanguage":"sv-SE","potentialAction":[{"@type":"ReadAction","target":["https:\/\/truusk.store\/sv\/produkt\/truusk-3-sits-soffa-260-cm-chenille-soffa-med-bred-sittyta-fjaderkarnspolstring-hogdensitetsskum-3-kuddar-kramvit\/"]}]},{"@type":"ImageObject","inLanguage":"sv-SE","@id":"https:\/\/truusk.store\/sv\/produkt\/truusk-3-sits-soffa-260-cm-chenille-soffa-med-bred-sittyta-fjaderkarnspolstring-hogdensitetsskum-3-kuddar-kramvit\/#primaryimage","url":"https:\/\/i0.wp.com\/truusk.store\/wp-content\/uploads\/2026\/03\/3-sits-soffa-260-cm-chenille-soffa-med-bred-sittyta-fjaderkarnspolstring-hogdensitetsskum-3-kuddar-kramvit-1.webp?fit=2000%2C2000&ssl=1","contentUrl":"https:\/\/i0.wp.com\/truusk.store\/wp-content\/uploads\/2026\/03\/3-sits-soffa-260-cm-chenille-soffa-med-bred-sittyta-fjaderkarnspolstring-hogdensitetsskum-3-kuddar-kramvit-1.webp?fit=2000%2C2000&ssl=1","width":2000,"height":2000},{"@type":"BreadcrumbList","@id":"https:\/\/truusk.store\/sv\/produkt\/truusk-3-sits-soffa-260-cm-chenille-soffa-med-bred-sittyta-fjaderkarnspolstring-hogdensitetsskum-3-kuddar-kramvit\/#breadcrumb","itemListElement":[{"@type":"ListItem","position":1,"name":"Home","item":"https:\/\/truusk.store\/sv\/"},{"@type":"ListItem","position":2,"name":"Shop","item":"https:\/\/truusk.store\/shop\/"},{"@type":"ListItem","position":3,"name":"TRUUSK 3-sits Soffa 260 cm &#8211; Chenille-soffa med bred sittyta &#8211; Fj\u00e4derk\u00e4rnspolstring &#8211; H\u00f6gdensitetsskum &#8211; 3 kuddar &#8211; Kr\u00e4mvit"}]},{"@type":"WebSite","@id":"https:\/\/truusk.store\/sv\/#website","url":"https:\/\/truusk.store\/sv\/","name":"TRUUSK - Hem, Tr\u00e4dg\u00e5rd & Fritid","description":"","publisher":{"@id":"https:\/\/truusk.store\/sv\/#organization"},"potentialAction":[{"@type":"SearchAction","target":{"@type":"EntryPoint","urlTemplate":"https:\/\/truusk.store\/sv\/?s={search_term_string}"},"query-input":{"@type":"PropertyValueSpecification","valueRequired":true,"valueName":"search_term_string"}}],"inLanguage":"sv-SE"},{"@type":"Organization","@id":"https:\/\/truusk.store\/sv\/#organization","name":"TRUUSK - Hem, Tr\u00e4dg\u00e5rd & Fritid","url":"https:\/\/truusk.store\/sv\/","logo":{"@type":"ImageObject","inLanguage":"sv-SE","@id":"https:\/\/truusk.store\/sv\/#\/schema\/logo\/image\/","url":"https:\/\/i0.wp.com\/truusk.store\/wp-content\/uploads\/2026\/03\/cropped-TRUUSK.png?fit=2032%2C917&ssl=1","contentUrl":"https:\/\/i0.wp.com\/truusk.store\/wp-content\/uploads\/2026\/03\/cropped-TRUUSK.png?fit=2032%2C917&ssl=1","width":2032,"height":917,"caption":"TRUUSK - Hem, Tr\u00e4dg\u00e5rd & Fritid"},"image":{"@id":"https:\/\/truusk.store\/sv\/#\/schema\/logo\/image\/"}}]}},"jetpack_sharing_enabled":true,"_links":{"self":[{"href":"https:\/\/truusk.store\/sv\/wp-json\/wp\/v2\/product\/109064","targetHints":{"allow":["GET"]}}],"collection":[{"href":"https:\/\/truusk.store\/sv\/wp-json\/wp\/v2\/product"}],"about":[{"href":"https:\/\/truusk.store\/sv\/wp-json\/wp\/v2\/types\/product"}],"wp:featuredmedia":[{"embeddable":true,"href":"https:\/\/truusk.store\/sv\/wp-json\/wp\/v2\/media\/109053"}],"wp:attachment":[{"href":"https:\/\/truusk.store\/sv\/wp-json\/wp\/v2\/media?parent=109064"}],"wp:term":[{"taxonomy":"product_brand","embeddable":true,"href":"https:\/\/truusk.store\/sv\/wp-json\/wp\/v2\/product_brand?post=109064"},{"taxonomy":"product_cat","embeddable":true,"href":"https:\/\/truusk.store\/sv\/wp-json\/wp\/v2\/product_cat?post=109064"},{"taxonomy":"product_tag","embeddable":true,"href":"https:\/\/truusk.store\/sv\/wp-json\/wp\/v2\/product_tag?post=109064"}],"curies":[{"name":"wp","href":"https:\/\/api.w.org\/{rel}","templated":true}]}}