{"id":109072,"date":"2026-03-11T15:13:53","date_gmt":"2026-03-11T14:13:53","guid":{"rendered":"https:\/\/truusk.store\/product\/barnskrivbord-studentbord-med-lador-hylla-forvaringsutrymme-for-5-12-ar-barn-90-x-52-x-105-cm-gron\/"},"modified":"2026-03-12T08:53:51","modified_gmt":"2026-03-12T07:53:51","slug":"truusk-barnskrivbord-med-hylla-och-forvaringsutrymme-lador-for-barn-5-12-ar-90-x-52-x-105-cm-gron","status":"publish","type":"product","link":"https:\/\/truusk.store\/sv\/produkt\/truusk-barnskrivbord-med-hylla-och-forvaringsutrymme-lador-for-barn-5-12-ar-90-x-52-x-105-cm-gron\/","title":{"rendered":"TRUUSK Barnskrivbord med Hylla och F\u00f6rvaringsutrymme &#8211; L\u00e5dor &#8211; F\u00f6r Barn 5-12 \u00e5r &#8211; 90 x 52 x 105 cm &#8211; Gr\u00f6n"},"content":{"rendered":"<p>Med denna [BRAND NAME] barnskrivbord skapar du en glad och koncentrerad studieplats. Ditt barn kan ordna b\u00f6cker, leksaker och skrivmaterial ordentligt och k\u00e4nna sig trygg. Den rymliga skrivbordsytan \u00e4r utm\u00e4rkt f\u00f6r l\u00e4xor och kreativa projekt, och den robusta, barnv\u00e4nliga designen ger f\u00f6r\u00e4ldrar trygghet. Tack vare l\u00e4tta att reng\u00f6ra ytor och s\u00e4kerhetsfunktioner \u00e4r detta barnbord idealiskt f\u00f6r kreativitet och koncentration.<\/p>\n<p>Beskrivning:<\/p>\n<ul>\n<li> Har en topp och tv\u00e5 l\u00e5dor som h\u00e5ller arbetsomr\u00e5det snyggt och organiserat<\/li>\n<li> Tillverkad av FSC-certifierade material, erbjuder robust, barnv\u00e4nligt st\u00f6d f\u00f6r barn<\/li>\n<li> Barnbordet med f\u00f6rvaring erbjuder en personlig station f\u00f6r l\u00e4xor, fr\u00e4mjar ansvar och v\u00e4xande oberoende<\/li>\n<li> Har en bordsh\u00f6jd p\u00e5 75 cm med gott om benutrymme, fr\u00e4mjar en god h\u00e5llning f\u00f6r barn<\/li>\n<li> Barnbordet levereras med filt f\u00f6tter f\u00f6r att skydda dina golv fr\u00e5n repor och buller<\/li>\n<li> L\u00e5dorna har en inbyggd stoppmekanism f\u00f6r att f\u00f6rhindra oavsiktligt utdragning under anv\u00e4ndning<\/li>\n<li> Melaminbelagd yta \u00e4r motst\u00e5ndskraftig mot slitage och vatten, l\u00e4tt att reng\u00f6ra n\u00e4r som helst<\/li>\n<li> Montering kr\u00e4vs<\/li>\n<\/ul>\n<p> Tekniska data:<\/p>\n<ul>\n<li> F\u00e4rg: Gr\u00f6n+Natur<\/li>\n<li> Material: MDF, furu<\/li>\n<li> Totala dimensioner: 90L x 52B x 105H cm<\/li>\n<li> Skrivbordsdimensioner: 90B x 37T cm<\/li>\n<li> Skrivbordsh\u00f6jd: 75 cm<\/li>\n<li> Stort f\u00f6rvaringsfack: 56B x 13T x 28,5H cm<\/li>\n<li> Liten f\u00f6rvaringsfack: 30B x 13T x 13,5H cm<\/li>\n<li> Inre l\u00e5dm\u00e5tt: 36B x 38,5T x 7,5H cm<\/li>\n<li> Belastningskapacitet: 50 kg (totalt), 5 kg (hylla), 5 kg (l\u00e5da)<\/li>\n<li> Rekommenderad \u00e5lder: 5-12 \u00e5r<\/li>\n<li> Godk\u00e4nd \u00e5lder: fr\u00e5n 3 \u00e5r<\/li>\n<\/ul>\n<p>Leveransinneh\u00e5ll:<\/p>\n<ul>\n<li> 1 x Skrivbord<\/li>\n<li> 1 x Bruksanvisning<\/li>\n<\/ul>\n","protected":false},"excerpt":{"rendered":"<p>Med denna [BRAND NAME] barnskrivbord skapar du en glad och koncentrerad studieplats. Ditt barn kan ordna b\u00f6cker, leksaker och skrivmaterial&#8230;<\/p>\n","protected":false},"featured_media":109060,"template":"","meta":[],"product_brand":[],"product_cat":[880,633,631],"product_tag":[],"class_list":{"0":"post-109072","1":"product","2":"type-product","3":"status-publish","4":"has-post-thumbnail","6":"product_cat-baby-barn-2","7":"product_cat-barnbord","8":"product_cat-barnmobler","10":"first","11":"instock","12":"sale","13":"taxable","14":"shipping-taxable","15":"purchasable","16":"product-type-simple"},"yoast_head":"<!-- This site is optimized with the Yoast SEO plugin v25.4 - https:\/\/yoast.com\/wordpress\/plugins\/seo\/ -->\n<title>TRUUSK Barnskrivbord med Hylla och F\u00f6rvaringsutrymme - L\u00e5dor - F\u00f6r Barn 5-12 \u00e5r - 90 x 52 x 105 cm - Gr\u00f6n - TRUUSK - Hem, Tr\u00e4dg\u00e5rd &amp; Fritid<\/title>\n<meta name=\"robots\" content=\"index, follow, max-snippet:-1, max-image-preview:large, max-video-preview:-1\" \/>\n<link rel=\"canonical\" href=\"https:\/\/truusk.store\/sv\/produkt\/truusk-barnskrivbord-med-hylla-och-forvaringsutrymme-lador-for-barn-5-12-ar-90-x-52-x-105-cm-gron\/\" \/>\n<meta property=\"og:locale\" content=\"sv_SE\" \/>\n<meta property=\"og:type\" content=\"article\" \/>\n<meta property=\"og:title\" content=\"TRUUSK Barnskrivbord med Hylla och F\u00f6rvaringsutrymme - L\u00e5dor - F\u00f6r Barn 5-12 \u00e5r - 90 x 52 x 105 cm - Gr\u00f6n - TRUUSK - Hem, Tr\u00e4dg\u00e5rd &amp; Fritid\" \/>\n<meta property=\"og:description\" content=\"Med denna [BRAND NAME] barnskrivbord skapar du en glad och koncentrerad studieplats. Ditt barn kan ordna b\u00f6cker, leksaker och skrivmaterial...\" \/>\n<meta property=\"og:url\" content=\"https:\/\/truusk.store\/sv\/produkt\/truusk-barnskrivbord-med-hylla-och-forvaringsutrymme-lador-for-barn-5-12-ar-90-x-52-x-105-cm-gron\/\" \/>\n<meta property=\"og:site_name\" content=\"TRUUSK - Hem, Tr\u00e4dg\u00e5rd &amp; Fritid\" \/>\n<meta property=\"article:modified_time\" content=\"2026-03-12T07:53:51+00:00\" \/>\n<meta property=\"og:image\" content=\"https:\/\/i0.wp.com\/truusk.se\/wp-content\/uploads\/2026\/03\/barnskrivbord-studentbord-med-lador-hylla-forvaringsutrymme-for-5-12-ar-barn-90-x-52-x-105-cm-gron-1.webp?fit=2000%2C2000&ssl=1\" \/>\n\t<meta property=\"og:image:width\" content=\"2000\" \/>\n\t<meta property=\"og:image:height\" content=\"2000\" \/>\n\t<meta property=\"og:image:type\" content=\"image\/webp\" \/>\n<meta name=\"twitter:card\" content=\"summary_large_image\" \/>\n<meta name=\"twitter:label1\" content=\"Ber\u00e4knad l\u00e4stid\" \/>\n\t<meta name=\"twitter:data1\" content=\"1 minut\" \/>\n<!-- \/ Yoast SEO plugin. -->","yoast_head_json":{"title":"TRUUSK Barnskrivbord med Hylla och F\u00f6rvaringsutrymme - L\u00e5dor - F\u00f6r Barn 5-12 \u00e5r - 90 x 52 x 105 cm - Gr\u00f6n - TRUUSK - Hem, Tr\u00e4dg\u00e5rd &amp; Fritid","robots":{"index":"index","follow":"follow","max-snippet":"max-snippet:-1","max-image-preview":"max-image-preview:large","max-video-preview":"max-video-preview:-1"},"canonical":"https:\/\/truusk.store\/sv\/produkt\/truusk-barnskrivbord-med-hylla-och-forvaringsutrymme-lador-for-barn-5-12-ar-90-x-52-x-105-cm-gron\/","og_locale":"sv_SE","og_type":"article","og_title":"TRUUSK Barnskrivbord med Hylla och F\u00f6rvaringsutrymme - L\u00e5dor - F\u00f6r Barn 5-12 \u00e5r - 90 x 52 x 105 cm - Gr\u00f6n - TRUUSK - Hem, Tr\u00e4dg\u00e5rd &amp; Fritid","og_description":"Med denna [BRAND NAME] barnskrivbord skapar du en glad och koncentrerad studieplats. Ditt barn kan ordna b\u00f6cker, leksaker och skrivmaterial...","og_url":"https:\/\/truusk.store\/sv\/produkt\/truusk-barnskrivbord-med-hylla-och-forvaringsutrymme-lador-for-barn-5-12-ar-90-x-52-x-105-cm-gron\/","og_site_name":"TRUUSK - Hem, Tr\u00e4dg\u00e5rd &amp; Fritid","article_modified_time":"2026-03-12T07:53:51+00:00","og_image":[{"width":2000,"height":2000,"url":"https:\/\/i0.wp.com\/truusk.se\/wp-content\/uploads\/2026\/03\/barnskrivbord-studentbord-med-lador-hylla-forvaringsutrymme-for-5-12-ar-barn-90-x-52-x-105-cm-gron-1.webp?fit=2000%2C2000&ssl=1","type":"image\/webp"}],"twitter_card":"summary_large_image","twitter_misc":{"Ber\u00e4knad l\u00e4stid":"1 minut"},"schema":{"@context":"https:\/\/schema.org","@graph":[{"@type":"WebPage","@id":"https:\/\/truusk.store\/sv\/produkt\/truusk-barnskrivbord-med-hylla-och-forvaringsutrymme-lador-for-barn-5-12-ar-90-x-52-x-105-cm-gron\/","url":"https:\/\/truusk.store\/sv\/produkt\/truusk-barnskrivbord-med-hylla-och-forvaringsutrymme-lador-for-barn-5-12-ar-90-x-52-x-105-cm-gron\/","name":"TRUUSK Barnskrivbord med Hylla och F\u00f6rvaringsutrymme - L\u00e5dor - F\u00f6r Barn 5-12 \u00e5r - 90 x 52 x 105 cm - Gr\u00f6n - TRUUSK - Hem, Tr\u00e4dg\u00e5rd &amp; Fritid","isPartOf":{"@id":"https:\/\/truusk.store\/sv\/#website"},"primaryImageOfPage":{"@id":"https:\/\/truusk.store\/sv\/produkt\/truusk-barnskrivbord-med-hylla-och-forvaringsutrymme-lador-for-barn-5-12-ar-90-x-52-x-105-cm-gron\/#primaryimage"},"image":{"@id":"https:\/\/truusk.store\/sv\/produkt\/truusk-barnskrivbord-med-hylla-och-forvaringsutrymme-lador-for-barn-5-12-ar-90-x-52-x-105-cm-gron\/#primaryimage"},"thumbnailUrl":"https:\/\/i0.wp.com\/truusk.store\/wp-content\/uploads\/2026\/03\/barnskrivbord-studentbord-med-lador-hylla-forvaringsutrymme-for-5-12-ar-barn-90-x-52-x-105-cm-gron-1.webp?fit=2000%2C2000&ssl=1","datePublished":"2026-03-11T14:13:53+00:00","dateModified":"2026-03-12T07:53:51+00:00","breadcrumb":{"@id":"https:\/\/truusk.store\/sv\/produkt\/truusk-barnskrivbord-med-hylla-och-forvaringsutrymme-lador-for-barn-5-12-ar-90-x-52-x-105-cm-gron\/#breadcrumb"},"inLanguage":"sv-SE","potentialAction":[{"@type":"ReadAction","target":["https:\/\/truusk.store\/sv\/produkt\/truusk-barnskrivbord-med-hylla-och-forvaringsutrymme-lador-for-barn-5-12-ar-90-x-52-x-105-cm-gron\/"]}]},{"@type":"ImageObject","inLanguage":"sv-SE","@id":"https:\/\/truusk.store\/sv\/produkt\/truusk-barnskrivbord-med-hylla-och-forvaringsutrymme-lador-for-barn-5-12-ar-90-x-52-x-105-cm-gron\/#primaryimage","url":"https:\/\/i0.wp.com\/truusk.store\/wp-content\/uploads\/2026\/03\/barnskrivbord-studentbord-med-lador-hylla-forvaringsutrymme-for-5-12-ar-barn-90-x-52-x-105-cm-gron-1.webp?fit=2000%2C2000&ssl=1","contentUrl":"https:\/\/i0.wp.com\/truusk.store\/wp-content\/uploads\/2026\/03\/barnskrivbord-studentbord-med-lador-hylla-forvaringsutrymme-for-5-12-ar-barn-90-x-52-x-105-cm-gron-1.webp?fit=2000%2C2000&ssl=1","width":2000,"height":2000},{"@type":"BreadcrumbList","@id":"https:\/\/truusk.store\/sv\/produkt\/truusk-barnskrivbord-med-hylla-och-forvaringsutrymme-lador-for-barn-5-12-ar-90-x-52-x-105-cm-gron\/#breadcrumb","itemListElement":[{"@type":"ListItem","position":1,"name":"Home","item":"https:\/\/truusk.store\/sv\/"},{"@type":"ListItem","position":2,"name":"Shop","item":"https:\/\/truusk.store\/shop\/"},{"@type":"ListItem","position":3,"name":"TRUUSK Barnskrivbord med Hylla och F\u00f6rvaringsutrymme &#8211; L\u00e5dor &#8211; F\u00f6r Barn 5-12 \u00e5r &#8211; 90 x 52 x 105 cm &#8211; Gr\u00f6n"}]},{"@type":"WebSite","@id":"https:\/\/truusk.store\/sv\/#website","url":"https:\/\/truusk.store\/sv\/","name":"TRUUSK - Hem, Tr\u00e4dg\u00e5rd & Fritid","description":"","publisher":{"@id":"https:\/\/truusk.store\/sv\/#organization"},"potentialAction":[{"@type":"SearchAction","target":{"@type":"EntryPoint","urlTemplate":"https:\/\/truusk.store\/sv\/?s={search_term_string}"},"query-input":{"@type":"PropertyValueSpecification","valueRequired":true,"valueName":"search_term_string"}}],"inLanguage":"sv-SE"},{"@type":"Organization","@id":"https:\/\/truusk.store\/sv\/#organization","name":"TRUUSK - Hem, Tr\u00e4dg\u00e5rd & Fritid","url":"https:\/\/truusk.store\/sv\/","logo":{"@type":"ImageObject","inLanguage":"sv-SE","@id":"https:\/\/truusk.store\/sv\/#\/schema\/logo\/image\/","url":"https:\/\/i0.wp.com\/truusk.store\/wp-content\/uploads\/2026\/03\/cropped-TRUUSK.png?fit=2032%2C917&ssl=1","contentUrl":"https:\/\/i0.wp.com\/truusk.store\/wp-content\/uploads\/2026\/03\/cropped-TRUUSK.png?fit=2032%2C917&ssl=1","width":2032,"height":917,"caption":"TRUUSK - Hem, Tr\u00e4dg\u00e5rd & Fritid"},"image":{"@id":"https:\/\/truusk.store\/sv\/#\/schema\/logo\/image\/"}}]}},"jetpack_sharing_enabled":true,"_links":{"self":[{"href":"https:\/\/truusk.store\/sv\/wp-json\/wp\/v2\/product\/109072","targetHints":{"allow":["GET"]}}],"collection":[{"href":"https:\/\/truusk.store\/sv\/wp-json\/wp\/v2\/product"}],"about":[{"href":"https:\/\/truusk.store\/sv\/wp-json\/wp\/v2\/types\/product"}],"wp:featuredmedia":[{"embeddable":true,"href":"https:\/\/truusk.store\/sv\/wp-json\/wp\/v2\/media\/109060"}],"wp:attachment":[{"href":"https:\/\/truusk.store\/sv\/wp-json\/wp\/v2\/media?parent=109072"}],"wp:term":[{"taxonomy":"product_brand","embeddable":true,"href":"https:\/\/truusk.store\/sv\/wp-json\/wp\/v2\/product_brand?post=109072"},{"taxonomy":"product_cat","embeddable":true,"href":"https:\/\/truusk.store\/sv\/wp-json\/wp\/v2\/product_cat?post=109072"},{"taxonomy":"product_tag","embeddable":true,"href":"https:\/\/truusk.store\/sv\/wp-json\/wp\/v2\/product_tag?post=109072"}],"curies":[{"name":"wp","href":"https:\/\/api.w.org\/{rel}","templated":true}]}}