{"id":109092,"date":"2026-03-11T15:15:46","date_gmt":"2026-03-11T14:15:46","guid":{"rendered":"https:\/\/truusk.store\/product\/barstolset-om-2-hojdjusterbara-svangstolar-med-sadelsits-i-almtra-i-morkbrunt\/"},"modified":"2026-03-12T08:53:52","modified_gmt":"2026-03-12T07:53:52","slug":"truusk-barstolset-om-2-hojdjusterbara-svangstolar-sadelsits-i-almtra-morkbrunt","status":"publish","type":"product","link":"https:\/\/truusk.store\/sv\/produkt\/truusk-barstolset-om-2-hojdjusterbara-svangstolar-sadelsits-i-almtra-morkbrunt\/","title":{"rendered":"TRUUSK Barstolset om 2 &#8211; H\u00f6jdjusterbara sv\u00e4ngstolar &#8211; Sadelsits i almtr\u00e4 &#8211; M\u00f6rkbrunt"},"content":{"rendered":"<p>Barstolar kan ofta leda till ryggsm\u00e4rtor och passar inte alltid perfekt till ditt utrymme. L\u00e5nga samtal vid baren blir en orolig aff\u00e4r p\u00e5 en d\u00e5ligt designad sittplats. [BRAND NAME] 2-pack barstolar l\u00f6ser detta problem med en ergonomisk sadelsits och en 360\u00b0 roteringsfunktion. Justera h\u00f6jden fr\u00e5n 61 cm till 82 cm, vila f\u00f6tterna bekv\u00e4mt och njut av det varma altr\u00e4et i denna barstol.<\/p>\n<p>Beskrivning:<\/p>\n<ul>\n<li> Justera h\u00f6jden fr\u00e5n 61 till 82 cm och rotera 360 grader f\u00f6r flexibilitet<\/li>\n<li> Utrustad med en 5 cm tjock sadelsits i altr\u00e4 f\u00f6r en rustik, naturlig look<\/li>\n<li> Ergonomisk sadelsits och en metallfotst\u00f6d ger l\u00e5ngvarig komfort<\/li>\n<li> En bred \u00d841 cm bas av barstolen ger stabilitet till denna barstol och b\u00e4r upp till 120 kg<\/li>\n<li> Den halkfria gummiringen p\u00e5 basen av barstolen skyddar dina golv fr\u00e5n repor<\/li>\n<li> Inneh\u00e5ller tv\u00e5 barstolar, l\u00e4mpliga f\u00f6r ditt k\u00f6ksb\u00e4nk eller hemmabar<\/li>\n<li> Montering kr\u00e4vs<\/li>\n<\/ul>\n<p> Tekniska specifikationer:<\/p>\n<ul>\n<li> F\u00e4rg: M\u00f6rkbrun+Svart<\/li>\n<li> Material: Altr\u00e4, Metall, Plast<\/li>\n<li> Totala dimensioner: 41,5B x 41,5D x 61-82H cm<\/li>\n<li> Sitsstorlek: 40B x 30D x 61-82H cm<\/li>\n<li> Kuddtjocklek: 5 cm (sits)<\/li>\n<li> Fotst\u00f6dsh\u00f6jd till golvet: 21-42 cm<\/li>\n<li> Basstorlek: \u00d841 x 2T cm<\/li>\n<li> Total b\u00e4rf\u00f6rm\u00e5ga: 120 kg<\/li>\n<li> Artikelnummer: 83A-483V00DR<\/li>\n<\/ul>\n<p>Leveransinneh\u00e5ll:<\/p>\n<ul>\n<li> 2 x Barstolar<\/li>\n<li> 1 x Instruktioner<\/li>\n<\/ul>\n","protected":false},"excerpt":{"rendered":"<p>Barstolar kan ofta leda till ryggsm\u00e4rtor och passar inte alltid perfekt till ditt utrymme. L\u00e5nga samtal vid baren blir en&#8230;<\/p>\n","protected":false},"featured_media":109080,"template":"","meta":[],"product_brand":[],"product_cat":[643,871,889],"product_tag":[],"class_list":{"0":"post-109092","1":"product","2":"type-product","3":"status-publish","4":"has-post-thumbnail","6":"product_cat-barnstolar","7":"product_cat-hus-hem","8":"product_cat-kok-matsal","10":"first","11":"instock","12":"sale","13":"taxable","14":"shipping-taxable","15":"purchasable","16":"product-type-simple"},"yoast_head":"<!-- This site is optimized with the Yoast SEO plugin v25.4 - https:\/\/yoast.com\/wordpress\/plugins\/seo\/ -->\n<title>TRUUSK Barstolset om 2 - H\u00f6jdjusterbara sv\u00e4ngstolar - Sadelsits i almtr\u00e4 - M\u00f6rkbrunt - TRUUSK - Hem, Tr\u00e4dg\u00e5rd &amp; Fritid<\/title>\n<meta name=\"robots\" content=\"index, follow, max-snippet:-1, max-image-preview:large, max-video-preview:-1\" \/>\n<link rel=\"canonical\" href=\"https:\/\/truusk.store\/sv\/produkt\/truusk-barstolset-om-2-hojdjusterbara-svangstolar-sadelsits-i-almtra-morkbrunt\/\" \/>\n<meta property=\"og:locale\" content=\"sv_SE\" \/>\n<meta property=\"og:type\" content=\"article\" \/>\n<meta property=\"og:title\" content=\"TRUUSK Barstolset om 2 - H\u00f6jdjusterbara sv\u00e4ngstolar - Sadelsits i almtr\u00e4 - M\u00f6rkbrunt - TRUUSK - Hem, Tr\u00e4dg\u00e5rd &amp; Fritid\" \/>\n<meta property=\"og:description\" content=\"Barstolar kan ofta leda till ryggsm\u00e4rtor och passar inte alltid perfekt till ditt utrymme. L\u00e5nga samtal vid baren blir en...\" \/>\n<meta property=\"og:url\" content=\"https:\/\/truusk.store\/sv\/produkt\/truusk-barstolset-om-2-hojdjusterbara-svangstolar-sadelsits-i-almtra-morkbrunt\/\" \/>\n<meta property=\"og:site_name\" content=\"TRUUSK - Hem, Tr\u00e4dg\u00e5rd &amp; Fritid\" \/>\n<meta property=\"article:modified_time\" content=\"2026-03-12T07:53:52+00:00\" \/>\n<meta property=\"og:image\" content=\"https:\/\/i0.wp.com\/truusk.se\/wp-content\/uploads\/2026\/03\/barstolset-om-2-hojdjusterbara-svangstolar-med-sadelsits-i-almtra-i-morkbrunt-1.webp?fit=2000%2C2000&ssl=1\" \/>\n\t<meta property=\"og:image:width\" content=\"2000\" \/>\n\t<meta property=\"og:image:height\" content=\"2000\" \/>\n\t<meta property=\"og:image:type\" content=\"image\/webp\" \/>\n<meta name=\"twitter:card\" content=\"summary_large_image\" \/>\n<meta name=\"twitter:label1\" content=\"Ber\u00e4knad l\u00e4stid\" \/>\n\t<meta name=\"twitter:data1\" content=\"1 minut\" \/>\n<!-- \/ Yoast SEO plugin. -->","yoast_head_json":{"title":"TRUUSK Barstolset om 2 - H\u00f6jdjusterbara sv\u00e4ngstolar - Sadelsits i almtr\u00e4 - M\u00f6rkbrunt - TRUUSK - Hem, Tr\u00e4dg\u00e5rd &amp; Fritid","robots":{"index":"index","follow":"follow","max-snippet":"max-snippet:-1","max-image-preview":"max-image-preview:large","max-video-preview":"max-video-preview:-1"},"canonical":"https:\/\/truusk.store\/sv\/produkt\/truusk-barstolset-om-2-hojdjusterbara-svangstolar-sadelsits-i-almtra-morkbrunt\/","og_locale":"sv_SE","og_type":"article","og_title":"TRUUSK Barstolset om 2 - H\u00f6jdjusterbara sv\u00e4ngstolar - Sadelsits i almtr\u00e4 - M\u00f6rkbrunt - TRUUSK - Hem, Tr\u00e4dg\u00e5rd &amp; Fritid","og_description":"Barstolar kan ofta leda till ryggsm\u00e4rtor och passar inte alltid perfekt till ditt utrymme. L\u00e5nga samtal vid baren blir en...","og_url":"https:\/\/truusk.store\/sv\/produkt\/truusk-barstolset-om-2-hojdjusterbara-svangstolar-sadelsits-i-almtra-morkbrunt\/","og_site_name":"TRUUSK - Hem, Tr\u00e4dg\u00e5rd &amp; Fritid","article_modified_time":"2026-03-12T07:53:52+00:00","og_image":[{"width":2000,"height":2000,"url":"https:\/\/i0.wp.com\/truusk.se\/wp-content\/uploads\/2026\/03\/barstolset-om-2-hojdjusterbara-svangstolar-med-sadelsits-i-almtra-i-morkbrunt-1.webp?fit=2000%2C2000&ssl=1","type":"image\/webp"}],"twitter_card":"summary_large_image","twitter_misc":{"Ber\u00e4knad l\u00e4stid":"1 minut"},"schema":{"@context":"https:\/\/schema.org","@graph":[{"@type":"WebPage","@id":"https:\/\/truusk.store\/sv\/produkt\/truusk-barstolset-om-2-hojdjusterbara-svangstolar-sadelsits-i-almtra-morkbrunt\/","url":"https:\/\/truusk.store\/sv\/produkt\/truusk-barstolset-om-2-hojdjusterbara-svangstolar-sadelsits-i-almtra-morkbrunt\/","name":"TRUUSK Barstolset om 2 - H\u00f6jdjusterbara sv\u00e4ngstolar - Sadelsits i almtr\u00e4 - M\u00f6rkbrunt - TRUUSK - Hem, Tr\u00e4dg\u00e5rd &amp; Fritid","isPartOf":{"@id":"https:\/\/truusk.store\/sv\/#website"},"primaryImageOfPage":{"@id":"https:\/\/truusk.store\/sv\/produkt\/truusk-barstolset-om-2-hojdjusterbara-svangstolar-sadelsits-i-almtra-morkbrunt\/#primaryimage"},"image":{"@id":"https:\/\/truusk.store\/sv\/produkt\/truusk-barstolset-om-2-hojdjusterbara-svangstolar-sadelsits-i-almtra-morkbrunt\/#primaryimage"},"thumbnailUrl":"https:\/\/i0.wp.com\/truusk.store\/wp-content\/uploads\/2026\/03\/barstolset-om-2-hojdjusterbara-svangstolar-med-sadelsits-i-almtra-i-morkbrunt-1.webp?fit=2000%2C2000&ssl=1","datePublished":"2026-03-11T14:15:46+00:00","dateModified":"2026-03-12T07:53:52+00:00","breadcrumb":{"@id":"https:\/\/truusk.store\/sv\/produkt\/truusk-barstolset-om-2-hojdjusterbara-svangstolar-sadelsits-i-almtra-morkbrunt\/#breadcrumb"},"inLanguage":"sv-SE","potentialAction":[{"@type":"ReadAction","target":["https:\/\/truusk.store\/sv\/produkt\/truusk-barstolset-om-2-hojdjusterbara-svangstolar-sadelsits-i-almtra-morkbrunt\/"]}]},{"@type":"ImageObject","inLanguage":"sv-SE","@id":"https:\/\/truusk.store\/sv\/produkt\/truusk-barstolset-om-2-hojdjusterbara-svangstolar-sadelsits-i-almtra-morkbrunt\/#primaryimage","url":"https:\/\/i0.wp.com\/truusk.store\/wp-content\/uploads\/2026\/03\/barstolset-om-2-hojdjusterbara-svangstolar-med-sadelsits-i-almtra-i-morkbrunt-1.webp?fit=2000%2C2000&ssl=1","contentUrl":"https:\/\/i0.wp.com\/truusk.store\/wp-content\/uploads\/2026\/03\/barstolset-om-2-hojdjusterbara-svangstolar-med-sadelsits-i-almtra-i-morkbrunt-1.webp?fit=2000%2C2000&ssl=1","width":2000,"height":2000},{"@type":"BreadcrumbList","@id":"https:\/\/truusk.store\/sv\/produkt\/truusk-barstolset-om-2-hojdjusterbara-svangstolar-sadelsits-i-almtra-morkbrunt\/#breadcrumb","itemListElement":[{"@type":"ListItem","position":1,"name":"Home","item":"https:\/\/truusk.store\/sv\/"},{"@type":"ListItem","position":2,"name":"Shop","item":"https:\/\/truusk.store\/shop\/"},{"@type":"ListItem","position":3,"name":"TRUUSK Barstolset om 2 &#8211; H\u00f6jdjusterbara sv\u00e4ngstolar &#8211; Sadelsits i almtr\u00e4 &#8211; M\u00f6rkbrunt"}]},{"@type":"WebSite","@id":"https:\/\/truusk.store\/sv\/#website","url":"https:\/\/truusk.store\/sv\/","name":"TRUUSK - Hem, Tr\u00e4dg\u00e5rd & Fritid","description":"","publisher":{"@id":"https:\/\/truusk.store\/sv\/#organization"},"potentialAction":[{"@type":"SearchAction","target":{"@type":"EntryPoint","urlTemplate":"https:\/\/truusk.store\/sv\/?s={search_term_string}"},"query-input":{"@type":"PropertyValueSpecification","valueRequired":true,"valueName":"search_term_string"}}],"inLanguage":"sv-SE"},{"@type":"Organization","@id":"https:\/\/truusk.store\/sv\/#organization","name":"TRUUSK - Hem, Tr\u00e4dg\u00e5rd & Fritid","url":"https:\/\/truusk.store\/sv\/","logo":{"@type":"ImageObject","inLanguage":"sv-SE","@id":"https:\/\/truusk.store\/sv\/#\/schema\/logo\/image\/","url":"https:\/\/i0.wp.com\/truusk.store\/wp-content\/uploads\/2026\/03\/cropped-TRUUSK.png?fit=2032%2C917&ssl=1","contentUrl":"https:\/\/i0.wp.com\/truusk.store\/wp-content\/uploads\/2026\/03\/cropped-TRUUSK.png?fit=2032%2C917&ssl=1","width":2032,"height":917,"caption":"TRUUSK - Hem, Tr\u00e4dg\u00e5rd & Fritid"},"image":{"@id":"https:\/\/truusk.store\/sv\/#\/schema\/logo\/image\/"}}]}},"jetpack_sharing_enabled":true,"_links":{"self":[{"href":"https:\/\/truusk.store\/sv\/wp-json\/wp\/v2\/product\/109092","targetHints":{"allow":["GET"]}}],"collection":[{"href":"https:\/\/truusk.store\/sv\/wp-json\/wp\/v2\/product"}],"about":[{"href":"https:\/\/truusk.store\/sv\/wp-json\/wp\/v2\/types\/product"}],"wp:featuredmedia":[{"embeddable":true,"href":"https:\/\/truusk.store\/sv\/wp-json\/wp\/v2\/media\/109080"}],"wp:attachment":[{"href":"https:\/\/truusk.store\/sv\/wp-json\/wp\/v2\/media?parent=109092"}],"wp:term":[{"taxonomy":"product_brand","embeddable":true,"href":"https:\/\/truusk.store\/sv\/wp-json\/wp\/v2\/product_brand?post=109092"},{"taxonomy":"product_cat","embeddable":true,"href":"https:\/\/truusk.store\/sv\/wp-json\/wp\/v2\/product_cat?post=109092"},{"taxonomy":"product_tag","embeddable":true,"href":"https:\/\/truusk.store\/sv\/wp-json\/wp\/v2\/product_tag?post=109092"}],"curies":[{"name":"wp","href":"https:\/\/api.w.org\/{rel}","templated":true}]}}