{"id":109102,"date":"2026-03-11T15:17:01","date_gmt":"2026-03-11T14:17:01","guid":{"rendered":"https:\/\/truusk.store\/product\/hopfallbar-hundvagn-med-tvattbar-kudde-nat-fonster-3-hjul-for-medelstora-hundar-upp-till-20-kg-gra\/"},"modified":"2026-03-12T08:53:53","modified_gmt":"2026-03-12T07:53:53","slug":"truusk-hopfallbar-hundvagn-tvattbar-kudde-nat-fonster-3-hjul-max-20-kg-gra","status":"publish","type":"product","link":"https:\/\/truusk.store\/sv\/produkt\/truusk-hopfallbar-hundvagn-tvattbar-kudde-nat-fonster-3-hjul-max-20-kg-gra\/","title":{"rendered":"TRUUSK Hopf\u00e4llbar Hundvagn &#8211; Tv\u00e4ttbar Kudde &#8211; N\u00e4t F\u00f6nster &#8211; 3 Hjul &#8211; Max 20 Kg &#8211; Gr\u00e5"},"content":{"rendered":"<p>Har du problem med oj\u00e4mna promenader som belastar din lurviga v\u00e4n, eller l\u00e4mnar du honom hemma f\u00f6r bekv\u00e4mlighetens skull? Denna [BRAND NAME]-hundvagn erbjuder l\u00f6sningen. Den glider smidigt \u00f6ver alla terr\u00e4nger, fr\u00e5n parker till trottoarer, och ger en stabil och behaglig \u00e5ktur. Med ett-klicks-f\u00e4llfunktionen och det rymliga inre \u00e4r spontana, bekv\u00e4ma \u00e4ventyr alltid m\u00f6jliga f\u00f6r att njuta av gemensamma stunder.<\/p>\n<p>Beskrivning:<\/p>\n<ul>\n<li> F\u00e4lls ihop p\u00e5 n\u00e5gra sekunder med en enklicksmekanism f\u00f6r smidig transport och enkel f\u00f6rvaring<\/li>\n<li> Stora terr\u00e4ngg\u00e5ende hjul och dubbelbroms ger en smidig, stabil \u00e5ktur<\/li>\n<li> Rymligt inre med panoramaf\u00f6nster i n\u00e4t ger komfort och optimal ventilation<\/li>\n<li> L\u00e5g ing\u00e5ng bak och tv\u00e5 s\u00e4kerhetslinor ger enkel och s\u00e4ker tillg\u00e5ng<\/li>\n<li> Tillverkad av robust 600D Oxford-tyg som motst\u00e5r slitage och repor<\/li>\n<li> Kardborreband p\u00e5 taket ger snabb, enhandstillg\u00e5ng till ditt husdjur<\/li>\n<li> Har en stor bakficka d\u00e4r alla viktiga saker alltid \u00e4r till hands<\/li>\n<li> L\u00e4mplig f\u00f6r medelstora hundar upp till 20 kg och en kroppsl\u00e4ngd p\u00e5 maximalt 51 cm<\/li>\n<\/ul>\n<p> Tekniska specifikationer:<\/p>\n<ul>\n<li> F\u00e4rg: Gr\u00e5+Vit+Svart<\/li>\n<li> Material: Oxford-tyg, metall<\/li>\n<li> Totala dimensioner: 92L x 63B x 95H cm<\/li>\n<li> F\u00e4llda dimensioner: 91L x 63B x 39H cm<\/li>\n<li> Intern kabinstorlek: 76L x 45B x 63H cm<\/li>\n<li> Kuddstorlek: 72L x 43B cm<\/li>\n<li> Framhjulsstorlek: \u00d817 cm<\/li>\n<li> Bakhjulsstorlek: \u00d824,5 cm<\/li>\n<li> Maximal belastning: 20 kg<\/li>\n<\/ul>\n<p>Leveransinneh\u00e5ll:<\/p>\n<ul>\n<li> 1 x hundvagn<\/li>\n<li> 1 x bruksanvisning<\/li>\n<\/ul>\n","protected":false},"excerpt":{"rendered":"<p>Har du problem med oj\u00e4mna promenader som belastar din lurviga v\u00e4n, eller l\u00e4mnar du honom hemma f\u00f6r bekv\u00e4mlighetens skull? Denna&#8230;<\/p>\n","protected":false},"featured_media":109093,"template":"","meta":[],"product_brand":[],"product_cat":[878,574,579],"product_tag":[],"class_list":{"0":"post-109102","1":"product","2":"type-product","3":"status-publish","4":"has-post-thumbnail","6":"product_cat-djurbehov","7":"product_cat-hundtillbehor","8":"product_cat-hundvagn","10":"first","11":"instock","12":"sale","13":"taxable","14":"shipping-taxable","15":"purchasable","16":"product-type-simple"},"yoast_head":"<!-- This site is optimized with the Yoast SEO plugin v25.4 - https:\/\/yoast.com\/wordpress\/plugins\/seo\/ -->\n<title>TRUUSK Hopf\u00e4llbar Hundvagn - Tv\u00e4ttbar Kudde - N\u00e4t F\u00f6nster - 3 Hjul - Max 20 Kg - Gr\u00e5 - TRUUSK - Hem, Tr\u00e4dg\u00e5rd &amp; Fritid<\/title>\n<meta name=\"robots\" content=\"index, follow, max-snippet:-1, max-image-preview:large, max-video-preview:-1\" \/>\n<link rel=\"canonical\" href=\"https:\/\/truusk.store\/sv\/produkt\/truusk-hopfallbar-hundvagn-tvattbar-kudde-nat-fonster-3-hjul-max-20-kg-gra\/\" \/>\n<meta property=\"og:locale\" content=\"sv_SE\" \/>\n<meta property=\"og:type\" content=\"article\" \/>\n<meta property=\"og:title\" content=\"TRUUSK Hopf\u00e4llbar Hundvagn - Tv\u00e4ttbar Kudde - N\u00e4t F\u00f6nster - 3 Hjul - Max 20 Kg - Gr\u00e5 - TRUUSK - Hem, Tr\u00e4dg\u00e5rd &amp; Fritid\" \/>\n<meta property=\"og:description\" content=\"Har du problem med oj\u00e4mna promenader som belastar din lurviga v\u00e4n, eller l\u00e4mnar du honom hemma f\u00f6r bekv\u00e4mlighetens skull? Denna...\" \/>\n<meta property=\"og:url\" content=\"https:\/\/truusk.store\/sv\/produkt\/truusk-hopfallbar-hundvagn-tvattbar-kudde-nat-fonster-3-hjul-max-20-kg-gra\/\" \/>\n<meta property=\"og:site_name\" content=\"TRUUSK - Hem, Tr\u00e4dg\u00e5rd &amp; Fritid\" \/>\n<meta property=\"article:modified_time\" content=\"2026-03-12T07:53:53+00:00\" \/>\n<meta property=\"og:image\" content=\"https:\/\/i0.wp.com\/truusk.se\/wp-content\/uploads\/2026\/03\/hopfallbar-hundvagn-med-tvattbar-kudde-nat-fonster-3-hjul-for-medelstora-hundar-upp-till-20-kg-gra-1.webp?fit=2000%2C2000&ssl=1\" \/>\n\t<meta property=\"og:image:width\" content=\"2000\" \/>\n\t<meta property=\"og:image:height\" content=\"2000\" \/>\n\t<meta property=\"og:image:type\" content=\"image\/webp\" \/>\n<meta name=\"twitter:card\" content=\"summary_large_image\" \/>\n<meta name=\"twitter:label1\" content=\"Ber\u00e4knad l\u00e4stid\" \/>\n\t<meta name=\"twitter:data1\" content=\"1 minut\" \/>\n<!-- \/ Yoast SEO plugin. -->","yoast_head_json":{"title":"TRUUSK Hopf\u00e4llbar Hundvagn - Tv\u00e4ttbar Kudde - N\u00e4t F\u00f6nster - 3 Hjul - Max 20 Kg - Gr\u00e5 - TRUUSK - Hem, Tr\u00e4dg\u00e5rd &amp; Fritid","robots":{"index":"index","follow":"follow","max-snippet":"max-snippet:-1","max-image-preview":"max-image-preview:large","max-video-preview":"max-video-preview:-1"},"canonical":"https:\/\/truusk.store\/sv\/produkt\/truusk-hopfallbar-hundvagn-tvattbar-kudde-nat-fonster-3-hjul-max-20-kg-gra\/","og_locale":"sv_SE","og_type":"article","og_title":"TRUUSK Hopf\u00e4llbar Hundvagn - Tv\u00e4ttbar Kudde - N\u00e4t F\u00f6nster - 3 Hjul - Max 20 Kg - Gr\u00e5 - TRUUSK - Hem, Tr\u00e4dg\u00e5rd &amp; Fritid","og_description":"Har du problem med oj\u00e4mna promenader som belastar din lurviga v\u00e4n, eller l\u00e4mnar du honom hemma f\u00f6r bekv\u00e4mlighetens skull? Denna...","og_url":"https:\/\/truusk.store\/sv\/produkt\/truusk-hopfallbar-hundvagn-tvattbar-kudde-nat-fonster-3-hjul-max-20-kg-gra\/","og_site_name":"TRUUSK - Hem, Tr\u00e4dg\u00e5rd &amp; Fritid","article_modified_time":"2026-03-12T07:53:53+00:00","og_image":[{"width":2000,"height":2000,"url":"https:\/\/i0.wp.com\/truusk.se\/wp-content\/uploads\/2026\/03\/hopfallbar-hundvagn-med-tvattbar-kudde-nat-fonster-3-hjul-for-medelstora-hundar-upp-till-20-kg-gra-1.webp?fit=2000%2C2000&ssl=1","type":"image\/webp"}],"twitter_card":"summary_large_image","twitter_misc":{"Ber\u00e4knad l\u00e4stid":"1 minut"},"schema":{"@context":"https:\/\/schema.org","@graph":[{"@type":"WebPage","@id":"https:\/\/truusk.store\/sv\/produkt\/truusk-hopfallbar-hundvagn-tvattbar-kudde-nat-fonster-3-hjul-max-20-kg-gra\/","url":"https:\/\/truusk.store\/sv\/produkt\/truusk-hopfallbar-hundvagn-tvattbar-kudde-nat-fonster-3-hjul-max-20-kg-gra\/","name":"TRUUSK Hopf\u00e4llbar Hundvagn - Tv\u00e4ttbar Kudde - N\u00e4t F\u00f6nster - 3 Hjul - Max 20 Kg - Gr\u00e5 - TRUUSK - Hem, Tr\u00e4dg\u00e5rd &amp; Fritid","isPartOf":{"@id":"https:\/\/truusk.store\/sv\/#website"},"primaryImageOfPage":{"@id":"https:\/\/truusk.store\/sv\/produkt\/truusk-hopfallbar-hundvagn-tvattbar-kudde-nat-fonster-3-hjul-max-20-kg-gra\/#primaryimage"},"image":{"@id":"https:\/\/truusk.store\/sv\/produkt\/truusk-hopfallbar-hundvagn-tvattbar-kudde-nat-fonster-3-hjul-max-20-kg-gra\/#primaryimage"},"thumbnailUrl":"https:\/\/i0.wp.com\/truusk.store\/wp-content\/uploads\/2026\/03\/hopfallbar-hundvagn-med-tvattbar-kudde-nat-fonster-3-hjul-for-medelstora-hundar-upp-till-20-kg-gra-1.webp?fit=2000%2C2000&ssl=1","datePublished":"2026-03-11T14:17:01+00:00","dateModified":"2026-03-12T07:53:53+00:00","breadcrumb":{"@id":"https:\/\/truusk.store\/sv\/produkt\/truusk-hopfallbar-hundvagn-tvattbar-kudde-nat-fonster-3-hjul-max-20-kg-gra\/#breadcrumb"},"inLanguage":"sv-SE","potentialAction":[{"@type":"ReadAction","target":["https:\/\/truusk.store\/sv\/produkt\/truusk-hopfallbar-hundvagn-tvattbar-kudde-nat-fonster-3-hjul-max-20-kg-gra\/"]}]},{"@type":"ImageObject","inLanguage":"sv-SE","@id":"https:\/\/truusk.store\/sv\/produkt\/truusk-hopfallbar-hundvagn-tvattbar-kudde-nat-fonster-3-hjul-max-20-kg-gra\/#primaryimage","url":"https:\/\/i0.wp.com\/truusk.store\/wp-content\/uploads\/2026\/03\/hopfallbar-hundvagn-med-tvattbar-kudde-nat-fonster-3-hjul-for-medelstora-hundar-upp-till-20-kg-gra-1.webp?fit=2000%2C2000&ssl=1","contentUrl":"https:\/\/i0.wp.com\/truusk.store\/wp-content\/uploads\/2026\/03\/hopfallbar-hundvagn-med-tvattbar-kudde-nat-fonster-3-hjul-for-medelstora-hundar-upp-till-20-kg-gra-1.webp?fit=2000%2C2000&ssl=1","width":2000,"height":2000},{"@type":"BreadcrumbList","@id":"https:\/\/truusk.store\/sv\/produkt\/truusk-hopfallbar-hundvagn-tvattbar-kudde-nat-fonster-3-hjul-max-20-kg-gra\/#breadcrumb","itemListElement":[{"@type":"ListItem","position":1,"name":"Home","item":"https:\/\/truusk.store\/sv\/"},{"@type":"ListItem","position":2,"name":"Shop","item":"https:\/\/truusk.store\/shop\/"},{"@type":"ListItem","position":3,"name":"TRUUSK Hopf\u00e4llbar Hundvagn &#8211; Tv\u00e4ttbar Kudde &#8211; N\u00e4t F\u00f6nster &#8211; 3 Hjul &#8211; Max 20 Kg &#8211; Gr\u00e5"}]},{"@type":"WebSite","@id":"https:\/\/truusk.store\/sv\/#website","url":"https:\/\/truusk.store\/sv\/","name":"TRUUSK - Hem, Tr\u00e4dg\u00e5rd & Fritid","description":"","publisher":{"@id":"https:\/\/truusk.store\/sv\/#organization"},"potentialAction":[{"@type":"SearchAction","target":{"@type":"EntryPoint","urlTemplate":"https:\/\/truusk.store\/sv\/?s={search_term_string}"},"query-input":{"@type":"PropertyValueSpecification","valueRequired":true,"valueName":"search_term_string"}}],"inLanguage":"sv-SE"},{"@type":"Organization","@id":"https:\/\/truusk.store\/sv\/#organization","name":"TRUUSK - Hem, Tr\u00e4dg\u00e5rd & Fritid","url":"https:\/\/truusk.store\/sv\/","logo":{"@type":"ImageObject","inLanguage":"sv-SE","@id":"https:\/\/truusk.store\/sv\/#\/schema\/logo\/image\/","url":"https:\/\/i0.wp.com\/truusk.store\/wp-content\/uploads\/2026\/03\/cropped-TRUUSK.png?fit=2032%2C917&ssl=1","contentUrl":"https:\/\/i0.wp.com\/truusk.store\/wp-content\/uploads\/2026\/03\/cropped-TRUUSK.png?fit=2032%2C917&ssl=1","width":2032,"height":917,"caption":"TRUUSK - Hem, Tr\u00e4dg\u00e5rd & Fritid"},"image":{"@id":"https:\/\/truusk.store\/sv\/#\/schema\/logo\/image\/"}}]}},"jetpack_sharing_enabled":true,"_links":{"self":[{"href":"https:\/\/truusk.store\/sv\/wp-json\/wp\/v2\/product\/109102","targetHints":{"allow":["GET"]}}],"collection":[{"href":"https:\/\/truusk.store\/sv\/wp-json\/wp\/v2\/product"}],"about":[{"href":"https:\/\/truusk.store\/sv\/wp-json\/wp\/v2\/types\/product"}],"wp:featuredmedia":[{"embeddable":true,"href":"https:\/\/truusk.store\/sv\/wp-json\/wp\/v2\/media\/109093"}],"wp:attachment":[{"href":"https:\/\/truusk.store\/sv\/wp-json\/wp\/v2\/media?parent=109102"}],"wp:term":[{"taxonomy":"product_brand","embeddable":true,"href":"https:\/\/truusk.store\/sv\/wp-json\/wp\/v2\/product_brand?post=109102"},{"taxonomy":"product_cat","embeddable":true,"href":"https:\/\/truusk.store\/sv\/wp-json\/wp\/v2\/product_cat?post=109102"},{"taxonomy":"product_tag","embeddable":true,"href":"https:\/\/truusk.store\/sv\/wp-json\/wp\/v2\/product_tag?post=109102"}],"curies":[{"name":"wp","href":"https:\/\/api.w.org\/{rel}","templated":true}]}}