{"id":109155,"date":"2026-03-11T15:22:01","date_gmt":"2026-03-11T14:22:01","guid":{"rendered":"https:\/\/truusk.store\/product\/hantelset-4-par-korta-hantlar-med-forvaringsstall-halkfria-handtag-1-4-kg-hexagon\/"},"modified":"2026-03-15T11:44:13","modified_gmt":"2026-03-15T10:44:13","slug":"truusk-kattvaska-och-hundvagn-vikbar-med-regnskydd-natventiler-kudde-forvaringskorg-for-hundar-och-katter-upp-till-10","status":"publish","type":"product","link":"https:\/\/truusk.store\/sv\/produkt\/truusk-kattvaska-och-hundvagn-vikbar-med-regnskydd-natventiler-kudde-forvaringskorg-for-hundar-och-katter-upp-till-10\/","title":{"rendered":"TRUUSK Kattv\u00e4ska och Hundvagn &#8211; Vikbar med Regnskydd &#8211; N\u00e4tventiler &#8211; Kudde &#8211; F\u00f6rvaringskorg &#8211; F\u00f6r Hundar och Katter upp till 10"},"content":{"rendered":"<p><span dir=\"auto\" style=\"vertical-align: inherit;\"><span dir=\"auto\" style=\"vertical-align: inherit;\">Create variety in your workout routine and focus on building muscle. The [BRAND NAME] dumbbell set includes two 4kg, two 3kg, two 2kg and two 1kg dumbbells plus a dumbbell rack. Thanks to the hexagonal shape, the dumbbells do not roll away. Non-slip handles provide safety, the plastic coating protects the floor &#8211; perfect for home training. Every corner becomes a gym area!<\/span><\/span><\/p>\n<p><span dir=\"auto\" style=\"vertical-align: inherit;\"><span dir=\"auto\" style=\"vertical-align: inherit;\">Description:<\/span><\/span><\/p>\n<ul>\n<li><span dir=\"auto\" style=\"vertical-align: inherit;\"><span dir=\"auto\" style=\"vertical-align: inherit;\">Eight dumbbells and a dumbbell rack are included in this dumbbell set to optimize your home workout.<\/span><\/span><\/li>\n<li><span dir=\"auto\" style=\"vertical-align: inherit;\"><span dir=\"auto\" style=\"vertical-align: inherit;\">The hexagonal shape of the dumbbells prevents them from rolling away on the floor<\/span><\/span><\/li>\n<li><span dir=\"auto\" style=\"vertical-align: inherit;\"><span dir=\"auto\" style=\"vertical-align: inherit;\">Non-slip handles provide a secure and comfortable grip and ensure safe training with the dumbbells<\/span><\/span><\/li>\n<li><span dir=\"auto\" style=\"vertical-align: inherit;\"><span dir=\"auto\" style=\"vertical-align: inherit;\">The plastic coating protects your floor from scratches<\/span><\/span><\/li>\n<li><span dir=\"auto\" style=\"vertical-align: inherit;\"><span dir=\"auto\" style=\"vertical-align: inherit;\">Metal core for long-lasting use<\/span><\/span><\/li>\n<li><span dir=\"auto\" style=\"vertical-align: inherit;\"><span dir=\"auto\" style=\"vertical-align: inherit;\">A way to lose weight, build strength or strengthen muscles &#8211; all in the comfort of your own home.<\/span><\/span><\/li>\n<\/ul>\n<p><span dir=\"auto\" style=\"vertical-align: inherit;\"><span dir=\"auto\" style=\"vertical-align: inherit;\">Technical data:<\/span><\/span><\/p>\n<ul>\n<li><span dir=\"auto\" style=\"vertical-align: inherit;\"><span dir=\"auto\" style=\"vertical-align: inherit;\">Color: Pink+Gray+Light Green+Dark Green<\/span><\/span><\/li>\n<li><span dir=\"auto\" style=\"vertical-align: inherit;\"><span dir=\"auto\" style=\"vertical-align: inherit;\">Material: Metal+Plastic<\/span><\/span><\/li>\n<li><span dir=\"auto\" style=\"vertical-align: inherit;\"><span dir=\"auto\" style=\"vertical-align: inherit;\">Dumbbell dimensions: 13L x 6W x 5.5H cm (1 kg), 16L x 7.5W x 6.5H cm (2 kg), 18L x 8W x 7.5H cm (3 kg), 19L x 9W x 8.5H cm (4 kg)<\/span><\/span><\/li>\n<li><span dir=\"auto\" style=\"vertical-align: inherit;\"><span dir=\"auto\" style=\"vertical-align: inherit;\">Storage shelf: 21L x 14W x 42H cm<\/span><\/span><\/li>\n<li><span dir=\"auto\" style=\"vertical-align: inherit;\"><span dir=\"auto\" style=\"vertical-align: inherit;\">Weight: 2 x 1 kg, 2 x 2 kg, 2 x 3 kg and 2 x 4 kg<\/span><\/span><\/li>\n<\/ul>\n<p><span dir=\"auto\" style=\"vertical-align: inherit;\"><span dir=\"auto\" style=\"vertical-align: inherit;\">Delivery contents:<\/span><\/span><\/p>\n<ul>\n<li><span dir=\"auto\" style=\"vertical-align: inherit;\"><span dir=\"auto\" style=\"vertical-align: inherit;\">2 x 1kg dumbbell<\/span><\/span><\/li>\n<li><span dir=\"auto\" style=\"vertical-align: inherit;\"><span dir=\"auto\" style=\"vertical-align: inherit;\">2 x 2kg dumbbell<\/span><\/span><\/li>\n<li><span dir=\"auto\" style=\"vertical-align: inherit;\"><span dir=\"auto\" style=\"vertical-align: inherit;\">2 x 3kg dumbbell<\/span><\/span><\/li>\n<li><span dir=\"auto\" style=\"vertical-align: inherit;\"><span dir=\"auto\" style=\"vertical-align: inherit;\">2 x 4kg dumbbell<\/span><\/span><\/li>\n<li><span dir=\"auto\" style=\"vertical-align: inherit;\"><span dir=\"auto\" style=\"vertical-align: inherit;\">1 x dumbbell rack<\/span><\/span><\/li>\n<\/ul>\n","protected":false},"excerpt":{"rendered":"<p>Create variety in your workout routine and focus on building muscle. The [BRAND NAME] dumbbell set includes two 4kg, two&#8230;<\/p>\n","protected":false},"featured_media":109143,"template":"","meta":[],"product_brand":[],"product_cat":[873,668,647],"product_tag":[],"class_list":{"0":"post-109155","1":"product","2":"type-product","3":"status-publish","4":"has-post-thumbnail","6":"product_cat-fitness-styrketraning","7":"product_cat-hantlar","8":"product_cat-sport-fritid","10":"first","11":"instock","12":"sale","13":"taxable","14":"shipping-taxable","15":"purchasable","16":"product-type-simple"},"yoast_head":"<!-- This site is optimized with the Yoast SEO plugin v25.4 - https:\/\/yoast.com\/wordpress\/plugins\/seo\/ -->\n<title>TRUUSK Kattv\u00e4ska och Hundvagn - Vikbar med Regnskydd - N\u00e4tventiler - Kudde - F\u00f6rvaringskorg - F\u00f6r Hundar och Katter upp till 10 - TRUUSK - Hem, Tr\u00e4dg\u00e5rd &amp; Fritid<\/title>\n<meta name=\"robots\" content=\"index, follow, max-snippet:-1, max-image-preview:large, max-video-preview:-1\" \/>\n<link rel=\"canonical\" href=\"https:\/\/truusk.store\/sv\/produkt\/truusk-kattvaska-och-hundvagn-vikbar-med-regnskydd-natventiler-kudde-forvaringskorg-for-hundar-och-katter-upp-till-10\/\" \/>\n<meta property=\"og:locale\" content=\"sv_SE\" \/>\n<meta property=\"og:type\" content=\"article\" \/>\n<meta property=\"og:title\" content=\"TRUUSK Kattv\u00e4ska och Hundvagn - Vikbar med Regnskydd - N\u00e4tventiler - Kudde - F\u00f6rvaringskorg - F\u00f6r Hundar och Katter upp till 10 - TRUUSK - Hem, Tr\u00e4dg\u00e5rd &amp; Fritid\" \/>\n<meta property=\"og:description\" content=\"Create variety in your workout routine and focus on building muscle. The [BRAND NAME] dumbbell set includes two 4kg, two...\" \/>\n<meta property=\"og:url\" content=\"https:\/\/truusk.store\/sv\/produkt\/truusk-kattvaska-och-hundvagn-vikbar-med-regnskydd-natventiler-kudde-forvaringskorg-for-hundar-och-katter-upp-till-10\/\" \/>\n<meta property=\"og:site_name\" content=\"TRUUSK - Hem, Tr\u00e4dg\u00e5rd &amp; Fritid\" \/>\n<meta property=\"article:modified_time\" content=\"2026-03-15T10:44:13+00:00\" \/>\n<meta property=\"og:image\" content=\"https:\/\/truusk.store\/wp-content\/uploads\/2026\/03\/hantelset-4-par-korta-hantlar-med-forvaringsstall-halkfria-handtag-1-4-kg-hexagon-1.webp\" \/>\n\t<meta property=\"og:image:width\" content=\"2000\" \/>\n\t<meta property=\"og:image:height\" content=\"2000\" \/>\n\t<meta property=\"og:image:type\" content=\"image\/webp\" \/>\n<meta name=\"twitter:card\" content=\"summary_large_image\" \/>\n<meta name=\"twitter:label1\" content=\"Ber\u00e4knad l\u00e4stid\" \/>\n\t<meta name=\"twitter:data1\" content=\"2 minuter\" \/>\n<!-- \/ Yoast SEO plugin. -->","yoast_head_json":{"title":"TRUUSK Kattv\u00e4ska och Hundvagn - Vikbar med Regnskydd - N\u00e4tventiler - Kudde - F\u00f6rvaringskorg - F\u00f6r Hundar och Katter upp till 10 - TRUUSK - Hem, Tr\u00e4dg\u00e5rd &amp; Fritid","robots":{"index":"index","follow":"follow","max-snippet":"max-snippet:-1","max-image-preview":"max-image-preview:large","max-video-preview":"max-video-preview:-1"},"canonical":"https:\/\/truusk.store\/sv\/produkt\/truusk-kattvaska-och-hundvagn-vikbar-med-regnskydd-natventiler-kudde-forvaringskorg-for-hundar-och-katter-upp-till-10\/","og_locale":"sv_SE","og_type":"article","og_title":"TRUUSK Kattv\u00e4ska och Hundvagn - Vikbar med Regnskydd - N\u00e4tventiler - Kudde - F\u00f6rvaringskorg - F\u00f6r Hundar och Katter upp till 10 - TRUUSK - Hem, Tr\u00e4dg\u00e5rd &amp; Fritid","og_description":"Create variety in your workout routine and focus on building muscle. The [BRAND NAME] dumbbell set includes two 4kg, two...","og_url":"https:\/\/truusk.store\/sv\/produkt\/truusk-kattvaska-och-hundvagn-vikbar-med-regnskydd-natventiler-kudde-forvaringskorg-for-hundar-och-katter-upp-till-10\/","og_site_name":"TRUUSK - Hem, Tr\u00e4dg\u00e5rd &amp; Fritid","article_modified_time":"2026-03-15T10:44:13+00:00","og_image":[{"width":2000,"height":2000,"url":"https:\/\/truusk.store\/wp-content\/uploads\/2026\/03\/hantelset-4-par-korta-hantlar-med-forvaringsstall-halkfria-handtag-1-4-kg-hexagon-1.webp","type":"image\/webp"}],"twitter_card":"summary_large_image","twitter_misc":{"Ber\u00e4knad l\u00e4stid":"2 minuter"},"schema":{"@context":"https:\/\/schema.org","@graph":[{"@type":"WebPage","@id":"https:\/\/truusk.store\/sv\/produkt\/truusk-kattvaska-och-hundvagn-vikbar-med-regnskydd-natventiler-kudde-forvaringskorg-for-hundar-och-katter-upp-till-10\/","url":"https:\/\/truusk.store\/sv\/produkt\/truusk-kattvaska-och-hundvagn-vikbar-med-regnskydd-natventiler-kudde-forvaringskorg-for-hundar-och-katter-upp-till-10\/","name":"TRUUSK Kattv\u00e4ska och Hundvagn - Vikbar med Regnskydd - N\u00e4tventiler - Kudde - F\u00f6rvaringskorg - F\u00f6r Hundar och Katter upp till 10 - TRUUSK - Hem, Tr\u00e4dg\u00e5rd &amp; Fritid","isPartOf":{"@id":"https:\/\/truusk.store\/sv\/#website"},"primaryImageOfPage":{"@id":"https:\/\/truusk.store\/sv\/produkt\/truusk-kattvaska-och-hundvagn-vikbar-med-regnskydd-natventiler-kudde-forvaringskorg-for-hundar-och-katter-upp-till-10\/#primaryimage"},"image":{"@id":"https:\/\/truusk.store\/sv\/produkt\/truusk-kattvaska-och-hundvagn-vikbar-med-regnskydd-natventiler-kudde-forvaringskorg-for-hundar-och-katter-upp-till-10\/#primaryimage"},"thumbnailUrl":"https:\/\/i0.wp.com\/truusk.store\/wp-content\/uploads\/2026\/03\/hantelset-4-par-korta-hantlar-med-forvaringsstall-halkfria-handtag-1-4-kg-hexagon-1.webp?fit=2000%2C2000&ssl=1","datePublished":"2026-03-11T14:22:01+00:00","dateModified":"2026-03-15T10:44:13+00:00","breadcrumb":{"@id":"https:\/\/truusk.store\/sv\/produkt\/truusk-kattvaska-och-hundvagn-vikbar-med-regnskydd-natventiler-kudde-forvaringskorg-for-hundar-och-katter-upp-till-10\/#breadcrumb"},"inLanguage":"sv-SE","potentialAction":[{"@type":"ReadAction","target":["https:\/\/truusk.store\/sv\/produkt\/truusk-kattvaska-och-hundvagn-vikbar-med-regnskydd-natventiler-kudde-forvaringskorg-for-hundar-och-katter-upp-till-10\/"]}]},{"@type":"ImageObject","inLanguage":"sv-SE","@id":"https:\/\/truusk.store\/sv\/produkt\/truusk-kattvaska-och-hundvagn-vikbar-med-regnskydd-natventiler-kudde-forvaringskorg-for-hundar-och-katter-upp-till-10\/#primaryimage","url":"https:\/\/i0.wp.com\/truusk.store\/wp-content\/uploads\/2026\/03\/hantelset-4-par-korta-hantlar-med-forvaringsstall-halkfria-handtag-1-4-kg-hexagon-1.webp?fit=2000%2C2000&ssl=1","contentUrl":"https:\/\/i0.wp.com\/truusk.store\/wp-content\/uploads\/2026\/03\/hantelset-4-par-korta-hantlar-med-forvaringsstall-halkfria-handtag-1-4-kg-hexagon-1.webp?fit=2000%2C2000&ssl=1","width":2000,"height":2000},{"@type":"BreadcrumbList","@id":"https:\/\/truusk.store\/sv\/produkt\/truusk-kattvaska-och-hundvagn-vikbar-med-regnskydd-natventiler-kudde-forvaringskorg-for-hundar-och-katter-upp-till-10\/#breadcrumb","itemListElement":[{"@type":"ListItem","position":1,"name":"Home","item":"https:\/\/truusk.store\/sv\/"},{"@type":"ListItem","position":2,"name":"Shop","item":"https:\/\/truusk.store\/shop\/"},{"@type":"ListItem","position":3,"name":"TRUUSK Kattv\u00e4ska och Hundvagn &#8211; Vikbar med Regnskydd &#8211; N\u00e4tventiler &#8211; Kudde &#8211; F\u00f6rvaringskorg &#8211; F\u00f6r Hundar och Katter upp till 10"}]},{"@type":"WebSite","@id":"https:\/\/truusk.store\/sv\/#website","url":"https:\/\/truusk.store\/sv\/","name":"TRUUSK - Hem, Tr\u00e4dg\u00e5rd & Fritid","description":"","publisher":{"@id":"https:\/\/truusk.store\/sv\/#organization"},"potentialAction":[{"@type":"SearchAction","target":{"@type":"EntryPoint","urlTemplate":"https:\/\/truusk.store\/sv\/?s={search_term_string}"},"query-input":{"@type":"PropertyValueSpecification","valueRequired":true,"valueName":"search_term_string"}}],"inLanguage":"sv-SE"},{"@type":"Organization","@id":"https:\/\/truusk.store\/sv\/#organization","name":"TRUUSK - Hem, Tr\u00e4dg\u00e5rd & Fritid","url":"https:\/\/truusk.store\/sv\/","logo":{"@type":"ImageObject","inLanguage":"sv-SE","@id":"https:\/\/truusk.store\/sv\/#\/schema\/logo\/image\/","url":"https:\/\/i0.wp.com\/truusk.store\/wp-content\/uploads\/2026\/03\/cropped-TRUUSK.png?fit=2032%2C917&ssl=1","contentUrl":"https:\/\/i0.wp.com\/truusk.store\/wp-content\/uploads\/2026\/03\/cropped-TRUUSK.png?fit=2032%2C917&ssl=1","width":2032,"height":917,"caption":"TRUUSK - Hem, Tr\u00e4dg\u00e5rd & Fritid"},"image":{"@id":"https:\/\/truusk.store\/sv\/#\/schema\/logo\/image\/"}}]}},"jetpack_sharing_enabled":true,"_links":{"self":[{"href":"https:\/\/truusk.store\/sv\/wp-json\/wp\/v2\/product\/109155","targetHints":{"allow":["GET"]}}],"collection":[{"href":"https:\/\/truusk.store\/sv\/wp-json\/wp\/v2\/product"}],"about":[{"href":"https:\/\/truusk.store\/sv\/wp-json\/wp\/v2\/types\/product"}],"wp:featuredmedia":[{"embeddable":true,"href":"https:\/\/truusk.store\/sv\/wp-json\/wp\/v2\/media\/109143"}],"wp:attachment":[{"href":"https:\/\/truusk.store\/sv\/wp-json\/wp\/v2\/media?parent=109155"}],"wp:term":[{"taxonomy":"product_brand","embeddable":true,"href":"https:\/\/truusk.store\/sv\/wp-json\/wp\/v2\/product_brand?post=109155"},{"taxonomy":"product_cat","embeddable":true,"href":"https:\/\/truusk.store\/sv\/wp-json\/wp\/v2\/product_cat?post=109155"},{"taxonomy":"product_tag","embeddable":true,"href":"https:\/\/truusk.store\/sv\/wp-json\/wp\/v2\/product_tag?post=109155"}],"curies":[{"name":"wp","href":"https:\/\/api.w.org\/{rel}","templated":true}]}}