{"id":109172,"date":"2026-03-11T15:23:52","date_gmt":"2026-03-11T14:23:52","guid":{"rendered":"https:\/\/truusk.store\/product\/4-skivig-brodrost-med-7-brodningsnivaer-high-lift-varma-upp-tina-avbryta-1860w-svart-med-bikakestruktur\/"},"modified":"2026-03-15T16:48:03","modified_gmt":"2026-03-15T15:48:03","slug":"truusk-4-skivig-brodrost-7-brodningsnivaer-high-lift-varma-upp-tina-avbryta-1860w-svart-med-bikakestruktur","status":"publish","type":"product","link":"https:\/\/truusk.store\/sv\/produkt\/truusk-4-skivig-brodrost-7-brodningsnivaer-high-lift-varma-upp-tina-avbryta-1860w-svart-med-bikakestruktur\/","title":{"rendered":"TRUUSK 4-skivig Br\u00f6drost &#8211; 7 Br\u00f6dningsniv\u00e5er &#8211; High-Lift &#8211; V\u00e4rma Upp\/Tina\/Avbryta &#8211; 1860W &#8211; Svart Med Bikakestruktur"},"content":{"rendered":"<p>B\u00f6rja din dag med l\u00e4cker toast och modern stil &#8211; tack vare denna [BRAND NAME]-br\u00f6drost f\u00f6r fyra skivor. Biredesignen p\u00e5 4-skivs br\u00f6drosten \u00e4r en stilfull blickf\u00e5ngare. Med sju rostningsniv\u00e5er, automatisk centrerings- och avst\u00e4ngningsfunktion, f\u00e5r du perfekt toast utan att br\u00e4nna. En avtagbar smulbricka underl\u00e4ttar reng\u00f6ringen.<\/p>\n<p>Beskrivning:<\/p>\n<ul>\n<li>Slimmad, vacker biredesign som ser fantastisk ut p\u00e5 ditt k\u00f6ksb\u00e4nk<\/li>\n<li>Uppv\u00e4rmnings-, upptinings- och avbrytningsfunktion med sju rostningsniv\u00e5er: Njut av din toast precis som du vill ha den<\/li>\n<li>H\u00f6gh\u00f6jdsdesign f\u00f6r enkel borttagning av sm\u00e5 br\u00f6dskivor<\/li>\n<li>Automatisk br\u00f6dcentrering f\u00f6r j\u00e4mn rostning<\/li>\n<li>Automatisk avst\u00e4ngning f\u00f6rhindrar olyckor med fastkl\u00e4mt eller br\u00e4nt br\u00f6d<\/li>\n<li>Avtagbar smulbricka f\u00f6r enkel reng\u00f6ring<\/li>\n<li>Fyra sp\u00e5r f\u00f6r en stor m\u00e4ngd toast<\/li>\n<li>Levereras med energisparande ERP-certifiering, ingen montering kr\u00e4vs<\/li>\n<\/ul>\n<p>Tekniska specifikationer:<\/p>\n<ul>\n<li>F\u00e4rg: Svart<\/li>\n<li>Material: Plast, st\u00e5l<\/li>\n<li>Totala dimensioner: 29,3L x 27,6B x 18,9H cm<\/li>\n<li>Storlek p\u00e5 varje fack: 13,5L x 3,5B x 13,5H cm<\/li>\n<li>Ing\u00e5ng: 220-240V 50\/60Hz<\/li>\n<li>Utg\u00e5ng: 1560-1860W 7,8A<\/li>\n<li>Kabell\u00e4ngd: 0,7 m<\/li>\n<\/ul>\n<p>Leveransinneh\u00e5ll:<\/p>\n<ul>\n<li>1 x Br\u00f6drost<\/li>\n<li>1 x Instruktioner<\/li>\n<\/ul>\n","protected":false},"excerpt":{"rendered":"<p>B\u00f6rja din dag med l\u00e4cker toast och modern stil &#8211; tack vare denna [BRAND NAME]-br\u00f6drost f\u00f6r fyra skivor. Biredesignen p\u00e5&#8230;<\/p>\n","protected":false},"featured_media":109163,"template":"","meta":[],"product_brand":[],"product_cat":[871,498,933,1074],"product_tag":[],"class_list":{"0":"post-109172","1":"product","2":"type-product","3":"status-publish","4":"has-post-thumbnail","6":"product_cat-hus-hem","7":"product_cat-hushallsapparater","8":"product_cat-koksapparater","9":"product_cat-wasserkocher-toaster-sets","11":"first","12":"instock","13":"sale","14":"taxable","15":"shipping-taxable","16":"purchasable","17":"product-type-simple"},"yoast_head":"<!-- This site is optimized with the Yoast SEO plugin v25.4 - https:\/\/yoast.com\/wordpress\/plugins\/seo\/ -->\n<title>TRUUSK 4-skivig Br\u00f6drost - 7 Br\u00f6dningsniv\u00e5er - High-Lift - V\u00e4rma Upp\/Tina\/Avbryta - 1860W - Svart Med Bikakestruktur - TRUUSK - Hem, Tr\u00e4dg\u00e5rd &amp; Fritid<\/title>\n<meta name=\"robots\" content=\"index, follow, max-snippet:-1, max-image-preview:large, max-video-preview:-1\" \/>\n<link rel=\"canonical\" href=\"https:\/\/truusk.store\/sv\/produkt\/truusk-4-skivig-brodrost-7-brodningsnivaer-high-lift-varma-upp-tina-avbryta-1860w-svart-med-bikakestruktur\/\" \/>\n<meta property=\"og:locale\" content=\"sv_SE\" \/>\n<meta property=\"og:type\" content=\"article\" \/>\n<meta property=\"og:title\" content=\"TRUUSK 4-skivig Br\u00f6drost - 7 Br\u00f6dningsniv\u00e5er - High-Lift - V\u00e4rma Upp\/Tina\/Avbryta - 1860W - Svart Med Bikakestruktur - TRUUSK - Hem, Tr\u00e4dg\u00e5rd &amp; Fritid\" \/>\n<meta property=\"og:description\" content=\"B\u00f6rja din dag med l\u00e4cker toast och modern stil &#8211; tack vare denna [BRAND NAME]-br\u00f6drost f\u00f6r fyra skivor. Biredesignen p\u00e5...\" \/>\n<meta property=\"og:url\" content=\"https:\/\/truusk.store\/sv\/produkt\/truusk-4-skivig-brodrost-7-brodningsnivaer-high-lift-varma-upp-tina-avbryta-1860w-svart-med-bikakestruktur\/\" \/>\n<meta property=\"og:site_name\" content=\"TRUUSK - Hem, Tr\u00e4dg\u00e5rd &amp; Fritid\" \/>\n<meta property=\"article:modified_time\" content=\"2026-03-15T15:48:03+00:00\" \/>\n<meta property=\"og:image\" content=\"https:\/\/truusk.store\/wp-content\/uploads\/2026\/03\/4-skivig-brodrost-med-7-brodningsnivaer-high-lift-varma-upp-tina-avbryta-1860w-svart-med-bikakestruktur-1.webp\" \/>\n\t<meta property=\"og:image:width\" content=\"2000\" \/>\n\t<meta property=\"og:image:height\" content=\"2000\" \/>\n\t<meta property=\"og:image:type\" content=\"image\/webp\" \/>\n<meta name=\"twitter:card\" content=\"summary_large_image\" \/>\n<meta name=\"twitter:label1\" content=\"Ber\u00e4knad l\u00e4stid\" \/>\n\t<meta name=\"twitter:data1\" content=\"1 minut\" \/>\n<!-- \/ Yoast SEO plugin. -->","yoast_head_json":{"title":"TRUUSK 4-skivig Br\u00f6drost - 7 Br\u00f6dningsniv\u00e5er - High-Lift - V\u00e4rma Upp\/Tina\/Avbryta - 1860W - Svart Med Bikakestruktur - TRUUSK - Hem, Tr\u00e4dg\u00e5rd &amp; Fritid","robots":{"index":"index","follow":"follow","max-snippet":"max-snippet:-1","max-image-preview":"max-image-preview:large","max-video-preview":"max-video-preview:-1"},"canonical":"https:\/\/truusk.store\/sv\/produkt\/truusk-4-skivig-brodrost-7-brodningsnivaer-high-lift-varma-upp-tina-avbryta-1860w-svart-med-bikakestruktur\/","og_locale":"sv_SE","og_type":"article","og_title":"TRUUSK 4-skivig Br\u00f6drost - 7 Br\u00f6dningsniv\u00e5er - High-Lift - V\u00e4rma Upp\/Tina\/Avbryta - 1860W - Svart Med Bikakestruktur - TRUUSK - Hem, Tr\u00e4dg\u00e5rd &amp; Fritid","og_description":"B\u00f6rja din dag med l\u00e4cker toast och modern stil &#8211; tack vare denna [BRAND NAME]-br\u00f6drost f\u00f6r fyra skivor. Biredesignen p\u00e5...","og_url":"https:\/\/truusk.store\/sv\/produkt\/truusk-4-skivig-brodrost-7-brodningsnivaer-high-lift-varma-upp-tina-avbryta-1860w-svart-med-bikakestruktur\/","og_site_name":"TRUUSK - Hem, Tr\u00e4dg\u00e5rd &amp; Fritid","article_modified_time":"2026-03-15T15:48:03+00:00","og_image":[{"width":2000,"height":2000,"url":"https:\/\/truusk.store\/wp-content\/uploads\/2026\/03\/4-skivig-brodrost-med-7-brodningsnivaer-high-lift-varma-upp-tina-avbryta-1860w-svart-med-bikakestruktur-1.webp","type":"image\/webp"}],"twitter_card":"summary_large_image","twitter_misc":{"Ber\u00e4knad l\u00e4stid":"1 minut"},"schema":{"@context":"https:\/\/schema.org","@graph":[{"@type":"WebPage","@id":"https:\/\/truusk.store\/sv\/produkt\/truusk-4-skivig-brodrost-7-brodningsnivaer-high-lift-varma-upp-tina-avbryta-1860w-svart-med-bikakestruktur\/","url":"https:\/\/truusk.store\/sv\/produkt\/truusk-4-skivig-brodrost-7-brodningsnivaer-high-lift-varma-upp-tina-avbryta-1860w-svart-med-bikakestruktur\/","name":"TRUUSK 4-skivig Br\u00f6drost - 7 Br\u00f6dningsniv\u00e5er - High-Lift - V\u00e4rma Upp\/Tina\/Avbryta - 1860W - Svart Med Bikakestruktur - TRUUSK - Hem, Tr\u00e4dg\u00e5rd &amp; Fritid","isPartOf":{"@id":"https:\/\/truusk.store\/sv\/#website"},"primaryImageOfPage":{"@id":"https:\/\/truusk.store\/sv\/produkt\/truusk-4-skivig-brodrost-7-brodningsnivaer-high-lift-varma-upp-tina-avbryta-1860w-svart-med-bikakestruktur\/#primaryimage"},"image":{"@id":"https:\/\/truusk.store\/sv\/produkt\/truusk-4-skivig-brodrost-7-brodningsnivaer-high-lift-varma-upp-tina-avbryta-1860w-svart-med-bikakestruktur\/#primaryimage"},"thumbnailUrl":"https:\/\/i0.wp.com\/truusk.store\/wp-content\/uploads\/2026\/03\/4-skivig-brodrost-med-7-brodningsnivaer-high-lift-varma-upp-tina-avbryta-1860w-svart-med-bikakestruktur-1.webp?fit=2000%2C2000&ssl=1","datePublished":"2026-03-11T14:23:52+00:00","dateModified":"2026-03-15T15:48:03+00:00","breadcrumb":{"@id":"https:\/\/truusk.store\/sv\/produkt\/truusk-4-skivig-brodrost-7-brodningsnivaer-high-lift-varma-upp-tina-avbryta-1860w-svart-med-bikakestruktur\/#breadcrumb"},"inLanguage":"sv-SE","potentialAction":[{"@type":"ReadAction","target":["https:\/\/truusk.store\/sv\/produkt\/truusk-4-skivig-brodrost-7-brodningsnivaer-high-lift-varma-upp-tina-avbryta-1860w-svart-med-bikakestruktur\/"]}]},{"@type":"ImageObject","inLanguage":"sv-SE","@id":"https:\/\/truusk.store\/sv\/produkt\/truusk-4-skivig-brodrost-7-brodningsnivaer-high-lift-varma-upp-tina-avbryta-1860w-svart-med-bikakestruktur\/#primaryimage","url":"https:\/\/i0.wp.com\/truusk.store\/wp-content\/uploads\/2026\/03\/4-skivig-brodrost-med-7-brodningsnivaer-high-lift-varma-upp-tina-avbryta-1860w-svart-med-bikakestruktur-1.webp?fit=2000%2C2000&ssl=1","contentUrl":"https:\/\/i0.wp.com\/truusk.store\/wp-content\/uploads\/2026\/03\/4-skivig-brodrost-med-7-brodningsnivaer-high-lift-varma-upp-tina-avbryta-1860w-svart-med-bikakestruktur-1.webp?fit=2000%2C2000&ssl=1","width":2000,"height":2000},{"@type":"BreadcrumbList","@id":"https:\/\/truusk.store\/sv\/produkt\/truusk-4-skivig-brodrost-7-brodningsnivaer-high-lift-varma-upp-tina-avbryta-1860w-svart-med-bikakestruktur\/#breadcrumb","itemListElement":[{"@type":"ListItem","position":1,"name":"Home","item":"https:\/\/truusk.store\/sv\/"},{"@type":"ListItem","position":2,"name":"Shop","item":"https:\/\/truusk.store\/shop\/"},{"@type":"ListItem","position":3,"name":"TRUUSK 4-skivig Br\u00f6drost &#8211; 7 Br\u00f6dningsniv\u00e5er &#8211; High-Lift &#8211; V\u00e4rma Upp\/Tina\/Avbryta &#8211; 1860W &#8211; Svart Med Bikakestruktur"}]},{"@type":"WebSite","@id":"https:\/\/truusk.store\/sv\/#website","url":"https:\/\/truusk.store\/sv\/","name":"TRUUSK - Hem, Tr\u00e4dg\u00e5rd & Fritid","description":"","publisher":{"@id":"https:\/\/truusk.store\/sv\/#organization"},"potentialAction":[{"@type":"SearchAction","target":{"@type":"EntryPoint","urlTemplate":"https:\/\/truusk.store\/sv\/?s={search_term_string}"},"query-input":{"@type":"PropertyValueSpecification","valueRequired":true,"valueName":"search_term_string"}}],"inLanguage":"sv-SE"},{"@type":"Organization","@id":"https:\/\/truusk.store\/sv\/#organization","name":"TRUUSK - Hem, Tr\u00e4dg\u00e5rd & Fritid","url":"https:\/\/truusk.store\/sv\/","logo":{"@type":"ImageObject","inLanguage":"sv-SE","@id":"https:\/\/truusk.store\/sv\/#\/schema\/logo\/image\/","url":"https:\/\/i0.wp.com\/truusk.store\/wp-content\/uploads\/2026\/03\/cropped-TRUUSK.png?fit=2032%2C917&ssl=1","contentUrl":"https:\/\/i0.wp.com\/truusk.store\/wp-content\/uploads\/2026\/03\/cropped-TRUUSK.png?fit=2032%2C917&ssl=1","width":2032,"height":917,"caption":"TRUUSK - Hem, Tr\u00e4dg\u00e5rd & Fritid"},"image":{"@id":"https:\/\/truusk.store\/sv\/#\/schema\/logo\/image\/"}}]}},"jetpack_sharing_enabled":true,"_links":{"self":[{"href":"https:\/\/truusk.store\/sv\/wp-json\/wp\/v2\/product\/109172","targetHints":{"allow":["GET"]}}],"collection":[{"href":"https:\/\/truusk.store\/sv\/wp-json\/wp\/v2\/product"}],"about":[{"href":"https:\/\/truusk.store\/sv\/wp-json\/wp\/v2\/types\/product"}],"wp:featuredmedia":[{"embeddable":true,"href":"https:\/\/truusk.store\/sv\/wp-json\/wp\/v2\/media\/109163"}],"wp:attachment":[{"href":"https:\/\/truusk.store\/sv\/wp-json\/wp\/v2\/media?parent=109172"}],"wp:term":[{"taxonomy":"product_brand","embeddable":true,"href":"https:\/\/truusk.store\/sv\/wp-json\/wp\/v2\/product_brand?post=109172"},{"taxonomy":"product_cat","embeddable":true,"href":"https:\/\/truusk.store\/sv\/wp-json\/wp\/v2\/product_cat?post=109172"},{"taxonomy":"product_tag","embeddable":true,"href":"https:\/\/truusk.store\/sv\/wp-json\/wp\/v2\/product_tag?post=109172"}],"curies":[{"name":"wp","href":"https:\/\/api.w.org\/{rel}","templated":true}]}}