{"id":11008,"date":"2024-02-13T10:31:15","date_gmt":"2024-02-13T09:31:15","guid":{"rendered":"https:\/\/truusk.store\/product\/vaxthusfolie-vaxthusvaxthusvaxthusfolie-245x200x200-cm\/"},"modified":"2026-03-12T08:57:23","modified_gmt":"2026-03-12T07:57:23","slug":"truusk-vaxthusfolie-uv-skyddad-plast-245x200x200-cm-perfekt-for-din-tradgard-transparent-hallbar-latt-att-installera","status":"publish","type":"product","link":"https:\/\/truusk.store\/sv\/produkt\/truusk-vaxthusfolie-uv-skyddad-plast-245x200x200-cm-perfekt-for-din-tradgard-transparent-hallbar-latt-att-installera\/","title":{"rendered":"TRUUSK V\u00e4xthusfolie &#8211; UV-skyddad plast &#8211; 245x200x200 cm &#8211; Perfekt f\u00f6r din tr\u00e4dg\u00e5rd &#8211; Transparent &#8211; H\u00e5llbar &#8211; L\u00e4tt att installera"},"content":{"rendered":"<p>Skydda dina favoritv\u00e4xter fr\u00e5n kyla och f\u00e5glar \u00e5ret runt med detta stora foliev\u00e4xthus. V\u00e4xthuset erbjuder gott om plats f\u00f6r en m\u00e4ngd olika v\u00e4xter och hj\u00e4lper dig att skapa de idealiska v\u00e4xtf\u00f6rh\u00e5llandena. Utrustad med en stadig metallram och ett robust folieskydd lagrar den v\u00e4rme och fukt och skyddar mot v\u00e4der och vind. Upprullbara f\u00f6nster hj\u00e4lper ocks\u00e5 till att specifikt reglera innertemperaturen och lufttillf\u00f6rseln.<\/p>\n<h3>Beskrivning:<\/h3>\n<ul>\n<li>Filmv\u00e4xthus f\u00f6r en m\u00e4ngd olika v\u00e4xter<\/li>\n<li>Idealisk f\u00f6r s\u00e5dd, odling och odling<\/li>\n<li>Stabil ram av galvaniserade metallr\u00f6r<\/li>\n<li>Film gjord av det mest mogna, UV-best\u00e4ndiga PE-materialet (polyeten 140 g\/m)<\/li>\n<li>Best\u00e4ndig, l\u00e5ngvarig och frosts\u00e4ker film skyddar dina v\u00e4xter fr\u00e5n v\u00e4der och vind<\/li>\n<li>Stor entr\u00e9: rulld\u00f6rr med dragkedja<\/li>\n<li>Stor planteringsyta<\/li>\n<li>Sidof\u00f6nster med myggn\u00e4t ger optimal ventilation<\/li>\n<li>L\u00e4tt att st\u00e4da<\/li>\n<li>Snabb och enkel att montera och demontera<\/li>\n<li>Tips: Folien \u00e4r 20 cm l\u00e4ngre p\u00e5 varje sida \u00e4n ramen. Kanten p\u00e5 filmen kan begravas i marken eller viktas med stenar f\u00f6r att s\u00e4kerst\u00e4lla st\u00f6rre stabilitet<\/li>\n<li>OBS: F\u00f6r att f\u00f6rl\u00e4nga livsl\u00e4ngden beh\u00f6ver du sj\u00e4lv f\u00f6rst\u00e4rka v\u00e4xthuset fr\u00e5n d\u00e5ligt v\u00e4der (vind, regn, sn\u00f6, hagel, etc.).<\/li>\n<\/ul>\n<h3>Teknisk data:<\/h3>\n<ul>\n<li>Material: PE, metallr\u00f6r<\/li>\n<li>F\u00e4rg vit<\/li>\n<li>Totalm\u00e5tt: L245 x B200 x H200 cm<\/li>\n<li>F\u00f6nster: L40 x B40 cm<\/li>\n<li>Tr storlek: L107 x B175cm<\/li>\n<\/ul>\n<h3>Leveransens omfattning:<\/h3>\n<ul>\n<li>1 x foliev\u00e4xthus<\/li>\n<li>F\u00e4stmaterial<\/li>\n<li>monteringsanvisningar<\/li>\n<\/ul>\n","protected":false},"excerpt":{"rendered":"<p>Skydda dina favoritv\u00e4xter fr\u00e5n kyla och f\u00e5glar \u00e5ret runt med detta stora foliev\u00e4xthus. V\u00e4xthuset erbjuder gott om plats f\u00f6r en&#8230;<\/p>\n","protected":false},"featured_media":11009,"template":"","meta":[],"product_brand":[],"product_cat":[444,435,443],"product_tag":[],"class_list":{"0":"post-11008","1":"product","2":"type-product","3":"status-publish","4":"has-post-thumbnail","6":"product_cat-filma-vaxthus","7":"product_cat-tradgard-och-terrass","8":"product_cat-vaxthus-tradgardsskotsel","10":"first","11":"instock","12":"sale","13":"taxable","14":"shipping-taxable","15":"purchasable","16":"product-type-simple"},"yoast_head":"<!-- This site is optimized with the Yoast SEO plugin v25.4 - https:\/\/yoast.com\/wordpress\/plugins\/seo\/ -->\n<title>TRUUSK V\u00e4xthusfolie - UV-skyddad plast - 245x200x200 cm - Perfekt f\u00f6r din tr\u00e4dg\u00e5rd - Transparent - H\u00e5llbar - L\u00e4tt att installera - TRUUSK - Hem, Tr\u00e4dg\u00e5rd &amp; Fritid<\/title>\n<meta name=\"robots\" content=\"index, follow, max-snippet:-1, max-image-preview:large, max-video-preview:-1\" \/>\n<link rel=\"canonical\" href=\"https:\/\/truusk.store\/sv\/produkt\/truusk-vaxthusfolie-uv-skyddad-plast-245x200x200-cm-perfekt-for-din-tradgard-transparent-hallbar-latt-att-installera\/\" \/>\n<meta property=\"og:locale\" content=\"sv_SE\" \/>\n<meta property=\"og:type\" content=\"article\" \/>\n<meta property=\"og:title\" content=\"TRUUSK V\u00e4xthusfolie - UV-skyddad plast - 245x200x200 cm - Perfekt f\u00f6r din tr\u00e4dg\u00e5rd - Transparent - H\u00e5llbar - L\u00e4tt att installera - TRUUSK - Hem, Tr\u00e4dg\u00e5rd &amp; Fritid\" \/>\n<meta property=\"og:description\" content=\"Skydda dina favoritv\u00e4xter fr\u00e5n kyla och f\u00e5glar \u00e5ret runt med detta stora foliev\u00e4xthus. V\u00e4xthuset erbjuder gott om plats f\u00f6r en...\" \/>\n<meta property=\"og:url\" content=\"https:\/\/truusk.store\/sv\/produkt\/truusk-vaxthusfolie-uv-skyddad-plast-245x200x200-cm-perfekt-for-din-tradgard-transparent-hallbar-latt-att-installera\/\" \/>\n<meta property=\"og:site_name\" content=\"TRUUSK - Hem, Tr\u00e4dg\u00e5rd &amp; Fritid\" \/>\n<meta property=\"article:modified_time\" content=\"2026-03-12T07:57:23+00:00\" \/>\n<meta property=\"og:image\" content=\"https:\/\/i0.wp.com\/truusk.se\/wp-content\/uploads\/2024\/02\/vaxthusfolie-vaxthusvaxthusvaxthusfolie-245x200x200-cm.webp?fit=800%2C800&ssl=1\" \/>\n\t<meta property=\"og:image:width\" content=\"800\" \/>\n\t<meta property=\"og:image:height\" content=\"800\" \/>\n\t<meta property=\"og:image:type\" content=\"image\/webp\" \/>\n<meta name=\"twitter:card\" content=\"summary_large_image\" \/>\n<meta name=\"twitter:label1\" content=\"Ber\u00e4knad l\u00e4stid\" \/>\n\t<meta name=\"twitter:data1\" content=\"1 minut\" \/>\n<!-- \/ Yoast SEO plugin. -->","yoast_head_json":{"title":"TRUUSK V\u00e4xthusfolie - UV-skyddad plast - 245x200x200 cm - Perfekt f\u00f6r din tr\u00e4dg\u00e5rd - Transparent - H\u00e5llbar - L\u00e4tt att installera - TRUUSK - Hem, Tr\u00e4dg\u00e5rd &amp; Fritid","robots":{"index":"index","follow":"follow","max-snippet":"max-snippet:-1","max-image-preview":"max-image-preview:large","max-video-preview":"max-video-preview:-1"},"canonical":"https:\/\/truusk.store\/sv\/produkt\/truusk-vaxthusfolie-uv-skyddad-plast-245x200x200-cm-perfekt-for-din-tradgard-transparent-hallbar-latt-att-installera\/","og_locale":"sv_SE","og_type":"article","og_title":"TRUUSK V\u00e4xthusfolie - UV-skyddad plast - 245x200x200 cm - Perfekt f\u00f6r din tr\u00e4dg\u00e5rd - Transparent - H\u00e5llbar - L\u00e4tt att installera - TRUUSK - Hem, Tr\u00e4dg\u00e5rd &amp; Fritid","og_description":"Skydda dina favoritv\u00e4xter fr\u00e5n kyla och f\u00e5glar \u00e5ret runt med detta stora foliev\u00e4xthus. V\u00e4xthuset erbjuder gott om plats f\u00f6r en...","og_url":"https:\/\/truusk.store\/sv\/produkt\/truusk-vaxthusfolie-uv-skyddad-plast-245x200x200-cm-perfekt-for-din-tradgard-transparent-hallbar-latt-att-installera\/","og_site_name":"TRUUSK - Hem, Tr\u00e4dg\u00e5rd &amp; Fritid","article_modified_time":"2026-03-12T07:57:23+00:00","og_image":[{"width":800,"height":800,"url":"https:\/\/i0.wp.com\/truusk.se\/wp-content\/uploads\/2024\/02\/vaxthusfolie-vaxthusvaxthusvaxthusfolie-245x200x200-cm.webp?fit=800%2C800&ssl=1","type":"image\/webp"}],"twitter_card":"summary_large_image","twitter_misc":{"Ber\u00e4knad l\u00e4stid":"1 minut"},"schema":{"@context":"https:\/\/schema.org","@graph":[{"@type":"WebPage","@id":"https:\/\/truusk.store\/sv\/produkt\/truusk-vaxthusfolie-uv-skyddad-plast-245x200x200-cm-perfekt-for-din-tradgard-transparent-hallbar-latt-att-installera\/","url":"https:\/\/truusk.store\/sv\/produkt\/truusk-vaxthusfolie-uv-skyddad-plast-245x200x200-cm-perfekt-for-din-tradgard-transparent-hallbar-latt-att-installera\/","name":"TRUUSK V\u00e4xthusfolie - UV-skyddad plast - 245x200x200 cm - Perfekt f\u00f6r din tr\u00e4dg\u00e5rd - Transparent - H\u00e5llbar - L\u00e4tt att installera - TRUUSK - Hem, Tr\u00e4dg\u00e5rd &amp; Fritid","isPartOf":{"@id":"https:\/\/truusk.store\/sv\/#website"},"primaryImageOfPage":{"@id":"https:\/\/truusk.store\/sv\/produkt\/truusk-vaxthusfolie-uv-skyddad-plast-245x200x200-cm-perfekt-for-din-tradgard-transparent-hallbar-latt-att-installera\/#primaryimage"},"image":{"@id":"https:\/\/truusk.store\/sv\/produkt\/truusk-vaxthusfolie-uv-skyddad-plast-245x200x200-cm-perfekt-for-din-tradgard-transparent-hallbar-latt-att-installera\/#primaryimage"},"thumbnailUrl":"https:\/\/i0.wp.com\/truusk.store\/wp-content\/uploads\/2024\/02\/vaxthusfolie-vaxthusvaxthusvaxthusfolie-245x200x200-cm.webp?fit=800%2C800&ssl=1","datePublished":"2024-02-13T09:31:15+00:00","dateModified":"2026-03-12T07:57:23+00:00","breadcrumb":{"@id":"https:\/\/truusk.store\/sv\/produkt\/truusk-vaxthusfolie-uv-skyddad-plast-245x200x200-cm-perfekt-for-din-tradgard-transparent-hallbar-latt-att-installera\/#breadcrumb"},"inLanguage":"sv-SE","potentialAction":[{"@type":"ReadAction","target":["https:\/\/truusk.store\/sv\/produkt\/truusk-vaxthusfolie-uv-skyddad-plast-245x200x200-cm-perfekt-for-din-tradgard-transparent-hallbar-latt-att-installera\/"]}]},{"@type":"ImageObject","inLanguage":"sv-SE","@id":"https:\/\/truusk.store\/sv\/produkt\/truusk-vaxthusfolie-uv-skyddad-plast-245x200x200-cm-perfekt-for-din-tradgard-transparent-hallbar-latt-att-installera\/#primaryimage","url":"https:\/\/i0.wp.com\/truusk.store\/wp-content\/uploads\/2024\/02\/vaxthusfolie-vaxthusvaxthusvaxthusfolie-245x200x200-cm.webp?fit=800%2C800&ssl=1","contentUrl":"https:\/\/i0.wp.com\/truusk.store\/wp-content\/uploads\/2024\/02\/vaxthusfolie-vaxthusvaxthusvaxthusfolie-245x200x200-cm.webp?fit=800%2C800&ssl=1","width":800,"height":800,"caption":"V\u00e4xthusfolie V\u00e4xthusv\u00e4xthusv\u00e4xthusfolie 245x200x200 Cm 1"},{"@type":"BreadcrumbList","@id":"https:\/\/truusk.store\/sv\/produkt\/truusk-vaxthusfolie-uv-skyddad-plast-245x200x200-cm-perfekt-for-din-tradgard-transparent-hallbar-latt-att-installera\/#breadcrumb","itemListElement":[{"@type":"ListItem","position":1,"name":"Home","item":"https:\/\/truusk.store\/sv\/"},{"@type":"ListItem","position":2,"name":"Shop","item":"https:\/\/truusk.store\/shop\/"},{"@type":"ListItem","position":3,"name":"TRUUSK V\u00e4xthusfolie &#8211; UV-skyddad plast &#8211; 245x200x200 cm &#8211; Perfekt f\u00f6r din tr\u00e4dg\u00e5rd &#8211; Transparent &#8211; H\u00e5llbar &#8211; L\u00e4tt att installera"}]},{"@type":"WebSite","@id":"https:\/\/truusk.store\/sv\/#website","url":"https:\/\/truusk.store\/sv\/","name":"TRUUSK - Hem, Tr\u00e4dg\u00e5rd & Fritid","description":"","publisher":{"@id":"https:\/\/truusk.store\/sv\/#organization"},"potentialAction":[{"@type":"SearchAction","target":{"@type":"EntryPoint","urlTemplate":"https:\/\/truusk.store\/sv\/?s={search_term_string}"},"query-input":{"@type":"PropertyValueSpecification","valueRequired":true,"valueName":"search_term_string"}}],"inLanguage":"sv-SE"},{"@type":"Organization","@id":"https:\/\/truusk.store\/sv\/#organization","name":"TRUUSK - Hem, Tr\u00e4dg\u00e5rd & Fritid","url":"https:\/\/truusk.store\/sv\/","logo":{"@type":"ImageObject","inLanguage":"sv-SE","@id":"https:\/\/truusk.store\/sv\/#\/schema\/logo\/image\/","url":"https:\/\/i0.wp.com\/truusk.store\/wp-content\/uploads\/2026\/03\/cropped-TRUUSK.png?fit=2032%2C917&ssl=1","contentUrl":"https:\/\/i0.wp.com\/truusk.store\/wp-content\/uploads\/2026\/03\/cropped-TRUUSK.png?fit=2032%2C917&ssl=1","width":2032,"height":917,"caption":"TRUUSK - Hem, Tr\u00e4dg\u00e5rd & Fritid"},"image":{"@id":"https:\/\/truusk.store\/sv\/#\/schema\/logo\/image\/"}}]}},"jetpack_sharing_enabled":true,"_links":{"self":[{"href":"https:\/\/truusk.store\/sv\/wp-json\/wp\/v2\/product\/11008","targetHints":{"allow":["GET"]}}],"collection":[{"href":"https:\/\/truusk.store\/sv\/wp-json\/wp\/v2\/product"}],"about":[{"href":"https:\/\/truusk.store\/sv\/wp-json\/wp\/v2\/types\/product"}],"wp:featuredmedia":[{"embeddable":true,"href":"https:\/\/truusk.store\/sv\/wp-json\/wp\/v2\/media\/11009"}],"wp:attachment":[{"href":"https:\/\/truusk.store\/sv\/wp-json\/wp\/v2\/media?parent=11008"}],"wp:term":[{"taxonomy":"product_brand","embeddable":true,"href":"https:\/\/truusk.store\/sv\/wp-json\/wp\/v2\/product_brand?post=11008"},{"taxonomy":"product_cat","embeddable":true,"href":"https:\/\/truusk.store\/sv\/wp-json\/wp\/v2\/product_cat?post=11008"},{"taxonomy":"product_tag","embeddable":true,"href":"https:\/\/truusk.store\/sv\/wp-json\/wp\/v2\/product_tag?post=11008"}],"curies":[{"name":"wp","href":"https:\/\/api.w.org\/{rel}","templated":true}]}}