{"id":11026,"date":"2024-02-13T10:31:49","date_gmt":"2024-02-13T09:31:49","guid":{"rendered":"https:\/\/truusk.store\/product\/balkonghangbord-tradgardsbord-hojdjusterbar-fyrkantig-terrass-metall-svart-l60-x-b565-x-h45-cm\/"},"modified":"2026-03-12T08:57:23","modified_gmt":"2026-03-12T07:57:23","slug":"truusk-balkonghangbord-tradgardsbord-hojdjusterbar-fyrkantig-metall-svart-l60-x-b565-x-h45-cm","status":"publish","type":"product","link":"https:\/\/truusk.store\/sv\/produkt\/truusk-balkonghangbord-tradgardsbord-hojdjusterbar-fyrkantig-metall-svart-l60-x-b565-x-h45-cm\/","title":{"rendered":"TRUUSK Balkongh\u00e4ngbord &#8211; Tr\u00e4dg\u00e5rdsbord &#8211; H\u00f6jdjusterbar &#8211; Fyrkantig &#8211; Metall &#8211; Svart &#8211; L60 X B56,5 X H45 Cm"},"content":{"rendered":"<p>V\u00e5rt h\u00e4ngbord f\u00f6r balkong \u00e4r ett perfekt komplement till din uteplats. Ramen av pulverlackerad metall \u00e4r v\u00e4derbest\u00e4ndig och l\u00e4tt att reng\u00f6ra och ingen nederb\u00f6rd samlas p\u00e5 bordsskivan av \u00f6mt\u00e5ligt galler. Det lilla tr\u00e4dg\u00e5rdsbordet kan enkelt h\u00e4ngas p\u00e5 r\u00e4cket och justeras i bredd. Bordsskivans h\u00f6jd kan justeras i tre niv\u00e5er. P\u00e5 s\u00e5 s\u00e4tt kan du f\u00f6rvandla \u00e4ven en liten balkong till en mysig plats f\u00f6r avkopplande sommarkv\u00e4llar.<\/p>\n<h3>Beskrivning:<\/h3>\n<ul>\n<li>M\u00e5ngsidigt h\u00e4ngbord, perfekt f\u00f6r balkongen<\/li>\n<li>Stomme av robust, pulverlackerad metall, rosts\u00e4ker<\/li>\n<li>Rektangul\u00e4r bordsskiva med rundade h\u00f6rn<\/li>\n<li>L\u00e4mplig f\u00f6r r\u00e4cken 211,5 cm tjocka<\/li>\n<li>Bordsskivans h\u00f6jd kan justeras i 3 niv\u00e5er<\/li>\n<li>Enkel konstruktion<\/li>\n<\/ul>\n<h3>Teknisk data:<\/h3>\n<ul>\n<li>Material: metall<\/li>\n<li>Vikt: 4,5 kg<\/li>\n<li>Svart f\u00e4rg<\/li>\n<li>\u00d6vergripande m\u00e5tt: L60 x B56,4 x H45 cm<\/li>\n<li>Justerbar monteringsbredd: 211,5 cm<\/li>\n<li>Justerbar h\u00f6jd: 40\/45\/50 cm<\/li>\n<li>Lastkapacitet: 30 kg<\/li>\n<\/ul>\n<h3>Leveransens omfattning:<\/h3>\n<ul>\n<li>1 x balkongh\u00e4ngbord<\/li>\n<li>1 x Monteringsanvisning<\/li>\n<\/ul>\n","protected":false},"excerpt":{"rendered":"<p>V\u00e5rt h\u00e4ngbord f\u00f6r balkong \u00e4r ett perfekt komplement till din uteplats. Ramen av pulverlackerad metall \u00e4r v\u00e4derbest\u00e4ndig och l\u00e4tt att&#8230;<\/p>\n","protected":false},"featured_media":11027,"template":"","meta":[],"product_brand":[],"product_cat":[435,457,450],"product_tag":[],"class_list":{"0":"post-11026","1":"product","2":"type-product","3":"status-publish","4":"has-post-thumbnail","6":"product_cat-tradgard-och-terrass","7":"product_cat-tradgardsbord","8":"product_cat-tradgardsmobler","10":"first","11":"instock","12":"sale","13":"taxable","14":"shipping-taxable","15":"purchasable","16":"product-type-simple"},"yoast_head":"<!-- This site is optimized with the Yoast SEO plugin v25.4 - https:\/\/yoast.com\/wordpress\/plugins\/seo\/ -->\n<title>TRUUSK Balkongh\u00e4ngbord - Tr\u00e4dg\u00e5rdsbord - H\u00f6jdjusterbar - Fyrkantig - Metall - Svart - L60 X B56,5 X H45 Cm - TRUUSK - Hem, Tr\u00e4dg\u00e5rd &amp; Fritid<\/title>\n<meta name=\"robots\" content=\"index, follow, max-snippet:-1, max-image-preview:large, max-video-preview:-1\" \/>\n<link rel=\"canonical\" href=\"https:\/\/truusk.store\/sv\/produkt\/truusk-balkonghangbord-tradgardsbord-hojdjusterbar-fyrkantig-metall-svart-l60-x-b565-x-h45-cm\/\" \/>\n<meta property=\"og:locale\" content=\"sv_SE\" \/>\n<meta property=\"og:type\" content=\"article\" \/>\n<meta property=\"og:title\" content=\"TRUUSK Balkongh\u00e4ngbord - Tr\u00e4dg\u00e5rdsbord - H\u00f6jdjusterbar - Fyrkantig - Metall - Svart - L60 X B56,5 X H45 Cm - TRUUSK - Hem, Tr\u00e4dg\u00e5rd &amp; Fritid\" \/>\n<meta property=\"og:description\" content=\"V\u00e5rt h\u00e4ngbord f\u00f6r balkong \u00e4r ett perfekt komplement till din uteplats. Ramen av pulverlackerad metall \u00e4r v\u00e4derbest\u00e4ndig och l\u00e4tt att...\" \/>\n<meta property=\"og:url\" content=\"https:\/\/truusk.store\/sv\/produkt\/truusk-balkonghangbord-tradgardsbord-hojdjusterbar-fyrkantig-metall-svart-l60-x-b565-x-h45-cm\/\" \/>\n<meta property=\"og:site_name\" content=\"TRUUSK - Hem, Tr\u00e4dg\u00e5rd &amp; Fritid\" \/>\n<meta property=\"article:modified_time\" content=\"2026-03-12T07:57:23+00:00\" \/>\n<meta property=\"og:image\" content=\"https:\/\/i0.wp.com\/truusk.se\/wp-content\/uploads\/2024\/02\/balkonghangbord-tradgardsbord-hojdjusterbar-fyrkantig-terrass-metall-svart-l60-x-b565-x-h45-cm.webp?fit=800%2C800&ssl=1\" \/>\n\t<meta property=\"og:image:width\" content=\"800\" \/>\n\t<meta property=\"og:image:height\" content=\"800\" \/>\n\t<meta property=\"og:image:type\" content=\"image\/webp\" \/>\n<meta name=\"twitter:card\" content=\"summary_large_image\" \/>\n<meta name=\"twitter:label1\" content=\"Ber\u00e4knad l\u00e4stid\" \/>\n\t<meta name=\"twitter:data1\" content=\"1 minut\" \/>\n<!-- \/ Yoast SEO plugin. -->","yoast_head_json":{"title":"TRUUSK Balkongh\u00e4ngbord - Tr\u00e4dg\u00e5rdsbord - H\u00f6jdjusterbar - Fyrkantig - Metall - Svart - L60 X B56,5 X H45 Cm - TRUUSK - Hem, Tr\u00e4dg\u00e5rd &amp; Fritid","robots":{"index":"index","follow":"follow","max-snippet":"max-snippet:-1","max-image-preview":"max-image-preview:large","max-video-preview":"max-video-preview:-1"},"canonical":"https:\/\/truusk.store\/sv\/produkt\/truusk-balkonghangbord-tradgardsbord-hojdjusterbar-fyrkantig-metall-svart-l60-x-b565-x-h45-cm\/","og_locale":"sv_SE","og_type":"article","og_title":"TRUUSK Balkongh\u00e4ngbord - Tr\u00e4dg\u00e5rdsbord - H\u00f6jdjusterbar - Fyrkantig - Metall - Svart - L60 X B56,5 X H45 Cm - TRUUSK - Hem, Tr\u00e4dg\u00e5rd &amp; Fritid","og_description":"V\u00e5rt h\u00e4ngbord f\u00f6r balkong \u00e4r ett perfekt komplement till din uteplats. Ramen av pulverlackerad metall \u00e4r v\u00e4derbest\u00e4ndig och l\u00e4tt att...","og_url":"https:\/\/truusk.store\/sv\/produkt\/truusk-balkonghangbord-tradgardsbord-hojdjusterbar-fyrkantig-metall-svart-l60-x-b565-x-h45-cm\/","og_site_name":"TRUUSK - Hem, Tr\u00e4dg\u00e5rd &amp; Fritid","article_modified_time":"2026-03-12T07:57:23+00:00","og_image":[{"width":800,"height":800,"url":"https:\/\/i0.wp.com\/truusk.se\/wp-content\/uploads\/2024\/02\/balkonghangbord-tradgardsbord-hojdjusterbar-fyrkantig-terrass-metall-svart-l60-x-b565-x-h45-cm.webp?fit=800%2C800&ssl=1","type":"image\/webp"}],"twitter_card":"summary_large_image","twitter_misc":{"Ber\u00e4knad l\u00e4stid":"1 minut"},"schema":{"@context":"https:\/\/schema.org","@graph":[{"@type":"WebPage","@id":"https:\/\/truusk.store\/sv\/produkt\/truusk-balkonghangbord-tradgardsbord-hojdjusterbar-fyrkantig-metall-svart-l60-x-b565-x-h45-cm\/","url":"https:\/\/truusk.store\/sv\/produkt\/truusk-balkonghangbord-tradgardsbord-hojdjusterbar-fyrkantig-metall-svart-l60-x-b565-x-h45-cm\/","name":"TRUUSK Balkongh\u00e4ngbord - Tr\u00e4dg\u00e5rdsbord - H\u00f6jdjusterbar - Fyrkantig - Metall - Svart - L60 X B56,5 X H45 Cm - TRUUSK - Hem, Tr\u00e4dg\u00e5rd &amp; Fritid","isPartOf":{"@id":"https:\/\/truusk.store\/sv\/#website"},"primaryImageOfPage":{"@id":"https:\/\/truusk.store\/sv\/produkt\/truusk-balkonghangbord-tradgardsbord-hojdjusterbar-fyrkantig-metall-svart-l60-x-b565-x-h45-cm\/#primaryimage"},"image":{"@id":"https:\/\/truusk.store\/sv\/produkt\/truusk-balkonghangbord-tradgardsbord-hojdjusterbar-fyrkantig-metall-svart-l60-x-b565-x-h45-cm\/#primaryimage"},"thumbnailUrl":"https:\/\/i0.wp.com\/truusk.store\/wp-content\/uploads\/2024\/02\/balkonghangbord-tradgardsbord-hojdjusterbar-fyrkantig-terrass-metall-svart-l60-x-b565-x-h45-cm.webp?fit=800%2C800&ssl=1","datePublished":"2024-02-13T09:31:49+00:00","dateModified":"2026-03-12T07:57:23+00:00","breadcrumb":{"@id":"https:\/\/truusk.store\/sv\/produkt\/truusk-balkonghangbord-tradgardsbord-hojdjusterbar-fyrkantig-metall-svart-l60-x-b565-x-h45-cm\/#breadcrumb"},"inLanguage":"sv-SE","potentialAction":[{"@type":"ReadAction","target":["https:\/\/truusk.store\/sv\/produkt\/truusk-balkonghangbord-tradgardsbord-hojdjusterbar-fyrkantig-metall-svart-l60-x-b565-x-h45-cm\/"]}]},{"@type":"ImageObject","inLanguage":"sv-SE","@id":"https:\/\/truusk.store\/sv\/produkt\/truusk-balkonghangbord-tradgardsbord-hojdjusterbar-fyrkantig-metall-svart-l60-x-b565-x-h45-cm\/#primaryimage","url":"https:\/\/i0.wp.com\/truusk.store\/wp-content\/uploads\/2024\/02\/balkonghangbord-tradgardsbord-hojdjusterbar-fyrkantig-terrass-metall-svart-l60-x-b565-x-h45-cm.webp?fit=800%2C800&ssl=1","contentUrl":"https:\/\/i0.wp.com\/truusk.store\/wp-content\/uploads\/2024\/02\/balkonghangbord-tradgardsbord-hojdjusterbar-fyrkantig-terrass-metall-svart-l60-x-b565-x-h45-cm.webp?fit=800%2C800&ssl=1","width":800,"height":800,"caption":"Balkongh\u00e4ngbord Tr\u00e4dg\u00e5rdsbord H\u00f6jdjusterbar Fyrkantig Terrass Metall Svart L60 X B56,5 X H45 Cm 1"},{"@type":"BreadcrumbList","@id":"https:\/\/truusk.store\/sv\/produkt\/truusk-balkonghangbord-tradgardsbord-hojdjusterbar-fyrkantig-metall-svart-l60-x-b565-x-h45-cm\/#breadcrumb","itemListElement":[{"@type":"ListItem","position":1,"name":"Home","item":"https:\/\/truusk.store\/sv\/"},{"@type":"ListItem","position":2,"name":"Shop","item":"https:\/\/truusk.store\/shop\/"},{"@type":"ListItem","position":3,"name":"TRUUSK Balkongh\u00e4ngbord &#8211; Tr\u00e4dg\u00e5rdsbord &#8211; H\u00f6jdjusterbar &#8211; Fyrkantig &#8211; Metall &#8211; Svart &#8211; L60 X B56,5 X H45 Cm"}]},{"@type":"WebSite","@id":"https:\/\/truusk.store\/sv\/#website","url":"https:\/\/truusk.store\/sv\/","name":"TRUUSK - Hem, Tr\u00e4dg\u00e5rd & Fritid","description":"","publisher":{"@id":"https:\/\/truusk.store\/sv\/#organization"},"potentialAction":[{"@type":"SearchAction","target":{"@type":"EntryPoint","urlTemplate":"https:\/\/truusk.store\/sv\/?s={search_term_string}"},"query-input":{"@type":"PropertyValueSpecification","valueRequired":true,"valueName":"search_term_string"}}],"inLanguage":"sv-SE"},{"@type":"Organization","@id":"https:\/\/truusk.store\/sv\/#organization","name":"TRUUSK - Hem, Tr\u00e4dg\u00e5rd & Fritid","url":"https:\/\/truusk.store\/sv\/","logo":{"@type":"ImageObject","inLanguage":"sv-SE","@id":"https:\/\/truusk.store\/sv\/#\/schema\/logo\/image\/","url":"https:\/\/i0.wp.com\/truusk.store\/wp-content\/uploads\/2026\/03\/cropped-TRUUSK.png?fit=2032%2C917&ssl=1","contentUrl":"https:\/\/i0.wp.com\/truusk.store\/wp-content\/uploads\/2026\/03\/cropped-TRUUSK.png?fit=2032%2C917&ssl=1","width":2032,"height":917,"caption":"TRUUSK - Hem, Tr\u00e4dg\u00e5rd & Fritid"},"image":{"@id":"https:\/\/truusk.store\/sv\/#\/schema\/logo\/image\/"}}]}},"jetpack_sharing_enabled":true,"_links":{"self":[{"href":"https:\/\/truusk.store\/sv\/wp-json\/wp\/v2\/product\/11026","targetHints":{"allow":["GET"]}}],"collection":[{"href":"https:\/\/truusk.store\/sv\/wp-json\/wp\/v2\/product"}],"about":[{"href":"https:\/\/truusk.store\/sv\/wp-json\/wp\/v2\/types\/product"}],"wp:featuredmedia":[{"embeddable":true,"href":"https:\/\/truusk.store\/sv\/wp-json\/wp\/v2\/media\/11027"}],"wp:attachment":[{"href":"https:\/\/truusk.store\/sv\/wp-json\/wp\/v2\/media?parent=11026"}],"wp:term":[{"taxonomy":"product_brand","embeddable":true,"href":"https:\/\/truusk.store\/sv\/wp-json\/wp\/v2\/product_brand?post=11026"},{"taxonomy":"product_cat","embeddable":true,"href":"https:\/\/truusk.store\/sv\/wp-json\/wp\/v2\/product_cat?post=11026"},{"taxonomy":"product_tag","embeddable":true,"href":"https:\/\/truusk.store\/sv\/wp-json\/wp\/v2\/product_tag?post=11026"}],"curies":[{"name":"wp","href":"https:\/\/api.w.org\/{rel}","templated":true}]}}